{"id":1328,"date":"2025-01-25T23:42:48","date_gmt":"2025-01-25T20:42:48","guid":{"rendered":"https:\/\/ticaret.edu.tr\/tekstil-ve-moda-tasarimi\/?page_id=1328"},"modified":"2025-10-20T11:04:28","modified_gmt":"2025-10-20T08:04:28","slug":"ogrenci-danismanlari","status":"publish","type":"page","link":"http:\/\/ticaret.edu.tr\/tekstil-ve-moda-tasarimi\/ogrenci-danismanlari\/","title":{"rendered":"\u00d6\u011frenci Dan\u0131\u015fmanlar\u0131"},"content":{"rendered":"<p><strong>1.S\u0131n\u0131f \u00d6\u011frencileri Dan\u0131\u015fman\u0131:<\/strong>\u00a0\u00d6\u011fr. G\u00f6r. Demet YILDIZ YANIZCA<\/p>\n<p><strong>2.S\u0131n\u0131f \u00d6\u011frencileri Dan\u0131\u015fman\u0131:\u00a0<\/strong>Do\u00e7. Irmak BAYBURTLU \u00c7ET\u0130NSOY (B\u00f6l\u00fcm Ba\u015fkan\u0131)<\/p>\n<p><strong>3.S\u0131n\u0131f \u00d6\u011frencileri Dan\u0131\u015fman\u0131:<\/strong> Dr. \u00d6\u011fr. \u00dcyesi Sema Hatun T\u00dcRKER<\/p>\n<p><strong>4.S\u0131n\u0131f \u00d6\u011frencileri Dan\u0131\u015fman\u0131: <\/strong>\u00d6\u011fr. G\u00f6r. G\u00fclay KAYGUSUZ<\/p>\n","protected":false},"excerpt":{"rendered":"<p>1.S\u0131n\u0131f \u00d6\u011frencileri Dan\u0131\u015fman\u0131:\u00a0\u00d6\u011fr. G\u00f6r. Demet YILDIZ YANIZCA 2.S\u0131n\u0131f \u00d6\u011frencileri Dan\u0131\u015fman\u0131:\u00a0Do\u00e7. Irmak BAYBURTLU \u00c7ET\u0130NSOY (B\u00f6l\u00fcm Ba\u015fkan\u0131) 3.S\u0131n\u0131f \u00d6\u011frencileri Dan\u0131\u015fman\u0131: Dr. \u00d6\u011fr. \u00dcyesi Sema Hatun T\u00dcRKER 4.S\u0131n\u0131f \u00d6\u011frencileri Dan\u0131\u015fman\u0131: \u00d6\u011fr. G\u00f6r. G\u00fclay KAYGUSUZ<\/p>\n","protected":false},"author":224,"featured_media":0,"parent":0,"menu_order":0,"comment_status":"closed","ping_status":"closed","template":"genel_sayfa.php","meta":{"footnotes":""},"yoast_head":"<!-- This site is optimized with the Yoast SEO Premium plugin v22.1 (Yoast SEO v22.1) - https:\/\/yoast.com\/wordpress\/plugins\/seo\/ -->\n<title>\u00d6\u011frenci Dan\u0131\u015fmanlar\u0131 - Tekstil ve Moda Tasar\u0131m\u0131<\/title>\n<meta name=\"robots\" content=\"index, follow, max-snippet:-1, max-image-preview:large, max-video-preview:-1\" \/>\n<link rel=\"canonical\" href=\"http:\/\/ticaret.edu.tr\/tekstil-ve-moda-tasarimi\/ogrenci-danismanlari\/\" \/>\n<meta property=\"og:locale\" content=\"tr_TR\" \/>\n<meta property=\"og:type\" content=\"article\" \/>\n<meta property=\"og:title\" content=\"\u00d6\u011frenci Dan\u0131\u015fmanlar\u0131\" \/>\n<meta property=\"og:description\" content=\"1.S\u0131n\u0131f \u00d6\u011frencileri Dan\u0131\u015fman\u0131:\u00a0\u00d6\u011fr. G\u00f6r. Demet YILDIZ YANIZCA 2.S\u0131n\u0131f \u00d6\u011frencileri Dan\u0131\u015fman\u0131:\u00a0Do\u00e7. Irmak BAYBURTLU \u00c7ET\u0130NSOY (B\u00f6l\u00fcm Ba\u015fkan\u0131) 3.S\u0131n\u0131f \u00d6\u011frencileri Dan\u0131\u015fman\u0131: Dr. \u00d6\u011fr. \u00dcyesi Sema Hatun T\u00dcRKER 4.S\u0131n\u0131f \u00d6\u011frencileri Dan\u0131\u015fman\u0131: \u00d6\u011fr. G\u00f6r. G\u00fclay KAYGUSUZ\" \/>\n<meta property=\"og:url\" content=\"http:\/\/ticaret.edu.tr\/tekstil-ve-moda-tasarimi\/ogrenci-danismanlari\/\" \/>\n<meta property=\"og:site_name\" content=\"Tekstil ve Moda Tasar\u0131m\u0131\" \/>\n<meta property=\"article:publisher\" content=\"https:\/\/www.facebook.com\/ticaretedutr\" \/>\n<meta property=\"article:modified_time\" content=\"2025-10-20T08:04:28+00:00\" \/>\n<meta property=\"og:image\" content=\"http:\/\/ticaret.edu.tr\/tekstil-ve-moda-tasarimi\/wp-content\/uploads\/sites\/26\/2021\/11\/web_logo-01.jpg\" \/>\n\t<meta property=\"og:image:width\" content=\"1250\" \/>\n\t<meta property=\"og:image:height\" content=\"833\" \/>\n\t<meta property=\"og:image:type\" content=\"image\/jpeg\" \/>\n<meta name=\"twitter:card\" content=\"summary_large_image\" \/>\n<meta name=\"twitter:site\" content=\"@ticaretedutr\" \/>\n<meta name=\"twitter:label1\" content=\"Tahmini okuma s\u00fcresi\" \/>\n\t<meta name=\"twitter:data1\" content=\"1 dakika\" \/>\n<script type=\"application\/ld+json\" class=\"yoast-schema-graph\">{\"@context\":\"https:\/\/schema.org\",\"@graph\":[{\"@type\":\"WebPage\",\"@id\":\"http:\/\/ticaret.edu.tr\/tekstil-ve-moda-tasarimi\/ogrenci-danismanlari\/\",\"url\":\"http:\/\/ticaret.edu.tr\/tekstil-ve-moda-tasarimi\/ogrenci-danismanlari\/\",\"name\":\"\u00d6\u011frenci Dan\u0131\u015fmanlar\u0131 - Tekstil ve Moda Tasar\u0131m\u0131\",\"isPartOf\":{\"@id\":\"https:\/\/ticaret.edu.tr\/tekstil-ve-moda-tasarimi\/en\/#website\"},\"datePublished\":\"2025-01-25T20:42:48+00:00\",\"dateModified\":\"2025-10-20T08:04:28+00:00\",\"breadcrumb\":{\"@id\":\"http:\/\/ticaret.edu.tr\/tekstil-ve-moda-tasarimi\/ogrenci-danismanlari\/#breadcrumb\"},\"inLanguage\":\"tr\",\"potentialAction\":[{\"@type\":\"ReadAction\",\"target\":[\"http:\/\/ticaret.edu.tr\/tekstil-ve-moda-tasarimi\/ogrenci-danismanlari\/\"]}]},{\"@type\":\"BreadcrumbList\",\"@id\":\"http:\/\/ticaret.edu.tr\/tekstil-ve-moda-tasarimi\/ogrenci-danismanlari\/#breadcrumb\",\"itemListElement\":[{\"@type\":\"ListItem\",\"position\":1,\"name\":\"Ana sayfa\",\"item\":\"http:\/\/ticaret.edu.tr\/tekstil-ve-moda-tasarimi\/\"},{\"@type\":\"ListItem\",\"position\":2,\"name\":\"\u00d6\u011frenci Dan\u0131\u015fmanlar\u0131\"}]},{\"@type\":\"WebSite\",\"@id\":\"https:\/\/ticaret.edu.tr\/tekstil-ve-moda-tasarimi\/en\/#website\",\"url\":\"https:\/\/ticaret.edu.tr\/tekstil-ve-moda-tasarimi\/en\/\",\"name\":\"Tekstil ve Moda Tasar\u0131m\u0131\",\"description\":\"\",\"potentialAction\":[{\"@type\":\"SearchAction\",\"target\":{\"@type\":\"EntryPoint\",\"urlTemplate\":\"https:\/\/ticaret.edu.tr\/tekstil-ve-moda-tasarimi\/en\/?s={search_term_string}\"},\"query-input\":\"required name=search_term_string\"}],\"inLanguage\":\"tr\"}]}<\/script>\n<!-- \/ Yoast SEO Premium plugin. -->","yoast_head_json":{"title":"\u00d6\u011frenci Dan\u0131\u015fmanlar\u0131 - Tekstil ve Moda Tasar\u0131m\u0131","robots":{"index":"index","follow":"follow","max-snippet":"max-snippet:-1","max-image-preview":"max-image-preview:large","max-video-preview":"max-video-preview:-1"},"canonical":"http:\/\/ticaret.edu.tr\/tekstil-ve-moda-tasarimi\/ogrenci-danismanlari\/","og_locale":"tr_TR","og_type":"article","og_title":"\u00d6\u011frenci Dan\u0131\u015fmanlar\u0131","og_description":"1.S\u0131n\u0131f \u00d6\u011frencileri Dan\u0131\u015fman\u0131:\u00a0\u00d6\u011fr. G\u00f6r. Demet YILDIZ YANIZCA 2.S\u0131n\u0131f \u00d6\u011frencileri Dan\u0131\u015fman\u0131:\u00a0Do\u00e7. Irmak BAYBURTLU \u00c7ET\u0130NSOY (B\u00f6l\u00fcm Ba\u015fkan\u0131) 3.S\u0131n\u0131f \u00d6\u011frencileri Dan\u0131\u015fman\u0131: Dr. \u00d6\u011fr. \u00dcyesi Sema Hatun T\u00dcRKER 4.S\u0131n\u0131f \u00d6\u011frencileri Dan\u0131\u015fman\u0131: \u00d6\u011fr. G\u00f6r. G\u00fclay KAYGUSUZ","og_url":"http:\/\/ticaret.edu.tr\/tekstil-ve-moda-tasarimi\/ogrenci-danismanlari\/","og_site_name":"Tekstil ve Moda Tasar\u0131m\u0131","article_publisher":"https:\/\/www.facebook.com\/ticaretedutr","article_modified_time":"2025-10-20T08:04:28+00:00","og_image":[{"width":1250,"height":833,"url":"http:\/\/ticaret.edu.tr\/tekstil-ve-moda-tasarimi\/wp-content\/uploads\/sites\/26\/2021\/11\/web_logo-01.jpg","type":"image\/jpeg"}],"twitter_card":"summary_large_image","twitter_site":"@ticaretedutr","twitter_misc":{"Tahmini okuma s\u00fcresi":"1 dakika"},"schema":{"@context":"https:\/\/schema.org","@graph":[{"@type":"WebPage","@id":"http:\/\/ticaret.edu.tr\/tekstil-ve-moda-tasarimi\/ogrenci-danismanlari\/","url":"http:\/\/ticaret.edu.tr\/tekstil-ve-moda-tasarimi\/ogrenci-danismanlari\/","name":"\u00d6\u011frenci Dan\u0131\u015fmanlar\u0131 - Tekstil ve Moda Tasar\u0131m\u0131","isPartOf":{"@id":"https:\/\/ticaret.edu.tr\/tekstil-ve-moda-tasarimi\/en\/#website"},"datePublished":"2025-01-25T20:42:48+00:00","dateModified":"2025-10-20T08:04:28+00:00","breadcrumb":{"@id":"http:\/\/ticaret.edu.tr\/tekstil-ve-moda-tasarimi\/ogrenci-danismanlari\/#breadcrumb"},"inLanguage":"tr","potentialAction":[{"@type":"ReadAction","target":["http:\/\/ticaret.edu.tr\/tekstil-ve-moda-tasarimi\/ogrenci-danismanlari\/"]}]},{"@type":"BreadcrumbList","@id":"http:\/\/ticaret.edu.tr\/tekstil-ve-moda-tasarimi\/ogrenci-danismanlari\/#breadcrumb","itemListElement":[{"@type":"ListItem","position":1,"name":"Ana sayfa","item":"http:\/\/ticaret.edu.tr\/tekstil-ve-moda-tasarimi\/"},{"@type":"ListItem","position":2,"name":"\u00d6\u011frenci Dan\u0131\u015fmanlar\u0131"}]},{"@type":"WebSite","@id":"https:\/\/ticaret.edu.tr\/tekstil-ve-moda-tasarimi\/en\/#website","url":"https:\/\/ticaret.edu.tr\/tekstil-ve-moda-tasarimi\/en\/","name":"Tekstil ve Moda Tasar\u0131m\u0131","description":"","potentialAction":[{"@type":"SearchAction","target":{"@type":"EntryPoint","urlTemplate":"https:\/\/ticaret.edu.tr\/tekstil-ve-moda-tasarimi\/en\/?s={search_term_string}"},"query-input":"required name=search_term_string"}],"inLanguage":"tr"}]}},"lang":"tr","translations":{"tr":1328,"en":1330},"pll_sync_post":[],"_links":{"self":[{"href":"http:\/\/ticaret.edu.tr\/tekstil-ve-moda-tasarimi\/wp-json\/wp\/v2\/pages\/1328"}],"collection":[{"href":"http:\/\/ticaret.edu.tr\/tekstil-ve-moda-tasarimi\/wp-json\/wp\/v2\/pages"}],"about":[{"href":"http:\/\/ticaret.edu.tr\/tekstil-ve-moda-tasarimi\/wp-json\/wp\/v2\/types\/page"}],"author":[{"embeddable":true,"href":"http:\/\/ticaret.edu.tr\/tekstil-ve-moda-tasarimi\/wp-json\/wp\/v2\/users\/224"}],"replies":[{"embeddable":true,"href":"http:\/\/ticaret.edu.tr\/tekstil-ve-moda-tasarimi\/wp-json\/wp\/v2\/comments?post=1328"}],"version-history":[{"count":2,"href":"http:\/\/ticaret.edu.tr\/tekstil-ve-moda-tasarimi\/wp-json\/wp\/v2\/pages\/1328\/revisions"}],"predecessor-version":[{"id":1897,"href":"http:\/\/ticaret.edu.tr\/tekstil-ve-moda-tasarimi\/wp-json\/wp\/v2\/pages\/1328\/revisions\/1897"}],"wp:attachment":[{"href":"http:\/\/ticaret.edu.tr\/tekstil-ve-moda-tasarimi\/wp-json\/wp\/v2\/media?parent=1328"}],"curies":[{"name":"wp","href":"https:\/\/api.w.org\/{rel}","templated":true}]}}