{"id":1468,"date":"2025-01-26T01:48:56","date_gmt":"2025-01-25T22:48:56","guid":{"rendered":"https:\/\/ticaret.edu.tr\/tekstil-ve-moda-tasarimi\/?page_id=1468"},"modified":"2025-10-20T15:36:41","modified_gmt":"2025-10-20T12:36:41","slug":"basvuru-kosullari","status":"publish","type":"page","link":"http:\/\/ticaret.edu.tr\/tekstil-ve-moda-tasarimi\/basvuru-kosullari\/","title":{"rendered":"Ba\u015fvuru Ko\u015fullar\u0131"},"content":{"rendered":"<p>Say\u0131sal-E\u015fit A\u011f\u0131rl\u0131k-S\u00f6zel Puan fark etmeksizin 55 ve \u00fcst\u00fc ALES puan\u0131 ile programa ba\u015fvuru yap\u0131labilmektedir. Moda ve Tekstil Tasar\u0131m\u0131, Tekstil ve Moda Tasar\u0131m\u0131, Tekstil Tasar\u0131m\u0131, Moda Tasar\u0131m\u0131 b\u00f6l\u00fcmleri i\u00e7in bilimsel haz\u0131rl\u0131k derslerinin al\u0131nmas\u0131 gerekmemektedir. \u0130\u00e7 Mimarl\u0131k, \u0130\u00e7 Mimarl\u0131k ve \u00c7evre Tasar\u0131m\u0131, Mimarl\u0131k, End\u00fcstriyel Tasar\u0131m, Resim, Grafik, Seramik Tasar\u0131m\u0131, Tekstil M\u00fchendisli\u011fi, Teknik E\u011fitim Fak\u00fcltesi Tekstil Programlar\u0131 Mezunlar\u0131 Tekstil ve Moda Tasar\u0131m\u0131 B\u00f6l\u00fcm\u00fcnde Tezli Y\u00fcksek Lisans yapmak istedi\u011fi takdirde bilimsel haz\u0131rl\u0131k al\u0131nmas\u0131 gerekmektedir.<\/p>\n","protected":false},"excerpt":{"rendered":"<p>Say\u0131sal-E\u015fit A\u011f\u0131rl\u0131k-S\u00f6zel Puan fark etmeksizin 55 ve \u00fcst\u00fc ALES puan\u0131 ile programa ba\u015fvuru yap\u0131labilmektedir. Moda ve Tekstil Tasar\u0131m\u0131, Tekstil ve Moda Tasar\u0131m\u0131, Tekstil Tasar\u0131m\u0131, Moda Tasar\u0131m\u0131 b\u00f6l\u00fcmleri i\u00e7in bilimsel haz\u0131rl\u0131k derslerinin al\u0131nmas\u0131 gerekmemektedir. \u0130\u00e7 Mimarl\u0131k, \u0130\u00e7 Mimarl\u0131k ve \u00c7evre Tasar\u0131m\u0131, Mimarl\u0131k, End\u00fcstriyel Tasar\u0131m, Resim, Grafik, Seramik Tasar\u0131m\u0131, Tekstil M\u00fchendisli\u011fi, Teknik E\u011fitim Fak\u00fcltesi Tekstil Programlar\u0131 Mezunlar\u0131 [&hellip;]<\/p>\n","protected":false},"author":224,"featured_media":0,"parent":0,"menu_order":0,"comment_status":"closed","ping_status":"closed","template":"genel_sayfa.php","meta":{"footnotes":""},"yoast_head":"<!-- This site is optimized with the Yoast SEO Premium plugin v22.1 (Yoast SEO v22.1) - https:\/\/yoast.com\/wordpress\/plugins\/seo\/ -->\n<title>Ba\u015fvuru Ko\u015fullar\u0131 - Tekstil ve Moda Tasar\u0131m\u0131<\/title>\n<meta name=\"robots\" content=\"index, follow, max-snippet:-1, max-image-preview:large, max-video-preview:-1\" \/>\n<link rel=\"canonical\" href=\"http:\/\/ticaret.edu.tr\/tekstil-ve-moda-tasarimi\/basvuru-kosullari\/\" \/>\n<meta property=\"og:locale\" content=\"tr_TR\" \/>\n<meta property=\"og:type\" content=\"article\" \/>\n<meta property=\"og:title\" content=\"Ba\u015fvuru Ko\u015fullar\u0131\" \/>\n<meta property=\"og:description\" content=\"Say\u0131sal-E\u015fit A\u011f\u0131rl\u0131k-S\u00f6zel Puan fark etmeksizin 55 ve \u00fcst\u00fc ALES puan\u0131 ile programa ba\u015fvuru yap\u0131labilmektedir. Moda ve Tekstil Tasar\u0131m\u0131, Tekstil ve Moda Tasar\u0131m\u0131, Tekstil Tasar\u0131m\u0131, Moda Tasar\u0131m\u0131 b\u00f6l\u00fcmleri i\u00e7in bilimsel haz\u0131rl\u0131k derslerinin al\u0131nmas\u0131 gerekmemektedir. \u0130\u00e7 Mimarl\u0131k, \u0130\u00e7 Mimarl\u0131k ve \u00c7evre Tasar\u0131m\u0131, Mimarl\u0131k, End\u00fcstriyel Tasar\u0131m, Resim, Grafik, Seramik Tasar\u0131m\u0131, Tekstil M\u00fchendisli\u011fi, Teknik E\u011fitim Fak\u00fcltesi Tekstil Programlar\u0131 Mezunlar\u0131 [&hellip;]\" \/>\n<meta property=\"og:url\" content=\"http:\/\/ticaret.edu.tr\/tekstil-ve-moda-tasarimi\/basvuru-kosullari\/\" \/>\n<meta property=\"og:site_name\" content=\"Tekstil ve Moda Tasar\u0131m\u0131\" \/>\n<meta property=\"article:publisher\" content=\"https:\/\/www.facebook.com\/ticaretedutr\" \/>\n<meta property=\"article:modified_time\" content=\"2025-10-20T12:36:41+00:00\" \/>\n<meta property=\"og:image\" content=\"http:\/\/ticaret.edu.tr\/tekstil-ve-moda-tasarimi\/wp-content\/uploads\/sites\/26\/2021\/11\/web_logo-01.jpg\" \/>\n\t<meta property=\"og:image:width\" content=\"1250\" \/>\n\t<meta property=\"og:image:height\" content=\"833\" \/>\n\t<meta property=\"og:image:type\" content=\"image\/jpeg\" \/>\n<meta name=\"twitter:card\" content=\"summary_large_image\" \/>\n<meta name=\"twitter:site\" content=\"@ticaretedutr\" \/>\n<meta name=\"twitter:label1\" content=\"Tahmini okuma s\u00fcresi\" \/>\n\t<meta name=\"twitter:data1\" content=\"1 dakika\" \/>\n<script type=\"application\/ld+json\" class=\"yoast-schema-graph\">{\"@context\":\"https:\/\/schema.org\",\"@graph\":[{\"@type\":\"WebPage\",\"@id\":\"http:\/\/ticaret.edu.tr\/tekstil-ve-moda-tasarimi\/basvuru-kosullari\/\",\"url\":\"http:\/\/ticaret.edu.tr\/tekstil-ve-moda-tasarimi\/basvuru-kosullari\/\",\"name\":\"Ba\u015fvuru Ko\u015fullar\u0131 - Tekstil ve Moda Tasar\u0131m\u0131\",\"isPartOf\":{\"@id\":\"https:\/\/ticaret.edu.tr\/tekstil-ve-moda-tasarimi\/en\/#website\"},\"datePublished\":\"2025-01-25T22:48:56+00:00\",\"dateModified\":\"2025-10-20T12:36:41+00:00\",\"breadcrumb\":{\"@id\":\"http:\/\/ticaret.edu.tr\/tekstil-ve-moda-tasarimi\/basvuru-kosullari\/#breadcrumb\"},\"inLanguage\":\"tr\",\"potentialAction\":[{\"@type\":\"ReadAction\",\"target\":[\"http:\/\/ticaret.edu.tr\/tekstil-ve-moda-tasarimi\/basvuru-kosullari\/\"]}]},{\"@type\":\"BreadcrumbList\",\"@id\":\"http:\/\/ticaret.edu.tr\/tekstil-ve-moda-tasarimi\/basvuru-kosullari\/#breadcrumb\",\"itemListElement\":[{\"@type\":\"ListItem\",\"position\":1,\"name\":\"Ana sayfa\",\"item\":\"http:\/\/ticaret.edu.tr\/tekstil-ve-moda-tasarimi\/\"},{\"@type\":\"ListItem\",\"position\":2,\"name\":\"Ba\u015fvuru Ko\u015fullar\u0131\"}]},{\"@type\":\"WebSite\",\"@id\":\"https:\/\/ticaret.edu.tr\/tekstil-ve-moda-tasarimi\/en\/#website\",\"url\":\"https:\/\/ticaret.edu.tr\/tekstil-ve-moda-tasarimi\/en\/\",\"name\":\"Tekstil ve Moda Tasar\u0131m\u0131\",\"description\":\"\",\"potentialAction\":[{\"@type\":\"SearchAction\",\"target\":{\"@type\":\"EntryPoint\",\"urlTemplate\":\"https:\/\/ticaret.edu.tr\/tekstil-ve-moda-tasarimi\/en\/?s={search_term_string}\"},\"query-input\":\"required name=search_term_string\"}],\"inLanguage\":\"tr\"}]}<\/script>\n<!-- \/ Yoast SEO Premium plugin. -->","yoast_head_json":{"title":"Ba\u015fvuru Ko\u015fullar\u0131 - Tekstil ve Moda Tasar\u0131m\u0131","robots":{"index":"index","follow":"follow","max-snippet":"max-snippet:-1","max-image-preview":"max-image-preview:large","max-video-preview":"max-video-preview:-1"},"canonical":"http:\/\/ticaret.edu.tr\/tekstil-ve-moda-tasarimi\/basvuru-kosullari\/","og_locale":"tr_TR","og_type":"article","og_title":"Ba\u015fvuru Ko\u015fullar\u0131","og_description":"Say\u0131sal-E\u015fit A\u011f\u0131rl\u0131k-S\u00f6zel Puan fark etmeksizin 55 ve \u00fcst\u00fc ALES puan\u0131 ile programa ba\u015fvuru yap\u0131labilmektedir. Moda ve Tekstil Tasar\u0131m\u0131, Tekstil ve Moda Tasar\u0131m\u0131, Tekstil Tasar\u0131m\u0131, Moda Tasar\u0131m\u0131 b\u00f6l\u00fcmleri i\u00e7in bilimsel haz\u0131rl\u0131k derslerinin al\u0131nmas\u0131 gerekmemektedir. \u0130\u00e7 Mimarl\u0131k, \u0130\u00e7 Mimarl\u0131k ve \u00c7evre Tasar\u0131m\u0131, Mimarl\u0131k, End\u00fcstriyel Tasar\u0131m, Resim, Grafik, Seramik Tasar\u0131m\u0131, Tekstil M\u00fchendisli\u011fi, Teknik E\u011fitim Fak\u00fcltesi Tekstil Programlar\u0131 Mezunlar\u0131 [&hellip;]","og_url":"http:\/\/ticaret.edu.tr\/tekstil-ve-moda-tasarimi\/basvuru-kosullari\/","og_site_name":"Tekstil ve Moda Tasar\u0131m\u0131","article_publisher":"https:\/\/www.facebook.com\/ticaretedutr","article_modified_time":"2025-10-20T12:36:41+00:00","og_image":[{"width":1250,"height":833,"url":"http:\/\/ticaret.edu.tr\/tekstil-ve-moda-tasarimi\/wp-content\/uploads\/sites\/26\/2021\/11\/web_logo-01.jpg","type":"image\/jpeg"}],"twitter_card":"summary_large_image","twitter_site":"@ticaretedutr","twitter_misc":{"Tahmini okuma s\u00fcresi":"1 dakika"},"schema":{"@context":"https:\/\/schema.org","@graph":[{"@type":"WebPage","@id":"http:\/\/ticaret.edu.tr\/tekstil-ve-moda-tasarimi\/basvuru-kosullari\/","url":"http:\/\/ticaret.edu.tr\/tekstil-ve-moda-tasarimi\/basvuru-kosullari\/","name":"Ba\u015fvuru Ko\u015fullar\u0131 - Tekstil ve Moda Tasar\u0131m\u0131","isPartOf":{"@id":"https:\/\/ticaret.edu.tr\/tekstil-ve-moda-tasarimi\/en\/#website"},"datePublished":"2025-01-25T22:48:56+00:00","dateModified":"2025-10-20T12:36:41+00:00","breadcrumb":{"@id":"http:\/\/ticaret.edu.tr\/tekstil-ve-moda-tasarimi\/basvuru-kosullari\/#breadcrumb"},"inLanguage":"tr","potentialAction":[{"@type":"ReadAction","target":["http:\/\/ticaret.edu.tr\/tekstil-ve-moda-tasarimi\/basvuru-kosullari\/"]}]},{"@type":"BreadcrumbList","@id":"http:\/\/ticaret.edu.tr\/tekstil-ve-moda-tasarimi\/basvuru-kosullari\/#breadcrumb","itemListElement":[{"@type":"ListItem","position":1,"name":"Ana sayfa","item":"http:\/\/ticaret.edu.tr\/tekstil-ve-moda-tasarimi\/"},{"@type":"ListItem","position":2,"name":"Ba\u015fvuru Ko\u015fullar\u0131"}]},{"@type":"WebSite","@id":"https:\/\/ticaret.edu.tr\/tekstil-ve-moda-tasarimi\/en\/#website","url":"https:\/\/ticaret.edu.tr\/tekstil-ve-moda-tasarimi\/en\/","name":"Tekstil ve Moda Tasar\u0131m\u0131","description":"","potentialAction":[{"@type":"SearchAction","target":{"@type":"EntryPoint","urlTemplate":"https:\/\/ticaret.edu.tr\/tekstil-ve-moda-tasarimi\/en\/?s={search_term_string}"},"query-input":"required name=search_term_string"}],"inLanguage":"tr"}]}},"lang":"tr","translations":{"tr":1468,"en":1470},"pll_sync_post":[],"_links":{"self":[{"href":"http:\/\/ticaret.edu.tr\/tekstil-ve-moda-tasarimi\/wp-json\/wp\/v2\/pages\/1468"}],"collection":[{"href":"http:\/\/ticaret.edu.tr\/tekstil-ve-moda-tasarimi\/wp-json\/wp\/v2\/pages"}],"about":[{"href":"http:\/\/ticaret.edu.tr\/tekstil-ve-moda-tasarimi\/wp-json\/wp\/v2\/types\/page"}],"author":[{"embeddable":true,"href":"http:\/\/ticaret.edu.tr\/tekstil-ve-moda-tasarimi\/wp-json\/wp\/v2\/users\/224"}],"replies":[{"embeddable":true,"href":"http:\/\/ticaret.edu.tr\/tekstil-ve-moda-tasarimi\/wp-json\/wp\/v2\/comments?post=1468"}],"version-history":[{"count":3,"href":"http:\/\/ticaret.edu.tr\/tekstil-ve-moda-tasarimi\/wp-json\/wp\/v2\/pages\/1468\/revisions"}],"predecessor-version":[{"id":1932,"href":"http:\/\/ticaret.edu.tr\/tekstil-ve-moda-tasarimi\/wp-json\/wp\/v2\/pages\/1468\/revisions\/1932"}],"wp:attachment":[{"href":"http:\/\/ticaret.edu.tr\/tekstil-ve-moda-tasarimi\/wp-json\/wp\/v2\/media?parent=1468"}],"curies":[{"name":"wp","href":"https:\/\/api.w.org\/{rel}","templated":true}]}}