{"id":1479,"date":"2025-01-26T01:54:02","date_gmt":"2025-01-25T22:54:02","guid":{"rendered":"https:\/\/ticaret.edu.tr\/tekstil-ve-moda-tasarimi\/?page_id=1479"},"modified":"2026-02-10T11:40:45","modified_gmt":"2026-02-10T08:40:45","slug":"ogretim-planlari","status":"publish","type":"page","link":"http:\/\/ticaret.edu.tr\/tekstil-ve-moda-tasarimi\/ogretim-planlari\/","title":{"rendered":"\u00d6\u011fretim Planlar\u0131"},"content":{"rendered":"<table border=\"1\" width=\"\" cellspacing=\"0\" cellpadding=\"0\">\n<tbody>\n<tr>\n<td><strong>\u00a0Adaylarda Aranan Genel Ko\u015fullar<\/strong><\/td>\n<\/tr>\n<tr>\n<td>\u00a0ALES: 55 ve \u00fcst\u00fc Say\u0131sal-E\u015fit A\u011f\u0131rl\u0131k-S\u00f6zel Puan<\/td>\n<\/tr>\n<tr>\n<td>\u00a0Yabanc\u0131 Dil: Gerekmez.<\/td>\n<\/tr>\n<tr>\n<td>\u00a0Lisans Mezuniyet Not Ortalamas\u0131: Alt s\u0131n\u0131r belirlenmemi\u015ftir.<\/td>\n<\/tr>\n<tr>\n<td><strong>\u00a0Bilimsel Haz\u0131rl\u0131k Dersleri<\/strong><\/td>\n<\/tr>\n<tr>\n<td>\u00a0Bilimsel Haz\u0131rl\u0131k dersleri ve say\u0131s\u0131 \u00f6\u011frencinin lisans transkriptine g\u00f6re m\u00fclakat s\u0131ras\u0131nda belirlenir. Dersler lisans program\u0131ndan \u00a0 al\u0131n\u0131r ve o program\u0131n e\u011fitim dilinde yap\u0131l\u0131r. Bilimsel Haz\u0131rl\u0131k dersleri kredisizdir.<\/td>\n<\/tr>\n<tr>\n<td><strong>\u00a0Y\u00fcksek Lisans Dersleri<\/strong><\/td>\n<\/tr>\n<tr>\n<td>Tezli program, en az 7 ders (24 kredi), Seminer, Tez \u00c7al\u0131\u015fmas\u0131 ve Yay\u0131n \u015eart\u0131ndan olu\u015fur.<\/p>\n<div><u><strong>Tezli Y\u00fcksek Lisans Yay\u0131n \u015eart\u0131 Bilgilendirmesi<\/strong><\/u><\/div>\n<div>\u00dcniversitemiz Lisans\u00fcst\u00fc E\u011fitim ve \u00d6\u011fretim Y\u00f6netmeli\u011finin\u00a0<strong>Madde 10-2 (Tezli Y\u00fcksek Lisans Programlar\u0131 \u0130\u00e7in)<\/strong>\u00a0bendinde yer\u00a0 alan; makale yay\u0131n \u015fart\u0131na ili\u015fkin olarak; Tezli Y\u00fcksek Lisans program\u0131 \u00f6\u011frencilerinin Dan\u0131\u015fman \u00d6\u011fretim Elemanlar\u0131yla beraber\u00a0 yay\u0131nlayacaklar\u0131 makalelerinin bas\u0131laca\u011f\u0131 dergilerin tarand\u0131klar\u0131 endekslerin i\u00e7inde\u00a0<strong>T\u00dcB\u0130TAK-ULAKB\u0130M-UVT<\/strong>\u00a0endeksinin\u00a0 bulunmas\u0131 \u015fart\u0131 aranmaktad\u0131r.<\/div>\n<\/td>\n<\/tr>\n<tr>\n<td>\u00a0Tezsiz program,\u00a0en az 10 ders (30 kredi)\u00a0\u00a0ve D\u00f6nem Projesi\u2019nden olu\u015fur.<\/td>\n<\/tr>\n<tr>\n<td>\u00a0Y\u00fcksek Lisans e\u011fitim dili T\u00fcrk\u00e7e\u2019dir.<\/td>\n<\/tr>\n<tr>\n<td><strong>\u00a0Y\u00fcksek Lisans Derslerinin Yap\u0131ld\u0131\u011f\u0131 G\u00fcn ve Saatler<\/strong><\/td>\n<\/tr>\n<tr>\n<td>\u00a0Dersler hafta i\u00e7i ve gerekirse hafta sonu (Cumartesi) 18:30-21:10\u00a0saatleri aras\u0131nda yap\u0131l\u0131r.<\/td>\n<\/tr>\n<tr>\n<td>\u00a0Derslere %70 devam zorunlulu\u011fu vard\u0131r.<\/td>\n<\/tr>\n<tr>\n<td>Erkek adaylar i\u00e7in Askerlik Durum Belgesinin TEC\u0130LL\u0130 olarak ibraz edilmesi gerekir.<\/td>\n<\/tr>\n<\/tbody>\n<\/table>\n<p>&nbsp;<\/p>\n<p><a href=\"https:\/\/ticaret.edu.tr\/lisansustu-egitim-enstitusu\/wp-content\/uploads\/sites\/87\/2025\/11\/2025-2026-Tekstil-ve-Moda-Tasarimi-Yuksek-Lisans-Tezli-Tezsiz-Mufredat.pdf\">Tekstil ve Moda Tasar\u0131m\u0131 Tezli-Tezsiz Y\u00fcksek Lisans M\u00fcfredat\u0131 <\/a><\/p>\n","protected":false},"excerpt":{"rendered":"<p>\u00a0Adaylarda Aranan Genel Ko\u015fullar \u00a0ALES: 55 ve \u00fcst\u00fc Say\u0131sal-E\u015fit A\u011f\u0131rl\u0131k-S\u00f6zel Puan \u00a0Yabanc\u0131 Dil: Gerekmez. \u00a0Lisans Mezuniyet Not Ortalamas\u0131: Alt s\u0131n\u0131r belirlenmemi\u015ftir. \u00a0Bilimsel Haz\u0131rl\u0131k Dersleri \u00a0Bilimsel Haz\u0131rl\u0131k dersleri ve say\u0131s\u0131 \u00f6\u011frencinin lisans transkriptine g\u00f6re m\u00fclakat s\u0131ras\u0131nda belirlenir. Dersler lisans program\u0131ndan \u00a0 al\u0131n\u0131r ve o program\u0131n e\u011fitim dilinde yap\u0131l\u0131r. Bilimsel Haz\u0131rl\u0131k dersleri kredisizdir. \u00a0Y\u00fcksek Lisans Dersleri Tezli [&hellip;]<\/p>\n","protected":false},"author":224,"featured_media":0,"parent":0,"menu_order":0,"comment_status":"closed","ping_status":"closed","template":"genel_sayfa.php","meta":{"footnotes":""},"yoast_head":"<!-- This site is optimized with the Yoast SEO Premium plugin v22.1 (Yoast SEO v22.1) - https:\/\/yoast.com\/wordpress\/plugins\/seo\/ -->\n<title>\u00d6\u011fretim Planlar\u0131 - Tekstil ve Moda Tasar\u0131m\u0131<\/title>\n<meta name=\"robots\" content=\"index, follow, max-snippet:-1, max-image-preview:large, max-video-preview:-1\" \/>\n<link rel=\"canonical\" href=\"http:\/\/ticaret.edu.tr\/tekstil-ve-moda-tasarimi\/ogretim-planlari\/\" \/>\n<meta property=\"og:locale\" content=\"tr_TR\" \/>\n<meta property=\"og:type\" content=\"article\" \/>\n<meta property=\"og:title\" content=\"\u00d6\u011fretim Planlar\u0131\" \/>\n<meta property=\"og:description\" content=\"\u00a0Adaylarda Aranan Genel Ko\u015fullar \u00a0ALES: 55 ve \u00fcst\u00fc Say\u0131sal-E\u015fit A\u011f\u0131rl\u0131k-S\u00f6zel Puan \u00a0Yabanc\u0131 Dil: Gerekmez. \u00a0Lisans Mezuniyet Not Ortalamas\u0131: Alt s\u0131n\u0131r belirlenmemi\u015ftir. \u00a0Bilimsel Haz\u0131rl\u0131k Dersleri \u00a0Bilimsel Haz\u0131rl\u0131k dersleri ve say\u0131s\u0131 \u00f6\u011frencinin lisans transkriptine g\u00f6re m\u00fclakat s\u0131ras\u0131nda belirlenir. Dersler lisans program\u0131ndan \u00a0 al\u0131n\u0131r ve o program\u0131n e\u011fitim dilinde yap\u0131l\u0131r. Bilimsel Haz\u0131rl\u0131k dersleri kredisizdir. \u00a0Y\u00fcksek Lisans Dersleri Tezli [&hellip;]\" \/>\n<meta property=\"og:url\" content=\"http:\/\/ticaret.edu.tr\/tekstil-ve-moda-tasarimi\/ogretim-planlari\/\" \/>\n<meta property=\"og:site_name\" content=\"Tekstil ve Moda Tasar\u0131m\u0131\" \/>\n<meta property=\"article:publisher\" content=\"https:\/\/www.facebook.com\/ticaretedutr\" \/>\n<meta property=\"article:modified_time\" content=\"2026-02-10T08:40:45+00:00\" \/>\n<meta property=\"og:image\" content=\"http:\/\/ticaret.edu.tr\/tekstil-ve-moda-tasarimi\/wp-content\/uploads\/sites\/26\/2021\/11\/web_logo-01.jpg\" \/>\n\t<meta property=\"og:image:width\" content=\"1250\" \/>\n\t<meta property=\"og:image:height\" content=\"833\" \/>\n\t<meta property=\"og:image:type\" content=\"image\/jpeg\" \/>\n<meta name=\"twitter:card\" content=\"summary_large_image\" \/>\n<meta name=\"twitter:site\" content=\"@ticaretedutr\" \/>\n<meta name=\"twitter:label1\" content=\"Tahmini okuma s\u00fcresi\" \/>\n\t<meta name=\"twitter:data1\" content=\"2 dakika\" \/>\n<script type=\"application\/ld+json\" class=\"yoast-schema-graph\">{\"@context\":\"https:\/\/schema.org\",\"@graph\":[{\"@type\":\"WebPage\",\"@id\":\"http:\/\/ticaret.edu.tr\/tekstil-ve-moda-tasarimi\/ogretim-planlari\/\",\"url\":\"http:\/\/ticaret.edu.tr\/tekstil-ve-moda-tasarimi\/ogretim-planlari\/\",\"name\":\"\u00d6\u011fretim Planlar\u0131 - Tekstil ve Moda Tasar\u0131m\u0131\",\"isPartOf\":{\"@id\":\"https:\/\/ticaret.edu.tr\/tekstil-ve-moda-tasarimi\/en\/#website\"},\"datePublished\":\"2025-01-25T22:54:02+00:00\",\"dateModified\":\"2026-02-10T08:40:45+00:00\",\"breadcrumb\":{\"@id\":\"http:\/\/ticaret.edu.tr\/tekstil-ve-moda-tasarimi\/ogretim-planlari\/#breadcrumb\"},\"inLanguage\":\"tr\",\"potentialAction\":[{\"@type\":\"ReadAction\",\"target\":[\"http:\/\/ticaret.edu.tr\/tekstil-ve-moda-tasarimi\/ogretim-planlari\/\"]}]},{\"@type\":\"BreadcrumbList\",\"@id\":\"http:\/\/ticaret.edu.tr\/tekstil-ve-moda-tasarimi\/ogretim-planlari\/#breadcrumb\",\"itemListElement\":[{\"@type\":\"ListItem\",\"position\":1,\"name\":\"Ana sayfa\",\"item\":\"http:\/\/ticaret.edu.tr\/tekstil-ve-moda-tasarimi\/\"},{\"@type\":\"ListItem\",\"position\":2,\"name\":\"\u00d6\u011fretim Planlar\u0131\"}]},{\"@type\":\"WebSite\",\"@id\":\"https:\/\/ticaret.edu.tr\/tekstil-ve-moda-tasarimi\/en\/#website\",\"url\":\"https:\/\/ticaret.edu.tr\/tekstil-ve-moda-tasarimi\/en\/\",\"name\":\"Tekstil ve Moda Tasar\u0131m\u0131\",\"description\":\"\",\"potentialAction\":[{\"@type\":\"SearchAction\",\"target\":{\"@type\":\"EntryPoint\",\"urlTemplate\":\"https:\/\/ticaret.edu.tr\/tekstil-ve-moda-tasarimi\/en\/?s={search_term_string}\"},\"query-input\":\"required name=search_term_string\"}],\"inLanguage\":\"tr\"}]}<\/script>\n<!-- \/ Yoast SEO Premium plugin. -->","yoast_head_json":{"title":"\u00d6\u011fretim Planlar\u0131 - Tekstil ve Moda Tasar\u0131m\u0131","robots":{"index":"index","follow":"follow","max-snippet":"max-snippet:-1","max-image-preview":"max-image-preview:large","max-video-preview":"max-video-preview:-1"},"canonical":"http:\/\/ticaret.edu.tr\/tekstil-ve-moda-tasarimi\/ogretim-planlari\/","og_locale":"tr_TR","og_type":"article","og_title":"\u00d6\u011fretim Planlar\u0131","og_description":"\u00a0Adaylarda Aranan Genel Ko\u015fullar \u00a0ALES: 55 ve \u00fcst\u00fc Say\u0131sal-E\u015fit A\u011f\u0131rl\u0131k-S\u00f6zel Puan \u00a0Yabanc\u0131 Dil: Gerekmez. \u00a0Lisans Mezuniyet Not Ortalamas\u0131: Alt s\u0131n\u0131r belirlenmemi\u015ftir. \u00a0Bilimsel Haz\u0131rl\u0131k Dersleri \u00a0Bilimsel Haz\u0131rl\u0131k dersleri ve say\u0131s\u0131 \u00f6\u011frencinin lisans transkriptine g\u00f6re m\u00fclakat s\u0131ras\u0131nda belirlenir. Dersler lisans program\u0131ndan \u00a0 al\u0131n\u0131r ve o program\u0131n e\u011fitim dilinde yap\u0131l\u0131r. Bilimsel Haz\u0131rl\u0131k dersleri kredisizdir. \u00a0Y\u00fcksek Lisans Dersleri Tezli [&hellip;]","og_url":"http:\/\/ticaret.edu.tr\/tekstil-ve-moda-tasarimi\/ogretim-planlari\/","og_site_name":"Tekstil ve Moda Tasar\u0131m\u0131","article_publisher":"https:\/\/www.facebook.com\/ticaretedutr","article_modified_time":"2026-02-10T08:40:45+00:00","og_image":[{"width":1250,"height":833,"url":"http:\/\/ticaret.edu.tr\/tekstil-ve-moda-tasarimi\/wp-content\/uploads\/sites\/26\/2021\/11\/web_logo-01.jpg","type":"image\/jpeg"}],"twitter_card":"summary_large_image","twitter_site":"@ticaretedutr","twitter_misc":{"Tahmini okuma s\u00fcresi":"2 dakika"},"schema":{"@context":"https:\/\/schema.org","@graph":[{"@type":"WebPage","@id":"http:\/\/ticaret.edu.tr\/tekstil-ve-moda-tasarimi\/ogretim-planlari\/","url":"http:\/\/ticaret.edu.tr\/tekstil-ve-moda-tasarimi\/ogretim-planlari\/","name":"\u00d6\u011fretim Planlar\u0131 - Tekstil ve Moda Tasar\u0131m\u0131","isPartOf":{"@id":"https:\/\/ticaret.edu.tr\/tekstil-ve-moda-tasarimi\/en\/#website"},"datePublished":"2025-01-25T22:54:02+00:00","dateModified":"2026-02-10T08:40:45+00:00","breadcrumb":{"@id":"http:\/\/ticaret.edu.tr\/tekstil-ve-moda-tasarimi\/ogretim-planlari\/#breadcrumb"},"inLanguage":"tr","potentialAction":[{"@type":"ReadAction","target":["http:\/\/ticaret.edu.tr\/tekstil-ve-moda-tasarimi\/ogretim-planlari\/"]}]},{"@type":"BreadcrumbList","@id":"http:\/\/ticaret.edu.tr\/tekstil-ve-moda-tasarimi\/ogretim-planlari\/#breadcrumb","itemListElement":[{"@type":"ListItem","position":1,"name":"Ana sayfa","item":"http:\/\/ticaret.edu.tr\/tekstil-ve-moda-tasarimi\/"},{"@type":"ListItem","position":2,"name":"\u00d6\u011fretim Planlar\u0131"}]},{"@type":"WebSite","@id":"https:\/\/ticaret.edu.tr\/tekstil-ve-moda-tasarimi\/en\/#website","url":"https:\/\/ticaret.edu.tr\/tekstil-ve-moda-tasarimi\/en\/","name":"Tekstil ve Moda Tasar\u0131m\u0131","description":"","potentialAction":[{"@type":"SearchAction","target":{"@type":"EntryPoint","urlTemplate":"https:\/\/ticaret.edu.tr\/tekstil-ve-moda-tasarimi\/en\/?s={search_term_string}"},"query-input":"required name=search_term_string"}],"inLanguage":"tr"}]}},"lang":"tr","translations":{"tr":1479,"en":1482},"pll_sync_post":[],"_links":{"self":[{"href":"http:\/\/ticaret.edu.tr\/tekstil-ve-moda-tasarimi\/wp-json\/wp\/v2\/pages\/1479"}],"collection":[{"href":"http:\/\/ticaret.edu.tr\/tekstil-ve-moda-tasarimi\/wp-json\/wp\/v2\/pages"}],"about":[{"href":"http:\/\/ticaret.edu.tr\/tekstil-ve-moda-tasarimi\/wp-json\/wp\/v2\/types\/page"}],"author":[{"embeddable":true,"href":"http:\/\/ticaret.edu.tr\/tekstil-ve-moda-tasarimi\/wp-json\/wp\/v2\/users\/224"}],"replies":[{"embeddable":true,"href":"http:\/\/ticaret.edu.tr\/tekstil-ve-moda-tasarimi\/wp-json\/wp\/v2\/comments?post=1479"}],"version-history":[{"count":5,"href":"http:\/\/ticaret.edu.tr\/tekstil-ve-moda-tasarimi\/wp-json\/wp\/v2\/pages\/1479\/revisions"}],"predecessor-version":[{"id":2052,"href":"http:\/\/ticaret.edu.tr\/tekstil-ve-moda-tasarimi\/wp-json\/wp\/v2\/pages\/1479\/revisions\/2052"}],"wp:attachment":[{"href":"http:\/\/ticaret.edu.tr\/tekstil-ve-moda-tasarimi\/wp-json\/wp\/v2\/media?parent=1479"}],"curies":[{"name":"wp","href":"https:\/\/api.w.org\/{rel}","templated":true}]}}