{"id":1501,"date":"2025-01-26T02:13:03","date_gmt":"2025-01-25T23:13:03","guid":{"rendered":"https:\/\/ticaret.edu.tr\/tekstil-ve-moda-tasarimi\/?page_id=1501"},"modified":"2025-10-20T16:08:46","modified_gmt":"2025-10-20T13:08:46","slug":"laboratuvarlar","status":"publish","type":"page","link":"http:\/\/ticaret.edu.tr\/tekstil-ve-moda-tasarimi\/laboratuvarlar\/","title":{"rendered":"Laboratuvarlar"},"content":{"rendered":"<h3><strong data-start=\"96\" data-end=\"130\">Tekstil ve Moda Tasar\u0131m\u0131 B\u00f6l\u00fcm\u00fc Laboratuvar ve At\u00f6lye Kullan\u0131m\u0131<\/strong><\/h3>\n<p>\u0130stanbul Ticaret \u00dcniversitesi\u00a0 K\u00fc\u00e7\u00fckyal\u0131 Yerle\u015fkesinde Tekstil ve Moda Tasar\u0131m\u0131 B\u00f6l\u00fcm\u00fcnde uygulamal\u0131 derslerde kullan\u0131lmak \u00fczere diki\u015f at\u00f6lyesi, dokuma ve \u00f6rme at\u00f6lyesi, bilgisayar at\u00f6lyesi ve boya ve bask\u0131 laboratuvar\u0131 bulunmaktad\u0131r. Diki\u015f at\u00f6lyesinde ev tipi ve sanayi tipi diki\u015f makineleri, overlok makineleri, \u00fct\u00fcler, \u00fct\u00fc masalar\u0131, diki\u015f makinelerine uygun masalar ve tabureler, kitapl\u0131klar, \u00e7elik ve ah\u015fap dolaplar, \u00e7al\u0131\u015fma masalar\u0131, yaz\u0131 tahtas\u0131 bulunmaktad\u0131r. Dokuma at\u00f6lyelerinde arm\u00fcrl\u00fc dokuma tezgahlar\u0131 (24 \u00e7er\u00e7eve), 4 adet yatay hal\u0131 dokuma tezgah\u0131, masa \u00fcst\u00fc el dokuma tezgah\u0131, \u00e7\u00f6zg\u00fc tahtalar\u0131, tabureler, yaz\u0131 tahtalar\u0131, masalar, iplikler ve iplik dolaplar\u0131 bulunmaktad\u0131r. \u00d6rme at\u00f6lyesinde 4 d\u00fcz yatakl\u0131 ve 4 \u00e7ift yatakl\u0131 passap ve brother \u00f6rme makinalar\u0131 bulunmaktad\u0131r. Ayr\u0131ca bir adet sanayi tipi shima seiki \u00f6rme makinesi ile shima seiki \u00f6rme tasar\u0131m program\u0131n\u0131n oldu\u011fu bilgisayar bulunmaktad\u0131r. Bilgisayar at\u00f6lyesinde 22 adet CAD\/CAM yaz\u0131l\u0131mlar\u0131 ve dijital \u00e7izim tekniklerinin \u00f6\u011fretildi\u011fi Penelope, NedGraphics, Adobe Photoshop ve Illustrator gibi programlar\u0131n yer ald\u0131\u011f\u0131 donan\u0131ml\u0131 bilgisayar bulunmaktad\u0131r. Bilgisayarlara uygun masalar ve tabureler at\u00f6lyede yer almaktad\u0131r.<\/p>\n","protected":false},"excerpt":{"rendered":"<p>Tekstil ve Moda Tasar\u0131m\u0131 B\u00f6l\u00fcm\u00fc Laboratuvar ve At\u00f6lye Kullan\u0131m\u0131 \u0130stanbul Ticaret \u00dcniversitesi\u00a0 K\u00fc\u00e7\u00fckyal\u0131 Yerle\u015fkesinde Tekstil ve Moda Tasar\u0131m\u0131 B\u00f6l\u00fcm\u00fcnde uygulamal\u0131 derslerde kullan\u0131lmak \u00fczere diki\u015f at\u00f6lyesi, dokuma ve \u00f6rme at\u00f6lyesi, bilgisayar at\u00f6lyesi ve boya ve bask\u0131 laboratuvar\u0131 bulunmaktad\u0131r. Diki\u015f at\u00f6lyesinde ev tipi ve sanayi tipi diki\u015f makineleri, overlok makineleri, \u00fct\u00fcler, \u00fct\u00fc masalar\u0131, diki\u015f makinelerine uygun masalar [&hellip;]<\/p>\n","protected":false},"author":224,"featured_media":0,"parent":0,"menu_order":0,"comment_status":"closed","ping_status":"closed","template":"genel_sayfa.php","meta":{"footnotes":""},"yoast_head":"<!-- This site is optimized with the Yoast SEO Premium plugin v22.1 (Yoast SEO v22.1) - https:\/\/yoast.com\/wordpress\/plugins\/seo\/ -->\n<title>Laboratuvarlar - Tekstil ve Moda Tasar\u0131m\u0131<\/title>\n<meta name=\"robots\" content=\"index, follow, max-snippet:-1, max-image-preview:large, max-video-preview:-1\" \/>\n<link rel=\"canonical\" href=\"http:\/\/ticaret.edu.tr\/tekstil-ve-moda-tasarimi\/laboratuvarlar\/\" \/>\n<meta property=\"og:locale\" content=\"tr_TR\" \/>\n<meta property=\"og:type\" content=\"article\" \/>\n<meta property=\"og:title\" content=\"Laboratuvarlar\" \/>\n<meta property=\"og:description\" content=\"Tekstil ve Moda Tasar\u0131m\u0131 B\u00f6l\u00fcm\u00fc Laboratuvar ve At\u00f6lye Kullan\u0131m\u0131 \u0130stanbul Ticaret \u00dcniversitesi\u00a0 K\u00fc\u00e7\u00fckyal\u0131 Yerle\u015fkesinde Tekstil ve Moda Tasar\u0131m\u0131 B\u00f6l\u00fcm\u00fcnde uygulamal\u0131 derslerde kullan\u0131lmak \u00fczere diki\u015f at\u00f6lyesi, dokuma ve \u00f6rme at\u00f6lyesi, bilgisayar at\u00f6lyesi ve boya ve bask\u0131 laboratuvar\u0131 bulunmaktad\u0131r. Diki\u015f at\u00f6lyesinde ev tipi ve sanayi tipi diki\u015f makineleri, overlok makineleri, \u00fct\u00fcler, \u00fct\u00fc masalar\u0131, diki\u015f makinelerine uygun masalar [&hellip;]\" \/>\n<meta property=\"og:url\" content=\"http:\/\/ticaret.edu.tr\/tekstil-ve-moda-tasarimi\/laboratuvarlar\/\" \/>\n<meta property=\"og:site_name\" content=\"Tekstil ve Moda Tasar\u0131m\u0131\" \/>\n<meta property=\"article:publisher\" content=\"https:\/\/www.facebook.com\/ticaretedutr\" \/>\n<meta property=\"article:modified_time\" content=\"2025-10-20T13:08:46+00:00\" \/>\n<meta property=\"og:image\" content=\"http:\/\/ticaret.edu.tr\/tekstil-ve-moda-tasarimi\/wp-content\/uploads\/sites\/26\/2021\/11\/web_logo-01.jpg\" \/>\n\t<meta property=\"og:image:width\" content=\"1250\" \/>\n\t<meta property=\"og:image:height\" content=\"833\" \/>\n\t<meta property=\"og:image:type\" content=\"image\/jpeg\" \/>\n<meta name=\"twitter:card\" content=\"summary_large_image\" \/>\n<meta name=\"twitter:site\" content=\"@ticaretedutr\" \/>\n<meta name=\"twitter:label1\" content=\"Tahmini okuma s\u00fcresi\" \/>\n\t<meta name=\"twitter:data1\" content=\"1 dakika\" \/>\n<script type=\"application\/ld+json\" class=\"yoast-schema-graph\">{\"@context\":\"https:\/\/schema.org\",\"@graph\":[{\"@type\":\"WebPage\",\"@id\":\"http:\/\/ticaret.edu.tr\/tekstil-ve-moda-tasarimi\/laboratuvarlar\/\",\"url\":\"http:\/\/ticaret.edu.tr\/tekstil-ve-moda-tasarimi\/laboratuvarlar\/\",\"name\":\"Laboratuvarlar - Tekstil ve Moda Tasar\u0131m\u0131\",\"isPartOf\":{\"@id\":\"https:\/\/ticaret.edu.tr\/tekstil-ve-moda-tasarimi\/en\/#website\"},\"datePublished\":\"2025-01-25T23:13:03+00:00\",\"dateModified\":\"2025-10-20T13:08:46+00:00\",\"breadcrumb\":{\"@id\":\"http:\/\/ticaret.edu.tr\/tekstil-ve-moda-tasarimi\/laboratuvarlar\/#breadcrumb\"},\"inLanguage\":\"tr\",\"potentialAction\":[{\"@type\":\"ReadAction\",\"target\":[\"http:\/\/ticaret.edu.tr\/tekstil-ve-moda-tasarimi\/laboratuvarlar\/\"]}]},{\"@type\":\"BreadcrumbList\",\"@id\":\"http:\/\/ticaret.edu.tr\/tekstil-ve-moda-tasarimi\/laboratuvarlar\/#breadcrumb\",\"itemListElement\":[{\"@type\":\"ListItem\",\"position\":1,\"name\":\"Ana sayfa\",\"item\":\"http:\/\/ticaret.edu.tr\/tekstil-ve-moda-tasarimi\/\"},{\"@type\":\"ListItem\",\"position\":2,\"name\":\"Laboratuvarlar\"}]},{\"@type\":\"WebSite\",\"@id\":\"https:\/\/ticaret.edu.tr\/tekstil-ve-moda-tasarimi\/en\/#website\",\"url\":\"https:\/\/ticaret.edu.tr\/tekstil-ve-moda-tasarimi\/en\/\",\"name\":\"Tekstil ve Moda Tasar\u0131m\u0131\",\"description\":\"\",\"potentialAction\":[{\"@type\":\"SearchAction\",\"target\":{\"@type\":\"EntryPoint\",\"urlTemplate\":\"https:\/\/ticaret.edu.tr\/tekstil-ve-moda-tasarimi\/en\/?s={search_term_string}\"},\"query-input\":\"required name=search_term_string\"}],\"inLanguage\":\"tr\"}]}<\/script>\n<!-- \/ Yoast SEO Premium plugin. -->","yoast_head_json":{"title":"Laboratuvarlar - Tekstil ve Moda Tasar\u0131m\u0131","robots":{"index":"index","follow":"follow","max-snippet":"max-snippet:-1","max-image-preview":"max-image-preview:large","max-video-preview":"max-video-preview:-1"},"canonical":"http:\/\/ticaret.edu.tr\/tekstil-ve-moda-tasarimi\/laboratuvarlar\/","og_locale":"tr_TR","og_type":"article","og_title":"Laboratuvarlar","og_description":"Tekstil ve Moda Tasar\u0131m\u0131 B\u00f6l\u00fcm\u00fc Laboratuvar ve At\u00f6lye Kullan\u0131m\u0131 \u0130stanbul Ticaret \u00dcniversitesi\u00a0 K\u00fc\u00e7\u00fckyal\u0131 Yerle\u015fkesinde Tekstil ve Moda Tasar\u0131m\u0131 B\u00f6l\u00fcm\u00fcnde uygulamal\u0131 derslerde kullan\u0131lmak \u00fczere diki\u015f at\u00f6lyesi, dokuma ve \u00f6rme at\u00f6lyesi, bilgisayar at\u00f6lyesi ve boya ve bask\u0131 laboratuvar\u0131 bulunmaktad\u0131r. Diki\u015f at\u00f6lyesinde ev tipi ve sanayi tipi diki\u015f makineleri, overlok makineleri, \u00fct\u00fcler, \u00fct\u00fc masalar\u0131, diki\u015f makinelerine uygun masalar [&hellip;]","og_url":"http:\/\/ticaret.edu.tr\/tekstil-ve-moda-tasarimi\/laboratuvarlar\/","og_site_name":"Tekstil ve Moda Tasar\u0131m\u0131","article_publisher":"https:\/\/www.facebook.com\/ticaretedutr","article_modified_time":"2025-10-20T13:08:46+00:00","og_image":[{"width":1250,"height":833,"url":"http:\/\/ticaret.edu.tr\/tekstil-ve-moda-tasarimi\/wp-content\/uploads\/sites\/26\/2021\/11\/web_logo-01.jpg","type":"image\/jpeg"}],"twitter_card":"summary_large_image","twitter_site":"@ticaretedutr","twitter_misc":{"Tahmini okuma s\u00fcresi":"1 dakika"},"schema":{"@context":"https:\/\/schema.org","@graph":[{"@type":"WebPage","@id":"http:\/\/ticaret.edu.tr\/tekstil-ve-moda-tasarimi\/laboratuvarlar\/","url":"http:\/\/ticaret.edu.tr\/tekstil-ve-moda-tasarimi\/laboratuvarlar\/","name":"Laboratuvarlar - Tekstil ve Moda Tasar\u0131m\u0131","isPartOf":{"@id":"https:\/\/ticaret.edu.tr\/tekstil-ve-moda-tasarimi\/en\/#website"},"datePublished":"2025-01-25T23:13:03+00:00","dateModified":"2025-10-20T13:08:46+00:00","breadcrumb":{"@id":"http:\/\/ticaret.edu.tr\/tekstil-ve-moda-tasarimi\/laboratuvarlar\/#breadcrumb"},"inLanguage":"tr","potentialAction":[{"@type":"ReadAction","target":["http:\/\/ticaret.edu.tr\/tekstil-ve-moda-tasarimi\/laboratuvarlar\/"]}]},{"@type":"BreadcrumbList","@id":"http:\/\/ticaret.edu.tr\/tekstil-ve-moda-tasarimi\/laboratuvarlar\/#breadcrumb","itemListElement":[{"@type":"ListItem","position":1,"name":"Ana sayfa","item":"http:\/\/ticaret.edu.tr\/tekstil-ve-moda-tasarimi\/"},{"@type":"ListItem","position":2,"name":"Laboratuvarlar"}]},{"@type":"WebSite","@id":"https:\/\/ticaret.edu.tr\/tekstil-ve-moda-tasarimi\/en\/#website","url":"https:\/\/ticaret.edu.tr\/tekstil-ve-moda-tasarimi\/en\/","name":"Tekstil ve Moda Tasar\u0131m\u0131","description":"","potentialAction":[{"@type":"SearchAction","target":{"@type":"EntryPoint","urlTemplate":"https:\/\/ticaret.edu.tr\/tekstil-ve-moda-tasarimi\/en\/?s={search_term_string}"},"query-input":"required name=search_term_string"}],"inLanguage":"tr"}]}},"lang":"tr","translations":{"tr":1501,"en":1503},"pll_sync_post":[],"_links":{"self":[{"href":"http:\/\/ticaret.edu.tr\/tekstil-ve-moda-tasarimi\/wp-json\/wp\/v2\/pages\/1501"}],"collection":[{"href":"http:\/\/ticaret.edu.tr\/tekstil-ve-moda-tasarimi\/wp-json\/wp\/v2\/pages"}],"about":[{"href":"http:\/\/ticaret.edu.tr\/tekstil-ve-moda-tasarimi\/wp-json\/wp\/v2\/types\/page"}],"author":[{"embeddable":true,"href":"http:\/\/ticaret.edu.tr\/tekstil-ve-moda-tasarimi\/wp-json\/wp\/v2\/users\/224"}],"replies":[{"embeddable":true,"href":"http:\/\/ticaret.edu.tr\/tekstil-ve-moda-tasarimi\/wp-json\/wp\/v2\/comments?post=1501"}],"version-history":[{"count":3,"href":"http:\/\/ticaret.edu.tr\/tekstil-ve-moda-tasarimi\/wp-json\/wp\/v2\/pages\/1501\/revisions"}],"predecessor-version":[{"id":1939,"href":"http:\/\/ticaret.edu.tr\/tekstil-ve-moda-tasarimi\/wp-json\/wp\/v2\/pages\/1501\/revisions\/1939"}],"wp:attachment":[{"href":"http:\/\/ticaret.edu.tr\/tekstil-ve-moda-tasarimi\/wp-json\/wp\/v2\/media?parent=1501"}],"curies":[{"name":"wp","href":"https:\/\/api.w.org\/{rel}","templated":true}]}}