{"id":1509,"date":"2025-01-26T02:16:03","date_gmt":"2025-01-25T23:16:03","guid":{"rendered":"https:\/\/ticaret.edu.tr\/tekstil-ve-moda-tasarimi\/?page_id=1509"},"modified":"2025-10-21T16:12:31","modified_gmt":"2025-10-21T13:12:31","slug":"arastirma-alanlari","status":"publish","type":"page","link":"http:\/\/ticaret.edu.tr\/tekstil-ve-moda-tasarimi\/arastirma-alanlari\/","title":{"rendered":"Ara\u015ft\u0131rma Alanlar\u0131"},"content":{"rendered":"<p>\u00d6\u011fretim elemanlar\u0131m\u0131z\u0131n ara\u015ft\u0131rma alanlar\u0131na B\u00d6L\u00dcM &gt; <a href=\"https:\/\/ticaret.edu.tr\/tekstil-ve-moda-tasarimi\/akademik-kadro\/\">Akademik Kadro \u00a0<\/a>sayfas\u0131ndan ula\u015f\u0131labilir.<\/p>\n","protected":false},"excerpt":{"rendered":"<p>\u00d6\u011fretim elemanlar\u0131m\u0131z\u0131n ara\u015ft\u0131rma alanlar\u0131na B\u00d6L\u00dcM &gt; Akademik Kadro \u00a0sayfas\u0131ndan ula\u015f\u0131labilir.<\/p>\n","protected":false},"author":224,"featured_media":0,"parent":0,"menu_order":0,"comment_status":"closed","ping_status":"closed","template":"genel_sayfa.php","meta":{"footnotes":""},"yoast_head":"<!-- This site is optimized with the Yoast SEO Premium plugin v22.1 (Yoast SEO v22.1) - https:\/\/yoast.com\/wordpress\/plugins\/seo\/ -->\n<title>Ara\u015ft\u0131rma Alanlar\u0131 - Tekstil ve Moda Tasar\u0131m\u0131<\/title>\n<meta name=\"robots\" content=\"index, follow, max-snippet:-1, max-image-preview:large, max-video-preview:-1\" \/>\n<link rel=\"canonical\" href=\"http:\/\/ticaret.edu.tr\/tekstil-ve-moda-tasarimi\/arastirma-alanlari\/\" \/>\n<meta property=\"og:locale\" content=\"tr_TR\" \/>\n<meta property=\"og:type\" content=\"article\" \/>\n<meta property=\"og:title\" content=\"Ara\u015ft\u0131rma Alanlar\u0131\" \/>\n<meta property=\"og:description\" content=\"\u00d6\u011fretim elemanlar\u0131m\u0131z\u0131n ara\u015ft\u0131rma alanlar\u0131na B\u00d6L\u00dcM &gt; Akademik Kadro \u00a0sayfas\u0131ndan ula\u015f\u0131labilir.\" \/>\n<meta property=\"og:url\" content=\"http:\/\/ticaret.edu.tr\/tekstil-ve-moda-tasarimi\/arastirma-alanlari\/\" \/>\n<meta property=\"og:site_name\" content=\"Tekstil ve Moda Tasar\u0131m\u0131\" \/>\n<meta property=\"article:publisher\" content=\"https:\/\/www.facebook.com\/ticaretedutr\" \/>\n<meta property=\"article:modified_time\" content=\"2025-10-21T13:12:31+00:00\" \/>\n<meta property=\"og:image\" content=\"http:\/\/ticaret.edu.tr\/tekstil-ve-moda-tasarimi\/wp-content\/uploads\/sites\/26\/2021\/11\/web_logo-01.jpg\" \/>\n\t<meta property=\"og:image:width\" content=\"1250\" \/>\n\t<meta property=\"og:image:height\" content=\"833\" \/>\n\t<meta property=\"og:image:type\" content=\"image\/jpeg\" \/>\n<meta name=\"twitter:card\" content=\"summary_large_image\" \/>\n<meta name=\"twitter:site\" content=\"@ticaretedutr\" \/>\n<meta name=\"twitter:label1\" content=\"Tahmini okuma s\u00fcresi\" \/>\n\t<meta name=\"twitter:data1\" content=\"1 dakika\" \/>\n<script type=\"application\/ld+json\" class=\"yoast-schema-graph\">{\"@context\":\"https:\/\/schema.org\",\"@graph\":[{\"@type\":\"WebPage\",\"@id\":\"http:\/\/ticaret.edu.tr\/tekstil-ve-moda-tasarimi\/arastirma-alanlari\/\",\"url\":\"http:\/\/ticaret.edu.tr\/tekstil-ve-moda-tasarimi\/arastirma-alanlari\/\",\"name\":\"Ara\u015ft\u0131rma Alanlar\u0131 - Tekstil ve Moda Tasar\u0131m\u0131\",\"isPartOf\":{\"@id\":\"https:\/\/ticaret.edu.tr\/tekstil-ve-moda-tasarimi\/en\/#website\"},\"datePublished\":\"2025-01-25T23:16:03+00:00\",\"dateModified\":\"2025-10-21T13:12:31+00:00\",\"breadcrumb\":{\"@id\":\"http:\/\/ticaret.edu.tr\/tekstil-ve-moda-tasarimi\/arastirma-alanlari\/#breadcrumb\"},\"inLanguage\":\"tr\",\"potentialAction\":[{\"@type\":\"ReadAction\",\"target\":[\"http:\/\/ticaret.edu.tr\/tekstil-ve-moda-tasarimi\/arastirma-alanlari\/\"]}]},{\"@type\":\"BreadcrumbList\",\"@id\":\"http:\/\/ticaret.edu.tr\/tekstil-ve-moda-tasarimi\/arastirma-alanlari\/#breadcrumb\",\"itemListElement\":[{\"@type\":\"ListItem\",\"position\":1,\"name\":\"Ana sayfa\",\"item\":\"http:\/\/ticaret.edu.tr\/tekstil-ve-moda-tasarimi\/\"},{\"@type\":\"ListItem\",\"position\":2,\"name\":\"Ara\u015ft\u0131rma Alanlar\u0131\"}]},{\"@type\":\"WebSite\",\"@id\":\"https:\/\/ticaret.edu.tr\/tekstil-ve-moda-tasarimi\/en\/#website\",\"url\":\"https:\/\/ticaret.edu.tr\/tekstil-ve-moda-tasarimi\/en\/\",\"name\":\"Tekstil ve Moda Tasar\u0131m\u0131\",\"description\":\"\",\"potentialAction\":[{\"@type\":\"SearchAction\",\"target\":{\"@type\":\"EntryPoint\",\"urlTemplate\":\"https:\/\/ticaret.edu.tr\/tekstil-ve-moda-tasarimi\/en\/?s={search_term_string}\"},\"query-input\":\"required name=search_term_string\"}],\"inLanguage\":\"tr\"}]}<\/script>\n<!-- \/ Yoast SEO Premium plugin. -->","yoast_head_json":{"title":"Ara\u015ft\u0131rma Alanlar\u0131 - Tekstil ve Moda Tasar\u0131m\u0131","robots":{"index":"index","follow":"follow","max-snippet":"max-snippet:-1","max-image-preview":"max-image-preview:large","max-video-preview":"max-video-preview:-1"},"canonical":"http:\/\/ticaret.edu.tr\/tekstil-ve-moda-tasarimi\/arastirma-alanlari\/","og_locale":"tr_TR","og_type":"article","og_title":"Ara\u015ft\u0131rma Alanlar\u0131","og_description":"\u00d6\u011fretim elemanlar\u0131m\u0131z\u0131n ara\u015ft\u0131rma alanlar\u0131na B\u00d6L\u00dcM &gt; Akademik Kadro \u00a0sayfas\u0131ndan ula\u015f\u0131labilir.","og_url":"http:\/\/ticaret.edu.tr\/tekstil-ve-moda-tasarimi\/arastirma-alanlari\/","og_site_name":"Tekstil ve Moda Tasar\u0131m\u0131","article_publisher":"https:\/\/www.facebook.com\/ticaretedutr","article_modified_time":"2025-10-21T13:12:31+00:00","og_image":[{"width":1250,"height":833,"url":"http:\/\/ticaret.edu.tr\/tekstil-ve-moda-tasarimi\/wp-content\/uploads\/sites\/26\/2021\/11\/web_logo-01.jpg","type":"image\/jpeg"}],"twitter_card":"summary_large_image","twitter_site":"@ticaretedutr","twitter_misc":{"Tahmini okuma s\u00fcresi":"1 dakika"},"schema":{"@context":"https:\/\/schema.org","@graph":[{"@type":"WebPage","@id":"http:\/\/ticaret.edu.tr\/tekstil-ve-moda-tasarimi\/arastirma-alanlari\/","url":"http:\/\/ticaret.edu.tr\/tekstil-ve-moda-tasarimi\/arastirma-alanlari\/","name":"Ara\u015ft\u0131rma Alanlar\u0131 - Tekstil ve Moda Tasar\u0131m\u0131","isPartOf":{"@id":"https:\/\/ticaret.edu.tr\/tekstil-ve-moda-tasarimi\/en\/#website"},"datePublished":"2025-01-25T23:16:03+00:00","dateModified":"2025-10-21T13:12:31+00:00","breadcrumb":{"@id":"http:\/\/ticaret.edu.tr\/tekstil-ve-moda-tasarimi\/arastirma-alanlari\/#breadcrumb"},"inLanguage":"tr","potentialAction":[{"@type":"ReadAction","target":["http:\/\/ticaret.edu.tr\/tekstil-ve-moda-tasarimi\/arastirma-alanlari\/"]}]},{"@type":"BreadcrumbList","@id":"http:\/\/ticaret.edu.tr\/tekstil-ve-moda-tasarimi\/arastirma-alanlari\/#breadcrumb","itemListElement":[{"@type":"ListItem","position":1,"name":"Ana sayfa","item":"http:\/\/ticaret.edu.tr\/tekstil-ve-moda-tasarimi\/"},{"@type":"ListItem","position":2,"name":"Ara\u015ft\u0131rma Alanlar\u0131"}]},{"@type":"WebSite","@id":"https:\/\/ticaret.edu.tr\/tekstil-ve-moda-tasarimi\/en\/#website","url":"https:\/\/ticaret.edu.tr\/tekstil-ve-moda-tasarimi\/en\/","name":"Tekstil ve Moda Tasar\u0131m\u0131","description":"","potentialAction":[{"@type":"SearchAction","target":{"@type":"EntryPoint","urlTemplate":"https:\/\/ticaret.edu.tr\/tekstil-ve-moda-tasarimi\/en\/?s={search_term_string}"},"query-input":"required name=search_term_string"}],"inLanguage":"tr"}]}},"lang":"tr","translations":{"tr":1509,"en":1511},"pll_sync_post":[],"_links":{"self":[{"href":"http:\/\/ticaret.edu.tr\/tekstil-ve-moda-tasarimi\/wp-json\/wp\/v2\/pages\/1509"}],"collection":[{"href":"http:\/\/ticaret.edu.tr\/tekstil-ve-moda-tasarimi\/wp-json\/wp\/v2\/pages"}],"about":[{"href":"http:\/\/ticaret.edu.tr\/tekstil-ve-moda-tasarimi\/wp-json\/wp\/v2\/types\/page"}],"author":[{"embeddable":true,"href":"http:\/\/ticaret.edu.tr\/tekstil-ve-moda-tasarimi\/wp-json\/wp\/v2\/users\/224"}],"replies":[{"embeddable":true,"href":"http:\/\/ticaret.edu.tr\/tekstil-ve-moda-tasarimi\/wp-json\/wp\/v2\/comments?post=1509"}],"version-history":[{"count":5,"href":"http:\/\/ticaret.edu.tr\/tekstil-ve-moda-tasarimi\/wp-json\/wp\/v2\/pages\/1509\/revisions"}],"predecessor-version":[{"id":1968,"href":"http:\/\/ticaret.edu.tr\/tekstil-ve-moda-tasarimi\/wp-json\/wp\/v2\/pages\/1509\/revisions\/1968"}],"wp:attachment":[{"href":"http:\/\/ticaret.edu.tr\/tekstil-ve-moda-tasarimi\/wp-json\/wp\/v2\/media?parent=1509"}],"curies":[{"name":"wp","href":"https:\/\/api.w.org\/{rel}","templated":true}]}}