{"id":1532,"date":"2025-01-26T02:31:08","date_gmt":"2025-01-25T23:31:08","guid":{"rendered":"https:\/\/ticaret.edu.tr\/tekstil-ve-moda-tasarimi\/?page_id=1532"},"modified":"2025-10-21T15:35:12","modified_gmt":"2025-10-21T12:35:12","slug":"akreditasyon","status":"publish","type":"page","link":"http:\/\/ticaret.edu.tr\/tekstil-ve-moda-tasarimi\/akreditasyon\/","title":{"rendered":"Akreditasyon"},"content":{"rendered":"<p>Kalite g\u00fcvencesi \u00e7al\u0131\u015fmalar\u0131 kapsam\u0131nda, Tekstil ve Moda Tasar\u0131m\u0131 B\u00f6l\u00fcm\u00fc Dan\u0131\u015fma Kurulu i\u00e7 payda\u015flar\u0131 (B\u00f6l\u00fcm Ba\u015fkan\u0131, B\u00f6l\u00fcm \u00d6\u011fretim \u00dcyeleri, B\u00f6l\u00fcm Kalite El\u00e7isi, B\u00f6l\u00fcm \u00d6\u011frenci Temsilcisi) \u00a0ile akreditasyon \u00e7al\u0131\u015fmalar\u0131 kapsam\u0131nda \u00f6n \u00e7al\u0131\u015fmalara ba\u015flanm\u0131\u015ft\u0131r.<\/p>\n<p><strong>Ger\u00e7ekle\u015ftirilmi\u015f Akreditasyon Toplant\u0131lar\u0131:<\/strong><\/p>\n<ul>\n<li><strong>Toplant\u0131 1:<\/strong> 05.11.2024, 13:00-14:30 (ger\u00e7ekle\u015ftirilmi\u015f ve kay\u0131t alt\u0131na al\u0131nm\u0131\u015ft\u0131r).<\/li>\n<li><strong>Toplant\u0131 2:<\/strong> 13.05.2025, 13:00-14:00 (ger\u00e7ekle\u015ftirilmi\u015f ve kay\u0131t alt\u0131na al\u0131nm\u0131\u015ft\u0131r).<\/li>\n<li><strong>Toplant\u0131 3:<\/strong> 21.11.2025 tarihinde ger\u00e7ekle\u015fmesi planlanmaktad\u0131r.<\/li>\n<\/ul>\n","protected":false},"excerpt":{"rendered":"<p>Kalite g\u00fcvencesi \u00e7al\u0131\u015fmalar\u0131 kapsam\u0131nda, Tekstil ve Moda Tasar\u0131m\u0131 B\u00f6l\u00fcm\u00fc Dan\u0131\u015fma Kurulu i\u00e7 payda\u015flar\u0131 (B\u00f6l\u00fcm Ba\u015fkan\u0131, B\u00f6l\u00fcm \u00d6\u011fretim \u00dcyeleri, B\u00f6l\u00fcm Kalite El\u00e7isi, B\u00f6l\u00fcm \u00d6\u011frenci Temsilcisi) \u00a0ile akreditasyon \u00e7al\u0131\u015fmalar\u0131 kapsam\u0131nda \u00f6n \u00e7al\u0131\u015fmalara ba\u015flanm\u0131\u015ft\u0131r. Ger\u00e7ekle\u015ftirilmi\u015f Akreditasyon Toplant\u0131lar\u0131: Toplant\u0131 1: 05.11.2024, 13:00-14:30 (ger\u00e7ekle\u015ftirilmi\u015f ve kay\u0131t alt\u0131na al\u0131nm\u0131\u015ft\u0131r). Toplant\u0131 2: 13.05.2025, 13:00-14:00 (ger\u00e7ekle\u015ftirilmi\u015f ve kay\u0131t alt\u0131na al\u0131nm\u0131\u015ft\u0131r). Toplant\u0131 3: 21.11.2025 [&hellip;]<\/p>\n","protected":false},"author":224,"featured_media":0,"parent":0,"menu_order":0,"comment_status":"closed","ping_status":"closed","template":"genel_sayfa.php","meta":{"footnotes":""},"yoast_head":"<!-- This site is optimized with the Yoast SEO Premium plugin v22.1 (Yoast SEO v22.1) - https:\/\/yoast.com\/wordpress\/plugins\/seo\/ -->\n<title>Akreditasyon - Tekstil ve Moda Tasar\u0131m\u0131<\/title>\n<meta name=\"robots\" content=\"index, follow, max-snippet:-1, max-image-preview:large, max-video-preview:-1\" \/>\n<link rel=\"canonical\" href=\"http:\/\/ticaret.edu.tr\/tekstil-ve-moda-tasarimi\/akreditasyon\/\" \/>\n<meta property=\"og:locale\" content=\"tr_TR\" \/>\n<meta property=\"og:type\" content=\"article\" \/>\n<meta property=\"og:title\" content=\"Akreditasyon\" \/>\n<meta property=\"og:description\" content=\"Kalite g\u00fcvencesi \u00e7al\u0131\u015fmalar\u0131 kapsam\u0131nda, Tekstil ve Moda Tasar\u0131m\u0131 B\u00f6l\u00fcm\u00fc Dan\u0131\u015fma Kurulu i\u00e7 payda\u015flar\u0131 (B\u00f6l\u00fcm Ba\u015fkan\u0131, B\u00f6l\u00fcm \u00d6\u011fretim \u00dcyeleri, B\u00f6l\u00fcm Kalite El\u00e7isi, B\u00f6l\u00fcm \u00d6\u011frenci Temsilcisi) \u00a0ile akreditasyon \u00e7al\u0131\u015fmalar\u0131 kapsam\u0131nda \u00f6n \u00e7al\u0131\u015fmalara ba\u015flanm\u0131\u015ft\u0131r. Ger\u00e7ekle\u015ftirilmi\u015f Akreditasyon Toplant\u0131lar\u0131: Toplant\u0131 1: 05.11.2024, 13:00-14:30 (ger\u00e7ekle\u015ftirilmi\u015f ve kay\u0131t alt\u0131na al\u0131nm\u0131\u015ft\u0131r). Toplant\u0131 2: 13.05.2025, 13:00-14:00 (ger\u00e7ekle\u015ftirilmi\u015f ve kay\u0131t alt\u0131na al\u0131nm\u0131\u015ft\u0131r). Toplant\u0131 3: 21.11.2025 [&hellip;]\" \/>\n<meta property=\"og:url\" content=\"http:\/\/ticaret.edu.tr\/tekstil-ve-moda-tasarimi\/akreditasyon\/\" \/>\n<meta property=\"og:site_name\" content=\"Tekstil ve Moda Tasar\u0131m\u0131\" \/>\n<meta property=\"article:publisher\" content=\"https:\/\/www.facebook.com\/ticaretedutr\" \/>\n<meta property=\"article:modified_time\" content=\"2025-10-21T12:35:12+00:00\" \/>\n<meta property=\"og:image\" content=\"http:\/\/ticaret.edu.tr\/tekstil-ve-moda-tasarimi\/wp-content\/uploads\/sites\/26\/2021\/11\/web_logo-01.jpg\" \/>\n\t<meta property=\"og:image:width\" content=\"1250\" \/>\n\t<meta property=\"og:image:height\" content=\"833\" \/>\n\t<meta property=\"og:image:type\" content=\"image\/jpeg\" \/>\n<meta name=\"twitter:card\" content=\"summary_large_image\" \/>\n<meta name=\"twitter:site\" content=\"@ticaretedutr\" \/>\n<meta name=\"twitter:label1\" content=\"Tahmini okuma s\u00fcresi\" \/>\n\t<meta name=\"twitter:data1\" content=\"1 dakika\" \/>\n<script type=\"application\/ld+json\" class=\"yoast-schema-graph\">{\"@context\":\"https:\/\/schema.org\",\"@graph\":[{\"@type\":\"WebPage\",\"@id\":\"http:\/\/ticaret.edu.tr\/tekstil-ve-moda-tasarimi\/akreditasyon\/\",\"url\":\"http:\/\/ticaret.edu.tr\/tekstil-ve-moda-tasarimi\/akreditasyon\/\",\"name\":\"Akreditasyon - Tekstil ve Moda Tasar\u0131m\u0131\",\"isPartOf\":{\"@id\":\"https:\/\/ticaret.edu.tr\/tekstil-ve-moda-tasarimi\/en\/#website\"},\"datePublished\":\"2025-01-25T23:31:08+00:00\",\"dateModified\":\"2025-10-21T12:35:12+00:00\",\"breadcrumb\":{\"@id\":\"http:\/\/ticaret.edu.tr\/tekstil-ve-moda-tasarimi\/akreditasyon\/#breadcrumb\"},\"inLanguage\":\"tr\",\"potentialAction\":[{\"@type\":\"ReadAction\",\"target\":[\"http:\/\/ticaret.edu.tr\/tekstil-ve-moda-tasarimi\/akreditasyon\/\"]}]},{\"@type\":\"BreadcrumbList\",\"@id\":\"http:\/\/ticaret.edu.tr\/tekstil-ve-moda-tasarimi\/akreditasyon\/#breadcrumb\",\"itemListElement\":[{\"@type\":\"ListItem\",\"position\":1,\"name\":\"Ana sayfa\",\"item\":\"http:\/\/ticaret.edu.tr\/tekstil-ve-moda-tasarimi\/\"},{\"@type\":\"ListItem\",\"position\":2,\"name\":\"Akreditasyon\"}]},{\"@type\":\"WebSite\",\"@id\":\"https:\/\/ticaret.edu.tr\/tekstil-ve-moda-tasarimi\/en\/#website\",\"url\":\"https:\/\/ticaret.edu.tr\/tekstil-ve-moda-tasarimi\/en\/\",\"name\":\"Tekstil ve Moda Tasar\u0131m\u0131\",\"description\":\"\",\"potentialAction\":[{\"@type\":\"SearchAction\",\"target\":{\"@type\":\"EntryPoint\",\"urlTemplate\":\"https:\/\/ticaret.edu.tr\/tekstil-ve-moda-tasarimi\/en\/?s={search_term_string}\"},\"query-input\":\"required name=search_term_string\"}],\"inLanguage\":\"tr\"}]}<\/script>\n<!-- \/ Yoast SEO Premium plugin. -->","yoast_head_json":{"title":"Akreditasyon - Tekstil ve Moda Tasar\u0131m\u0131","robots":{"index":"index","follow":"follow","max-snippet":"max-snippet:-1","max-image-preview":"max-image-preview:large","max-video-preview":"max-video-preview:-1"},"canonical":"http:\/\/ticaret.edu.tr\/tekstil-ve-moda-tasarimi\/akreditasyon\/","og_locale":"tr_TR","og_type":"article","og_title":"Akreditasyon","og_description":"Kalite g\u00fcvencesi \u00e7al\u0131\u015fmalar\u0131 kapsam\u0131nda, Tekstil ve Moda Tasar\u0131m\u0131 B\u00f6l\u00fcm\u00fc Dan\u0131\u015fma Kurulu i\u00e7 payda\u015flar\u0131 (B\u00f6l\u00fcm Ba\u015fkan\u0131, B\u00f6l\u00fcm \u00d6\u011fretim \u00dcyeleri, B\u00f6l\u00fcm Kalite El\u00e7isi, B\u00f6l\u00fcm \u00d6\u011frenci Temsilcisi) \u00a0ile akreditasyon \u00e7al\u0131\u015fmalar\u0131 kapsam\u0131nda \u00f6n \u00e7al\u0131\u015fmalara ba\u015flanm\u0131\u015ft\u0131r. Ger\u00e7ekle\u015ftirilmi\u015f Akreditasyon Toplant\u0131lar\u0131: Toplant\u0131 1: 05.11.2024, 13:00-14:30 (ger\u00e7ekle\u015ftirilmi\u015f ve kay\u0131t alt\u0131na al\u0131nm\u0131\u015ft\u0131r). Toplant\u0131 2: 13.05.2025, 13:00-14:00 (ger\u00e7ekle\u015ftirilmi\u015f ve kay\u0131t alt\u0131na al\u0131nm\u0131\u015ft\u0131r). Toplant\u0131 3: 21.11.2025 [&hellip;]","og_url":"http:\/\/ticaret.edu.tr\/tekstil-ve-moda-tasarimi\/akreditasyon\/","og_site_name":"Tekstil ve Moda Tasar\u0131m\u0131","article_publisher":"https:\/\/www.facebook.com\/ticaretedutr","article_modified_time":"2025-10-21T12:35:12+00:00","og_image":[{"width":1250,"height":833,"url":"http:\/\/ticaret.edu.tr\/tekstil-ve-moda-tasarimi\/wp-content\/uploads\/sites\/26\/2021\/11\/web_logo-01.jpg","type":"image\/jpeg"}],"twitter_card":"summary_large_image","twitter_site":"@ticaretedutr","twitter_misc":{"Tahmini okuma s\u00fcresi":"1 dakika"},"schema":{"@context":"https:\/\/schema.org","@graph":[{"@type":"WebPage","@id":"http:\/\/ticaret.edu.tr\/tekstil-ve-moda-tasarimi\/akreditasyon\/","url":"http:\/\/ticaret.edu.tr\/tekstil-ve-moda-tasarimi\/akreditasyon\/","name":"Akreditasyon - Tekstil ve Moda Tasar\u0131m\u0131","isPartOf":{"@id":"https:\/\/ticaret.edu.tr\/tekstil-ve-moda-tasarimi\/en\/#website"},"datePublished":"2025-01-25T23:31:08+00:00","dateModified":"2025-10-21T12:35:12+00:00","breadcrumb":{"@id":"http:\/\/ticaret.edu.tr\/tekstil-ve-moda-tasarimi\/akreditasyon\/#breadcrumb"},"inLanguage":"tr","potentialAction":[{"@type":"ReadAction","target":["http:\/\/ticaret.edu.tr\/tekstil-ve-moda-tasarimi\/akreditasyon\/"]}]},{"@type":"BreadcrumbList","@id":"http:\/\/ticaret.edu.tr\/tekstil-ve-moda-tasarimi\/akreditasyon\/#breadcrumb","itemListElement":[{"@type":"ListItem","position":1,"name":"Ana sayfa","item":"http:\/\/ticaret.edu.tr\/tekstil-ve-moda-tasarimi\/"},{"@type":"ListItem","position":2,"name":"Akreditasyon"}]},{"@type":"WebSite","@id":"https:\/\/ticaret.edu.tr\/tekstil-ve-moda-tasarimi\/en\/#website","url":"https:\/\/ticaret.edu.tr\/tekstil-ve-moda-tasarimi\/en\/","name":"Tekstil ve Moda Tasar\u0131m\u0131","description":"","potentialAction":[{"@type":"SearchAction","target":{"@type":"EntryPoint","urlTemplate":"https:\/\/ticaret.edu.tr\/tekstil-ve-moda-tasarimi\/en\/?s={search_term_string}"},"query-input":"required name=search_term_string"}],"inLanguage":"tr"}]}},"lang":"tr","translations":{"tr":1532,"en":1534},"pll_sync_post":[],"_links":{"self":[{"href":"http:\/\/ticaret.edu.tr\/tekstil-ve-moda-tasarimi\/wp-json\/wp\/v2\/pages\/1532"}],"collection":[{"href":"http:\/\/ticaret.edu.tr\/tekstil-ve-moda-tasarimi\/wp-json\/wp\/v2\/pages"}],"about":[{"href":"http:\/\/ticaret.edu.tr\/tekstil-ve-moda-tasarimi\/wp-json\/wp\/v2\/types\/page"}],"author":[{"embeddable":true,"href":"http:\/\/ticaret.edu.tr\/tekstil-ve-moda-tasarimi\/wp-json\/wp\/v2\/users\/224"}],"replies":[{"embeddable":true,"href":"http:\/\/ticaret.edu.tr\/tekstil-ve-moda-tasarimi\/wp-json\/wp\/v2\/comments?post=1532"}],"version-history":[{"count":4,"href":"http:\/\/ticaret.edu.tr\/tekstil-ve-moda-tasarimi\/wp-json\/wp\/v2\/pages\/1532\/revisions"}],"predecessor-version":[{"id":1962,"href":"http:\/\/ticaret.edu.tr\/tekstil-ve-moda-tasarimi\/wp-json\/wp\/v2\/pages\/1532\/revisions\/1962"}],"wp:attachment":[{"href":"http:\/\/ticaret.edu.tr\/tekstil-ve-moda-tasarimi\/wp-json\/wp\/v2\/media?parent=1532"}],"curies":[{"name":"wp","href":"https:\/\/api.w.org\/{rel}","templated":true}]}}