{"id":1565,"date":"2025-01-26T03:02:49","date_gmt":"2025-01-26T00:02:49","guid":{"rendered":"https:\/\/ticaret.edu.tr\/tekstil-ve-moda-tasarimi\/?page_id=1565"},"modified":"2025-10-20T12:53:42","modified_gmt":"2025-10-20T09:53:42","slug":"program-egitim-amaclari","status":"publish","type":"page","link":"http:\/\/ticaret.edu.tr\/tekstil-ve-moda-tasarimi\/program-egitim-amaclari\/","title":{"rendered":"Program E\u011fitim Ama\u00e7lar\u0131"},"content":{"rendered":"<p data-start=\"474\" data-end=\"684\">\u00d6\u011frencilerimize, sanat\u0131, k\u00fclt\u00fcr\u00fc, teknolojiyi ve esteti\u011fi b\u00fct\u00fcnc\u00fcl bir yakla\u015f\u0131mla harmanlayarak, insan odakl\u0131, yenilik\u00e7i, s\u00fcrd\u00fcr\u00fclebilir ve \u00e7a\u011fda\u015f tasar\u0131mlar geli\u015ftirebilme becerisi kazand\u0131rmay\u0131 hedefliyoruz.<\/p>\n<p data-start=\"686\" data-end=\"796\">Bu do\u011frultuda program\u0131m\u0131z, \u00f6\u011frencilerimize a\u015fa\u011f\u0131daki bilgi, beceri ve de\u011ferleri kazand\u0131rmay\u0131 ama\u00e7lamaktad\u0131r:<\/p>\n<ul data-start=\"798\" data-end=\"1931\">\n<li data-start=\"798\" data-end=\"965\">\n<p data-start=\"800\" data-end=\"965\"><strong data-start=\"800\" data-end=\"889\">Yarat\u0131c\u0131, ara\u015ft\u0131rmac\u0131, analitik d\u00fc\u015f\u00fcnebilen ve ele\u015ftirel bak\u0131\u015f a\u00e7\u0131s\u0131na sahip bireyler<\/strong> olarak geli\u015fmek; moda ve tekstil alan\u0131nda yenilik\u00e7i fikirler \u00fcretebilmek,<\/p>\n<\/li>\n<li data-start=\"966\" data-end=\"1123\">\n<p data-start=\"968\" data-end=\"1123\"><strong data-start=\"968\" data-end=\"1035\">Tasar\u0131m s\u00fcrecinde disiplinleraras\u0131 etkile\u015fimin \u00f6nemini kavramak<\/strong>, sanat\u0131, teknolojiyi, sosyolojiyi ve k\u00fclt\u00fcrel unsurlar\u0131 bir arada de\u011ferlendirebilmek,<\/p>\n<\/li>\n<li data-start=\"1124\" data-end=\"1247\">\n<p data-start=\"1126\" data-end=\"1247\"><strong data-start=\"1126\" data-end=\"1196\">K\u00fclt\u00fcrel miras\u0131, yerel de\u011ferleri ve geleneksel \u00fcretim tekniklerini<\/strong> \u00e7a\u011fda\u015f moda anlay\u0131\u015f\u0131yla yeniden yorumlayabilmek,<\/p>\n<\/li>\n<li data-start=\"1248\" data-end=\"1402\">\n<p data-start=\"1250\" data-end=\"1402\"><strong data-start=\"1250\" data-end=\"1295\">Do\u011fal ve s\u00fcrd\u00fcr\u00fclebilir malzeme kullan\u0131m\u0131<\/strong>, etik \u00fcretim anlay\u0131\u015f\u0131 ve \u00e7evre duyarl\u0131l\u0131\u011f\u0131 temelinde, toplumsal sorumluluk bilinciyle hareket edebilmek,<\/p>\n<\/li>\n<li data-start=\"1403\" data-end=\"1546\">\n<p data-start=\"1405\" data-end=\"1546\"><strong data-start=\"1405\" data-end=\"1445\">Kuma\u015f, form, renk ve doku ili\u015fkisini<\/strong> estetik ve teknik bir bak\u0131\u015f a\u00e7\u0131s\u0131yla birle\u015ftirerek \u00f6zg\u00fcn koleksiyonlar ve \u00fcr\u00fcnler tasarlayabilmek,<\/p>\n<\/li>\n<li data-start=\"1547\" data-end=\"1683\">\n<p data-start=\"1549\" data-end=\"1683\"><strong data-start=\"1549\" data-end=\"1618\">Tekstil \u00fcretimi, moda y\u00f6netimi ve dijital tasar\u0131m teknolojilerine<\/strong> h\u00e2kim olarak sekt\u00f6rel s\u00fcre\u00e7leri b\u00fct\u00fcnc\u00fcl bi\u00e7imde y\u00f6netebilmek,<\/p>\n<\/li>\n<li data-start=\"1684\" data-end=\"1809\">\n<p data-start=\"1686\" data-end=\"1809\">Tasar\u0131m\u0131n t\u00fcm a\u015famalar\u0131nda <strong data-start=\"1713\" data-end=\"1777\">g\u00f6rsel anlat\u0131m, teknik \u00e7izim, ileti\u015fim ve sunum becerilerini<\/strong> etkili \u015fekilde kullanabilmek,<\/p>\n<\/li>\n<li data-start=\"1810\" data-end=\"1931\">\n<p data-start=\"1812\" data-end=\"1931\">Mesleki s\u00fcre\u00e7lerde <strong data-start=\"1831\" data-end=\"1896\">etik de\u011ferlere, profesyonel standartlara ve tak\u0131m \u00e7al\u0131\u015fmas\u0131na<\/strong> uygun bi\u00e7imde hareket edebilmek.<\/p>\n<\/li>\n<\/ul>\n<p data-start=\"1933\" data-end=\"2203\">Bu kapsamda, \u00f6\u011frencilerimizin estetik duyarl\u0131l\u0131\u011f\u0131 y\u00fcksek, yenilik\u00e7i d\u00fc\u015f\u00fcnme kapasitesine sahip, s\u00fcrd\u00fcr\u00fclebilir \u00fcretim ve tasar\u0131m anlay\u0131\u015f\u0131n\u0131 benimseyen, ulusal ve uluslararas\u0131 \u00f6l\u00e7ekte rekabet g\u00fcc\u00fc y\u00fcksek moda ve tekstil tasar\u0131mc\u0131lar\u0131 olarak yeti\u015fmeleri ama\u00e7lanmaktad\u0131r.<\/p>\n","protected":false},"excerpt":{"rendered":"<p>\u00d6\u011frencilerimize, sanat\u0131, k\u00fclt\u00fcr\u00fc, teknolojiyi ve esteti\u011fi b\u00fct\u00fcnc\u00fcl bir yakla\u015f\u0131mla harmanlayarak, insan odakl\u0131, yenilik\u00e7i, s\u00fcrd\u00fcr\u00fclebilir ve \u00e7a\u011fda\u015f tasar\u0131mlar geli\u015ftirebilme becerisi kazand\u0131rmay\u0131 hedefliyoruz. Bu do\u011frultuda program\u0131m\u0131z, \u00f6\u011frencilerimize a\u015fa\u011f\u0131daki bilgi, beceri ve de\u011ferleri kazand\u0131rmay\u0131 ama\u00e7lamaktad\u0131r: Yarat\u0131c\u0131, ara\u015ft\u0131rmac\u0131, analitik d\u00fc\u015f\u00fcnebilen ve ele\u015ftirel bak\u0131\u015f a\u00e7\u0131s\u0131na sahip bireyler olarak geli\u015fmek; moda ve tekstil alan\u0131nda yenilik\u00e7i fikirler \u00fcretebilmek, Tasar\u0131m s\u00fcrecinde disiplinleraras\u0131 etkile\u015fimin [&hellip;]<\/p>\n","protected":false},"author":224,"featured_media":0,"parent":0,"menu_order":0,"comment_status":"closed","ping_status":"closed","template":"genel_sayfa.php","meta":{"footnotes":""},"yoast_head":"<!-- This site is optimized with the Yoast SEO Premium plugin v22.1 (Yoast SEO v22.1) - https:\/\/yoast.com\/wordpress\/plugins\/seo\/ -->\n<title>Program E\u011fitim Ama\u00e7lar\u0131 - Tekstil ve Moda Tasar\u0131m\u0131<\/title>\n<meta name=\"robots\" content=\"index, follow, max-snippet:-1, max-image-preview:large, max-video-preview:-1\" \/>\n<link rel=\"canonical\" href=\"http:\/\/ticaret.edu.tr\/tekstil-ve-moda-tasarimi\/program-egitim-amaclari\/\" \/>\n<meta property=\"og:locale\" content=\"tr_TR\" \/>\n<meta property=\"og:type\" content=\"article\" \/>\n<meta property=\"og:title\" content=\"Program E\u011fitim Ama\u00e7lar\u0131\" \/>\n<meta property=\"og:description\" content=\"\u00d6\u011frencilerimize, sanat\u0131, k\u00fclt\u00fcr\u00fc, teknolojiyi ve esteti\u011fi b\u00fct\u00fcnc\u00fcl bir yakla\u015f\u0131mla harmanlayarak, insan odakl\u0131, yenilik\u00e7i, s\u00fcrd\u00fcr\u00fclebilir ve \u00e7a\u011fda\u015f tasar\u0131mlar geli\u015ftirebilme becerisi kazand\u0131rmay\u0131 hedefliyoruz. Bu do\u011frultuda program\u0131m\u0131z, \u00f6\u011frencilerimize a\u015fa\u011f\u0131daki bilgi, beceri ve de\u011ferleri kazand\u0131rmay\u0131 ama\u00e7lamaktad\u0131r: Yarat\u0131c\u0131, ara\u015ft\u0131rmac\u0131, analitik d\u00fc\u015f\u00fcnebilen ve ele\u015ftirel bak\u0131\u015f a\u00e7\u0131s\u0131na sahip bireyler olarak geli\u015fmek; moda ve tekstil alan\u0131nda yenilik\u00e7i fikirler \u00fcretebilmek, Tasar\u0131m s\u00fcrecinde disiplinleraras\u0131 etkile\u015fimin [&hellip;]\" \/>\n<meta property=\"og:url\" content=\"http:\/\/ticaret.edu.tr\/tekstil-ve-moda-tasarimi\/program-egitim-amaclari\/\" \/>\n<meta property=\"og:site_name\" content=\"Tekstil ve Moda Tasar\u0131m\u0131\" \/>\n<meta property=\"article:publisher\" content=\"https:\/\/www.facebook.com\/ticaretedutr\" \/>\n<meta property=\"article:modified_time\" content=\"2025-10-20T09:53:42+00:00\" \/>\n<meta property=\"og:image\" content=\"http:\/\/ticaret.edu.tr\/tekstil-ve-moda-tasarimi\/wp-content\/uploads\/sites\/26\/2021\/11\/web_logo-01.jpg\" \/>\n\t<meta property=\"og:image:width\" content=\"1250\" \/>\n\t<meta property=\"og:image:height\" content=\"833\" \/>\n\t<meta property=\"og:image:type\" content=\"image\/jpeg\" \/>\n<meta name=\"twitter:card\" content=\"summary_large_image\" \/>\n<meta name=\"twitter:site\" content=\"@ticaretedutr\" \/>\n<meta name=\"twitter:label1\" content=\"Tahmini okuma s\u00fcresi\" \/>\n\t<meta name=\"twitter:data1\" content=\"2 dakika\" \/>\n<script type=\"application\/ld+json\" class=\"yoast-schema-graph\">{\"@context\":\"https:\/\/schema.org\",\"@graph\":[{\"@type\":\"WebPage\",\"@id\":\"http:\/\/ticaret.edu.tr\/tekstil-ve-moda-tasarimi\/program-egitim-amaclari\/\",\"url\":\"http:\/\/ticaret.edu.tr\/tekstil-ve-moda-tasarimi\/program-egitim-amaclari\/\",\"name\":\"Program E\u011fitim Ama\u00e7lar\u0131 - Tekstil ve Moda Tasar\u0131m\u0131\",\"isPartOf\":{\"@id\":\"https:\/\/ticaret.edu.tr\/tekstil-ve-moda-tasarimi\/en\/#website\"},\"datePublished\":\"2025-01-26T00:02:49+00:00\",\"dateModified\":\"2025-10-20T09:53:42+00:00\",\"breadcrumb\":{\"@id\":\"http:\/\/ticaret.edu.tr\/tekstil-ve-moda-tasarimi\/program-egitim-amaclari\/#breadcrumb\"},\"inLanguage\":\"tr\",\"potentialAction\":[{\"@type\":\"ReadAction\",\"target\":[\"http:\/\/ticaret.edu.tr\/tekstil-ve-moda-tasarimi\/program-egitim-amaclari\/\"]}]},{\"@type\":\"BreadcrumbList\",\"@id\":\"http:\/\/ticaret.edu.tr\/tekstil-ve-moda-tasarimi\/program-egitim-amaclari\/#breadcrumb\",\"itemListElement\":[{\"@type\":\"ListItem\",\"position\":1,\"name\":\"Ana sayfa\",\"item\":\"http:\/\/ticaret.edu.tr\/tekstil-ve-moda-tasarimi\/\"},{\"@type\":\"ListItem\",\"position\":2,\"name\":\"Program E\u011fitim Ama\u00e7lar\u0131\"}]},{\"@type\":\"WebSite\",\"@id\":\"https:\/\/ticaret.edu.tr\/tekstil-ve-moda-tasarimi\/en\/#website\",\"url\":\"https:\/\/ticaret.edu.tr\/tekstil-ve-moda-tasarimi\/en\/\",\"name\":\"Tekstil ve Moda Tasar\u0131m\u0131\",\"description\":\"\",\"potentialAction\":[{\"@type\":\"SearchAction\",\"target\":{\"@type\":\"EntryPoint\",\"urlTemplate\":\"https:\/\/ticaret.edu.tr\/tekstil-ve-moda-tasarimi\/en\/?s={search_term_string}\"},\"query-input\":\"required name=search_term_string\"}],\"inLanguage\":\"tr\"}]}<\/script>\n<!-- \/ Yoast SEO Premium plugin. -->","yoast_head_json":{"title":"Program E\u011fitim Ama\u00e7lar\u0131 - Tekstil ve Moda Tasar\u0131m\u0131","robots":{"index":"index","follow":"follow","max-snippet":"max-snippet:-1","max-image-preview":"max-image-preview:large","max-video-preview":"max-video-preview:-1"},"canonical":"http:\/\/ticaret.edu.tr\/tekstil-ve-moda-tasarimi\/program-egitim-amaclari\/","og_locale":"tr_TR","og_type":"article","og_title":"Program E\u011fitim Ama\u00e7lar\u0131","og_description":"\u00d6\u011frencilerimize, sanat\u0131, k\u00fclt\u00fcr\u00fc, teknolojiyi ve esteti\u011fi b\u00fct\u00fcnc\u00fcl bir yakla\u015f\u0131mla harmanlayarak, insan odakl\u0131, yenilik\u00e7i, s\u00fcrd\u00fcr\u00fclebilir ve \u00e7a\u011fda\u015f tasar\u0131mlar geli\u015ftirebilme becerisi kazand\u0131rmay\u0131 hedefliyoruz. Bu do\u011frultuda program\u0131m\u0131z, \u00f6\u011frencilerimize a\u015fa\u011f\u0131daki bilgi, beceri ve de\u011ferleri kazand\u0131rmay\u0131 ama\u00e7lamaktad\u0131r: Yarat\u0131c\u0131, ara\u015ft\u0131rmac\u0131, analitik d\u00fc\u015f\u00fcnebilen ve ele\u015ftirel bak\u0131\u015f a\u00e7\u0131s\u0131na sahip bireyler olarak geli\u015fmek; moda ve tekstil alan\u0131nda yenilik\u00e7i fikirler \u00fcretebilmek, Tasar\u0131m s\u00fcrecinde disiplinleraras\u0131 etkile\u015fimin [&hellip;]","og_url":"http:\/\/ticaret.edu.tr\/tekstil-ve-moda-tasarimi\/program-egitim-amaclari\/","og_site_name":"Tekstil ve Moda Tasar\u0131m\u0131","article_publisher":"https:\/\/www.facebook.com\/ticaretedutr","article_modified_time":"2025-10-20T09:53:42+00:00","og_image":[{"width":1250,"height":833,"url":"http:\/\/ticaret.edu.tr\/tekstil-ve-moda-tasarimi\/wp-content\/uploads\/sites\/26\/2021\/11\/web_logo-01.jpg","type":"image\/jpeg"}],"twitter_card":"summary_large_image","twitter_site":"@ticaretedutr","twitter_misc":{"Tahmini okuma s\u00fcresi":"2 dakika"},"schema":{"@context":"https:\/\/schema.org","@graph":[{"@type":"WebPage","@id":"http:\/\/ticaret.edu.tr\/tekstil-ve-moda-tasarimi\/program-egitim-amaclari\/","url":"http:\/\/ticaret.edu.tr\/tekstil-ve-moda-tasarimi\/program-egitim-amaclari\/","name":"Program E\u011fitim Ama\u00e7lar\u0131 - Tekstil ve Moda Tasar\u0131m\u0131","isPartOf":{"@id":"https:\/\/ticaret.edu.tr\/tekstil-ve-moda-tasarimi\/en\/#website"},"datePublished":"2025-01-26T00:02:49+00:00","dateModified":"2025-10-20T09:53:42+00:00","breadcrumb":{"@id":"http:\/\/ticaret.edu.tr\/tekstil-ve-moda-tasarimi\/program-egitim-amaclari\/#breadcrumb"},"inLanguage":"tr","potentialAction":[{"@type":"ReadAction","target":["http:\/\/ticaret.edu.tr\/tekstil-ve-moda-tasarimi\/program-egitim-amaclari\/"]}]},{"@type":"BreadcrumbList","@id":"http:\/\/ticaret.edu.tr\/tekstil-ve-moda-tasarimi\/program-egitim-amaclari\/#breadcrumb","itemListElement":[{"@type":"ListItem","position":1,"name":"Ana sayfa","item":"http:\/\/ticaret.edu.tr\/tekstil-ve-moda-tasarimi\/"},{"@type":"ListItem","position":2,"name":"Program E\u011fitim Ama\u00e7lar\u0131"}]},{"@type":"WebSite","@id":"https:\/\/ticaret.edu.tr\/tekstil-ve-moda-tasarimi\/en\/#website","url":"https:\/\/ticaret.edu.tr\/tekstil-ve-moda-tasarimi\/en\/","name":"Tekstil ve Moda Tasar\u0131m\u0131","description":"","potentialAction":[{"@type":"SearchAction","target":{"@type":"EntryPoint","urlTemplate":"https:\/\/ticaret.edu.tr\/tekstil-ve-moda-tasarimi\/en\/?s={search_term_string}"},"query-input":"required name=search_term_string"}],"inLanguage":"tr"}]}},"lang":"tr","translations":{"tr":1565,"en":1567},"pll_sync_post":[],"_links":{"self":[{"href":"http:\/\/ticaret.edu.tr\/tekstil-ve-moda-tasarimi\/wp-json\/wp\/v2\/pages\/1565"}],"collection":[{"href":"http:\/\/ticaret.edu.tr\/tekstil-ve-moda-tasarimi\/wp-json\/wp\/v2\/pages"}],"about":[{"href":"http:\/\/ticaret.edu.tr\/tekstil-ve-moda-tasarimi\/wp-json\/wp\/v2\/types\/page"}],"author":[{"embeddable":true,"href":"http:\/\/ticaret.edu.tr\/tekstil-ve-moda-tasarimi\/wp-json\/wp\/v2\/users\/224"}],"replies":[{"embeddable":true,"href":"http:\/\/ticaret.edu.tr\/tekstil-ve-moda-tasarimi\/wp-json\/wp\/v2\/comments?post=1565"}],"version-history":[{"count":3,"href":"http:\/\/ticaret.edu.tr\/tekstil-ve-moda-tasarimi\/wp-json\/wp\/v2\/pages\/1565\/revisions"}],"predecessor-version":[{"id":1906,"href":"http:\/\/ticaret.edu.tr\/tekstil-ve-moda-tasarimi\/wp-json\/wp\/v2\/pages\/1565\/revisions\/1906"}],"wp:attachment":[{"href":"http:\/\/ticaret.edu.tr\/tekstil-ve-moda-tasarimi\/wp-json\/wp\/v2\/media?parent=1565"}],"curies":[{"name":"wp","href":"https:\/\/api.w.org\/{rel}","templated":true}]}}