{"id":1569,"date":"2025-01-26T03:03:41","date_gmt":"2025-01-26T00:03:41","guid":{"rendered":"https:\/\/ticaret.edu.tr\/tekstil-ve-moda-tasarimi\/?page_id=1569"},"modified":"2025-10-21T15:03:22","modified_gmt":"2025-10-21T12:03:22","slug":"program-ogretim-ciktilari","status":"publish","type":"page","link":"http:\/\/ticaret.edu.tr\/tekstil-ve-moda-tasarimi\/program-ogretim-ciktilari\/","title":{"rendered":"Program \u00d6\u011fretim \u00c7\u0131kt\u0131lar\u0131"},"content":{"rendered":"<table id=\"grdProgCiktiKatki\" class=\"grdStyle\" cellspacing=\"0\" cellpadding=\"1\" align=\"Left\">\n<tbody>\n<tr class=\"bottom_left_right_dotted\">\n<td align=\"left\">1<\/td>\n<td align=\"left\">Sanat ve tasar\u0131m alan\u0131ndaki terminolojiyi bilme, literat\u00fcr ara\u015ft\u0131rma y\u00f6ntemini \u00f6\u011frenme, sanat\u0131n ve tasar\u0131m\u0131n dili, sembolleri ve \u00e7a\u011fr\u0131\u015f\u0131mlar\u0131 hakk\u0131nda bilgi edinme.<\/td>\n<\/tr>\n<tr class=\"bottom_left_right_dotted\">\n<td align=\"left\">2<\/td>\n<td align=\"left\">Sanat tarihi, tasar\u0131m tarihi, tekstil ve giyim tarihi, k\u00fclt\u00fcr ve k\u00fclt\u00fcr tarihi hakk\u0131nda bilgi edinme.<\/td>\n<\/tr>\n<tr class=\"bottom_left_right_dotted\">\n<td align=\"left\">3<\/td>\n<td align=\"left\">Sanat ve tasar\u0131m yapmada kullan\u0131lan malzemeleri ara\u00e7lar\u0131 ve teknikleri tan\u0131ma, kullanma.<\/td>\n<\/tr>\n<tr class=\"bottom_left_right_dotted\">\n<td align=\"left\">4<\/td>\n<td align=\"left\">Tekstil ve Giyim end\u00fcstrisindeki malzemeleri, \u00fcretim ara\u00e7lar\u0131n\u0131 ve tekniklerini bilme.<\/td>\n<\/tr>\n<tr class=\"bottom_left_right_dotted\">\n<td align=\"left\">5<\/td>\n<td align=\"left\">G\u00f6rsel kompozisyonun ilkelerini ve unsurlar\u0131n\u0131 tan\u0131yabilme ve kullanabilme.<\/td>\n<\/tr>\n<tr class=\"bottom_left_right_dotted\">\n<td align=\"left\">6<\/td>\n<td align=\"left\">Alan\u0131nda \u00f6zg\u00fcn bir g\u00f6rsel tasar\u0131m yapman\u0131n y\u00f6ntemlerini bilme, alg\u0131lar\u0131n\u0131, sezgilerini, bilgisini bu konuda kullanabilme, aksamalar\u0131 g\u00f6rebilme ve d\u00fczeltme \u00f6nerileri getirebilme.<\/td>\n<\/tr>\n<tr class=\"bottom_left_right_dotted\">\n<td align=\"left\">7<\/td>\n<td align=\"left\">Bir tasar\u0131m\u0131n ya da yap\u0131t\u0131n teknik ve estetik \u00e7\u00f6z\u00fcmlemesini yapabilme. Yapt\u0131\u011f\u0131 tasar\u0131m\u0131, end\u00fcstrinin zorlay\u0131c\u0131 \u00fcretim ko\u015fullar\u0131na uygun bi\u00e7imde de\u011fi\u015ftirebilme, yenileyebilme.<\/td>\n<\/tr>\n<tr class=\"bottom_left_right_dotted\">\n<td align=\"left\">8<\/td>\n<td align=\"left\"><span id=\"grdProgCiktiKatki_Label1_7\">Kendi alan\u0131n\u0131n ili\u015fkili oldu\u011fu sanat, tasar\u0131m, teknoloji alanlar\u0131 aras\u0131nda ili\u015fkiler kurabilme.<\/span><\/td>\n<\/tr>\n<tr class=\"bottom_left_right_dotted\">\n<td align=\"left\">9<\/td>\n<td align=\"left\"><span id=\"grdProgCiktiKatki_Label1_8\">Alan\u0131ndaki bir i\u015fletmenin kurulu\u015f ve i\u015fleyi\u015fiyle ilgili bilgi sahibi olma, \u00fcretim, pazar ara\u015ft\u0131rmas\u0131, reklam, tan\u0131t\u0131m, pazarlama bilgisine sahip olma.<\/span><\/td>\n<\/tr>\n<tr class=\"bottom_left_right_dotted\">\n<td align=\"left\">10<\/td>\n<td align=\"left\">Alan\u0131ndaki yasal d\u00fczenlemelere ve i\u015flemlere ili\u015fkin bilgiye, sanat ve bilim eti\u011fi konusunda bilgi ve sa\u011fduyuya sahip olma.<\/td>\n<\/tr>\n<tr class=\"bottom_left_right_dotted\">\n<td align=\"left\">11<\/td>\n<td align=\"left\">\u00d6\u011frendiklerini ve bildiklerini ba\u015fkalar\u0131na aktarabilecek kadar mesleki ileti\u015fim bilgi ve becerisine sahip olma.<\/td>\n<\/tr>\n<tr class=\"bottom_left_right_dotted\">\n<td align=\"left\">12<\/td>\n<td align=\"left\"><span id=\"grdProgCiktiKatki_Label1_11\">Bilgisayar\u0131 ve digital teknolojiyi, alan\u0131nda tasar\u0131m yapmak ve tasar\u0131m\u0131n\u0131 end\u00fcstride uygulamak i\u00e7in kullanabilme.<\/span><\/td>\n<\/tr>\n<\/tbody>\n<\/table>\n","protected":false},"excerpt":{"rendered":"<p>1 Sanat ve tasar\u0131m alan\u0131ndaki terminolojiyi bilme, literat\u00fcr ara\u015ft\u0131rma y\u00f6ntemini \u00f6\u011frenme, sanat\u0131n ve tasar\u0131m\u0131n dili, sembolleri ve \u00e7a\u011fr\u0131\u015f\u0131mlar\u0131 hakk\u0131nda bilgi edinme. 2 Sanat tarihi, tasar\u0131m tarihi, tekstil ve giyim tarihi, k\u00fclt\u00fcr ve k\u00fclt\u00fcr tarihi hakk\u0131nda bilgi edinme. 3 Sanat ve tasar\u0131m yapmada kullan\u0131lan malzemeleri ara\u00e7lar\u0131 ve teknikleri tan\u0131ma, kullanma. 4 Tekstil ve Giyim end\u00fcstrisindeki malzemeleri, [&hellip;]<\/p>\n","protected":false},"author":224,"featured_media":0,"parent":0,"menu_order":0,"comment_status":"closed","ping_status":"closed","template":"genel_sayfa.php","meta":{"footnotes":""},"yoast_head":"<!-- This site is optimized with the Yoast SEO Premium plugin v22.1 (Yoast SEO v22.1) - https:\/\/yoast.com\/wordpress\/plugins\/seo\/ -->\n<title>Program \u00d6\u011fretim \u00c7\u0131kt\u0131lar\u0131 - Tekstil ve Moda Tasar\u0131m\u0131<\/title>\n<meta name=\"robots\" content=\"index, follow, max-snippet:-1, max-image-preview:large, max-video-preview:-1\" \/>\n<link rel=\"canonical\" href=\"http:\/\/ticaret.edu.tr\/tekstil-ve-moda-tasarimi\/program-ogretim-ciktilari\/\" \/>\n<meta property=\"og:locale\" content=\"tr_TR\" \/>\n<meta property=\"og:type\" content=\"article\" \/>\n<meta property=\"og:title\" content=\"Program \u00d6\u011fretim \u00c7\u0131kt\u0131lar\u0131\" \/>\n<meta property=\"og:description\" content=\"1 Sanat ve tasar\u0131m alan\u0131ndaki terminolojiyi bilme, literat\u00fcr ara\u015ft\u0131rma y\u00f6ntemini \u00f6\u011frenme, sanat\u0131n ve tasar\u0131m\u0131n dili, sembolleri ve \u00e7a\u011fr\u0131\u015f\u0131mlar\u0131 hakk\u0131nda bilgi edinme. 2 Sanat tarihi, tasar\u0131m tarihi, tekstil ve giyim tarihi, k\u00fclt\u00fcr ve k\u00fclt\u00fcr tarihi hakk\u0131nda bilgi edinme. 3 Sanat ve tasar\u0131m yapmada kullan\u0131lan malzemeleri ara\u00e7lar\u0131 ve teknikleri tan\u0131ma, kullanma. 4 Tekstil ve Giyim end\u00fcstrisindeki malzemeleri, [&hellip;]\" \/>\n<meta property=\"og:url\" content=\"http:\/\/ticaret.edu.tr\/tekstil-ve-moda-tasarimi\/program-ogretim-ciktilari\/\" \/>\n<meta property=\"og:site_name\" content=\"Tekstil ve Moda Tasar\u0131m\u0131\" \/>\n<meta property=\"article:publisher\" content=\"https:\/\/www.facebook.com\/ticaretedutr\" \/>\n<meta property=\"article:modified_time\" content=\"2025-10-21T12:03:22+00:00\" \/>\n<meta property=\"og:image\" content=\"http:\/\/ticaret.edu.tr\/tekstil-ve-moda-tasarimi\/wp-content\/uploads\/sites\/26\/2021\/11\/web_logo-01.jpg\" \/>\n\t<meta property=\"og:image:width\" content=\"1250\" \/>\n\t<meta property=\"og:image:height\" content=\"833\" \/>\n\t<meta property=\"og:image:type\" content=\"image\/jpeg\" \/>\n<meta name=\"twitter:card\" content=\"summary_large_image\" \/>\n<meta name=\"twitter:site\" content=\"@ticaretedutr\" \/>\n<meta name=\"twitter:label1\" content=\"Tahmini okuma s\u00fcresi\" \/>\n\t<meta name=\"twitter:data1\" content=\"2 dakika\" \/>\n<script type=\"application\/ld+json\" class=\"yoast-schema-graph\">{\"@context\":\"https:\/\/schema.org\",\"@graph\":[{\"@type\":\"WebPage\",\"@id\":\"http:\/\/ticaret.edu.tr\/tekstil-ve-moda-tasarimi\/program-ogretim-ciktilari\/\",\"url\":\"http:\/\/ticaret.edu.tr\/tekstil-ve-moda-tasarimi\/program-ogretim-ciktilari\/\",\"name\":\"Program \u00d6\u011fretim \u00c7\u0131kt\u0131lar\u0131 - Tekstil ve Moda Tasar\u0131m\u0131\",\"isPartOf\":{\"@id\":\"https:\/\/ticaret.edu.tr\/tekstil-ve-moda-tasarimi\/en\/#website\"},\"datePublished\":\"2025-01-26T00:03:41+00:00\",\"dateModified\":\"2025-10-21T12:03:22+00:00\",\"breadcrumb\":{\"@id\":\"http:\/\/ticaret.edu.tr\/tekstil-ve-moda-tasarimi\/program-ogretim-ciktilari\/#breadcrumb\"},\"inLanguage\":\"tr\",\"potentialAction\":[{\"@type\":\"ReadAction\",\"target\":[\"http:\/\/ticaret.edu.tr\/tekstil-ve-moda-tasarimi\/program-ogretim-ciktilari\/\"]}]},{\"@type\":\"BreadcrumbList\",\"@id\":\"http:\/\/ticaret.edu.tr\/tekstil-ve-moda-tasarimi\/program-ogretim-ciktilari\/#breadcrumb\",\"itemListElement\":[{\"@type\":\"ListItem\",\"position\":1,\"name\":\"Ana sayfa\",\"item\":\"http:\/\/ticaret.edu.tr\/tekstil-ve-moda-tasarimi\/\"},{\"@type\":\"ListItem\",\"position\":2,\"name\":\"Program \u00d6\u011fretim \u00c7\u0131kt\u0131lar\u0131\"}]},{\"@type\":\"WebSite\",\"@id\":\"https:\/\/ticaret.edu.tr\/tekstil-ve-moda-tasarimi\/en\/#website\",\"url\":\"https:\/\/ticaret.edu.tr\/tekstil-ve-moda-tasarimi\/en\/\",\"name\":\"Tekstil ve Moda Tasar\u0131m\u0131\",\"description\":\"\",\"potentialAction\":[{\"@type\":\"SearchAction\",\"target\":{\"@type\":\"EntryPoint\",\"urlTemplate\":\"https:\/\/ticaret.edu.tr\/tekstil-ve-moda-tasarimi\/en\/?s={search_term_string}\"},\"query-input\":\"required name=search_term_string\"}],\"inLanguage\":\"tr\"}]}<\/script>\n<!-- \/ Yoast SEO Premium plugin. -->","yoast_head_json":{"title":"Program \u00d6\u011fretim \u00c7\u0131kt\u0131lar\u0131 - Tekstil ve Moda Tasar\u0131m\u0131","robots":{"index":"index","follow":"follow","max-snippet":"max-snippet:-1","max-image-preview":"max-image-preview:large","max-video-preview":"max-video-preview:-1"},"canonical":"http:\/\/ticaret.edu.tr\/tekstil-ve-moda-tasarimi\/program-ogretim-ciktilari\/","og_locale":"tr_TR","og_type":"article","og_title":"Program \u00d6\u011fretim \u00c7\u0131kt\u0131lar\u0131","og_description":"1 Sanat ve tasar\u0131m alan\u0131ndaki terminolojiyi bilme, literat\u00fcr ara\u015ft\u0131rma y\u00f6ntemini \u00f6\u011frenme, sanat\u0131n ve tasar\u0131m\u0131n dili, sembolleri ve \u00e7a\u011fr\u0131\u015f\u0131mlar\u0131 hakk\u0131nda bilgi edinme. 2 Sanat tarihi, tasar\u0131m tarihi, tekstil ve giyim tarihi, k\u00fclt\u00fcr ve k\u00fclt\u00fcr tarihi hakk\u0131nda bilgi edinme. 3 Sanat ve tasar\u0131m yapmada kullan\u0131lan malzemeleri ara\u00e7lar\u0131 ve teknikleri tan\u0131ma, kullanma. 4 Tekstil ve Giyim end\u00fcstrisindeki malzemeleri, [&hellip;]","og_url":"http:\/\/ticaret.edu.tr\/tekstil-ve-moda-tasarimi\/program-ogretim-ciktilari\/","og_site_name":"Tekstil ve Moda Tasar\u0131m\u0131","article_publisher":"https:\/\/www.facebook.com\/ticaretedutr","article_modified_time":"2025-10-21T12:03:22+00:00","og_image":[{"width":1250,"height":833,"url":"http:\/\/ticaret.edu.tr\/tekstil-ve-moda-tasarimi\/wp-content\/uploads\/sites\/26\/2021\/11\/web_logo-01.jpg","type":"image\/jpeg"}],"twitter_card":"summary_large_image","twitter_site":"@ticaretedutr","twitter_misc":{"Tahmini okuma s\u00fcresi":"2 dakika"},"schema":{"@context":"https:\/\/schema.org","@graph":[{"@type":"WebPage","@id":"http:\/\/ticaret.edu.tr\/tekstil-ve-moda-tasarimi\/program-ogretim-ciktilari\/","url":"http:\/\/ticaret.edu.tr\/tekstil-ve-moda-tasarimi\/program-ogretim-ciktilari\/","name":"Program \u00d6\u011fretim \u00c7\u0131kt\u0131lar\u0131 - Tekstil ve Moda Tasar\u0131m\u0131","isPartOf":{"@id":"https:\/\/ticaret.edu.tr\/tekstil-ve-moda-tasarimi\/en\/#website"},"datePublished":"2025-01-26T00:03:41+00:00","dateModified":"2025-10-21T12:03:22+00:00","breadcrumb":{"@id":"http:\/\/ticaret.edu.tr\/tekstil-ve-moda-tasarimi\/program-ogretim-ciktilari\/#breadcrumb"},"inLanguage":"tr","potentialAction":[{"@type":"ReadAction","target":["http:\/\/ticaret.edu.tr\/tekstil-ve-moda-tasarimi\/program-ogretim-ciktilari\/"]}]},{"@type":"BreadcrumbList","@id":"http:\/\/ticaret.edu.tr\/tekstil-ve-moda-tasarimi\/program-ogretim-ciktilari\/#breadcrumb","itemListElement":[{"@type":"ListItem","position":1,"name":"Ana sayfa","item":"http:\/\/ticaret.edu.tr\/tekstil-ve-moda-tasarimi\/"},{"@type":"ListItem","position":2,"name":"Program \u00d6\u011fretim \u00c7\u0131kt\u0131lar\u0131"}]},{"@type":"WebSite","@id":"https:\/\/ticaret.edu.tr\/tekstil-ve-moda-tasarimi\/en\/#website","url":"https:\/\/ticaret.edu.tr\/tekstil-ve-moda-tasarimi\/en\/","name":"Tekstil ve Moda Tasar\u0131m\u0131","description":"","potentialAction":[{"@type":"SearchAction","target":{"@type":"EntryPoint","urlTemplate":"https:\/\/ticaret.edu.tr\/tekstil-ve-moda-tasarimi\/en\/?s={search_term_string}"},"query-input":"required name=search_term_string"}],"inLanguage":"tr"}]}},"lang":"tr","translations":{"tr":1569,"en":1571},"pll_sync_post":[],"_links":{"self":[{"href":"http:\/\/ticaret.edu.tr\/tekstil-ve-moda-tasarimi\/wp-json\/wp\/v2\/pages\/1569"}],"collection":[{"href":"http:\/\/ticaret.edu.tr\/tekstil-ve-moda-tasarimi\/wp-json\/wp\/v2\/pages"}],"about":[{"href":"http:\/\/ticaret.edu.tr\/tekstil-ve-moda-tasarimi\/wp-json\/wp\/v2\/types\/page"}],"author":[{"embeddable":true,"href":"http:\/\/ticaret.edu.tr\/tekstil-ve-moda-tasarimi\/wp-json\/wp\/v2\/users\/224"}],"replies":[{"embeddable":true,"href":"http:\/\/ticaret.edu.tr\/tekstil-ve-moda-tasarimi\/wp-json\/wp\/v2\/comments?post=1569"}],"version-history":[{"count":3,"href":"http:\/\/ticaret.edu.tr\/tekstil-ve-moda-tasarimi\/wp-json\/wp\/v2\/pages\/1569\/revisions"}],"predecessor-version":[{"id":1950,"href":"http:\/\/ticaret.edu.tr\/tekstil-ve-moda-tasarimi\/wp-json\/wp\/v2\/pages\/1569\/revisions\/1950"}],"wp:attachment":[{"href":"http:\/\/ticaret.edu.tr\/tekstil-ve-moda-tasarimi\/wp-json\/wp\/v2\/media?parent=1569"}],"curies":[{"name":"wp","href":"https:\/\/api.w.org\/{rel}","templated":true}]}}