{"id":1589,"date":"2025-01-26T03:08:37","date_gmt":"2025-01-26T00:08:37","guid":{"rendered":"https:\/\/ticaret.edu.tr\/tekstil-ve-moda-tasarimi\/?page_id=1589"},"modified":"2025-10-20T14:17:34","modified_gmt":"2025-10-20T11:17:34","slug":"mezuniyet-kosullari","status":"publish","type":"page","link":"http:\/\/ticaret.edu.tr\/tekstil-ve-moda-tasarimi\/mezuniyet-kosullari\/","title":{"rendered":"Mezuniyet Ko\u015fullar\u0131"},"content":{"rendered":"<ul>\n<li>4 y\u0131ll\u0131k m\u00fcfredat programda yer alan t\u00fcm zorunlu derslerin ve se\u00e7meli derslerin tamamlanmas\u0131,<\/li>\n<li>2 adet 20 i\u015f g\u00fcnl\u00fck zorunlu staj\u0131n (Tasar\u0131m ve \u00dcretim Staj\u0131) tamamlanmas\u0131,<\/li>\n<li>4.00 \u00fczerinden en az 2.00 not ortalamas\u0131na sahip olmas\u0131,<\/li>\n<li>240 AKTS ders y\u00fck\u00fcn\u00fcn tamamlanmas\u0131 ile \u00f6\u011frenciler programdan mezun olmaya hak kazan\u0131r.<\/li>\n<\/ul>\n<p><strong>Y\u00f6netmelik i\u00e7in t\u0131klay\u0131n\u0131z: <\/strong><a href=\"https:\/\/www.mevzuat.gov.tr\/mevzuat?MevzuatNo=15066&amp;MevzuatTur=8&amp;MevzuatTertip=5\">\u00d6n Lisans ve Lisans E\u011fitim \u00d6\u011fretim ve S\u0131nav Y\u00f6netmeli\u011fi<\/a><\/p>\n","protected":false},"excerpt":{"rendered":"<p>4 y\u0131ll\u0131k m\u00fcfredat programda yer alan t\u00fcm zorunlu derslerin ve se\u00e7meli derslerin tamamlanmas\u0131, 2 adet 20 i\u015f g\u00fcnl\u00fck zorunlu staj\u0131n (Tasar\u0131m ve \u00dcretim Staj\u0131) tamamlanmas\u0131, 4.00 \u00fczerinden en az 2.00 not ortalamas\u0131na sahip olmas\u0131, 240 AKTS ders y\u00fck\u00fcn\u00fcn tamamlanmas\u0131 ile \u00f6\u011frenciler programdan mezun olmaya hak kazan\u0131r. Y\u00f6netmelik i\u00e7in t\u0131klay\u0131n\u0131z: \u00d6n Lisans ve Lisans E\u011fitim \u00d6\u011fretim [&hellip;]<\/p>\n","protected":false},"author":224,"featured_media":0,"parent":0,"menu_order":0,"comment_status":"closed","ping_status":"closed","template":"genel_sayfa.php","meta":{"footnotes":""},"yoast_head":"<!-- This site is optimized with the Yoast SEO Premium plugin v22.1 (Yoast SEO v22.1) - https:\/\/yoast.com\/wordpress\/plugins\/seo\/ -->\n<title>Mezuniyet Ko\u015fullar\u0131 - Tekstil ve Moda Tasar\u0131m\u0131<\/title>\n<meta name=\"robots\" content=\"index, follow, max-snippet:-1, max-image-preview:large, max-video-preview:-1\" \/>\n<link rel=\"canonical\" href=\"http:\/\/ticaret.edu.tr\/tekstil-ve-moda-tasarimi\/mezuniyet-kosullari\/\" \/>\n<meta property=\"og:locale\" content=\"tr_TR\" \/>\n<meta property=\"og:type\" content=\"article\" \/>\n<meta property=\"og:title\" content=\"Mezuniyet Ko\u015fullar\u0131\" \/>\n<meta property=\"og:description\" content=\"4 y\u0131ll\u0131k m\u00fcfredat programda yer alan t\u00fcm zorunlu derslerin ve se\u00e7meli derslerin tamamlanmas\u0131, 2 adet 20 i\u015f g\u00fcnl\u00fck zorunlu staj\u0131n (Tasar\u0131m ve \u00dcretim Staj\u0131) tamamlanmas\u0131, 4.00 \u00fczerinden en az 2.00 not ortalamas\u0131na sahip olmas\u0131, 240 AKTS ders y\u00fck\u00fcn\u00fcn tamamlanmas\u0131 ile \u00f6\u011frenciler programdan mezun olmaya hak kazan\u0131r. Y\u00f6netmelik i\u00e7in t\u0131klay\u0131n\u0131z: \u00d6n Lisans ve Lisans E\u011fitim \u00d6\u011fretim [&hellip;]\" \/>\n<meta property=\"og:url\" content=\"http:\/\/ticaret.edu.tr\/tekstil-ve-moda-tasarimi\/mezuniyet-kosullari\/\" \/>\n<meta property=\"og:site_name\" content=\"Tekstil ve Moda Tasar\u0131m\u0131\" \/>\n<meta property=\"article:publisher\" content=\"https:\/\/www.facebook.com\/ticaretedutr\" \/>\n<meta property=\"article:modified_time\" content=\"2025-10-20T11:17:34+00:00\" \/>\n<meta property=\"og:image\" content=\"http:\/\/ticaret.edu.tr\/tekstil-ve-moda-tasarimi\/wp-content\/uploads\/sites\/26\/2021\/11\/web_logo-01.jpg\" \/>\n\t<meta property=\"og:image:width\" content=\"1250\" \/>\n\t<meta property=\"og:image:height\" content=\"833\" \/>\n\t<meta property=\"og:image:type\" content=\"image\/jpeg\" \/>\n<meta name=\"twitter:card\" content=\"summary_large_image\" \/>\n<meta name=\"twitter:site\" content=\"@ticaretedutr\" \/>\n<meta name=\"twitter:label1\" content=\"Tahmini okuma s\u00fcresi\" \/>\n\t<meta name=\"twitter:data1\" content=\"1 dakika\" \/>\n<script type=\"application\/ld+json\" class=\"yoast-schema-graph\">{\"@context\":\"https:\/\/schema.org\",\"@graph\":[{\"@type\":\"WebPage\",\"@id\":\"http:\/\/ticaret.edu.tr\/tekstil-ve-moda-tasarimi\/mezuniyet-kosullari\/\",\"url\":\"http:\/\/ticaret.edu.tr\/tekstil-ve-moda-tasarimi\/mezuniyet-kosullari\/\",\"name\":\"Mezuniyet Ko\u015fullar\u0131 - Tekstil ve Moda Tasar\u0131m\u0131\",\"isPartOf\":{\"@id\":\"https:\/\/ticaret.edu.tr\/tekstil-ve-moda-tasarimi\/en\/#website\"},\"datePublished\":\"2025-01-26T00:08:37+00:00\",\"dateModified\":\"2025-10-20T11:17:34+00:00\",\"breadcrumb\":{\"@id\":\"http:\/\/ticaret.edu.tr\/tekstil-ve-moda-tasarimi\/mezuniyet-kosullari\/#breadcrumb\"},\"inLanguage\":\"tr\",\"potentialAction\":[{\"@type\":\"ReadAction\",\"target\":[\"http:\/\/ticaret.edu.tr\/tekstil-ve-moda-tasarimi\/mezuniyet-kosullari\/\"]}]},{\"@type\":\"BreadcrumbList\",\"@id\":\"http:\/\/ticaret.edu.tr\/tekstil-ve-moda-tasarimi\/mezuniyet-kosullari\/#breadcrumb\",\"itemListElement\":[{\"@type\":\"ListItem\",\"position\":1,\"name\":\"Ana sayfa\",\"item\":\"http:\/\/ticaret.edu.tr\/tekstil-ve-moda-tasarimi\/\"},{\"@type\":\"ListItem\",\"position\":2,\"name\":\"Mezuniyet Ko\u015fullar\u0131\"}]},{\"@type\":\"WebSite\",\"@id\":\"https:\/\/ticaret.edu.tr\/tekstil-ve-moda-tasarimi\/en\/#website\",\"url\":\"https:\/\/ticaret.edu.tr\/tekstil-ve-moda-tasarimi\/en\/\",\"name\":\"Tekstil ve Moda Tasar\u0131m\u0131\",\"description\":\"\",\"potentialAction\":[{\"@type\":\"SearchAction\",\"target\":{\"@type\":\"EntryPoint\",\"urlTemplate\":\"https:\/\/ticaret.edu.tr\/tekstil-ve-moda-tasarimi\/en\/?s={search_term_string}\"},\"query-input\":\"required name=search_term_string\"}],\"inLanguage\":\"tr\"}]}<\/script>\n<!-- \/ Yoast SEO Premium plugin. -->","yoast_head_json":{"title":"Mezuniyet Ko\u015fullar\u0131 - Tekstil ve Moda Tasar\u0131m\u0131","robots":{"index":"index","follow":"follow","max-snippet":"max-snippet:-1","max-image-preview":"max-image-preview:large","max-video-preview":"max-video-preview:-1"},"canonical":"http:\/\/ticaret.edu.tr\/tekstil-ve-moda-tasarimi\/mezuniyet-kosullari\/","og_locale":"tr_TR","og_type":"article","og_title":"Mezuniyet Ko\u015fullar\u0131","og_description":"4 y\u0131ll\u0131k m\u00fcfredat programda yer alan t\u00fcm zorunlu derslerin ve se\u00e7meli derslerin tamamlanmas\u0131, 2 adet 20 i\u015f g\u00fcnl\u00fck zorunlu staj\u0131n (Tasar\u0131m ve \u00dcretim Staj\u0131) tamamlanmas\u0131, 4.00 \u00fczerinden en az 2.00 not ortalamas\u0131na sahip olmas\u0131, 240 AKTS ders y\u00fck\u00fcn\u00fcn tamamlanmas\u0131 ile \u00f6\u011frenciler programdan mezun olmaya hak kazan\u0131r. Y\u00f6netmelik i\u00e7in t\u0131klay\u0131n\u0131z: \u00d6n Lisans ve Lisans E\u011fitim \u00d6\u011fretim [&hellip;]","og_url":"http:\/\/ticaret.edu.tr\/tekstil-ve-moda-tasarimi\/mezuniyet-kosullari\/","og_site_name":"Tekstil ve Moda Tasar\u0131m\u0131","article_publisher":"https:\/\/www.facebook.com\/ticaretedutr","article_modified_time":"2025-10-20T11:17:34+00:00","og_image":[{"width":1250,"height":833,"url":"http:\/\/ticaret.edu.tr\/tekstil-ve-moda-tasarimi\/wp-content\/uploads\/sites\/26\/2021\/11\/web_logo-01.jpg","type":"image\/jpeg"}],"twitter_card":"summary_large_image","twitter_site":"@ticaretedutr","twitter_misc":{"Tahmini okuma s\u00fcresi":"1 dakika"},"schema":{"@context":"https:\/\/schema.org","@graph":[{"@type":"WebPage","@id":"http:\/\/ticaret.edu.tr\/tekstil-ve-moda-tasarimi\/mezuniyet-kosullari\/","url":"http:\/\/ticaret.edu.tr\/tekstil-ve-moda-tasarimi\/mezuniyet-kosullari\/","name":"Mezuniyet Ko\u015fullar\u0131 - Tekstil ve Moda Tasar\u0131m\u0131","isPartOf":{"@id":"https:\/\/ticaret.edu.tr\/tekstil-ve-moda-tasarimi\/en\/#website"},"datePublished":"2025-01-26T00:08:37+00:00","dateModified":"2025-10-20T11:17:34+00:00","breadcrumb":{"@id":"http:\/\/ticaret.edu.tr\/tekstil-ve-moda-tasarimi\/mezuniyet-kosullari\/#breadcrumb"},"inLanguage":"tr","potentialAction":[{"@type":"ReadAction","target":["http:\/\/ticaret.edu.tr\/tekstil-ve-moda-tasarimi\/mezuniyet-kosullari\/"]}]},{"@type":"BreadcrumbList","@id":"http:\/\/ticaret.edu.tr\/tekstil-ve-moda-tasarimi\/mezuniyet-kosullari\/#breadcrumb","itemListElement":[{"@type":"ListItem","position":1,"name":"Ana sayfa","item":"http:\/\/ticaret.edu.tr\/tekstil-ve-moda-tasarimi\/"},{"@type":"ListItem","position":2,"name":"Mezuniyet Ko\u015fullar\u0131"}]},{"@type":"WebSite","@id":"https:\/\/ticaret.edu.tr\/tekstil-ve-moda-tasarimi\/en\/#website","url":"https:\/\/ticaret.edu.tr\/tekstil-ve-moda-tasarimi\/en\/","name":"Tekstil ve Moda Tasar\u0131m\u0131","description":"","potentialAction":[{"@type":"SearchAction","target":{"@type":"EntryPoint","urlTemplate":"https:\/\/ticaret.edu.tr\/tekstil-ve-moda-tasarimi\/en\/?s={search_term_string}"},"query-input":"required name=search_term_string"}],"inLanguage":"tr"}]}},"lang":"tr","translations":{"tr":1589,"en":1591},"pll_sync_post":[],"_links":{"self":[{"href":"http:\/\/ticaret.edu.tr\/tekstil-ve-moda-tasarimi\/wp-json\/wp\/v2\/pages\/1589"}],"collection":[{"href":"http:\/\/ticaret.edu.tr\/tekstil-ve-moda-tasarimi\/wp-json\/wp\/v2\/pages"}],"about":[{"href":"http:\/\/ticaret.edu.tr\/tekstil-ve-moda-tasarimi\/wp-json\/wp\/v2\/types\/page"}],"author":[{"embeddable":true,"href":"http:\/\/ticaret.edu.tr\/tekstil-ve-moda-tasarimi\/wp-json\/wp\/v2\/users\/224"}],"replies":[{"embeddable":true,"href":"http:\/\/ticaret.edu.tr\/tekstil-ve-moda-tasarimi\/wp-json\/wp\/v2\/comments?post=1589"}],"version-history":[{"count":5,"href":"http:\/\/ticaret.edu.tr\/tekstil-ve-moda-tasarimi\/wp-json\/wp\/v2\/pages\/1589\/revisions"}],"predecessor-version":[{"id":1915,"href":"http:\/\/ticaret.edu.tr\/tekstil-ve-moda-tasarimi\/wp-json\/wp\/v2\/pages\/1589\/revisions\/1915"}],"wp:attachment":[{"href":"http:\/\/ticaret.edu.tr\/tekstil-ve-moda-tasarimi\/wp-json\/wp\/v2\/media?parent=1589"}],"curies":[{"name":"wp","href":"https:\/\/api.w.org\/{rel}","templated":true}]}}