{"id":1598,"date":"2025-01-26T03:12:07","date_gmt":"2025-01-26T00:12:07","guid":{"rendered":"https:\/\/ticaret.edu.tr\/tekstil-ve-moda-tasarimi\/?page_id=1598"},"modified":"2025-10-20T14:39:17","modified_gmt":"2025-10-20T11:39:17","slug":"onceki-ogrenmenin-tanimlanmasi","status":"publish","type":"page","link":"http:\/\/ticaret.edu.tr\/tekstil-ve-moda-tasarimi\/onceki-ogrenmenin-tanimlanmasi\/","title":{"rendered":"\u00d6nceki \u00d6\u011frenmenin Tan\u0131mlanmas\u0131"},"content":{"rendered":"<p><span id=\"lblOncekiOgrenim\">Tekstil ve Moda Tasar\u0131m\u0131 Lisans Program\u0131\u2019na yatay ve dikey ge\u00e7i\u015f yoluyla kat\u0131lan \u00f6\u011frencilerin, daha \u00f6nce ba\u015fka bir programda ald\u0131klar\u0131 dersler ve kazan\u0131mlar, program\u0131n akademik kurallar\u0131 \u00e7er\u00e7evesinde usul\u00fcne uygun bi\u00e7imde intibak ettirilir. \u00d6\u011frencilerin \u00f6nceki \u00f6\u011frenimleri, ders i\u00e7erikleri ve kredileri incelenerek program\u0131n zorunlu ve se\u00e7meli derslerine uyumlu \u015fekilde tan\u0131n\u0131r. Bu s\u00fcre\u00e7, \u00f6\u011frencilerin akademik ilerlemelerini aksatmadan, \u00f6\u011frenme \u00e7\u0131kt\u0131lar\u0131 ve AKTS y\u00fckleri a\u00e7\u0131s\u0131ndan dengeli bir ge\u00e7i\u015f sa\u011flamay\u0131 ama\u00e7lar. Tan\u0131ma i\u015flemleri, \u00fcniversitenin ilgili y\u00f6nerge ve y\u00f6netmeliklerine uygun olarak y\u00fcr\u00fct\u00fcl\u00fcr ve \u015feffaf bir \u015fekilde kay\u0131t alt\u0131na al\u0131n\u0131r.<\/span><\/p>\n","protected":false},"excerpt":{"rendered":"<p>Tekstil ve Moda Tasar\u0131m\u0131 Lisans Program\u0131\u2019na yatay ve dikey ge\u00e7i\u015f yoluyla kat\u0131lan \u00f6\u011frencilerin, daha \u00f6nce ba\u015fka bir programda ald\u0131klar\u0131 dersler ve kazan\u0131mlar, program\u0131n akademik kurallar\u0131 \u00e7er\u00e7evesinde usul\u00fcne uygun bi\u00e7imde intibak ettirilir. \u00d6\u011frencilerin \u00f6nceki \u00f6\u011frenimleri, ders i\u00e7erikleri ve kredileri incelenerek program\u0131n zorunlu ve se\u00e7meli derslerine uyumlu \u015fekilde tan\u0131n\u0131r. Bu s\u00fcre\u00e7, \u00f6\u011frencilerin akademik ilerlemelerini aksatmadan, \u00f6\u011frenme \u00e7\u0131kt\u0131lar\u0131 [&hellip;]<\/p>\n","protected":false},"author":224,"featured_media":0,"parent":0,"menu_order":0,"comment_status":"closed","ping_status":"closed","template":"genel_sayfa.php","meta":{"footnotes":""},"yoast_head":"<!-- This site is optimized with the Yoast SEO Premium plugin v22.1 (Yoast SEO v22.1) - https:\/\/yoast.com\/wordpress\/plugins\/seo\/ -->\n<title>\u00d6nceki \u00d6\u011frenmenin Tan\u0131mlanmas\u0131 - Tekstil ve Moda Tasar\u0131m\u0131<\/title>\n<meta name=\"robots\" content=\"index, follow, max-snippet:-1, max-image-preview:large, max-video-preview:-1\" \/>\n<link rel=\"canonical\" href=\"http:\/\/ticaret.edu.tr\/tekstil-ve-moda-tasarimi\/onceki-ogrenmenin-tanimlanmasi\/\" \/>\n<meta property=\"og:locale\" content=\"tr_TR\" \/>\n<meta property=\"og:type\" content=\"article\" \/>\n<meta property=\"og:title\" content=\"\u00d6nceki \u00d6\u011frenmenin Tan\u0131mlanmas\u0131\" \/>\n<meta property=\"og:description\" content=\"Tekstil ve Moda Tasar\u0131m\u0131 Lisans Program\u0131\u2019na yatay ve dikey ge\u00e7i\u015f yoluyla kat\u0131lan \u00f6\u011frencilerin, daha \u00f6nce ba\u015fka bir programda ald\u0131klar\u0131 dersler ve kazan\u0131mlar, program\u0131n akademik kurallar\u0131 \u00e7er\u00e7evesinde usul\u00fcne uygun bi\u00e7imde intibak ettirilir. \u00d6\u011frencilerin \u00f6nceki \u00f6\u011frenimleri, ders i\u00e7erikleri ve kredileri incelenerek program\u0131n zorunlu ve se\u00e7meli derslerine uyumlu \u015fekilde tan\u0131n\u0131r. Bu s\u00fcre\u00e7, \u00f6\u011frencilerin akademik ilerlemelerini aksatmadan, \u00f6\u011frenme \u00e7\u0131kt\u0131lar\u0131 [&hellip;]\" \/>\n<meta property=\"og:url\" content=\"http:\/\/ticaret.edu.tr\/tekstil-ve-moda-tasarimi\/onceki-ogrenmenin-tanimlanmasi\/\" \/>\n<meta property=\"og:site_name\" content=\"Tekstil ve Moda Tasar\u0131m\u0131\" \/>\n<meta property=\"article:publisher\" content=\"https:\/\/www.facebook.com\/ticaretedutr\" \/>\n<meta property=\"article:modified_time\" content=\"2025-10-20T11:39:17+00:00\" \/>\n<meta property=\"og:image\" content=\"http:\/\/ticaret.edu.tr\/tekstil-ve-moda-tasarimi\/wp-content\/uploads\/sites\/26\/2021\/11\/web_logo-01.jpg\" \/>\n\t<meta property=\"og:image:width\" content=\"1250\" \/>\n\t<meta property=\"og:image:height\" content=\"833\" \/>\n\t<meta property=\"og:image:type\" content=\"image\/jpeg\" \/>\n<meta name=\"twitter:card\" content=\"summary_large_image\" \/>\n<meta name=\"twitter:site\" content=\"@ticaretedutr\" \/>\n<meta name=\"twitter:label1\" content=\"Tahmini okuma s\u00fcresi\" \/>\n\t<meta name=\"twitter:data1\" content=\"1 dakika\" \/>\n<script type=\"application\/ld+json\" class=\"yoast-schema-graph\">{\"@context\":\"https:\/\/schema.org\",\"@graph\":[{\"@type\":\"WebPage\",\"@id\":\"http:\/\/ticaret.edu.tr\/tekstil-ve-moda-tasarimi\/onceki-ogrenmenin-tanimlanmasi\/\",\"url\":\"http:\/\/ticaret.edu.tr\/tekstil-ve-moda-tasarimi\/onceki-ogrenmenin-tanimlanmasi\/\",\"name\":\"\u00d6nceki \u00d6\u011frenmenin Tan\u0131mlanmas\u0131 - Tekstil ve Moda Tasar\u0131m\u0131\",\"isPartOf\":{\"@id\":\"https:\/\/ticaret.edu.tr\/tekstil-ve-moda-tasarimi\/en\/#website\"},\"datePublished\":\"2025-01-26T00:12:07+00:00\",\"dateModified\":\"2025-10-20T11:39:17+00:00\",\"breadcrumb\":{\"@id\":\"http:\/\/ticaret.edu.tr\/tekstil-ve-moda-tasarimi\/onceki-ogrenmenin-tanimlanmasi\/#breadcrumb\"},\"inLanguage\":\"tr\",\"potentialAction\":[{\"@type\":\"ReadAction\",\"target\":[\"http:\/\/ticaret.edu.tr\/tekstil-ve-moda-tasarimi\/onceki-ogrenmenin-tanimlanmasi\/\"]}]},{\"@type\":\"BreadcrumbList\",\"@id\":\"http:\/\/ticaret.edu.tr\/tekstil-ve-moda-tasarimi\/onceki-ogrenmenin-tanimlanmasi\/#breadcrumb\",\"itemListElement\":[{\"@type\":\"ListItem\",\"position\":1,\"name\":\"Ana sayfa\",\"item\":\"http:\/\/ticaret.edu.tr\/tekstil-ve-moda-tasarimi\/\"},{\"@type\":\"ListItem\",\"position\":2,\"name\":\"\u00d6nceki \u00d6\u011frenmenin Tan\u0131mlanmas\u0131\"}]},{\"@type\":\"WebSite\",\"@id\":\"https:\/\/ticaret.edu.tr\/tekstil-ve-moda-tasarimi\/en\/#website\",\"url\":\"https:\/\/ticaret.edu.tr\/tekstil-ve-moda-tasarimi\/en\/\",\"name\":\"Tekstil ve Moda Tasar\u0131m\u0131\",\"description\":\"\",\"potentialAction\":[{\"@type\":\"SearchAction\",\"target\":{\"@type\":\"EntryPoint\",\"urlTemplate\":\"https:\/\/ticaret.edu.tr\/tekstil-ve-moda-tasarimi\/en\/?s={search_term_string}\"},\"query-input\":\"required name=search_term_string\"}],\"inLanguage\":\"tr\"}]}<\/script>\n<!-- \/ Yoast SEO Premium plugin. -->","yoast_head_json":{"title":"\u00d6nceki \u00d6\u011frenmenin Tan\u0131mlanmas\u0131 - Tekstil ve Moda Tasar\u0131m\u0131","robots":{"index":"index","follow":"follow","max-snippet":"max-snippet:-1","max-image-preview":"max-image-preview:large","max-video-preview":"max-video-preview:-1"},"canonical":"http:\/\/ticaret.edu.tr\/tekstil-ve-moda-tasarimi\/onceki-ogrenmenin-tanimlanmasi\/","og_locale":"tr_TR","og_type":"article","og_title":"\u00d6nceki \u00d6\u011frenmenin Tan\u0131mlanmas\u0131","og_description":"Tekstil ve Moda Tasar\u0131m\u0131 Lisans Program\u0131\u2019na yatay ve dikey ge\u00e7i\u015f yoluyla kat\u0131lan \u00f6\u011frencilerin, daha \u00f6nce ba\u015fka bir programda ald\u0131klar\u0131 dersler ve kazan\u0131mlar, program\u0131n akademik kurallar\u0131 \u00e7er\u00e7evesinde usul\u00fcne uygun bi\u00e7imde intibak ettirilir. \u00d6\u011frencilerin \u00f6nceki \u00f6\u011frenimleri, ders i\u00e7erikleri ve kredileri incelenerek program\u0131n zorunlu ve se\u00e7meli derslerine uyumlu \u015fekilde tan\u0131n\u0131r. Bu s\u00fcre\u00e7, \u00f6\u011frencilerin akademik ilerlemelerini aksatmadan, \u00f6\u011frenme \u00e7\u0131kt\u0131lar\u0131 [&hellip;]","og_url":"http:\/\/ticaret.edu.tr\/tekstil-ve-moda-tasarimi\/onceki-ogrenmenin-tanimlanmasi\/","og_site_name":"Tekstil ve Moda Tasar\u0131m\u0131","article_publisher":"https:\/\/www.facebook.com\/ticaretedutr","article_modified_time":"2025-10-20T11:39:17+00:00","og_image":[{"width":1250,"height":833,"url":"http:\/\/ticaret.edu.tr\/tekstil-ve-moda-tasarimi\/wp-content\/uploads\/sites\/26\/2021\/11\/web_logo-01.jpg","type":"image\/jpeg"}],"twitter_card":"summary_large_image","twitter_site":"@ticaretedutr","twitter_misc":{"Tahmini okuma s\u00fcresi":"1 dakika"},"schema":{"@context":"https:\/\/schema.org","@graph":[{"@type":"WebPage","@id":"http:\/\/ticaret.edu.tr\/tekstil-ve-moda-tasarimi\/onceki-ogrenmenin-tanimlanmasi\/","url":"http:\/\/ticaret.edu.tr\/tekstil-ve-moda-tasarimi\/onceki-ogrenmenin-tanimlanmasi\/","name":"\u00d6nceki \u00d6\u011frenmenin Tan\u0131mlanmas\u0131 - Tekstil ve Moda Tasar\u0131m\u0131","isPartOf":{"@id":"https:\/\/ticaret.edu.tr\/tekstil-ve-moda-tasarimi\/en\/#website"},"datePublished":"2025-01-26T00:12:07+00:00","dateModified":"2025-10-20T11:39:17+00:00","breadcrumb":{"@id":"http:\/\/ticaret.edu.tr\/tekstil-ve-moda-tasarimi\/onceki-ogrenmenin-tanimlanmasi\/#breadcrumb"},"inLanguage":"tr","potentialAction":[{"@type":"ReadAction","target":["http:\/\/ticaret.edu.tr\/tekstil-ve-moda-tasarimi\/onceki-ogrenmenin-tanimlanmasi\/"]}]},{"@type":"BreadcrumbList","@id":"http:\/\/ticaret.edu.tr\/tekstil-ve-moda-tasarimi\/onceki-ogrenmenin-tanimlanmasi\/#breadcrumb","itemListElement":[{"@type":"ListItem","position":1,"name":"Ana sayfa","item":"http:\/\/ticaret.edu.tr\/tekstil-ve-moda-tasarimi\/"},{"@type":"ListItem","position":2,"name":"\u00d6nceki \u00d6\u011frenmenin Tan\u0131mlanmas\u0131"}]},{"@type":"WebSite","@id":"https:\/\/ticaret.edu.tr\/tekstil-ve-moda-tasarimi\/en\/#website","url":"https:\/\/ticaret.edu.tr\/tekstil-ve-moda-tasarimi\/en\/","name":"Tekstil ve Moda Tasar\u0131m\u0131","description":"","potentialAction":[{"@type":"SearchAction","target":{"@type":"EntryPoint","urlTemplate":"https:\/\/ticaret.edu.tr\/tekstil-ve-moda-tasarimi\/en\/?s={search_term_string}"},"query-input":"required name=search_term_string"}],"inLanguage":"tr"}]}},"lang":"tr","translations":{"tr":1598,"en":1600},"pll_sync_post":[],"_links":{"self":[{"href":"http:\/\/ticaret.edu.tr\/tekstil-ve-moda-tasarimi\/wp-json\/wp\/v2\/pages\/1598"}],"collection":[{"href":"http:\/\/ticaret.edu.tr\/tekstil-ve-moda-tasarimi\/wp-json\/wp\/v2\/pages"}],"about":[{"href":"http:\/\/ticaret.edu.tr\/tekstil-ve-moda-tasarimi\/wp-json\/wp\/v2\/types\/page"}],"author":[{"embeddable":true,"href":"http:\/\/ticaret.edu.tr\/tekstil-ve-moda-tasarimi\/wp-json\/wp\/v2\/users\/224"}],"replies":[{"embeddable":true,"href":"http:\/\/ticaret.edu.tr\/tekstil-ve-moda-tasarimi\/wp-json\/wp\/v2\/comments?post=1598"}],"version-history":[{"count":2,"href":"http:\/\/ticaret.edu.tr\/tekstil-ve-moda-tasarimi\/wp-json\/wp\/v2\/pages\/1598\/revisions"}],"predecessor-version":[{"id":1920,"href":"http:\/\/ticaret.edu.tr\/tekstil-ve-moda-tasarimi\/wp-json\/wp\/v2\/pages\/1598\/revisions\/1920"}],"wp:attachment":[{"href":"http:\/\/ticaret.edu.tr\/tekstil-ve-moda-tasarimi\/wp-json\/wp\/v2\/media?parent=1598"}],"curies":[{"name":"wp","href":"https:\/\/api.w.org\/{rel}","templated":true}]}}