{"id":1639,"date":"2025-01-27T00:13:13","date_gmt":"2025-01-26T21:13:13","guid":{"rendered":"https:\/\/ticaret.edu.tr\/tekstil-ve-moda-tasarimi\/?page_id=1639"},"modified":"2025-10-21T15:08:42","modified_gmt":"2025-10-21T12:08:42","slug":"lisansustu-genel-bilgi","status":"publish","type":"page","link":"http:\/\/ticaret.edu.tr\/tekstil-ve-moda-tasarimi\/lisansustu-genel-bilgi\/","title":{"rendered":"Genel Bilgi"},"content":{"rendered":"<h3 data-start=\"287\" data-end=\"372\"><strong data-start=\"291\" data-end=\"372\">\u0130stanbul Ticaret \u00dcniversitesi Tekstil ve Moda Tasar\u0131m\u0131 Y\u00fcksek Lisans Program\u0131<\/strong><\/h3>\n<p data-start=\"374\" data-end=\"844\">Y\u00fcksek\u00f6\u011fretimde ama\u00e7, uluslararas\u0131 standartlara ula\u015fmakla kalmay\u0131p, bu standartlar\u0131n \u00f6tesine ge\u00e7ebilen yenilik\u00e7i ve \u00fcretken bireyler yeti\u015ftirmektir. Avrupa Birli\u011fi uyum s\u00fcreci kapsam\u0131nda \u00f6ne \u00e7\u0131kan e\u011fitim, sanat, bilim ve teknoloji alanlar\u0131n\u0131n bir arada geli\u015fmesi, \u00e7a\u011fda\u015f tasar\u0131m anlay\u0131\u015f\u0131n\u0131n temelini olu\u015fturmaktad\u0131r. Tekstil ve moda tasar\u0131m\u0131 ise k\u00fclt\u00fcrel de\u011ferlerle teknolojiyi, yarat\u0131c\u0131l\u0131kla s\u00fcrd\u00fcr\u00fclebilirli\u011fi bulu\u015fturan, estetik ve yenilik temelli bir disiplindir.<\/p>\n<p data-start=\"846\" data-end=\"1366\">K\u00fcresel \u00f6l\u00e7ekte h\u0131zla de\u011fi\u015fen moda end\u00fcstrisi, dijitalle\u015fme, \u00e7evre bilinci ve yeni \u00fcretim modelleri do\u011frultusunda program, \u00f6\u011frencilerini hem sekt\u00f6rde hem de akademik alanda etkin, ara\u015ft\u0131rmac\u0131, vizyon sahibi tasar\u0131mc\u0131lar olarak yeti\u015ftirmeyi hedeflemektedir. Moda, yaln\u0131zca giysi \u00fcretimi de\u011fil, toplumsal, k\u00fclt\u00fcrel ve teknolojik bir ileti\u015fim bi\u00e7imidir. Bu bak\u0131\u015fla \u00f6\u011frencilerin, kavramsal d\u00fc\u015f\u00fcnme ve yarat\u0131c\u0131 problem \u00e7\u00f6zme becerilerini geli\u015ftirerek tasar\u0131m\u0131 \u00e7ok y\u00f6nl\u00fc bir ifade alan\u0131 olarak ele almalar\u0131 ama\u00e7lanmaktad\u0131r.<\/p>\n<p data-start=\"1368\" data-end=\"1926\">Tekstil ve Moda Tasar\u0131m\u0131 Y\u00fcksek Lisans Program\u0131 \u00f6\u011frencilerini \u00f6zg\u00fcn d\u00fc\u015f\u00fcnebilen, \u00e7a\u011f\u0131n gereksinimlerine duyarl\u0131, yenilik\u00e7i ve \u00fcretken bireyler olmalar\u0131 y\u00f6n\u00fcnde destekler. Program, ara\u015ft\u0131rma yapma, tasarlama, geli\u015ftirme, uygulama ve de\u011ferlendirme s\u00fcre\u00e7lerinde derinlik kazand\u0131r\u0131rken, liderlik ve ekip \u00e7al\u0131\u015fmas\u0131na yatk\u0131nl\u0131k becerilerini de geli\u015ftirir. B\u00f6ylece \u00f6\u011frenciler, ya\u015fam boyu \u00f6\u011frenme bilinciyle, hem ulusal hem uluslararas\u0131 \u00f6l\u00e7ekte moda sekt\u00f6r\u00fcne, k\u00fclt\u00fcrel mirasa ve yarat\u0131c\u0131 ekonomiye katk\u0131 sa\u011flayabilecek profesyonel tasar\u0131mc\u0131lar olarak yeti\u015firler.<\/p>\n","protected":false},"excerpt":{"rendered":"<p>\u0130stanbul Ticaret \u00dcniversitesi Tekstil ve Moda Tasar\u0131m\u0131 Y\u00fcksek Lisans Program\u0131 Y\u00fcksek\u00f6\u011fretimde ama\u00e7, uluslararas\u0131 standartlara ula\u015fmakla kalmay\u0131p, bu standartlar\u0131n \u00f6tesine ge\u00e7ebilen yenilik\u00e7i ve \u00fcretken bireyler yeti\u015ftirmektir. Avrupa Birli\u011fi uyum s\u00fcreci kapsam\u0131nda \u00f6ne \u00e7\u0131kan e\u011fitim, sanat, bilim ve teknoloji alanlar\u0131n\u0131n bir arada geli\u015fmesi, \u00e7a\u011fda\u015f tasar\u0131m anlay\u0131\u015f\u0131n\u0131n temelini olu\u015fturmaktad\u0131r. Tekstil ve moda tasar\u0131m\u0131 ise k\u00fclt\u00fcrel de\u011ferlerle teknolojiyi, yarat\u0131c\u0131l\u0131kla [&hellip;]<\/p>\n","protected":false},"author":224,"featured_media":0,"parent":0,"menu_order":0,"comment_status":"closed","ping_status":"closed","template":"genel_sayfa.php","meta":{"footnotes":""},"yoast_head":"<!-- This site is optimized with the Yoast SEO Premium plugin v22.1 (Yoast SEO v22.1) - https:\/\/yoast.com\/wordpress\/plugins\/seo\/ -->\n<title>Genel Bilgi - Tekstil ve Moda Tasar\u0131m\u0131<\/title>\n<meta name=\"robots\" content=\"index, follow, max-snippet:-1, max-image-preview:large, max-video-preview:-1\" \/>\n<link rel=\"canonical\" href=\"http:\/\/ticaret.edu.tr\/tekstil-ve-moda-tasarimi\/lisansustu-genel-bilgi\/\" \/>\n<meta property=\"og:locale\" content=\"tr_TR\" \/>\n<meta property=\"og:type\" content=\"article\" \/>\n<meta property=\"og:title\" content=\"Genel Bilgi\" \/>\n<meta property=\"og:description\" content=\"\u0130stanbul Ticaret \u00dcniversitesi Tekstil ve Moda Tasar\u0131m\u0131 Y\u00fcksek Lisans Program\u0131 Y\u00fcksek\u00f6\u011fretimde ama\u00e7, uluslararas\u0131 standartlara ula\u015fmakla kalmay\u0131p, bu standartlar\u0131n \u00f6tesine ge\u00e7ebilen yenilik\u00e7i ve \u00fcretken bireyler yeti\u015ftirmektir. Avrupa Birli\u011fi uyum s\u00fcreci kapsam\u0131nda \u00f6ne \u00e7\u0131kan e\u011fitim, sanat, bilim ve teknoloji alanlar\u0131n\u0131n bir arada geli\u015fmesi, \u00e7a\u011fda\u015f tasar\u0131m anlay\u0131\u015f\u0131n\u0131n temelini olu\u015fturmaktad\u0131r. Tekstil ve moda tasar\u0131m\u0131 ise k\u00fclt\u00fcrel de\u011ferlerle teknolojiyi, yarat\u0131c\u0131l\u0131kla [&hellip;]\" \/>\n<meta property=\"og:url\" content=\"http:\/\/ticaret.edu.tr\/tekstil-ve-moda-tasarimi\/lisansustu-genel-bilgi\/\" \/>\n<meta property=\"og:site_name\" content=\"Tekstil ve Moda Tasar\u0131m\u0131\" \/>\n<meta property=\"article:publisher\" content=\"https:\/\/www.facebook.com\/ticaretedutr\" \/>\n<meta property=\"article:modified_time\" content=\"2025-10-21T12:08:42+00:00\" \/>\n<meta property=\"og:image\" content=\"http:\/\/ticaret.edu.tr\/tekstil-ve-moda-tasarimi\/wp-content\/uploads\/sites\/26\/2021\/11\/web_logo-01.jpg\" \/>\n\t<meta property=\"og:image:width\" content=\"1250\" \/>\n\t<meta property=\"og:image:height\" content=\"833\" \/>\n\t<meta property=\"og:image:type\" content=\"image\/jpeg\" \/>\n<meta name=\"twitter:card\" content=\"summary_large_image\" \/>\n<meta name=\"twitter:site\" content=\"@ticaretedutr\" \/>\n<meta name=\"twitter:label1\" content=\"Tahmini okuma s\u00fcresi\" \/>\n\t<meta name=\"twitter:data1\" content=\"2 dakika\" \/>\n<script type=\"application\/ld+json\" class=\"yoast-schema-graph\">{\"@context\":\"https:\/\/schema.org\",\"@graph\":[{\"@type\":\"WebPage\",\"@id\":\"http:\/\/ticaret.edu.tr\/tekstil-ve-moda-tasarimi\/lisansustu-genel-bilgi\/\",\"url\":\"http:\/\/ticaret.edu.tr\/tekstil-ve-moda-tasarimi\/lisansustu-genel-bilgi\/\",\"name\":\"Genel Bilgi - Tekstil ve Moda Tasar\u0131m\u0131\",\"isPartOf\":{\"@id\":\"https:\/\/ticaret.edu.tr\/tekstil-ve-moda-tasarimi\/en\/#website\"},\"datePublished\":\"2025-01-26T21:13:13+00:00\",\"dateModified\":\"2025-10-21T12:08:42+00:00\",\"breadcrumb\":{\"@id\":\"http:\/\/ticaret.edu.tr\/tekstil-ve-moda-tasarimi\/lisansustu-genel-bilgi\/#breadcrumb\"},\"inLanguage\":\"tr\",\"potentialAction\":[{\"@type\":\"ReadAction\",\"target\":[\"http:\/\/ticaret.edu.tr\/tekstil-ve-moda-tasarimi\/lisansustu-genel-bilgi\/\"]}]},{\"@type\":\"BreadcrumbList\",\"@id\":\"http:\/\/ticaret.edu.tr\/tekstil-ve-moda-tasarimi\/lisansustu-genel-bilgi\/#breadcrumb\",\"itemListElement\":[{\"@type\":\"ListItem\",\"position\":1,\"name\":\"Ana sayfa\",\"item\":\"http:\/\/ticaret.edu.tr\/tekstil-ve-moda-tasarimi\/\"},{\"@type\":\"ListItem\",\"position\":2,\"name\":\"Genel Bilgi\"}]},{\"@type\":\"WebSite\",\"@id\":\"https:\/\/ticaret.edu.tr\/tekstil-ve-moda-tasarimi\/en\/#website\",\"url\":\"https:\/\/ticaret.edu.tr\/tekstil-ve-moda-tasarimi\/en\/\",\"name\":\"Tekstil ve Moda Tasar\u0131m\u0131\",\"description\":\"\",\"potentialAction\":[{\"@type\":\"SearchAction\",\"target\":{\"@type\":\"EntryPoint\",\"urlTemplate\":\"https:\/\/ticaret.edu.tr\/tekstil-ve-moda-tasarimi\/en\/?s={search_term_string}\"},\"query-input\":\"required name=search_term_string\"}],\"inLanguage\":\"tr\"}]}<\/script>\n<!-- \/ Yoast SEO Premium plugin. -->","yoast_head_json":{"title":"Genel Bilgi - Tekstil ve Moda Tasar\u0131m\u0131","robots":{"index":"index","follow":"follow","max-snippet":"max-snippet:-1","max-image-preview":"max-image-preview:large","max-video-preview":"max-video-preview:-1"},"canonical":"http:\/\/ticaret.edu.tr\/tekstil-ve-moda-tasarimi\/lisansustu-genel-bilgi\/","og_locale":"tr_TR","og_type":"article","og_title":"Genel Bilgi","og_description":"\u0130stanbul Ticaret \u00dcniversitesi Tekstil ve Moda Tasar\u0131m\u0131 Y\u00fcksek Lisans Program\u0131 Y\u00fcksek\u00f6\u011fretimde ama\u00e7, uluslararas\u0131 standartlara ula\u015fmakla kalmay\u0131p, bu standartlar\u0131n \u00f6tesine ge\u00e7ebilen yenilik\u00e7i ve \u00fcretken bireyler yeti\u015ftirmektir. Avrupa Birli\u011fi uyum s\u00fcreci kapsam\u0131nda \u00f6ne \u00e7\u0131kan e\u011fitim, sanat, bilim ve teknoloji alanlar\u0131n\u0131n bir arada geli\u015fmesi, \u00e7a\u011fda\u015f tasar\u0131m anlay\u0131\u015f\u0131n\u0131n temelini olu\u015fturmaktad\u0131r. Tekstil ve moda tasar\u0131m\u0131 ise k\u00fclt\u00fcrel de\u011ferlerle teknolojiyi, yarat\u0131c\u0131l\u0131kla [&hellip;]","og_url":"http:\/\/ticaret.edu.tr\/tekstil-ve-moda-tasarimi\/lisansustu-genel-bilgi\/","og_site_name":"Tekstil ve Moda Tasar\u0131m\u0131","article_publisher":"https:\/\/www.facebook.com\/ticaretedutr","article_modified_time":"2025-10-21T12:08:42+00:00","og_image":[{"width":1250,"height":833,"url":"http:\/\/ticaret.edu.tr\/tekstil-ve-moda-tasarimi\/wp-content\/uploads\/sites\/26\/2021\/11\/web_logo-01.jpg","type":"image\/jpeg"}],"twitter_card":"summary_large_image","twitter_site":"@ticaretedutr","twitter_misc":{"Tahmini okuma s\u00fcresi":"2 dakika"},"schema":{"@context":"https:\/\/schema.org","@graph":[{"@type":"WebPage","@id":"http:\/\/ticaret.edu.tr\/tekstil-ve-moda-tasarimi\/lisansustu-genel-bilgi\/","url":"http:\/\/ticaret.edu.tr\/tekstil-ve-moda-tasarimi\/lisansustu-genel-bilgi\/","name":"Genel Bilgi - Tekstil ve Moda Tasar\u0131m\u0131","isPartOf":{"@id":"https:\/\/ticaret.edu.tr\/tekstil-ve-moda-tasarimi\/en\/#website"},"datePublished":"2025-01-26T21:13:13+00:00","dateModified":"2025-10-21T12:08:42+00:00","breadcrumb":{"@id":"http:\/\/ticaret.edu.tr\/tekstil-ve-moda-tasarimi\/lisansustu-genel-bilgi\/#breadcrumb"},"inLanguage":"tr","potentialAction":[{"@type":"ReadAction","target":["http:\/\/ticaret.edu.tr\/tekstil-ve-moda-tasarimi\/lisansustu-genel-bilgi\/"]}]},{"@type":"BreadcrumbList","@id":"http:\/\/ticaret.edu.tr\/tekstil-ve-moda-tasarimi\/lisansustu-genel-bilgi\/#breadcrumb","itemListElement":[{"@type":"ListItem","position":1,"name":"Ana sayfa","item":"http:\/\/ticaret.edu.tr\/tekstil-ve-moda-tasarimi\/"},{"@type":"ListItem","position":2,"name":"Genel Bilgi"}]},{"@type":"WebSite","@id":"https:\/\/ticaret.edu.tr\/tekstil-ve-moda-tasarimi\/en\/#website","url":"https:\/\/ticaret.edu.tr\/tekstil-ve-moda-tasarimi\/en\/","name":"Tekstil ve Moda Tasar\u0131m\u0131","description":"","potentialAction":[{"@type":"SearchAction","target":{"@type":"EntryPoint","urlTemplate":"https:\/\/ticaret.edu.tr\/tekstil-ve-moda-tasarimi\/en\/?s={search_term_string}"},"query-input":"required name=search_term_string"}],"inLanguage":"tr"}]}},"lang":"tr","translations":{"tr":1639,"en":1662},"pll_sync_post":[],"_links":{"self":[{"href":"http:\/\/ticaret.edu.tr\/tekstil-ve-moda-tasarimi\/wp-json\/wp\/v2\/pages\/1639"}],"collection":[{"href":"http:\/\/ticaret.edu.tr\/tekstil-ve-moda-tasarimi\/wp-json\/wp\/v2\/pages"}],"about":[{"href":"http:\/\/ticaret.edu.tr\/tekstil-ve-moda-tasarimi\/wp-json\/wp\/v2\/types\/page"}],"author":[{"embeddable":true,"href":"http:\/\/ticaret.edu.tr\/tekstil-ve-moda-tasarimi\/wp-json\/wp\/v2\/users\/224"}],"replies":[{"embeddable":true,"href":"http:\/\/ticaret.edu.tr\/tekstil-ve-moda-tasarimi\/wp-json\/wp\/v2\/comments?post=1639"}],"version-history":[{"count":3,"href":"http:\/\/ticaret.edu.tr\/tekstil-ve-moda-tasarimi\/wp-json\/wp\/v2\/pages\/1639\/revisions"}],"predecessor-version":[{"id":1953,"href":"http:\/\/ticaret.edu.tr\/tekstil-ve-moda-tasarimi\/wp-json\/wp\/v2\/pages\/1639\/revisions\/1953"}],"wp:attachment":[{"href":"http:\/\/ticaret.edu.tr\/tekstil-ve-moda-tasarimi\/wp-json\/wp\/v2\/media?parent=1639"}],"curies":[{"name":"wp","href":"https:\/\/api.w.org\/{rel}","templated":true}]}}