{"id":10,"date":"2020-05-07T01:37:12","date_gmt":"2020-05-06T22:37:12","guid":{"rendered":"http:\/\/ticaret.edu.tr\/finans\/?page_id=10"},"modified":"2025-11-10T13:36:16","modified_gmt":"2025-11-10T10:36:16","slug":"yuksek-lisans","status":"publish","type":"page","link":"http:\/\/ticaret.edu.tr\/ticaret-ve-finans-enstitusu\/yuksek-lisans\/","title":{"rendered":"Y\u00fcksek Lisans"},"content":{"rendered":"<h5><a style=\"background-color: #ffc107;color: black;padding: 10px 10px;margin: 15px auto;border-radius: 10px;font-weight: bold;text-align: center;text-decoration: none;font-size: 14px;max-width: 700px\" href=\"http:\/\/ticaret.edu.tr\/ticaret-ve-finans-enstitusu\/uluslararasi-bankacilik-ve-finans\/\">Uluslararas\u0131 Bankac\u0131l\u0131k ve Finans (Tezli\/Tezsiz)<\/a><\/h5>\n<p>&nbsp;<\/p>\n<h5><a style=\"background-color: #ffc107;color: black;padding: 10px 10px;margin: 15px auto;border-radius: 10px;font-weight: bold;text-align: center;text-decoration: none;font-size: 14px;max-width: 700px\" href=\"http:\/\/ticaret.edu.tr\/ticaret-ve-finans-enstitusu\/uluslararasi-finans-ingilizce\/\">Uluslararas\u0131 Finans (\u0130ngilizce) (Tezli\/Tezsiz)<\/a><\/h5>\n<p>&nbsp;<\/p>\n<h5><a style=\"background-color: #ffc107;color: black;padding: 10px 10px;margin: 15px auto;border-radius: 10px;font-weight: bold;text-align: center;text-decoration: none;font-size: 14px;max-width: 700px\" href=\"http:\/\/ticaret.edu.tr\/ticaret-ve-finans-enstitusu\/sigorta-ve-risk-yonetimi\/\">Sigorta ve Risk Y\u00f6netimi (Tezli)<\/a><\/h5>\n<p>&nbsp;<\/p>\n<h5><a style=\"background-color: #ffc107;color: black;padding: 10px 10px;margin: 15px auto;border-radius: 10px;font-weight: bold;text-align: center;text-decoration: none;font-size: 14px;max-width: 700px\" href=\"http:\/\/ticaret.edu.tr\/ticaret-ve-finans-enstitusu\/sigortacilik\/\">Sigortac\u0131l\u0131k (Tezsiz)<\/a><\/h5>\n<p>&nbsp;<\/p>\n<h5><a style=\"background-color: #ffc107;color: black;padding: 10px 10px;margin: 15px auto;border-radius: 10px;font-weight: bold;text-align: center;text-decoration: none;font-size: 14px;max-width: 700px\" href=\"http:\/\/ticaret.edu.tr\/ticaret-ve-finans-enstitusu\/sermaye-piyasasi-tezli-yuksek-lisans-programi\/\">Sermaye Piyasas\u0131 Y\u00fcksek Lisans Program\u0131 (Tezli\/Tezsiz)\u00a0<\/a><\/h5>\n<p>&nbsp;<\/p>\n<h5><a style=\"background-color: #ffc107;color: black;padding: 10px 10px;margin: 15px auto;border-radius: 10px;font-weight: bold;text-align: center;text-decoration: none;font-size: 14px;max-width: 700px\" href=\"http:\/\/ticaret.edu.tr\/ticaret-ve-finans-enstitusu\/bankacilik-tezsiz-yuksek-lisans-programi\/\">Bankac\u0131l\u0131k (Tezsiz) Y\u00fcksek Lisans Program\u0131<\/a><\/h5>\n<p>&nbsp;<\/p>\n<h5><a style=\"background-color: #ffc107;color: black;padding: 10px 10px;margin: 15px auto;border-radius: 10px;font-weight: bold;text-align: center;text-decoration: none;font-size: 14px;max-width: 700px\" href=\"http:\/\/ticaret.edu.tr\/ticaret-ve-finans-enstitusu\/finansal-hizmetler-pazarlamasi-tezsiz-yuksek-lisans-programi\/\">Finansal Hizmetler Pazarlamas\u0131 (Tezsiz) Y\u00fcksek Lisans Program\u0131<\/a><\/h5>\n<p>&nbsp;<\/p>\n<h5><a style=\"background-color: #ffc107;color: black;padding: 10px 10px;margin: 15px auto;border-radius: 10px;font-weight: bold;text-align: center;text-decoration: none;font-size: 14px;max-width: 700px\" href=\"#\">Finans Enstit\u00fcs\u00fc Bilimsel Haz\u0131rl\u0131k Ders Program\u0131<\/a><\/h5>\n<p>&nbsp;<\/p>\n<h5><a style=\"background-color: #ffc107;color: black;padding: 10px 10px;margin: 15px auto;border-radius: 10px;font-weight: bold;text-align: center;text-decoration: none;font-size: 14px;max-width: 700px\" href=\"https:\/\/ticaret.edu.tr\/ticaret-ve-finans-enstitusu\/yuksek-lisans\/uluslararasi-bankacilik-ve-finans-tezsiz-yuksek-lisans-uzaktan-egitim-programi\/\">Uluslararas\u0131 Bankac\u0131l\u0131k ve Finans Uzaktan \u00d6\u011fretim (Tezsiz) Y\u00fcksek Lisans Program\u0131<\/a><\/h5>\n","protected":false},"excerpt":{"rendered":"<p>Uluslararas\u0131 Bankac\u0131l\u0131k ve Finans (Tezli\/Tezsiz) &nbsp; Uluslararas\u0131 Finans (\u0130ngilizce) (Tezli\/Tezsiz) &nbsp; Sigorta ve Risk Y\u00f6netimi (Tezli) &nbsp; Sigortac\u0131l\u0131k (Tezsiz) &nbsp; Sermaye Piyasas\u0131 Y\u00fcksek Lisans Program\u0131 (Tezli\/Tezsiz)\u00a0 &nbsp; Bankac\u0131l\u0131k (Tezsiz) Y\u00fcksek Lisans Program\u0131 &nbsp; Finansal Hizmetler Pazarlamas\u0131 (Tezsiz) Y\u00fcksek Lisans Program\u0131 &nbsp; Finans Enstit\u00fcs\u00fc Bilimsel Haz\u0131rl\u0131k Ders Program\u0131 &nbsp; Uluslararas\u0131 Bankac\u0131l\u0131k ve Finans Uzaktan \u00d6\u011fretim (Tezsiz) [&hellip;]<\/p>\n","protected":false},"author":1,"featured_media":0,"parent":0,"menu_order":0,"comment_status":"closed","ping_status":"closed","template":"genel_sayfa.php","meta":{"footnotes":""},"yoast_head":"<!-- This site is optimized with the Yoast SEO Premium plugin v22.1 (Yoast SEO v22.1) - https:\/\/yoast.com\/wordpress\/plugins\/seo\/ -->\n<title>Y\u00fcksek Lisans - Ticaret ve Finans Enstit\u00fcs\u00fc<\/title>\n<meta name=\"robots\" content=\"index, follow, max-snippet:-1, max-image-preview:large, max-video-preview:-1\" \/>\n<link rel=\"canonical\" href=\"https:\/\/ticaret.edu.tr\/ticaret-ve-finans-enstitusu\/yuksek-lisans\/\" \/>\n<meta property=\"og:locale\" content=\"tr_TR\" \/>\n<meta property=\"og:type\" content=\"article\" \/>\n<meta property=\"og:title\" content=\"Y\u00fcksek Lisans\" \/>\n<meta property=\"og:description\" content=\"Uluslararas\u0131 Bankac\u0131l\u0131k ve Finans (Tezli\/Tezsiz) &nbsp; Uluslararas\u0131 Finans (\u0130ngilizce) (Tezli\/Tezsiz) &nbsp; Sigorta ve Risk Y\u00f6netimi (Tezli) &nbsp; Sigortac\u0131l\u0131k (Tezsiz) &nbsp; Sermaye Piyasas\u0131 Y\u00fcksek Lisans Program\u0131 (Tezli\/Tezsiz)\u00a0 &nbsp; Bankac\u0131l\u0131k (Tezsiz) Y\u00fcksek Lisans Program\u0131 &nbsp; Finansal Hizmetler Pazarlamas\u0131 (Tezsiz) Y\u00fcksek Lisans Program\u0131 &nbsp; Finans Enstit\u00fcs\u00fc Bilimsel Haz\u0131rl\u0131k Ders Program\u0131 &nbsp; Uluslararas\u0131 Bankac\u0131l\u0131k ve Finans Uzaktan \u00d6\u011fretim (Tezsiz) [&hellip;]\" \/>\n<meta property=\"og:url\" content=\"https:\/\/ticaret.edu.tr\/ticaret-ve-finans-enstitusu\/yuksek-lisans\/\" \/>\n<meta property=\"og:site_name\" content=\"Ticaret ve Finans Enstit\u00fcs\u00fc\" \/>\n<meta property=\"article:publisher\" content=\"https:\/\/www.facebook.com\/ticaretedutr\" \/>\n<meta property=\"article:modified_time\" content=\"2025-11-10T10:36:16+00:00\" \/>\n<meta property=\"og:image\" content=\"http:\/\/ticaret.edu.tr\/ticaret-ve-finans-enstitusu\/wp-content\/uploads\/sites\/36\/2021\/11\/web_logo-01.jpg\" \/>\n\t<meta property=\"og:image:width\" content=\"1250\" \/>\n\t<meta property=\"og:image:height\" content=\"833\" \/>\n\t<meta property=\"og:image:type\" content=\"image\/jpeg\" \/>\n<meta name=\"twitter:card\" content=\"summary_large_image\" \/>\n<meta name=\"twitter:site\" content=\"@ticaretedutr\" \/>\n<meta name=\"twitter:label1\" content=\"Tahmini okuma s\u00fcresi\" \/>\n\t<meta name=\"twitter:data1\" content=\"1 dakika\" \/>\n<script type=\"application\/ld+json\" class=\"yoast-schema-graph\">{\"@context\":\"https:\/\/schema.org\",\"@graph\":[{\"@type\":\"WebPage\",\"@id\":\"https:\/\/ticaret.edu.tr\/ticaret-ve-finans-enstitusu\/yuksek-lisans\/\",\"url\":\"https:\/\/ticaret.edu.tr\/ticaret-ve-finans-enstitusu\/yuksek-lisans\/\",\"name\":\"Y\u00fcksek Lisans - Ticaret ve Finans Enstit\u00fcs\u00fc\",\"isPartOf\":{\"@id\":\"https:\/\/ticaret.edu.tr\/ticaret-ve-finans-enstitusu\/#website\"},\"datePublished\":\"2020-05-06T22:37:12+00:00\",\"dateModified\":\"2025-11-10T10:36:16+00:00\",\"breadcrumb\":{\"@id\":\"https:\/\/ticaret.edu.tr\/ticaret-ve-finans-enstitusu\/yuksek-lisans\/#breadcrumb\"},\"inLanguage\":\"tr\",\"potentialAction\":[{\"@type\":\"ReadAction\",\"target\":[\"https:\/\/ticaret.edu.tr\/ticaret-ve-finans-enstitusu\/yuksek-lisans\/\"]}]},{\"@type\":\"BreadcrumbList\",\"@id\":\"https:\/\/ticaret.edu.tr\/ticaret-ve-finans-enstitusu\/yuksek-lisans\/#breadcrumb\",\"itemListElement\":[{\"@type\":\"ListItem\",\"position\":1,\"name\":\"Ana sayfa\",\"item\":\"https:\/\/ticaret.edu.tr\/ticaret-ve-finans-enstitusu\/\"},{\"@type\":\"ListItem\",\"position\":2,\"name\":\"Y\u00fcksek Lisans\"}]},{\"@type\":\"WebSite\",\"@id\":\"https:\/\/ticaret.edu.tr\/ticaret-ve-finans-enstitusu\/#website\",\"url\":\"https:\/\/ticaret.edu.tr\/ticaret-ve-finans-enstitusu\/\",\"name\":\"Ticaret ve Finans Enstit\u00fcs\u00fc\",\"description\":\"\",\"potentialAction\":[{\"@type\":\"SearchAction\",\"target\":{\"@type\":\"EntryPoint\",\"urlTemplate\":\"https:\/\/ticaret.edu.tr\/ticaret-ve-finans-enstitusu\/?s={search_term_string}\"},\"query-input\":\"required name=search_term_string\"}],\"inLanguage\":\"tr\"}]}<\/script>\n<!-- \/ Yoast SEO Premium plugin. -->","yoast_head_json":{"title":"Y\u00fcksek Lisans - Ticaret ve Finans Enstit\u00fcs\u00fc","robots":{"index":"index","follow":"follow","max-snippet":"max-snippet:-1","max-image-preview":"max-image-preview:large","max-video-preview":"max-video-preview:-1"},"canonical":"https:\/\/ticaret.edu.tr\/ticaret-ve-finans-enstitusu\/yuksek-lisans\/","og_locale":"tr_TR","og_type":"article","og_title":"Y\u00fcksek Lisans","og_description":"Uluslararas\u0131 Bankac\u0131l\u0131k ve Finans (Tezli\/Tezsiz) &nbsp; Uluslararas\u0131 Finans (\u0130ngilizce) (Tezli\/Tezsiz) &nbsp; Sigorta ve Risk Y\u00f6netimi (Tezli) &nbsp; Sigortac\u0131l\u0131k (Tezsiz) &nbsp; Sermaye Piyasas\u0131 Y\u00fcksek Lisans Program\u0131 (Tezli\/Tezsiz)\u00a0 &nbsp; Bankac\u0131l\u0131k (Tezsiz) Y\u00fcksek Lisans Program\u0131 &nbsp; Finansal Hizmetler Pazarlamas\u0131 (Tezsiz) Y\u00fcksek Lisans Program\u0131 &nbsp; Finans Enstit\u00fcs\u00fc Bilimsel Haz\u0131rl\u0131k Ders Program\u0131 &nbsp; Uluslararas\u0131 Bankac\u0131l\u0131k ve Finans Uzaktan \u00d6\u011fretim (Tezsiz) [&hellip;]","og_url":"https:\/\/ticaret.edu.tr\/ticaret-ve-finans-enstitusu\/yuksek-lisans\/","og_site_name":"Ticaret ve Finans Enstit\u00fcs\u00fc","article_publisher":"https:\/\/www.facebook.com\/ticaretedutr","article_modified_time":"2025-11-10T10:36:16+00:00","og_image":[{"width":1250,"height":833,"url":"http:\/\/ticaret.edu.tr\/ticaret-ve-finans-enstitusu\/wp-content\/uploads\/sites\/36\/2021\/11\/web_logo-01.jpg","type":"image\/jpeg"}],"twitter_card":"summary_large_image","twitter_site":"@ticaretedutr","twitter_misc":{"Tahmini okuma s\u00fcresi":"1 dakika"},"schema":{"@context":"https:\/\/schema.org","@graph":[{"@type":"WebPage","@id":"https:\/\/ticaret.edu.tr\/ticaret-ve-finans-enstitusu\/yuksek-lisans\/","url":"https:\/\/ticaret.edu.tr\/ticaret-ve-finans-enstitusu\/yuksek-lisans\/","name":"Y\u00fcksek Lisans - Ticaret ve Finans Enstit\u00fcs\u00fc","isPartOf":{"@id":"https:\/\/ticaret.edu.tr\/ticaret-ve-finans-enstitusu\/#website"},"datePublished":"2020-05-06T22:37:12+00:00","dateModified":"2025-11-10T10:36:16+00:00","breadcrumb":{"@id":"https:\/\/ticaret.edu.tr\/ticaret-ve-finans-enstitusu\/yuksek-lisans\/#breadcrumb"},"inLanguage":"tr","potentialAction":[{"@type":"ReadAction","target":["https:\/\/ticaret.edu.tr\/ticaret-ve-finans-enstitusu\/yuksek-lisans\/"]}]},{"@type":"BreadcrumbList","@id":"https:\/\/ticaret.edu.tr\/ticaret-ve-finans-enstitusu\/yuksek-lisans\/#breadcrumb","itemListElement":[{"@type":"ListItem","position":1,"name":"Ana sayfa","item":"https:\/\/ticaret.edu.tr\/ticaret-ve-finans-enstitusu\/"},{"@type":"ListItem","position":2,"name":"Y\u00fcksek Lisans"}]},{"@type":"WebSite","@id":"https:\/\/ticaret.edu.tr\/ticaret-ve-finans-enstitusu\/#website","url":"https:\/\/ticaret.edu.tr\/ticaret-ve-finans-enstitusu\/","name":"Ticaret ve Finans Enstit\u00fcs\u00fc","description":"","potentialAction":[{"@type":"SearchAction","target":{"@type":"EntryPoint","urlTemplate":"https:\/\/ticaret.edu.tr\/ticaret-ve-finans-enstitusu\/?s={search_term_string}"},"query-input":"required name=search_term_string"}],"inLanguage":"tr"}]}},"lang":"tr","translations":{"tr":10},"pll_sync_post":[],"_links":{"self":[{"href":"http:\/\/ticaret.edu.tr\/ticaret-ve-finans-enstitusu\/wp-json\/wp\/v2\/pages\/10"}],"collection":[{"href":"http:\/\/ticaret.edu.tr\/ticaret-ve-finans-enstitusu\/wp-json\/wp\/v2\/pages"}],"about":[{"href":"http:\/\/ticaret.edu.tr\/ticaret-ve-finans-enstitusu\/wp-json\/wp\/v2\/types\/page"}],"author":[{"embeddable":true,"href":"http:\/\/ticaret.edu.tr\/ticaret-ve-finans-enstitusu\/wp-json\/wp\/v2\/users\/1"}],"replies":[{"embeddable":true,"href":"http:\/\/ticaret.edu.tr\/ticaret-ve-finans-enstitusu\/wp-json\/wp\/v2\/comments?post=10"}],"version-history":[{"count":43,"href":"http:\/\/ticaret.edu.tr\/ticaret-ve-finans-enstitusu\/wp-json\/wp\/v2\/pages\/10\/revisions"}],"predecessor-version":[{"id":3043,"href":"http:\/\/ticaret.edu.tr\/ticaret-ve-finans-enstitusu\/wp-json\/wp\/v2\/pages\/10\/revisions\/3043"}],"wp:attachment":[{"href":"http:\/\/ticaret.edu.tr\/ticaret-ve-finans-enstitusu\/wp-json\/wp\/v2\/media?parent=10"}],"curies":[{"name":"wp","href":"https:\/\/api.w.org\/{rel}","templated":true}]}}