{"id":100,"date":"2020-05-11T14:36:30","date_gmt":"2020-05-11T11:36:30","guid":{"rendered":"http:\/\/ticaret.edu.tr\/finans\/?page_id=100"},"modified":"2026-02-14T15:43:55","modified_gmt":"2026-02-14T12:43:55","slug":"sigorta-ve-risk-yonetimi-doktora-programi","status":"publish","type":"page","link":"http:\/\/ticaret.edu.tr\/ticaret-ve-finans-enstitusu\/doktora\/sigorta-ve-risk-yonetimi-doktora-programi\/","title":{"rendered":"Sigorta ve Risk Y\u00f6netimi Doktora Program\u0131"},"content":{"rendered":"<table style=\"width: 100%;max-width: 1100px;margin: 0 auto;background-color: #ffffff;padding: 0;border-radius: 12px;border-collapse: collapse\" border=\"0\" cellspacing=\"0\" cellpadding=\"0\">\n<tbody>\n<tr><!-- SOL: KART --><\/p>\n<td style=\"width: 270px;vertical-align: top;text-align: center;padding-right: 20px;border: none\">\n<div style=\"background-color: #f9f9f9;border: 1px solid #ddd;border-left: 6px solid #ffc107;border-radius: 12px;padding: 15px\">\n<p><strong><a style=\"font-size: 13px;color: #f5a100\" href=\"mailto:ssonmezer@ticaret.edu.tr\"><img loading=\"lazy\" decoding=\"async\" class=\"alignnone size-medium wp-image-2715\" style=\"border-radius: 8px\" src=\"http:\/\/ticaret.edu.tr\/ticaret-ve-finans-enstitusu\/wp-content\/uploads\/sites\/36\/2025\/07\/sitkisonmezer-293x300.jpg\" alt=\"\" width=\"293\" height=\"300\" srcset=\"http:\/\/ticaret.edu.tr\/ticaret-ve-finans-enstitusu\/wp-content\/uploads\/sites\/36\/2025\/07\/sitkisonmezer-293x300.jpg 293w, http:\/\/ticaret.edu.tr\/ticaret-ve-finans-enstitusu\/wp-content\/uploads\/sites\/36\/2025\/07\/sitkisonmezer-768x788.jpg 768w, http:\/\/ticaret.edu.tr\/ticaret-ve-finans-enstitusu\/wp-content\/uploads\/sites\/36\/2025\/07\/sitkisonmezer.jpg 781w\" sizes=\"(max-width: 293px) 100vw, 293px\" \/><\/a><\/strong><\/p>\n<p>&nbsp;<\/p>\n<p style=\"font-size: 14px;font-weight: bold;margin-bottom: 5px\">Do\u00e7. Dr.<br \/>\nS\u0131tk\u0131 S\u00d6NMEZER<\/p>\n<p><strong><a style=\"font-size: 13px;color: #f5a100\" href=\"mailto:ssonmezer@ticaret.edu.tr\">ssonmezer@ticaret.edu.tr<\/a><\/strong><\/p>\n<p>&nbsp;<\/p>\n<h5 style=\"margin-top: 12px\"><a style=\"margin: 5px 0;background-color: #ffc107;color: black;padding: 8px;border-radius: 6px;text-decoration: none\" href=\"https:\/\/ticaret.edu.tr\/2024-2025-bahar-donemi-ders-programlari\/\">Ders Program\u0131<\/a><\/h5>\n<p>&nbsp;<\/p>\n<h5><\/h5>\n<h5><\/h5>\n<h5><\/h5>\n<h5><\/h5>\n<h5><\/h5>\n<h5><\/h5>\n<h5><\/h5>\n<h5 style=\"margin-top: 12px\"><a style=\"margin: 5px 0;background-color: #ffc107;color: black;padding: 8px;border-radius: 6px;text-decoration: none\" href=\"http:\/\/ticaret.edu.tr\/finans\/wp-content\/uploads\/sites\/36\/2020\/05\/Sigorta-ve-Risk-Y%C3%B6netimi-M%C3%BCfredat.pdf\">M\u00fcfredat<\/a><\/h5>\n<p>&nbsp;<\/p>\n<h5><\/h5>\n<h5><\/h5>\n<h5><\/h5>\n<h5><\/h5>\n<h5 style=\"margin-top: 12px\"><a style=\"margin: 5px 0;background-color: #ffc107;color: black;padding: 8px;border-radius: 6px;text-decoration: none\" href=\"https:\/\/obs.ticaret.edu.tr\/oibs\/bologna\/index.aspx?lang=tr&amp;curOp=showPac&amp;curUnit=FIE&amp;curSunit=473\">Bologna Bilgi Paketi<\/a><\/h5>\n<p>&nbsp;<\/p>\n<h5><\/h5>\n<h5><\/h5>\n<h5><\/h5>\n<h5><\/h5>\n<h5 style=\"margin-top: 12px\"><a style=\"margin: 5px 0;background-color: #ffc107;color: black;padding: 8px;border-radius: 6px;text-decoration: none\" href=\"https:\/\/lisansustuaday.ticaret.edu.tr\/burslar-ucretler\/\">Burslar ve \u00dccretler<\/a><\/h5>\n<p>&nbsp;<\/p>\n<h5><\/h5>\n<h5><\/h5>\n<h5><\/h5>\n<h5><\/h5>\n<h5 style=\"margin-top: 12px\"><a style=\"margin: 5px 0;background-color: #ffc107;color: black;padding: 8px;border-radius: 6px;text-decoration: none\" href=\"https:\/\/ticaret.edu.tr\/ticaret-ve-finans-enstitusu\/hemen-basvur\/kontenjanlar\/\">Kontenjanlar<\/a><\/h5>\n<div><\/div>\n<\/div>\n<\/td>\n<p><!-- SA\u011e: MET\u0130N --><\/p>\n<td style=\"vertical-align: top;font-family: Arial, sans-serif;font-size: 14px;line-height: 1.6;color: #333\">\n<div>\n<p>G\u00fcn\u00fcm\u00fczde, bir yandan ekonomik ve finansal riskler, k\u00fcresel \u0131s\u0131nma kaynakl\u0131 riskler gibi devam eden risklerin g\u00f6r\u00fclme s\u0131kl\u0131\u011f\u0131 ve \u015fiddetleri artarken, di\u011fer yandan bireyleri, kurumlar\u0131 ve \u00a0ekonomileri etkileyen y\u0131k\u0131c\u0131 ve geli\u015ftirici \u00f6zellikli \u00e7ok say\u0131da teknolojik geli\u015fmenin, \u00e7ok h\u0131zl\u0131 bir \u015fekilde ortaya \u00e7\u0131k\u0131yor olmas\u0131, teknoloji kaynakl\u0131 i\u015fsizlik riski ve siber riskler gibi \u00e7ok say\u0131da yeni riskin de ortaya \u00e7\u0131kmas\u0131na yol a\u00e7makta ve bu riskler kurumlar\u0131n ve ekonomilerin s\u00fcrd\u00fcr\u00fclebilirliklerini olumsuz olarak etkilemektedir. Bu durum da, risk y\u00f6netimi ve sigorta konusunu, artan bir \u015fekilde, t\u00fcm kurumlar\u0131n ve ekonomilerin en \u00f6nemli g\u00fcndem maddesi haline getirmektedir. Dolay\u0131s\u0131yla, bu risklerin y\u00f6netimi konusunda akademik ve uygulamaya y\u00f6nelik \u00e7al\u0131\u015fmalar yapabilecek doktora \u00fcnvanl\u0131 sigorta ve risk y\u00f6neticilerine olan ihtiya\u00e7 da giderek artmaktad\u0131r.<\/p>\n<p><strong>Misyon:<\/strong> Sigorta alan\u0131nda geli\u015fmeleri takip eden, sekt\u00f6r\u00fcn ihtiya\u00e7lar\u0131n\u0131n fark\u0131nda, dijital d\u00f6n\u00fc\u015f\u00fcme ayak uydurabilen mezunlar yeti\u015ftirmek<\/p>\n<p><strong>Vizyon:<\/strong> K\u00fcresel \u00f6l\u00e7ekte sekt\u00f6r\u00fcn geli\u015fimini takip eden ve kendini s\u00fcrekli g\u00fcncelleyen bir program olmak<\/p>\n<\/div>\n<ul>\n<li><a href=\"http:\/\/ticaret.edu.tr\/finans-enstitusu\/wp-content\/uploads\/sites\/36\/2021\/11\/SIG-DR-Basvuru-Kosullari-Guncel.pdf\">Ba\u015fvuru Ko\u015fullar\u0131<\/a><\/li>\n<li><a href=\"https:\/\/ticaret.edu.tr\/2024-2025-bahar-donemi-ders-programlari\/\">Ders Program\u0131<\/a><\/li>\n<li><a href=\"http:\/\/ticaret.edu.tr\/finans\/wp-content\/uploads\/sites\/36\/2020\/05\/Sigorta-ve-Risk-Y%C3%B6netimi-M%C3%BCfredat.pdf\">M\u00fcfredat<\/a><\/li>\n<li><a href=\"http:\/\/tubis.ticaret.edu.tr\/_Bologna\/Bolum\/DersListe.aspx\">Ders Tan\u0131t\u0131m Formu (Syllabus)<\/a><\/li>\n<\/ul>\n<p><strong>\u0130leti\u015fim:<\/strong><br \/>\n<em>Ticaret ve Finans Enstit\u00fcs\u00fc \u00d6\u011frenci \u0130\u015fleri<\/em><br \/>\n<strong>Program Sorumlusu:<\/strong> Mihriban \u015eenol<br \/>\n<a href=\"mailto:tfe@ticaret.edu.tr\">tfe@ticaret.edu.tr<\/a> \u2013 444 0 413 \/ Dahili: 4762<\/td>\n<\/tr>\n<\/tbody>\n<\/table>\n","protected":false},"excerpt":{"rendered":"<p>&nbsp; Do\u00e7. Dr. S\u0131tk\u0131 S\u00d6NMEZER ssonmezer@ticaret.edu.tr &nbsp; Ders Program\u0131 &nbsp; M\u00fcfredat &nbsp; Bologna Bilgi Paketi &nbsp; Burslar ve \u00dccretler &nbsp; Kontenjanlar G\u00fcn\u00fcm\u00fczde, bir yandan ekonomik ve finansal riskler, k\u00fcresel \u0131s\u0131nma kaynakl\u0131 riskler gibi devam eden risklerin g\u00f6r\u00fclme s\u0131kl\u0131\u011f\u0131 ve \u015fiddetleri artarken, di\u011fer yandan bireyleri, kurumlar\u0131 ve \u00a0ekonomileri etkileyen y\u0131k\u0131c\u0131 ve geli\u015ftirici \u00f6zellikli \u00e7ok say\u0131da teknolojik [&hellip;]<\/p>\n","protected":false},"author":92,"featured_media":0,"parent":6,"menu_order":0,"comment_status":"closed","ping_status":"closed","template":"genel_sayfa.php","meta":{"footnotes":""},"yoast_head":"<!-- This site is optimized with the Yoast SEO Premium plugin v22.1 (Yoast SEO v22.1) - https:\/\/yoast.com\/wordpress\/plugins\/seo\/ -->\n<title>Sigorta ve Risk Y\u00f6netimi Doktora Program\u0131 - Ticaret ve Finans Enstit\u00fcs\u00fc<\/title>\n<meta name=\"description\" content=\"\u0130stanbul Ticaret \u00dcniversitesi, Finans Enstit\u00fcs\u00fc, Sigorta ve Risk Y\u00f6netimi doktora program\u0131, halen T\u00fcrkiye\u2019nin ilk ve tek doktora program\u0131d\u0131r.\" \/>\n<meta name=\"robots\" content=\"index, follow, max-snippet:-1, max-image-preview:large, max-video-preview:-1\" \/>\n<link rel=\"canonical\" href=\"https:\/\/ticaret.edu.tr\/ticaret-ve-finans-enstitusu\/doktora\/sigorta-ve-risk-yonetimi-doktora-programi\/\" \/>\n<meta property=\"og:locale\" content=\"tr_TR\" \/>\n<meta property=\"og:type\" content=\"article\" \/>\n<meta property=\"og:title\" content=\"Sigorta ve Risk Y\u00f6netimi Doktora Program\u0131\" \/>\n<meta property=\"og:description\" content=\"\u0130stanbul Ticaret \u00dcniversitesi, Finans Enstit\u00fcs\u00fc, Sigorta ve Risk Y\u00f6netimi doktora program\u0131, halen T\u00fcrkiye\u2019nin ilk ve tek doktora program\u0131d\u0131r.\" \/>\n<meta property=\"og:url\" content=\"https:\/\/ticaret.edu.tr\/ticaret-ve-finans-enstitusu\/doktora\/sigorta-ve-risk-yonetimi-doktora-programi\/\" \/>\n<meta property=\"og:site_name\" content=\"Ticaret ve Finans Enstit\u00fcs\u00fc\" \/>\n<meta property=\"article:publisher\" content=\"https:\/\/www.facebook.com\/ticaretedutr\" \/>\n<meta property=\"article:modified_time\" content=\"2026-02-14T12:43:55+00:00\" \/>\n<meta property=\"og:image\" content=\"http:\/\/ticaret.edu.tr\/ticaret-ve-finans-enstitusu\/wp-content\/uploads\/sites\/36\/2025\/07\/sitkisonmezer-293x300.jpg\" \/>\n<meta name=\"twitter:card\" content=\"summary_large_image\" \/>\n<meta name=\"twitter:site\" content=\"@ticaretedutr\" \/>\n<meta name=\"twitter:label1\" content=\"Tahmini okuma s\u00fcresi\" \/>\n\t<meta name=\"twitter:data1\" content=\"2 dakika\" \/>\n<script type=\"application\/ld+json\" class=\"yoast-schema-graph\">{\"@context\":\"https:\/\/schema.org\",\"@graph\":[{\"@type\":\"WebPage\",\"@id\":\"https:\/\/ticaret.edu.tr\/ticaret-ve-finans-enstitusu\/doktora\/sigorta-ve-risk-yonetimi-doktora-programi\/\",\"url\":\"https:\/\/ticaret.edu.tr\/ticaret-ve-finans-enstitusu\/doktora\/sigorta-ve-risk-yonetimi-doktora-programi\/\",\"name\":\"Sigorta ve Risk Y\u00f6netimi Doktora Program\u0131 - Ticaret ve Finans Enstit\u00fcs\u00fc\",\"isPartOf\":{\"@id\":\"http:\/\/ticaret.edu.tr\/ticaret-ve-finans-enstitusu\/en\/#website\"},\"datePublished\":\"2020-05-11T11:36:30+00:00\",\"dateModified\":\"2026-02-14T12:43:55+00:00\",\"description\":\"\u0130stanbul Ticaret \u00dcniversitesi, Finans Enstit\u00fcs\u00fc, Sigorta ve Risk Y\u00f6netimi doktora program\u0131, halen T\u00fcrkiye\u2019nin ilk ve tek doktora program\u0131d\u0131r.\",\"breadcrumb\":{\"@id\":\"https:\/\/ticaret.edu.tr\/ticaret-ve-finans-enstitusu\/doktora\/sigorta-ve-risk-yonetimi-doktora-programi\/#breadcrumb\"},\"inLanguage\":\"tr\",\"potentialAction\":[{\"@type\":\"ReadAction\",\"target\":[\"https:\/\/ticaret.edu.tr\/ticaret-ve-finans-enstitusu\/doktora\/sigorta-ve-risk-yonetimi-doktora-programi\/\"]}]},{\"@type\":\"BreadcrumbList\",\"@id\":\"https:\/\/ticaret.edu.tr\/ticaret-ve-finans-enstitusu\/doktora\/sigorta-ve-risk-yonetimi-doktora-programi\/#breadcrumb\",\"itemListElement\":[{\"@type\":\"ListItem\",\"position\":1,\"name\":\"Ana sayfa\",\"item\":\"https:\/\/ticaret.edu.tr\/ticaret-ve-finans-enstitusu\/\"},{\"@type\":\"ListItem\",\"position\":2,\"name\":\"Doktora Programlar\u0131\",\"item\":\"https:\/\/ticaret.edu.tr\/ticaret-ve-finans-enstitusu\/doktora\/\"},{\"@type\":\"ListItem\",\"position\":3,\"name\":\"Sigorta ve Risk Y\u00f6netimi Doktora Program\u0131\"}]},{\"@type\":\"WebSite\",\"@id\":\"http:\/\/ticaret.edu.tr\/ticaret-ve-finans-enstitusu\/en\/#website\",\"url\":\"http:\/\/ticaret.edu.tr\/ticaret-ve-finans-enstitusu\/en\/\",\"name\":\"Ticaret ve Finans Enstit\u00fcs\u00fc\",\"description\":\"\",\"potentialAction\":[{\"@type\":\"SearchAction\",\"target\":{\"@type\":\"EntryPoint\",\"urlTemplate\":\"http:\/\/ticaret.edu.tr\/ticaret-ve-finans-enstitusu\/en\/?s={search_term_string}\"},\"query-input\":\"required name=search_term_string\"}],\"inLanguage\":\"tr\"}]}<\/script>\n<!-- \/ Yoast SEO Premium plugin. -->","yoast_head_json":{"title":"Sigorta ve Risk Y\u00f6netimi Doktora Program\u0131 - Ticaret ve Finans Enstit\u00fcs\u00fc","description":"\u0130stanbul Ticaret \u00dcniversitesi, Finans Enstit\u00fcs\u00fc, Sigorta ve Risk Y\u00f6netimi doktora program\u0131, halen T\u00fcrkiye\u2019nin ilk ve tek doktora program\u0131d\u0131r.","robots":{"index":"index","follow":"follow","max-snippet":"max-snippet:-1","max-image-preview":"max-image-preview:large","max-video-preview":"max-video-preview:-1"},"canonical":"https:\/\/ticaret.edu.tr\/ticaret-ve-finans-enstitusu\/doktora\/sigorta-ve-risk-yonetimi-doktora-programi\/","og_locale":"tr_TR","og_type":"article","og_title":"Sigorta ve Risk Y\u00f6netimi Doktora Program\u0131","og_description":"\u0130stanbul Ticaret \u00dcniversitesi, Finans Enstit\u00fcs\u00fc, Sigorta ve Risk Y\u00f6netimi doktora program\u0131, halen T\u00fcrkiye\u2019nin ilk ve tek doktora program\u0131d\u0131r.","og_url":"https:\/\/ticaret.edu.tr\/ticaret-ve-finans-enstitusu\/doktora\/sigorta-ve-risk-yonetimi-doktora-programi\/","og_site_name":"Ticaret ve Finans Enstit\u00fcs\u00fc","article_publisher":"https:\/\/www.facebook.com\/ticaretedutr","article_modified_time":"2026-02-14T12:43:55+00:00","og_image":[{"url":"http:\/\/ticaret.edu.tr\/ticaret-ve-finans-enstitusu\/wp-content\/uploads\/sites\/36\/2025\/07\/sitkisonmezer-293x300.jpg"}],"twitter_card":"summary_large_image","twitter_site":"@ticaretedutr","twitter_misc":{"Tahmini okuma s\u00fcresi":"2 dakika"},"schema":{"@context":"https:\/\/schema.org","@graph":[{"@type":"WebPage","@id":"https:\/\/ticaret.edu.tr\/ticaret-ve-finans-enstitusu\/doktora\/sigorta-ve-risk-yonetimi-doktora-programi\/","url":"https:\/\/ticaret.edu.tr\/ticaret-ve-finans-enstitusu\/doktora\/sigorta-ve-risk-yonetimi-doktora-programi\/","name":"Sigorta ve Risk Y\u00f6netimi Doktora Program\u0131 - Ticaret ve Finans Enstit\u00fcs\u00fc","isPartOf":{"@id":"http:\/\/ticaret.edu.tr\/ticaret-ve-finans-enstitusu\/en\/#website"},"datePublished":"2020-05-11T11:36:30+00:00","dateModified":"2026-02-14T12:43:55+00:00","description":"\u0130stanbul Ticaret \u00dcniversitesi, Finans Enstit\u00fcs\u00fc, Sigorta ve Risk Y\u00f6netimi doktora program\u0131, halen T\u00fcrkiye\u2019nin ilk ve tek doktora program\u0131d\u0131r.","breadcrumb":{"@id":"https:\/\/ticaret.edu.tr\/ticaret-ve-finans-enstitusu\/doktora\/sigorta-ve-risk-yonetimi-doktora-programi\/#breadcrumb"},"inLanguage":"tr","potentialAction":[{"@type":"ReadAction","target":["https:\/\/ticaret.edu.tr\/ticaret-ve-finans-enstitusu\/doktora\/sigorta-ve-risk-yonetimi-doktora-programi\/"]}]},{"@type":"BreadcrumbList","@id":"https:\/\/ticaret.edu.tr\/ticaret-ve-finans-enstitusu\/doktora\/sigorta-ve-risk-yonetimi-doktora-programi\/#breadcrumb","itemListElement":[{"@type":"ListItem","position":1,"name":"Ana sayfa","item":"https:\/\/ticaret.edu.tr\/ticaret-ve-finans-enstitusu\/"},{"@type":"ListItem","position":2,"name":"Doktora Programlar\u0131","item":"https:\/\/ticaret.edu.tr\/ticaret-ve-finans-enstitusu\/doktora\/"},{"@type":"ListItem","position":3,"name":"Sigorta ve Risk Y\u00f6netimi Doktora Program\u0131"}]},{"@type":"WebSite","@id":"http:\/\/ticaret.edu.tr\/ticaret-ve-finans-enstitusu\/en\/#website","url":"http:\/\/ticaret.edu.tr\/ticaret-ve-finans-enstitusu\/en\/","name":"Ticaret ve Finans Enstit\u00fcs\u00fc","description":"","potentialAction":[{"@type":"SearchAction","target":{"@type":"EntryPoint","urlTemplate":"http:\/\/ticaret.edu.tr\/ticaret-ve-finans-enstitusu\/en\/?s={search_term_string}"},"query-input":"required name=search_term_string"}],"inLanguage":"tr"}]}},"lang":"tr","translations":{"en":1339,"tr":100},"pll_sync_post":[],"_links":{"self":[{"href":"http:\/\/ticaret.edu.tr\/ticaret-ve-finans-enstitusu\/wp-json\/wp\/v2\/pages\/100"}],"collection":[{"href":"http:\/\/ticaret.edu.tr\/ticaret-ve-finans-enstitusu\/wp-json\/wp\/v2\/pages"}],"about":[{"href":"http:\/\/ticaret.edu.tr\/ticaret-ve-finans-enstitusu\/wp-json\/wp\/v2\/types\/page"}],"author":[{"embeddable":true,"href":"http:\/\/ticaret.edu.tr\/ticaret-ve-finans-enstitusu\/wp-json\/wp\/v2\/users\/92"}],"replies":[{"embeddable":true,"href":"http:\/\/ticaret.edu.tr\/ticaret-ve-finans-enstitusu\/wp-json\/wp\/v2\/comments?post=100"}],"version-history":[{"count":21,"href":"http:\/\/ticaret.edu.tr\/ticaret-ve-finans-enstitusu\/wp-json\/wp\/v2\/pages\/100\/revisions"}],"predecessor-version":[{"id":3346,"href":"http:\/\/ticaret.edu.tr\/ticaret-ve-finans-enstitusu\/wp-json\/wp\/v2\/pages\/100\/revisions\/3346"}],"up":[{"embeddable":true,"href":"http:\/\/ticaret.edu.tr\/ticaret-ve-finans-enstitusu\/wp-json\/wp\/v2\/pages\/6"}],"wp:attachment":[{"href":"http:\/\/ticaret.edu.tr\/ticaret-ve-finans-enstitusu\/wp-json\/wp\/v2\/media?parent=100"}],"curies":[{"name":"wp","href":"https:\/\/api.w.org\/{rel}","templated":true}]}}