{"id":1507,"date":"2022-03-31T09:37:57","date_gmt":"2022-03-31T06:37:57","guid":{"rendered":"https:\/\/ticaret.edu.tr\/finans-enstitusu\/?page_id=1507"},"modified":"2025-10-20T14:19:01","modified_gmt":"2025-10-20T11:19:01","slug":"enstitu-komisyonlari","status":"publish","type":"page","link":"http:\/\/ticaret.edu.tr\/ticaret-ve-finans-enstitusu\/enstitu-komisyonlari\/","title":{"rendered":"Enstit\u00fc Komisyonlar\u0131"},"content":{"rendered":"<table style=\"width: 900px;border-collapse: collapse;font-family: 'Segoe UI', Arial, sans-serif;font-size: 13px;border-radius: 10px;overflow: hidden;height: 1242px\">\n<thead>\n<tr style=\"background: linear-gradient(50deg, #002147, #004b8d);color: #fff;text-align: center\">\n<th style=\"padding: 12px\">Komisyon \/ Kurul<\/th>\n<th style=\"padding: 12px\">Ad Soyad<\/th>\n<th style=\"padding: 12px\">G\u00f6rev \/ Unvan<\/th>\n<th style=\"padding: 12px\">E-posta<\/th>\n<th style=\"padding: 12px\">Dahili<\/th>\n<\/tr>\n<\/thead>\n<tbody><!-- AKADEM\u0130K B\u0130R\u0130M KAL\u0130TE KOM\u0130SYONU --><\/p>\n<tr style=\"background-color: #fff\">\n<td style=\"padding: 10px;border-bottom: 1px solid #eee\">Akademik Birim Kalite Komisyonu<\/td>\n<td style=\"padding: 10px;border-bottom: 1px solid #eee\">Do\u00e7. Dr. Gencay Karakaya<\/td>\n<td style=\"padding: 10px;border-bottom: 1px solid #eee\">Enstit\u00fc M\u00fcd\u00fcr\u00fc<\/td>\n<td style=\"padding: 10px;border-bottom: 1px solid #eee\"><a style=\"color: #004b8d;text-decoration: none\" href=\"mailto:gkarakaya@ticaret.edu.tr\">gkarakaya@ticaret.edu.tr<\/a><\/td>\n<td style=\"padding: 10px;border-bottom: 1px solid #eee\">4254<\/td>\n<\/tr>\n<tr style=\"background-color: #f9fbfd\">\n<td style=\"padding: 10px;border-bottom: 1px solid #eee\">Akademik Birim Kalite Komisyonu<\/td>\n<td style=\"padding: 10px;border-bottom: 1px solid #eee\">Do\u00e7. Dr. Yunus \u00d6zcan<\/td>\n<td style=\"padding: 10px;border-bottom: 1px solid #eee\">Enstit\u00fc M\u00fcd\u00fcr Yard\u0131mc\u0131s\u0131<\/td>\n<td style=\"padding: 10px;border-bottom: 1px solid #eee\"><a style=\"color: #004b8d;text-decoration: none\" href=\"mailto:yozcan@ticaret.edu.tr\">yozcan@ticaret.edu.tr<\/a><\/td>\n<td style=\"padding: 10px;border-bottom: 1px solid #eee\">4394<\/td>\n<\/tr>\n<tr style=\"background-color: #fff\">\n<td style=\"padding: 10px;border-bottom: 1px solid #eee\">Akademik Birim Kalite Komisyonu<\/td>\n<td style=\"padding: 10px;border-bottom: 1px solid #eee\">Prof. Dr. Ali Osman G\u00fcrb\u00fcz<\/td>\n<td style=\"padding: 10px;border-bottom: 1px solid #eee\">Sermaye Piyasas\u0131 ABD<\/td>\n<td style=\"padding: 10px;border-bottom: 1px solid #eee\"><a style=\"color: #004b8d;text-decoration: none\" href=\"mailto:ogurbuz@ticaret.edu.tr\">ogurbuz@ticaret.edu.tr<\/a><\/td>\n<td style=\"padding: 10px;border-bottom: 1px solid #eee\">4365<\/td>\n<\/tr>\n<tr style=\"background-color: #f9fbfd\">\n<td style=\"padding: 10px;border-bottom: 1px solid #eee\">Akademik Birim Kalite Komisyonu<\/td>\n<td style=\"padding: 10px;border-bottom: 1px solid #eee\">Prof. Dr. Hicabi Ersoy<\/td>\n<td style=\"padding: 10px;border-bottom: 1px solid #eee\">Finans ABD \/ Bankac\u0131l\u0131k ABD<\/td>\n<td style=\"padding: 10px;border-bottom: 1px solid #eee\"><a style=\"color: #004b8d;text-decoration: none\" href=\"mailto:hersoy@ticaret.edu.tr\">hersoy@ticaret.edu.tr<\/a><\/td>\n<td style=\"padding: 10px;border-bottom: 1px solid #eee\">4376<\/td>\n<\/tr>\n<tr style=\"background-color: #fff\">\n<td style=\"padding: 10px;border-bottom: 1px solid #eee\">Akademik Birim Kalite Komisyonu<\/td>\n<td style=\"padding: 10px;border-bottom: 1px solid #eee\">Do\u00e7. Dr. S\u0131tk\u0131 S\u00f6nmezer<\/td>\n<td style=\"padding: 10px;border-bottom: 1px solid #eee\">Sigorta ve Risk Y\u00f6netimi ABD<\/td>\n<td style=\"padding: 10px;border-bottom: 1px solid #eee\"><a style=\"color: #004b8d;text-decoration: none\" href=\"mailto:ssonmezer@ticaret.edu.tr\">ssonmezer@ticaret.edu.tr<\/a><\/td>\n<td style=\"padding: 10px;border-bottom: 1px solid #eee\">4336<\/td>\n<\/tr>\n<tr style=\"background-color: #f9fbfd\">\n<td style=\"padding: 10px;border-bottom: 1px solid #eee\">Akademik Birim Kalite Komisyonu<\/td>\n<td style=\"padding: 10px;border-bottom: 1px solid #eee\">Mihriban \u015eenol<\/td>\n<td style=\"padding: 10px;border-bottom: 1px solid #eee\">Enstit\u00fc Personeli<\/td>\n<td style=\"padding: 10px;border-bottom: 1px solid #eee\"><a style=\"color: #004b8d;text-decoration: none\" href=\"mailto:msenol@ticaret.edu.tr\">msenol@ticaret.edu.tr<\/a><\/td>\n<td style=\"padding: 10px;border-bottom: 1px solid #eee\">4762<\/td>\n<\/tr>\n<tr style=\"background-color: #fff\">\n<td style=\"padding: 10px;border-bottom: 1px solid #eee\">Akademik Birim Kalite Komisyonu<\/td>\n<td style=\"padding: 10px;border-bottom: 1px solid #eee\">Ay\u00e7a Turan<\/td>\n<td style=\"padding: 10px;border-bottom: 1px solid #eee\">\u00d6\u011frenci<\/td>\n<td style=\"padding: 10px;border-bottom: 1px solid #eee\"><\/td>\n<td style=\"padding: 10px;border-bottom: 1px solid #eee\"><\/td>\n<\/tr>\n<p><!-- A\u00c7IK B\u0130L\u0130M, BOLOGNA, ERASMUS --><\/p>\n<tr style=\"background-color: #f9fbfd\">\n<td style=\"padding: 10px;border-bottom: 1px solid #eee\">A\u00e7\u0131k Bilim ve A\u00e7\u0131k Eri\u015fim Komisyonu<\/td>\n<td style=\"padding: 10px;border-bottom: 1px solid #eee\">Ar\u015f. G\u00f6r. \u015e\u00fcheda Baran<\/td>\n<td style=\"padding: 10px;border-bottom: 1px solid #eee\">Enstit\u00fc Ara\u015ft\u0131rma G\u00f6revlisi<\/td>\n<td style=\"padding: 10px;border-bottom: 1px solid #eee\"><a style=\"color: #004b8d;text-decoration: none\" href=\"mailto:sbaran@ticaret.edu.tr\">sbaran@ticaret.edu.tr<\/a><\/td>\n<td style=\"padding: 10px;border-bottom: 1px solid #eee\">4273<\/td>\n<\/tr>\n<tr style=\"background-color: #fff\">\n<td style=\"padding: 10px;border-bottom: 1px solid #eee\">Bologna G\u00f6revlisi<\/td>\n<td style=\"padding: 10px;border-bottom: 1px solid #eee\">Ar\u015f. G\u00f6r. \u015e\u00fcheda Baran<\/td>\n<td style=\"padding: 10px;border-bottom: 1px solid #eee\">Enstit\u00fc Ara\u015ft\u0131rma G\u00f6revlisi<\/td>\n<td style=\"padding: 10px;border-bottom: 1px solid #eee\"><a style=\"color: #004b8d;text-decoration: none\" href=\"mailto:sbaran@ticaret.edu.tr\">sbaran@ticaret.edu.tr<\/a><\/td>\n<td style=\"padding: 10px;border-bottom: 1px solid #eee\">4273<\/td>\n<\/tr>\n<tr style=\"background-color: #f9fbfd\">\n<td style=\"padding: 10px;border-bottom: 1px solid #eee\">Erasmus \/ De\u011fi\u015fim Programlar\u0131 Koordinat\u00f6rl\u00fc\u011f\u00fc<\/td>\n<td style=\"padding: 10px;border-bottom: 1px solid #eee\">Ar\u015f. G\u00f6r. \u015e\u00fcheda Baran<\/td>\n<td style=\"padding: 10px;border-bottom: 1px solid #eee\">Koordinat\u00f6r<\/td>\n<td style=\"padding: 10px;border-bottom: 1px solid #eee\"><a style=\"color: #004b8d;text-decoration: none\" href=\"mailto:sbaran@ticaret.edu.tr\">sbaran@ticaret.edu.tr<\/a><\/td>\n<td style=\"padding: 10px;border-bottom: 1px solid #eee\">4273<\/td>\n<\/tr>\n<p><!-- D\u0130S\u0130PL\u0130N KURULU --><\/p>\n<tr style=\"background-color: #fff\">\n<td style=\"padding: 10px;border-bottom: 1px solid #eee\">Disiplin Kurulu<\/td>\n<td style=\"padding: 10px;border-bottom: 1px solid #eee\">Prof. Dr. Ali Osman G\u00fcrb\u00fcz<\/td>\n<td style=\"padding: 10px;border-bottom: 1px solid #eee\">\u00dcye<\/td>\n<td style=\"padding: 10px;border-bottom: 1px solid #eee\"><a style=\"color: #004b8d;text-decoration: none\" href=\"mailto:ogurbuz@ticaret.edu.tr\">ogurbuz@ticaret.edu.tr<\/a><\/td>\n<td style=\"padding: 10px;border-bottom: 1px solid #eee\">4365<\/td>\n<\/tr>\n<tr style=\"background-color: #f9fbfd\">\n<td style=\"padding: 10px;border-bottom: 1px solid #eee\">Disiplin Kurulu<\/td>\n<td style=\"padding: 10px;border-bottom: 1px solid #eee\">Prof. Dr. El\u00e7in Ayka\u00e7 Alp<\/td>\n<td style=\"padding: 10px;border-bottom: 1px solid #eee\">\u00dcye<\/td>\n<td style=\"padding: 10px;border-bottom: 1px solid #eee\"><a style=\"color: #004b8d;text-decoration: none\" href=\"mailto:ealp@ticaret.edu.tr\">ealp@ticaret.edu.tr<\/a><\/td>\n<td style=\"padding: 10px;border-bottom: 1px solid #eee\">4323<\/td>\n<\/tr>\n<tr style=\"background-color: #fff\">\n<td style=\"padding: 10px;border-bottom: 1px solid #eee\">Disiplin Kurulu<\/td>\n<td style=\"padding: 10px;border-bottom: 1px solid #eee\">Prof. Dr. Hicabi Ersoy<\/td>\n<td style=\"padding: 10px;border-bottom: 1px solid #eee\">\u00dcye<\/td>\n<td style=\"padding: 10px;border-bottom: 1px solid #eee\"><a style=\"color: #004b8d;text-decoration: none\" href=\"mailto:hersoy@ticaret.edu.tr\">hersoy@ticaret.edu.tr<\/a><\/td>\n<td style=\"padding: 10px;border-bottom: 1px solid #eee\">4376<\/td>\n<\/tr>\n<p><!-- M\u00dcFREDAT VE DERS \u0130NT\u0130BAK --><\/p>\n<tr style=\"background-color: #f9fbfd\">\n<td style=\"padding: 10px;border-bottom: 1px solid #eee\">M\u00fcfredat ve Ders \u0130ntibaklar\u0131 Komisyonu<\/td>\n<td style=\"padding: 10px;border-bottom: 1px solid #eee\">Prof. Dr. Ali Osman G\u00fcrb\u00fcz<\/td>\n<td style=\"padding: 10px;border-bottom: 1px solid #eee\">Sermaye Piyasas\u0131 ABD<\/td>\n<td style=\"padding: 10px;border-bottom: 1px solid #eee\"><a style=\"color: #004b8d;text-decoration: none\" href=\"mailto:ogurbuz@ticaret.edu.tr\">ogurbuz@ticaret.edu.tr<\/a><\/td>\n<td style=\"padding: 10px;border-bottom: 1px solid #eee\">4365<\/td>\n<\/tr>\n<tr style=\"background-color: #fff\">\n<td style=\"padding: 10px;border-bottom: 1px solid #eee\">M\u00fcfredat ve Ders \u0130ntibaklar\u0131 Komisyonu<\/td>\n<td style=\"padding: 10px;border-bottom: 1px solid #eee\">Prof. Dr. Hicabi Ersoy<\/td>\n<td style=\"padding: 10px;border-bottom: 1px solid #eee\">Finans ABD \/ Bankac\u0131l\u0131k ABD<\/td>\n<td style=\"padding: 10px;border-bottom: 1px solid #eee\"><a style=\"color: #004b8d;text-decoration: none\" href=\"mailto:hersoy@ticaret.edu.tr\">hersoy@ticaret.edu.tr<\/a><\/td>\n<td style=\"padding: 10px;border-bottom: 1px solid #eee\">4376<\/td>\n<\/tr>\n<tr style=\"background-color: #f9fbfd\">\n<td style=\"padding: 10px;border-bottom: 1px solid #eee\">M\u00fcfredat ve Ders \u0130ntibaklar\u0131 Komisyonu<\/td>\n<td style=\"padding: 10px;border-bottom: 1px solid #eee\">Do\u00e7. Dr. S\u0131tk\u0131 S\u00f6nmezer<\/td>\n<td style=\"padding: 10px;border-bottom: 1px solid #eee\">Sigorta ve Risk Y\u00f6netimi ABD<\/td>\n<td style=\"padding: 10px;border-bottom: 1px solid #eee\"><a style=\"color: #004b8d;text-decoration: none\" href=\"mailto:ssonmezer@ticaret.edu.tr\">ssonmezer@ticaret.edu.tr<\/a><\/td>\n<td style=\"padding: 10px;border-bottom: 1px solid #eee\">4336<\/td>\n<\/tr>\n<p><!-- YATAY GE\u00c7\u0130\u015e KOM\u0130SYONU --><\/p>\n<tr style=\"background-color: #fff\">\n<td style=\"padding: 10px;border-bottom: 1px solid #eee\">Yatay Ge\u00e7i\u015f De\u011ferlendirme Komisyonu<\/td>\n<td style=\"padding: 10px;border-bottom: 1px solid #eee\">Prof. Dr. Ali Osman G\u00fcrb\u00fcz<\/td>\n<td style=\"padding: 10px;border-bottom: 1px solid #eee\">Sermaye Piyasas\u0131 ABD<\/td>\n<td style=\"padding: 10px;border-bottom: 1px solid #eee\"><a style=\"color: #004b8d;text-decoration: none\" href=\"mailto:ogurbuz@ticaret.edu.tr\">ogurbuz@ticaret.edu.tr<\/a><\/td>\n<td style=\"padding: 10px;border-bottom: 1px solid #eee\">4365<\/td>\n<\/tr>\n<tr style=\"background-color: #f9fbfd\">\n<td style=\"padding: 10px;border-bottom: 1px solid #eee\">Yatay Ge\u00e7i\u015f De\u011ferlendirme Komisyonu<\/td>\n<td style=\"padding: 10px;border-bottom: 1px solid #eee\">Prof. Dr. Hicabi Ersoy<\/td>\n<td style=\"padding: 10px;border-bottom: 1px solid #eee\">Finans ABD \/ Bankac\u0131l\u0131k ABD<\/td>\n<td style=\"padding: 10px;border-bottom: 1px solid #eee\"><a style=\"color: #004b8d;text-decoration: none\" href=\"mailto:hersoy@ticaret.edu.tr\">hersoy@ticaret.edu.tr<\/a><\/td>\n<td style=\"padding: 10px;border-bottom: 1px solid #eee\">4376<\/td>\n<\/tr>\n<tr style=\"background-color: #fff\">\n<td style=\"padding: 10px;border-bottom: 1px solid #eee\">Yatay Ge\u00e7i\u015f De\u011ferlendirme Komisyonu<\/td>\n<td style=\"padding: 10px;border-bottom: 1px solid #eee\">Do\u00e7. Dr. S\u0131tk\u0131 S\u00f6nmezer<\/td>\n<td style=\"padding: 10px;border-bottom: 1px solid #eee\">Sigorta ve Risk Y\u00f6netimi ABD<\/td>\n<td style=\"padding: 10px;border-bottom: 1px solid #eee\"><a style=\"color: #004b8d;text-decoration: none\" href=\"mailto:ssonmezer@ticaret.edu.tr\">ssonmezer@ticaret.edu.tr<\/a><\/td>\n<td>\u00a0 4336<\/td>\n<\/tr>\n<tr style=\"background-color: #fff\">\n<td style=\"padding: 10px;border-bottom: 1px solid #eee\">Enstit\u00fc Web Sorumlusu<\/td>\n<td style=\"padding: 10px;border-bottom: 1px solid #eee\">Ar\u015f. G\u00f6r. \u015e\u00fcheda Baran<\/td>\n<td style=\"padding: 10px;border-bottom: 1px solid #eee\">Enstit\u00fc Ara\u015ft\u0131rma G\u00f6revlisi<\/td>\n<td style=\"padding: 10px;border-bottom: 1px solid #eee\"><a style=\"color: #004b8d;text-decoration: none\" href=\"mailto:sbaran@ticaret.edu.tr\">sbaran@ticaret.edu.tr<\/a><\/td>\n<td>\u00a0 4273<\/td>\n<\/tr>\n<\/tbody>\n<\/table>\n","protected":false},"excerpt":{"rendered":"<p>Komisyon \/ Kurul Ad Soyad G\u00f6rev \/ Unvan E-posta Dahili Akademik Birim Kalite Komisyonu Do\u00e7. Dr. Gencay Karakaya Enstit\u00fc M\u00fcd\u00fcr\u00fc gkarakaya@ticaret.edu.tr 4254 Akademik Birim Kalite Komisyonu Do\u00e7. Dr. Yunus \u00d6zcan Enstit\u00fc M\u00fcd\u00fcr Yard\u0131mc\u0131s\u0131 yozcan@ticaret.edu.tr 4394 Akademik Birim Kalite Komisyonu Prof. Dr. Ali Osman G\u00fcrb\u00fcz Sermaye Piyasas\u0131 ABD ogurbuz@ticaret.edu.tr 4365 Akademik Birim Kalite Komisyonu Prof. Dr. [&hellip;]<\/p>\n","protected":false},"author":149,"featured_media":0,"parent":0,"menu_order":0,"comment_status":"closed","ping_status":"closed","template":"genel_sayfa.php","meta":{"footnotes":""},"yoast_head":"<!-- This site is optimized with the Yoast SEO Premium plugin v22.1 (Yoast SEO v22.1) - https:\/\/yoast.com\/wordpress\/plugins\/seo\/ -->\n<title>Enstit\u00fc Komisyonlar\u0131 - Ticaret ve Finans Enstit\u00fcs\u00fc<\/title>\n<meta name=\"robots\" content=\"index, follow, max-snippet:-1, max-image-preview:large, max-video-preview:-1\" \/>\n<link rel=\"canonical\" href=\"https:\/\/ticaret.edu.tr\/ticaret-ve-finans-enstitusu\/enstitu-komisyonlari\/\" \/>\n<meta property=\"og:locale\" content=\"tr_TR\" \/>\n<meta property=\"og:type\" content=\"article\" \/>\n<meta property=\"og:title\" content=\"Enstit\u00fc Komisyonlar\u0131\" \/>\n<meta property=\"og:description\" content=\"Komisyon \/ Kurul Ad Soyad G\u00f6rev \/ Unvan E-posta Dahili Akademik Birim Kalite Komisyonu Do\u00e7. Dr. Gencay Karakaya Enstit\u00fc M\u00fcd\u00fcr\u00fc gkarakaya@ticaret.edu.tr 4254 Akademik Birim Kalite Komisyonu Do\u00e7. Dr. Yunus \u00d6zcan Enstit\u00fc M\u00fcd\u00fcr Yard\u0131mc\u0131s\u0131 yozcan@ticaret.edu.tr 4394 Akademik Birim Kalite Komisyonu Prof. Dr. Ali Osman G\u00fcrb\u00fcz Sermaye Piyasas\u0131 ABD ogurbuz@ticaret.edu.tr 4365 Akademik Birim Kalite Komisyonu Prof. Dr. [&hellip;]\" \/>\n<meta property=\"og:url\" content=\"https:\/\/ticaret.edu.tr\/ticaret-ve-finans-enstitusu\/enstitu-komisyonlari\/\" \/>\n<meta property=\"og:site_name\" content=\"Ticaret ve Finans Enstit\u00fcs\u00fc\" \/>\n<meta property=\"article:publisher\" content=\"https:\/\/www.facebook.com\/ticaretedutr\" \/>\n<meta property=\"article:modified_time\" content=\"2025-10-20T11:19:01+00:00\" \/>\n<meta property=\"og:image\" content=\"http:\/\/ticaret.edu.tr\/ticaret-ve-finans-enstitusu\/wp-content\/uploads\/sites\/36\/2021\/11\/web_logo-01.jpg\" \/>\n\t<meta property=\"og:image:width\" content=\"1250\" \/>\n\t<meta property=\"og:image:height\" content=\"833\" \/>\n\t<meta property=\"og:image:type\" content=\"image\/jpeg\" \/>\n<meta name=\"twitter:card\" content=\"summary_large_image\" \/>\n<meta name=\"twitter:site\" content=\"@ticaretedutr\" \/>\n<meta name=\"twitter:label1\" content=\"Tahmini okuma s\u00fcresi\" \/>\n\t<meta name=\"twitter:data1\" content=\"2 dakika\" \/>\n<script type=\"application\/ld+json\" class=\"yoast-schema-graph\">{\"@context\":\"https:\/\/schema.org\",\"@graph\":[{\"@type\":\"WebPage\",\"@id\":\"https:\/\/ticaret.edu.tr\/ticaret-ve-finans-enstitusu\/enstitu-komisyonlari\/\",\"url\":\"https:\/\/ticaret.edu.tr\/ticaret-ve-finans-enstitusu\/enstitu-komisyonlari\/\",\"name\":\"Enstit\u00fc Komisyonlar\u0131 - Ticaret ve Finans Enstit\u00fcs\u00fc\",\"isPartOf\":{\"@id\":\"https:\/\/ticaret.edu.tr\/ticaret-ve-finans-enstitusu\/#website\"},\"datePublished\":\"2022-03-31T06:37:57+00:00\",\"dateModified\":\"2025-10-20T11:19:01+00:00\",\"breadcrumb\":{\"@id\":\"https:\/\/ticaret.edu.tr\/ticaret-ve-finans-enstitusu\/enstitu-komisyonlari\/#breadcrumb\"},\"inLanguage\":\"tr\",\"potentialAction\":[{\"@type\":\"ReadAction\",\"target\":[\"https:\/\/ticaret.edu.tr\/ticaret-ve-finans-enstitusu\/enstitu-komisyonlari\/\"]}]},{\"@type\":\"BreadcrumbList\",\"@id\":\"https:\/\/ticaret.edu.tr\/ticaret-ve-finans-enstitusu\/enstitu-komisyonlari\/#breadcrumb\",\"itemListElement\":[{\"@type\":\"ListItem\",\"position\":1,\"name\":\"Ana sayfa\",\"item\":\"https:\/\/ticaret.edu.tr\/ticaret-ve-finans-enstitusu\/\"},{\"@type\":\"ListItem\",\"position\":2,\"name\":\"Enstit\u00fc Komisyonlar\u0131\"}]},{\"@type\":\"WebSite\",\"@id\":\"https:\/\/ticaret.edu.tr\/ticaret-ve-finans-enstitusu\/#website\",\"url\":\"https:\/\/ticaret.edu.tr\/ticaret-ve-finans-enstitusu\/\",\"name\":\"Ticaret ve Finans Enstit\u00fcs\u00fc\",\"description\":\"\",\"potentialAction\":[{\"@type\":\"SearchAction\",\"target\":{\"@type\":\"EntryPoint\",\"urlTemplate\":\"https:\/\/ticaret.edu.tr\/ticaret-ve-finans-enstitusu\/?s={search_term_string}\"},\"query-input\":\"required name=search_term_string\"}],\"inLanguage\":\"tr\"}]}<\/script>\n<!-- \/ Yoast SEO Premium plugin. -->","yoast_head_json":{"title":"Enstit\u00fc Komisyonlar\u0131 - Ticaret ve Finans Enstit\u00fcs\u00fc","robots":{"index":"index","follow":"follow","max-snippet":"max-snippet:-1","max-image-preview":"max-image-preview:large","max-video-preview":"max-video-preview:-1"},"canonical":"https:\/\/ticaret.edu.tr\/ticaret-ve-finans-enstitusu\/enstitu-komisyonlari\/","og_locale":"tr_TR","og_type":"article","og_title":"Enstit\u00fc Komisyonlar\u0131","og_description":"Komisyon \/ Kurul Ad Soyad G\u00f6rev \/ Unvan E-posta Dahili Akademik Birim Kalite Komisyonu Do\u00e7. Dr. Gencay Karakaya Enstit\u00fc M\u00fcd\u00fcr\u00fc gkarakaya@ticaret.edu.tr 4254 Akademik Birim Kalite Komisyonu Do\u00e7. Dr. Yunus \u00d6zcan Enstit\u00fc M\u00fcd\u00fcr Yard\u0131mc\u0131s\u0131 yozcan@ticaret.edu.tr 4394 Akademik Birim Kalite Komisyonu Prof. Dr. Ali Osman G\u00fcrb\u00fcz Sermaye Piyasas\u0131 ABD ogurbuz@ticaret.edu.tr 4365 Akademik Birim Kalite Komisyonu Prof. Dr. [&hellip;]","og_url":"https:\/\/ticaret.edu.tr\/ticaret-ve-finans-enstitusu\/enstitu-komisyonlari\/","og_site_name":"Ticaret ve Finans Enstit\u00fcs\u00fc","article_publisher":"https:\/\/www.facebook.com\/ticaretedutr","article_modified_time":"2025-10-20T11:19:01+00:00","og_image":[{"width":1250,"height":833,"url":"http:\/\/ticaret.edu.tr\/ticaret-ve-finans-enstitusu\/wp-content\/uploads\/sites\/36\/2021\/11\/web_logo-01.jpg","type":"image\/jpeg"}],"twitter_card":"summary_large_image","twitter_site":"@ticaretedutr","twitter_misc":{"Tahmini okuma s\u00fcresi":"2 dakika"},"schema":{"@context":"https:\/\/schema.org","@graph":[{"@type":"WebPage","@id":"https:\/\/ticaret.edu.tr\/ticaret-ve-finans-enstitusu\/enstitu-komisyonlari\/","url":"https:\/\/ticaret.edu.tr\/ticaret-ve-finans-enstitusu\/enstitu-komisyonlari\/","name":"Enstit\u00fc Komisyonlar\u0131 - Ticaret ve Finans Enstit\u00fcs\u00fc","isPartOf":{"@id":"https:\/\/ticaret.edu.tr\/ticaret-ve-finans-enstitusu\/#website"},"datePublished":"2022-03-31T06:37:57+00:00","dateModified":"2025-10-20T11:19:01+00:00","breadcrumb":{"@id":"https:\/\/ticaret.edu.tr\/ticaret-ve-finans-enstitusu\/enstitu-komisyonlari\/#breadcrumb"},"inLanguage":"tr","potentialAction":[{"@type":"ReadAction","target":["https:\/\/ticaret.edu.tr\/ticaret-ve-finans-enstitusu\/enstitu-komisyonlari\/"]}]},{"@type":"BreadcrumbList","@id":"https:\/\/ticaret.edu.tr\/ticaret-ve-finans-enstitusu\/enstitu-komisyonlari\/#breadcrumb","itemListElement":[{"@type":"ListItem","position":1,"name":"Ana sayfa","item":"https:\/\/ticaret.edu.tr\/ticaret-ve-finans-enstitusu\/"},{"@type":"ListItem","position":2,"name":"Enstit\u00fc Komisyonlar\u0131"}]},{"@type":"WebSite","@id":"https:\/\/ticaret.edu.tr\/ticaret-ve-finans-enstitusu\/#website","url":"https:\/\/ticaret.edu.tr\/ticaret-ve-finans-enstitusu\/","name":"Ticaret ve Finans Enstit\u00fcs\u00fc","description":"","potentialAction":[{"@type":"SearchAction","target":{"@type":"EntryPoint","urlTemplate":"https:\/\/ticaret.edu.tr\/ticaret-ve-finans-enstitusu\/?s={search_term_string}"},"query-input":"required name=search_term_string"}],"inLanguage":"tr"}]}},"lang":"tr","translations":{"tr":1507},"pll_sync_post":[],"_links":{"self":[{"href":"http:\/\/ticaret.edu.tr\/ticaret-ve-finans-enstitusu\/wp-json\/wp\/v2\/pages\/1507"}],"collection":[{"href":"http:\/\/ticaret.edu.tr\/ticaret-ve-finans-enstitusu\/wp-json\/wp\/v2\/pages"}],"about":[{"href":"http:\/\/ticaret.edu.tr\/ticaret-ve-finans-enstitusu\/wp-json\/wp\/v2\/types\/page"}],"author":[{"embeddable":true,"href":"http:\/\/ticaret.edu.tr\/ticaret-ve-finans-enstitusu\/wp-json\/wp\/v2\/users\/149"}],"replies":[{"embeddable":true,"href":"http:\/\/ticaret.edu.tr\/ticaret-ve-finans-enstitusu\/wp-json\/wp\/v2\/comments?post=1507"}],"version-history":[{"count":23,"href":"http:\/\/ticaret.edu.tr\/ticaret-ve-finans-enstitusu\/wp-json\/wp\/v2\/pages\/1507\/revisions"}],"predecessor-version":[{"id":2881,"href":"http:\/\/ticaret.edu.tr\/ticaret-ve-finans-enstitusu\/wp-json\/wp\/v2\/pages\/1507\/revisions\/2881"}],"wp:attachment":[{"href":"http:\/\/ticaret.edu.tr\/ticaret-ve-finans-enstitusu\/wp-json\/wp\/v2\/media?parent=1507"}],"curies":[{"name":"wp","href":"https:\/\/api.w.org\/{rel}","templated":true}]}}