{"id":195,"date":"2020-05-11T22:29:29","date_gmt":"2020-05-11T19:29:29","guid":{"rendered":"http:\/\/ticaret.edu.tr\/finans\/?page_id=195"},"modified":"2026-02-14T15:42:31","modified_gmt":"2026-02-14T12:42:31","slug":"uluslararasi-bankacilik-ve-finans","status":"publish","type":"page","link":"http:\/\/ticaret.edu.tr\/ticaret-ve-finans-enstitusu\/uluslararasi-bankacilik-ve-finans\/","title":{"rendered":"Uluslararas\u0131 Bankac\u0131l\u0131k ve Finans Y\u00fcksek Lisans"},"content":{"rendered":"<table style=\"width: 100%;max-width: 1100px;margin: 0 auto;background-color: #ffffff;padding: 0;border-radius: 12px;border-collapse: collapse\" border=\"0\" cellspacing=\"0\" cellpadding=\"0\">\n<tbody>\n<tr><!-- SOL: KART --><\/p>\n<td style=\"width: 270px;vertical-align: top;text-align: center;padding-right: 20px;border: none\">\n<div style=\"background-color: #f9f9f9;border: 1px solid #ddd;border-left: 6px solid #ffc107;border-radius: 12px;padding: 15px\">\n<p><img loading=\"lazy\" decoding=\"async\" class=\"alignnone size-medium wp-image-2700\" style=\"border-radius: 12px\" src=\"http:\/\/ticaret.edu.tr\/ticaret-ve-finans-enstitusu\/wp-content\/uploads\/sites\/36\/2025\/07\/Ekran-Alintisi-275x300.jpg\" alt=\"\" width=\"275\" height=\"300\" srcset=\"http:\/\/ticaret.edu.tr\/ticaret-ve-finans-enstitusu\/wp-content\/uploads\/sites\/36\/2025\/07\/Ekran-Alintisi-275x300.jpg 275w, http:\/\/ticaret.edu.tr\/ticaret-ve-finans-enstitusu\/wp-content\/uploads\/sites\/36\/2025\/07\/Ekran-Alintisi.jpg 731w\" sizes=\"(max-width: 275px) 100vw, 275px\" \/><\/p>\n<p style=\"font-size: 14px;font-weight: bold;margin-bottom: 5px\">Prof. Dr.<br \/>\nHicabi ERSOY<\/p>\n<p><strong><a style=\"font-size: 13px;color: #f5a100\" href=\"mailto:hersoy@ticaret.edu.tr\">hersoy@ticaret.edu.tr<\/a><\/strong><\/p>\n<p>&nbsp;<\/p>\n<h5 style=\"margin-top: 12px\"><a style=\"margin: 5px 0;background-color: #ffc107;color: black;padding: 8px;border-radius: 6px;text-decoration: none\" href=\"https:\/\/istanbulticaretuniversitesi.edupage.org\/timetable\/view.php?num=87&amp;class=*62\">Ders Program\u0131<\/a><\/h5>\n<p>&nbsp;<\/p>\n<h5><\/h5>\n<h5><\/h5>\n<h5><\/h5>\n<h5><\/h5>\n<h5><\/h5>\n<h5><\/h5>\n<h5><\/h5>\n<h5 style=\"margin-top: 12px\"><a style=\"margin: 5px 0;background-color: #ffc107;color: black;padding: 8px;border-radius: 6px;text-decoration: none\" href=\"http:\/\/ticaret.edu.tr\/ticaret-ve-finans-enstitusu\/wp-content\/uploads\/sites\/36\/2025\/09\/Uluslararasi-Bankacilik-ve-Finans-Yuksek-Lisans-Tezli-Tezsiz-Programi-2025-2026-Mufredat-1.pdf\">M\u00fcfredat<\/a><\/h5>\n<p>&nbsp;<\/p>\n<h5><\/h5>\n<h5><\/h5>\n<h5><\/h5>\n<h5><\/h5>\n<h5 style=\"margin-top: 12px\"><a style=\"margin: 5px 0;background-color: #ffc107;color: black;padding: 8px;border-radius: 6px;text-decoration: none\" href=\"https:\/\/obs.ticaret.edu.tr\/oibs\/bologna\/index.aspx?lang=tr&amp;curOp=showPac&amp;curUnit=FIE&amp;curSunit=497\">Bologna Bilgi Paketi<\/a><\/h5>\n<p>&nbsp;<\/p>\n<h5><\/h5>\n<h5><\/h5>\n<h5><\/h5>\n<h5><\/h5>\n<h5 style=\"margin-top: 12px\"><a style=\"margin: 5px 0;background-color: #ffc107;color: black;padding: 8px;border-radius: 6px;text-decoration: none\" href=\"https:\/\/lisansustuaday.ticaret.edu.tr\/burslar-ucretler\/\">Burslar ve \u00dccretler<\/a><\/h5>\n<p>&nbsp;<\/p>\n<h5><\/h5>\n<h5><\/h5>\n<h5><\/h5>\n<h5><\/h5>\n<h5 style=\"margin-top: 12px\"><a style=\"margin: 5px 0;background-color: #ffc107;color: black;padding: 8px;border-radius: 6px;text-decoration: none\" href=\"https:\/\/ticaret.edu.tr\/ticaret-ve-finans-enstitusu\/hemen-basvur\/kontenjanlar\/\">Kontenjanlar<\/a><\/h5>\n<div><\/div>\n<\/div>\n<\/td>\n<p><!-- SA\u011e: MET\u0130N --><\/p>\n<td style=\"vertical-align: top;font-family: Arial, sans-serif;font-size: 14px;line-height: 1.6;color: #333\"><strong>Misyon: <\/strong>Bankac\u0131l\u0131k ve finans alanlarda ulusal ve uluslararas\u0131 \u00f6l\u00e7ekte geli\u015fen ihtiya\u00e7lara cevap verebilecek, etik de\u011ferlere ba\u011fl\u0131, sorumluluk sahibi, analitik d\u00fc\u015f\u00fcnebilen ve \u00e7a\u011f\u0131n teknolojik gereksinimlerine uyum sa\u011flayan mezunlar yeti\u015ftirmek. \u00d6\u011frencilere teorik bilgi birikimi ile uygulama becerisi kazand\u0131rmak, ara\u015ft\u0131rma k\u00fclt\u00fcr\u00fcn\u00fc te\u015fvik etmek ve bankac\u0131l\u0131k ve finans sekt\u00f6rlerinde g\u00fc\u00e7l\u00fc i\u015f birlikleri kurarak e\u011fitim-\u00f6\u011fretim faaliyetlerini s\u00fcrekli geli\u015ftirmek.<\/p>\n<p><strong>Vizyon:<\/strong> E\u011fitim kalitesi, akademik birikimi, teknolojik yeniliklere a\u00e7\u0131kl\u0131\u011f\u0131 ve bankac\u0131l\u0131k ve finans sekt\u00f6rlerinde kurdu\u011fu g\u00fc\u00e7l\u00fc i\u015f birlikleriyle finansal piyasalarda ulusal ve uluslararas\u0131 d\u00fczeyde tan\u0131nan, \u00f6nc\u00fc ve tercih edilen bir program olmak. Mezunlar\u0131n dinamik bankac\u0131l\u0131k ve finans sekt\u00f6rlerinde fark yaratan profesyoneller olarak yer almalar\u0131n\u0131 sa\u011flayarak piyasalara y\u00f6n veren akademik bir merkez olmak.<\/p>\n<p><strong>Temel De\u011ferler:<br \/>\n<\/strong>Akademik M\u00fckemmeliyet<br \/>\nEtik ve Sorumluluk<br \/>\nS\u00fcrekli Geli\u015fim<br \/>\nYenilik\u00e7ilik<br \/>\nTeknoloji Odakl\u0131l\u0131k<br \/>\nSekt\u00f6rle \u0130\u015f Birli\u011fi<br \/>\n\u00c7evresel ve Sosyal Duyarl\u0131l\u0131k<br \/>\nGiri\u015fimcilik ve Liderlik<\/p>\n<p><strong>Kazand\u0131rd\u0131\u011f\u0131 yetkinlikler:<\/strong> Ekonomi ve bankac\u0131l\u0131k bilgisi, finansal analiz ve yorumlama becerisi, ileri d\u00fczey finansal karar alma, banka sistemlerine h\u00e2kimiyet, uluslararas\u0131 finans bilgisi ve analitik d\u00fc\u015f\u00fcnme yetene\u011fi.<\/p>\n<ul>\n<li><a href=\"http:\/\/ticaret.edu.tr\/finans\/wp-content\/uploads\/sites\/36\/2021\/07\/Uluslararasi-Bankacilik-ve-Finans-Kontenjan.pdf\">Ba\u015fvuru Ko\u015fullar\u0131<\/a><\/li>\n<li><a href=\"https:\/\/istanbulticaretuniversitesi.edupage.org\/timetable\/view.php?num=79&amp;class=*310\">Haftal\u0131k Ders Program\u0131<\/a><\/li>\n<li><a href=\"http:\/\/ticaret.edu.tr\/finans-enstitusu\/wp-content\/uploads\/sites\/36\/2022\/07\/UBF-Tezli-Tezsiz.pdf\">2022-2023 M\u00fcfredat<\/a><\/li>\n<li><a href=\"http:\/\/ticaret.edu.tr\/finans-enstitusu\/wp-content\/uploads\/sites\/36\/2023\/10\/ubf-yl-2023-2024-Guz-Mufredat-.pdf\">2023-2024 M\u00fcfredat<\/a><\/li>\n<li><a href=\"http:\/\/ticaret.edu.tr\/finans-enstitusu\/wp-content\/uploads\/sites\/36\/2024\/09\/2024-2025-Uluslararasi-Bankacilik-ve-Finans-Tezli-Tezsiz-Yuksek-Lisans-Programi-Mufredati.pdf\">2024-2025 M\u00fcfredat<\/a><\/li>\n<li><a href=\"http:\/\/ticaret.edu.tr\/ticaret-ve-finans-enstitusu\/wp-content\/uploads\/sites\/36\/2025\/09\/Uluslararasi-Bankacilik-ve-Finans-Yuksek-Lisans-Tezli-Tezsiz-Programi-2025-2026-Mufredat-1.pdf\">2025-2026 M\u00fcfredat<\/a><\/li>\n<li><a href=\"http:\/\/tubis.ticaret.edu.tr\/_Bologna\/Bolum\/DersListe.aspx?adi=i1Zj6LUBjNnk67ijaUZYVw==\">Ders Tan\u0131t\u0131m Formlar\u0131 (Syllabus)<\/a><\/li>\n<\/ul>\n<p><strong>\u0130leti\u015fim:<\/strong><br \/>\n<em>Ticaret ve Finans Enstit\u00fcs\u00fc \u00d6\u011frenci \u0130\u015fleri<\/em><br \/>\n<strong>Program Sorumlusu:<\/strong> Mihriban \u015eenol<br \/>\n<a href=\"mailto:tfe@ticaret.edu.tr\">tfe@ticaret.edu.tr<\/a> \u2013 444 0 413 \/ Dahili: 4762<\/td>\n<\/tr>\n<\/tbody>\n<\/table>\n","protected":false},"excerpt":{"rendered":"<p>Prof. Dr. Hicabi ERSOY hersoy@ticaret.edu.tr &nbsp; Ders Program\u0131 &nbsp; M\u00fcfredat &nbsp; Bologna Bilgi Paketi &nbsp; Burslar ve \u00dccretler &nbsp; Kontenjanlar Misyon: Bankac\u0131l\u0131k ve finans alanlarda ulusal ve uluslararas\u0131 \u00f6l\u00e7ekte geli\u015fen ihtiya\u00e7lara cevap verebilecek, etik de\u011ferlere ba\u011fl\u0131, sorumluluk sahibi, analitik d\u00fc\u015f\u00fcnebilen ve \u00e7a\u011f\u0131n teknolojik gereksinimlerine uyum sa\u011flayan mezunlar yeti\u015ftirmek. \u00d6\u011frencilere teorik bilgi birikimi ile uygulama becerisi [&hellip;]<\/p>\n","protected":false},"author":92,"featured_media":0,"parent":0,"menu_order":0,"comment_status":"closed","ping_status":"closed","template":"genel_sayfa.php","meta":{"footnotes":""},"yoast_head":"<!-- This site is optimized with the Yoast SEO Premium plugin v22.1 (Yoast SEO v22.1) - https:\/\/yoast.com\/wordpress\/plugins\/seo\/ -->\n<title>Uluslararas\u0131 Bankac\u0131l\u0131k ve Finans Y\u00fcksek Lisans - Ticaret ve Finans Enstit\u00fcs\u00fc<\/title>\n<meta name=\"description\" content=\"Uluslararas\u0131 Bankac\u0131l\u0131k ve Finans Tezli Y\u00fcksek Lisans Program\u0131; finans ve bankac\u0131l\u0131k alanlar\u0131nda uzmanla\u015fmaya y\u00f6nelik ileri d\u00fczeyde ara\u015ft\u0131rma a\u011f\u0131rl\u0131kl\u0131 bir programd\u0131r.\" \/>\n<meta name=\"robots\" content=\"index, follow, max-snippet:-1, max-image-preview:large, max-video-preview:-1\" \/>\n<link rel=\"canonical\" href=\"https:\/\/ticaret.edu.tr\/ticaret-ve-finans-enstitusu\/uluslararasi-bankacilik-ve-finans\/\" \/>\n<meta property=\"og:locale\" content=\"tr_TR\" \/>\n<meta property=\"og:type\" content=\"article\" \/>\n<meta property=\"og:title\" content=\"Uluslararas\u0131 Bankac\u0131l\u0131k ve Finans Y\u00fcksek Lisans\" \/>\n<meta property=\"og:description\" content=\"Uluslararas\u0131 Bankac\u0131l\u0131k ve Finans Tezli Y\u00fcksek Lisans Program\u0131; finans ve bankac\u0131l\u0131k alanlar\u0131nda uzmanla\u015fmaya y\u00f6nelik ileri d\u00fczeyde ara\u015ft\u0131rma a\u011f\u0131rl\u0131kl\u0131 bir programd\u0131r.\" \/>\n<meta property=\"og:url\" content=\"https:\/\/ticaret.edu.tr\/ticaret-ve-finans-enstitusu\/uluslararasi-bankacilik-ve-finans\/\" \/>\n<meta property=\"og:site_name\" content=\"Ticaret ve Finans Enstit\u00fcs\u00fc\" \/>\n<meta property=\"article:publisher\" content=\"https:\/\/www.facebook.com\/ticaretedutr\" \/>\n<meta property=\"article:modified_time\" content=\"2026-02-14T12:42:31+00:00\" \/>\n<meta property=\"og:image\" content=\"http:\/\/ticaret.edu.tr\/ticaret-ve-finans-enstitusu\/wp-content\/uploads\/sites\/36\/2025\/07\/Ekran-Alintisi-275x300.jpg\" \/>\n<meta name=\"twitter:card\" content=\"summary_large_image\" \/>\n<meta name=\"twitter:site\" content=\"@ticaretedutr\" \/>\n<meta name=\"twitter:label1\" content=\"Tahmini okuma s\u00fcresi\" \/>\n\t<meta name=\"twitter:data1\" content=\"2 dakika\" \/>\n<script type=\"application\/ld+json\" class=\"yoast-schema-graph\">{\"@context\":\"https:\/\/schema.org\",\"@graph\":[{\"@type\":\"WebPage\",\"@id\":\"https:\/\/ticaret.edu.tr\/ticaret-ve-finans-enstitusu\/uluslararasi-bankacilik-ve-finans\/\",\"url\":\"https:\/\/ticaret.edu.tr\/ticaret-ve-finans-enstitusu\/uluslararasi-bankacilik-ve-finans\/\",\"name\":\"Uluslararas\u0131 Bankac\u0131l\u0131k ve Finans Y\u00fcksek Lisans - Ticaret ve Finans Enstit\u00fcs\u00fc\",\"isPartOf\":{\"@id\":\"http:\/\/ticaret.edu.tr\/ticaret-ve-finans-enstitusu\/en\/#website\"},\"datePublished\":\"2020-05-11T19:29:29+00:00\",\"dateModified\":\"2026-02-14T12:42:31+00:00\",\"description\":\"Uluslararas\u0131 Bankac\u0131l\u0131k ve Finans Tezli Y\u00fcksek Lisans Program\u0131; finans ve bankac\u0131l\u0131k alanlar\u0131nda uzmanla\u015fmaya y\u00f6nelik ileri d\u00fczeyde ara\u015ft\u0131rma a\u011f\u0131rl\u0131kl\u0131 bir programd\u0131r.\",\"breadcrumb\":{\"@id\":\"https:\/\/ticaret.edu.tr\/ticaret-ve-finans-enstitusu\/uluslararasi-bankacilik-ve-finans\/#breadcrumb\"},\"inLanguage\":\"tr\",\"potentialAction\":[{\"@type\":\"ReadAction\",\"target\":[\"https:\/\/ticaret.edu.tr\/ticaret-ve-finans-enstitusu\/uluslararasi-bankacilik-ve-finans\/\"]}]},{\"@type\":\"BreadcrumbList\",\"@id\":\"https:\/\/ticaret.edu.tr\/ticaret-ve-finans-enstitusu\/uluslararasi-bankacilik-ve-finans\/#breadcrumb\",\"itemListElement\":[{\"@type\":\"ListItem\",\"position\":1,\"name\":\"Ana sayfa\",\"item\":\"https:\/\/ticaret.edu.tr\/ticaret-ve-finans-enstitusu\/\"},{\"@type\":\"ListItem\",\"position\":2,\"name\":\"Uluslararas\u0131 Bankac\u0131l\u0131k ve Finans Y\u00fcksek Lisans\"}]},{\"@type\":\"WebSite\",\"@id\":\"http:\/\/ticaret.edu.tr\/ticaret-ve-finans-enstitusu\/en\/#website\",\"url\":\"http:\/\/ticaret.edu.tr\/ticaret-ve-finans-enstitusu\/en\/\",\"name\":\"Ticaret ve Finans Enstit\u00fcs\u00fc\",\"description\":\"\",\"potentialAction\":[{\"@type\":\"SearchAction\",\"target\":{\"@type\":\"EntryPoint\",\"urlTemplate\":\"http:\/\/ticaret.edu.tr\/ticaret-ve-finans-enstitusu\/en\/?s={search_term_string}\"},\"query-input\":\"required name=search_term_string\"}],\"inLanguage\":\"tr\"}]}<\/script>\n<!-- \/ Yoast SEO Premium plugin. -->","yoast_head_json":{"title":"Uluslararas\u0131 Bankac\u0131l\u0131k ve Finans Y\u00fcksek Lisans - Ticaret ve Finans Enstit\u00fcs\u00fc","description":"Uluslararas\u0131 Bankac\u0131l\u0131k ve Finans Tezli Y\u00fcksek Lisans Program\u0131; finans ve bankac\u0131l\u0131k alanlar\u0131nda uzmanla\u015fmaya y\u00f6nelik ileri d\u00fczeyde ara\u015ft\u0131rma a\u011f\u0131rl\u0131kl\u0131 bir programd\u0131r.","robots":{"index":"index","follow":"follow","max-snippet":"max-snippet:-1","max-image-preview":"max-image-preview:large","max-video-preview":"max-video-preview:-1"},"canonical":"https:\/\/ticaret.edu.tr\/ticaret-ve-finans-enstitusu\/uluslararasi-bankacilik-ve-finans\/","og_locale":"tr_TR","og_type":"article","og_title":"Uluslararas\u0131 Bankac\u0131l\u0131k ve Finans Y\u00fcksek Lisans","og_description":"Uluslararas\u0131 Bankac\u0131l\u0131k ve Finans Tezli Y\u00fcksek Lisans Program\u0131; finans ve bankac\u0131l\u0131k alanlar\u0131nda uzmanla\u015fmaya y\u00f6nelik ileri d\u00fczeyde ara\u015ft\u0131rma a\u011f\u0131rl\u0131kl\u0131 bir programd\u0131r.","og_url":"https:\/\/ticaret.edu.tr\/ticaret-ve-finans-enstitusu\/uluslararasi-bankacilik-ve-finans\/","og_site_name":"Ticaret ve Finans Enstit\u00fcs\u00fc","article_publisher":"https:\/\/www.facebook.com\/ticaretedutr","article_modified_time":"2026-02-14T12:42:31+00:00","og_image":[{"url":"http:\/\/ticaret.edu.tr\/ticaret-ve-finans-enstitusu\/wp-content\/uploads\/sites\/36\/2025\/07\/Ekran-Alintisi-275x300.jpg"}],"twitter_card":"summary_large_image","twitter_site":"@ticaretedutr","twitter_misc":{"Tahmini okuma s\u00fcresi":"2 dakika"},"schema":{"@context":"https:\/\/schema.org","@graph":[{"@type":"WebPage","@id":"https:\/\/ticaret.edu.tr\/ticaret-ve-finans-enstitusu\/uluslararasi-bankacilik-ve-finans\/","url":"https:\/\/ticaret.edu.tr\/ticaret-ve-finans-enstitusu\/uluslararasi-bankacilik-ve-finans\/","name":"Uluslararas\u0131 Bankac\u0131l\u0131k ve Finans Y\u00fcksek Lisans - Ticaret ve Finans Enstit\u00fcs\u00fc","isPartOf":{"@id":"http:\/\/ticaret.edu.tr\/ticaret-ve-finans-enstitusu\/en\/#website"},"datePublished":"2020-05-11T19:29:29+00:00","dateModified":"2026-02-14T12:42:31+00:00","description":"Uluslararas\u0131 Bankac\u0131l\u0131k ve Finans Tezli Y\u00fcksek Lisans Program\u0131; finans ve bankac\u0131l\u0131k alanlar\u0131nda uzmanla\u015fmaya y\u00f6nelik ileri d\u00fczeyde ara\u015ft\u0131rma a\u011f\u0131rl\u0131kl\u0131 bir programd\u0131r.","breadcrumb":{"@id":"https:\/\/ticaret.edu.tr\/ticaret-ve-finans-enstitusu\/uluslararasi-bankacilik-ve-finans\/#breadcrumb"},"inLanguage":"tr","potentialAction":[{"@type":"ReadAction","target":["https:\/\/ticaret.edu.tr\/ticaret-ve-finans-enstitusu\/uluslararasi-bankacilik-ve-finans\/"]}]},{"@type":"BreadcrumbList","@id":"https:\/\/ticaret.edu.tr\/ticaret-ve-finans-enstitusu\/uluslararasi-bankacilik-ve-finans\/#breadcrumb","itemListElement":[{"@type":"ListItem","position":1,"name":"Ana sayfa","item":"https:\/\/ticaret.edu.tr\/ticaret-ve-finans-enstitusu\/"},{"@type":"ListItem","position":2,"name":"Uluslararas\u0131 Bankac\u0131l\u0131k ve Finans Y\u00fcksek Lisans"}]},{"@type":"WebSite","@id":"http:\/\/ticaret.edu.tr\/ticaret-ve-finans-enstitusu\/en\/#website","url":"http:\/\/ticaret.edu.tr\/ticaret-ve-finans-enstitusu\/en\/","name":"Ticaret ve Finans Enstit\u00fcs\u00fc","description":"","potentialAction":[{"@type":"SearchAction","target":{"@type":"EntryPoint","urlTemplate":"http:\/\/ticaret.edu.tr\/ticaret-ve-finans-enstitusu\/en\/?s={search_term_string}"},"query-input":"required name=search_term_string"}],"inLanguage":"tr"}]}},"lang":"tr","translations":{"en":1311,"tr":195},"pll_sync_post":[],"_links":{"self":[{"href":"http:\/\/ticaret.edu.tr\/ticaret-ve-finans-enstitusu\/wp-json\/wp\/v2\/pages\/195"}],"collection":[{"href":"http:\/\/ticaret.edu.tr\/ticaret-ve-finans-enstitusu\/wp-json\/wp\/v2\/pages"}],"about":[{"href":"http:\/\/ticaret.edu.tr\/ticaret-ve-finans-enstitusu\/wp-json\/wp\/v2\/types\/page"}],"author":[{"embeddable":true,"href":"http:\/\/ticaret.edu.tr\/ticaret-ve-finans-enstitusu\/wp-json\/wp\/v2\/users\/92"}],"replies":[{"embeddable":true,"href":"http:\/\/ticaret.edu.tr\/ticaret-ve-finans-enstitusu\/wp-json\/wp\/v2\/comments?post=195"}],"version-history":[{"count":62,"href":"http:\/\/ticaret.edu.tr\/ticaret-ve-finans-enstitusu\/wp-json\/wp\/v2\/pages\/195\/revisions"}],"predecessor-version":[{"id":3341,"href":"http:\/\/ticaret.edu.tr\/ticaret-ve-finans-enstitusu\/wp-json\/wp\/v2\/pages\/195\/revisions\/3341"}],"wp:attachment":[{"href":"http:\/\/ticaret.edu.tr\/ticaret-ve-finans-enstitusu\/wp-json\/wp\/v2\/media?parent=195"}],"curies":[{"name":"wp","href":"https:\/\/api.w.org\/{rel}","templated":true}]}}