{"id":197,"date":"2020-05-11T22:29:46","date_gmt":"2020-05-11T19:29:46","guid":{"rendered":"http:\/\/ticaret.edu.tr\/finans\/?page_id=197"},"modified":"2026-02-10T18:44:34","modified_gmt":"2026-02-10T15:44:34","slug":"uluslararasi-finans-ingilizce","status":"publish","type":"page","link":"http:\/\/ticaret.edu.tr\/ticaret-ve-finans-enstitusu\/uluslararasi-finans-ingilizce\/","title":{"rendered":"Uluslararas\u0131 Finans (\u0130ngilizce) Tezli &#8211; Tezsiz Y\u00fcksek Lisans Program\u0131"},"content":{"rendered":"<table style=\"width: 100%;max-width: 1100px;margin: 0 auto;background-color: #ffffff;padding: 0;border-radius: 12px;border-collapse: collapse\" border=\"0\" cellspacing=\"0\" cellpadding=\"0\">\n<tbody>\n<tr><!-- SOL: KART --><\/p>\n<td style=\"width: 270px;vertical-align: top;text-align: center;padding-right: 20px;border: none\">\n<div style=\"background-color: #f9f9f9;border: 1px solid #ddd;border-left: 6px solid #ffc107;border-radius: 12px;padding: 15px\">\n<p><img loading=\"lazy\" decoding=\"async\" class=\"alignnone size-medium wp-image-2700\" src=\"http:\/\/ticaret.edu.tr\/ticaret-ve-finans-enstitusu\/wp-content\/uploads\/sites\/36\/2025\/07\/Ekran-Alintisi-275x300.jpg\" alt=\"\" width=\"275\" height=\"300\" srcset=\"http:\/\/ticaret.edu.tr\/ticaret-ve-finans-enstitusu\/wp-content\/uploads\/sites\/36\/2025\/07\/Ekran-Alintisi-275x300.jpg 275w, http:\/\/ticaret.edu.tr\/ticaret-ve-finans-enstitusu\/wp-content\/uploads\/sites\/36\/2025\/07\/Ekran-Alintisi.jpg 731w\" sizes=\"(max-width: 275px) 100vw, 275px\" \/><\/p>\n<p style=\"font-size: 14px;font-weight: bold;margin-bottom: 5px\">Prof. Dr.<br \/>\nHicabi ERSOY<\/p>\n<p><strong><a style=\"font-size: 13px;color: #f5a100\" href=\"mailto:hersoy@ticaret.edu.tr\">hersoy@ticaret.edu.tr<\/a><\/strong><\/p>\n<h5 style=\"margin-top: 12px\"><a style=\"margin: 5px 0;background-color: #ffc107;color: black;padding: 8px;border-radius: 6px;text-decoration: none\" href=\"https:\/\/istanbulticaretuniversitesi.edupage.org\/timetable\/view.php?num=87&amp;class=*57\">Ders Program\u0131<\/a><\/h5>\n<p>&nbsp;<\/p>\n<h5><\/h5>\n<h5 style=\"margin-top: 12px\"><a style=\"margin: 5px 0;background-color: #ffc107;color: black;padding: 8px;border-radius: 6px;text-decoration: none\" href=\"http:\/\/ticaret.edu.tr\/ticaret-ve-finans-enstitusu\/wp-content\/uploads\/sites\/36\/2025\/09\/Uluslararasi-Bankacilik-ve-Finans-Yuksek-Lisans-Ingilizce-Tezli-Tezsiz-Programi-2025-2026-Mufredat-1.pdf\">M\u00fcfredat<\/a><\/h5>\n<p>&nbsp;<\/p>\n<h5><\/h5>\n<h5 style=\"margin-top: 12px\"><a style=\"margin: 5px 0;background-color: #ffc107;color: black;padding: 8px;border-radius: 6px;text-decoration: none\" href=\"https:\/\/obs.ticaret.edu.tr\/oibs\/bologna\/index.aspx?lang=tr&amp;curOp=showPac&amp;curUnit=FIE&amp;curSunit=498\">Bologna Bilgi Paketi<\/a><\/h5>\n<p>&nbsp;<\/p>\n<p>&nbsp;<\/p>\n<h5 style=\"margin-top: 12px\"><a style=\"margin: 5px 0;background-color: #ffc107;color: black;padding: 8px;border-radius: 6px;text-decoration: none\" href=\"https:\/\/lisansustuaday.ticaret.edu.tr\/burslar-ucretler\/\">Burslar ve \u00dccretler<\/a><\/h5>\n<p>&nbsp;<\/p>\n<p>&nbsp;<\/p>\n<h5 style=\"margin-top: 12px\"><a style=\"margin: 5px 0;background-color: #ffc107;color: black;padding: 8px;border-radius: 6px;text-decoration: none\" href=\"https:\/\/ticaret.edu.tr\/ticaret-ve-finans-enstitusu\/hemen-basvur\/kontenjanlar\/\">Kontenjanlar<\/a><\/h5>\n<div><\/div>\n<\/div>\n<\/td>\n<p><!-- SA\u011e: MET\u0130N --><\/p>\n<td style=\"vertical-align: top;font-family: Arial, sans-serif;font-size: 14px;line-height: 1.6;color: #333\"><strong>Misyon:<\/strong> Finans alan\u0131nda ulusal ve uluslararas\u0131 \u00f6l\u00e7ekte geli\u015fen ihtiya\u00e7lara cevap verebilecek, etik de\u011ferlere ba\u011fl\u0131, sorumluluk sahibi, analitik d\u00fc\u015f\u00fcnebilen ve \u00e7a\u011f\u0131n teknolojik gereksinimlerine uyum sa\u011flayan mezunlar yeti\u015ftirmek.<br \/>\n\u00d6\u011frencilere teorik bilgi birikimi ile uygulama becerisi kazand\u0131rmak, ara\u015ft\u0131rma k\u00fclt\u00fcr\u00fcn\u00fc te\u015fvik etmek ve finans sekt\u00f6r\u00fcnde g\u00fc\u00e7l\u00fc i\u015f birlikleri kurarak e\u011fitim-\u00f6\u011fretim faaliyetlerini s\u00fcrekli geli\u015ftirmek.<\/p>\n<p><strong>Vizyon:<\/strong> E\u011fitim kalitesi, akademik birikimi, teknolojik yeniliklere a\u00e7\u0131kl\u0131\u011f\u0131 ve finans sekt\u00f6r\u00fcnde kurdu\u011fu g\u00fc\u00e7l\u00fc i\u015f birlikleriyle finansal piyasalarda ulusal ve uluslararas\u0131 d\u00fczeyde tan\u0131nan, \u00f6nc\u00fc ve tercih edilen bir program olmak.<br \/>\nMezunlar\u0131n dinamik finans sekt\u00f6r\u00fcnde fark yaratan profesyoneller olarak yer almalar\u0131n\u0131 sa\u011flayarak finans sekt\u00f6r\u00fcnde y\u00f6n veren akademik bir merkez olmak.<\/p>\n<p><strong>Temel De\u011ferler:<\/strong><br \/>\nAkademik M\u00fckemmeliyet<br \/>\nEtik ve Sorumluluk<br \/>\nS\u00fcrekli Geli\u015fim<br \/>\nYenilik\u00e7ilik<br \/>\nTeknoloji Odakl\u0131l\u0131k<br \/>\nSekt\u00f6rle \u0130\u015f Birli\u011fi<br \/>\n\u00c7evresel ve Sosyal Duyarl\u0131l\u0131k<br \/>\nGiri\u015fimcilik ve Liderlik<\/p>\n<p>Son y\u0131llardaki h\u0131zl\u0131 k\u00fcreselle\u015fme s\u00fcrecinde s\u0131kl\u0131kla ya\u015fanan iktisadi\/finansal krizlerin de etkisiyle finans biliminin bu uygulamal\u0131 alan\u0131nda -s\u0131k\u0131nt\u0131lar\u0131n tan\u0131 ve iyile\u015ftirme y\u00f6ntemleri ile ilgili- yap\u0131lan \u00e7al\u0131\u015fmalarda art\u0131\u015f g\u00f6zlenmektedir. Finans piyasalar\u0131nda ya\u015fanan bu geli\u015fmeler, piyasalar\u0131n uluslararas\u0131 boyutunu kavrayabilen ve k\u00fcreselle\u015fmenin dinamikleriyle birlikte hareket edebilen, \u0130ngilizce dilinde e\u011fitim alm\u0131\u015f finans uzmanlar\u0131na duyulan ihtiyac\u0131 art\u0131rmaktad\u0131r. Bu sebeple, \u0130ngilizce finans terminolojisine, uluslararas\u0131 k\u00fclt\u00fcr ve felsefesine uygun \u00f6\u011frencilerin yeti\u015ftirilmesi ve i\u015f d\u00fcnyas\u0131na kazand\u0131r\u0131lmas\u0131 b\u00fcy\u00fck \u00f6nem ta\u015f\u0131maktad\u0131r.<\/p>\n<p>Uluslararas\u0131 Finans y\u00fcksek lisans program\u0131; teori, politika, kavram ve teknikleri ele alarak, bu alanda gereksinim duyulan meslek mensuplar\u0131n\u0131n yeti\u015ftirilmesini ama\u00e7 edinmi\u015ftir. Program, finans ve say\u0131sal tekniklerin yan\u0131 s\u0131ra, teori ve politikalar\u0131 \u00f6z\u00fcmsemi\u015f, k\u00fcresel piyasalarda ya\u015fanan h\u0131zl\u0131 de\u011fi\u015fimleri ekonomi, sekt\u00f6r ve firma d\u00fczeylerinde izleyerek, zaman\u0131nda do\u011fru kararlar alabilen uluslararas\u0131 finans uzmanlar\u0131n\u0131n yeti\u015ftirilmesini hedeflemektedir.<\/p>\n<p>Finans Enstit\u00fcs\u00fc International Finance Y\u00fcksek Lisans Program\u0131, d\u00fcnya genelinde Finans Piyasas\u0131 \u00e7al\u0131\u015fanlar\u0131na y\u00f6nelik en prestijli sertifikasyon programlar\u0131ndan olan Chartered Financial Analyst (CFA) Enstit\u00fcs\u00fc akreditasyonuna sahiptir. Program \u00f6\u011frencilerimiz sekt\u00f6r beklentilerine ve CFA standartlar\u0131na paralel bir m\u00fcfredatta alan\u0131nda uzman profesyonellerden e\u011fitim g\u00f6rme ve g\u00fc\u00e7l\u00fc sekt\u00f6r ba\u011flant\u0131lar\u0131 elde etme olana\u011f\u0131 bulmaktad\u0131r.<\/p>\n<ul>\n<li><strong><a href=\"http:\/\/ticaret.edu.tr\/finans-enstitusu\/wp-content\/uploads\/sites\/36\/2025\/06\/Ulusl.-Fin-Kont-1.pdf\">Ba\u015fvuru Ko\u015fullar\u0131<\/a><\/strong><\/li>\n<li><strong><a href=\"http:\/\/ticaret.edu.tr\/finans-enstitusu\/wp-content\/uploads\/sites\/36\/2022\/06\/International-Finance.pdf\">2022-2023 M\u00fcfredat\u0131<\/a><\/strong><\/li>\n<li><strong><a href=\"http:\/\/ticaret.edu.tr\/finans-enstitusu\/wp-content\/uploads\/sites\/36\/2023\/10\/int-fin-2023-2024-Guz-Mufredat.pdf\">Yeni M\u00fcfredat (2023 G\u00fcz D\u00f6nemi \u0130tibariyle Ba\u015flayan \u00d6\u011frenciler i\u00e7in)<\/a><\/strong><\/li>\n<li><strong><a href=\"http:\/\/ticaret.edu.tr\/finans-enstitusu\/wp-content\/uploads\/sites\/36\/2024\/09\/2024-2025-Uluslararasi-Finans-Tezli-Tezsiz-Yuksek-Lisans-Programi-Mufredati.pdf\">2024-2025 M\u00fcfredat<\/a><\/strong><\/li>\n<li><strong><a href=\"http:\/\/ticaret.edu.tr\/ticaret-ve-finans-enstitusu\/wp-content\/uploads\/sites\/36\/2025\/09\/Uluslararasi-Bankacilik-ve-Finans-Yuksek-Lisans-Ingilizce-Tezli-Tezsiz-Programi-2025-2026-Mufredat-1.pdf\">2025-2026 M\u00fcfredat<\/a><\/strong><\/li>\n<li><strong><a href=\"http:\/\/tubis.ticaret.edu.tr\/_Bologna\/Bolum\/DersListe.aspx\">Ders Tan\u0131t\u0131m Formu (Syllabus)<\/a><\/strong><\/li>\n<\/ul>\n<p><strong>\u0130leti\u015fim:<\/strong><br \/>\n<em>Ticaret ve Finans Enstit\u00fcs\u00fc \u00d6\u011frenci \u0130\u015fleri<\/em><br \/>\n<strong>Program Sorumlusu:<\/strong> Mihriban \u015eenol<br \/>\n<a href=\"mailto:tfe@ticaret.edu.tr\">tfe@ticaret.edu.tr<\/a> \u2013 444 0 413 \/ Dahili: 4762<\/td>\n<\/tr>\n<\/tbody>\n<\/table>\n","protected":false},"excerpt":{"rendered":"<p>Prof. Dr. Hicabi ERSOY hersoy@ticaret.edu.tr Ders Program\u0131 &nbsp; M\u00fcfredat &nbsp; Bologna Bilgi Paketi &nbsp; &nbsp; Burslar ve \u00dccretler &nbsp; &nbsp; Kontenjanlar Misyon: Finans alan\u0131nda ulusal ve uluslararas\u0131 \u00f6l\u00e7ekte geli\u015fen ihtiya\u00e7lara cevap verebilecek, etik de\u011ferlere ba\u011fl\u0131, sorumluluk sahibi, analitik d\u00fc\u015f\u00fcnebilen ve \u00e7a\u011f\u0131n teknolojik gereksinimlerine uyum sa\u011flayan mezunlar yeti\u015ftirmek. \u00d6\u011frencilere teorik bilgi birikimi ile uygulama becerisi kazand\u0131rmak, [&hellip;]<\/p>\n","protected":false},"author":92,"featured_media":0,"parent":0,"menu_order":0,"comment_status":"closed","ping_status":"closed","template":"genel_sayfa.php","meta":{"footnotes":""},"yoast_head":"<!-- This site is optimized with the Yoast SEO Premium plugin v22.1 (Yoast SEO v22.1) - https:\/\/yoast.com\/wordpress\/plugins\/seo\/ -->\n<title>Uluslararas\u0131 Finans (\u0130ngilizce) Tezli - Tezsiz Y\u00fcksek Lisans Program\u0131 - Ticaret ve Finans Enstit\u00fcs\u00fc<\/title>\n<meta name=\"description\" content=\"Uluslararas\u0131 Finans y\u00fcksek lisans program\u0131; teori, politika, kavram ve teknikleri ele alarak, bu alanda gereksinim duyulan meslek mensuplar\u0131n\u0131n yeti\u015ftirilmesini ama\u00e7 edinmi\u015ftir.\" \/>\n<meta name=\"robots\" content=\"index, follow, max-snippet:-1, max-image-preview:large, max-video-preview:-1\" \/>\n<link rel=\"canonical\" href=\"https:\/\/ticaret.edu.tr\/ticaret-ve-finans-enstitusu\/uluslararasi-finans-ingilizce\/\" \/>\n<meta property=\"og:locale\" content=\"tr_TR\" \/>\n<meta property=\"og:type\" content=\"article\" \/>\n<meta property=\"og:title\" content=\"Uluslararas\u0131 Finans (\u0130ngilizce) Tezli - Tezsiz Y\u00fcksek Lisans Program\u0131\" \/>\n<meta property=\"og:description\" content=\"Uluslararas\u0131 Finans y\u00fcksek lisans program\u0131; teori, politika, kavram ve teknikleri ele alarak, bu alanda gereksinim duyulan meslek mensuplar\u0131n\u0131n yeti\u015ftirilmesini ama\u00e7 edinmi\u015ftir.\" \/>\n<meta property=\"og:url\" content=\"https:\/\/ticaret.edu.tr\/ticaret-ve-finans-enstitusu\/uluslararasi-finans-ingilizce\/\" \/>\n<meta property=\"og:site_name\" content=\"Ticaret ve Finans Enstit\u00fcs\u00fc\" \/>\n<meta property=\"article:publisher\" content=\"https:\/\/www.facebook.com\/ticaretedutr\" \/>\n<meta property=\"article:modified_time\" content=\"2026-02-10T15:44:34+00:00\" \/>\n<meta property=\"og:image\" content=\"http:\/\/ticaret.edu.tr\/ticaret-ve-finans-enstitusu\/wp-content\/uploads\/sites\/36\/2025\/07\/Ekran-Alintisi-275x300.jpg\" \/>\n<meta name=\"twitter:card\" content=\"summary_large_image\" \/>\n<meta name=\"twitter:site\" content=\"@ticaretedutr\" \/>\n<meta name=\"twitter:label1\" content=\"Tahmini okuma s\u00fcresi\" \/>\n\t<meta name=\"twitter:data1\" content=\"3 dakika\" \/>\n<script type=\"application\/ld+json\" class=\"yoast-schema-graph\">{\"@context\":\"https:\/\/schema.org\",\"@graph\":[{\"@type\":\"WebPage\",\"@id\":\"https:\/\/ticaret.edu.tr\/ticaret-ve-finans-enstitusu\/uluslararasi-finans-ingilizce\/\",\"url\":\"https:\/\/ticaret.edu.tr\/ticaret-ve-finans-enstitusu\/uluslararasi-finans-ingilizce\/\",\"name\":\"Uluslararas\u0131 Finans (\u0130ngilizce) Tezli - Tezsiz Y\u00fcksek Lisans Program\u0131 - Ticaret ve Finans Enstit\u00fcs\u00fc\",\"isPartOf\":{\"@id\":\"http:\/\/ticaret.edu.tr\/ticaret-ve-finans-enstitusu\/en\/#website\"},\"datePublished\":\"2020-05-11T19:29:46+00:00\",\"dateModified\":\"2026-02-10T15:44:34+00:00\",\"description\":\"Uluslararas\u0131 Finans y\u00fcksek lisans program\u0131; teori, politika, kavram ve teknikleri ele alarak, bu alanda gereksinim duyulan meslek mensuplar\u0131n\u0131n yeti\u015ftirilmesini ama\u00e7 edinmi\u015ftir.\",\"breadcrumb\":{\"@id\":\"https:\/\/ticaret.edu.tr\/ticaret-ve-finans-enstitusu\/uluslararasi-finans-ingilizce\/#breadcrumb\"},\"inLanguage\":\"tr\",\"potentialAction\":[{\"@type\":\"ReadAction\",\"target\":[\"https:\/\/ticaret.edu.tr\/ticaret-ve-finans-enstitusu\/uluslararasi-finans-ingilizce\/\"]}]},{\"@type\":\"BreadcrumbList\",\"@id\":\"https:\/\/ticaret.edu.tr\/ticaret-ve-finans-enstitusu\/uluslararasi-finans-ingilizce\/#breadcrumb\",\"itemListElement\":[{\"@type\":\"ListItem\",\"position\":1,\"name\":\"Ana sayfa\",\"item\":\"https:\/\/ticaret.edu.tr\/ticaret-ve-finans-enstitusu\/\"},{\"@type\":\"ListItem\",\"position\":2,\"name\":\"Uluslararas\u0131 Finans (\u0130ngilizce) Tezli &#8211; Tezsiz Y\u00fcksek Lisans Program\u0131\"}]},{\"@type\":\"WebSite\",\"@id\":\"http:\/\/ticaret.edu.tr\/ticaret-ve-finans-enstitusu\/en\/#website\",\"url\":\"http:\/\/ticaret.edu.tr\/ticaret-ve-finans-enstitusu\/en\/\",\"name\":\"Ticaret ve Finans Enstit\u00fcs\u00fc\",\"description\":\"\",\"potentialAction\":[{\"@type\":\"SearchAction\",\"target\":{\"@type\":\"EntryPoint\",\"urlTemplate\":\"http:\/\/ticaret.edu.tr\/ticaret-ve-finans-enstitusu\/en\/?s={search_term_string}\"},\"query-input\":\"required name=search_term_string\"}],\"inLanguage\":\"tr\"}]}<\/script>\n<!-- \/ Yoast SEO Premium plugin. -->","yoast_head_json":{"title":"Uluslararas\u0131 Finans (\u0130ngilizce) Tezli - Tezsiz Y\u00fcksek Lisans Program\u0131 - Ticaret ve Finans Enstit\u00fcs\u00fc","description":"Uluslararas\u0131 Finans y\u00fcksek lisans program\u0131; teori, politika, kavram ve teknikleri ele alarak, bu alanda gereksinim duyulan meslek mensuplar\u0131n\u0131n yeti\u015ftirilmesini ama\u00e7 edinmi\u015ftir.","robots":{"index":"index","follow":"follow","max-snippet":"max-snippet:-1","max-image-preview":"max-image-preview:large","max-video-preview":"max-video-preview:-1"},"canonical":"https:\/\/ticaret.edu.tr\/ticaret-ve-finans-enstitusu\/uluslararasi-finans-ingilizce\/","og_locale":"tr_TR","og_type":"article","og_title":"Uluslararas\u0131 Finans (\u0130ngilizce) Tezli - Tezsiz Y\u00fcksek Lisans Program\u0131","og_description":"Uluslararas\u0131 Finans y\u00fcksek lisans program\u0131; teori, politika, kavram ve teknikleri ele alarak, bu alanda gereksinim duyulan meslek mensuplar\u0131n\u0131n yeti\u015ftirilmesini ama\u00e7 edinmi\u015ftir.","og_url":"https:\/\/ticaret.edu.tr\/ticaret-ve-finans-enstitusu\/uluslararasi-finans-ingilizce\/","og_site_name":"Ticaret ve Finans Enstit\u00fcs\u00fc","article_publisher":"https:\/\/www.facebook.com\/ticaretedutr","article_modified_time":"2026-02-10T15:44:34+00:00","og_image":[{"url":"http:\/\/ticaret.edu.tr\/ticaret-ve-finans-enstitusu\/wp-content\/uploads\/sites\/36\/2025\/07\/Ekran-Alintisi-275x300.jpg"}],"twitter_card":"summary_large_image","twitter_site":"@ticaretedutr","twitter_misc":{"Tahmini okuma s\u00fcresi":"3 dakika"},"schema":{"@context":"https:\/\/schema.org","@graph":[{"@type":"WebPage","@id":"https:\/\/ticaret.edu.tr\/ticaret-ve-finans-enstitusu\/uluslararasi-finans-ingilizce\/","url":"https:\/\/ticaret.edu.tr\/ticaret-ve-finans-enstitusu\/uluslararasi-finans-ingilizce\/","name":"Uluslararas\u0131 Finans (\u0130ngilizce) Tezli - Tezsiz Y\u00fcksek Lisans Program\u0131 - Ticaret ve Finans Enstit\u00fcs\u00fc","isPartOf":{"@id":"http:\/\/ticaret.edu.tr\/ticaret-ve-finans-enstitusu\/en\/#website"},"datePublished":"2020-05-11T19:29:46+00:00","dateModified":"2026-02-10T15:44:34+00:00","description":"Uluslararas\u0131 Finans y\u00fcksek lisans program\u0131; teori, politika, kavram ve teknikleri ele alarak, bu alanda gereksinim duyulan meslek mensuplar\u0131n\u0131n yeti\u015ftirilmesini ama\u00e7 edinmi\u015ftir.","breadcrumb":{"@id":"https:\/\/ticaret.edu.tr\/ticaret-ve-finans-enstitusu\/uluslararasi-finans-ingilizce\/#breadcrumb"},"inLanguage":"tr","potentialAction":[{"@type":"ReadAction","target":["https:\/\/ticaret.edu.tr\/ticaret-ve-finans-enstitusu\/uluslararasi-finans-ingilizce\/"]}]},{"@type":"BreadcrumbList","@id":"https:\/\/ticaret.edu.tr\/ticaret-ve-finans-enstitusu\/uluslararasi-finans-ingilizce\/#breadcrumb","itemListElement":[{"@type":"ListItem","position":1,"name":"Ana sayfa","item":"https:\/\/ticaret.edu.tr\/ticaret-ve-finans-enstitusu\/"},{"@type":"ListItem","position":2,"name":"Uluslararas\u0131 Finans (\u0130ngilizce) Tezli &#8211; Tezsiz Y\u00fcksek Lisans Program\u0131"}]},{"@type":"WebSite","@id":"http:\/\/ticaret.edu.tr\/ticaret-ve-finans-enstitusu\/en\/#website","url":"http:\/\/ticaret.edu.tr\/ticaret-ve-finans-enstitusu\/en\/","name":"Ticaret ve Finans Enstit\u00fcs\u00fc","description":"","potentialAction":[{"@type":"SearchAction","target":{"@type":"EntryPoint","urlTemplate":"http:\/\/ticaret.edu.tr\/ticaret-ve-finans-enstitusu\/en\/?s={search_term_string}"},"query-input":"required name=search_term_string"}],"inLanguage":"tr"}]}},"lang":"tr","translations":{"en":1313,"tr":197},"pll_sync_post":[],"_links":{"self":[{"href":"http:\/\/ticaret.edu.tr\/ticaret-ve-finans-enstitusu\/wp-json\/wp\/v2\/pages\/197"}],"collection":[{"href":"http:\/\/ticaret.edu.tr\/ticaret-ve-finans-enstitusu\/wp-json\/wp\/v2\/pages"}],"about":[{"href":"http:\/\/ticaret.edu.tr\/ticaret-ve-finans-enstitusu\/wp-json\/wp\/v2\/types\/page"}],"author":[{"embeddable":true,"href":"http:\/\/ticaret.edu.tr\/ticaret-ve-finans-enstitusu\/wp-json\/wp\/v2\/users\/92"}],"replies":[{"embeddable":true,"href":"http:\/\/ticaret.edu.tr\/ticaret-ve-finans-enstitusu\/wp-json\/wp\/v2\/comments?post=197"}],"version-history":[{"count":49,"href":"http:\/\/ticaret.edu.tr\/ticaret-ve-finans-enstitusu\/wp-json\/wp\/v2\/pages\/197\/revisions"}],"predecessor-version":[{"id":3309,"href":"http:\/\/ticaret.edu.tr\/ticaret-ve-finans-enstitusu\/wp-json\/wp\/v2\/pages\/197\/revisions\/3309"}],"wp:attachment":[{"href":"http:\/\/ticaret.edu.tr\/ticaret-ve-finans-enstitusu\/wp-json\/wp\/v2\/media?parent=197"}],"curies":[{"name":"wp","href":"https:\/\/api.w.org\/{rel}","templated":true}]}}