{"id":199,"date":"2020-05-11T22:29:59","date_gmt":"2020-05-11T19:29:59","guid":{"rendered":"http:\/\/ticaret.edu.tr\/finans\/?page_id=199"},"modified":"2026-02-14T15:43:07","modified_gmt":"2026-02-14T12:43:07","slug":"sigorta-ve-risk-yonetimi","status":"publish","type":"page","link":"http:\/\/ticaret.edu.tr\/ticaret-ve-finans-enstitusu\/yuksek-lisans\/sigorta-ve-risk-yonetimi\/","title":{"rendered":"Sigorta ve Risk Y\u00f6netimi Tezli Y\u00fcksek Lisans"},"content":{"rendered":"<table style=\"width: 100%;max-width: 1100px;margin: 0 auto;background-color: #ffffff;padding: 0;border-radius: 12px;border-collapse: collapse\" border=\"0\" cellspacing=\"0\" cellpadding=\"0\">\n<tbody>\n<tr><!-- SOL: KART --><\/p>\n<td style=\"width: 270px;vertical-align: top;text-align: center;padding-right: 20px;border: none\">\n<div style=\"background-color: #f9f9f9;border: 1px solid #ddd;border-left: 6px solid #ffc107;border-radius: 12px;padding: 15px\">\n<p><strong><a style=\"font-size: 13px;color: #f5a100\" href=\"mailto:ssonmezer@ticaret.edu.tr\"><img loading=\"lazy\" decoding=\"async\" class=\"alignnone size-medium wp-image-2715\" style=\"border-radius: 8px\" src=\"http:\/\/ticaret.edu.tr\/ticaret-ve-finans-enstitusu\/wp-content\/uploads\/sites\/36\/2025\/07\/sitkisonmezer-293x300.jpg\" alt=\"\" width=\"293\" height=\"300\" srcset=\"http:\/\/ticaret.edu.tr\/ticaret-ve-finans-enstitusu\/wp-content\/uploads\/sites\/36\/2025\/07\/sitkisonmezer-293x300.jpg 293w, http:\/\/ticaret.edu.tr\/ticaret-ve-finans-enstitusu\/wp-content\/uploads\/sites\/36\/2025\/07\/sitkisonmezer-768x788.jpg 768w, http:\/\/ticaret.edu.tr\/ticaret-ve-finans-enstitusu\/wp-content\/uploads\/sites\/36\/2025\/07\/sitkisonmezer.jpg 781w\" sizes=\"(max-width: 293px) 100vw, 293px\" \/><\/a><\/strong><\/p>\n<p>&nbsp;<\/p>\n<p style=\"font-size: 14px;font-weight: bold;margin-bottom: 5px\">Do\u00e7. Dr.<br \/>\nS\u0131tk\u0131 S\u00d6NMEZER<\/p>\n<p><strong><a style=\"font-size: 13px;color: #f5a100\" href=\"mailto:ssonmezer@ticaret.edu.tr\">ssonmezer@ticaret.edu.tr<\/a><\/strong><\/p>\n<p>&nbsp;<\/p>\n<h5 style=\"margin-top: 12px\"><a style=\"margin: 5px 0;background-color: #ffc107;color: black;padding: 8px;border-radius: 6px;text-decoration: none\" href=\"https:\/\/ticaret.edu.tr\/2024-2025-bahar-donemi-ders-programlari\/\">Ders Program\u0131<\/a><\/h5>\n<p>&nbsp;<\/p>\n<h5><\/h5>\n<h5><\/h5>\n<h5><\/h5>\n<h5><\/h5>\n<h5><\/h5>\n<h5><\/h5>\n<h5><\/h5>\n<h5 style=\"margin-top: 12px\"><a style=\"margin: 5px 0;background-color: #ffc107;color: black;padding: 8px;border-radius: 6px;text-decoration: none\" href=\"http:\/\/ticaret.edu.tr\/finans\/wp-content\/uploads\/sites\/36\/2021\/05\/Sig-ve-Risk-Y%C3%B6n.-YL-M%C3%BCfredat%C4%B1.pdf\">M\u00fcfredat<\/a><\/h5>\n<p>&nbsp;<\/p>\n<h5><\/h5>\n<h5><\/h5>\n<h5><\/h5>\n<h5><\/h5>\n<h5 style=\"margin-top: 12px\"><a style=\"margin: 5px 0;background-color: #ffc107;color: black;padding: 8px;border-radius: 6px;text-decoration: none\" href=\"https:\/\/obs.ticaret.edu.tr\/oibs\/bologna\/index.aspx?lang=tr&amp;curOp=showPac&amp;curUnit=FIE&amp;curSunit=475\">Bologna Bilgi Paketi<\/a><\/h5>\n<p>&nbsp;<\/p>\n<h5><\/h5>\n<h5><\/h5>\n<h5><\/h5>\n<h5><\/h5>\n<h5 style=\"margin-top: 12px\"><a style=\"margin: 5px 0;background-color: #ffc107;color: black;padding: 8px;border-radius: 6px;text-decoration: none\" href=\"https:\/\/lisansustuaday.ticaret.edu.tr\/burslar-ucretler\/\">Burslar ve \u00dccretler<\/a><\/h5>\n<p>&nbsp;<\/p>\n<h5><\/h5>\n<h5><\/h5>\n<h5><\/h5>\n<h5><\/h5>\n<h5 style=\"margin-top: 12px\"><a style=\"margin: 5px 0;background-color: #ffc107;color: black;padding: 8px;border-radius: 6px;text-decoration: none\" href=\"https:\/\/ticaret.edu.tr\/ticaret-ve-finans-enstitusu\/hemen-basvur\/kontenjanlar\/\">Kontenjanlar<\/a><\/h5>\n<div><\/div>\n<\/div>\n<\/td>\n<p><!-- SA\u011e: MET\u0130N --><\/p>\n<td style=\"vertical-align: top;font-family: Arial, sans-serif;font-size: 14px;line-height: 1.6;color: #333\">\n<div><strong>Sigorta ve Risk Y\u00f6netimi Tezli Y\u00fcksek Lisans\u0131 Program\u0131<\/strong>, t\u00fcm kurumlar ile sigorta \u015firketlerinin risklerini y\u00f6netebilecek y\u00f6netici adaylar\u0131 ve risk y\u00f6netimi uygulamalar\u0131n\u0131n bilimsel y\u00f6ntemlerle y\u00fcr\u00fct\u00fclmesine katk\u0131 sa\u011flayacak akademisyenlerin yeti\u015ftirilmesi amac\u0131yla haz\u0131rlanm\u0131\u015ft\u0131r. Program, di\u011fer Sigorta Risk Y\u00f6netimi Y\u00fcksek Lisans\u00a0programlar\u0131ndan farkl\u0131 olarak, Solvency II direktifinde yer alan (Piyasa riskleri, operasyonel riskler ve teknik riskler) riskler de dikkate al\u0131narak haz\u0131rlanm\u0131\u015ft\u0131r.<\/div>\n<div>\n<p>Risk y\u00f6netimi departmanlar\u0131n\u0131n ihtiya\u00e7lar\u0131n\u0131n tam olarak yans\u0131t\u0131ld\u0131\u011f\u0131 programd\u0131r. Bu alanda ihtiya\u00e7 duyulan istihdam beklentisini en uygun \u015fekilde kar\u015f\u0131layacak niteliktedir. Program, bu alanlarda akademik kariyerine ba\u015flamak isteyenler i\u00e7in de iyi bir alt yap\u0131 olu\u015fturacak niteliktedir. H\u0131zl\u0131 teknolojik geli\u015fmeler, s\u00fcrd\u00fcr\u00fclebilirlik ve yenilik\u00e7ilik gibi kavramlar\u0131n\u0131n \u00f6n plana \u00e7\u0131kt\u0131\u011f\u0131 g\u00fcn\u00fcm\u00fczde, \u00e7al\u0131\u015fanlar\u0131n ve akademisyen adaylar\u0131n\u0131n sahip olmas\u0131 gereken en temel niteliklerin ba\u015f\u0131nda,<\/p>\n<ul>\n<li>S\u00fcrekli okuyarak geli\u015fimleri ve de\u011fi\u015fimleri takip etmeleri,<\/li>\n<li>Bu geli\u015fim ve de\u011fi\u015fimlerin etkilerini \u00f6ng\u00f6rebilmek i\u00e7in,<\/li>\n<li>\u0130nceleme ve ara\u015ft\u0131rma yapabilmeleri,<\/li>\n<li>Yenilik\u00e7i olabilmeleri ve katma de\u011fer yaratabilmeleri de gelmektedir.<\/li>\n<\/ul>\n<p>Ancak, gerek \u00fclkemizde, gerekse \u00e7o\u011fu \u00fclkede, \u00e7al\u0131\u015fanlar\u0131n ve i\u015f arayanlar\u0131n bu niteliklere sahip olmamalar\u0131 verimsizlik ve i\u015fsizlik sorununu her ge\u00e7en g\u00fcn daha da art\u0131rmaktad\u0131r. Bir yandan gen\u00e7ler i\u015f bulamazken, di\u011fer yandan kurumlar ihtiya\u00e7lar\u0131 olan elemanlar\u0131 bulamamaktad\u0131r. Bu ihtiya\u00e7lar \u0131\u015f\u0131\u011f\u0131nda riskin ne oldu\u011fu ve nas\u0131l y\u00f6netilece\u011fi gibi teorik konular\u0131 i\u00e7ermektedir. Ayr\u0131ca d\u00fcnyadaki yeni riskler, etkileri ve y\u00f6netim tekniklerine ili\u015fkin geli\u015fmelerin de takip edebilmesi i\u00e7in, \u00e7e\u015fitli inceleme ve ara\u015ft\u0131rmalar\u0131n da yap\u0131lmas\u0131n\u0131 sa\u011flayacak \u015fekilde tasarlanm\u0131\u015ft\u0131r. Kat\u0131l\u0131mc\u0131lar\u0131n, konunun teorisine hakim olmas\u0131n\u0131 ve o konudaki ulusal ve k\u00fcresel uygulamalar\u0131 da takip ederek kendilerine ve kurumlar\u0131na katma de\u011fer sa\u011flayacak yenilik\u00e7i yakla\u015f\u0131mlar getirebilmelerini desteklemektedir. Bu hedefe ula\u015fmada, kat\u0131l\u0131mc\u0131lar\u0131n, sigorta ve risk y\u00f6netimi konusundaki deneyimli akademisyenlerimiz ve deneyimli sekt\u00f6r profesyonelleri ile i\u015fbirli\u011fi i\u00e7erisinde, \u00a0\u00f6\u011frenme s\u00fcrecindeki klasik \u00f6\u011frenci kimli\u011finden \u00e7\u0131karak, s\u00fcrece aktif olarak dahil olmalar\u0131 \u00f6nemli rol oynayacakt\u0131r.<\/p>\n<div><strong>Misyon: <\/strong>Sigorta alan\u0131nda geli\u015fmeleri takip eden, sekt\u00f6r\u00fcn ihtiya\u00e7lar\u0131n\u0131n fark\u0131nda, dijital d\u00f6n\u00fc\u015f\u00fcme ayak uydurabilen mezunlar yeti\u015ftirmek<\/div>\n<div><\/div>\n<div><strong>Vizyon:<\/strong> K\u00fcresel \u00f6l\u00e7ekte sekt\u00f6r\u00fcn geli\u015fimini takip eden ve kendini s\u00fcrekli g\u00fcncelleyen bir program olmak<\/div>\n<\/div>\n<ul>\n<li><a href=\"http:\/\/ticaret.edu.tr\/finans\/wp-content\/uploads\/sites\/36\/2021\/07\/Sigorta-ve-Risk-Yonetimi-Kontenjan.pdf\">Ba\u015fvuru Ko\u015fullar\u0131<\/a><\/li>\n<li><a href=\"https:\/\/ticaret.edu.tr\/2024-2025-bahar-donemi-ders-programlari\/\">Ders Program\u0131<\/a><\/li>\n<li><a href=\"http:\/\/ticaret.edu.tr\/finans\/wp-content\/uploads\/sites\/36\/2021\/05\/Sig-ve-Risk-Y%C3%B6n.-YL-M%C3%BCfredat%C4%B1.pdf\">M\u00fcfredat<\/a><\/li>\n<li><a href=\"http:\/\/tubis.ticaret.edu.tr\/_Bologna\/Bolum\/DersListe.aspx\">Ders Tan\u0131t\u0131m Formu (Syllabus)<\/a><\/li>\n<\/ul>\n<p><strong>\u0130leti\u015fim:<\/strong><br \/>\n<em>Ticaret ve Finans Enstit\u00fcs\u00fc \u00d6\u011frenci \u0130\u015fleri<\/em><br \/>\n<strong>Program Sorumlusu:<\/strong> Mihriban \u015eenol<br \/>\n<a href=\"mailto:tfe@ticaret.edu.tr\">tfe@ticaret.edu.tr<\/a> \u2013 444 0 413 \/ Dahili: 4762<\/td>\n<\/tr>\n<\/tbody>\n<\/table>\n","protected":false},"excerpt":{"rendered":"<p>&nbsp; Do\u00e7. Dr. S\u0131tk\u0131 S\u00d6NMEZER ssonmezer@ticaret.edu.tr &nbsp; Ders Program\u0131 &nbsp; M\u00fcfredat &nbsp; Bologna Bilgi Paketi &nbsp; Burslar ve \u00dccretler &nbsp; Kontenjanlar Sigorta ve Risk Y\u00f6netimi Tezli Y\u00fcksek Lisans\u0131 Program\u0131, t\u00fcm kurumlar ile sigorta \u015firketlerinin risklerini y\u00f6netebilecek y\u00f6netici adaylar\u0131 ve risk y\u00f6netimi uygulamalar\u0131n\u0131n bilimsel y\u00f6ntemlerle y\u00fcr\u00fct\u00fclmesine katk\u0131 sa\u011flayacak akademisyenlerin yeti\u015ftirilmesi amac\u0131yla haz\u0131rlanm\u0131\u015ft\u0131r. Program, di\u011fer Sigorta Risk [&hellip;]<\/p>\n","protected":false},"author":92,"featured_media":0,"parent":10,"menu_order":0,"comment_status":"closed","ping_status":"closed","template":"genel_sayfa.php","meta":{"footnotes":""},"yoast_head":"<!-- This site is optimized with the Yoast SEO Premium plugin v22.1 (Yoast SEO v22.1) - https:\/\/yoast.com\/wordpress\/plugins\/seo\/ -->\n<title>Sigorta ve Risk Y\u00f6netimi Tezli Y\u00fcksek Lisans - Ticaret ve Finans Enstit\u00fcs\u00fc<\/title>\n<meta name=\"description\" content=\"Sigorta ve Risk Y\u00f6netimi Tezli Y\u00fcksek Lisans\u0131 Program\u0131, t\u00fcm kurumlar ile sigorta \u015firketlerinin risklerini y\u00f6netebilecek y\u00f6netici adaylar\u0131 ve risk y\u00f6netimi uygulamalar\u0131n\u0131n bilimsel y\u00f6ntemlerle y\u00fcr\u00fct\u00fclmesine katk\u0131 sa\u011flayacak akademisyenlerin yeti\u015ftirilmesi amac\u0131yla haz\u0131rlanm\u0131\u015ft\u0131r.\" \/>\n<meta name=\"robots\" content=\"index, follow, max-snippet:-1, max-image-preview:large, max-video-preview:-1\" \/>\n<link rel=\"canonical\" href=\"https:\/\/ticaret.edu.tr\/ticaret-ve-finans-enstitusu\/yuksek-lisans\/sigorta-ve-risk-yonetimi\/\" \/>\n<meta property=\"og:locale\" content=\"tr_TR\" \/>\n<meta property=\"og:type\" content=\"article\" \/>\n<meta property=\"og:title\" content=\"Sigorta ve Risk Y\u00f6netimi Tezli Y\u00fcksek Lisans\" \/>\n<meta property=\"og:description\" content=\"Sigorta ve Risk Y\u00f6netimi Tezli Y\u00fcksek Lisans\u0131 Program\u0131, t\u00fcm kurumlar ile sigorta \u015firketlerinin risklerini y\u00f6netebilecek y\u00f6netici adaylar\u0131 ve risk y\u00f6netimi uygulamalar\u0131n\u0131n bilimsel y\u00f6ntemlerle y\u00fcr\u00fct\u00fclmesine katk\u0131 sa\u011flayacak akademisyenlerin yeti\u015ftirilmesi amac\u0131yla haz\u0131rlanm\u0131\u015ft\u0131r.\" \/>\n<meta property=\"og:url\" content=\"https:\/\/ticaret.edu.tr\/ticaret-ve-finans-enstitusu\/yuksek-lisans\/sigorta-ve-risk-yonetimi\/\" \/>\n<meta property=\"og:site_name\" content=\"Ticaret ve Finans Enstit\u00fcs\u00fc\" \/>\n<meta property=\"article:publisher\" content=\"https:\/\/www.facebook.com\/ticaretedutr\" \/>\n<meta property=\"article:modified_time\" content=\"2026-02-14T12:43:07+00:00\" \/>\n<meta property=\"og:image\" content=\"http:\/\/ticaret.edu.tr\/ticaret-ve-finans-enstitusu\/wp-content\/uploads\/sites\/36\/2025\/07\/sitkisonmezer-293x300.jpg\" \/>\n<meta name=\"twitter:card\" content=\"summary_large_image\" \/>\n<meta name=\"twitter:site\" content=\"@ticaretedutr\" \/>\n<meta name=\"twitter:label1\" content=\"Tahmini okuma s\u00fcresi\" \/>\n\t<meta name=\"twitter:data1\" content=\"3 dakika\" \/>\n<script type=\"application\/ld+json\" class=\"yoast-schema-graph\">{\"@context\":\"https:\/\/schema.org\",\"@graph\":[{\"@type\":\"WebPage\",\"@id\":\"https:\/\/ticaret.edu.tr\/ticaret-ve-finans-enstitusu\/yuksek-lisans\/sigorta-ve-risk-yonetimi\/\",\"url\":\"https:\/\/ticaret.edu.tr\/ticaret-ve-finans-enstitusu\/yuksek-lisans\/sigorta-ve-risk-yonetimi\/\",\"name\":\"Sigorta ve Risk Y\u00f6netimi Tezli Y\u00fcksek Lisans - Ticaret ve Finans Enstit\u00fcs\u00fc\",\"isPartOf\":{\"@id\":\"http:\/\/ticaret.edu.tr\/ticaret-ve-finans-enstitusu\/en\/#website\"},\"datePublished\":\"2020-05-11T19:29:59+00:00\",\"dateModified\":\"2026-02-14T12:43:07+00:00\",\"description\":\"Sigorta ve Risk Y\u00f6netimi Tezli Y\u00fcksek Lisans\u0131 Program\u0131, t\u00fcm kurumlar ile sigorta \u015firketlerinin risklerini y\u00f6netebilecek y\u00f6netici adaylar\u0131 ve risk y\u00f6netimi uygulamalar\u0131n\u0131n bilimsel y\u00f6ntemlerle y\u00fcr\u00fct\u00fclmesine katk\u0131 sa\u011flayacak akademisyenlerin yeti\u015ftirilmesi amac\u0131yla haz\u0131rlanm\u0131\u015ft\u0131r.\",\"breadcrumb\":{\"@id\":\"https:\/\/ticaret.edu.tr\/ticaret-ve-finans-enstitusu\/yuksek-lisans\/sigorta-ve-risk-yonetimi\/#breadcrumb\"},\"inLanguage\":\"tr\",\"potentialAction\":[{\"@type\":\"ReadAction\",\"target\":[\"https:\/\/ticaret.edu.tr\/ticaret-ve-finans-enstitusu\/yuksek-lisans\/sigorta-ve-risk-yonetimi\/\"]}]},{\"@type\":\"BreadcrumbList\",\"@id\":\"https:\/\/ticaret.edu.tr\/ticaret-ve-finans-enstitusu\/yuksek-lisans\/sigorta-ve-risk-yonetimi\/#breadcrumb\",\"itemListElement\":[{\"@type\":\"ListItem\",\"position\":1,\"name\":\"Ana sayfa\",\"item\":\"https:\/\/ticaret.edu.tr\/ticaret-ve-finans-enstitusu\/\"},{\"@type\":\"ListItem\",\"position\":2,\"name\":\"Y\u00fcksek Lisans\",\"item\":\"https:\/\/ticaret.edu.tr\/ticaret-ve-finans-enstitusu\/yuksek-lisans\/\"},{\"@type\":\"ListItem\",\"position\":3,\"name\":\"Sigorta ve Risk Y\u00f6netimi Tezli Y\u00fcksek Lisans\"}]},{\"@type\":\"WebSite\",\"@id\":\"http:\/\/ticaret.edu.tr\/ticaret-ve-finans-enstitusu\/en\/#website\",\"url\":\"http:\/\/ticaret.edu.tr\/ticaret-ve-finans-enstitusu\/en\/\",\"name\":\"Ticaret ve Finans Enstit\u00fcs\u00fc\",\"description\":\"\",\"potentialAction\":[{\"@type\":\"SearchAction\",\"target\":{\"@type\":\"EntryPoint\",\"urlTemplate\":\"http:\/\/ticaret.edu.tr\/ticaret-ve-finans-enstitusu\/en\/?s={search_term_string}\"},\"query-input\":\"required name=search_term_string\"}],\"inLanguage\":\"tr\"}]}<\/script>\n<!-- \/ Yoast SEO Premium plugin. -->","yoast_head_json":{"title":"Sigorta ve Risk Y\u00f6netimi Tezli Y\u00fcksek Lisans - Ticaret ve Finans Enstit\u00fcs\u00fc","description":"Sigorta ve Risk Y\u00f6netimi Tezli Y\u00fcksek Lisans\u0131 Program\u0131, t\u00fcm kurumlar ile sigorta \u015firketlerinin risklerini y\u00f6netebilecek y\u00f6netici adaylar\u0131 ve risk y\u00f6netimi uygulamalar\u0131n\u0131n bilimsel y\u00f6ntemlerle y\u00fcr\u00fct\u00fclmesine katk\u0131 sa\u011flayacak akademisyenlerin yeti\u015ftirilmesi amac\u0131yla haz\u0131rlanm\u0131\u015ft\u0131r.","robots":{"index":"index","follow":"follow","max-snippet":"max-snippet:-1","max-image-preview":"max-image-preview:large","max-video-preview":"max-video-preview:-1"},"canonical":"https:\/\/ticaret.edu.tr\/ticaret-ve-finans-enstitusu\/yuksek-lisans\/sigorta-ve-risk-yonetimi\/","og_locale":"tr_TR","og_type":"article","og_title":"Sigorta ve Risk Y\u00f6netimi Tezli Y\u00fcksek Lisans","og_description":"Sigorta ve Risk Y\u00f6netimi Tezli Y\u00fcksek Lisans\u0131 Program\u0131, t\u00fcm kurumlar ile sigorta \u015firketlerinin risklerini y\u00f6netebilecek y\u00f6netici adaylar\u0131 ve risk y\u00f6netimi uygulamalar\u0131n\u0131n bilimsel y\u00f6ntemlerle y\u00fcr\u00fct\u00fclmesine katk\u0131 sa\u011flayacak akademisyenlerin yeti\u015ftirilmesi amac\u0131yla haz\u0131rlanm\u0131\u015ft\u0131r.","og_url":"https:\/\/ticaret.edu.tr\/ticaret-ve-finans-enstitusu\/yuksek-lisans\/sigorta-ve-risk-yonetimi\/","og_site_name":"Ticaret ve Finans Enstit\u00fcs\u00fc","article_publisher":"https:\/\/www.facebook.com\/ticaretedutr","article_modified_time":"2026-02-14T12:43:07+00:00","og_image":[{"url":"http:\/\/ticaret.edu.tr\/ticaret-ve-finans-enstitusu\/wp-content\/uploads\/sites\/36\/2025\/07\/sitkisonmezer-293x300.jpg"}],"twitter_card":"summary_large_image","twitter_site":"@ticaretedutr","twitter_misc":{"Tahmini okuma s\u00fcresi":"3 dakika"},"schema":{"@context":"https:\/\/schema.org","@graph":[{"@type":"WebPage","@id":"https:\/\/ticaret.edu.tr\/ticaret-ve-finans-enstitusu\/yuksek-lisans\/sigorta-ve-risk-yonetimi\/","url":"https:\/\/ticaret.edu.tr\/ticaret-ve-finans-enstitusu\/yuksek-lisans\/sigorta-ve-risk-yonetimi\/","name":"Sigorta ve Risk Y\u00f6netimi Tezli Y\u00fcksek Lisans - Ticaret ve Finans Enstit\u00fcs\u00fc","isPartOf":{"@id":"http:\/\/ticaret.edu.tr\/ticaret-ve-finans-enstitusu\/en\/#website"},"datePublished":"2020-05-11T19:29:59+00:00","dateModified":"2026-02-14T12:43:07+00:00","description":"Sigorta ve Risk Y\u00f6netimi Tezli Y\u00fcksek Lisans\u0131 Program\u0131, t\u00fcm kurumlar ile sigorta \u015firketlerinin risklerini y\u00f6netebilecek y\u00f6netici adaylar\u0131 ve risk y\u00f6netimi uygulamalar\u0131n\u0131n bilimsel y\u00f6ntemlerle y\u00fcr\u00fct\u00fclmesine katk\u0131 sa\u011flayacak akademisyenlerin yeti\u015ftirilmesi amac\u0131yla haz\u0131rlanm\u0131\u015ft\u0131r.","breadcrumb":{"@id":"https:\/\/ticaret.edu.tr\/ticaret-ve-finans-enstitusu\/yuksek-lisans\/sigorta-ve-risk-yonetimi\/#breadcrumb"},"inLanguage":"tr","potentialAction":[{"@type":"ReadAction","target":["https:\/\/ticaret.edu.tr\/ticaret-ve-finans-enstitusu\/yuksek-lisans\/sigorta-ve-risk-yonetimi\/"]}]},{"@type":"BreadcrumbList","@id":"https:\/\/ticaret.edu.tr\/ticaret-ve-finans-enstitusu\/yuksek-lisans\/sigorta-ve-risk-yonetimi\/#breadcrumb","itemListElement":[{"@type":"ListItem","position":1,"name":"Ana sayfa","item":"https:\/\/ticaret.edu.tr\/ticaret-ve-finans-enstitusu\/"},{"@type":"ListItem","position":2,"name":"Y\u00fcksek Lisans","item":"https:\/\/ticaret.edu.tr\/ticaret-ve-finans-enstitusu\/yuksek-lisans\/"},{"@type":"ListItem","position":3,"name":"Sigorta ve Risk Y\u00f6netimi Tezli Y\u00fcksek Lisans"}]},{"@type":"WebSite","@id":"http:\/\/ticaret.edu.tr\/ticaret-ve-finans-enstitusu\/en\/#website","url":"http:\/\/ticaret.edu.tr\/ticaret-ve-finans-enstitusu\/en\/","name":"Ticaret ve Finans Enstit\u00fcs\u00fc","description":"","potentialAction":[{"@type":"SearchAction","target":{"@type":"EntryPoint","urlTemplate":"http:\/\/ticaret.edu.tr\/ticaret-ve-finans-enstitusu\/en\/?s={search_term_string}"},"query-input":"required name=search_term_string"}],"inLanguage":"tr"}]}},"lang":"tr","translations":{"en":1317,"tr":199},"pll_sync_post":[],"_links":{"self":[{"href":"http:\/\/ticaret.edu.tr\/ticaret-ve-finans-enstitusu\/wp-json\/wp\/v2\/pages\/199"}],"collection":[{"href":"http:\/\/ticaret.edu.tr\/ticaret-ve-finans-enstitusu\/wp-json\/wp\/v2\/pages"}],"about":[{"href":"http:\/\/ticaret.edu.tr\/ticaret-ve-finans-enstitusu\/wp-json\/wp\/v2\/types\/page"}],"author":[{"embeddable":true,"href":"http:\/\/ticaret.edu.tr\/ticaret-ve-finans-enstitusu\/wp-json\/wp\/v2\/users\/92"}],"replies":[{"embeddable":true,"href":"http:\/\/ticaret.edu.tr\/ticaret-ve-finans-enstitusu\/wp-json\/wp\/v2\/comments?post=199"}],"version-history":[{"count":23,"href":"http:\/\/ticaret.edu.tr\/ticaret-ve-finans-enstitusu\/wp-json\/wp\/v2\/pages\/199\/revisions"}],"predecessor-version":[{"id":3343,"href":"http:\/\/ticaret.edu.tr\/ticaret-ve-finans-enstitusu\/wp-json\/wp\/v2\/pages\/199\/revisions\/3343"}],"up":[{"embeddable":true,"href":"http:\/\/ticaret.edu.tr\/ticaret-ve-finans-enstitusu\/wp-json\/wp\/v2\/pages\/10"}],"wp:attachment":[{"href":"http:\/\/ticaret.edu.tr\/ticaret-ve-finans-enstitusu\/wp-json\/wp\/v2\/media?parent=199"}],"curies":[{"name":"wp","href":"https:\/\/api.w.org\/{rel}","templated":true}]}}