{"id":201,"date":"2020-05-11T22:30:09","date_gmt":"2020-05-11T19:30:09","guid":{"rendered":"http:\/\/ticaret.edu.tr\/finans\/?page_id=201"},"modified":"2026-02-14T15:42:54","modified_gmt":"2026-02-14T12:42:54","slug":"sigortacilik","status":"publish","type":"page","link":"http:\/\/ticaret.edu.tr\/ticaret-ve-finans-enstitusu\/yuksek-lisans\/sigortacilik\/","title":{"rendered":"Sigortac\u0131l\u0131k Tezsiz Y\u00fcksek Lisans Program\u0131"},"content":{"rendered":"<table style=\"width: 100%;max-width: 1100px;margin: 0 auto;background-color: #ffffff;padding: 0;border-radius: 12px;border-collapse: collapse\" border=\"0\" cellspacing=\"0\" cellpadding=\"0\">\n<tbody>\n<tr><!-- SOL: KART --><\/p>\n<td style=\"width: 270px;vertical-align: top;text-align: center;padding-right: 20px;border: none\">\n<div style=\"background-color: #f9f9f9;border: 1px solid #ddd;border-left: 6px solid #ffc107;border-radius: 12px;padding: 15px\">\n<p><a style=\"font-size: 13px;color: #f5a100\" href=\"mailto:ssonmezer@ticaret.edu.tr\"><span style=\"color: #333333\"><img loading=\"lazy\" decoding=\"async\" class=\"alignnone size-medium wp-image-2715\" style=\"border-radius: 8px\" src=\"http:\/\/ticaret.edu.tr\/ticaret-ve-finans-enstitusu\/wp-content\/uploads\/sites\/36\/2025\/07\/sitkisonmezer-293x300.jpg\" alt=\"\" width=\"293\" height=\"300\" srcset=\"http:\/\/ticaret.edu.tr\/ticaret-ve-finans-enstitusu\/wp-content\/uploads\/sites\/36\/2025\/07\/sitkisonmezer-293x300.jpg 293w, http:\/\/ticaret.edu.tr\/ticaret-ve-finans-enstitusu\/wp-content\/uploads\/sites\/36\/2025\/07\/sitkisonmezer-768x788.jpg 768w, http:\/\/ticaret.edu.tr\/ticaret-ve-finans-enstitusu\/wp-content\/uploads\/sites\/36\/2025\/07\/sitkisonmezer.jpg 781w\" sizes=\"(max-width: 293px) 100vw, 293px\" \/><\/span><\/a><\/p>\n<p>&nbsp;<\/p>\n<p style=\"font-size: 14px;font-weight: bold;margin-bottom: 5px\"><span style=\"font-size: 16px;font-weight: 400\">Do\u00e7. Dr.<br \/>\nS\u0131tk\u0131 S\u00d6NMEZER<\/span><\/p>\n<p><a style=\"font-size: 13px;color: #f5a100\" href=\"mailto:ssonmezer@ticaret.edu.tr\"><span style=\"color: #333333\">ssonmezer@ticaret.edu.tr<\/span><\/a><\/p>\n<p>&nbsp;<\/p>\n<h5 style=\"margin-top: 12px\"><a style=\"margin: 5px 0;background-color: #ffc107;color: black;padding: 8px;border-radius: 6px;text-decoration: none\" href=\"https:\/\/ticaret.edu.tr\/2024-2025-bahar-donemi-ders-programlari\/\"><span style=\"color: #333333\">Ders Program\u0131<\/span><\/a><\/h5>\n<p>&nbsp;<\/p>\n<h5><span style=\"font-size: 16px;font-weight: 400\">\u00a0<\/span><\/h5>\n<h5><span style=\"font-size: 16px;font-weight: 400\">\u00a0<\/span><\/h5>\n<h5><span style=\"font-size: 16px;font-weight: 400\">\u00a0<\/span><\/h5>\n<h5><span style=\"font-size: 16px;font-weight: 400\">\u00a0<\/span><\/h5>\n<h5><span style=\"font-size: 16px;font-weight: 400\">\u00a0<\/span><\/h5>\n<h5><span style=\"font-size: 16px;font-weight: 400\">\u00a0<\/span><\/h5>\n<h5><span style=\"font-size: 16px;font-weight: 400\">\u00a0<\/span><\/h5>\n<h5 style=\"margin-top: 12px\"><a style=\"margin: 5px 0;background-color: #ffc107;color: black;padding: 8px;border-radius: 6px;text-decoration: none\" href=\"http:\/\/ticaret.edu.tr\/finans\/wp-content\/uploads\/sites\/36\/2020\/05\/Sigortac\u0131l\u0131k-Tezsiz-M\u00fcfredat.pdf\"><span style=\"color: #333333\">M\u00fcfredat<\/span><\/a><\/h5>\n<p>&nbsp;<\/p>\n<h5><span style=\"font-size: 16px;font-weight: 400\">\u00a0<\/span><\/h5>\n<h5><span style=\"font-size: 16px;font-weight: 400\">\u00a0<\/span><\/h5>\n<h5><span style=\"font-size: 16px;font-weight: 400\">\u00a0<\/span><\/h5>\n<h5><span style=\"font-size: 16px;font-weight: 400\">\u00a0<\/span><\/h5>\n<h5 style=\"margin-top: 12px\"><a style=\"margin: 5px 0;background-color: #ffc107;color: black;padding: 8px;border-radius: 6px;text-decoration: none\" href=\"https:\/\/obs.ticaret.edu.tr\/oibs\/bologna\/index.aspx?lang=tr&amp;curOp=showPac&amp;curUnit=FIE&amp;curSunit=476\"><span style=\"color: #333333\">Bologna Bilgi Paketi<\/span><\/a><\/h5>\n<p>&nbsp;<\/p>\n<h5><span style=\"font-size: 16px;font-weight: 400\">\u00a0<\/span><\/h5>\n<h5><span style=\"font-size: 16px;font-weight: 400\">\u00a0<\/span><\/h5>\n<h5><span style=\"font-size: 16px;font-weight: 400\">\u00a0<\/span><\/h5>\n<h5><span style=\"font-size: 16px;font-weight: 400\">\u00a0<\/span><\/h5>\n<h5 style=\"margin-top: 12px\"><a style=\"margin: 5px 0;background-color: #ffc107;color: black;padding: 8px;border-radius: 6px;text-decoration: none\" href=\"https:\/\/lisansustuaday.ticaret.edu.tr\/burslar-ucretler\/\"><span style=\"color: #333333\">Burslar ve \u00dccretler<\/span><\/a><\/h5>\n<p>&nbsp;<\/p>\n<h5><span style=\"font-size: 16px;font-weight: 400\">\u00a0<\/span><\/h5>\n<h5><span style=\"font-size: 16px;font-weight: 400\">\u00a0<\/span><\/h5>\n<h5><span style=\"font-size: 16px;font-weight: 400\">\u00a0<\/span><\/h5>\n<h5><span style=\"font-size: 16px;font-weight: 400\">\u00a0<\/span><\/h5>\n<h5 style=\"margin-top: 12px\"><a style=\"margin: 5px 0;background-color: #ffc107;color: black;padding: 8px;border-radius: 6px;text-decoration: none\" href=\"https:\/\/ticaret.edu.tr\/ticaret-ve-finans-enstitusu\/hemen-basvur\/kontenjanlar\/\"><span style=\"color: #333333\">Kontenjanlar<\/span><\/a><\/h5>\n<div><\/div>\n<\/div>\n<\/td>\n<p><!-- SA\u011e: MET\u0130N --><\/p>\n<td style=\"vertical-align: top;font-family: Arial, sans-serif;font-size: 14px;line-height: 1.6;color: #333\"><span style=\"font-family: Georgia, Times New Roman, Bitstream Charter, Times, serif\"><span style=\"font-size: 16px\"><strong>Misyon:<\/strong> Sigortac\u0131l\u0131k Sigortac\u0131l\u0131k alan\u0131nda gerekli Teknik bilgilere haiz, i\u015f ahlak\u0131n\u0131n \u00f6nemini bilen mezunlar yeti\u015ftirmek. Yeniliklere a\u00e7\u0131k, piyasayla uyumlu ve uluslararas\u0131 ihtiya\u00e7lar\u0131 yans\u0131tan bir program olmaya ba\u015farmak. Sigortac\u0131l\u0131k Sigortac\u0131l\u0131k alan\u0131nda gerekli Teknik bilgilere haiz, i\u015f ahlak\u0131n\u0131n \u00f6nemini bilen mezunlar yeti\u015ftirmek. Yeniliklere a\u00e7\u0131k, piyasayla uyumlu ve uluslararas\u0131 ihtiya\u00e7lar\u0131 yans\u0131tan bir program olmaya ba\u015farmak.<\/span><\/span><\/p>\n<p><span style=\"font-family: Georgia, Times New Roman, Bitstream Charter, Times, serif\"><span style=\"font-size: 16px\"><strong>Vizyon:<\/strong> Yeniliklere a\u00e7\u0131k, piyasayla uyumlu ve uluslararas\u0131 ihtiya\u00e7lar\u0131 yans\u0131tan bir program olmaya ba\u015farmak.<\/span><\/span><\/p>\n<p><span style=\"font-family: Georgia, Times New Roman, Bitstream Charter, Times, serif\"><span style=\"font-size: 16px\">Sigortac\u0131l\u0131k Tezsiz Y\u00fcksek Lisans Program\u0131, ekonominin istikrarl\u0131 bir \u015fekilde b\u00fcy\u00fcmesi i\u00e7in, kar\u015f\u0131 kar\u015f\u0131ya kald\u0131\u011f\u0131 riskleri teminat alt\u0131na alan sigorta sekt\u00f6r\u00fcn\u00fcn, etkin ve verimli bir \u015fekilde y\u00f6netilmesini desteklemek amac\u0131yla, sigortay\u0131 bilen, ulusal ve uluslararas\u0131 sigortac\u0131l\u0131k uygulamalar\u0131na ve teorilerine hakim y\u00f6netici adaylar\u0131n\u0131n yeti\u015ftirilmesi amac\u0131yla haz\u0131rlanm\u0131\u015ft\u0131r.<\/span><\/span><\/p>\n<p><span style=\"font-family: Georgia, Times New Roman, Bitstream Charter, Times, serif\"><span style=\"font-size: 16px\">Programda; sigorta teorisi, bran\u015flar\u0131, hasar, reas\u00fcrans, sigorta istatisti\u011fi ve matemati\u011fi, sigorta hukuku vb dersler ile bitirme projesi yer almakta ve dersler, \u00fcniversitemizin akademik kadrosunun yan\u0131 s\u0131ra sigorta sekt\u00f6r\u00fcn\u00fcn deneyimli y\u00f6neticileri taraf\u0131ndan da verilmektedir.<\/span><\/span><\/p>\n<p><span style=\"font-family: Georgia, Times New Roman, Bitstream Charter, Times, serif\"><span style=\"font-size: 16px\">Programda, \u00a0kat\u0131l\u0131mc\u0131lar\u0131n ulusal ve uluslararas\u0131 geli\u015fmeleri takip edebilmeleri ve bu konuda k\u0131sa ara\u015ft\u0131rmalar haz\u0131rlamalar\u0131 te\u015fvik edilmektedir.<\/span><\/span><\/p>\n<p><span style=\"font-family: Georgia, Times New Roman, Bitstream Charter, Times, serif\"><span style=\"font-size: 16px\">Sigorta sekt\u00f6r\u00fcn\u00fcn ihtiya\u00e7lar\u0131n\u0131n tam olarak yans\u0131t\u0131ld\u0131\u011f\u0131 program, sigortac\u0131l\u0131k sekt\u00f6r\u00fcn\u00fcn istihdam beklentisini en uygun \u015fekilde kar\u015f\u0131layacak niteliktedir.<\/span><\/span><\/p>\n<p><span style=\"font-family: Georgia, Times New Roman, Bitstream Charter, Times, serif\"><span style=\"font-size: 16px\">Program \u00fc\u00e7 yar\u0131y\u0131ldan olu\u015fmakta olup, dersler 18:30-21:30 saatleri aras\u0131nda yap\u0131lmaktad\u0131r. Derslerin tamamlanmas\u0131n\u0131 takiben, \u00f6\u011frenciler, sekt\u00f6re katk\u0131 sa\u011flayacak nitelikte bir bitirme projesi haz\u0131rlayacaklard\u0131r.<\/span><\/span><\/p>\n<ul>\n<li><a style=\"font-size: 16px\" href=\"http:\/\/ticaret.edu.tr\/finans\/wp-content\/uploads\/sites\/36\/2020\/07\/Sig.-Tezsiz-Ba\u015fvuru-Ko\u015fullar\u0131.pdf\"><span style=\"color: #333333;font-family: Georgia, Times New Roman, Bitstream Charter, Times, serif\">Ba\u015fvuru Ko\u015fullar\u0131<\/span><\/a><\/li>\n<li><a style=\"font-size: 16px\" href=\"https:\/\/ticaret.edu.tr\/2024-2025-bahar-donemi-ders-programlari\/\"><span style=\"color: #333333;font-family: Georgia, Times New Roman, Bitstream Charter, Times, serif\">Ders Program\u0131<\/span><\/a><\/li>\n<li><a style=\"font-size: 16px\" href=\"http:\/\/ticaret.edu.tr\/finans\/wp-content\/uploads\/sites\/36\/2020\/05\/Sigortac\u0131l\u0131k-Tezsiz-M\u00fcfredat.pdf\"><span style=\"color: #333333;font-family: Georgia, Times New Roman, Bitstream Charter, Times, serif\">M\u00fcfredat<\/span><\/a><\/li>\n<li><a style=\"font-size: 16px\" href=\"http:\/\/tubis.ticaret.edu.tr\/_Bologna\/Bolum\/DersListe.aspx?adi=i1Zj6LUBjNnk67ijaUZYVw==\"><span style=\"color: #333333;font-family: Georgia, Times New Roman, Bitstream Charter, Times, serif\">Ders Tan\u0131t\u0131m Formu (Syllabus)<\/span><\/a><\/li>\n<\/ul>\n<p><span style=\"font-family: Georgia, Times New Roman, Bitstream Charter, Times, serif\"><span style=\"font-size: 16px\">\u0130leti\u015fim:<br \/>\nTicaret ve Finans Enstit\u00fcs\u00fc \u00d6\u011frenci \u0130\u015fleri<br \/>\nProgram Sorumlusu: Mihriban \u015eenol<br \/>\n<a href=\"mailto:tfe@ticaret.edu.tr\">tfe@ticaret.edu.tr<\/a> \u2013 444 0 413 \/ Dahili: 4762<\/span><\/span><\/td>\n<\/tr>\n<\/tbody>\n<\/table>\n","protected":false},"excerpt":{"rendered":"<p>&nbsp; Do\u00e7. Dr. S\u0131tk\u0131 S\u00d6NMEZER ssonmezer@ticaret.edu.tr &nbsp; Ders Program\u0131 &nbsp; \u00a0 \u00a0 \u00a0 \u00a0 \u00a0 \u00a0 \u00a0 M\u00fcfredat &nbsp; \u00a0 \u00a0 \u00a0 \u00a0 Bologna Bilgi Paketi &nbsp; \u00a0 \u00a0 \u00a0 \u00a0 Burslar ve \u00dccretler &nbsp; \u00a0 \u00a0 \u00a0 \u00a0 Kontenjanlar Misyon: Sigortac\u0131l\u0131k Sigortac\u0131l\u0131k alan\u0131nda gerekli Teknik bilgilere haiz, i\u015f ahlak\u0131n\u0131n \u00f6nemini bilen mezunlar yeti\u015ftirmek. Yeniliklere [&hellip;]<\/p>\n","protected":false},"author":92,"featured_media":0,"parent":10,"menu_order":0,"comment_status":"closed","ping_status":"closed","template":"genel_sayfa.php","meta":{"footnotes":""},"yoast_head":"<!-- This site is optimized with the Yoast SEO Premium plugin v22.1 (Yoast SEO v22.1) - https:\/\/yoast.com\/wordpress\/plugins\/seo\/ -->\n<title>Sigortac\u0131l\u0131k Tezsiz Y\u00fcksek Lisans Program\u0131 - Ticaret ve Finans Enstit\u00fcs\u00fc<\/title>\n<meta name=\"description\" content=\"Sigortac\u0131l\u0131k Tezsiz Y\u00fcksek Lisans Program\u0131, ekonominin istikrarl\u0131 bir \u015fekilde b\u00fcy\u00fcmesi i\u00e7in, kar\u015f\u0131 kar\u015f\u0131ya kald\u0131\u011f\u0131 riskleri teminat alt\u0131na alan sigorta sekt\u00f6r\u00fcn\u00fcn, etkin ve verimli bir \u015fekilde y\u00f6netilmesini desteklemek amac\u0131yla, sigortay\u0131 bilen, ulusal ve uluslararas\u0131 sigortac\u0131l\u0131k uygulamalar\u0131na ve teorilerine hakim y\u00f6netici adaylar\u0131n\u0131n yeti\u015ftirilmesi amac\u0131yla haz\u0131rlanm\u0131\u015ft\u0131r.\" \/>\n<meta name=\"robots\" content=\"index, follow, max-snippet:-1, max-image-preview:large, max-video-preview:-1\" \/>\n<link rel=\"canonical\" href=\"https:\/\/ticaret.edu.tr\/ticaret-ve-finans-enstitusu\/yuksek-lisans\/sigortacilik\/\" \/>\n<meta property=\"og:locale\" content=\"tr_TR\" \/>\n<meta property=\"og:type\" content=\"article\" \/>\n<meta property=\"og:title\" content=\"Sigortac\u0131l\u0131k Tezsiz Y\u00fcksek Lisans Program\u0131\" \/>\n<meta property=\"og:description\" content=\"Sigortac\u0131l\u0131k Tezsiz Y\u00fcksek Lisans Program\u0131, ekonominin istikrarl\u0131 bir \u015fekilde b\u00fcy\u00fcmesi i\u00e7in, kar\u015f\u0131 kar\u015f\u0131ya kald\u0131\u011f\u0131 riskleri teminat alt\u0131na alan sigorta sekt\u00f6r\u00fcn\u00fcn, etkin ve verimli bir \u015fekilde y\u00f6netilmesini desteklemek amac\u0131yla, sigortay\u0131 bilen, ulusal ve uluslararas\u0131 sigortac\u0131l\u0131k uygulamalar\u0131na ve teorilerine hakim y\u00f6netici adaylar\u0131n\u0131n yeti\u015ftirilmesi amac\u0131yla haz\u0131rlanm\u0131\u015ft\u0131r.\" \/>\n<meta property=\"og:url\" content=\"https:\/\/ticaret.edu.tr\/ticaret-ve-finans-enstitusu\/yuksek-lisans\/sigortacilik\/\" \/>\n<meta property=\"og:site_name\" content=\"Ticaret ve Finans Enstit\u00fcs\u00fc\" \/>\n<meta property=\"article:publisher\" content=\"https:\/\/www.facebook.com\/ticaretedutr\" \/>\n<meta property=\"article:modified_time\" content=\"2026-02-14T12:42:54+00:00\" \/>\n<meta property=\"og:image\" content=\"http:\/\/ticaret.edu.tr\/ticaret-ve-finans-enstitusu\/wp-content\/uploads\/sites\/36\/2025\/07\/sitkisonmezer-293x300.jpg\" \/>\n<meta name=\"twitter:card\" content=\"summary_large_image\" \/>\n<meta name=\"twitter:site\" content=\"@ticaretedutr\" \/>\n<meta name=\"twitter:label1\" content=\"Tahmini okuma s\u00fcresi\" \/>\n\t<meta name=\"twitter:data1\" content=\"2 dakika\" \/>\n<script type=\"application\/ld+json\" class=\"yoast-schema-graph\">{\"@context\":\"https:\/\/schema.org\",\"@graph\":[{\"@type\":\"WebPage\",\"@id\":\"https:\/\/ticaret.edu.tr\/ticaret-ve-finans-enstitusu\/yuksek-lisans\/sigortacilik\/\",\"url\":\"https:\/\/ticaret.edu.tr\/ticaret-ve-finans-enstitusu\/yuksek-lisans\/sigortacilik\/\",\"name\":\"Sigortac\u0131l\u0131k Tezsiz Y\u00fcksek Lisans Program\u0131 - Ticaret ve Finans Enstit\u00fcs\u00fc\",\"isPartOf\":{\"@id\":\"https:\/\/ticaret.edu.tr\/ticaret-ve-finans-enstitusu\/#website\"},\"datePublished\":\"2020-05-11T19:30:09+00:00\",\"dateModified\":\"2026-02-14T12:42:54+00:00\",\"description\":\"Sigortac\u0131l\u0131k Tezsiz Y\u00fcksek Lisans Program\u0131, ekonominin istikrarl\u0131 bir \u015fekilde b\u00fcy\u00fcmesi i\u00e7in, kar\u015f\u0131 kar\u015f\u0131ya kald\u0131\u011f\u0131 riskleri teminat alt\u0131na alan sigorta sekt\u00f6r\u00fcn\u00fcn, etkin ve verimli bir \u015fekilde y\u00f6netilmesini desteklemek amac\u0131yla, sigortay\u0131 bilen, ulusal ve uluslararas\u0131 sigortac\u0131l\u0131k uygulamalar\u0131na ve teorilerine hakim y\u00f6netici adaylar\u0131n\u0131n yeti\u015ftirilmesi amac\u0131yla haz\u0131rlanm\u0131\u015ft\u0131r.\",\"breadcrumb\":{\"@id\":\"https:\/\/ticaret.edu.tr\/ticaret-ve-finans-enstitusu\/yuksek-lisans\/sigortacilik\/#breadcrumb\"},\"inLanguage\":\"tr\",\"potentialAction\":[{\"@type\":\"ReadAction\",\"target\":[\"https:\/\/ticaret.edu.tr\/ticaret-ve-finans-enstitusu\/yuksek-lisans\/sigortacilik\/\"]}]},{\"@type\":\"BreadcrumbList\",\"@id\":\"https:\/\/ticaret.edu.tr\/ticaret-ve-finans-enstitusu\/yuksek-lisans\/sigortacilik\/#breadcrumb\",\"itemListElement\":[{\"@type\":\"ListItem\",\"position\":1,\"name\":\"Ana sayfa\",\"item\":\"https:\/\/ticaret.edu.tr\/ticaret-ve-finans-enstitusu\/\"},{\"@type\":\"ListItem\",\"position\":2,\"name\":\"Y\u00fcksek Lisans\",\"item\":\"https:\/\/ticaret.edu.tr\/ticaret-ve-finans-enstitusu\/yuksek-lisans\/\"},{\"@type\":\"ListItem\",\"position\":3,\"name\":\"Sigortac\u0131l\u0131k Tezsiz Y\u00fcksek Lisans Program\u0131\"}]},{\"@type\":\"WebSite\",\"@id\":\"https:\/\/ticaret.edu.tr\/ticaret-ve-finans-enstitusu\/#website\",\"url\":\"https:\/\/ticaret.edu.tr\/ticaret-ve-finans-enstitusu\/\",\"name\":\"Ticaret ve Finans Enstit\u00fcs\u00fc\",\"description\":\"\",\"potentialAction\":[{\"@type\":\"SearchAction\",\"target\":{\"@type\":\"EntryPoint\",\"urlTemplate\":\"https:\/\/ticaret.edu.tr\/ticaret-ve-finans-enstitusu\/?s={search_term_string}\"},\"query-input\":\"required name=search_term_string\"}],\"inLanguage\":\"tr\"}]}<\/script>\n<!-- \/ Yoast SEO Premium plugin. -->","yoast_head_json":{"title":"Sigortac\u0131l\u0131k Tezsiz Y\u00fcksek Lisans Program\u0131 - Ticaret ve Finans Enstit\u00fcs\u00fc","description":"Sigortac\u0131l\u0131k Tezsiz Y\u00fcksek Lisans Program\u0131, ekonominin istikrarl\u0131 bir \u015fekilde b\u00fcy\u00fcmesi i\u00e7in, kar\u015f\u0131 kar\u015f\u0131ya kald\u0131\u011f\u0131 riskleri teminat alt\u0131na alan sigorta sekt\u00f6r\u00fcn\u00fcn, etkin ve verimli bir \u015fekilde y\u00f6netilmesini desteklemek amac\u0131yla, sigortay\u0131 bilen, ulusal ve uluslararas\u0131 sigortac\u0131l\u0131k uygulamalar\u0131na ve teorilerine hakim y\u00f6netici adaylar\u0131n\u0131n yeti\u015ftirilmesi amac\u0131yla haz\u0131rlanm\u0131\u015ft\u0131r.","robots":{"index":"index","follow":"follow","max-snippet":"max-snippet:-1","max-image-preview":"max-image-preview:large","max-video-preview":"max-video-preview:-1"},"canonical":"https:\/\/ticaret.edu.tr\/ticaret-ve-finans-enstitusu\/yuksek-lisans\/sigortacilik\/","og_locale":"tr_TR","og_type":"article","og_title":"Sigortac\u0131l\u0131k Tezsiz Y\u00fcksek Lisans Program\u0131","og_description":"Sigortac\u0131l\u0131k Tezsiz Y\u00fcksek Lisans Program\u0131, ekonominin istikrarl\u0131 bir \u015fekilde b\u00fcy\u00fcmesi i\u00e7in, kar\u015f\u0131 kar\u015f\u0131ya kald\u0131\u011f\u0131 riskleri teminat alt\u0131na alan sigorta sekt\u00f6r\u00fcn\u00fcn, etkin ve verimli bir \u015fekilde y\u00f6netilmesini desteklemek amac\u0131yla, sigortay\u0131 bilen, ulusal ve uluslararas\u0131 sigortac\u0131l\u0131k uygulamalar\u0131na ve teorilerine hakim y\u00f6netici adaylar\u0131n\u0131n yeti\u015ftirilmesi amac\u0131yla haz\u0131rlanm\u0131\u015ft\u0131r.","og_url":"https:\/\/ticaret.edu.tr\/ticaret-ve-finans-enstitusu\/yuksek-lisans\/sigortacilik\/","og_site_name":"Ticaret ve Finans Enstit\u00fcs\u00fc","article_publisher":"https:\/\/www.facebook.com\/ticaretedutr","article_modified_time":"2026-02-14T12:42:54+00:00","og_image":[{"url":"http:\/\/ticaret.edu.tr\/ticaret-ve-finans-enstitusu\/wp-content\/uploads\/sites\/36\/2025\/07\/sitkisonmezer-293x300.jpg"}],"twitter_card":"summary_large_image","twitter_site":"@ticaretedutr","twitter_misc":{"Tahmini okuma s\u00fcresi":"2 dakika"},"schema":{"@context":"https:\/\/schema.org","@graph":[{"@type":"WebPage","@id":"https:\/\/ticaret.edu.tr\/ticaret-ve-finans-enstitusu\/yuksek-lisans\/sigortacilik\/","url":"https:\/\/ticaret.edu.tr\/ticaret-ve-finans-enstitusu\/yuksek-lisans\/sigortacilik\/","name":"Sigortac\u0131l\u0131k Tezsiz Y\u00fcksek Lisans Program\u0131 - Ticaret ve Finans Enstit\u00fcs\u00fc","isPartOf":{"@id":"https:\/\/ticaret.edu.tr\/ticaret-ve-finans-enstitusu\/#website"},"datePublished":"2020-05-11T19:30:09+00:00","dateModified":"2026-02-14T12:42:54+00:00","description":"Sigortac\u0131l\u0131k Tezsiz Y\u00fcksek Lisans Program\u0131, ekonominin istikrarl\u0131 bir \u015fekilde b\u00fcy\u00fcmesi i\u00e7in, kar\u015f\u0131 kar\u015f\u0131ya kald\u0131\u011f\u0131 riskleri teminat alt\u0131na alan sigorta sekt\u00f6r\u00fcn\u00fcn, etkin ve verimli bir \u015fekilde y\u00f6netilmesini desteklemek amac\u0131yla, sigortay\u0131 bilen, ulusal ve uluslararas\u0131 sigortac\u0131l\u0131k uygulamalar\u0131na ve teorilerine hakim y\u00f6netici adaylar\u0131n\u0131n yeti\u015ftirilmesi amac\u0131yla haz\u0131rlanm\u0131\u015ft\u0131r.","breadcrumb":{"@id":"https:\/\/ticaret.edu.tr\/ticaret-ve-finans-enstitusu\/yuksek-lisans\/sigortacilik\/#breadcrumb"},"inLanguage":"tr","potentialAction":[{"@type":"ReadAction","target":["https:\/\/ticaret.edu.tr\/ticaret-ve-finans-enstitusu\/yuksek-lisans\/sigortacilik\/"]}]},{"@type":"BreadcrumbList","@id":"https:\/\/ticaret.edu.tr\/ticaret-ve-finans-enstitusu\/yuksek-lisans\/sigortacilik\/#breadcrumb","itemListElement":[{"@type":"ListItem","position":1,"name":"Ana sayfa","item":"https:\/\/ticaret.edu.tr\/ticaret-ve-finans-enstitusu\/"},{"@type":"ListItem","position":2,"name":"Y\u00fcksek Lisans","item":"https:\/\/ticaret.edu.tr\/ticaret-ve-finans-enstitusu\/yuksek-lisans\/"},{"@type":"ListItem","position":3,"name":"Sigortac\u0131l\u0131k Tezsiz Y\u00fcksek Lisans Program\u0131"}]},{"@type":"WebSite","@id":"https:\/\/ticaret.edu.tr\/ticaret-ve-finans-enstitusu\/#website","url":"https:\/\/ticaret.edu.tr\/ticaret-ve-finans-enstitusu\/","name":"Ticaret ve Finans Enstit\u00fcs\u00fc","description":"","potentialAction":[{"@type":"SearchAction","target":{"@type":"EntryPoint","urlTemplate":"https:\/\/ticaret.edu.tr\/ticaret-ve-finans-enstitusu\/?s={search_term_string}"},"query-input":"required name=search_term_string"}],"inLanguage":"tr"}]}},"lang":"tr","translations":{"en":1315,"tr":201},"pll_sync_post":[],"_links":{"self":[{"href":"http:\/\/ticaret.edu.tr\/ticaret-ve-finans-enstitusu\/wp-json\/wp\/v2\/pages\/201"}],"collection":[{"href":"http:\/\/ticaret.edu.tr\/ticaret-ve-finans-enstitusu\/wp-json\/wp\/v2\/pages"}],"about":[{"href":"http:\/\/ticaret.edu.tr\/ticaret-ve-finans-enstitusu\/wp-json\/wp\/v2\/types\/page"}],"author":[{"embeddable":true,"href":"http:\/\/ticaret.edu.tr\/ticaret-ve-finans-enstitusu\/wp-json\/wp\/v2\/users\/92"}],"replies":[{"embeddable":true,"href":"http:\/\/ticaret.edu.tr\/ticaret-ve-finans-enstitusu\/wp-json\/wp\/v2\/comments?post=201"}],"version-history":[{"count":19,"href":"http:\/\/ticaret.edu.tr\/ticaret-ve-finans-enstitusu\/wp-json\/wp\/v2\/pages\/201\/revisions"}],"predecessor-version":[{"id":3342,"href":"http:\/\/ticaret.edu.tr\/ticaret-ve-finans-enstitusu\/wp-json\/wp\/v2\/pages\/201\/revisions\/3342"}],"up":[{"embeddable":true,"href":"http:\/\/ticaret.edu.tr\/ticaret-ve-finans-enstitusu\/wp-json\/wp\/v2\/pages\/10"}],"wp:attachment":[{"href":"http:\/\/ticaret.edu.tr\/ticaret-ve-finans-enstitusu\/wp-json\/wp\/v2\/media?parent=201"}],"curies":[{"name":"wp","href":"https:\/\/api.w.org\/{rel}","templated":true}]}}