{"id":213,"date":"2020-05-11T22:31:59","date_gmt":"2020-05-11T19:31:59","guid":{"rendered":"http:\/\/ticaret.edu.tr\/finans\/?page_id=213"},"modified":"2026-02-14T15:43:39","modified_gmt":"2026-02-14T12:43:39","slug":"finansal-hizmetler-pazarlamasi-tezsiz-yuksek-lisans-programi","status":"publish","type":"page","link":"http:\/\/ticaret.edu.tr\/ticaret-ve-finans-enstitusu\/yuksek-lisans\/finansal-hizmetler-pazarlamasi-tezsiz-yuksek-lisans-programi\/","title":{"rendered":"Finansal Hizmetler Pazarlamas\u0131 Tezsiz Y\u00fcksek Lisans Program\u0131"},"content":{"rendered":"<table style=\"width: 100%;max-width: 1100px;margin: 0 auto;background-color: #ffffff;padding: 0;border-radius: 12px;border-collapse: collapse\" border=\"0\" cellspacing=\"0\" cellpadding=\"0\">\n<tbody>\n<tr><!-- SOL: KART --><\/p>\n<td style=\"width: 270px;vertical-align: top;text-align: center;padding-right: 20px;border: none\">\n<div style=\"background-color: #f9f9f9;border: 1px solid #ddd;border-left: 6px solid #ffc107;border-radius: 12px;padding: 15px\">\n<h5><img loading=\"lazy\" decoding=\"async\" class=\"alignnone size-full wp-image-3095\" src=\"http:\/\/ticaret.edu.tr\/ticaret-ve-finans-enstitusu\/wp-content\/uploads\/sites\/36\/2025\/11\/Ekran-Alintisi.jpg\" alt=\"\" width=\"813\" height=\"910\" srcset=\"http:\/\/ticaret.edu.tr\/ticaret-ve-finans-enstitusu\/wp-content\/uploads\/sites\/36\/2025\/11\/Ekran-Alintisi.jpg 813w, http:\/\/ticaret.edu.tr\/ticaret-ve-finans-enstitusu\/wp-content\/uploads\/sites\/36\/2025\/11\/Ekran-Alintisi-268x300.jpg 268w, http:\/\/ticaret.edu.tr\/ticaret-ve-finans-enstitusu\/wp-content\/uploads\/sites\/36\/2025\/11\/Ekran-Alintisi-768x860.jpg 768w\" sizes=\"(max-width: 813px) 100vw, 813px\" \/><\/h5>\n<p style=\"font-size: 14px;font-weight: bold;margin-bottom: 5px\">Dr. \u00d6\u011fr. \u00dcyesi<br \/>\n<span style=\"font-family: inherit\">Osman ALTAY<\/span><\/p>\n<p><strong><a style=\"font-size: 13px;color: #f5a100\" href=\"mailto:oaltay@ticaret.edu.tr\">oaltay@ticaret.edu.tr<\/a><\/strong><\/p>\n<p>&nbsp;<\/p>\n<h5 style=\"margin-top: 12px\"><a style=\"margin: 5px 0;background-color: #ffc107;color: black;padding: 8px;border-radius: 6px;text-decoration: none\" href=\"https:\/\/ticaret.edu.tr\/2024-2025-bahar-donemi-ders-programlari\/\">Ders Program\u0131<\/a><\/h5>\n<p>&nbsp;<\/p>\n<h5><\/h5>\n<h5><\/h5>\n<h5><\/h5>\n<h5 style=\"margin-top: 12px\"><a style=\"margin: 5px 0;background-color: #ffc107;color: black;padding: 8px;border-radius: 6px;text-decoration: none\" href=\"http:\/\/ticaret.edu.tr\/ticaret-ve-finans-enstitusu\/wp-content\/uploads\/sites\/36\/2025\/09\/Finansal-Hizmetler-Pazarlamasi-Yuksek-Lisans-Tezsiz-Programi-2025-2026-Mufredat-1.pdf\">M\u00fcfredat<\/a><\/h5>\n<p>&nbsp;<\/p>\n<h5><\/h5>\n<h5><\/h5>\n<h5><\/h5>\n<h5 style=\"margin-top: 12px\"><a style=\"margin: 5px 0;background-color: #ffc107;color: black;padding: 8px;border-radius: 6px;text-decoration: none\" href=\"https:\/\/obs.ticaret.edu.tr\/oibs\/bologna\/index.aspx?lang=tr&amp;curOp=showPac&amp;curUnit=FIE&amp;curSunit=586\">Bologna Bilgi Paketi<\/a><\/h5>\n<p>&nbsp;<\/p>\n<h5><\/h5>\n<h5><\/h5>\n<h5><\/h5>\n<h5 style=\"margin-top: 12px\"><a style=\"margin: 5px 0;background-color: #ffc107;color: black;padding: 8px;border-radius: 6px;text-decoration: none\" href=\"https:\/\/lisansustuaday.ticaret.edu.tr\/burslar-ucretler\/\">Burslar ve \u00dccretler<\/a><\/h5>\n<p>&nbsp;<\/p>\n<h5><\/h5>\n<h5><\/h5>\n<h5><\/h5>\n<h5><\/h5>\n<h5 style=\"margin-top: 12px\"><a style=\"margin: 5px 0;background-color: #ffc107;color: black;padding: 8px;border-radius: 6px;text-decoration: none\" href=\"https:\/\/ticaret.edu.tr\/ticaret-ve-finans-enstitusu\/hemen-basvur\/kontenjanlar\/\">Kontenjanlar<\/a><\/h5>\n<div><\/div>\n<\/div>\n<\/td>\n<p><!-- SA\u011e: MET\u0130N --><\/p>\n<td style=\"vertical-align: top;font-family: Arial, sans-serif;font-size: 14px;line-height: 1.6;color: #333\"><strong>Misyon:<\/strong> Finansal Hizmetler Pazarlamas\u0131 Program\u0131, bankac\u0131l\u0131k, sermaye piyasalar\u0131 ve fintech ekosistemi ba\u015fta olmak \u00fczere finansal kurulu\u015flar\u0131n pazarlama, ticarile\u015ftirme ve yenilik s\u00fcre\u00e7lerini destekleyecek disiplinler aras\u0131, uygulamaya d\u00f6n\u00fck ve etik ilkelerle donat\u0131lm\u0131\u015f nitelikli insan kayna\u011f\u0131 yeti\u015ftirmeyi ama\u00e7lar. Program, \u00f6\u011frencilere finans, pazarlama ve dijital teknoloji (veri analiti\u011fi, yapay zek\u00e2, blokzincir, a\u00e7\u0131k bankac\u0131l\u0131k) entegrasyonu ile s\u00fcrd\u00fcr\u00fclebilirlik odakl\u0131 \u00e7\u00f6z\u00fcmler \u00fcretme yetkinli\u011fi kazand\u0131r\u0131r.<\/p>\n<p><strong>Vizyon:<\/strong> Program, fintech ekosistemiyle yak\u0131n ili\u015fki i\u00e7inde hareket ederek b\u00f6lgesel ve uluslararas\u0131 d\u00fczeyde finansal \u00fcr\u00fcn ve hizmetlerin ticarile\u015ftirilmesi ve pazarlanmas\u0131nda tercih edilen lider y\u00fcksek lisans program\u0131 olmay\u0131 hedefler; akademi ve sekt\u00f6r aras\u0131nda yenilik\u00e7i k\u00f6pr\u00fcler kurar.<\/p>\n<p>G\u00fcn\u00fcm\u00fczde k\u00fcreselle\u015fme olgusu ile paralel olarak geli\u015fen teknoloji ve istihdam alanlar\u0131ndaki h\u0131zl\u0131 de\u011fi\u015fim, \u00f6\u011fretim faaliyetlerinin \u00e7e\u015fitlenmesine ve ortaya \u00e7\u0131kan yeni gereksinimlerin etkin bir \u015fekilde kar\u015f\u0131lanmas\u0131na ihtiya\u00e7 do\u011furmu\u015ftur.<\/p>\n<p>Finansal Hizmetler Pazarlamas\u0131 Tezsiz Y\u00fcksek Lisans Program\u0131 \u00a0ile finans sekt\u00f6r\u00fcnde faaliyet g\u00f6steren ba\u015fta bankalar olmak \u00fczere sermaye piyasalar\u0131nda arac\u0131l\u0131k hizmetleri sunan portf\u00f6y y\u00f6netim \u015firketleri, arac\u0131 kurumlar ve di\u011fer finansal kurulu\u015flar olarak nitelendirebilecek fakt\u00f6ring, leasing ve t\u00fcketici finansman \u015firketlerinin pazarlama ve sat\u0131\u015f alan\u0131nda yeni istihdam edilecek gen\u00e7 bireylerin uluslararas\u0131 piyasalarda faaliyet g\u00f6sterebilecek ve rekabet edebilecek bilgi ve donan\u0131ma sahip, nitelikli i\u015fg\u00fcc\u00fc talebini kar\u015f\u0131lamaya y\u00f6nelik destek sa\u011flanmas\u0131 ve mevcut finans sekt\u00f6r\u00fc \u00e7al\u0131\u015fanlar\u0131n\u0131n bilgi ve deneyimini geli\u015ftirecek finans sekt\u00f6r\u00fcn\u00fcn ihtiya\u00e7 duyabilece\u011fi disiplinler aras\u0131 bir organizasyon yap\u0131s\u0131 i\u00e7erisinde olmas\u0131 hedeflenmektedir. Ayr\u0131ca ulusal kalk\u0131nma plan\u0131nda da yer alan \u201c\u0130stanbul Uluslararas\u0131 Finans Merkezi Program\u0131na\u201d y\u00f6nelik k\u0131sa, orta ve uzun vadede nitelikli insan kayna\u011f\u0131n\u0131n art\u0131r\u0131lmas\u0131 hedefi do\u011frultusunda katk\u0131 sa\u011flanmas\u0131 m\u00fcmk\u00fcn olacakt\u0131r.<\/p>\n<p>Finansal Hizmetler Pazarlamas\u0131 Tezsiz Y\u00fcksek Lisans e\u011fitimi alan \u00f6\u011frenciler;<\/p>\n<ul>\n<li>Kapsaml\u0131 finans ve pazarlama teorik alt yap\u0131 kazan\u0131m\u0131n\u0131n yan\u0131 s\u0131ra i\u015f d\u00fcnyas\u0131ndaki g\u00fcncel uygulamalar konusunda derinlemesine bilgi edinebileceklerdir.<\/li>\n<li>\u00a0Finans ve pazarlama ile ilgili problemlere \u00f6zg\u00fcn ve ger\u00e7ek\u00e7i bir bak\u0131\u015f a\u00e7\u0131s\u0131yla \u00e7\u00f6z\u00fcmler \u00fcretebilme yeterlili\u011fi kazanabileceklerdir.<\/li>\n<\/ul>\n<p>T\u00fcm bu nedenlerden dolay\u0131 \u00f6zellikle yurtd\u0131\u015f\u0131ndaki \u00fcniversitelerin finansal hizmetler pazarlamas\u0131 y\u00fcksek lisans programlar\u0131nda yer alan benzer ve farkl\u0131 dersler dikkate al\u0131narak \u0130stanbul Ticaret \u00dcniversitesi Finans Enstit\u00fcs\u00fc\u2019nde yer alan \u00a0Finansal Hizmetler Pazarlamas\u0131 Tezsiz Y\u00fcksek Lisans Program\u0131 ile \u00f6\u011frencilere farkl\u0131 bir bak\u0131\u015f a\u00e7\u0131s\u0131 kazand\u0131r\u0131lmas\u0131 d\u00fc\u015f\u00fcn\u00fclmektedir.<\/p>\n<ul>\n<li><strong><a href=\"http:\/\/ticaret.edu.tr\/finans\/wp-content\/uploads\/sites\/36\/2021\/06\/Fin-Hizm-Paz-Kont.pdf\">Ba\u015fvuru Ko\u015fullar\u0131<\/a><\/strong><\/li>\n<li><strong><a href=\"http:\/\/ticaret.edu.tr\/finans-enstitusu\/wp-content\/uploads\/sites\/36\/2024\/09\/2024-2025-Finansal-Hizmetler-Pazarlamasi-Tezsiz-Yuksek-Lisans-Programi-Mufredati.pdf\">2024-2025 M\u00fcfredat<\/a><\/strong><\/li>\n<li><strong><a href=\"http:\/\/ticaret.edu.tr\/ticaret-ve-finans-enstitusu\/wp-content\/uploads\/sites\/36\/2025\/09\/Finansal-Hizmetler-Pazarlamasi-Yuksek-Lisans-Tezsiz-Programi-2025-2026-Mufredat-1.pdf\">2025-2026 M\u00fcfredat<\/a><\/strong><\/li>\n<li><strong><a href=\"https:\/\/ticaret.edu.tr\/2024-2025-bahar-donemi-ders-programlari\/\">Ders Program\u0131<\/a><\/strong><\/li>\n<li><strong><a href=\"http:\/\/tubis.ticaret.edu.tr\/_Bologna\/Bolum\/DersListe.aspx?adi=+qpbLpjQ7FM49DBS76KPNA==\">Ders Tan\u0131t\u0131m Formu (Syllabus)<\/a><\/strong><\/li>\n<\/ul>\n<p><strong>\u0130leti\u015fim:<\/strong><br \/>\n<em>Ticaret ve Finans Enstit\u00fcs\u00fc \u00d6\u011frenci \u0130\u015fleri<\/em><br \/>\n<strong>Program Sorumlusu:<\/strong> Mihriban \u015eenol<br \/>\n<a href=\"mailto:tfe@ticaret.edu.tr\">tfe@ticaret.edu.tr<\/a> \u2013 444 0 413 \/ Dahili: 4762<\/td>\n<\/tr>\n<\/tbody>\n<\/table>\n","protected":false},"excerpt":{"rendered":"<p>Dr. \u00d6\u011fr. \u00dcyesi Osman ALTAY oaltay@ticaret.edu.tr &nbsp; Ders Program\u0131 &nbsp; M\u00fcfredat &nbsp; Bologna Bilgi Paketi &nbsp; Burslar ve \u00dccretler &nbsp; Kontenjanlar Misyon: Finansal Hizmetler Pazarlamas\u0131 Program\u0131, bankac\u0131l\u0131k, sermaye piyasalar\u0131 ve fintech ekosistemi ba\u015fta olmak \u00fczere finansal kurulu\u015flar\u0131n pazarlama, ticarile\u015ftirme ve yenilik s\u00fcre\u00e7lerini destekleyecek disiplinler aras\u0131, uygulamaya d\u00f6n\u00fck ve etik ilkelerle donat\u0131lm\u0131\u015f nitelikli insan kayna\u011f\u0131 yeti\u015ftirmeyi [&hellip;]<\/p>\n","protected":false},"author":92,"featured_media":0,"parent":10,"menu_order":0,"comment_status":"closed","ping_status":"closed","template":"genel_sayfa.php","meta":{"footnotes":""},"yoast_head":"<!-- This site is optimized with the Yoast SEO Premium plugin v22.1 (Yoast SEO v22.1) - https:\/\/yoast.com\/wordpress\/plugins\/seo\/ -->\n<title>Finansal Hizmetler Pazarlamas\u0131 Tezsiz Y\u00fcksek Lisans Program\u0131<\/title>\n<meta name=\"description\" content=\"Finansal Hizmetler Pazarlamas\u0131 Tezsiz Y\u00fcksek Lisans finans ve pazarlama teorik alt yap\u0131 kazan\u0131m\u0131n\u0131n yan\u0131 s\u0131ra i\u015f d\u00fcnyas\u0131ndaki g\u00fcncel uygulamalar konusunda derinlemesine bilgi edinebileceklerdir.\" \/>\n<meta name=\"robots\" content=\"index, follow, max-snippet:-1, max-image-preview:large, max-video-preview:-1\" \/>\n<link rel=\"canonical\" href=\"https:\/\/ticaret.edu.tr\/ticaret-ve-finans-enstitusu\/yuksek-lisans\/finansal-hizmetler-pazarlamasi-tezsiz-yuksek-lisans-programi\/\" \/>\n<meta property=\"og:locale\" content=\"tr_TR\" \/>\n<meta property=\"og:type\" content=\"article\" \/>\n<meta property=\"og:title\" content=\"Finansal Hizmetler Pazarlamas\u0131 Tezsiz Y\u00fcksek Lisans Program\u0131\" \/>\n<meta property=\"og:description\" content=\"Finansal Hizmetler Pazarlamas\u0131 Tezsiz Y\u00fcksek Lisans finans ve pazarlama teorik alt yap\u0131 kazan\u0131m\u0131n\u0131n yan\u0131 s\u0131ra i\u015f d\u00fcnyas\u0131ndaki g\u00fcncel uygulamalar konusunda derinlemesine bilgi edinebileceklerdir.\" \/>\n<meta property=\"og:url\" content=\"https:\/\/ticaret.edu.tr\/ticaret-ve-finans-enstitusu\/yuksek-lisans\/finansal-hizmetler-pazarlamasi-tezsiz-yuksek-lisans-programi\/\" \/>\n<meta property=\"og:site_name\" content=\"Ticaret ve Finans Enstit\u00fcs\u00fc\" \/>\n<meta property=\"article:publisher\" content=\"https:\/\/www.facebook.com\/ticaretedutr\" \/>\n<meta property=\"article:modified_time\" content=\"2026-02-14T12:43:39+00:00\" \/>\n<meta property=\"og:image\" content=\"http:\/\/ticaret.edu.tr\/ticaret-ve-finans-enstitusu\/wp-content\/uploads\/sites\/36\/2025\/11\/Ekran-Alintisi.jpg\" \/>\n<meta name=\"twitter:card\" content=\"summary_large_image\" \/>\n<meta name=\"twitter:site\" content=\"@ticaretedutr\" \/>\n<meta name=\"twitter:label1\" content=\"Tahmini okuma s\u00fcresi\" \/>\n\t<meta name=\"twitter:data1\" content=\"3 dakika\" \/>\n<script type=\"application\/ld+json\" class=\"yoast-schema-graph\">{\"@context\":\"https:\/\/schema.org\",\"@graph\":[{\"@type\":\"WebPage\",\"@id\":\"https:\/\/ticaret.edu.tr\/ticaret-ve-finans-enstitusu\/yuksek-lisans\/finansal-hizmetler-pazarlamasi-tezsiz-yuksek-lisans-programi\/\",\"url\":\"https:\/\/ticaret.edu.tr\/ticaret-ve-finans-enstitusu\/yuksek-lisans\/finansal-hizmetler-pazarlamasi-tezsiz-yuksek-lisans-programi\/\",\"name\":\"Finansal Hizmetler Pazarlamas\u0131 Tezsiz Y\u00fcksek Lisans Program\u0131\",\"isPartOf\":{\"@id\":\"http:\/\/ticaret.edu.tr\/ticaret-ve-finans-enstitusu\/en\/#website\"},\"datePublished\":\"2020-05-11T19:31:59+00:00\",\"dateModified\":\"2026-02-14T12:43:39+00:00\",\"description\":\"Finansal Hizmetler Pazarlamas\u0131 Tezsiz Y\u00fcksek Lisans finans ve pazarlama teorik alt yap\u0131 kazan\u0131m\u0131n\u0131n yan\u0131 s\u0131ra i\u015f d\u00fcnyas\u0131ndaki g\u00fcncel uygulamalar konusunda derinlemesine bilgi edinebileceklerdir.\",\"breadcrumb\":{\"@id\":\"https:\/\/ticaret.edu.tr\/ticaret-ve-finans-enstitusu\/yuksek-lisans\/finansal-hizmetler-pazarlamasi-tezsiz-yuksek-lisans-programi\/#breadcrumb\"},\"inLanguage\":\"tr\",\"potentialAction\":[{\"@type\":\"ReadAction\",\"target\":[\"https:\/\/ticaret.edu.tr\/ticaret-ve-finans-enstitusu\/yuksek-lisans\/finansal-hizmetler-pazarlamasi-tezsiz-yuksek-lisans-programi\/\"]}]},{\"@type\":\"BreadcrumbList\",\"@id\":\"https:\/\/ticaret.edu.tr\/ticaret-ve-finans-enstitusu\/yuksek-lisans\/finansal-hizmetler-pazarlamasi-tezsiz-yuksek-lisans-programi\/#breadcrumb\",\"itemListElement\":[{\"@type\":\"ListItem\",\"position\":1,\"name\":\"Ana sayfa\",\"item\":\"https:\/\/ticaret.edu.tr\/ticaret-ve-finans-enstitusu\/\"},{\"@type\":\"ListItem\",\"position\":2,\"name\":\"Y\u00fcksek Lisans\",\"item\":\"https:\/\/ticaret.edu.tr\/ticaret-ve-finans-enstitusu\/yuksek-lisans\/\"},{\"@type\":\"ListItem\",\"position\":3,\"name\":\"Finansal Hizmetler Pazarlamas\u0131 Tezsiz Y\u00fcksek Lisans Program\u0131\"}]},{\"@type\":\"WebSite\",\"@id\":\"http:\/\/ticaret.edu.tr\/ticaret-ve-finans-enstitusu\/en\/#website\",\"url\":\"http:\/\/ticaret.edu.tr\/ticaret-ve-finans-enstitusu\/en\/\",\"name\":\"Ticaret ve Finans Enstit\u00fcs\u00fc\",\"description\":\"\",\"potentialAction\":[{\"@type\":\"SearchAction\",\"target\":{\"@type\":\"EntryPoint\",\"urlTemplate\":\"http:\/\/ticaret.edu.tr\/ticaret-ve-finans-enstitusu\/en\/?s={search_term_string}\"},\"query-input\":\"required name=search_term_string\"}],\"inLanguage\":\"tr\"}]}<\/script>\n<!-- \/ Yoast SEO Premium plugin. -->","yoast_head_json":{"title":"Finansal Hizmetler Pazarlamas\u0131 Tezsiz Y\u00fcksek Lisans Program\u0131","description":"Finansal Hizmetler Pazarlamas\u0131 Tezsiz Y\u00fcksek Lisans finans ve pazarlama teorik alt yap\u0131 kazan\u0131m\u0131n\u0131n yan\u0131 s\u0131ra i\u015f d\u00fcnyas\u0131ndaki g\u00fcncel uygulamalar konusunda derinlemesine bilgi edinebileceklerdir.","robots":{"index":"index","follow":"follow","max-snippet":"max-snippet:-1","max-image-preview":"max-image-preview:large","max-video-preview":"max-video-preview:-1"},"canonical":"https:\/\/ticaret.edu.tr\/ticaret-ve-finans-enstitusu\/yuksek-lisans\/finansal-hizmetler-pazarlamasi-tezsiz-yuksek-lisans-programi\/","og_locale":"tr_TR","og_type":"article","og_title":"Finansal Hizmetler Pazarlamas\u0131 Tezsiz Y\u00fcksek Lisans Program\u0131","og_description":"Finansal Hizmetler Pazarlamas\u0131 Tezsiz Y\u00fcksek Lisans finans ve pazarlama teorik alt yap\u0131 kazan\u0131m\u0131n\u0131n yan\u0131 s\u0131ra i\u015f d\u00fcnyas\u0131ndaki g\u00fcncel uygulamalar konusunda derinlemesine bilgi edinebileceklerdir.","og_url":"https:\/\/ticaret.edu.tr\/ticaret-ve-finans-enstitusu\/yuksek-lisans\/finansal-hizmetler-pazarlamasi-tezsiz-yuksek-lisans-programi\/","og_site_name":"Ticaret ve Finans Enstit\u00fcs\u00fc","article_publisher":"https:\/\/www.facebook.com\/ticaretedutr","article_modified_time":"2026-02-14T12:43:39+00:00","og_image":[{"url":"http:\/\/ticaret.edu.tr\/ticaret-ve-finans-enstitusu\/wp-content\/uploads\/sites\/36\/2025\/11\/Ekran-Alintisi.jpg"}],"twitter_card":"summary_large_image","twitter_site":"@ticaretedutr","twitter_misc":{"Tahmini okuma s\u00fcresi":"3 dakika"},"schema":{"@context":"https:\/\/schema.org","@graph":[{"@type":"WebPage","@id":"https:\/\/ticaret.edu.tr\/ticaret-ve-finans-enstitusu\/yuksek-lisans\/finansal-hizmetler-pazarlamasi-tezsiz-yuksek-lisans-programi\/","url":"https:\/\/ticaret.edu.tr\/ticaret-ve-finans-enstitusu\/yuksek-lisans\/finansal-hizmetler-pazarlamasi-tezsiz-yuksek-lisans-programi\/","name":"Finansal Hizmetler Pazarlamas\u0131 Tezsiz Y\u00fcksek Lisans Program\u0131","isPartOf":{"@id":"http:\/\/ticaret.edu.tr\/ticaret-ve-finans-enstitusu\/en\/#website"},"datePublished":"2020-05-11T19:31:59+00:00","dateModified":"2026-02-14T12:43:39+00:00","description":"Finansal Hizmetler Pazarlamas\u0131 Tezsiz Y\u00fcksek Lisans finans ve pazarlama teorik alt yap\u0131 kazan\u0131m\u0131n\u0131n yan\u0131 s\u0131ra i\u015f d\u00fcnyas\u0131ndaki g\u00fcncel uygulamalar konusunda derinlemesine bilgi edinebileceklerdir.","breadcrumb":{"@id":"https:\/\/ticaret.edu.tr\/ticaret-ve-finans-enstitusu\/yuksek-lisans\/finansal-hizmetler-pazarlamasi-tezsiz-yuksek-lisans-programi\/#breadcrumb"},"inLanguage":"tr","potentialAction":[{"@type":"ReadAction","target":["https:\/\/ticaret.edu.tr\/ticaret-ve-finans-enstitusu\/yuksek-lisans\/finansal-hizmetler-pazarlamasi-tezsiz-yuksek-lisans-programi\/"]}]},{"@type":"BreadcrumbList","@id":"https:\/\/ticaret.edu.tr\/ticaret-ve-finans-enstitusu\/yuksek-lisans\/finansal-hizmetler-pazarlamasi-tezsiz-yuksek-lisans-programi\/#breadcrumb","itemListElement":[{"@type":"ListItem","position":1,"name":"Ana sayfa","item":"https:\/\/ticaret.edu.tr\/ticaret-ve-finans-enstitusu\/"},{"@type":"ListItem","position":2,"name":"Y\u00fcksek Lisans","item":"https:\/\/ticaret.edu.tr\/ticaret-ve-finans-enstitusu\/yuksek-lisans\/"},{"@type":"ListItem","position":3,"name":"Finansal Hizmetler Pazarlamas\u0131 Tezsiz Y\u00fcksek Lisans Program\u0131"}]},{"@type":"WebSite","@id":"http:\/\/ticaret.edu.tr\/ticaret-ve-finans-enstitusu\/en\/#website","url":"http:\/\/ticaret.edu.tr\/ticaret-ve-finans-enstitusu\/en\/","name":"Ticaret ve Finans Enstit\u00fcs\u00fc","description":"","potentialAction":[{"@type":"SearchAction","target":{"@type":"EntryPoint","urlTemplate":"http:\/\/ticaret.edu.tr\/ticaret-ve-finans-enstitusu\/en\/?s={search_term_string}"},"query-input":"required name=search_term_string"}],"inLanguage":"tr"}]}},"lang":"tr","translations":{"en":1322,"tr":213},"pll_sync_post":[],"_links":{"self":[{"href":"http:\/\/ticaret.edu.tr\/ticaret-ve-finans-enstitusu\/wp-json\/wp\/v2\/pages\/213"}],"collection":[{"href":"http:\/\/ticaret.edu.tr\/ticaret-ve-finans-enstitusu\/wp-json\/wp\/v2\/pages"}],"about":[{"href":"http:\/\/ticaret.edu.tr\/ticaret-ve-finans-enstitusu\/wp-json\/wp\/v2\/types\/page"}],"author":[{"embeddable":true,"href":"http:\/\/ticaret.edu.tr\/ticaret-ve-finans-enstitusu\/wp-json\/wp\/v2\/users\/92"}],"replies":[{"embeddable":true,"href":"http:\/\/ticaret.edu.tr\/ticaret-ve-finans-enstitusu\/wp-json\/wp\/v2\/comments?post=213"}],"version-history":[{"count":37,"href":"http:\/\/ticaret.edu.tr\/ticaret-ve-finans-enstitusu\/wp-json\/wp\/v2\/pages\/213\/revisions"}],"predecessor-version":[{"id":3345,"href":"http:\/\/ticaret.edu.tr\/ticaret-ve-finans-enstitusu\/wp-json\/wp\/v2\/pages\/213\/revisions\/3345"}],"up":[{"embeddable":true,"href":"http:\/\/ticaret.edu.tr\/ticaret-ve-finans-enstitusu\/wp-json\/wp\/v2\/pages\/10"}],"wp:attachment":[{"href":"http:\/\/ticaret.edu.tr\/ticaret-ve-finans-enstitusu\/wp-json\/wp\/v2\/media?parent=213"}],"curies":[{"name":"wp","href":"https:\/\/api.w.org\/{rel}","templated":true}]}}