{"id":217,"date":"2020-05-11T22:32:39","date_gmt":"2020-05-11T19:32:39","guid":{"rendered":"http:\/\/ticaret.edu.tr\/finans\/?page_id=217"},"modified":"2026-02-10T18:42:46","modified_gmt":"2026-02-10T15:42:46","slug":"uluslararasi-bankacilik-ve-finans-tezsiz-yuksek-lisans-uzaktan-egitim-programi","status":"publish","type":"page","link":"http:\/\/ticaret.edu.tr\/ticaret-ve-finans-enstitusu\/yuksek-lisans\/uluslararasi-bankacilik-ve-finans-tezsiz-yuksek-lisans-uzaktan-egitim-programi\/","title":{"rendered":"Uluslararas\u0131 Bankac\u0131l\u0131k ve Finans Tezsiz Y\u00fcksek Lisans Uzaktan E\u011fitim Program\u0131"},"content":{"rendered":"<table style=\"width: 100%;max-width: 1100px;margin: 0 auto;background-color: #ffffff;padding: 0;border-radius: 12px;border-collapse: collapse\" border=\"0\" cellspacing=\"0\" cellpadding=\"0\">\n<tbody>\n<tr><!-- SOL: KART --><\/p>\n<td style=\"width: 270px;vertical-align: top;text-align: center;padding-right: 20px;border: none\">\n<div style=\"background-color: #f9f9f9;border: 1px solid #ddd;border-left: 6px solid #ffc107;border-radius: 12px;padding: 15px\">\n<p><img decoding=\"async\" class=\"alignnone size-medium wp-image-2700\" src=\"http:\/\/ticaret.edu.tr\/ticaret-ve-finans-enstitusu\/wp-content\/uploads\/sites\/36\/2025\/07\/Ekran-Alintisi-275x300.jpg\" alt=\"\" width=\"275\" srcset=\"http:\/\/ticaret.edu.tr\/ticaret-ve-finans-enstitusu\/wp-content\/uploads\/sites\/36\/2025\/07\/Ekran-Alintisi-275x300.jpg 275w, http:\/\/ticaret.edu.tr\/ticaret-ve-finans-enstitusu\/wp-content\/uploads\/sites\/36\/2025\/07\/Ekran-Alintisi.jpg 731w\" sizes=\"(max-width: 275px) 100vw, 275px\" \/><\/p>\n<p style=\"font-size: 14px;font-weight: bold;margin-bottom: 5px\"><strong><span style=\"font-size: 16px\">Prof. Dr.<br \/>\nHicabi ERSOY<\/span><\/strong><\/p>\n<p><strong><a style=\"font-size: 13px;color: #f5a100\" href=\"mailto:hersoy@ticaret.edu.tr\"><span style=\"color: #333333\">hersoy@ticaret.edu.tr<\/span><\/a><\/strong><\/p>\n<p>&nbsp;<\/p>\n<h5 style=\"margin-top: 12px\"><a style=\"margin: 5px 0;background-color: #ffc107;color: black;padding: 8px;border-radius: 6px;text-decoration: none\" href=\"https:\/\/istanbulticaretuniversitesi.edupage.org\/timetable\/view.php?num=94&amp;class=*3\"><span style=\"color: #333333\">Ders Program\u0131<\/span><\/a><\/h5>\n<p>&nbsp;<\/p>\n<h5><span style=\"font-size: 16px;font-weight: 400\">\u00a0<\/span><span style=\"font-size: 16px;font-weight: 400\">\u00a0<\/span><span style=\"font-size: 16px;font-weight: 400\">\u00a0<\/span><\/h5>\n<h5 style=\"margin-top: 12px\"><a style=\"margin: 5px 0;background-color: #ffc107;color: black;padding: 8px;border-radius: 6px;text-decoration: none\" href=\"https:\/\/ticaret.edu.tr\/ticaret-ve-finans-enstitusu\/wp-content\/uploads\/sites\/36\/2025\/09\/Uluslararasi-Bankacilik-ve-Finans-Uzaktan-Yuksek-Lisans-Tezsiz-Programi-2025-2026-Mufredat.pdf\"><span style=\"color: #333333\">M\u00fcfredat<\/span><\/a><\/h5>\n<p>&nbsp;<\/p>\n<h5><\/h5>\n<h5><span style=\"font-size: 16px;font-weight: 400\">\u00a0<\/span><span style=\"font-size: 16px;font-weight: 400\">\u00a0<\/span><\/h5>\n<h5 style=\"margin-top: 12px\"><a style=\"margin: 5px 0;background-color: #ffc107;color: black;padding: 8px;border-radius: 6px;text-decoration: none\" href=\"https:\/\/obs.ticaret.edu.tr\/oibs\/bologna\/index.aspx?lang=tr&amp;curOp=showPac&amp;curUnit=FIE&amp;curSunit=616\"><span style=\"color: #333333\">Bologna Bilgi Paketi<\/span><\/a><\/h5>\n<p>&nbsp;<\/p>\n<h5><span style=\"font-size: 16px;font-weight: 400\">\u00a0<\/span><span style=\"font-size: 16px;font-weight: 400\">\u00a0<\/span><span style=\"font-size: 16px;font-weight: 400\">\u00a0<\/span><\/h5>\n<h5><\/h5>\n<h5 style=\"margin-top: 12px\"><a style=\"margin: 5px 0;background-color: #ffc107;color: black;padding: 8px;border-radius: 6px;text-decoration: none\" href=\"https:\/\/lisansustuaday.ticaret.edu.tr\/burslar-ucretler\/\"><span style=\"color: #333333\">Burslar ve \u00dccretler<\/span><\/a><\/h5>\n<p>&nbsp;<\/p>\n<h5><span style=\"font-size: 16px;font-weight: 400\">\u00a0<\/span><span style=\"font-size: 16px;font-weight: 400\">\u00a0<\/span><span style=\"font-size: 16px;font-weight: 400\">\u00a0<\/span><\/h5>\n<h5 style=\"margin-top: 12px\"><a style=\"margin: 5px 0;background-color: #ffc107;color: black;padding: 8px;border-radius: 6px;text-decoration: none\" href=\"https:\/\/ticaret.edu.tr\/ticaret-ve-finans-enstitusu\/hemen-basvur\/kontenjanlar\/\"><span style=\"color: #333333\">Kontenjanlar<\/span><\/a><\/h5>\n<div><\/div>\n<\/div>\n<\/td>\n<p><!-- SA\u011e: MET\u0130N --><\/p>\n<td style=\"vertical-align: top;font-family: Arial, sans-serif;font-size: 14px;line-height: 1.6;color: #333\"><strong><span style=\"font-family: Georgia, Times New Roman, Bitstream Charter, Times, serif\"><span style=\"font-size: 16px\">Misyon: <\/span><\/span><\/strong><span style=\"font-family: Georgia, Times New Roman, Bitstream Charter, Times, serif\"><span style=\"font-size: 16px\">Uzaktan UA Bankac\u0131l\u0131k ve Finans (YL) Uzaktan e\u011fitim teknolojilerini de kullanarak, bankac\u0131l\u0131k ve finans alanlarda ulusal ve uluslararas\u0131 \u00f6l\u00e7ekte geli\u015fen ihtiya\u00e7lara cevap verebilecek, etik de\u011ferlere ba\u011fl\u0131, sorumluluk sahibi, analitik d\u00fc\u015f\u00fcnebilen ve \u00e7a\u011f\u0131n teknolojik gereksinimlerine uyum sa\u011flayan mezunlar yeti\u015ftirmek. \u00d6\u011frencilere teorik bilgi birikimi ile uygulama becerisi kazand\u0131rmak, ara\u015ft\u0131rma k\u00fclt\u00fcr\u00fcn\u00fc te\u015fvik etmek ve bankac\u0131l\u0131k ve finans sekt\u00f6rlerinde g\u00fc\u00e7l\u00fc i\u015f birlikleri kurarak e\u011fitim-\u00f6\u011fretim faaliyetlerini s\u00fcrekli geli\u015ftirmek. <\/span><\/span><\/p>\n<p><span style=\"font-family: Georgia, Times New Roman, Bitstream Charter, Times, serif\"><span style=\"font-size: 16px\"><strong>Vizyon:<\/strong> Uzaktan e\u011fitim teknolojilerini de kullanmak suretiyle, e\u011fitim kalitesi, akademik birikimi, teknolojik yeniliklere a\u00e7\u0131kl\u0131\u011f\u0131 ve bankac\u0131l\u0131k ve finans sekt\u00f6rlerinde kurdu\u011fu g\u00fc\u00e7l\u00fc i\u015f birlikleriyle finansal piyasalarda ulusal ve uluslararas\u0131 d\u00fczeyde tan\u0131nan, \u00f6nc\u00fc ve tercih edilen bir program olmak. Mezunlar\u0131n dinamik bankac\u0131l\u0131k ve finans sekt\u00f6rlerinde fark yaratan profesyoneller olarak yer almalar\u0131n\u0131 sa\u011flayarak sekt\u00f6re y\u00f6n veren akademik bir merkez olmak. <\/span><\/span><\/p>\n<p><strong><span style=\"font-family: Georgia, Times New Roman, Bitstream Charter, Times, serif\"><span style=\"font-size: 16px\">Temel De\u011feler:<br \/>\n<\/span><\/span><\/strong><span style=\"font-family: Georgia, Times New Roman, Bitstream Charter, Times, serif\"><span style=\"font-size: 16px\">Akademik M\u00fckemmeliyet<br \/>\nEtik ve Sorumluluk<br \/>\nS\u00fcrekli Geli\u015fim<br \/>\nYenilik\u00e7ilik<br \/>\nTeknoloji Odakl\u0131l\u0131k<br \/>\nSekt\u00f6rle \u0130\u015f Birli\u011fi<br \/>\n\u00c7evresel ve Sosyal Duyarl\u0131l\u0131k<br \/>\nGiri\u015fimcilik ve Liderlik\u00a0<\/span><\/span><\/p>\n<p><span style=\"font-family: Georgia, Times New Roman, Bitstream Charter, Times, serif\"><span style=\"font-size: 16px\">Uluslararas\u0131 Bankac\u0131l\u0131k ve Finans Uzaktan E\u011fitim Program\u0131 Neden Tercih Edilmeli?<\/span><\/span><\/p>\n<p><span style=\"font-family: Georgia, Times New Roman, Bitstream Charter, Times, serif\"><span style=\"font-size: 16px\">D\u00fcnyada k\u00fcreselle\u015fmenin ve teknolojik geli\u015fmelerin ortaya \u00e7\u0131k\u0131\u015f\u0131 ile \u00fclkemizde de \u00f6zellikle finans sekt\u00f6r\u00fc \u00f6nemli bir de\u011fi\u015fim ve d\u00f6n\u00fc\u015f\u00fcm s\u00fcrecine girmi\u015ftir. Bankalar\u0131n ve finans \u015firketlerinin kurumsalla\u015fmalar\u0131 ve finansal piyasalar\u0131n geli\u015fmesi neticesinde \u00e7a\u011f\u0131n kriterlerine uygun sekt\u00f6r \u00e7al\u0131\u015fanlar\u0131na ve profesyonellere ihtiya\u00e7 duyulmaktad\u0131r. Bu vesileyle a\u00e7\u0131lan program finans ve bankac\u0131l\u0131k alanlar\u0131nda uzmanla\u015fmaya y\u00f6nelik bir programd\u0131r. Uluslararas\u0131 Bankac\u0131l\u0131k ve Finans Uzaktan E\u011fitim Tezsiz Y\u00fcksek Lisans Program\u0131, internet kullan\u0131m\u0131n\u0131n artmas\u0131 ve farkl\u0131 teknolojik enstr\u00fcmanlar\u0131n\u0131n daha ula\u015f\u0131labilir hale gelmesi ile i\u015f hayat\u0131 ve e\u011fitim hayat\u0131na birlikte devam etmek isteyen; ancak zaman yaratmakta zorlanan finans sekt\u00f6r\u00fc ve banka \u00e7al\u0131\u015fanlar\u0131n\u0131n kolayl\u0131kla e\u011fitim almalar\u0131na imk\u00e2n sa\u011flamaktad\u0131r.<\/span><\/span><\/p>\n<p><span style=\"font-family: Georgia, Times New Roman, Bitstream Charter, Times, serif\"><span style=\"font-size: 16px\">Kazand\u0131rd\u0131\u011f\u0131 yetkinlikler: Ekonomi ve bankac\u0131l\u0131k bilgisi, finansal analiz ve yorumlama becerisi, ileri d\u00fczey finansal karar alma, banka sistemlerine h\u00e2kimiyet, uluslararas\u0131 finans bilgisi ve analitik d\u00fc\u015f\u00fcnme yetene\u011fi.<\/span><\/span><\/p>\n<ul>\n<li style=\"list-style-type: none\">\n<ul>\n<li><a style=\"font-size: 16px\" href=\"http:\/\/ticaret.edu.tr\/finans-enstitusu\/wp-content\/uploads\/sites\/36\/2021\/12\/uzaktan-program-basvuru.pdf\"><span style=\"color: #333333;font-family: Georgia, Times New Roman, Bitstream Charter, Times, serif\">Ba\u015fvuru Ko\u015fullar\u0131<\/span><\/a><\/li>\n<li><a style=\"font-size: 16px\" href=\"http:\/\/ticaret.edu.tr\/finans-enstitusu\/wp-content\/uploads\/sites\/36\/2022\/06\/UBF-Uzaktan-YL.pdf\"><span style=\"color: #333333;font-family: Georgia, Times New Roman, Bitstream Charter, Times, serif\">2022 M\u00fcfredat\u0131<\/span><\/a><\/li>\n<li><a style=\"font-size: 16px\" href=\"http:\/\/ticaret.edu.tr\/finans-enstitusu\/wp-content\/uploads\/sites\/36\/2024\/09\/2024-2025-Uluslararasi-Bankacilik-ve-Finans-Uzaktan-Tezsiz-Yuksek-Lisans-Programi-Mufredati.pdf\"><span style=\"color: #333333;font-family: Georgia, Times New Roman, Bitstream Charter, Times, serif\">2024-2025 M\u00fcfredat<\/span><\/a><\/li>\n<li><a style=\"font-size: 16px\" href=\"http:\/\/ticaret.edu.tr\/ticaret-ve-finans-enstitusu\/wp-content\/uploads\/sites\/36\/2025\/09\/Uluslararasi-Bankacilik-ve-Finans-Uzaktan-Yuksek-Lisans-Tezsiz-Programi-2025-2026-Mufredat.pdf\"><span style=\"color: #333333;font-family: Georgia, Times New Roman, Bitstream Charter, Times, serif\">2025-2026 M\u00fcfredat<\/span><\/a><\/li>\n<li><a style=\"font-size: 16px\" href=\"http:\/\/tubis.ticaret.edu.tr\/_Bologna\/Bolum\/DersListe.aspx\"><span style=\"color: #333333;font-family: Georgia, Times New Roman, Bitstream Charter, Times, serif\">Ders Tan\u0131t\u0131m Formu (Syllabus)<\/span><\/a><\/li>\n<\/ul>\n<\/li>\n<\/ul>\n<p><span style=\"font-family: Georgia, Times New Roman, Bitstream Charter, Times, serif\"><span style=\"font-size: 16px\">\u0130leti\u015fim:<br \/>\nTicaret ve Finans Enstit\u00fcs\u00fc \u00d6\u011frenci \u0130\u015fleri<br \/>\nProgram Sorumlusu: Mihriban \u015eenol<br \/>\n<a href=\"mailto:tfe@ticaret.edu.tr\">tfe@ticaret.edu.tr<\/a> \u2013 444 0 413 \/ Dahili: 4762<\/span><\/span><\/td>\n<\/tr>\n<\/tbody>\n<\/table>\n","protected":false},"excerpt":{"rendered":"<p>Prof. Dr. Hicabi ERSOY hersoy@ticaret.edu.tr &nbsp; Ders Program\u0131 &nbsp; \u00a0\u00a0\u00a0 M\u00fcfredat &nbsp; \u00a0\u00a0 Bologna Bilgi Paketi &nbsp; \u00a0\u00a0\u00a0 Burslar ve \u00dccretler &nbsp; \u00a0\u00a0\u00a0 Kontenjanlar Misyon: Uzaktan UA Bankac\u0131l\u0131k ve Finans (YL) Uzaktan e\u011fitim teknolojilerini de kullanarak, bankac\u0131l\u0131k ve finans alanlarda ulusal ve uluslararas\u0131 \u00f6l\u00e7ekte geli\u015fen ihtiya\u00e7lara cevap verebilecek, etik de\u011ferlere ba\u011fl\u0131, sorumluluk sahibi, analitik d\u00fc\u015f\u00fcnebilen [&hellip;]<\/p>\n","protected":false},"author":92,"featured_media":0,"parent":10,"menu_order":9,"comment_status":"closed","ping_status":"closed","template":"genel_sayfa.php","meta":{"footnotes":""},"yoast_head":"<!-- This site is optimized with the Yoast SEO Premium plugin v22.1 (Yoast SEO v22.1) - https:\/\/yoast.com\/wordpress\/plugins\/seo\/ -->\n<title>Uluslararas\u0131 Bankac\u0131l\u0131k ve Finans Tezsiz Y\u00fcksek Lisans Uzaktan E\u011fitim Program\u0131 - Ticaret ve Finans Enstit\u00fcs\u00fc<\/title>\n<meta name=\"description\" content=\"Uluslararas\u0131 Bankac\u0131l\u0131k ve Finans Uzaktan E\u011fitim Program\u0131 finans sekt\u00f6r\u00fc profesyonellerinin zaman sorununu ortadan kald\u0131rmay\u0131 hedefler.\" \/>\n<meta name=\"robots\" content=\"index, follow, max-snippet:-1, max-image-preview:large, max-video-preview:-1\" \/>\n<link rel=\"canonical\" href=\"https:\/\/ticaret.edu.tr\/ticaret-ve-finans-enstitusu\/yuksek-lisans\/uluslararasi-bankacilik-ve-finans-tezsiz-yuksek-lisans-uzaktan-egitim-programi\/\" \/>\n<meta property=\"og:locale\" content=\"tr_TR\" \/>\n<meta property=\"og:type\" content=\"article\" \/>\n<meta property=\"og:title\" content=\"Uluslararas\u0131 Bankac\u0131l\u0131k ve Finans Tezsiz Y\u00fcksek Lisans Uzaktan E\u011fitim Program\u0131\" \/>\n<meta property=\"og:description\" content=\"Uluslararas\u0131 Bankac\u0131l\u0131k ve Finans Uzaktan E\u011fitim Program\u0131 finans sekt\u00f6r\u00fc profesyonellerinin zaman sorununu ortadan kald\u0131rmay\u0131 hedefler.\" \/>\n<meta property=\"og:url\" content=\"https:\/\/ticaret.edu.tr\/ticaret-ve-finans-enstitusu\/yuksek-lisans\/uluslararasi-bankacilik-ve-finans-tezsiz-yuksek-lisans-uzaktan-egitim-programi\/\" \/>\n<meta property=\"og:site_name\" content=\"Ticaret ve Finans Enstit\u00fcs\u00fc\" \/>\n<meta property=\"article:publisher\" content=\"https:\/\/www.facebook.com\/ticaretedutr\" \/>\n<meta property=\"article:modified_time\" content=\"2026-02-10T15:42:46+00:00\" \/>\n<meta property=\"og:image\" content=\"http:\/\/ticaret.edu.tr\/ticaret-ve-finans-enstitusu\/wp-content\/uploads\/sites\/36\/2025\/07\/Ekran-Alintisi-275x300.jpg\" \/>\n<meta name=\"twitter:card\" content=\"summary_large_image\" \/>\n<meta name=\"twitter:site\" content=\"@ticaretedutr\" \/>\n<meta name=\"twitter:label1\" content=\"Tahmini okuma s\u00fcresi\" \/>\n\t<meta name=\"twitter:data1\" content=\"3 dakika\" \/>\n<script type=\"application\/ld+json\" class=\"yoast-schema-graph\">{\"@context\":\"https:\/\/schema.org\",\"@graph\":[{\"@type\":\"WebPage\",\"@id\":\"https:\/\/ticaret.edu.tr\/ticaret-ve-finans-enstitusu\/yuksek-lisans\/uluslararasi-bankacilik-ve-finans-tezsiz-yuksek-lisans-uzaktan-egitim-programi\/\",\"url\":\"https:\/\/ticaret.edu.tr\/ticaret-ve-finans-enstitusu\/yuksek-lisans\/uluslararasi-bankacilik-ve-finans-tezsiz-yuksek-lisans-uzaktan-egitim-programi\/\",\"name\":\"Uluslararas\u0131 Bankac\u0131l\u0131k ve Finans Tezsiz Y\u00fcksek Lisans Uzaktan E\u011fitim Program\u0131 - Ticaret ve Finans Enstit\u00fcs\u00fc\",\"isPartOf\":{\"@id\":\"http:\/\/ticaret.edu.tr\/ticaret-ve-finans-enstitusu\/en\/#website\"},\"datePublished\":\"2020-05-11T19:32:39+00:00\",\"dateModified\":\"2026-02-10T15:42:46+00:00\",\"description\":\"Uluslararas\u0131 Bankac\u0131l\u0131k ve Finans Uzaktan E\u011fitim Program\u0131 finans sekt\u00f6r\u00fc profesyonellerinin zaman sorununu ortadan kald\u0131rmay\u0131 hedefler.\",\"breadcrumb\":{\"@id\":\"https:\/\/ticaret.edu.tr\/ticaret-ve-finans-enstitusu\/yuksek-lisans\/uluslararasi-bankacilik-ve-finans-tezsiz-yuksek-lisans-uzaktan-egitim-programi\/#breadcrumb\"},\"inLanguage\":\"tr\",\"potentialAction\":[{\"@type\":\"ReadAction\",\"target\":[\"https:\/\/ticaret.edu.tr\/ticaret-ve-finans-enstitusu\/yuksek-lisans\/uluslararasi-bankacilik-ve-finans-tezsiz-yuksek-lisans-uzaktan-egitim-programi\/\"]}]},{\"@type\":\"BreadcrumbList\",\"@id\":\"https:\/\/ticaret.edu.tr\/ticaret-ve-finans-enstitusu\/yuksek-lisans\/uluslararasi-bankacilik-ve-finans-tezsiz-yuksek-lisans-uzaktan-egitim-programi\/#breadcrumb\",\"itemListElement\":[{\"@type\":\"ListItem\",\"position\":1,\"name\":\"Ana sayfa\",\"item\":\"https:\/\/ticaret.edu.tr\/ticaret-ve-finans-enstitusu\/\"},{\"@type\":\"ListItem\",\"position\":2,\"name\":\"Y\u00fcksek Lisans\",\"item\":\"https:\/\/ticaret.edu.tr\/ticaret-ve-finans-enstitusu\/yuksek-lisans\/\"},{\"@type\":\"ListItem\",\"position\":3,\"name\":\"Uluslararas\u0131 Bankac\u0131l\u0131k ve Finans Tezsiz Y\u00fcksek Lisans Uzaktan E\u011fitim Program\u0131\"}]},{\"@type\":\"WebSite\",\"@id\":\"http:\/\/ticaret.edu.tr\/ticaret-ve-finans-enstitusu\/en\/#website\",\"url\":\"http:\/\/ticaret.edu.tr\/ticaret-ve-finans-enstitusu\/en\/\",\"name\":\"Ticaret ve Finans Enstit\u00fcs\u00fc\",\"description\":\"\",\"potentialAction\":[{\"@type\":\"SearchAction\",\"target\":{\"@type\":\"EntryPoint\",\"urlTemplate\":\"http:\/\/ticaret.edu.tr\/ticaret-ve-finans-enstitusu\/en\/?s={search_term_string}\"},\"query-input\":\"required name=search_term_string\"}],\"inLanguage\":\"tr\"}]}<\/script>\n<!-- \/ Yoast SEO Premium plugin. -->","yoast_head_json":{"title":"Uluslararas\u0131 Bankac\u0131l\u0131k ve Finans Tezsiz Y\u00fcksek Lisans Uzaktan E\u011fitim Program\u0131 - Ticaret ve Finans Enstit\u00fcs\u00fc","description":"Uluslararas\u0131 Bankac\u0131l\u0131k ve Finans Uzaktan E\u011fitim Program\u0131 finans sekt\u00f6r\u00fc profesyonellerinin zaman sorununu ortadan kald\u0131rmay\u0131 hedefler.","robots":{"index":"index","follow":"follow","max-snippet":"max-snippet:-1","max-image-preview":"max-image-preview:large","max-video-preview":"max-video-preview:-1"},"canonical":"https:\/\/ticaret.edu.tr\/ticaret-ve-finans-enstitusu\/yuksek-lisans\/uluslararasi-bankacilik-ve-finans-tezsiz-yuksek-lisans-uzaktan-egitim-programi\/","og_locale":"tr_TR","og_type":"article","og_title":"Uluslararas\u0131 Bankac\u0131l\u0131k ve Finans Tezsiz Y\u00fcksek Lisans Uzaktan E\u011fitim Program\u0131","og_description":"Uluslararas\u0131 Bankac\u0131l\u0131k ve Finans Uzaktan E\u011fitim Program\u0131 finans sekt\u00f6r\u00fc profesyonellerinin zaman sorununu ortadan kald\u0131rmay\u0131 hedefler.","og_url":"https:\/\/ticaret.edu.tr\/ticaret-ve-finans-enstitusu\/yuksek-lisans\/uluslararasi-bankacilik-ve-finans-tezsiz-yuksek-lisans-uzaktan-egitim-programi\/","og_site_name":"Ticaret ve Finans Enstit\u00fcs\u00fc","article_publisher":"https:\/\/www.facebook.com\/ticaretedutr","article_modified_time":"2026-02-10T15:42:46+00:00","og_image":[{"url":"http:\/\/ticaret.edu.tr\/ticaret-ve-finans-enstitusu\/wp-content\/uploads\/sites\/36\/2025\/07\/Ekran-Alintisi-275x300.jpg"}],"twitter_card":"summary_large_image","twitter_site":"@ticaretedutr","twitter_misc":{"Tahmini okuma s\u00fcresi":"3 dakika"},"schema":{"@context":"https:\/\/schema.org","@graph":[{"@type":"WebPage","@id":"https:\/\/ticaret.edu.tr\/ticaret-ve-finans-enstitusu\/yuksek-lisans\/uluslararasi-bankacilik-ve-finans-tezsiz-yuksek-lisans-uzaktan-egitim-programi\/","url":"https:\/\/ticaret.edu.tr\/ticaret-ve-finans-enstitusu\/yuksek-lisans\/uluslararasi-bankacilik-ve-finans-tezsiz-yuksek-lisans-uzaktan-egitim-programi\/","name":"Uluslararas\u0131 Bankac\u0131l\u0131k ve Finans Tezsiz Y\u00fcksek Lisans Uzaktan E\u011fitim Program\u0131 - Ticaret ve Finans Enstit\u00fcs\u00fc","isPartOf":{"@id":"http:\/\/ticaret.edu.tr\/ticaret-ve-finans-enstitusu\/en\/#website"},"datePublished":"2020-05-11T19:32:39+00:00","dateModified":"2026-02-10T15:42:46+00:00","description":"Uluslararas\u0131 Bankac\u0131l\u0131k ve Finans Uzaktan E\u011fitim Program\u0131 finans sekt\u00f6r\u00fc profesyonellerinin zaman sorununu ortadan kald\u0131rmay\u0131 hedefler.","breadcrumb":{"@id":"https:\/\/ticaret.edu.tr\/ticaret-ve-finans-enstitusu\/yuksek-lisans\/uluslararasi-bankacilik-ve-finans-tezsiz-yuksek-lisans-uzaktan-egitim-programi\/#breadcrumb"},"inLanguage":"tr","potentialAction":[{"@type":"ReadAction","target":["https:\/\/ticaret.edu.tr\/ticaret-ve-finans-enstitusu\/yuksek-lisans\/uluslararasi-bankacilik-ve-finans-tezsiz-yuksek-lisans-uzaktan-egitim-programi\/"]}]},{"@type":"BreadcrumbList","@id":"https:\/\/ticaret.edu.tr\/ticaret-ve-finans-enstitusu\/yuksek-lisans\/uluslararasi-bankacilik-ve-finans-tezsiz-yuksek-lisans-uzaktan-egitim-programi\/#breadcrumb","itemListElement":[{"@type":"ListItem","position":1,"name":"Ana sayfa","item":"https:\/\/ticaret.edu.tr\/ticaret-ve-finans-enstitusu\/"},{"@type":"ListItem","position":2,"name":"Y\u00fcksek Lisans","item":"https:\/\/ticaret.edu.tr\/ticaret-ve-finans-enstitusu\/yuksek-lisans\/"},{"@type":"ListItem","position":3,"name":"Uluslararas\u0131 Bankac\u0131l\u0131k ve Finans Tezsiz Y\u00fcksek Lisans Uzaktan E\u011fitim Program\u0131"}]},{"@type":"WebSite","@id":"http:\/\/ticaret.edu.tr\/ticaret-ve-finans-enstitusu\/en\/#website","url":"http:\/\/ticaret.edu.tr\/ticaret-ve-finans-enstitusu\/en\/","name":"Ticaret ve Finans Enstit\u00fcs\u00fc","description":"","potentialAction":[{"@type":"SearchAction","target":{"@type":"EntryPoint","urlTemplate":"http:\/\/ticaret.edu.tr\/ticaret-ve-finans-enstitusu\/en\/?s={search_term_string}"},"query-input":"required name=search_term_string"}],"inLanguage":"tr"}]}},"lang":"tr","translations":{"en":1324,"tr":217},"pll_sync_post":[],"_links":{"self":[{"href":"http:\/\/ticaret.edu.tr\/ticaret-ve-finans-enstitusu\/wp-json\/wp\/v2\/pages\/217"}],"collection":[{"href":"http:\/\/ticaret.edu.tr\/ticaret-ve-finans-enstitusu\/wp-json\/wp\/v2\/pages"}],"about":[{"href":"http:\/\/ticaret.edu.tr\/ticaret-ve-finans-enstitusu\/wp-json\/wp\/v2\/types\/page"}],"author":[{"embeddable":true,"href":"http:\/\/ticaret.edu.tr\/ticaret-ve-finans-enstitusu\/wp-json\/wp\/v2\/users\/92"}],"replies":[{"embeddable":true,"href":"http:\/\/ticaret.edu.tr\/ticaret-ve-finans-enstitusu\/wp-json\/wp\/v2\/comments?post=217"}],"version-history":[{"count":64,"href":"http:\/\/ticaret.edu.tr\/ticaret-ve-finans-enstitusu\/wp-json\/wp\/v2\/pages\/217\/revisions"}],"predecessor-version":[{"id":3304,"href":"http:\/\/ticaret.edu.tr\/ticaret-ve-finans-enstitusu\/wp-json\/wp\/v2\/pages\/217\/revisions\/3304"}],"up":[{"embeddable":true,"href":"http:\/\/ticaret.edu.tr\/ticaret-ve-finans-enstitusu\/wp-json\/wp\/v2\/pages\/10"}],"wp:attachment":[{"href":"http:\/\/ticaret.edu.tr\/ticaret-ve-finans-enstitusu\/wp-json\/wp\/v2\/media?parent=217"}],"curies":[{"name":"wp","href":"https:\/\/api.w.org\/{rel}","templated":true}]}}