{"id":2222,"date":"2024-05-24T16:03:20","date_gmt":"2024-05-24T13:03:20","guid":{"rendered":"https:\/\/ticaret.edu.tr\/finans-enstitusu\/?page_id=2222"},"modified":"2025-11-06T21:25:25","modified_gmt":"2025-11-06T18:25:25","slug":"birim-kalite-komisyonu","status":"publish","type":"page","link":"http:\/\/ticaret.edu.tr\/ticaret-ve-finans-enstitusu\/birim-kalite-komisyonu\/","title":{"rendered":"Birim Kalite Komisyonu"},"content":{"rendered":"<div style=\"max-width: 700px;margin: 30px auto;font-family: Arial, sans-serif\">\n<h4 style=\"border: 1px solid #ddd;border-left: 6px solid #ffc107;border-radius: 8px;padding: 15px 20px;margin-bottom: 15px;background-color: #fdfdfd\"><strong>1. \u00dcye : Do\u00e7. Dr. Gencay Karakaya<\/strong><br \/>\n<span style=\"color: #555\">(Enstit\u00fc M\u00fcd\u00fcr\u00fc, Komisyon Ba\u015fkan\u0131)<\/span><\/h4>\n<h4 style=\"border: 1px solid #ddd;border-left: 6px solid #ffc107;border-radius: 8px;padding: 15px 20px;margin-bottom: 15px;background-color: #fdfdfd\"><strong>2. \u00dcye : Do\u00e7. Dr. Yunus \u00d6zcan<\/strong><br \/>\n<span style=\"color: #555\">(Enstit\u00fc M\u00fcd\u00fcr Yard\u0131mc\u0131s\u0131)<\/span><\/h4>\n<h4 style=\"border: 1px solid #ddd;border-left: 6px solid #ffc107;border-radius: 8px;padding: 15px 20px;margin-bottom: 15px;background-color: #fdfdfd\"><strong>3. \u00dcye : Prof. Dr. Ali Osman G\u00fcrb\u00fcz<\/strong><br \/>\n<span style=\"color: #555\">(Sermaye Piyasas\u0131 Anabilim Dal\u0131 Ba\u015fkan\u0131)<\/span><\/h4>\n<h4 style=\"border: 1px solid #ddd;border-left: 6px solid #ffc107;border-radius: 8px;padding: 15px 20px;margin-bottom: 15px;background-color: #fdfdfd\"><strong>4. \u00dcye : Prof. Dr. Hicabi Ersoy<\/strong><br \/>\n<span style=\"color: #555\">(Bankac\u0131l\u0131k ve Finans Anabilim Dal\u0131 Ba\u015fkan\u0131)<\/span><\/h4>\n<h4 style=\"border: 1px solid #ddd;border-left: 6px solid #ffc107;border-radius: 8px;padding: 15px 20px;margin-bottom: 15px;background-color: #fdfdfd\"><strong>5. \u00dcye : Do\u00e7. Dr. S\u0131tk\u0131 S\u00f6nmezer<\/strong><br \/>\n<span style=\"color: #555\">(Sigorta ve Risk Y\u00f6netimi Anabilim Dal\u0131 Ba\u015fkan\u0131)<\/span><\/h4>\n<h4 style=\"border: 1px solid #ddd;border-left: 6px solid #ffc107;border-radius: 8px;padding: 15px 20px;margin-bottom: 15px;background-color: #fdfdfd\"><strong>6. \u00dcye : Ar\u015f. G\u00f6r. \u015e\u00fcheda Baran<\/strong><br \/>\n<span style=\"color: #555\">(Birim Kalite El\u00e7isi)<\/span><\/h4>\n<h4 style=\"border: 1px solid #ddd;border-left: 6px solid #ffc107;border-radius: 8px;padding: 15px 20px;margin-bottom: 15px;background-color: #fdfdfd\"><strong>7. \u00dcye : Mihriban \u015eenol<\/strong><br \/>\n<span style=\"color: #555\">(Ticaret ve Finans Enstit\u00fcs\u00fc \u0130dari Personeli)<\/span><\/h4>\n<h4 style=\"border: 1px solid #ddd;border-left: 6px solid #ffc107;border-radius: 8px;padding: 15px 20px;margin-bottom: 15px;background-color: #fdfdfd\"><strong>8. \u00dcye : Dilan Kararo\u011flu<\/strong><br \/>\n<span style=\"color: #555\">(Y\u00fcksek Lisans Program\u0131 \u00d6\u011frencisi)<\/span><\/h4>\n<\/div>\n","protected":false},"excerpt":{"rendered":"<p>1. \u00dcye : Do\u00e7. Dr. Gencay Karakaya (Enstit\u00fc M\u00fcd\u00fcr\u00fc, Komisyon Ba\u015fkan\u0131) 2. \u00dcye : Do\u00e7. Dr. Yunus \u00d6zcan (Enstit\u00fc M\u00fcd\u00fcr Yard\u0131mc\u0131s\u0131) 3. \u00dcye : Prof. Dr. Ali Osman G\u00fcrb\u00fcz (Sermaye Piyasas\u0131 Anabilim Dal\u0131 Ba\u015fkan\u0131) 4. \u00dcye : Prof. Dr. Hicabi Ersoy (Bankac\u0131l\u0131k ve Finans Anabilim Dal\u0131 Ba\u015fkan\u0131) 5. \u00dcye : Do\u00e7. Dr. S\u0131tk\u0131 S\u00f6nmezer (Sigorta [&hellip;]<\/p>\n","protected":false},"author":92,"featured_media":0,"parent":0,"menu_order":0,"comment_status":"closed","ping_status":"closed","template":"genel_sayfa.php","meta":{"footnotes":""},"yoast_head":"<!-- This site is optimized with the Yoast SEO Premium plugin v22.1 (Yoast SEO v22.1) - https:\/\/yoast.com\/wordpress\/plugins\/seo\/ -->\n<title>Birim Kalite Komisyonu - Ticaret ve Finans Enstit\u00fcs\u00fc<\/title>\n<meta name=\"robots\" content=\"index, follow, max-snippet:-1, max-image-preview:large, max-video-preview:-1\" \/>\n<link rel=\"canonical\" href=\"https:\/\/ticaret.edu.tr\/ticaret-ve-finans-enstitusu\/birim-kalite-komisyonu\/\" \/>\n<meta property=\"og:locale\" content=\"tr_TR\" \/>\n<meta property=\"og:type\" content=\"article\" \/>\n<meta property=\"og:title\" content=\"Birim Kalite Komisyonu\" \/>\n<meta property=\"og:description\" content=\"1. \u00dcye : Do\u00e7. Dr. Gencay Karakaya (Enstit\u00fc M\u00fcd\u00fcr\u00fc, Komisyon Ba\u015fkan\u0131) 2. \u00dcye : Do\u00e7. Dr. Yunus \u00d6zcan (Enstit\u00fc M\u00fcd\u00fcr Yard\u0131mc\u0131s\u0131) 3. \u00dcye : Prof. Dr. Ali Osman G\u00fcrb\u00fcz (Sermaye Piyasas\u0131 Anabilim Dal\u0131 Ba\u015fkan\u0131) 4. \u00dcye : Prof. Dr. Hicabi Ersoy (Bankac\u0131l\u0131k ve Finans Anabilim Dal\u0131 Ba\u015fkan\u0131) 5. \u00dcye : Do\u00e7. Dr. S\u0131tk\u0131 S\u00f6nmezer (Sigorta [&hellip;]\" \/>\n<meta property=\"og:url\" content=\"https:\/\/ticaret.edu.tr\/ticaret-ve-finans-enstitusu\/birim-kalite-komisyonu\/\" \/>\n<meta property=\"og:site_name\" content=\"Ticaret ve Finans Enstit\u00fcs\u00fc\" \/>\n<meta property=\"article:publisher\" content=\"https:\/\/www.facebook.com\/ticaretedutr\" \/>\n<meta property=\"article:modified_time\" content=\"2025-11-06T18:25:25+00:00\" \/>\n<meta property=\"og:image\" content=\"http:\/\/ticaret.edu.tr\/ticaret-ve-finans-enstitusu\/wp-content\/uploads\/sites\/36\/2021\/11\/web_logo-01.jpg\" \/>\n\t<meta property=\"og:image:width\" content=\"1250\" \/>\n\t<meta property=\"og:image:height\" content=\"833\" \/>\n\t<meta property=\"og:image:type\" content=\"image\/jpeg\" \/>\n<meta name=\"twitter:card\" content=\"summary_large_image\" \/>\n<meta name=\"twitter:site\" content=\"@ticaretedutr\" \/>\n<meta name=\"twitter:label1\" content=\"Tahmini okuma s\u00fcresi\" \/>\n\t<meta name=\"twitter:data1\" content=\"1 dakika\" \/>\n<script type=\"application\/ld+json\" class=\"yoast-schema-graph\">{\"@context\":\"https:\/\/schema.org\",\"@graph\":[{\"@type\":\"WebPage\",\"@id\":\"https:\/\/ticaret.edu.tr\/ticaret-ve-finans-enstitusu\/birim-kalite-komisyonu\/\",\"url\":\"https:\/\/ticaret.edu.tr\/ticaret-ve-finans-enstitusu\/birim-kalite-komisyonu\/\",\"name\":\"Birim Kalite Komisyonu - Ticaret ve Finans Enstit\u00fcs\u00fc\",\"isPartOf\":{\"@id\":\"https:\/\/ticaret.edu.tr\/ticaret-ve-finans-enstitusu\/#website\"},\"datePublished\":\"2024-05-24T13:03:20+00:00\",\"dateModified\":\"2025-11-06T18:25:25+00:00\",\"breadcrumb\":{\"@id\":\"https:\/\/ticaret.edu.tr\/ticaret-ve-finans-enstitusu\/birim-kalite-komisyonu\/#breadcrumb\"},\"inLanguage\":\"tr\",\"potentialAction\":[{\"@type\":\"ReadAction\",\"target\":[\"https:\/\/ticaret.edu.tr\/ticaret-ve-finans-enstitusu\/birim-kalite-komisyonu\/\"]}]},{\"@type\":\"BreadcrumbList\",\"@id\":\"https:\/\/ticaret.edu.tr\/ticaret-ve-finans-enstitusu\/birim-kalite-komisyonu\/#breadcrumb\",\"itemListElement\":[{\"@type\":\"ListItem\",\"position\":1,\"name\":\"Ana sayfa\",\"item\":\"https:\/\/ticaret.edu.tr\/ticaret-ve-finans-enstitusu\/\"},{\"@type\":\"ListItem\",\"position\":2,\"name\":\"Birim Kalite Komisyonu\"}]},{\"@type\":\"WebSite\",\"@id\":\"https:\/\/ticaret.edu.tr\/ticaret-ve-finans-enstitusu\/#website\",\"url\":\"https:\/\/ticaret.edu.tr\/ticaret-ve-finans-enstitusu\/\",\"name\":\"Ticaret ve Finans Enstit\u00fcs\u00fc\",\"description\":\"\",\"potentialAction\":[{\"@type\":\"SearchAction\",\"target\":{\"@type\":\"EntryPoint\",\"urlTemplate\":\"https:\/\/ticaret.edu.tr\/ticaret-ve-finans-enstitusu\/?s={search_term_string}\"},\"query-input\":\"required name=search_term_string\"}],\"inLanguage\":\"tr\"}]}<\/script>\n<!-- \/ Yoast SEO Premium plugin. -->","yoast_head_json":{"title":"Birim Kalite Komisyonu - Ticaret ve Finans Enstit\u00fcs\u00fc","robots":{"index":"index","follow":"follow","max-snippet":"max-snippet:-1","max-image-preview":"max-image-preview:large","max-video-preview":"max-video-preview:-1"},"canonical":"https:\/\/ticaret.edu.tr\/ticaret-ve-finans-enstitusu\/birim-kalite-komisyonu\/","og_locale":"tr_TR","og_type":"article","og_title":"Birim Kalite Komisyonu","og_description":"1. \u00dcye : Do\u00e7. Dr. Gencay Karakaya (Enstit\u00fc M\u00fcd\u00fcr\u00fc, Komisyon Ba\u015fkan\u0131) 2. \u00dcye : Do\u00e7. Dr. Yunus \u00d6zcan (Enstit\u00fc M\u00fcd\u00fcr Yard\u0131mc\u0131s\u0131) 3. \u00dcye : Prof. Dr. Ali Osman G\u00fcrb\u00fcz (Sermaye Piyasas\u0131 Anabilim Dal\u0131 Ba\u015fkan\u0131) 4. \u00dcye : Prof. Dr. Hicabi Ersoy (Bankac\u0131l\u0131k ve Finans Anabilim Dal\u0131 Ba\u015fkan\u0131) 5. \u00dcye : Do\u00e7. Dr. S\u0131tk\u0131 S\u00f6nmezer (Sigorta [&hellip;]","og_url":"https:\/\/ticaret.edu.tr\/ticaret-ve-finans-enstitusu\/birim-kalite-komisyonu\/","og_site_name":"Ticaret ve Finans Enstit\u00fcs\u00fc","article_publisher":"https:\/\/www.facebook.com\/ticaretedutr","article_modified_time":"2025-11-06T18:25:25+00:00","og_image":[{"width":1250,"height":833,"url":"http:\/\/ticaret.edu.tr\/ticaret-ve-finans-enstitusu\/wp-content\/uploads\/sites\/36\/2021\/11\/web_logo-01.jpg","type":"image\/jpeg"}],"twitter_card":"summary_large_image","twitter_site":"@ticaretedutr","twitter_misc":{"Tahmini okuma s\u00fcresi":"1 dakika"},"schema":{"@context":"https:\/\/schema.org","@graph":[{"@type":"WebPage","@id":"https:\/\/ticaret.edu.tr\/ticaret-ve-finans-enstitusu\/birim-kalite-komisyonu\/","url":"https:\/\/ticaret.edu.tr\/ticaret-ve-finans-enstitusu\/birim-kalite-komisyonu\/","name":"Birim Kalite Komisyonu - Ticaret ve Finans Enstit\u00fcs\u00fc","isPartOf":{"@id":"https:\/\/ticaret.edu.tr\/ticaret-ve-finans-enstitusu\/#website"},"datePublished":"2024-05-24T13:03:20+00:00","dateModified":"2025-11-06T18:25:25+00:00","breadcrumb":{"@id":"https:\/\/ticaret.edu.tr\/ticaret-ve-finans-enstitusu\/birim-kalite-komisyonu\/#breadcrumb"},"inLanguage":"tr","potentialAction":[{"@type":"ReadAction","target":["https:\/\/ticaret.edu.tr\/ticaret-ve-finans-enstitusu\/birim-kalite-komisyonu\/"]}]},{"@type":"BreadcrumbList","@id":"https:\/\/ticaret.edu.tr\/ticaret-ve-finans-enstitusu\/birim-kalite-komisyonu\/#breadcrumb","itemListElement":[{"@type":"ListItem","position":1,"name":"Ana sayfa","item":"https:\/\/ticaret.edu.tr\/ticaret-ve-finans-enstitusu\/"},{"@type":"ListItem","position":2,"name":"Birim Kalite Komisyonu"}]},{"@type":"WebSite","@id":"https:\/\/ticaret.edu.tr\/ticaret-ve-finans-enstitusu\/#website","url":"https:\/\/ticaret.edu.tr\/ticaret-ve-finans-enstitusu\/","name":"Ticaret ve Finans Enstit\u00fcs\u00fc","description":"","potentialAction":[{"@type":"SearchAction","target":{"@type":"EntryPoint","urlTemplate":"https:\/\/ticaret.edu.tr\/ticaret-ve-finans-enstitusu\/?s={search_term_string}"},"query-input":"required name=search_term_string"}],"inLanguage":"tr"}]}},"lang":"tr","translations":{"tr":2222},"pll_sync_post":[],"_links":{"self":[{"href":"http:\/\/ticaret.edu.tr\/ticaret-ve-finans-enstitusu\/wp-json\/wp\/v2\/pages\/2222"}],"collection":[{"href":"http:\/\/ticaret.edu.tr\/ticaret-ve-finans-enstitusu\/wp-json\/wp\/v2\/pages"}],"about":[{"href":"http:\/\/ticaret.edu.tr\/ticaret-ve-finans-enstitusu\/wp-json\/wp\/v2\/types\/page"}],"author":[{"embeddable":true,"href":"http:\/\/ticaret.edu.tr\/ticaret-ve-finans-enstitusu\/wp-json\/wp\/v2\/users\/92"}],"replies":[{"embeddable":true,"href":"http:\/\/ticaret.edu.tr\/ticaret-ve-finans-enstitusu\/wp-json\/wp\/v2\/comments?post=2222"}],"version-history":[{"count":11,"href":"http:\/\/ticaret.edu.tr\/ticaret-ve-finans-enstitusu\/wp-json\/wp\/v2\/pages\/2222\/revisions"}],"predecessor-version":[{"id":3039,"href":"http:\/\/ticaret.edu.tr\/ticaret-ve-finans-enstitusu\/wp-json\/wp\/v2\/pages\/2222\/revisions\/3039"}],"wp:attachment":[{"href":"http:\/\/ticaret.edu.tr\/ticaret-ve-finans-enstitusu\/wp-json\/wp\/v2\/media?parent=2222"}],"curies":[{"name":"wp","href":"https:\/\/api.w.org\/{rel}","templated":true}]}}