{"id":2226,"date":"2024-05-24T16:03:25","date_gmt":"2024-05-24T13:03:25","guid":{"rendered":"https:\/\/ticaret.edu.tr\/finans-enstitusu\/?page_id=2226"},"modified":"2026-02-03T11:04:32","modified_gmt":"2026-02-03T08:04:32","slug":"birim-kalite-elcileri","status":"publish","type":"page","link":"http:\/\/ticaret.edu.tr\/ticaret-ve-finans-enstitusu\/birim-kalite-elcileri\/","title":{"rendered":"Birim Kalite El\u00e7ileri"},"content":{"rendered":"<div style=\"max-width: 1100px;margin: 40px auto;font-family: 'Segoe UI', Tahoma, sans-serif;padding: 30px;background-color: #fff;border-radius: 12px;line-height: 1.7;color: #333;text-align: justify\">\n<div style=\"border-left: 6px solid #ffc107;padding-left: 16px;margin-bottom: 24px\">Birim Kalite El\u00e7isi kendi birimindeki kalite g\u00fcvencesi faaliyetlerini, toplant\u0131lar\u0131, s\u00fcre\u00e7leri ve PUK\u00d6 d\u00f6ng\u00fcs\u00fcn\u00fc izlemek, birimiyle ilgili web sayfas\u0131ndaki T\u00fcrk\u00e7e ve \u0130ngilizce bilgileri, g\u00fcncellemeleri haz\u0131rlamak, izlemek ve web sayfas\u0131n\u0131n \u015feffaf bir \u015fekilde kalmas\u0131n\u0131 sa\u011flamak, payda\u015flardan gelen bilgi, \u00f6neri veya \u015fik\u00e2yetleri derlemek, birimde ger\u00e7ekle\u015fen b\u00fct\u00fcn s\u00fcre\u00e7lerde PUK\u00d6 d\u00f6ng\u00fcs\u00fcn\u00fcn kapan\u0131p kapanmad\u0131\u011f\u0131n\u0131 izlemek, eksikleri belirlemek, tan\u0131mlanm\u0131\u015f \u015fablona g\u00f6re haz\u0131rlad\u0131\u011f\u0131 e-raporu ba\u011fl\u0131 bulundu\u011fu Birim Kalite Ba\u015fkan\u0131na sunmak, Birim Kalite Komisyonu toplant\u0131s\u0131na davet edildi\u011fi zaman kat\u0131lmak yetki ve sorumlulu\u011funa sahiptir.<\/div>\n<h2 style=\"color: #1a1a1a;margin-top: 40px;margin-bottom: 20px;border-bottom: 2px solid #ffc107;padding-bottom: 6px\"><\/h2>\n<p><!-- \u0130lk tablo --><\/p>\n<table style=\"width: 100%;border-collapse: separate;border-spacing: 0;margin-bottom: 30px;border-radius: 12px;overflow: hidden;font-size: 14px\">\n<tbody>\n<tr style=\"background-color: #fff\">\n<td style=\"padding: 14px 16px;font-weight: bold;border-bottom: 1px solid #eee;width: 45%\">Enstit\u00fc M\u00fcd\u00fcr\u00fc<\/td>\n<td style=\"padding: 14px 16px;border-bottom: 1px solid #eee\">Do\u00e7. Dr. Gencay Karakaya<\/td>\n<\/tr>\n<tr style=\"background-color: #f9f9f9\">\n<td style=\"padding: 14px 16px;font-weight: bold;border-bottom: 1px solid #eee\">Enstit\u00fc M\u00fcd\u00fcr Yard\u0131mc\u0131s\u0131<\/td>\n<td style=\"padding: 14px 16px;border-bottom: 1px solid #eee\">Do\u00e7. Dr. Yunus \u00d6zcan<\/td>\n<\/tr>\n<tr style=\"background-color: #fff\">\n<td style=\"padding: 14px 16px;font-weight: bold;border-bottom: 1px solid #eee\">Sermaye Piyasas\u0131 ABD<\/td>\n<td style=\"padding: 14px 16px;border-bottom: 1px solid #eee\">Prof. Dr. Ali Osman G\u00fcrb\u00fcz<\/td>\n<\/tr>\n<tr style=\"background-color: #f9f9f9\">\n<td style=\"padding: 14px 16px;font-weight: bold;border-bottom: 1px solid #eee\">Bankac\u0131l\u0131k ABD &#8211; Finans ABD<\/td>\n<td style=\"padding: 14px 16px;border-bottom: 1px solid #eee\">Prof. Dr. Hicabi Ersoy<\/td>\n<\/tr>\n<tr style=\"background-color: #fff\">\n<td style=\"padding: 14px 16px;font-weight: bold\">Sigorta ve Risk Y\u00f6netimi ABD<\/td>\n<td style=\"padding: 14px 16px\">Do\u00e7. Dr. S\u0131tk\u0131 S\u00f6nmezer<\/td>\n<\/tr>\n<\/tbody>\n<\/table>\n<p><strong>ULUSLARARASI BANKACILIK VE F\u0130NANS TEZL\u0130 \u2013 TEZS\u0130Z Y\u00dcKSEK L\u0130SANS PROGRAM<\/strong><\/p>\n<table style=\"width: 100%;border-collapse: separate;border-spacing: 0;margin-bottom: 30px;border-radius: 12px;overflow: hidden;font-size: 14px\">\n<tbody>\n<tr style=\"background-color: #fff\">\n<td style=\"padding: 14px 16px;font-weight: bold;border-bottom: 1px solid #eee;width: 45%\">Prof. Dr. Hicabi Ersoy<\/td>\n<td style=\"padding: 14px 16px;border-bottom: 1px solid #eee\">Anabilim Dal\u0131 Ba\u015fkan\u0131<\/td>\n<\/tr>\n<tr style=\"background-color: #f9f9f9\">\n<td style=\"padding: 14px 16px;font-weight: bold;border-bottom: 1px solid #eee\">Do\u00e7. Dr. S\u0131tk\u0131 S\u00f6nmezer<\/td>\n<td style=\"padding: 14px 16px;border-bottom: 1px solid #eee\">Se\u00e7ilmi\u015f \u00dcye<\/td>\n<\/tr>\n<tr style=\"background-color: #fff\">\n<td style=\"padding: 14px 16px;font-weight: bold;border-bottom: 1px solid #eee\">Ar\u015f. G\u00f6r. \u015e\u00fcheda Baran<\/td>\n<td style=\"padding: 14px 16px;border-bottom: 1px solid #eee\">Kalite El\u00e7isi<\/td>\n<\/tr>\n<tr style=\"background-color: #f9f9f9\">\n<td style=\"padding: 14px 16px;font-weight: bold;border-bottom: 1px solid #eee\">Sevim Velipa\u015fao\u011flu<\/td>\n<td style=\"padding: 14px 16px;border-bottom: 1px solid #eee\">\u00d6\u011frenci Temsilcisi<\/td>\n<\/tr>\n<\/tbody>\n<\/table>\n<p><strong>ULUSLARARASI BANKACILIK VE F\u0130NANS UZAKTAN \u00d6\u011eRET\u0130M TEZS\u0130Z Y\u00dcKSEK L\u0130SANS PROGRAMI<\/strong><\/p>\n<table style=\"width: 100%;border-collapse: separate;border-spacing: 0;margin-bottom: 30px;border-radius: 12px;overflow: hidden;font-size: 14px\">\n<tbody>\n<tr style=\"background-color: #fff\">\n<td style=\"padding: 14px 16px;font-weight: bold;border-bottom: 1px solid #eee;width: 45%\">Prof. Dr. Hicabi Ersoy<\/td>\n<td style=\"padding: 14px 16px;border-bottom: 1px solid #eee\">Anabilim Dal\u0131 Ba\u015fkan\u0131<\/td>\n<\/tr>\n<tr style=\"background-color: #f9f9f9\">\n<td style=\"padding: 14px 16px;font-weight: bold;border-bottom: 1px solid #eee\">Do\u00e7. Dr. S\u0131tk\u0131 S\u00f6nmezer<\/td>\n<td style=\"padding: 14px 16px;border-bottom: 1px solid #eee\">Se\u00e7ilmi\u015f \u00dcye<\/td>\n<\/tr>\n<tr style=\"background-color: #fff\">\n<td style=\"padding: 14px 16px;font-weight: bold;border-bottom: 1px solid #eee\">Ar\u015f. G\u00f6r. Dr. \u015e\u00fcheda Baran<\/td>\n<td style=\"padding: 14px 16px;border-bottom: 1px solid #eee\">Kalite El\u00e7isi<\/td>\n<\/tr>\n<tr style=\"background-color: #f9f9f9\">\n<td style=\"padding: 14px 16px;font-weight: bold;border-bottom: 1px solid #eee\">Serdar Y\u0131lmaz<\/td>\n<td style=\"padding: 14px 16px;border-bottom: 1px solid #eee\">\u00d6\u011frenci Temsilcisi<\/td>\n<\/tr>\n<\/tbody>\n<\/table>\n<p><strong>ULUSLARARASI F\u0130NANS (\u0130NG\u0130L\u0130ZCE) TEZL\u0130 \u2013 TEZS\u0130Z Y\u00dcKSEK L\u0130SANS PROGRAMI<\/strong><\/p>\n<table style=\"width: 100%;border-collapse: separate;border-spacing: 0;margin-bottom: 30px;border-radius: 12px;overflow: hidden;font-size: 14px\">\n<tbody>\n<tr style=\"background-color: #fff\">\n<td style=\"padding: 14px 16px;font-weight: bold;border-bottom: 1px solid #eee;width: 45%\">Prof. Dr. Hicabi Ersoy<\/td>\n<td style=\"padding: 14px 16px;border-bottom: 1px solid #eee\">Anabilim Dal\u0131 Ba\u015fkan\u0131<\/td>\n<\/tr>\n<tr style=\"background-color: #f9f9f9\">\n<td style=\"padding: 14px 16px;font-weight: bold;border-bottom: 1px solid #eee\">Prof. Dr. Recep Bildik<\/td>\n<td style=\"padding: 14px 16px;border-bottom: 1px solid #eee\">Se\u00e7ilmi\u015f \u00dcye<\/td>\n<\/tr>\n<tr style=\"background-color: #fff\">\n<td style=\"padding: 14px 16px;font-weight: bold;border-bottom: 1px solid #eee\">Ar\u015f. G\u00f6r. Dr. \u015e\u00fcheda Baran<\/td>\n<td style=\"padding: 14px 16px;border-bottom: 1px solid #eee\">Kalite El\u00e7isi<\/td>\n<\/tr>\n<tr style=\"background-color: #f9f9f9\">\n<td style=\"padding: 14px 16px;font-weight: bold;border-bottom: 1px solid #eee\">Yassine El Majdoubi<\/td>\n<td style=\"padding: 14px 16px;border-bottom: 1px solid #eee\">\u00d6\u011frenci Temsilcisi<\/td>\n<\/tr>\n<\/tbody>\n<\/table>\n<p><strong>SERMAYE P\u0130YASASI TEZL\u0130 \u2013 TEZS\u0130Z Y\u00dcKSEK L\u0130SANS PROGRAMI<\/strong><\/p>\n<table style=\"width: 100%;border-collapse: separate;border-spacing: 0;margin-bottom: 30px;border-radius: 12px;overflow: hidden;font-size: 14px\">\n<tbody>\n<tr style=\"background-color: #fff\">\n<td style=\"padding: 14px 16px;font-weight: bold;border-bottom: 1px solid #eee;width: 45%\">Prof. Dr. Ali Osman G\u00fcrb\u00fcz<\/td>\n<td style=\"padding: 14px 16px;border-bottom: 1px solid #eee\">Anabilim Dal\u0131 Ba\u015fkan\u0131<\/td>\n<\/tr>\n<tr style=\"background-color: #f9f9f9\">\n<td style=\"padding: 14px 16px;font-weight: bold;border-bottom: 1px solid #eee\">Prof. Dr. Hicabi Ersoy<\/td>\n<td style=\"padding: 14px 16px;border-bottom: 1px solid #eee\">Se\u00e7ilmi\u015f \u00dcye<\/td>\n<\/tr>\n<tr style=\"background-color: #fff\">\n<td style=\"padding: 14px 16px;font-weight: bold;border-bottom: 1px solid #eee\">Ar\u015f. G\u00f6r. Dr. \u015e\u00fcheda Baran<\/td>\n<td style=\"padding: 14px 16px;border-bottom: 1px solid #eee\">Kalite El\u00e7isi<\/td>\n<\/tr>\n<tr style=\"background-color: #f9f9f9\">\n<td style=\"padding: 14px 16px;font-weight: bold;border-bottom: 1px solid #eee\">Kaan Y\u0131ld\u0131r\u0131m<\/td>\n<td style=\"padding: 14px 16px;border-bottom: 1px solid #eee\">\u00d6\u011frenci Temsilcisi<\/td>\n<\/tr>\n<\/tbody>\n<\/table>\n<p><strong>F\u0130NANSAL EKONOM\u0130 DOKTORA PROGRAMI<\/strong><\/p>\n<table style=\"width: 100%;border-collapse: separate;border-spacing: 0;margin-bottom: 30px;border-radius: 12px;overflow: hidden;font-size: 14px\">\n<tbody>\n<tr style=\"background-color: #fff\">\n<td style=\"padding: 14px 16px;font-weight: bold;border-bottom: 1px solid #eee;width: 45%\">Prof. Dr. Hicabi Ersoy<\/td>\n<td style=\"padding: 14px 16px;border-bottom: 1px solid #eee\">Anabilim Dal\u0131 Ba\u015fkan\u0131<\/td>\n<\/tr>\n<tr style=\"background-color: #f9f9f9\">\n<td style=\"padding: 14px 16px;font-weight: bold;border-bottom: 1px solid #eee\">Prof. Dr. Recep Bildik<\/td>\n<td style=\"padding: 14px 16px;border-bottom: 1px solid #eee\">Se\u00e7ilmi\u015f \u00dcye<\/td>\n<\/tr>\n<tr style=\"background-color: #fff\">\n<td style=\"padding: 14px 16px;font-weight: bold;border-bottom: 1px solid #eee\">Ar\u015f. G\u00f6r. Dr. \u015e\u00fcheda Baran<\/td>\n<td style=\"padding: 14px 16px;border-bottom: 1px solid #eee\">Kalite El\u00e7isi<\/td>\n<\/tr>\n<tr style=\"background-color: #f9f9f9\">\n<td style=\"padding: 14px 16px;font-weight: bold;border-bottom: 1px solid #eee\">Ay\u00e7a Turan<\/td>\n<td style=\"padding: 14px 16px;border-bottom: 1px solid #eee\">\u00d6\u011frenci Temsilcisi<\/td>\n<\/tr>\n<\/tbody>\n<\/table>\n<p><strong>BANKACILIK DOKTORA PROGRAMI<\/strong><\/p>\n<table style=\"width: 100%;border-collapse: separate;border-spacing: 0;margin-bottom: 30px;border-radius: 12px;overflow: hidden;font-size: 14px\">\n<tbody>\n<tr style=\"background-color: #fff\">\n<td style=\"padding: 14px 16px;font-weight: bold;border-bottom: 1px solid #eee;width: 45%\">Prof. Dr. Hicabi Ersoy<\/td>\n<td style=\"padding: 14px 16px;border-bottom: 1px solid #eee\">Anabilim Dal\u0131 Ba\u015fkan\u0131<\/td>\n<\/tr>\n<tr style=\"background-color: #f9f9f9\">\n<td style=\"padding: 14px 16px;font-weight: bold;border-bottom: 1px solid #eee\">Prof. Dr. Ali Osman G\u00fcrb\u00fcz<\/td>\n<td style=\"padding: 14px 16px;border-bottom: 1px solid #eee\">Se\u00e7ilmi\u015f \u00dcye<\/td>\n<\/tr>\n<tr style=\"background-color: #fff\">\n<td style=\"padding: 14px 16px;font-weight: bold;border-bottom: 1px solid #eee\">Ar\u015f. G\u00f6r. Dr. \u015e\u00fcheda Baran<\/td>\n<td style=\"padding: 14px 16px;border-bottom: 1px solid #eee\">Kalite El\u00e7isi<\/td>\n<\/tr>\n<tr style=\"background-color: #f9f9f9\">\n<td style=\"padding: 14px 16px;font-weight: bold;border-bottom: 1px solid #eee\">Muzaffer G\u00f6khan Song\u00fcl<\/td>\n<td style=\"padding: 14px 16px;border-bottom: 1px solid #eee\">\u00d6\u011frenci Temsilcisi<\/td>\n<\/tr>\n<\/tbody>\n<\/table>\n<p><strong>S\u0130GORTA VE R\u0130SK Y\u00d6NET\u0130M\u0130 DOKTORA PROGRAMI<\/strong><\/p>\n<table style=\"width: 100%;border-collapse: separate;border-spacing: 0;margin-bottom: 30px;border-radius: 12px;overflow: hidden;font-size: 14px\">\n<tbody>\n<tr style=\"background-color: #fff\">\n<td style=\"padding: 14px 16px;font-weight: bold;border-bottom: 1px solid #eee;width: 45%\">Do\u00e7. Dr. S\u0131tk\u0131 S\u00f6nmezer<\/td>\n<td style=\"padding: 14px 16px;border-bottom: 1px solid #eee\">Anabilim Dal\u0131 Ba\u015fkan\u0131<\/td>\n<\/tr>\n<tr style=\"background-color: #f9f9f9\">\n<td style=\"padding: 14px 16px;font-weight: bold;border-bottom: 1px solid #eee\">Prof. Dr. Ali Osman G\u00fcrb\u00fcz<\/td>\n<td style=\"padding: 14px 16px;border-bottom: 1px solid #eee\">Se\u00e7ilmi\u015f \u00dcye<\/td>\n<\/tr>\n<tr style=\"background-color: #fff\">\n<td style=\"padding: 14px 16px;font-weight: bold;border-bottom: 1px solid #eee\">Ar\u015f. G\u00f6r. Dr. \u015e\u00fcheda Baran<\/td>\n<td style=\"padding: 14px 16px;border-bottom: 1px solid #eee\">Kalite El\u00e7isi<\/td>\n<\/tr>\n<tr style=\"background-color: #f9f9f9\">\n<td style=\"padding: 14px 16px;font-weight: bold;border-bottom: 1px solid #eee\">Orhan \u0130\u015fler<\/td>\n<td style=\"padding: 14px 16px;border-bottom: 1px solid #eee\">\u00d6\u011frenci Temsilcisi<\/td>\n<\/tr>\n<\/tbody>\n<\/table>\n<\/div>\n","protected":false},"excerpt":{"rendered":"<p>Birim Kalite El\u00e7isi kendi birimindeki kalite g\u00fcvencesi faaliyetlerini, toplant\u0131lar\u0131, s\u00fcre\u00e7leri ve PUK\u00d6 d\u00f6ng\u00fcs\u00fcn\u00fc izlemek, birimiyle ilgili web sayfas\u0131ndaki T\u00fcrk\u00e7e ve \u0130ngilizce bilgileri, g\u00fcncellemeleri haz\u0131rlamak, izlemek ve web sayfas\u0131n\u0131n \u015feffaf bir \u015fekilde kalmas\u0131n\u0131 sa\u011flamak, payda\u015flardan gelen bilgi, \u00f6neri veya \u015fik\u00e2yetleri derlemek, birimde ger\u00e7ekle\u015fen b\u00fct\u00fcn s\u00fcre\u00e7lerde PUK\u00d6 d\u00f6ng\u00fcs\u00fcn\u00fcn kapan\u0131p kapanmad\u0131\u011f\u0131n\u0131 izlemek, eksikleri belirlemek, tan\u0131mlanm\u0131\u015f \u015fablona g\u00f6re haz\u0131rlad\u0131\u011f\u0131 [&hellip;]<\/p>\n","protected":false},"author":92,"featured_media":0,"parent":0,"menu_order":0,"comment_status":"closed","ping_status":"closed","template":"genel_sayfa.php","meta":{"footnotes":""},"yoast_head":"<!-- This site is optimized with the Yoast SEO Premium plugin v22.1 (Yoast SEO v22.1) - https:\/\/yoast.com\/wordpress\/plugins\/seo\/ -->\n<title>Birim Kalite El\u00e7ileri - Ticaret ve Finans Enstit\u00fcs\u00fc<\/title>\n<meta name=\"robots\" content=\"index, follow, max-snippet:-1, max-image-preview:large, max-video-preview:-1\" \/>\n<link rel=\"canonical\" href=\"http:\/\/ticaret.edu.tr\/ticaret-ve-finans-enstitusu\/birim-kalite-elcileri\/\" \/>\n<meta property=\"og:locale\" content=\"tr_TR\" \/>\n<meta property=\"og:type\" content=\"article\" \/>\n<meta property=\"og:title\" content=\"Birim Kalite El\u00e7ileri\" \/>\n<meta property=\"og:description\" content=\"Birim Kalite El\u00e7isi kendi birimindeki kalite g\u00fcvencesi faaliyetlerini, toplant\u0131lar\u0131, s\u00fcre\u00e7leri ve PUK\u00d6 d\u00f6ng\u00fcs\u00fcn\u00fc izlemek, birimiyle ilgili web sayfas\u0131ndaki T\u00fcrk\u00e7e ve \u0130ngilizce bilgileri, g\u00fcncellemeleri haz\u0131rlamak, izlemek ve web sayfas\u0131n\u0131n \u015feffaf bir \u015fekilde kalmas\u0131n\u0131 sa\u011flamak, payda\u015flardan gelen bilgi, \u00f6neri veya \u015fik\u00e2yetleri derlemek, birimde ger\u00e7ekle\u015fen b\u00fct\u00fcn s\u00fcre\u00e7lerde PUK\u00d6 d\u00f6ng\u00fcs\u00fcn\u00fcn kapan\u0131p kapanmad\u0131\u011f\u0131n\u0131 izlemek, eksikleri belirlemek, tan\u0131mlanm\u0131\u015f \u015fablona g\u00f6re haz\u0131rlad\u0131\u011f\u0131 [&hellip;]\" \/>\n<meta property=\"og:url\" content=\"http:\/\/ticaret.edu.tr\/ticaret-ve-finans-enstitusu\/birim-kalite-elcileri\/\" \/>\n<meta property=\"og:site_name\" content=\"Ticaret ve Finans Enstit\u00fcs\u00fc\" \/>\n<meta property=\"article:publisher\" content=\"https:\/\/www.facebook.com\/ticaretedutr\" \/>\n<meta property=\"article:modified_time\" content=\"2026-02-03T08:04:32+00:00\" \/>\n<meta property=\"og:image\" content=\"http:\/\/ticaret.edu.tr\/ticaret-ve-finans-enstitusu\/wp-content\/uploads\/sites\/36\/2021\/11\/web_logo-01.jpg\" \/>\n\t<meta property=\"og:image:width\" content=\"1250\" \/>\n\t<meta property=\"og:image:height\" content=\"833\" \/>\n\t<meta property=\"og:image:type\" content=\"image\/jpeg\" \/>\n<meta name=\"twitter:card\" content=\"summary_large_image\" \/>\n<meta name=\"twitter:site\" content=\"@ticaretedutr\" \/>\n<meta name=\"twitter:label1\" content=\"Tahmini okuma s\u00fcresi\" \/>\n\t<meta name=\"twitter:data1\" content=\"2 dakika\" \/>\n<script type=\"application\/ld+json\" class=\"yoast-schema-graph\">{\"@context\":\"https:\/\/schema.org\",\"@graph\":[{\"@type\":\"WebPage\",\"@id\":\"http:\/\/ticaret.edu.tr\/ticaret-ve-finans-enstitusu\/birim-kalite-elcileri\/\",\"url\":\"http:\/\/ticaret.edu.tr\/ticaret-ve-finans-enstitusu\/birim-kalite-elcileri\/\",\"name\":\"Birim Kalite El\u00e7ileri - Ticaret ve Finans Enstit\u00fcs\u00fc\",\"isPartOf\":{\"@id\":\"https:\/\/ticaret.edu.tr\/ticaret-ve-finans-enstitusu\/#website\"},\"datePublished\":\"2024-05-24T13:03:25+00:00\",\"dateModified\":\"2026-02-03T08:04:32+00:00\",\"breadcrumb\":{\"@id\":\"http:\/\/ticaret.edu.tr\/ticaret-ve-finans-enstitusu\/birim-kalite-elcileri\/#breadcrumb\"},\"inLanguage\":\"tr\",\"potentialAction\":[{\"@type\":\"ReadAction\",\"target\":[\"http:\/\/ticaret.edu.tr\/ticaret-ve-finans-enstitusu\/birim-kalite-elcileri\/\"]}]},{\"@type\":\"BreadcrumbList\",\"@id\":\"http:\/\/ticaret.edu.tr\/ticaret-ve-finans-enstitusu\/birim-kalite-elcileri\/#breadcrumb\",\"itemListElement\":[{\"@type\":\"ListItem\",\"position\":1,\"name\":\"Ana sayfa\",\"item\":\"https:\/\/ticaret.edu.tr\/ticaret-ve-finans-enstitusu\/\"},{\"@type\":\"ListItem\",\"position\":2,\"name\":\"Birim Kalite El\u00e7ileri\"}]},{\"@type\":\"WebSite\",\"@id\":\"https:\/\/ticaret.edu.tr\/ticaret-ve-finans-enstitusu\/#website\",\"url\":\"https:\/\/ticaret.edu.tr\/ticaret-ve-finans-enstitusu\/\",\"name\":\"Ticaret ve Finans Enstit\u00fcs\u00fc\",\"description\":\"\",\"potentialAction\":[{\"@type\":\"SearchAction\",\"target\":{\"@type\":\"EntryPoint\",\"urlTemplate\":\"https:\/\/ticaret.edu.tr\/ticaret-ve-finans-enstitusu\/?s={search_term_string}\"},\"query-input\":\"required name=search_term_string\"}],\"inLanguage\":\"tr\"}]}<\/script>\n<!-- \/ Yoast SEO Premium plugin. -->","yoast_head_json":{"title":"Birim Kalite El\u00e7ileri - Ticaret ve Finans Enstit\u00fcs\u00fc","robots":{"index":"index","follow":"follow","max-snippet":"max-snippet:-1","max-image-preview":"max-image-preview:large","max-video-preview":"max-video-preview:-1"},"canonical":"http:\/\/ticaret.edu.tr\/ticaret-ve-finans-enstitusu\/birim-kalite-elcileri\/","og_locale":"tr_TR","og_type":"article","og_title":"Birim Kalite El\u00e7ileri","og_description":"Birim Kalite El\u00e7isi kendi birimindeki kalite g\u00fcvencesi faaliyetlerini, toplant\u0131lar\u0131, s\u00fcre\u00e7leri ve PUK\u00d6 d\u00f6ng\u00fcs\u00fcn\u00fc izlemek, birimiyle ilgili web sayfas\u0131ndaki T\u00fcrk\u00e7e ve \u0130ngilizce bilgileri, g\u00fcncellemeleri haz\u0131rlamak, izlemek ve web sayfas\u0131n\u0131n \u015feffaf bir \u015fekilde kalmas\u0131n\u0131 sa\u011flamak, payda\u015flardan gelen bilgi, \u00f6neri veya \u015fik\u00e2yetleri derlemek, birimde ger\u00e7ekle\u015fen b\u00fct\u00fcn s\u00fcre\u00e7lerde PUK\u00d6 d\u00f6ng\u00fcs\u00fcn\u00fcn kapan\u0131p kapanmad\u0131\u011f\u0131n\u0131 izlemek, eksikleri belirlemek, tan\u0131mlanm\u0131\u015f \u015fablona g\u00f6re haz\u0131rlad\u0131\u011f\u0131 [&hellip;]","og_url":"http:\/\/ticaret.edu.tr\/ticaret-ve-finans-enstitusu\/birim-kalite-elcileri\/","og_site_name":"Ticaret ve Finans Enstit\u00fcs\u00fc","article_publisher":"https:\/\/www.facebook.com\/ticaretedutr","article_modified_time":"2026-02-03T08:04:32+00:00","og_image":[{"width":1250,"height":833,"url":"http:\/\/ticaret.edu.tr\/ticaret-ve-finans-enstitusu\/wp-content\/uploads\/sites\/36\/2021\/11\/web_logo-01.jpg","type":"image\/jpeg"}],"twitter_card":"summary_large_image","twitter_site":"@ticaretedutr","twitter_misc":{"Tahmini okuma s\u00fcresi":"2 dakika"},"schema":{"@context":"https:\/\/schema.org","@graph":[{"@type":"WebPage","@id":"http:\/\/ticaret.edu.tr\/ticaret-ve-finans-enstitusu\/birim-kalite-elcileri\/","url":"http:\/\/ticaret.edu.tr\/ticaret-ve-finans-enstitusu\/birim-kalite-elcileri\/","name":"Birim Kalite El\u00e7ileri - Ticaret ve Finans Enstit\u00fcs\u00fc","isPartOf":{"@id":"https:\/\/ticaret.edu.tr\/ticaret-ve-finans-enstitusu\/#website"},"datePublished":"2024-05-24T13:03:25+00:00","dateModified":"2026-02-03T08:04:32+00:00","breadcrumb":{"@id":"http:\/\/ticaret.edu.tr\/ticaret-ve-finans-enstitusu\/birim-kalite-elcileri\/#breadcrumb"},"inLanguage":"tr","potentialAction":[{"@type":"ReadAction","target":["http:\/\/ticaret.edu.tr\/ticaret-ve-finans-enstitusu\/birim-kalite-elcileri\/"]}]},{"@type":"BreadcrumbList","@id":"http:\/\/ticaret.edu.tr\/ticaret-ve-finans-enstitusu\/birim-kalite-elcileri\/#breadcrumb","itemListElement":[{"@type":"ListItem","position":1,"name":"Ana sayfa","item":"https:\/\/ticaret.edu.tr\/ticaret-ve-finans-enstitusu\/"},{"@type":"ListItem","position":2,"name":"Birim Kalite El\u00e7ileri"}]},{"@type":"WebSite","@id":"https:\/\/ticaret.edu.tr\/ticaret-ve-finans-enstitusu\/#website","url":"https:\/\/ticaret.edu.tr\/ticaret-ve-finans-enstitusu\/","name":"Ticaret ve Finans Enstit\u00fcs\u00fc","description":"","potentialAction":[{"@type":"SearchAction","target":{"@type":"EntryPoint","urlTemplate":"https:\/\/ticaret.edu.tr\/ticaret-ve-finans-enstitusu\/?s={search_term_string}"},"query-input":"required name=search_term_string"}],"inLanguage":"tr"}]}},"lang":"tr","translations":{"tr":2226},"pll_sync_post":[],"_links":{"self":[{"href":"http:\/\/ticaret.edu.tr\/ticaret-ve-finans-enstitusu\/wp-json\/wp\/v2\/pages\/2226"}],"collection":[{"href":"http:\/\/ticaret.edu.tr\/ticaret-ve-finans-enstitusu\/wp-json\/wp\/v2\/pages"}],"about":[{"href":"http:\/\/ticaret.edu.tr\/ticaret-ve-finans-enstitusu\/wp-json\/wp\/v2\/types\/page"}],"author":[{"embeddable":true,"href":"http:\/\/ticaret.edu.tr\/ticaret-ve-finans-enstitusu\/wp-json\/wp\/v2\/users\/92"}],"replies":[{"embeddable":true,"href":"http:\/\/ticaret.edu.tr\/ticaret-ve-finans-enstitusu\/wp-json\/wp\/v2\/comments?post=2226"}],"version-history":[{"count":14,"href":"http:\/\/ticaret.edu.tr\/ticaret-ve-finans-enstitusu\/wp-json\/wp\/v2\/pages\/2226\/revisions"}],"predecessor-version":[{"id":2420,"href":"http:\/\/ticaret.edu.tr\/ticaret-ve-finans-enstitusu\/wp-json\/wp\/v2\/pages\/2226\/revisions\/2420"}],"wp:attachment":[{"href":"http:\/\/ticaret.edu.tr\/ticaret-ve-finans-enstitusu\/wp-json\/wp\/v2\/media?parent=2226"}],"curies":[{"name":"wp","href":"https:\/\/api.w.org\/{rel}","templated":true}]}}