{"id":2228,"date":"2024-05-24T16:03:29","date_gmt":"2024-05-24T13:03:29","guid":{"rendered":"https:\/\/ticaret.edu.tr\/finans-enstitusu\/?page_id=2228"},"modified":"2025-07-21T15:20:22","modified_gmt":"2025-07-21T12:20:22","slug":"kalite-guvence-sistemi","status":"publish","type":"page","link":"http:\/\/ticaret.edu.tr\/ticaret-ve-finans-enstitusu\/kalite-guvence-sistemi\/","title":{"rendered":"Kalite G\u00fcvence Sistemi"},"content":{"rendered":"<div style=\"max-width: 900px;margin: 40px auto;font-family: 'Segoe UI', Tahoma, Geneva, Verdana, sans-serif;padding: 30px;background-color: #fdfdfd;border-radius: 12px;line-height: 1.7;color: #333;text-align: justify\">\n<div style=\"border-left: 6px solid #ffc107;padding-left: 16px;margin-bottom: 20px\">\n<div style=\"border-left: 6px solid #ffc107;padding-left: 16px;margin-bottom: 20px\">\n<\/div>\n<p>Kalite G\u00fcvencesi Sistemi; y\u00fcksek\u00f6\u011fretim kurumlar\u0131n\u0131n e\u011fitim-\u00f6\u011fretim, ara\u015ft\u0131rma ve toplumsal katk\u0131 faaliyetleri ile idari hizmetlerinin i\u00e7 ve d\u0131\u015f kalite g\u00fcvencesi ve akreditasyon s\u00fcre\u00e7lerini planlama ve uygulama esaslar\u0131n\u0131n t\u00fcm\u00fcn\u00fc kapsar.<\/p>\n<p>Kalite g\u00fcvencesi bir \u00fcr\u00fcn veya hizmetin kalite konusunda belirtilmi\u015f gerekleri yerine getirmesinde yeterli g\u00fcveni sa\u011flamak i\u00e7in uygulanan planl\u0131 ve sistematik etkinlikler b\u00fct\u00fcn\u00fcd\u00fcr. Kalite gereksinimlerini nas\u0131l kar\u015f\u0131layaca\u011f\u0131 konusunda \u00f6ng\u00f6r\u00fcl\u00fc (<em>proaktif<\/em>) yakla\u015f\u0131m kullan\u0131larak, beklenen kalite gereksinimlerinin kar\u015f\u0131lanmas\u0131n\u0131 g\u00fcvence alt\u0131na almay\u0131 ama\u00e7lar.<\/p>\n<p>Bu ama\u00e7la planlan\u0131r, uygulan\u0131r, kontrol edilir ve \u00f6nlem al\u0131n\u0131r (<abbr title=\"Planla, Uygula, Kontrol Et, \u00d6nlem Al\">PUK\u00d6<\/abbr>). Kalite g\u00fcvencesi, mevcut kalite problemini tespit etmekten \u00e7ok, hata olu\u015fumunu engelleyecek sistemleri kurarak hatay\u0131 olu\u015fmadan \u00f6nlemeye \u00e7al\u0131\u015f\u0131r. PUK\u00d6 d\u00f6ng\u00fcs\u00fc, sistemdeki s\u00fcre\u00e7lerin d\u00fczg\u00fcn ve s\u00fcrd\u00fcr\u00fclebilir \u015fekilde \u00e7al\u0131\u015fmas\u0131n\u0131 sa\u011flamaktad\u0131r.<\/p>\n<p>\u0130stanbul Ticaret \u00dcniversitesi Kalite Komisyonu, 23 Temmuz 2015 tarihli ve 29423 say\u0131l\u0131 Resm\u00ee Gazete\u2019de yay\u0131mlanan <em>Y\u00fcksek\u00f6\u011fretim Kalite G\u00fcvencesi Y\u00f6netmeli\u011fi<\/em>&#8216;nin 7. maddesi kapsam\u0131nda olu\u015fturulmu\u015ftur. Komisyonun g\u00f6revleri Y\u00f6netmeli\u011fin 8. maddesinde belirtilmi\u015ftir.<\/p>\n<\/div>\n<\/div>\n","protected":false},"excerpt":{"rendered":"<p>Kalite G\u00fcvencesi Sistemi; y\u00fcksek\u00f6\u011fretim kurumlar\u0131n\u0131n e\u011fitim-\u00f6\u011fretim, ara\u015ft\u0131rma ve toplumsal katk\u0131 faaliyetleri ile idari hizmetlerinin i\u00e7 ve d\u0131\u015f kalite g\u00fcvencesi ve akreditasyon s\u00fcre\u00e7lerini planlama ve uygulama esaslar\u0131n\u0131n t\u00fcm\u00fcn\u00fc kapsar. Kalite g\u00fcvencesi bir \u00fcr\u00fcn veya hizmetin kalite konusunda belirtilmi\u015f gerekleri yerine getirmesinde yeterli g\u00fcveni sa\u011flamak i\u00e7in uygulanan planl\u0131 ve sistematik etkinlikler b\u00fct\u00fcn\u00fcd\u00fcr. Kalite gereksinimlerini nas\u0131l kar\u015f\u0131layaca\u011f\u0131 konusunda [&hellip;]<\/p>\n","protected":false},"author":92,"featured_media":0,"parent":0,"menu_order":0,"comment_status":"closed","ping_status":"closed","template":"genel_sayfa.php","meta":{"footnotes":""},"yoast_head":"<!-- This site is optimized with the Yoast SEO Premium plugin v22.1 (Yoast SEO v22.1) - https:\/\/yoast.com\/wordpress\/plugins\/seo\/ -->\n<title>Kalite G\u00fcvence Sistemi - Ticaret ve Finans Enstit\u00fcs\u00fc<\/title>\n<meta name=\"robots\" content=\"index, follow, max-snippet:-1, max-image-preview:large, max-video-preview:-1\" \/>\n<link rel=\"canonical\" href=\"https:\/\/ticaret.edu.tr\/ticaret-ve-finans-enstitusu\/kalite-guvence-sistemi\/\" \/>\n<meta property=\"og:locale\" content=\"tr_TR\" \/>\n<meta property=\"og:type\" content=\"article\" \/>\n<meta property=\"og:title\" content=\"Kalite G\u00fcvence Sistemi\" \/>\n<meta property=\"og:description\" content=\"Kalite G\u00fcvencesi Sistemi; y\u00fcksek\u00f6\u011fretim kurumlar\u0131n\u0131n e\u011fitim-\u00f6\u011fretim, ara\u015ft\u0131rma ve toplumsal katk\u0131 faaliyetleri ile idari hizmetlerinin i\u00e7 ve d\u0131\u015f kalite g\u00fcvencesi ve akreditasyon s\u00fcre\u00e7lerini planlama ve uygulama esaslar\u0131n\u0131n t\u00fcm\u00fcn\u00fc kapsar. Kalite g\u00fcvencesi bir \u00fcr\u00fcn veya hizmetin kalite konusunda belirtilmi\u015f gerekleri yerine getirmesinde yeterli g\u00fcveni sa\u011flamak i\u00e7in uygulanan planl\u0131 ve sistematik etkinlikler b\u00fct\u00fcn\u00fcd\u00fcr. Kalite gereksinimlerini nas\u0131l kar\u015f\u0131layaca\u011f\u0131 konusunda [&hellip;]\" \/>\n<meta property=\"og:url\" content=\"https:\/\/ticaret.edu.tr\/ticaret-ve-finans-enstitusu\/kalite-guvence-sistemi\/\" \/>\n<meta property=\"og:site_name\" content=\"Ticaret ve Finans Enstit\u00fcs\u00fc\" \/>\n<meta property=\"article:publisher\" content=\"https:\/\/www.facebook.com\/ticaretedutr\" \/>\n<meta property=\"article:modified_time\" content=\"2025-07-21T12:20:22+00:00\" \/>\n<meta property=\"og:image\" content=\"http:\/\/ticaret.edu.tr\/ticaret-ve-finans-enstitusu\/wp-content\/uploads\/sites\/36\/2021\/11\/web_logo-01.jpg\" \/>\n\t<meta property=\"og:image:width\" content=\"1250\" \/>\n\t<meta property=\"og:image:height\" content=\"833\" \/>\n\t<meta property=\"og:image:type\" content=\"image\/jpeg\" \/>\n<meta name=\"twitter:card\" content=\"summary_large_image\" \/>\n<meta name=\"twitter:site\" content=\"@ticaretedutr\" \/>\n<meta name=\"twitter:label1\" content=\"Tahmini okuma s\u00fcresi\" \/>\n\t<meta name=\"twitter:data1\" content=\"1 dakika\" \/>\n<script type=\"application\/ld+json\" class=\"yoast-schema-graph\">{\"@context\":\"https:\/\/schema.org\",\"@graph\":[{\"@type\":\"WebPage\",\"@id\":\"https:\/\/ticaret.edu.tr\/ticaret-ve-finans-enstitusu\/kalite-guvence-sistemi\/\",\"url\":\"https:\/\/ticaret.edu.tr\/ticaret-ve-finans-enstitusu\/kalite-guvence-sistemi\/\",\"name\":\"Kalite G\u00fcvence Sistemi - Ticaret ve Finans Enstit\u00fcs\u00fc\",\"isPartOf\":{\"@id\":\"https:\/\/ticaret.edu.tr\/ticaret-ve-finans-enstitusu\/#website\"},\"datePublished\":\"2024-05-24T13:03:29+00:00\",\"dateModified\":\"2025-07-21T12:20:22+00:00\",\"breadcrumb\":{\"@id\":\"https:\/\/ticaret.edu.tr\/ticaret-ve-finans-enstitusu\/kalite-guvence-sistemi\/#breadcrumb\"},\"inLanguage\":\"tr\",\"potentialAction\":[{\"@type\":\"ReadAction\",\"target\":[\"https:\/\/ticaret.edu.tr\/ticaret-ve-finans-enstitusu\/kalite-guvence-sistemi\/\"]}]},{\"@type\":\"BreadcrumbList\",\"@id\":\"https:\/\/ticaret.edu.tr\/ticaret-ve-finans-enstitusu\/kalite-guvence-sistemi\/#breadcrumb\",\"itemListElement\":[{\"@type\":\"ListItem\",\"position\":1,\"name\":\"Ana sayfa\",\"item\":\"https:\/\/ticaret.edu.tr\/ticaret-ve-finans-enstitusu\/\"},{\"@type\":\"ListItem\",\"position\":2,\"name\":\"Kalite G\u00fcvence Sistemi\"}]},{\"@type\":\"WebSite\",\"@id\":\"https:\/\/ticaret.edu.tr\/ticaret-ve-finans-enstitusu\/#website\",\"url\":\"https:\/\/ticaret.edu.tr\/ticaret-ve-finans-enstitusu\/\",\"name\":\"Ticaret ve Finans Enstit\u00fcs\u00fc\",\"description\":\"\",\"potentialAction\":[{\"@type\":\"SearchAction\",\"target\":{\"@type\":\"EntryPoint\",\"urlTemplate\":\"https:\/\/ticaret.edu.tr\/ticaret-ve-finans-enstitusu\/?s={search_term_string}\"},\"query-input\":\"required name=search_term_string\"}],\"inLanguage\":\"tr\"}]}<\/script>\n<!-- \/ Yoast SEO Premium plugin. -->","yoast_head_json":{"title":"Kalite G\u00fcvence Sistemi - Ticaret ve Finans Enstit\u00fcs\u00fc","robots":{"index":"index","follow":"follow","max-snippet":"max-snippet:-1","max-image-preview":"max-image-preview:large","max-video-preview":"max-video-preview:-1"},"canonical":"https:\/\/ticaret.edu.tr\/ticaret-ve-finans-enstitusu\/kalite-guvence-sistemi\/","og_locale":"tr_TR","og_type":"article","og_title":"Kalite G\u00fcvence Sistemi","og_description":"Kalite G\u00fcvencesi Sistemi; y\u00fcksek\u00f6\u011fretim kurumlar\u0131n\u0131n e\u011fitim-\u00f6\u011fretim, ara\u015ft\u0131rma ve toplumsal katk\u0131 faaliyetleri ile idari hizmetlerinin i\u00e7 ve d\u0131\u015f kalite g\u00fcvencesi ve akreditasyon s\u00fcre\u00e7lerini planlama ve uygulama esaslar\u0131n\u0131n t\u00fcm\u00fcn\u00fc kapsar. Kalite g\u00fcvencesi bir \u00fcr\u00fcn veya hizmetin kalite konusunda belirtilmi\u015f gerekleri yerine getirmesinde yeterli g\u00fcveni sa\u011flamak i\u00e7in uygulanan planl\u0131 ve sistematik etkinlikler b\u00fct\u00fcn\u00fcd\u00fcr. Kalite gereksinimlerini nas\u0131l kar\u015f\u0131layaca\u011f\u0131 konusunda [&hellip;]","og_url":"https:\/\/ticaret.edu.tr\/ticaret-ve-finans-enstitusu\/kalite-guvence-sistemi\/","og_site_name":"Ticaret ve Finans Enstit\u00fcs\u00fc","article_publisher":"https:\/\/www.facebook.com\/ticaretedutr","article_modified_time":"2025-07-21T12:20:22+00:00","og_image":[{"width":1250,"height":833,"url":"http:\/\/ticaret.edu.tr\/ticaret-ve-finans-enstitusu\/wp-content\/uploads\/sites\/36\/2021\/11\/web_logo-01.jpg","type":"image\/jpeg"}],"twitter_card":"summary_large_image","twitter_site":"@ticaretedutr","twitter_misc":{"Tahmini okuma s\u00fcresi":"1 dakika"},"schema":{"@context":"https:\/\/schema.org","@graph":[{"@type":"WebPage","@id":"https:\/\/ticaret.edu.tr\/ticaret-ve-finans-enstitusu\/kalite-guvence-sistemi\/","url":"https:\/\/ticaret.edu.tr\/ticaret-ve-finans-enstitusu\/kalite-guvence-sistemi\/","name":"Kalite G\u00fcvence Sistemi - Ticaret ve Finans Enstit\u00fcs\u00fc","isPartOf":{"@id":"https:\/\/ticaret.edu.tr\/ticaret-ve-finans-enstitusu\/#website"},"datePublished":"2024-05-24T13:03:29+00:00","dateModified":"2025-07-21T12:20:22+00:00","breadcrumb":{"@id":"https:\/\/ticaret.edu.tr\/ticaret-ve-finans-enstitusu\/kalite-guvence-sistemi\/#breadcrumb"},"inLanguage":"tr","potentialAction":[{"@type":"ReadAction","target":["https:\/\/ticaret.edu.tr\/ticaret-ve-finans-enstitusu\/kalite-guvence-sistemi\/"]}]},{"@type":"BreadcrumbList","@id":"https:\/\/ticaret.edu.tr\/ticaret-ve-finans-enstitusu\/kalite-guvence-sistemi\/#breadcrumb","itemListElement":[{"@type":"ListItem","position":1,"name":"Ana sayfa","item":"https:\/\/ticaret.edu.tr\/ticaret-ve-finans-enstitusu\/"},{"@type":"ListItem","position":2,"name":"Kalite G\u00fcvence Sistemi"}]},{"@type":"WebSite","@id":"https:\/\/ticaret.edu.tr\/ticaret-ve-finans-enstitusu\/#website","url":"https:\/\/ticaret.edu.tr\/ticaret-ve-finans-enstitusu\/","name":"Ticaret ve Finans Enstit\u00fcs\u00fc","description":"","potentialAction":[{"@type":"SearchAction","target":{"@type":"EntryPoint","urlTemplate":"https:\/\/ticaret.edu.tr\/ticaret-ve-finans-enstitusu\/?s={search_term_string}"},"query-input":"required name=search_term_string"}],"inLanguage":"tr"}]}},"lang":"tr","translations":{"tr":2228},"pll_sync_post":[],"_links":{"self":[{"href":"http:\/\/ticaret.edu.tr\/ticaret-ve-finans-enstitusu\/wp-json\/wp\/v2\/pages\/2228"}],"collection":[{"href":"http:\/\/ticaret.edu.tr\/ticaret-ve-finans-enstitusu\/wp-json\/wp\/v2\/pages"}],"about":[{"href":"http:\/\/ticaret.edu.tr\/ticaret-ve-finans-enstitusu\/wp-json\/wp\/v2\/types\/page"}],"author":[{"embeddable":true,"href":"http:\/\/ticaret.edu.tr\/ticaret-ve-finans-enstitusu\/wp-json\/wp\/v2\/users\/92"}],"replies":[{"embeddable":true,"href":"http:\/\/ticaret.edu.tr\/ticaret-ve-finans-enstitusu\/wp-json\/wp\/v2\/comments?post=2228"}],"version-history":[{"count":4,"href":"http:\/\/ticaret.edu.tr\/ticaret-ve-finans-enstitusu\/wp-json\/wp\/v2\/pages\/2228\/revisions"}],"predecessor-version":[{"id":2777,"href":"http:\/\/ticaret.edu.tr\/ticaret-ve-finans-enstitusu\/wp-json\/wp\/v2\/pages\/2228\/revisions\/2777"}],"wp:attachment":[{"href":"http:\/\/ticaret.edu.tr\/ticaret-ve-finans-enstitusu\/wp-json\/wp\/v2\/media?parent=2228"}],"curies":[{"name":"wp","href":"https:\/\/api.w.org\/{rel}","templated":true}]}}