{"id":2498,"date":"2025-02-25T12:52:01","date_gmt":"2025-02-25T09:52:01","guid":{"rendered":"https:\/\/ticaret.edu.tr\/finans-enstitusu\/?page_id=2498"},"modified":"2025-11-04T15:20:41","modified_gmt":"2025-11-04T12:20:41","slug":"mudurun-mesaji","status":"publish","type":"page","link":"http:\/\/ticaret.edu.tr\/ticaret-ve-finans-enstitusu\/mudurun-mesaji\/","title":{"rendered":"M\u00fcd\u00fcr\u00fcn Mesaj\u0131"},"content":{"rendered":"<div style=\"margin-top: 0px; padding-top: 0px;\">\n<table style=\"width: 100%; max-width: 1100px; margin: 0px auto; background-color: #ffffff; padding: 0px; border-radius: 12px; border-collapse: collapse;\" border=\"0\" cellspacing=\"0\" cellpadding=\"0\">\n<tbody>\n<tr><!-- SOL: KART --><\/p>\n<td style=\"width: 270px; vertical-align: top; text-align: center; padding-right: 20px; border: none;\">\n<div style=\"background-color: #f9f9f9; border: 1px solid #ddd; border-left: 6px solid #ffc107; border-radius: 12px; padding: 15px;\">\n<p><img loading=\"lazy\" decoding=\"async\" class=\"alignnone wp-image-2720\" style=\"border-radius: 12px;\" src=\"http:\/\/ticaret.edu.tr\/ticaret-ve-finans-enstitusu\/wp-content\/uploads\/sites\/36\/2025\/07\/gencaykarakaya-292x300.jpg\" alt=\"\" width=\"237\" height=\"243\" srcset=\"http:\/\/ticaret.edu.tr\/ticaret-ve-finans-enstitusu\/wp-content\/uploads\/sites\/36\/2025\/07\/gencaykarakaya-292x300.jpg 292w, http:\/\/ticaret.edu.tr\/ticaret-ve-finans-enstitusu\/wp-content\/uploads\/sites\/36\/2025\/07\/gencaykarakaya-768x788.jpg 768w, http:\/\/ticaret.edu.tr\/ticaret-ve-finans-enstitusu\/wp-content\/uploads\/sites\/36\/2025\/07\/gencaykarakaya.jpg 773w\" sizes=\"(max-width: 237px) 100vw, 237px\" \/><\/p>\n<p style=\"font-size: 14px; font-weight: bold; margin-bottom: 5px;\">Do\u00e7. Dr.<br \/>\nGencay KARAKAYA<\/p>\n<p><strong><a style=\"font-size: 13px; color: #f5a100;\" href=\"mailto:gkarakaya@ticaret.edu.tr\">gkarakaya@ticaret.edu.tr<\/a><\/strong><\/p>\n<\/div>\n<\/td>\n<p><!-- SA\u011e: MET\u0130N --><\/p>\n<td style=\"vertical-align: top; font-size: 14px; line-height: 1.7; border: none; text-align: justify; padding: 0 30px;\">&nbsp;<\/p>\n<p><strong>Ticaret ve Finans Enstit\u00fcs\u00fc,<\/strong> geli\u015fen ve de\u011fi\u015fen i\u015fletme\/piyasa dinamiklerini iyi okuyabilen, bu de\u011fi\u015fimlere h\u0131zl\u0131 uyum sa\u011flayabilen, bu uyumu m\u00fcfredatlar\u0131na ve ders programlar\u0131na yans\u0131tabilen \u00e7ok y\u00f6nl\u00fc programlara ve akademisyenlere sahip bir e\u011fitim \u00f6\u011fretim birimidir.T\u00fcrkiye\u2019de ilk ve tek olan Ticaret ve Finans Enstit\u00fcs\u00fc \u00f6zelinde yer alan farkl\u0131 anabilim dallar\u0131 ve ba\u011fl\u0131 programlar\u0131 sayesinde, \u00f6\u011frencilere \u00e7ok y\u00f6nl\u00fc, s\u00fcrd\u00fcr\u00fclebilir ve katma de\u011fer sa\u011flayacak kazan\u0131mlar aktar\u0131lmaya \u00e7al\u0131\u015f\u0131lmaktad\u0131r. Bu kapsamda sekt\u00f6r payda\u015flar\u0131, kamu kurumlar\u0131, sivil toplum kurulu\u015flar\u0131 ve di\u011fer e\u011fitim \u00f6\u011fretim birimleri ba\u015fta olmak \u00fczere \u00e7ok y\u00f6nl\u00fc bir ili\u015fki a\u011f\u0131 tesis edilmi\u015ftir.<\/p>\n<p>Enstit\u00fc b\u00fcnyesinde; Bankac\u0131l\u0131k, Sigorta ve Risk Y\u00f6netimi, Sermaye Piyasas\u0131, Finans ana bilim dallar\u0131nda yer alan \u00e7ok farkl\u0131 \u00f6rg\u00fcn ve uzaktan programlar sayesinde hem piyasa i\u00e7in hem de ili\u015fkili t\u00fcm taraflar i\u00e7in <em>\u201cbilgi\u201d<\/em> kavram\u0131n\u0131n \u00f6nemi ve anlam\u0131 aktar\u0131lmaya \u00e7al\u0131\u015f\u0131lmaktad\u0131r. Zira i\u00e7inde bulundu\u011fumuz y\u00fczy\u0131l\u0131n en k\u0131ymetli ve paha bi\u00e7ilemez de\u011feri bilgidir.<\/p>\n<p>Programlar\u0131m\u0131zda e\u011fitim g\u00f6ren\/g\u00f6recek olan t\u00fcm \u00f6\u011frencilerimiz \u0130stanbul Ticaret \u00dcniversitesinin \u00e7ok geni\u015f ve r\u00fc\u015ft\u00fcn\u00fc ispat etmi\u015f akademik kadrosu ile bir araya gelebilecek, bu sayede hem teori hem uygulama noktas\u0131nda derinlemesine kazan\u0131mlar elde edebilecektir. Finans biliminin yan\u0131nda i\u015fletme, ekonomi, ekonometri, muhasebe, denetim gibi azami derecede ili\u015fkili ve k\u0131ymetli temalar i\u00e7eren dersleri de alabilecek ve \u00e7ok y\u00f6nl\u00fc bir bak\u0131\u015f a\u00e7\u0131s\u0131 ile mezun olabilecektir.<\/td>\n<\/tr>\n<\/tbody>\n<\/table>\n<\/div>\n","protected":false},"excerpt":{"rendered":"<p>Do\u00e7. Dr. Gencay KARAKAYA gkarakaya@ticaret.edu.tr &nbsp; Ticaret ve Finans Enstit\u00fcs\u00fc, geli\u015fen ve de\u011fi\u015fen i\u015fletme\/piyasa dinamiklerini iyi okuyabilen, bu de\u011fi\u015fimlere h\u0131zl\u0131 uyum sa\u011flayabilen, bu uyumu m\u00fcfredatlar\u0131na ve ders programlar\u0131na yans\u0131tabilen \u00e7ok y\u00f6nl\u00fc programlara ve akademisyenlere sahip bir e\u011fitim \u00f6\u011fretim birimidir.T\u00fcrkiye\u2019de ilk ve tek olan Ticaret ve Finans Enstit\u00fcs\u00fc \u00f6zelinde yer alan farkl\u0131 anabilim dallar\u0131 ve ba\u011fl\u0131 [&hellip;]<\/p>\n","protected":false},"author":228,"featured_media":0,"parent":0,"menu_order":0,"comment_status":"closed","ping_status":"closed","template":"genel_sayfa.php","meta":{"footnotes":""},"yoast_head":"<!-- This site is optimized with the Yoast SEO Premium plugin v22.1 (Yoast SEO v22.1) - https:\/\/yoast.com\/wordpress\/plugins\/seo\/ -->\n<title>M\u00fcd\u00fcr\u00fcn Mesaj\u0131 - Ticaret ve Finans Enstit\u00fcs\u00fc<\/title>\n<meta name=\"robots\" content=\"index, follow, max-snippet:-1, max-image-preview:large, max-video-preview:-1\" \/>\n<link rel=\"canonical\" href=\"https:\/\/ticaret.edu.tr\/ticaret-ve-finans-enstitusu\/mudurun-mesaji\/\" \/>\n<meta property=\"og:locale\" content=\"tr_TR\" \/>\n<meta property=\"og:type\" content=\"article\" \/>\n<meta property=\"og:title\" content=\"M\u00fcd\u00fcr\u00fcn Mesaj\u0131\" \/>\n<meta property=\"og:description\" content=\"Do\u00e7. Dr. Gencay KARAKAYA gkarakaya@ticaret.edu.tr &nbsp; Ticaret ve Finans Enstit\u00fcs\u00fc, geli\u015fen ve de\u011fi\u015fen i\u015fletme\/piyasa dinamiklerini iyi okuyabilen, bu de\u011fi\u015fimlere h\u0131zl\u0131 uyum sa\u011flayabilen, bu uyumu m\u00fcfredatlar\u0131na ve ders programlar\u0131na yans\u0131tabilen \u00e7ok y\u00f6nl\u00fc programlara ve akademisyenlere sahip bir e\u011fitim \u00f6\u011fretim birimidir.T\u00fcrkiye\u2019de ilk ve tek olan Ticaret ve Finans Enstit\u00fcs\u00fc \u00f6zelinde yer alan farkl\u0131 anabilim dallar\u0131 ve ba\u011fl\u0131 [&hellip;]\" \/>\n<meta property=\"og:url\" content=\"https:\/\/ticaret.edu.tr\/ticaret-ve-finans-enstitusu\/mudurun-mesaji\/\" \/>\n<meta property=\"og:site_name\" content=\"Ticaret ve Finans Enstit\u00fcs\u00fc\" \/>\n<meta property=\"article:publisher\" content=\"https:\/\/www.facebook.com\/ticaretedutr\" \/>\n<meta property=\"article:modified_time\" content=\"2025-11-04T12:20:41+00:00\" \/>\n<meta property=\"og:image\" content=\"http:\/\/ticaret.edu.tr\/ticaret-ve-finans-enstitusu\/wp-content\/uploads\/sites\/36\/2025\/07\/gencaykarakaya-292x300.jpg\" \/>\n<meta name=\"twitter:card\" content=\"summary_large_image\" \/>\n<meta name=\"twitter:site\" content=\"@ticaretedutr\" \/>\n<meta name=\"twitter:label1\" content=\"Tahmini okuma s\u00fcresi\" \/>\n\t<meta name=\"twitter:data1\" content=\"2 dakika\" \/>\n<script type=\"application\/ld+json\" class=\"yoast-schema-graph\">{\"@context\":\"https:\/\/schema.org\",\"@graph\":[{\"@type\":\"WebPage\",\"@id\":\"https:\/\/ticaret.edu.tr\/ticaret-ve-finans-enstitusu\/mudurun-mesaji\/\",\"url\":\"https:\/\/ticaret.edu.tr\/ticaret-ve-finans-enstitusu\/mudurun-mesaji\/\",\"name\":\"M\u00fcd\u00fcr\u00fcn Mesaj\u0131 - Ticaret ve Finans Enstit\u00fcs\u00fc\",\"isPartOf\":{\"@id\":\"https:\/\/ticaret.edu.tr\/ticaret-ve-finans-enstitusu\/#website\"},\"datePublished\":\"2025-02-25T09:52:01+00:00\",\"dateModified\":\"2025-11-04T12:20:41+00:00\",\"breadcrumb\":{\"@id\":\"https:\/\/ticaret.edu.tr\/ticaret-ve-finans-enstitusu\/mudurun-mesaji\/#breadcrumb\"},\"inLanguage\":\"tr\",\"potentialAction\":[{\"@type\":\"ReadAction\",\"target\":[\"https:\/\/ticaret.edu.tr\/ticaret-ve-finans-enstitusu\/mudurun-mesaji\/\"]}]},{\"@type\":\"BreadcrumbList\",\"@id\":\"https:\/\/ticaret.edu.tr\/ticaret-ve-finans-enstitusu\/mudurun-mesaji\/#breadcrumb\",\"itemListElement\":[{\"@type\":\"ListItem\",\"position\":1,\"name\":\"Ana sayfa\",\"item\":\"https:\/\/ticaret.edu.tr\/ticaret-ve-finans-enstitusu\/\"},{\"@type\":\"ListItem\",\"position\":2,\"name\":\"M\u00fcd\u00fcr\u00fcn Mesaj\u0131\"}]},{\"@type\":\"WebSite\",\"@id\":\"https:\/\/ticaret.edu.tr\/ticaret-ve-finans-enstitusu\/#website\",\"url\":\"https:\/\/ticaret.edu.tr\/ticaret-ve-finans-enstitusu\/\",\"name\":\"Ticaret ve Finans Enstit\u00fcs\u00fc\",\"description\":\"\",\"potentialAction\":[{\"@type\":\"SearchAction\",\"target\":{\"@type\":\"EntryPoint\",\"urlTemplate\":\"https:\/\/ticaret.edu.tr\/ticaret-ve-finans-enstitusu\/?s={search_term_string}\"},\"query-input\":\"required name=search_term_string\"}],\"inLanguage\":\"tr\"}]}<\/script>\n<!-- \/ Yoast SEO Premium plugin. -->","yoast_head_json":{"title":"M\u00fcd\u00fcr\u00fcn Mesaj\u0131 - Ticaret ve Finans Enstit\u00fcs\u00fc","robots":{"index":"index","follow":"follow","max-snippet":"max-snippet:-1","max-image-preview":"max-image-preview:large","max-video-preview":"max-video-preview:-1"},"canonical":"https:\/\/ticaret.edu.tr\/ticaret-ve-finans-enstitusu\/mudurun-mesaji\/","og_locale":"tr_TR","og_type":"article","og_title":"M\u00fcd\u00fcr\u00fcn Mesaj\u0131","og_description":"Do\u00e7. Dr. Gencay KARAKAYA gkarakaya@ticaret.edu.tr &nbsp; Ticaret ve Finans Enstit\u00fcs\u00fc, geli\u015fen ve de\u011fi\u015fen i\u015fletme\/piyasa dinamiklerini iyi okuyabilen, bu de\u011fi\u015fimlere h\u0131zl\u0131 uyum sa\u011flayabilen, bu uyumu m\u00fcfredatlar\u0131na ve ders programlar\u0131na yans\u0131tabilen \u00e7ok y\u00f6nl\u00fc programlara ve akademisyenlere sahip bir e\u011fitim \u00f6\u011fretim birimidir.T\u00fcrkiye\u2019de ilk ve tek olan Ticaret ve Finans Enstit\u00fcs\u00fc \u00f6zelinde yer alan farkl\u0131 anabilim dallar\u0131 ve ba\u011fl\u0131 [&hellip;]","og_url":"https:\/\/ticaret.edu.tr\/ticaret-ve-finans-enstitusu\/mudurun-mesaji\/","og_site_name":"Ticaret ve Finans Enstit\u00fcs\u00fc","article_publisher":"https:\/\/www.facebook.com\/ticaretedutr","article_modified_time":"2025-11-04T12:20:41+00:00","og_image":[{"url":"http:\/\/ticaret.edu.tr\/ticaret-ve-finans-enstitusu\/wp-content\/uploads\/sites\/36\/2025\/07\/gencaykarakaya-292x300.jpg"}],"twitter_card":"summary_large_image","twitter_site":"@ticaretedutr","twitter_misc":{"Tahmini okuma s\u00fcresi":"2 dakika"},"schema":{"@context":"https:\/\/schema.org","@graph":[{"@type":"WebPage","@id":"https:\/\/ticaret.edu.tr\/ticaret-ve-finans-enstitusu\/mudurun-mesaji\/","url":"https:\/\/ticaret.edu.tr\/ticaret-ve-finans-enstitusu\/mudurun-mesaji\/","name":"M\u00fcd\u00fcr\u00fcn Mesaj\u0131 - Ticaret ve Finans Enstit\u00fcs\u00fc","isPartOf":{"@id":"https:\/\/ticaret.edu.tr\/ticaret-ve-finans-enstitusu\/#website"},"datePublished":"2025-02-25T09:52:01+00:00","dateModified":"2025-11-04T12:20:41+00:00","breadcrumb":{"@id":"https:\/\/ticaret.edu.tr\/ticaret-ve-finans-enstitusu\/mudurun-mesaji\/#breadcrumb"},"inLanguage":"tr","potentialAction":[{"@type":"ReadAction","target":["https:\/\/ticaret.edu.tr\/ticaret-ve-finans-enstitusu\/mudurun-mesaji\/"]}]},{"@type":"BreadcrumbList","@id":"https:\/\/ticaret.edu.tr\/ticaret-ve-finans-enstitusu\/mudurun-mesaji\/#breadcrumb","itemListElement":[{"@type":"ListItem","position":1,"name":"Ana sayfa","item":"https:\/\/ticaret.edu.tr\/ticaret-ve-finans-enstitusu\/"},{"@type":"ListItem","position":2,"name":"M\u00fcd\u00fcr\u00fcn Mesaj\u0131"}]},{"@type":"WebSite","@id":"https:\/\/ticaret.edu.tr\/ticaret-ve-finans-enstitusu\/#website","url":"https:\/\/ticaret.edu.tr\/ticaret-ve-finans-enstitusu\/","name":"Ticaret ve Finans Enstit\u00fcs\u00fc","description":"","potentialAction":[{"@type":"SearchAction","target":{"@type":"EntryPoint","urlTemplate":"https:\/\/ticaret.edu.tr\/ticaret-ve-finans-enstitusu\/?s={search_term_string}"},"query-input":"required name=search_term_string"}],"inLanguage":"tr"}]}},"lang":"tr","translations":{"tr":2498,"en":2502},"pll_sync_post":[],"_links":{"self":[{"href":"http:\/\/ticaret.edu.tr\/ticaret-ve-finans-enstitusu\/wp-json\/wp\/v2\/pages\/2498"}],"collection":[{"href":"http:\/\/ticaret.edu.tr\/ticaret-ve-finans-enstitusu\/wp-json\/wp\/v2\/pages"}],"about":[{"href":"http:\/\/ticaret.edu.tr\/ticaret-ve-finans-enstitusu\/wp-json\/wp\/v2\/types\/page"}],"author":[{"embeddable":true,"href":"http:\/\/ticaret.edu.tr\/ticaret-ve-finans-enstitusu\/wp-json\/wp\/v2\/users\/228"}],"replies":[{"embeddable":true,"href":"http:\/\/ticaret.edu.tr\/ticaret-ve-finans-enstitusu\/wp-json\/wp\/v2\/comments?post=2498"}],"version-history":[{"count":28,"href":"http:\/\/ticaret.edu.tr\/ticaret-ve-finans-enstitusu\/wp-json\/wp\/v2\/pages\/2498\/revisions"}],"predecessor-version":[{"id":3001,"href":"http:\/\/ticaret.edu.tr\/ticaret-ve-finans-enstitusu\/wp-json\/wp\/v2\/pages\/2498\/revisions\/3001"}],"wp:attachment":[{"href":"http:\/\/ticaret.edu.tr\/ticaret-ve-finans-enstitusu\/wp-json\/wp\/v2\/media?parent=2498"}],"curies":[{"name":"wp","href":"https:\/\/api.w.org\/{rel}","templated":true}]}}