{"id":275,"date":"2020-05-11T23:38:04","date_gmt":"2020-05-11T20:38:04","guid":{"rendered":"http:\/\/ticaret.edu.tr\/finans\/?page_id=275"},"modified":"2026-04-08T16:39:12","modified_gmt":"2026-04-08T13:39:12","slug":"organizasyonel-yapi","status":"publish","type":"page","link":"http:\/\/ticaret.edu.tr\/ticaret-ve-finans-enstitusu\/ana-sayfa\/enstitu\/organizasyonel-yapi\/","title":{"rendered":"Organizasyonel Yap\u0131"},"content":{"rendered":"<div style=\"max-width: 700px;margin: 0 auto;font-family: Arial, sans-serif;font-size: 14px;color: #333\">\n<p><!-- M\u00fcd\u00fcrl\u00fck --><\/p>\n<div style=\"border: 1px solid #ddd;border-left: 6px solid #ffc107;border-radius: 10px;padding: 16px;margin-bottom: 16px;background-color: #fdfdfd\">\n<p style=\"text-align: center\"><strong>M\u00fcd\u00fcr:<\/strong> Do\u00e7. Dr. Gencay KARAKAYA<\/p>\n<p style=\"text-align: center\"><strong>M\u00fcd\u00fcr Yard\u0131mc\u0131s\u0131:<\/strong> Do\u00e7. Dr. Yunus \u00d6ZCAN<\/p>\n<p style=\"text-align: center\"><strong>Ara\u015ft\u0131rma G\u00f6revlisi:<\/strong> Ar\u015f. G\u00f6r. Dr. \u015e\u00fcheda BARAN<\/p>\n<p style=\"text-align: center\"><strong>Enstit\u00fc Sekreteri:<\/strong> Dr. Sedat \u015eEKER<\/p>\n<p style=\"text-align: center\"><strong>Enstit\u00fc Uzman\u0131:<\/strong> Mihriban \u015eENOL<\/p>\n<\/div>\n<p><!-- Enstit\u00fc Kurulu --><\/p>\n<div style=\"border: 1px solid #ddd;border-left: 6px solid #ffc107;border-radius: 10px;padding: 16px;margin-bottom: 16px;background-color: #fdfdfd\">\n<h3 style=\"text-align: center;margin-top: 0\">Enstit\u00fc Kurulu<\/h3>\n<p style=\"text-align: center\">Do\u00e7. Dr. Gencay KARAKAYA (M\u00fcd\u00fcr)<\/p>\n<p style=\"text-align: center\">Do\u00e7. Dr. Yunus \u00d6ZCAN (M\u00fcd\u00fcr Yrd.)<\/p>\n<p style=\"text-align: center\">Prof. Dr. Ali Osman G\u00dcRB\u00dcZ<\/p>\n<p style=\"text-align: center\">Prof. Dr. Hicabi ERSOY<\/p>\n<p style=\"text-align: center\">Do\u00e7. Dr. S\u0131tk\u0131 S\u00d6NMEZER<\/p>\n<p style=\"text-align: center\">Dr. \u00d6\u011fr. \u00dcyesi Osman ALTAY<\/p>\n<\/div>\n<p><!-- Enstit\u00fc Y\u00f6netim Kurulu --><\/p>\n<div style=\"border: 1px solid #ddd;border-left: 6px solid #ffc107;border-radius: 10px;padding: 16px;background-color: #fdfdfd\">\n<h3 style=\"text-align: center;margin-top: 0\">Enstit\u00fc Y\u00f6netim Kurulu<\/h3>\n<p style=\"text-align: center\">Do\u00e7. Dr. Gencay KARAKAYA (M\u00fcd\u00fcr)<\/p>\n<p style=\"text-align: center\">Do\u00e7. Dr. Yunus \u00d6ZCAN (M\u00fcd\u00fcr Yrd.)<\/p>\n<p style=\"text-align: center\">Prof. Dr. Ali Osman G\u00dcRB\u00dcZ<\/p>\n<p style=\"text-align: center\">Prof. Dr. Hicabi ERSOY<\/p>\n<p style=\"text-align: center\">Do\u00e7. Dr. S\u0131tk\u0131 S\u00d6NMEZER<\/p>\n<\/div>\n<\/div>\n<p style=\"text-align: center\">\n","protected":false},"excerpt":{"rendered":"<p>M\u00fcd\u00fcr: Do\u00e7. Dr. Gencay KARAKAYA M\u00fcd\u00fcr Yard\u0131mc\u0131s\u0131: Do\u00e7. Dr. Yunus \u00d6ZCAN Ara\u015ft\u0131rma G\u00f6revlisi: Ar\u015f. G\u00f6r. Dr. \u015e\u00fcheda BARAN Enstit\u00fc Sekreteri: Dr. Sedat \u015eEKER Enstit\u00fc Uzman\u0131: Mihriban \u015eENOL Enstit\u00fc Kurulu Do\u00e7. Dr. Gencay KARAKAYA (M\u00fcd\u00fcr) Do\u00e7. Dr. Yunus \u00d6ZCAN (M\u00fcd\u00fcr Yrd.) Prof. Dr. Ali Osman G\u00dcRB\u00dcZ Prof. Dr. Hicabi ERSOY Do\u00e7. Dr. S\u0131tk\u0131 S\u00d6NMEZER Dr. \u00d6\u011fr. [&hellip;]<\/p>\n","protected":false},"author":92,"featured_media":0,"parent":27,"menu_order":0,"comment_status":"closed","ping_status":"closed","template":"genel_sayfa.php","meta":{"footnotes":""},"yoast_head":"<!-- This site is optimized with the Yoast SEO Premium plugin v22.1 (Yoast SEO v22.1) - https:\/\/yoast.com\/wordpress\/plugins\/seo\/ -->\n<title>Organizasyonel Yap\u0131 - Ticaret ve Finans Enstit\u00fcs\u00fc<\/title>\n<meta name=\"robots\" content=\"index, follow, max-snippet:-1, max-image-preview:large, max-video-preview:-1\" \/>\n<link rel=\"canonical\" href=\"http:\/\/ticaret.edu.tr\/ticaret-ve-finans-enstitusu\/ana-sayfa\/enstitu\/organizasyonel-yapi\/\" \/>\n<meta property=\"og:locale\" content=\"tr_TR\" \/>\n<meta property=\"og:type\" content=\"article\" \/>\n<meta property=\"og:title\" content=\"Organizasyonel Yap\u0131\" \/>\n<meta property=\"og:description\" content=\"M\u00fcd\u00fcr: Do\u00e7. Dr. Gencay KARAKAYA M\u00fcd\u00fcr Yard\u0131mc\u0131s\u0131: Do\u00e7. Dr. Yunus \u00d6ZCAN Ara\u015ft\u0131rma G\u00f6revlisi: Ar\u015f. G\u00f6r. Dr. \u015e\u00fcheda BARAN Enstit\u00fc Sekreteri: Dr. Sedat \u015eEKER Enstit\u00fc Uzman\u0131: Mihriban \u015eENOL Enstit\u00fc Kurulu Do\u00e7. Dr. Gencay KARAKAYA (M\u00fcd\u00fcr) Do\u00e7. Dr. Yunus \u00d6ZCAN (M\u00fcd\u00fcr Yrd.) Prof. Dr. Ali Osman G\u00dcRB\u00dcZ Prof. Dr. Hicabi ERSOY Do\u00e7. Dr. S\u0131tk\u0131 S\u00d6NMEZER Dr. \u00d6\u011fr. [&hellip;]\" \/>\n<meta property=\"og:url\" content=\"http:\/\/ticaret.edu.tr\/ticaret-ve-finans-enstitusu\/ana-sayfa\/enstitu\/organizasyonel-yapi\/\" \/>\n<meta property=\"og:site_name\" content=\"Ticaret ve Finans Enstit\u00fcs\u00fc\" \/>\n<meta property=\"article:publisher\" content=\"https:\/\/www.facebook.com\/ticaretedutr\" \/>\n<meta property=\"article:modified_time\" content=\"2026-04-08T13:39:12+00:00\" \/>\n<meta property=\"og:image\" content=\"http:\/\/ticaret.edu.tr\/ticaret-ve-finans-enstitusu\/wp-content\/uploads\/sites\/36\/2021\/11\/web_logo-01.jpg\" \/>\n\t<meta property=\"og:image:width\" content=\"1250\" \/>\n\t<meta property=\"og:image:height\" content=\"833\" \/>\n\t<meta property=\"og:image:type\" content=\"image\/jpeg\" \/>\n<meta name=\"twitter:card\" content=\"summary_large_image\" \/>\n<meta name=\"twitter:site\" content=\"@ticaretedutr\" \/>\n<meta name=\"twitter:label1\" content=\"Tahmini okuma s\u00fcresi\" \/>\n\t<meta name=\"twitter:data1\" content=\"1 dakika\" \/>\n<script type=\"application\/ld+json\" class=\"yoast-schema-graph\">{\"@context\":\"https:\/\/schema.org\",\"@graph\":[{\"@type\":\"WebPage\",\"@id\":\"http:\/\/ticaret.edu.tr\/ticaret-ve-finans-enstitusu\/ana-sayfa\/enstitu\/organizasyonel-yapi\/\",\"url\":\"http:\/\/ticaret.edu.tr\/ticaret-ve-finans-enstitusu\/ana-sayfa\/enstitu\/organizasyonel-yapi\/\",\"name\":\"Organizasyonel Yap\u0131 - Ticaret ve Finans Enstit\u00fcs\u00fc\",\"isPartOf\":{\"@id\":\"https:\/\/ticaret.edu.tr\/ticaret-ve-finans-enstitusu\/#website\"},\"datePublished\":\"2020-05-11T20:38:04+00:00\",\"dateModified\":\"2026-04-08T13:39:12+00:00\",\"breadcrumb\":{\"@id\":\"http:\/\/ticaret.edu.tr\/ticaret-ve-finans-enstitusu\/ana-sayfa\/enstitu\/organizasyonel-yapi\/#breadcrumb\"},\"inLanguage\":\"tr\",\"potentialAction\":[{\"@type\":\"ReadAction\",\"target\":[\"http:\/\/ticaret.edu.tr\/ticaret-ve-finans-enstitusu\/ana-sayfa\/enstitu\/organizasyonel-yapi\/\"]}]},{\"@type\":\"BreadcrumbList\",\"@id\":\"http:\/\/ticaret.edu.tr\/ticaret-ve-finans-enstitusu\/ana-sayfa\/enstitu\/organizasyonel-yapi\/#breadcrumb\",\"itemListElement\":[{\"@type\":\"ListItem\",\"position\":1,\"name\":\"Ana sayfa\",\"item\":\"https:\/\/ticaret.edu.tr\/ticaret-ve-finans-enstitusu\/\"},{\"@type\":\"ListItem\",\"position\":2,\"name\":\"Ana Sayfa\",\"item\":\"https:\/\/ticaret.edu.tr\/ticaret-ve-finans-enstitusu\/\"},{\"@type\":\"ListItem\",\"position\":3,\"name\":\"Enstit\u00fc\",\"item\":\"https:\/\/ticaret.edu.tr\/ticaret-ve-finans-enstitusu\/ana-sayfa\/enstitu\/\"},{\"@type\":\"ListItem\",\"position\":4,\"name\":\"Organizasyonel Yap\u0131\"}]},{\"@type\":\"WebSite\",\"@id\":\"https:\/\/ticaret.edu.tr\/ticaret-ve-finans-enstitusu\/#website\",\"url\":\"https:\/\/ticaret.edu.tr\/ticaret-ve-finans-enstitusu\/\",\"name\":\"Ticaret ve Finans Enstit\u00fcs\u00fc\",\"description\":\"\",\"potentialAction\":[{\"@type\":\"SearchAction\",\"target\":{\"@type\":\"EntryPoint\",\"urlTemplate\":\"https:\/\/ticaret.edu.tr\/ticaret-ve-finans-enstitusu\/?s={search_term_string}\"},\"query-input\":\"required name=search_term_string\"}],\"inLanguage\":\"tr\"}]}<\/script>\n<!-- \/ Yoast SEO Premium plugin. -->","yoast_head_json":{"title":"Organizasyonel Yap\u0131 - Ticaret ve Finans Enstit\u00fcs\u00fc","robots":{"index":"index","follow":"follow","max-snippet":"max-snippet:-1","max-image-preview":"max-image-preview:large","max-video-preview":"max-video-preview:-1"},"canonical":"http:\/\/ticaret.edu.tr\/ticaret-ve-finans-enstitusu\/ana-sayfa\/enstitu\/organizasyonel-yapi\/","og_locale":"tr_TR","og_type":"article","og_title":"Organizasyonel Yap\u0131","og_description":"M\u00fcd\u00fcr: Do\u00e7. Dr. Gencay KARAKAYA M\u00fcd\u00fcr Yard\u0131mc\u0131s\u0131: Do\u00e7. Dr. Yunus \u00d6ZCAN Ara\u015ft\u0131rma G\u00f6revlisi: Ar\u015f. G\u00f6r. Dr. \u015e\u00fcheda BARAN Enstit\u00fc Sekreteri: Dr. Sedat \u015eEKER Enstit\u00fc Uzman\u0131: Mihriban \u015eENOL Enstit\u00fc Kurulu Do\u00e7. Dr. Gencay KARAKAYA (M\u00fcd\u00fcr) Do\u00e7. Dr. Yunus \u00d6ZCAN (M\u00fcd\u00fcr Yrd.) Prof. Dr. Ali Osman G\u00dcRB\u00dcZ Prof. Dr. Hicabi ERSOY Do\u00e7. Dr. S\u0131tk\u0131 S\u00d6NMEZER Dr. \u00d6\u011fr. [&hellip;]","og_url":"http:\/\/ticaret.edu.tr\/ticaret-ve-finans-enstitusu\/ana-sayfa\/enstitu\/organizasyonel-yapi\/","og_site_name":"Ticaret ve Finans Enstit\u00fcs\u00fc","article_publisher":"https:\/\/www.facebook.com\/ticaretedutr","article_modified_time":"2026-04-08T13:39:12+00:00","og_image":[{"width":1250,"height":833,"url":"http:\/\/ticaret.edu.tr\/ticaret-ve-finans-enstitusu\/wp-content\/uploads\/sites\/36\/2021\/11\/web_logo-01.jpg","type":"image\/jpeg"}],"twitter_card":"summary_large_image","twitter_site":"@ticaretedutr","twitter_misc":{"Tahmini okuma s\u00fcresi":"1 dakika"},"schema":{"@context":"https:\/\/schema.org","@graph":[{"@type":"WebPage","@id":"http:\/\/ticaret.edu.tr\/ticaret-ve-finans-enstitusu\/ana-sayfa\/enstitu\/organizasyonel-yapi\/","url":"http:\/\/ticaret.edu.tr\/ticaret-ve-finans-enstitusu\/ana-sayfa\/enstitu\/organizasyonel-yapi\/","name":"Organizasyonel Yap\u0131 - Ticaret ve Finans Enstit\u00fcs\u00fc","isPartOf":{"@id":"https:\/\/ticaret.edu.tr\/ticaret-ve-finans-enstitusu\/#website"},"datePublished":"2020-05-11T20:38:04+00:00","dateModified":"2026-04-08T13:39:12+00:00","breadcrumb":{"@id":"http:\/\/ticaret.edu.tr\/ticaret-ve-finans-enstitusu\/ana-sayfa\/enstitu\/organizasyonel-yapi\/#breadcrumb"},"inLanguage":"tr","potentialAction":[{"@type":"ReadAction","target":["http:\/\/ticaret.edu.tr\/ticaret-ve-finans-enstitusu\/ana-sayfa\/enstitu\/organizasyonel-yapi\/"]}]},{"@type":"BreadcrumbList","@id":"http:\/\/ticaret.edu.tr\/ticaret-ve-finans-enstitusu\/ana-sayfa\/enstitu\/organizasyonel-yapi\/#breadcrumb","itemListElement":[{"@type":"ListItem","position":1,"name":"Ana sayfa","item":"https:\/\/ticaret.edu.tr\/ticaret-ve-finans-enstitusu\/"},{"@type":"ListItem","position":2,"name":"Ana Sayfa","item":"https:\/\/ticaret.edu.tr\/ticaret-ve-finans-enstitusu\/"},{"@type":"ListItem","position":3,"name":"Enstit\u00fc","item":"https:\/\/ticaret.edu.tr\/ticaret-ve-finans-enstitusu\/ana-sayfa\/enstitu\/"},{"@type":"ListItem","position":4,"name":"Organizasyonel Yap\u0131"}]},{"@type":"WebSite","@id":"https:\/\/ticaret.edu.tr\/ticaret-ve-finans-enstitusu\/#website","url":"https:\/\/ticaret.edu.tr\/ticaret-ve-finans-enstitusu\/","name":"Ticaret ve Finans Enstit\u00fcs\u00fc","description":"","potentialAction":[{"@type":"SearchAction","target":{"@type":"EntryPoint","urlTemplate":"https:\/\/ticaret.edu.tr\/ticaret-ve-finans-enstitusu\/?s={search_term_string}"},"query-input":"required name=search_term_string"}],"inLanguage":"tr"}]}},"lang":"tr","translations":{"en":3196,"tr":275},"pll_sync_post":[],"_links":{"self":[{"href":"http:\/\/ticaret.edu.tr\/ticaret-ve-finans-enstitusu\/wp-json\/wp\/v2\/pages\/275"}],"collection":[{"href":"http:\/\/ticaret.edu.tr\/ticaret-ve-finans-enstitusu\/wp-json\/wp\/v2\/pages"}],"about":[{"href":"http:\/\/ticaret.edu.tr\/ticaret-ve-finans-enstitusu\/wp-json\/wp\/v2\/types\/page"}],"author":[{"embeddable":true,"href":"http:\/\/ticaret.edu.tr\/ticaret-ve-finans-enstitusu\/wp-json\/wp\/v2\/users\/92"}],"replies":[{"embeddable":true,"href":"http:\/\/ticaret.edu.tr\/ticaret-ve-finans-enstitusu\/wp-json\/wp\/v2\/comments?post=275"}],"version-history":[{"count":23,"href":"http:\/\/ticaret.edu.tr\/ticaret-ve-finans-enstitusu\/wp-json\/wp\/v2\/pages\/275\/revisions"}],"predecessor-version":[{"id":2422,"href":"http:\/\/ticaret.edu.tr\/ticaret-ve-finans-enstitusu\/wp-json\/wp\/v2\/pages\/275\/revisions\/2422"}],"up":[{"embeddable":true,"href":"http:\/\/ticaret.edu.tr\/ticaret-ve-finans-enstitusu\/wp-json\/wp\/v2\/pages\/27"}],"wp:attachment":[{"href":"http:\/\/ticaret.edu.tr\/ticaret-ve-finans-enstitusu\/wp-json\/wp\/v2\/media?parent=275"}],"curies":[{"name":"wp","href":"https:\/\/api.w.org\/{rel}","templated":true}]}}