{"id":279,"date":"2020-05-11T23:38:53","date_gmt":"2020-05-11T20:38:53","guid":{"rendered":"http:\/\/ticaret.edu.tr\/finans\/?page_id=279"},"modified":"2025-11-06T12:07:18","modified_gmt":"2025-11-06T09:07:18","slug":"kalite-komisyon-uyeleri","status":"publish","type":"page","link":"http:\/\/ticaret.edu.tr\/ticaret-ve-finans-enstitusu\/ana-sayfa\/enstitu\/kalite-komisyon-uyeleri\/","title":{"rendered":"Kalite Komisyonu \u00dcyeleri"},"content":{"rendered":"<ul>\n<li>Do\u00e7. Dr. Gencay KARAKAYA (M\u00fcd\u00fcr)<\/li>\n<li>Do\u00e7. Dr. Yunus \u00d6ZCAN (M\u00fcd\u00fcr Yrd.)<\/li>\n<li>Prof. Dr. Hicabi ERSOY<\/li>\n<li>Ahmet KOCABA\u015e (Y\u00fcksek Lisans \u00d6\u011frencisi)<\/li>\n<\/ul>\n","protected":false},"excerpt":{"rendered":"<p>Do\u00e7. Dr. Gencay KARAKAYA (M\u00fcd\u00fcr) Do\u00e7. Dr. Yunus \u00d6ZCAN (M\u00fcd\u00fcr Yrd.) Prof. Dr. Hicabi ERSOY Ahmet KOCABA\u015e (Y\u00fcksek Lisans \u00d6\u011frencisi)<\/p>\n","protected":false},"author":92,"featured_media":0,"parent":27,"menu_order":0,"comment_status":"closed","ping_status":"closed","template":"genel_sayfa.php","meta":{"footnotes":""},"yoast_head":"<!-- This site is optimized with the Yoast SEO Premium plugin v22.1 (Yoast SEO v22.1) - https:\/\/yoast.com\/wordpress\/plugins\/seo\/ -->\n<title>Kalite Komisyonu \u00dcyeleri - Ticaret ve Finans Enstit\u00fcs\u00fc<\/title>\n<meta name=\"robots\" content=\"index, follow, max-snippet:-1, max-image-preview:large, max-video-preview:-1\" \/>\n<link rel=\"canonical\" href=\"http:\/\/ticaret.edu.tr\/ticaret-ve-finans-enstitusu\/ana-sayfa\/enstitu\/kalite-komisyon-uyeleri\/\" \/>\n<meta property=\"og:locale\" content=\"tr_TR\" \/>\n<meta property=\"og:type\" content=\"article\" \/>\n<meta property=\"og:title\" content=\"Kalite Komisyonu \u00dcyeleri\" \/>\n<meta property=\"og:description\" content=\"Do\u00e7. Dr. Gencay KARAKAYA (M\u00fcd\u00fcr) Do\u00e7. Dr. Yunus \u00d6ZCAN (M\u00fcd\u00fcr Yrd.) Prof. Dr. Hicabi ERSOY Ahmet KOCABA\u015e (Y\u00fcksek Lisans \u00d6\u011frencisi)\" \/>\n<meta property=\"og:url\" content=\"http:\/\/ticaret.edu.tr\/ticaret-ve-finans-enstitusu\/ana-sayfa\/enstitu\/kalite-komisyon-uyeleri\/\" \/>\n<meta property=\"og:site_name\" content=\"Ticaret ve Finans Enstit\u00fcs\u00fc\" \/>\n<meta property=\"article:publisher\" content=\"https:\/\/www.facebook.com\/ticaretedutr\" \/>\n<meta property=\"article:modified_time\" content=\"2025-11-06T09:07:18+00:00\" \/>\n<meta property=\"og:image\" content=\"http:\/\/ticaret.edu.tr\/ticaret-ve-finans-enstitusu\/wp-content\/uploads\/sites\/36\/2021\/11\/web_logo-01.jpg\" \/>\n\t<meta property=\"og:image:width\" content=\"1250\" \/>\n\t<meta property=\"og:image:height\" content=\"833\" \/>\n\t<meta property=\"og:image:type\" content=\"image\/jpeg\" \/>\n<meta name=\"twitter:card\" content=\"summary_large_image\" \/>\n<meta name=\"twitter:site\" content=\"@ticaretedutr\" \/>\n<meta name=\"twitter:label1\" content=\"Tahmini okuma s\u00fcresi\" \/>\n\t<meta name=\"twitter:data1\" content=\"1 dakika\" \/>\n<script type=\"application\/ld+json\" class=\"yoast-schema-graph\">{\"@context\":\"https:\/\/schema.org\",\"@graph\":[{\"@type\":\"WebPage\",\"@id\":\"http:\/\/ticaret.edu.tr\/ticaret-ve-finans-enstitusu\/ana-sayfa\/enstitu\/kalite-komisyon-uyeleri\/\",\"url\":\"http:\/\/ticaret.edu.tr\/ticaret-ve-finans-enstitusu\/ana-sayfa\/enstitu\/kalite-komisyon-uyeleri\/\",\"name\":\"Kalite Komisyonu \u00dcyeleri - Ticaret ve Finans Enstit\u00fcs\u00fc\",\"isPartOf\":{\"@id\":\"https:\/\/ticaret.edu.tr\/ticaret-ve-finans-enstitusu\/#website\"},\"datePublished\":\"2020-05-11T20:38:53+00:00\",\"dateModified\":\"2025-11-06T09:07:18+00:00\",\"breadcrumb\":{\"@id\":\"http:\/\/ticaret.edu.tr\/ticaret-ve-finans-enstitusu\/ana-sayfa\/enstitu\/kalite-komisyon-uyeleri\/#breadcrumb\"},\"inLanguage\":\"tr\",\"potentialAction\":[{\"@type\":\"ReadAction\",\"target\":[\"http:\/\/ticaret.edu.tr\/ticaret-ve-finans-enstitusu\/ana-sayfa\/enstitu\/kalite-komisyon-uyeleri\/\"]}]},{\"@type\":\"BreadcrumbList\",\"@id\":\"http:\/\/ticaret.edu.tr\/ticaret-ve-finans-enstitusu\/ana-sayfa\/enstitu\/kalite-komisyon-uyeleri\/#breadcrumb\",\"itemListElement\":[{\"@type\":\"ListItem\",\"position\":1,\"name\":\"Ana sayfa\",\"item\":\"https:\/\/ticaret.edu.tr\/ticaret-ve-finans-enstitusu\/\"},{\"@type\":\"ListItem\",\"position\":2,\"name\":\"Ana Sayfa\",\"item\":\"https:\/\/ticaret.edu.tr\/ticaret-ve-finans-enstitusu\/\"},{\"@type\":\"ListItem\",\"position\":3,\"name\":\"Enstit\u00fc\",\"item\":\"http:\/\/ticaret.edu.tr\/ticaret-ve-finans-enstitusu\/ana-sayfa\/enstitu\/\"},{\"@type\":\"ListItem\",\"position\":4,\"name\":\"Kalite Komisyonu \u00dcyeleri\"}]},{\"@type\":\"WebSite\",\"@id\":\"https:\/\/ticaret.edu.tr\/ticaret-ve-finans-enstitusu\/#website\",\"url\":\"https:\/\/ticaret.edu.tr\/ticaret-ve-finans-enstitusu\/\",\"name\":\"Ticaret ve Finans Enstit\u00fcs\u00fc\",\"description\":\"\",\"potentialAction\":[{\"@type\":\"SearchAction\",\"target\":{\"@type\":\"EntryPoint\",\"urlTemplate\":\"https:\/\/ticaret.edu.tr\/ticaret-ve-finans-enstitusu\/?s={search_term_string}\"},\"query-input\":\"required name=search_term_string\"}],\"inLanguage\":\"tr\"}]}<\/script>\n<!-- \/ Yoast SEO Premium plugin. -->","yoast_head_json":{"title":"Kalite Komisyonu \u00dcyeleri - Ticaret ve Finans Enstit\u00fcs\u00fc","robots":{"index":"index","follow":"follow","max-snippet":"max-snippet:-1","max-image-preview":"max-image-preview:large","max-video-preview":"max-video-preview:-1"},"canonical":"http:\/\/ticaret.edu.tr\/ticaret-ve-finans-enstitusu\/ana-sayfa\/enstitu\/kalite-komisyon-uyeleri\/","og_locale":"tr_TR","og_type":"article","og_title":"Kalite Komisyonu \u00dcyeleri","og_description":"Do\u00e7. Dr. Gencay KARAKAYA (M\u00fcd\u00fcr) Do\u00e7. Dr. Yunus \u00d6ZCAN (M\u00fcd\u00fcr Yrd.) Prof. Dr. Hicabi ERSOY Ahmet KOCABA\u015e (Y\u00fcksek Lisans \u00d6\u011frencisi)","og_url":"http:\/\/ticaret.edu.tr\/ticaret-ve-finans-enstitusu\/ana-sayfa\/enstitu\/kalite-komisyon-uyeleri\/","og_site_name":"Ticaret ve Finans Enstit\u00fcs\u00fc","article_publisher":"https:\/\/www.facebook.com\/ticaretedutr","article_modified_time":"2025-11-06T09:07:18+00:00","og_image":[{"width":1250,"height":833,"url":"http:\/\/ticaret.edu.tr\/ticaret-ve-finans-enstitusu\/wp-content\/uploads\/sites\/36\/2021\/11\/web_logo-01.jpg","type":"image\/jpeg"}],"twitter_card":"summary_large_image","twitter_site":"@ticaretedutr","twitter_misc":{"Tahmini okuma s\u00fcresi":"1 dakika"},"schema":{"@context":"https:\/\/schema.org","@graph":[{"@type":"WebPage","@id":"http:\/\/ticaret.edu.tr\/ticaret-ve-finans-enstitusu\/ana-sayfa\/enstitu\/kalite-komisyon-uyeleri\/","url":"http:\/\/ticaret.edu.tr\/ticaret-ve-finans-enstitusu\/ana-sayfa\/enstitu\/kalite-komisyon-uyeleri\/","name":"Kalite Komisyonu \u00dcyeleri - Ticaret ve Finans Enstit\u00fcs\u00fc","isPartOf":{"@id":"https:\/\/ticaret.edu.tr\/ticaret-ve-finans-enstitusu\/#website"},"datePublished":"2020-05-11T20:38:53+00:00","dateModified":"2025-11-06T09:07:18+00:00","breadcrumb":{"@id":"http:\/\/ticaret.edu.tr\/ticaret-ve-finans-enstitusu\/ana-sayfa\/enstitu\/kalite-komisyon-uyeleri\/#breadcrumb"},"inLanguage":"tr","potentialAction":[{"@type":"ReadAction","target":["http:\/\/ticaret.edu.tr\/ticaret-ve-finans-enstitusu\/ana-sayfa\/enstitu\/kalite-komisyon-uyeleri\/"]}]},{"@type":"BreadcrumbList","@id":"http:\/\/ticaret.edu.tr\/ticaret-ve-finans-enstitusu\/ana-sayfa\/enstitu\/kalite-komisyon-uyeleri\/#breadcrumb","itemListElement":[{"@type":"ListItem","position":1,"name":"Ana sayfa","item":"https:\/\/ticaret.edu.tr\/ticaret-ve-finans-enstitusu\/"},{"@type":"ListItem","position":2,"name":"Ana Sayfa","item":"https:\/\/ticaret.edu.tr\/ticaret-ve-finans-enstitusu\/"},{"@type":"ListItem","position":3,"name":"Enstit\u00fc","item":"http:\/\/ticaret.edu.tr\/ticaret-ve-finans-enstitusu\/ana-sayfa\/enstitu\/"},{"@type":"ListItem","position":4,"name":"Kalite Komisyonu \u00dcyeleri"}]},{"@type":"WebSite","@id":"https:\/\/ticaret.edu.tr\/ticaret-ve-finans-enstitusu\/#website","url":"https:\/\/ticaret.edu.tr\/ticaret-ve-finans-enstitusu\/","name":"Ticaret ve Finans Enstit\u00fcs\u00fc","description":"","potentialAction":[{"@type":"SearchAction","target":{"@type":"EntryPoint","urlTemplate":"https:\/\/ticaret.edu.tr\/ticaret-ve-finans-enstitusu\/?s={search_term_string}"},"query-input":"required name=search_term_string"}],"inLanguage":"tr"}]}},"lang":"tr","translations":{"tr":279},"pll_sync_post":[],"_links":{"self":[{"href":"http:\/\/ticaret.edu.tr\/ticaret-ve-finans-enstitusu\/wp-json\/wp\/v2\/pages\/279"}],"collection":[{"href":"http:\/\/ticaret.edu.tr\/ticaret-ve-finans-enstitusu\/wp-json\/wp\/v2\/pages"}],"about":[{"href":"http:\/\/ticaret.edu.tr\/ticaret-ve-finans-enstitusu\/wp-json\/wp\/v2\/types\/page"}],"author":[{"embeddable":true,"href":"http:\/\/ticaret.edu.tr\/ticaret-ve-finans-enstitusu\/wp-json\/wp\/v2\/users\/92"}],"replies":[{"embeddable":true,"href":"http:\/\/ticaret.edu.tr\/ticaret-ve-finans-enstitusu\/wp-json\/wp\/v2\/comments?post=279"}],"version-history":[{"count":16,"href":"http:\/\/ticaret.edu.tr\/ticaret-ve-finans-enstitusu\/wp-json\/wp\/v2\/pages\/279\/revisions"}],"predecessor-version":[{"id":3037,"href":"http:\/\/ticaret.edu.tr\/ticaret-ve-finans-enstitusu\/wp-json\/wp\/v2\/pages\/279\/revisions\/3037"}],"up":[{"embeddable":true,"href":"http:\/\/ticaret.edu.tr\/ticaret-ve-finans-enstitusu\/wp-json\/wp\/v2\/pages\/27"}],"wp:attachment":[{"href":"http:\/\/ticaret.edu.tr\/ticaret-ve-finans-enstitusu\/wp-json\/wp\/v2\/media?parent=279"}],"curies":[{"name":"wp","href":"https:\/\/api.w.org\/{rel}","templated":true}]}}