{"id":3059,"date":"2025-11-19T11:53:13","date_gmt":"2025-11-19T08:53:13","guid":{"rendered":"https:\/\/ticaret.edu.tr\/ticaret-ve-finans-enstitusu\/?page_id=3059"},"modified":"2025-11-19T11:53:13","modified_gmt":"2025-11-19T08:53:13","slug":"misyon-ve-vizyon","status":"publish","type":"page","link":"http:\/\/ticaret.edu.tr\/ticaret-ve-finans-enstitusu\/ana-sayfa\/misyon-ve-vizyon\/","title":{"rendered":"Misyon ve Vizyon"},"content":{"rendered":"<div style=\"max-width: 1000px; margin: 40px auto; font-family: 'Segoe UI', Tahoma, Geneva, Verdana, sans-serif;\">\n<p><!-- KART 1: M\u0130SYON --><\/p>\n<div style=\"background: #fff; border-left: 6px solid #ffc107; border-radius: 12px; padding: 20px; margin-bottom: 25px;\">\n<h3 style=\"margin-top: 0; margin-bottom: 10px; color: #000; font-weight: bold; border-bottom: 2px solid #ffc107; padding-bottom: 4px;\">Misyon<\/h3>\n<p style=\"margin: 0; line-height: 1.6; color: #000;\">Bilimsel ara\u015ft\u0131rma, yenilik\u00e7i \u00f6\u011fretim y\u00f6ntemleri ve uygulamal\u0131 e\u011fitim anlay\u0131\u015f\u0131yla\u00a0ticaret, finans, bankac\u0131l\u0131k, sigorta ve sermaye piyasalar\u0131 alanlar\u0131nda nitelikli, analitik d\u00fc\u015f\u00fcnebilen, etik de\u011ferlere ba\u011fl\u0131 ve k\u00fcresel rekabet g\u00fcc\u00fcne sahip\u00a0bireyler yeti\u015ftirmek. Akademi ve i\u015f d\u00fcnyas\u0131 aras\u0131ndaki etkile\u015fimi g\u00fc\u00e7lendirerek, bilimsel bilgi \u00fcretimi ve aktar\u0131m\u0131yla topluma ve ekonomiye katma de\u011fer sa\u011flamak.<\/p>\n<\/div>\n<p><!-- KART 2: V\u0130ZYON --><\/p>\n<div style=\"background: #fff; border-left: 6px solid #ffc107; border-radius: 12px; padding: 20px; margin-bottom: 25px;\">\n<h3 style=\"margin-top: 0; margin-bottom: 10px; color: #000; font-weight: bold; border-bottom: 2px solid #ffc107; padding-bottom: 4px;\">Vizyon<\/h3>\n<p style=\"margin: 0; line-height: 1.6; color: #000;\">Ticaret ve Finans Enstit\u00fcs\u00fc, ticaret, finans, bankac\u0131l\u0131k, sigorta ve sermaye piyasalar\u0131 alanlar\u0131nda y\u00fcr\u00fctt\u00fc\u011f\u00fc e\u011fitim-\u00f6\u011fretim, ara\u015ft\u0131rma ve proje faaliyetleriyle ulusal ve uluslararas\u0131 d\u00fczeyde referans bir akademik merkez olmay\u0131 hedefler. Bilimsel ara\u015ft\u0131rma, yenilik\u00e7i \u00f6\u011fretim y\u00f6ntemleri ve uygulamal\u0131 e\u011fitim anlay\u0131\u015f\u0131yla nitelikli, analitik d\u00fc\u015f\u00fcnebilen, etik de\u011ferlere ba\u011fl\u0131 ve k\u00fcresel rekabet g\u00fcc\u00fcne sahip bireyler yeti\u015ftirir. Akademi ve i\u015f d\u00fcnyas\u0131 aras\u0131ndaki etkile\u015fimi g\u00fc\u00e7lendirerek, bilimsel bilgi \u00fcretimi ve aktar\u0131m\u0131yla topluma ve ekonomiye katma de\u011fer sa\u011flar; bilimsel yenilik, s\u00fcrd\u00fcr\u00fclebilir kalk\u0131nma ve i\u015f d\u00fcnyas\u0131yla stratejik i\u015f birlikleri yoluyla topluma y\u00f6n veren \u00f6nc\u00fc bir enstit\u00fc kimli\u011fi kazanmay\u0131 ama\u00e7lar.<\/p>\n<\/div>\n<p><!-- KART 3: TEMEL DE\u011eERLER --><\/p>\n<div style=\"background: #fff; border-left: 6px solid #ffc107; border-radius: 12px; padding: 20px;\">\n<h3 style=\"margin-top: 0; margin-bottom: 10px; color: #000; font-weight: bold; border-bottom: 2px solid #ffc107; padding-bottom: 4px;\">Temel De\u011ferler<\/h3>\n<ul style=\"margin: 0; padding-left: 20px; line-height: 1.6; color: #000;\">\n<li>Bilimsel ve Ele\u015ftirel D\u00fc\u015f\u00fcnce<\/li>\n<li>Etik \u0130lkeler ve Akademik D\u00fcr\u00fcstl\u00fck<\/li>\n<li>Uygulama Odakl\u0131l\u0131k ve Sekt\u00f6rle G\u00fc\u00e7l\u00fc \u0130\u015fbirli\u011fi<\/li>\n<li>Yenilik\u00e7ilik ve Dijital D\u00f6n\u00fc\u015f\u00fcm<\/li>\n<li>S\u00fcrd\u00fcr\u00fclebilirlik ve Toplumsal Katk\u0131<\/li>\n<li>K\u00fcresel Perspektif ve Rekabet G\u00fcc\u00fc<\/li>\n<li>Giri\u015fimcilik, Yenilik ve De\u011fer Yaratma<\/li>\n<li>\u00d6\u011frenci ve \u00d6\u011frenme Odakl\u0131l\u0131k<\/li>\n<li>\u00c7e\u015fitlilik, Kat\u0131l\u0131mc\u0131l\u0131k ve Kapsay\u0131c\u0131l\u0131k<\/li>\n<li>Kalite Odakl\u0131l\u0131k ve S\u00fcrekli \u0130yile\u015ftirme<\/li>\n<\/ul>\n<\/div>\n<\/div>\n","protected":false},"excerpt":{"rendered":"<p>Misyon Bilimsel ara\u015ft\u0131rma, yenilik\u00e7i \u00f6\u011fretim y\u00f6ntemleri ve uygulamal\u0131 e\u011fitim anlay\u0131\u015f\u0131yla\u00a0ticaret, finans, bankac\u0131l\u0131k, sigorta ve sermaye piyasalar\u0131 alanlar\u0131nda nitelikli, analitik d\u00fc\u015f\u00fcnebilen, etik de\u011ferlere ba\u011fl\u0131 ve k\u00fcresel rekabet g\u00fcc\u00fcne sahip\u00a0bireyler yeti\u015ftirmek. Akademi ve i\u015f d\u00fcnyas\u0131 aras\u0131ndaki etkile\u015fimi g\u00fc\u00e7lendirerek, bilimsel bilgi \u00fcretimi ve aktar\u0131m\u0131yla topluma ve ekonomiye katma de\u011fer sa\u011flamak. Vizyon Ticaret ve Finans Enstit\u00fcs\u00fc, ticaret, finans, bankac\u0131l\u0131k, [&hellip;]<\/p>\n","protected":false},"author":87,"featured_media":0,"parent":5,"menu_order":0,"comment_status":"closed","ping_status":"closed","template":"genel_sayfa.php","meta":{"footnotes":""},"yoast_head":"<!-- This site is optimized with the Yoast SEO Premium plugin v22.1 (Yoast SEO v22.1) - https:\/\/yoast.com\/wordpress\/plugins\/seo\/ -->\n<title>Misyon ve Vizyon - Ticaret ve Finans Enstit\u00fcs\u00fc<\/title>\n<meta name=\"robots\" content=\"index, follow, max-snippet:-1, max-image-preview:large, max-video-preview:-1\" \/>\n<link rel=\"canonical\" href=\"https:\/\/ticaret.edu.tr\/ticaret-ve-finans-enstitusu\/ana-sayfa\/misyon-ve-vizyon\/\" \/>\n<meta property=\"og:locale\" content=\"tr_TR\" \/>\n<meta property=\"og:type\" content=\"article\" \/>\n<meta property=\"og:title\" content=\"Misyon ve Vizyon\" \/>\n<meta property=\"og:description\" content=\"Misyon Bilimsel ara\u015ft\u0131rma, yenilik\u00e7i \u00f6\u011fretim y\u00f6ntemleri ve uygulamal\u0131 e\u011fitim anlay\u0131\u015f\u0131yla\u00a0ticaret, finans, bankac\u0131l\u0131k, sigorta ve sermaye piyasalar\u0131 alanlar\u0131nda nitelikli, analitik d\u00fc\u015f\u00fcnebilen, etik de\u011ferlere ba\u011fl\u0131 ve k\u00fcresel rekabet g\u00fcc\u00fcne sahip\u00a0bireyler yeti\u015ftirmek. Akademi ve i\u015f d\u00fcnyas\u0131 aras\u0131ndaki etkile\u015fimi g\u00fc\u00e7lendirerek, bilimsel bilgi \u00fcretimi ve aktar\u0131m\u0131yla topluma ve ekonomiye katma de\u011fer sa\u011flamak. Vizyon Ticaret ve Finans Enstit\u00fcs\u00fc, ticaret, finans, bankac\u0131l\u0131k, [&hellip;]\" \/>\n<meta property=\"og:url\" content=\"https:\/\/ticaret.edu.tr\/ticaret-ve-finans-enstitusu\/ana-sayfa\/misyon-ve-vizyon\/\" \/>\n<meta property=\"og:site_name\" content=\"Ticaret ve Finans Enstit\u00fcs\u00fc\" \/>\n<meta property=\"article:publisher\" content=\"https:\/\/www.facebook.com\/ticaretedutr\" \/>\n<meta property=\"og:image\" content=\"http:\/\/ticaret.edu.tr\/ticaret-ve-finans-enstitusu\/wp-content\/uploads\/sites\/36\/2021\/11\/web_logo-01.jpg\" \/>\n\t<meta property=\"og:image:width\" content=\"1250\" \/>\n\t<meta property=\"og:image:height\" content=\"833\" \/>\n\t<meta property=\"og:image:type\" content=\"image\/jpeg\" \/>\n<meta name=\"twitter:card\" content=\"summary_large_image\" \/>\n<meta name=\"twitter:site\" content=\"@ticaretedutr\" \/>\n<meta name=\"twitter:label1\" content=\"Tahmini okuma s\u00fcresi\" \/>\n\t<meta name=\"twitter:data1\" content=\"2 dakika\" \/>\n<script type=\"application\/ld+json\" class=\"yoast-schema-graph\">{\"@context\":\"https:\/\/schema.org\",\"@graph\":[{\"@type\":\"WebPage\",\"@id\":\"https:\/\/ticaret.edu.tr\/ticaret-ve-finans-enstitusu\/ana-sayfa\/misyon-ve-vizyon\/\",\"url\":\"https:\/\/ticaret.edu.tr\/ticaret-ve-finans-enstitusu\/ana-sayfa\/misyon-ve-vizyon\/\",\"name\":\"Misyon ve Vizyon - Ticaret ve Finans Enstit\u00fcs\u00fc\",\"isPartOf\":{\"@id\":\"https:\/\/ticaret.edu.tr\/ticaret-ve-finans-enstitusu\/#website\"},\"datePublished\":\"2025-11-19T08:53:13+00:00\",\"dateModified\":\"2025-11-19T08:53:13+00:00\",\"breadcrumb\":{\"@id\":\"https:\/\/ticaret.edu.tr\/ticaret-ve-finans-enstitusu\/ana-sayfa\/misyon-ve-vizyon\/#breadcrumb\"},\"inLanguage\":\"tr\",\"potentialAction\":[{\"@type\":\"ReadAction\",\"target\":[\"https:\/\/ticaret.edu.tr\/ticaret-ve-finans-enstitusu\/ana-sayfa\/misyon-ve-vizyon\/\"]}]},{\"@type\":\"BreadcrumbList\",\"@id\":\"https:\/\/ticaret.edu.tr\/ticaret-ve-finans-enstitusu\/ana-sayfa\/misyon-ve-vizyon\/#breadcrumb\",\"itemListElement\":[{\"@type\":\"ListItem\",\"position\":1,\"name\":\"Ana sayfa\",\"item\":\"https:\/\/ticaret.edu.tr\/ticaret-ve-finans-enstitusu\/\"},{\"@type\":\"ListItem\",\"position\":2,\"name\":\"Ana Sayfa\",\"item\":\"https:\/\/ticaret.edu.tr\/ticaret-ve-finans-enstitusu\/\"},{\"@type\":\"ListItem\",\"position\":3,\"name\":\"Misyon ve Vizyon\"}]},{\"@type\":\"WebSite\",\"@id\":\"https:\/\/ticaret.edu.tr\/ticaret-ve-finans-enstitusu\/#website\",\"url\":\"https:\/\/ticaret.edu.tr\/ticaret-ve-finans-enstitusu\/\",\"name\":\"Ticaret ve Finans Enstit\u00fcs\u00fc\",\"description\":\"\",\"potentialAction\":[{\"@type\":\"SearchAction\",\"target\":{\"@type\":\"EntryPoint\",\"urlTemplate\":\"https:\/\/ticaret.edu.tr\/ticaret-ve-finans-enstitusu\/?s={search_term_string}\"},\"query-input\":\"required name=search_term_string\"}],\"inLanguage\":\"tr\"}]}<\/script>\n<!-- \/ Yoast SEO Premium plugin. -->","yoast_head_json":{"title":"Misyon ve Vizyon - Ticaret ve Finans Enstit\u00fcs\u00fc","robots":{"index":"index","follow":"follow","max-snippet":"max-snippet:-1","max-image-preview":"max-image-preview:large","max-video-preview":"max-video-preview:-1"},"canonical":"https:\/\/ticaret.edu.tr\/ticaret-ve-finans-enstitusu\/ana-sayfa\/misyon-ve-vizyon\/","og_locale":"tr_TR","og_type":"article","og_title":"Misyon ve Vizyon","og_description":"Misyon Bilimsel ara\u015ft\u0131rma, yenilik\u00e7i \u00f6\u011fretim y\u00f6ntemleri ve uygulamal\u0131 e\u011fitim anlay\u0131\u015f\u0131yla\u00a0ticaret, finans, bankac\u0131l\u0131k, sigorta ve sermaye piyasalar\u0131 alanlar\u0131nda nitelikli, analitik d\u00fc\u015f\u00fcnebilen, etik de\u011ferlere ba\u011fl\u0131 ve k\u00fcresel rekabet g\u00fcc\u00fcne sahip\u00a0bireyler yeti\u015ftirmek. Akademi ve i\u015f d\u00fcnyas\u0131 aras\u0131ndaki etkile\u015fimi g\u00fc\u00e7lendirerek, bilimsel bilgi \u00fcretimi ve aktar\u0131m\u0131yla topluma ve ekonomiye katma de\u011fer sa\u011flamak. Vizyon Ticaret ve Finans Enstit\u00fcs\u00fc, ticaret, finans, bankac\u0131l\u0131k, [&hellip;]","og_url":"https:\/\/ticaret.edu.tr\/ticaret-ve-finans-enstitusu\/ana-sayfa\/misyon-ve-vizyon\/","og_site_name":"Ticaret ve Finans Enstit\u00fcs\u00fc","article_publisher":"https:\/\/www.facebook.com\/ticaretedutr","og_image":[{"width":1250,"height":833,"url":"http:\/\/ticaret.edu.tr\/ticaret-ve-finans-enstitusu\/wp-content\/uploads\/sites\/36\/2021\/11\/web_logo-01.jpg","type":"image\/jpeg"}],"twitter_card":"summary_large_image","twitter_site":"@ticaretedutr","twitter_misc":{"Tahmini okuma s\u00fcresi":"2 dakika"},"schema":{"@context":"https:\/\/schema.org","@graph":[{"@type":"WebPage","@id":"https:\/\/ticaret.edu.tr\/ticaret-ve-finans-enstitusu\/ana-sayfa\/misyon-ve-vizyon\/","url":"https:\/\/ticaret.edu.tr\/ticaret-ve-finans-enstitusu\/ana-sayfa\/misyon-ve-vizyon\/","name":"Misyon ve Vizyon - Ticaret ve Finans Enstit\u00fcs\u00fc","isPartOf":{"@id":"https:\/\/ticaret.edu.tr\/ticaret-ve-finans-enstitusu\/#website"},"datePublished":"2025-11-19T08:53:13+00:00","dateModified":"2025-11-19T08:53:13+00:00","breadcrumb":{"@id":"https:\/\/ticaret.edu.tr\/ticaret-ve-finans-enstitusu\/ana-sayfa\/misyon-ve-vizyon\/#breadcrumb"},"inLanguage":"tr","potentialAction":[{"@type":"ReadAction","target":["https:\/\/ticaret.edu.tr\/ticaret-ve-finans-enstitusu\/ana-sayfa\/misyon-ve-vizyon\/"]}]},{"@type":"BreadcrumbList","@id":"https:\/\/ticaret.edu.tr\/ticaret-ve-finans-enstitusu\/ana-sayfa\/misyon-ve-vizyon\/#breadcrumb","itemListElement":[{"@type":"ListItem","position":1,"name":"Ana sayfa","item":"https:\/\/ticaret.edu.tr\/ticaret-ve-finans-enstitusu\/"},{"@type":"ListItem","position":2,"name":"Ana Sayfa","item":"https:\/\/ticaret.edu.tr\/ticaret-ve-finans-enstitusu\/"},{"@type":"ListItem","position":3,"name":"Misyon ve Vizyon"}]},{"@type":"WebSite","@id":"https:\/\/ticaret.edu.tr\/ticaret-ve-finans-enstitusu\/#website","url":"https:\/\/ticaret.edu.tr\/ticaret-ve-finans-enstitusu\/","name":"Ticaret ve Finans Enstit\u00fcs\u00fc","description":"","potentialAction":[{"@type":"SearchAction","target":{"@type":"EntryPoint","urlTemplate":"https:\/\/ticaret.edu.tr\/ticaret-ve-finans-enstitusu\/?s={search_term_string}"},"query-input":"required name=search_term_string"}],"inLanguage":"tr"}]}},"lang":"tr","translations":{"en":3063,"tr":3059},"pll_sync_post":[],"_links":{"self":[{"href":"http:\/\/ticaret.edu.tr\/ticaret-ve-finans-enstitusu\/wp-json\/wp\/v2\/pages\/3059"}],"collection":[{"href":"http:\/\/ticaret.edu.tr\/ticaret-ve-finans-enstitusu\/wp-json\/wp\/v2\/pages"}],"about":[{"href":"http:\/\/ticaret.edu.tr\/ticaret-ve-finans-enstitusu\/wp-json\/wp\/v2\/types\/page"}],"author":[{"embeddable":true,"href":"http:\/\/ticaret.edu.tr\/ticaret-ve-finans-enstitusu\/wp-json\/wp\/v2\/users\/87"}],"replies":[{"embeddable":true,"href":"http:\/\/ticaret.edu.tr\/ticaret-ve-finans-enstitusu\/wp-json\/wp\/v2\/comments?post=3059"}],"version-history":[{"count":4,"href":"http:\/\/ticaret.edu.tr\/ticaret-ve-finans-enstitusu\/wp-json\/wp\/v2\/pages\/3059\/revisions"}],"predecessor-version":[{"id":3069,"href":"http:\/\/ticaret.edu.tr\/ticaret-ve-finans-enstitusu\/wp-json\/wp\/v2\/pages\/3059\/revisions\/3069"}],"up":[{"embeddable":true,"href":"http:\/\/ticaret.edu.tr\/ticaret-ve-finans-enstitusu\/wp-json\/wp\/v2\/pages\/5"}],"wp:attachment":[{"href":"http:\/\/ticaret.edu.tr\/ticaret-ve-finans-enstitusu\/wp-json\/wp\/v2\/media?parent=3059"}],"curies":[{"name":"wp","href":"https:\/\/api.w.org\/{rel}","templated":true}]}}