{"id":5,"date":"2020-05-07T01:35:41","date_gmt":"2020-05-06T22:35:41","guid":{"rendered":"http:\/\/ticaret.edu.tr\/finans\/?page_id=5"},"modified":"2025-02-25T12:55:18","modified_gmt":"2025-02-25T09:55:18","slug":"ana-sayfa","status":"publish","type":"page","link":"http:\/\/ticaret.edu.tr\/ticaret-ve-finans-enstitusu\/","title":{"rendered":"Ana Sayfa"},"content":{"rendered":"<table class=\" alignleft\">\n<tbody>\n<tr>\n<td width=\"\">\n<p class=\"x_MsoNormal\">Finans Enstit\u00fcs\u00fc; geli\u015fen ve de\u011fi\u015fen i\u015fletme\/piyasa dinamiklerini iyi okuyabilen, bu de\u011fi\u015fimlere h\u0131zl\u0131 uyum sa\u011flayabilen, bu uyumu m\u00fcfredatlar\u0131na ve ders programlar\u0131na yans\u0131tabilen \u00e7ok y\u00f6nl\u00fc programlara ve akademisyenlere sahip bir e\u011fitim \u00f6\u011fretim birimidir.<\/p>\n<p class=\"x_MsoNormal\">T\u00fcrkiye\u2019de ilk ve tek olan Finans Enstit\u00fcs\u00fc \u00f6zelinde yer alan farkl\u0131 ana bilim dallar\u0131 ve ba\u011fl\u0131 programlar\u0131 sayesinde, \u00f6\u011frencilere \u00e7ok y\u00f6nl\u00fc, s\u00fcrd\u00fcr\u00fclebilir ve katma de\u011fer sa\u011flayacak kazan\u0131mlar aktar\u0131lmaya \u00e7al\u0131\u015f\u0131lmaktad\u0131r. Bu kapsamda sekt\u00f6r payda\u015flar\u0131, kamu kurumlar\u0131, sivil toplum kurulu\u015flar\u0131 ve di\u011fer e\u011fitim \u00f6\u011fretim birimleri ba\u015fta olmak \u00fczere \u00e7ok y\u00f6nl\u00fc bir ili\u015fki a\u011f\u0131 tesis edilmi\u015ftir.<\/p>\n<p class=\"x_MsoNormal\">Enstit\u00fc b\u00fcnyesinde; Bankac\u0131l\u0131k, Sigorta ve Risk Y\u00f6netimi, Sermaye Piyasas\u0131, Finans ana bilim dallar\u0131nda yer alan \u00e7ok farkl\u0131 \u00f6rg\u00fcn ve uzaktan programlar sayesinde hem piyasa i\u00e7in hem de ili\u015fkili t\u00fcm taraflar i\u00e7in\u00a0<b><i>\u201c<span class=\"markat5tvx50e\" data-markjs=\"true\" data-ogac=\"\" data-ogab=\"\" data-ogsc=\"\" data-ogsb=\"\">bilgi<\/span>\u201d<\/i><\/b>\u00a0kavram\u0131n\u0131n \u00f6nemi ve anlam\u0131 aktar\u0131lmaya \u00e7al\u0131\u015f\u0131lmaktad\u0131r. Zira i\u00e7inde bulundu\u011fumuz y\u00fczy\u0131l\u0131n en k\u0131ymetli ve paha bi\u00e7ilemez de\u011feri\u00a0<span class=\"markat5tvx50e\" data-markjs=\"true\" data-ogac=\"\" data-ogab=\"\" data-ogsc=\"\" data-ogsb=\"\">bilgi<\/span>dir.<\/p>\n<p class=\"x_MsoNormal\">Programlar\u0131m\u0131zda e\u011fitim g\u00f6ren\/g\u00f6recek olan t\u00fcm \u00f6\u011frencilerimiz \u0130stanbul Ticaret \u00dcniversitesinin \u00e7ok geni\u015f ve r\u00fc\u015ft\u00fcn\u00fc ispat etmi\u015f akademik kadrosu ile bir araya gelebilecek, bu sayede hem teori hem uygulama noktas\u0131nda derinlemesine kazan\u0131mlar elde edebilecektir. Finans biliminin yan\u0131nda i\u015fletme, ekonomi, ekonometri, muhasebe, denetim gibi azami derecede ili\u015fkili ve k\u0131ymetli temalar i\u00e7eren dersleri de alabilecek ve \u00e7ok y\u00f6nl\u00fc bir bak\u0131\u015f a\u00e7\u0131s\u0131 ile mezun olabilecektir.<\/p>\n<\/td>\n<td width=\"170\">\n<p style=\"text-align: center\"><img loading=\"lazy\" decoding=\"async\" class=\"alignnone wp-image-2238 size-medium\" src=\"http:\/\/ticaret.edu.tr\/finans-enstitusu\/wp-content\/uploads\/sites\/36\/2024\/07\/gencay-231x300.jpg\" alt=\"\" width=\"231\" height=\"300\" srcset=\"http:\/\/ticaret.edu.tr\/ticaret-ve-finans-enstitusu\/wp-content\/uploads\/sites\/36\/2024\/07\/gencay-231x300.jpg 231w, http:\/\/ticaret.edu.tr\/ticaret-ve-finans-enstitusu\/wp-content\/uploads\/sites\/36\/2024\/07\/gencay.jpg 250w\" sizes=\"(max-width: 231px) 100vw, 231px\" \/><strong>Do\u00e7. Dr. Gencay Karakaya<br \/>\n<\/strong><strong>Enstit\u00fc M\u00fcd\u00fcr\u00fc<\/strong><\/p>\n<\/td>\n<\/tr>\n<\/tbody>\n<\/table>\n<p><strong>Organizasyonel Yap\u0131<\/strong><\/p>\n<p><strong>M\u00fcd\u00fcr<\/strong><\/p>\n<p>Do\u00e7. Dr. Gencay KARAKAYA<\/p>\n<p><strong>M\u00fcd\u00fcr Yard\u0131mc\u0131s\u0131<\/strong><\/p>\n<p>Do\u00e7. Dr. Yunus \u00d6ZCAN<\/p>\n<p><strong>Enstit\u00fc Kurulu<\/strong><\/p>\n<p>Do\u00e7. Dr. Gencay KARAKAYA (Enstit\u00fc M\u00fcd\u00fcr\u00fc)<\/p>\n<p>Do\u00e7. Dr. Yunus \u00d6ZCAN (Enstit\u00fc M\u00fcd\u00fcr Yrd.)<\/p>\n<p>Prof. Dr. Ali Osman G\u00dcRB\u00dcZ<\/p>\n<p>Do\u00e7. Dr. Ayben KOY<\/p>\n<p>Do\u00e7. Dr. Hicabi ERSOY<\/p>\n<p>Do\u00e7. Dr. S\u0131tk\u0131 S\u00d6NMEZER<\/p>\n<p><strong>Enstit\u00fc Y\u00f6netim Kurulu<\/strong><\/p>\n<p>Do\u00e7. Dr. Gencay KARAKAYA (Enstit\u00fc M\u00fcd\u00fcr\u00fc)<\/p>\n<p>Do\u00e7. Dr. Yunus \u00d6ZCAN (Enstit\u00fc M\u00fcd\u00fcr Yrd.)<\/p>\n<p>Prof. Dr. Ali Osman G\u00dcRB\u00dcZ<\/p>\n<p>Do\u00e7. Dr. Hicabi ERSOY<\/p>\n<p>Do\u00e7. Dr. S\u0131tk\u0131 S\u00d6NMEZER<\/p>\n<p><strong>Y\u00fcksek Lisans<\/strong><\/p>\n<p>\u00b7\u00a0\u00a0\u00a0\u00a0\u00a0\u00a0\u00a0\u00a0 Uluslararas\u0131 Bankac\u0131l\u0131k ve Finans (Tezli\/Tezsiz) Y\u00fcksek Lisans Program<\/p>\n<p>\u00b7\u00a0\u00a0\u00a0\u00a0\u00a0\u00a0\u00a0\u00a0 Uluslararas\u0131 Bankac\u0131l\u0131k ve Finans Uzaktan E\u011fitim (Tezsiz) Y\u00fcksek Lisans Program\u0131<\/p>\n<p>\u00b7\u00a0\u00a0\u00a0\u00a0\u00a0\u00a0\u00a0\u00a0 Sigorta ve Risk Y\u00f6netimi (Tezli\/Tezsiz) Y\u00fcksek Lisans Program\u0131<\/p>\n<p>\u00b7\u00a0\u00a0\u00a0\u00a0\u00a0\u00a0\u00a0\u00a0 Sigortac\u0131l\u0131k (Tezsiz )Y\u00fcksek Lisans Program\u0131<\/p>\n<p>\u00b7\u00a0\u00a0\u00a0\u00a0\u00a0\u00a0\u00a0\u00a0 Uluslararas\u0131 Finans \u0130ngilizce\u00a0 (Tezli\/Tezsiz) Y\u00fcksek Lisans Program\u0131<\/p>\n<p>\u00b7\u00a0\u00a0\u00a0\u00a0\u00a0\u00a0\u00a0\u00a0 Sermaye Piyasas\u0131 (Tezli\/Tezsiz)\u00a0 Y\u00fcksek Lisans Program\u0131<\/p>\n<p>\u00b7\u00a0\u00a0\u00a0\u00a0\u00a0\u00a0\u00a0\u00a0 Bankac\u0131l\u0131k (Tezsiz) Y\u00fcksek Lisans Program\u0131<\/p>\n<p>\u00b7\u00a0\u00a0\u00a0\u00a0\u00a0\u00a0\u00a0\u00a0 Finansal Hizmetler Pazarlamas\u0131 (Tezsiz) Y\u00fcksek Lisans Program\u0131<\/p>\n<p><strong>Doktora<\/strong><\/p>\n<p>\u00b7\u00a0\u00a0\u00a0\u00a0\u00a0\u00a0\u00a0\u00a0 Finansal Ekonomi Doktora Program\u0131<\/p>\n<p>\u00b7\u00a0\u00a0\u00a0\u00a0\u00a0\u00a0\u00a0\u00a0 Bankac\u0131l\u0131k Doktora Program\u0131<\/p>\n<p>\u00b7\u00a0\u00a0\u00a0\u00a0\u00a0\u00a0\u00a0\u00a0 Sigorta ve Risk Y\u00f6netimi Doktora Program\u0131<\/p>\n<p><strong>\u0130leti\u015fim Bilgileri <\/strong><\/p>\n<p><strong>M\u00fcd\u00fcr :<\/strong> Do\u00e7. Dr. Gencay KARAKAYA gkarakaya@ticaret.edu.tr 444 0 413 \/ 4254<\/p>\n<p><strong>M\u00fcd\u00fcr Yrd.\u00a0 :<\/strong> Do\u00e7. Dr. Yunus \u00d6ZCAN yozcan@ticaret.edu.tr 444 0 413 \/ 4394<\/p>\n<p><strong>Enstit\u00fc Ara\u015ft\u0131rma G\u00f6revlisi:<\/strong> Ar\u015f. G\u00f6r. \u015e\u00fcheda BARAN sbaran@ticaret.edu.tr 444 0 413 \/ 4273<\/p>\n<p><strong>Enstit\u00fc Personeli:<\/strong> Mihriban \u015eENOL msenol@ticaret.edu.tr 444 0 413 \/ 4762<\/p>\n<p><span style=\"color: #000000\"><strong><a style=\"color: #000000\" href=\"https:\/\/lisansustuaday.ticaret.edu.tr\/\">Y\u00fcksek lisans ve doktora programlar hakk\u0131nda detayl\u0131 bilgi i\u00e7in aday \u00f6\u011frenci sayfam\u0131z\u0131 ziyaret edebilirsiniz.<\/a><\/strong><\/span><\/p>\n","protected":false},"excerpt":{"rendered":"<p>Finans Enstit\u00fcs\u00fc; geli\u015fen ve de\u011fi\u015fen i\u015fletme\/piyasa dinamiklerini iyi okuyabilen, bu de\u011fi\u015fimlere h\u0131zl\u0131 uyum sa\u011flayabilen, bu uyumu m\u00fcfredatlar\u0131na ve ders programlar\u0131na yans\u0131tabilen \u00e7ok y\u00f6nl\u00fc programlara ve akademisyenlere sahip bir e\u011fitim \u00f6\u011fretim birimidir. T\u00fcrkiye\u2019de ilk ve tek olan Finans Enstit\u00fcs\u00fc \u00f6zelinde yer alan farkl\u0131 ana bilim dallar\u0131 ve ba\u011fl\u0131 programlar\u0131 sayesinde, \u00f6\u011frencilere \u00e7ok y\u00f6nl\u00fc, s\u00fcrd\u00fcr\u00fclebilir ve katma [&hellip;]<\/p>\n","protected":false},"author":1,"featured_media":0,"parent":0,"menu_order":0,"comment_status":"closed","ping_status":"closed","template":"pages\/homepage.php","meta":{"footnotes":""},"yoast_head":"<!-- This site is optimized with the Yoast SEO Premium plugin v22.1 (Yoast SEO v22.1) - https:\/\/yoast.com\/wordpress\/plugins\/seo\/ -->\n<title>Ana Sayfa - Ticaret ve Finans Enstit\u00fcs\u00fc<\/title>\n<meta name=\"description\" content=\"Finans Enstit\u00fcs\u00fc; T\u00fcrkiye&#039;nin ilk ve tek Finans Enstit\u00fcs\u00fc olarak y\u00fcksek lisans ve doktora programlar\u0131yla \u0130stanbul Ticaret \u00dcniversitesi&#039;nde\" \/>\n<meta name=\"robots\" content=\"index, follow, max-snippet:-1, max-image-preview:large, max-video-preview:-1\" \/>\n<link rel=\"canonical\" href=\"https:\/\/ticaret.edu.tr\/ticaret-ve-finans-enstitusu\/\" \/>\n<meta property=\"og:locale\" content=\"tr_TR\" \/>\n<meta property=\"og:type\" content=\"article\" \/>\n<meta property=\"og:title\" content=\"Ana Sayfa\" \/>\n<meta property=\"og:description\" content=\"Finans Enstit\u00fcs\u00fc; T\u00fcrkiye&#039;nin ilk ve tek Finans Enstit\u00fcs\u00fc olarak y\u00fcksek lisans ve doktora programlar\u0131yla \u0130stanbul Ticaret \u00dcniversitesi&#039;nde\" \/>\n<meta property=\"og:url\" content=\"https:\/\/ticaret.edu.tr\/ticaret-ve-finans-enstitusu\/\" \/>\n<meta property=\"og:site_name\" content=\"Ticaret ve Finans Enstit\u00fcs\u00fc\" \/>\n<meta property=\"article:publisher\" content=\"https:\/\/www.facebook.com\/ticaretedutr\" \/>\n<meta property=\"article:modified_time\" content=\"2025-02-25T09:55:18+00:00\" \/>\n<meta property=\"og:image\" content=\"http:\/\/ticaret.edu.tr\/finans-enstitusu\/wp-content\/uploads\/sites\/36\/2024\/07\/gencay-231x300.jpg\" \/>\n<meta name=\"twitter:card\" content=\"summary_large_image\" \/>\n<meta name=\"twitter:site\" content=\"@ticaretedutr\" \/>\n<meta name=\"twitter:label1\" content=\"Tahmini okuma s\u00fcresi\" \/>\n\t<meta name=\"twitter:data1\" content=\"3 dakika\" \/>\n<script type=\"application\/ld+json\" class=\"yoast-schema-graph\">{\"@context\":\"https:\/\/schema.org\",\"@graph\":[{\"@type\":\"WebPage\",\"@id\":\"https:\/\/ticaret.edu.tr\/ticaret-ve-finans-enstitusu\/\",\"url\":\"https:\/\/ticaret.edu.tr\/ticaret-ve-finans-enstitusu\/\",\"name\":\"Ana Sayfa - Ticaret ve Finans Enstit\u00fcs\u00fc\",\"isPartOf\":{\"@id\":\"http:\/\/ticaret.edu.tr\/ticaret-ve-finans-enstitusu\/en\/#website\"},\"datePublished\":\"2020-05-06T22:35:41+00:00\",\"dateModified\":\"2025-02-25T09:55:18+00:00\",\"description\":\"Finans Enstit\u00fcs\u00fc; T\u00fcrkiye'nin ilk ve tek Finans Enstit\u00fcs\u00fc olarak y\u00fcksek lisans ve doktora programlar\u0131yla \u0130stanbul Ticaret \u00dcniversitesi'nde\",\"breadcrumb\":{\"@id\":\"https:\/\/ticaret.edu.tr\/ticaret-ve-finans-enstitusu\/#breadcrumb\"},\"inLanguage\":\"tr\",\"potentialAction\":[{\"@type\":\"ReadAction\",\"target\":[\"https:\/\/ticaret.edu.tr\/ticaret-ve-finans-enstitusu\/\"]}]},{\"@type\":\"BreadcrumbList\",\"@id\":\"https:\/\/ticaret.edu.tr\/ticaret-ve-finans-enstitusu\/#breadcrumb\",\"itemListElement\":[{\"@type\":\"ListItem\",\"position\":1,\"name\":\"Ana sayfa\",\"item\":\"https:\/\/ticaret.edu.tr\/ticaret-ve-finans-enstitusu\/\"},{\"@type\":\"ListItem\",\"position\":2,\"name\":\"Ana Sayfa\"}]},{\"@type\":\"WebSite\",\"@id\":\"http:\/\/ticaret.edu.tr\/ticaret-ve-finans-enstitusu\/en\/#website\",\"url\":\"http:\/\/ticaret.edu.tr\/ticaret-ve-finans-enstitusu\/en\/\",\"name\":\"Ticaret ve Finans Enstit\u00fcs\u00fc\",\"description\":\"\",\"potentialAction\":[{\"@type\":\"SearchAction\",\"target\":{\"@type\":\"EntryPoint\",\"urlTemplate\":\"http:\/\/ticaret.edu.tr\/ticaret-ve-finans-enstitusu\/en\/?s={search_term_string}\"},\"query-input\":\"required name=search_term_string\"}],\"inLanguage\":\"tr\"}]}<\/script>\n<!-- \/ Yoast SEO Premium plugin. -->","yoast_head_json":{"title":"Ana Sayfa - Ticaret ve Finans Enstit\u00fcs\u00fc","description":"Finans Enstit\u00fcs\u00fc; T\u00fcrkiye'nin ilk ve tek Finans Enstit\u00fcs\u00fc olarak y\u00fcksek lisans ve doktora programlar\u0131yla \u0130stanbul Ticaret \u00dcniversitesi'nde","robots":{"index":"index","follow":"follow","max-snippet":"max-snippet:-1","max-image-preview":"max-image-preview:large","max-video-preview":"max-video-preview:-1"},"canonical":"https:\/\/ticaret.edu.tr\/ticaret-ve-finans-enstitusu\/","og_locale":"tr_TR","og_type":"article","og_title":"Ana Sayfa","og_description":"Finans Enstit\u00fcs\u00fc; T\u00fcrkiye'nin ilk ve tek Finans Enstit\u00fcs\u00fc olarak y\u00fcksek lisans ve doktora programlar\u0131yla \u0130stanbul Ticaret \u00dcniversitesi'nde","og_url":"https:\/\/ticaret.edu.tr\/ticaret-ve-finans-enstitusu\/","og_site_name":"Ticaret ve Finans Enstit\u00fcs\u00fc","article_publisher":"https:\/\/www.facebook.com\/ticaretedutr","article_modified_time":"2025-02-25T09:55:18+00:00","og_image":[{"url":"http:\/\/ticaret.edu.tr\/finans-enstitusu\/wp-content\/uploads\/sites\/36\/2024\/07\/gencay-231x300.jpg"}],"twitter_card":"summary_large_image","twitter_site":"@ticaretedutr","twitter_misc":{"Tahmini okuma s\u00fcresi":"3 dakika"},"schema":{"@context":"https:\/\/schema.org","@graph":[{"@type":"WebPage","@id":"https:\/\/ticaret.edu.tr\/ticaret-ve-finans-enstitusu\/","url":"https:\/\/ticaret.edu.tr\/ticaret-ve-finans-enstitusu\/","name":"Ana Sayfa - Ticaret ve Finans Enstit\u00fcs\u00fc","isPartOf":{"@id":"http:\/\/ticaret.edu.tr\/ticaret-ve-finans-enstitusu\/en\/#website"},"datePublished":"2020-05-06T22:35:41+00:00","dateModified":"2025-02-25T09:55:18+00:00","description":"Finans Enstit\u00fcs\u00fc; T\u00fcrkiye'nin ilk ve tek Finans Enstit\u00fcs\u00fc olarak y\u00fcksek lisans ve doktora programlar\u0131yla \u0130stanbul Ticaret \u00dcniversitesi'nde","breadcrumb":{"@id":"https:\/\/ticaret.edu.tr\/ticaret-ve-finans-enstitusu\/#breadcrumb"},"inLanguage":"tr","potentialAction":[{"@type":"ReadAction","target":["https:\/\/ticaret.edu.tr\/ticaret-ve-finans-enstitusu\/"]}]},{"@type":"BreadcrumbList","@id":"https:\/\/ticaret.edu.tr\/ticaret-ve-finans-enstitusu\/#breadcrumb","itemListElement":[{"@type":"ListItem","position":1,"name":"Ana sayfa","item":"https:\/\/ticaret.edu.tr\/ticaret-ve-finans-enstitusu\/"},{"@type":"ListItem","position":2,"name":"Ana Sayfa"}]},{"@type":"WebSite","@id":"http:\/\/ticaret.edu.tr\/ticaret-ve-finans-enstitusu\/en\/#website","url":"http:\/\/ticaret.edu.tr\/ticaret-ve-finans-enstitusu\/en\/","name":"Ticaret ve Finans Enstit\u00fcs\u00fc","description":"","potentialAction":[{"@type":"SearchAction","target":{"@type":"EntryPoint","urlTemplate":"http:\/\/ticaret.edu.tr\/ticaret-ve-finans-enstitusu\/en\/?s={search_term_string}"},"query-input":"required name=search_term_string"}],"inLanguage":"tr"}]}},"lang":"tr","translations":{"en":1002,"tr":5},"pll_sync_post":[],"_links":{"self":[{"href":"http:\/\/ticaret.edu.tr\/ticaret-ve-finans-enstitusu\/wp-json\/wp\/v2\/pages\/5"}],"collection":[{"href":"http:\/\/ticaret.edu.tr\/ticaret-ve-finans-enstitusu\/wp-json\/wp\/v2\/pages"}],"about":[{"href":"http:\/\/ticaret.edu.tr\/ticaret-ve-finans-enstitusu\/wp-json\/wp\/v2\/types\/page"}],"author":[{"embeddable":true,"href":"http:\/\/ticaret.edu.tr\/ticaret-ve-finans-enstitusu\/wp-json\/wp\/v2\/users\/1"}],"replies":[{"embeddable":true,"href":"http:\/\/ticaret.edu.tr\/ticaret-ve-finans-enstitusu\/wp-json\/wp\/v2\/comments?post=5"}],"version-history":[{"count":46,"href":"http:\/\/ticaret.edu.tr\/ticaret-ve-finans-enstitusu\/wp-json\/wp\/v2\/pages\/5\/revisions"}],"predecessor-version":[{"id":2247,"href":"http:\/\/ticaret.edu.tr\/ticaret-ve-finans-enstitusu\/wp-json\/wp\/v2\/pages\/5\/revisions\/2247"}],"wp:attachment":[{"href":"http:\/\/ticaret.edu.tr\/ticaret-ve-finans-enstitusu\/wp-json\/wp\/v2\/media?parent=5"}],"curies":[{"name":"wp","href":"https:\/\/api.w.org\/{rel}","templated":true}]}}