{"id":6,"date":"2020-05-07T01:35:31","date_gmt":"2020-05-06T22:35:31","guid":{"rendered":"http:\/\/ticaret.edu.tr\/finans\/?page_id=6"},"modified":"2025-07-21T14:29:09","modified_gmt":"2025-07-21T11:29:09","slug":"doktora","status":"publish","type":"page","link":"http:\/\/ticaret.edu.tr\/ticaret-ve-finans-enstitusu\/doktora\/","title":{"rendered":"Doktora Programlar\u0131"},"content":{"rendered":"<h5><a style=\"background-color: #ffc107;color: black;padding: 10px 10px;margin: 10px auto;border-radius: 10px;font-weight: bold;text-align: center;text-decoration: none;font-size: 14px;max-width: 700px\" href=\"https:\/\/ticaret.edu.tr\/ticaret-ve-finans-enstitusu\/doktora\/finansal-ekonomi-doktora-programi\/\">Finansal Ekonomi<\/a><\/h5>\n<p>&nbsp;<\/p>\n<h5><a style=\"background-color: #ffc107;color: black;padding: 10px 10px;margin: 10px auto;border-radius: 10px;font-weight: bold;text-align: center;text-decoration: none;font-size: 14px;max-width: 700px\" href=\"http:\/\/ticaret.edu.tr\/ticaret-ve-finans-enstitusu\/doktora\/bankacilik-doktora-programi\/\">Bankac\u0131l\u0131k<\/a><\/h5>\n<p>&nbsp;<\/p>\n<h5><a style=\"background-color: #ffc107;color: black;padding: 10px 10px;margin: 10px auto;border-radius: 10px;font-weight: bold;text-align: center;text-decoration: none;font-size: 14px;max-width: 700px\" href=\"http:\/\/ticaret.edu.tr\/ticaret-ve-finans-enstitusu\/sigorta-ve-risk-yonetimi-doktora-programi\/\">Sigorta ve Risk Y\u00f6netimi<\/a><\/h5>\n","protected":false},"excerpt":{"rendered":"<p>Finansal Ekonomi &nbsp; Bankac\u0131l\u0131k &nbsp; Sigorta ve Risk Y\u00f6netimi<\/p>\n","protected":false},"author":1,"featured_media":0,"parent":0,"menu_order":0,"comment_status":"closed","ping_status":"closed","template":"genel_sayfa.php","meta":{"footnotes":""},"yoast_head":"<!-- This site is optimized with the Yoast SEO Premium plugin v22.1 (Yoast SEO v22.1) - https:\/\/yoast.com\/wordpress\/plugins\/seo\/ -->\n<title>Doktora Programlar\u0131 - Ticaret ve Finans Enstit\u00fcs\u00fc<\/title>\n<meta name=\"description\" content=\"Enstit\u00fcdeki doktora programlar\u0131 Bankac\u0131l\u0131k, Sigortac\u0131l\u0131k, Sermaye Piyasas\u0131, Finans ana bilim dallar\u0131na g\u00f6re dizayn edilmi\u015ftir.\" \/>\n<meta name=\"robots\" content=\"index, follow, max-snippet:-1, max-image-preview:large, max-video-preview:-1\" \/>\n<link rel=\"canonical\" href=\"http:\/\/ticaret.edu.tr\/ticaret-ve-finans-enstitusu\/doktora\/\" \/>\n<meta property=\"og:locale\" content=\"tr_TR\" \/>\n<meta property=\"og:type\" content=\"article\" \/>\n<meta property=\"og:title\" content=\"Doktora Programlar\u0131\" \/>\n<meta property=\"og:description\" content=\"Enstit\u00fcdeki doktora programlar\u0131 Bankac\u0131l\u0131k, Sigortac\u0131l\u0131k, Sermaye Piyasas\u0131, Finans ana bilim dallar\u0131na g\u00f6re dizayn edilmi\u015ftir.\" \/>\n<meta property=\"og:url\" content=\"http:\/\/ticaret.edu.tr\/ticaret-ve-finans-enstitusu\/doktora\/\" \/>\n<meta property=\"og:site_name\" content=\"Ticaret ve Finans Enstit\u00fcs\u00fc\" \/>\n<meta property=\"article:publisher\" content=\"https:\/\/www.facebook.com\/ticaretedutr\" \/>\n<meta property=\"article:modified_time\" content=\"2025-07-21T11:29:09+00:00\" \/>\n<meta property=\"og:image\" content=\"http:\/\/ticaret.edu.tr\/ticaret-ve-finans-enstitusu\/wp-content\/uploads\/sites\/36\/2021\/11\/web_logo-01.jpg\" \/>\n\t<meta property=\"og:image:width\" content=\"1250\" \/>\n\t<meta property=\"og:image:height\" content=\"833\" \/>\n\t<meta property=\"og:image:type\" content=\"image\/jpeg\" \/>\n<meta name=\"twitter:card\" content=\"summary_large_image\" \/>\n<meta name=\"twitter:site\" content=\"@ticaretedutr\" \/>\n<meta name=\"twitter:label1\" content=\"Tahmini okuma s\u00fcresi\" \/>\n\t<meta name=\"twitter:data1\" content=\"1 dakika\" \/>\n<script type=\"application\/ld+json\" class=\"yoast-schema-graph\">{\"@context\":\"https:\/\/schema.org\",\"@graph\":[{\"@type\":\"WebPage\",\"@id\":\"http:\/\/ticaret.edu.tr\/ticaret-ve-finans-enstitusu\/doktora\/\",\"url\":\"http:\/\/ticaret.edu.tr\/ticaret-ve-finans-enstitusu\/doktora\/\",\"name\":\"Doktora Programlar\u0131 - Ticaret ve Finans Enstit\u00fcs\u00fc\",\"isPartOf\":{\"@id\":\"https:\/\/ticaret.edu.tr\/ticaret-ve-finans-enstitusu\/#website\"},\"datePublished\":\"2020-05-06T22:35:31+00:00\",\"dateModified\":\"2025-07-21T11:29:09+00:00\",\"description\":\"Enstit\u00fcdeki doktora programlar\u0131 Bankac\u0131l\u0131k, Sigortac\u0131l\u0131k, Sermaye Piyasas\u0131, Finans ana bilim dallar\u0131na g\u00f6re dizayn edilmi\u015ftir.\",\"breadcrumb\":{\"@id\":\"http:\/\/ticaret.edu.tr\/ticaret-ve-finans-enstitusu\/doktora\/#breadcrumb\"},\"inLanguage\":\"tr\",\"potentialAction\":[{\"@type\":\"ReadAction\",\"target\":[\"http:\/\/ticaret.edu.tr\/ticaret-ve-finans-enstitusu\/doktora\/\"]}]},{\"@type\":\"BreadcrumbList\",\"@id\":\"http:\/\/ticaret.edu.tr\/ticaret-ve-finans-enstitusu\/doktora\/#breadcrumb\",\"itemListElement\":[{\"@type\":\"ListItem\",\"position\":1,\"name\":\"Ana sayfa\",\"item\":\"https:\/\/ticaret.edu.tr\/ticaret-ve-finans-enstitusu\/\"},{\"@type\":\"ListItem\",\"position\":2,\"name\":\"Doktora Programlar\u0131\"}]},{\"@type\":\"WebSite\",\"@id\":\"https:\/\/ticaret.edu.tr\/ticaret-ve-finans-enstitusu\/#website\",\"url\":\"https:\/\/ticaret.edu.tr\/ticaret-ve-finans-enstitusu\/\",\"name\":\"Ticaret ve Finans Enstit\u00fcs\u00fc\",\"description\":\"\",\"potentialAction\":[{\"@type\":\"SearchAction\",\"target\":{\"@type\":\"EntryPoint\",\"urlTemplate\":\"https:\/\/ticaret.edu.tr\/ticaret-ve-finans-enstitusu\/?s={search_term_string}\"},\"query-input\":\"required name=search_term_string\"}],\"inLanguage\":\"tr\"}]}<\/script>\n<!-- \/ Yoast SEO Premium plugin. -->","yoast_head_json":{"title":"Doktora Programlar\u0131 - Ticaret ve Finans Enstit\u00fcs\u00fc","description":"Enstit\u00fcdeki doktora programlar\u0131 Bankac\u0131l\u0131k, Sigortac\u0131l\u0131k, Sermaye Piyasas\u0131, Finans ana bilim dallar\u0131na g\u00f6re dizayn edilmi\u015ftir.","robots":{"index":"index","follow":"follow","max-snippet":"max-snippet:-1","max-image-preview":"max-image-preview:large","max-video-preview":"max-video-preview:-1"},"canonical":"http:\/\/ticaret.edu.tr\/ticaret-ve-finans-enstitusu\/doktora\/","og_locale":"tr_TR","og_type":"article","og_title":"Doktora Programlar\u0131","og_description":"Enstit\u00fcdeki doktora programlar\u0131 Bankac\u0131l\u0131k, Sigortac\u0131l\u0131k, Sermaye Piyasas\u0131, Finans ana bilim dallar\u0131na g\u00f6re dizayn edilmi\u015ftir.","og_url":"http:\/\/ticaret.edu.tr\/ticaret-ve-finans-enstitusu\/doktora\/","og_site_name":"Ticaret ve Finans Enstit\u00fcs\u00fc","article_publisher":"https:\/\/www.facebook.com\/ticaretedutr","article_modified_time":"2025-07-21T11:29:09+00:00","og_image":[{"width":1250,"height":833,"url":"http:\/\/ticaret.edu.tr\/ticaret-ve-finans-enstitusu\/wp-content\/uploads\/sites\/36\/2021\/11\/web_logo-01.jpg","type":"image\/jpeg"}],"twitter_card":"summary_large_image","twitter_site":"@ticaretedutr","twitter_misc":{"Tahmini okuma s\u00fcresi":"1 dakika"},"schema":{"@context":"https:\/\/schema.org","@graph":[{"@type":"WebPage","@id":"http:\/\/ticaret.edu.tr\/ticaret-ve-finans-enstitusu\/doktora\/","url":"http:\/\/ticaret.edu.tr\/ticaret-ve-finans-enstitusu\/doktora\/","name":"Doktora Programlar\u0131 - Ticaret ve Finans Enstit\u00fcs\u00fc","isPartOf":{"@id":"https:\/\/ticaret.edu.tr\/ticaret-ve-finans-enstitusu\/#website"},"datePublished":"2020-05-06T22:35:31+00:00","dateModified":"2025-07-21T11:29:09+00:00","description":"Enstit\u00fcdeki doktora programlar\u0131 Bankac\u0131l\u0131k, Sigortac\u0131l\u0131k, Sermaye Piyasas\u0131, Finans ana bilim dallar\u0131na g\u00f6re dizayn edilmi\u015ftir.","breadcrumb":{"@id":"http:\/\/ticaret.edu.tr\/ticaret-ve-finans-enstitusu\/doktora\/#breadcrumb"},"inLanguage":"tr","potentialAction":[{"@type":"ReadAction","target":["http:\/\/ticaret.edu.tr\/ticaret-ve-finans-enstitusu\/doktora\/"]}]},{"@type":"BreadcrumbList","@id":"http:\/\/ticaret.edu.tr\/ticaret-ve-finans-enstitusu\/doktora\/#breadcrumb","itemListElement":[{"@type":"ListItem","position":1,"name":"Ana sayfa","item":"https:\/\/ticaret.edu.tr\/ticaret-ve-finans-enstitusu\/"},{"@type":"ListItem","position":2,"name":"Doktora Programlar\u0131"}]},{"@type":"WebSite","@id":"https:\/\/ticaret.edu.tr\/ticaret-ve-finans-enstitusu\/#website","url":"https:\/\/ticaret.edu.tr\/ticaret-ve-finans-enstitusu\/","name":"Ticaret ve Finans Enstit\u00fcs\u00fc","description":"","potentialAction":[{"@type":"SearchAction","target":{"@type":"EntryPoint","urlTemplate":"https:\/\/ticaret.edu.tr\/ticaret-ve-finans-enstitusu\/?s={search_term_string}"},"query-input":"required name=search_term_string"}],"inLanguage":"tr"}]}},"lang":"tr","translations":{"tr":6},"pll_sync_post":[],"_links":{"self":[{"href":"http:\/\/ticaret.edu.tr\/ticaret-ve-finans-enstitusu\/wp-json\/wp\/v2\/pages\/6"}],"collection":[{"href":"http:\/\/ticaret.edu.tr\/ticaret-ve-finans-enstitusu\/wp-json\/wp\/v2\/pages"}],"about":[{"href":"http:\/\/ticaret.edu.tr\/ticaret-ve-finans-enstitusu\/wp-json\/wp\/v2\/types\/page"}],"author":[{"embeddable":true,"href":"http:\/\/ticaret.edu.tr\/ticaret-ve-finans-enstitusu\/wp-json\/wp\/v2\/users\/1"}],"replies":[{"embeddable":true,"href":"http:\/\/ticaret.edu.tr\/ticaret-ve-finans-enstitusu\/wp-json\/wp\/v2\/comments?post=6"}],"version-history":[{"count":27,"href":"http:\/\/ticaret.edu.tr\/ticaret-ve-finans-enstitusu\/wp-json\/wp\/v2\/pages\/6\/revisions"}],"predecessor-version":[{"id":2658,"href":"http:\/\/ticaret.edu.tr\/ticaret-ve-finans-enstitusu\/wp-json\/wp\/v2\/pages\/6\/revisions\/2658"}],"wp:attachment":[{"href":"http:\/\/ticaret.edu.tr\/ticaret-ve-finans-enstitusu\/wp-json\/wp\/v2\/media?parent=6"}],"curies":[{"name":"wp","href":"https:\/\/api.w.org\/{rel}","templated":true}]}}