{"id":7,"date":"2020-05-07T01:35:53","date_gmt":"2020-05-06T22:35:53","guid":{"rendered":"http:\/\/ticaret.edu.tr\/finans\/?page_id=7"},"modified":"2026-02-06T17:31:01","modified_gmt":"2026-02-06T14:31:01","slug":"iletisim","status":"publish","type":"page","link":"http:\/\/ticaret.edu.tr\/ticaret-ve-finans-enstitusu\/iletisim\/","title":{"rendered":"\u0130leti\u015fim"},"content":{"rendered":"<div style=\"max-width: 700px;margin: 0 auto;flex-direction: column;align-items: center;gap: 20px;margin-top: 30px\">\n<div style=\"border: 1px solid #ccc;border-left: 6px solid #ffc107;border-radius: 8px;padding: 20px;width: 100%;background: #fff\"><strong>Enstit\u00fc M\u00fcd\u00fcrl\u00fc\u011f\u00fc<\/strong><br \/>\n<a href=\"mailto:tfe@ticaret.edu.tr\">\ud83d\udce7 tfe@ticaret.edu.tr<\/a><\/div>\n<div style=\"border: 1px solid #ccc;border-left: 6px solid #ffc107;border-radius: 8px;padding: 20px;width: 100%;background: #fff\"><strong>M\u00fcd\u00fcr<\/strong><br \/>\nDo\u00e7. Dr. Gencay KARAKAYA<br \/>\n<a href=\"mailto:gkarakaya@ticaret.edu.tr\">\ud83d\udce7 gkarakaya@ticaret.edu.tr<\/a><br \/>\n\u260e\ufe0f 444 0 413 \/ 4254<\/div>\n<div style=\"border: 1px solid #ccc;border-left: 6px solid #ffc107;border-radius: 8px;padding: 20px;width: 100%;background: #fff\"><strong>M\u00fcd\u00fcr Yard\u0131mc\u0131s\u0131<\/strong><br \/>\nDo\u00e7. Dr. Yunus \u00d6ZCAN<br \/>\n<a href=\"mailto:yozcan@ticaret.edu.tr\">\ud83d\udce7 yozcan@ticaret.edu.tr<\/a><br \/>\n\u260e\ufe0f 444 0 413 \/ 4394<\/div>\n<div style=\"border: 1px solid #ccc;border-left: 6px solid #ffc107;border-radius: 8px;padding: 20px;width: 100%;background: #fff\"><strong>Ara\u015ft\u0131rma G\u00f6revlisi<\/strong><br \/>\nAr\u015f. G\u00f6r. Dr. \u015e\u00fcheda BARAN<br \/>\n<a href=\"mailto:sbaran@ticaret.edu.tr\">\ud83d\udce7 sbaran@ticaret.edu.tr<\/a><br \/>\n\u260e\ufe0f 444 0 413 \/ 4273<\/div>\n<div style=\"border: 1px solid #ccc;border-left: 6px solid #ffc107;border-radius: 8px;padding: 20px;width: 100%;background: #fff\"><strong>Enstit\u00fc Sekreteri<\/strong><br \/>\nA\u015fk\u0131m BAYRAMO\u011eLU<br \/>\n<a href=\"mailto:aemanet@ticaret.edu.tr\">\ud83d\udce7 aemanet@ticaret.edu.tr<\/a><br \/>\n\u260e\ufe0f 444 0 413 \/ 4430<\/div>\n<div style=\"border: 1px solid #ccc;border-left: 6px solid #ffc107;border-radius: 8px;padding: 20px;width: 100%;background: #fff\"><b>Uzman<br \/>\n<\/b>Mihriban \u015eENOL<br \/>\n<a href=\"mailto:msenol@ticaret.edu.tr\">\ud83d\udce7 msenol@ticaret.edu.tr<\/a><br \/>\n\u260e\ufe0f 444 0 413 \/ 4762<\/div>\n<\/div>\n<p style=\"text-align: center;margin-top: 30px\"><a style=\"color: #000;font-weight: bold;text-decoration: underline\" href=\"https:\/\/lisansustuaday.ticaret.edu.tr\/\"><br \/>\n\ud83d\udd17 Y\u00fcksek lisans ve doktora programlar\u0131m\u0131z hakk\u0131nda detayl\u0131 bilgi i\u00e7in Lisans\u00fcst\u00fc Aday sayfam\u0131z\u0131 ziyaret edebilirsiniz.<br \/>\n<\/a><\/p>\n","protected":false},"excerpt":{"rendered":"<p>Enstit\u00fc M\u00fcd\u00fcrl\u00fc\u011f\u00fc \ud83d\udce7 tfe@ticaret.edu.tr M\u00fcd\u00fcr Do\u00e7. Dr. Gencay KARAKAYA \ud83d\udce7 gkarakaya@ticaret.edu.tr \u260e\ufe0f 444 0 413 \/ 4254 M\u00fcd\u00fcr Yard\u0131mc\u0131s\u0131 Do\u00e7. Dr. Yunus \u00d6ZCAN \ud83d\udce7 yozcan@ticaret.edu.tr \u260e\ufe0f 444 0 413 \/ 4394 Ara\u015ft\u0131rma G\u00f6revlisi Ar\u015f. G\u00f6r. Dr. \u015e\u00fcheda BARAN \ud83d\udce7 sbaran@ticaret.edu.tr \u260e\ufe0f 444 0 413 \/ 4273 Enstit\u00fc Sekreteri A\u015fk\u0131m BAYRAMO\u011eLU \ud83d\udce7 aemanet@ticaret.edu.tr \u260e\ufe0f 444 0 [&hellip;]<\/p>\n","protected":false},"author":1,"featured_media":0,"parent":0,"menu_order":0,"comment_status":"closed","ping_status":"closed","template":"genel_sayfa.php","meta":{"footnotes":""},"yoast_head":"<!-- This site is optimized with the Yoast SEO Premium plugin v22.1 (Yoast SEO v22.1) - https:\/\/yoast.com\/wordpress\/plugins\/seo\/ -->\n<title>\u0130leti\u015fim - Ticaret ve Finans Enstit\u00fcs\u00fc<\/title>\n<meta name=\"robots\" content=\"index, follow, max-snippet:-1, max-image-preview:large, max-video-preview:-1\" \/>\n<link rel=\"canonical\" href=\"https:\/\/ticaret.edu.tr\/ticaret-ve-finans-enstitusu\/iletisim\/\" \/>\n<meta property=\"og:locale\" content=\"tr_TR\" \/>\n<meta property=\"og:type\" content=\"article\" \/>\n<meta property=\"og:title\" content=\"\u0130leti\u015fim\" \/>\n<meta property=\"og:description\" content=\"Enstit\u00fc M\u00fcd\u00fcrl\u00fc\u011f\u00fc \ud83d\udce7 tfe@ticaret.edu.tr M\u00fcd\u00fcr Do\u00e7. Dr. Gencay KARAKAYA \ud83d\udce7 gkarakaya@ticaret.edu.tr \u260e\ufe0f 444 0 413 \/ 4254 M\u00fcd\u00fcr Yard\u0131mc\u0131s\u0131 Do\u00e7. Dr. Yunus \u00d6ZCAN \ud83d\udce7 yozcan@ticaret.edu.tr \u260e\ufe0f 444 0 413 \/ 4394 Ara\u015ft\u0131rma G\u00f6revlisi Ar\u015f. G\u00f6r. Dr. \u015e\u00fcheda BARAN \ud83d\udce7 sbaran@ticaret.edu.tr \u260e\ufe0f 444 0 413 \/ 4273 Enstit\u00fc Sekreteri A\u015fk\u0131m BAYRAMO\u011eLU \ud83d\udce7 aemanet@ticaret.edu.tr \u260e\ufe0f 444 0 [&hellip;]\" \/>\n<meta property=\"og:url\" content=\"https:\/\/ticaret.edu.tr\/ticaret-ve-finans-enstitusu\/iletisim\/\" \/>\n<meta property=\"og:site_name\" content=\"Ticaret ve Finans Enstit\u00fcs\u00fc\" \/>\n<meta property=\"article:publisher\" content=\"https:\/\/www.facebook.com\/ticaretedutr\" \/>\n<meta property=\"article:modified_time\" content=\"2026-02-06T14:31:01+00:00\" \/>\n<meta property=\"og:image\" content=\"http:\/\/ticaret.edu.tr\/ticaret-ve-finans-enstitusu\/wp-content\/uploads\/sites\/36\/2021\/11\/web_logo-01.jpg\" \/>\n\t<meta property=\"og:image:width\" content=\"1250\" \/>\n\t<meta property=\"og:image:height\" content=\"833\" \/>\n\t<meta property=\"og:image:type\" content=\"image\/jpeg\" \/>\n<meta name=\"twitter:card\" content=\"summary_large_image\" \/>\n<meta name=\"twitter:site\" content=\"@ticaretedutr\" \/>\n<meta name=\"twitter:label1\" content=\"Tahmini okuma s\u00fcresi\" \/>\n\t<meta name=\"twitter:data1\" content=\"1 dakika\" \/>\n<script type=\"application\/ld+json\" class=\"yoast-schema-graph\">{\"@context\":\"https:\/\/schema.org\",\"@graph\":[{\"@type\":\"WebPage\",\"@id\":\"https:\/\/ticaret.edu.tr\/ticaret-ve-finans-enstitusu\/iletisim\/\",\"url\":\"https:\/\/ticaret.edu.tr\/ticaret-ve-finans-enstitusu\/iletisim\/\",\"name\":\"\u0130leti\u015fim - Ticaret ve Finans Enstit\u00fcs\u00fc\",\"isPartOf\":{\"@id\":\"https:\/\/ticaret.edu.tr\/ticaret-ve-finans-enstitusu\/#website\"},\"datePublished\":\"2020-05-06T22:35:53+00:00\",\"dateModified\":\"2026-02-06T14:31:01+00:00\",\"breadcrumb\":{\"@id\":\"https:\/\/ticaret.edu.tr\/ticaret-ve-finans-enstitusu\/iletisim\/#breadcrumb\"},\"inLanguage\":\"tr\",\"potentialAction\":[{\"@type\":\"ReadAction\",\"target\":[\"https:\/\/ticaret.edu.tr\/ticaret-ve-finans-enstitusu\/iletisim\/\"]}]},{\"@type\":\"BreadcrumbList\",\"@id\":\"https:\/\/ticaret.edu.tr\/ticaret-ve-finans-enstitusu\/iletisim\/#breadcrumb\",\"itemListElement\":[{\"@type\":\"ListItem\",\"position\":1,\"name\":\"Ana sayfa\",\"item\":\"https:\/\/ticaret.edu.tr\/ticaret-ve-finans-enstitusu\/\"},{\"@type\":\"ListItem\",\"position\":2,\"name\":\"\u0130leti\u015fim\"}]},{\"@type\":\"WebSite\",\"@id\":\"https:\/\/ticaret.edu.tr\/ticaret-ve-finans-enstitusu\/#website\",\"url\":\"https:\/\/ticaret.edu.tr\/ticaret-ve-finans-enstitusu\/\",\"name\":\"Ticaret ve Finans Enstit\u00fcs\u00fc\",\"description\":\"\",\"potentialAction\":[{\"@type\":\"SearchAction\",\"target\":{\"@type\":\"EntryPoint\",\"urlTemplate\":\"https:\/\/ticaret.edu.tr\/ticaret-ve-finans-enstitusu\/?s={search_term_string}\"},\"query-input\":\"required name=search_term_string\"}],\"inLanguage\":\"tr\"}]}<\/script>\n<!-- \/ Yoast SEO Premium plugin. -->","yoast_head_json":{"title":"\u0130leti\u015fim - Ticaret ve Finans Enstit\u00fcs\u00fc","robots":{"index":"index","follow":"follow","max-snippet":"max-snippet:-1","max-image-preview":"max-image-preview:large","max-video-preview":"max-video-preview:-1"},"canonical":"https:\/\/ticaret.edu.tr\/ticaret-ve-finans-enstitusu\/iletisim\/","og_locale":"tr_TR","og_type":"article","og_title":"\u0130leti\u015fim","og_description":"Enstit\u00fc M\u00fcd\u00fcrl\u00fc\u011f\u00fc \ud83d\udce7 tfe@ticaret.edu.tr M\u00fcd\u00fcr Do\u00e7. Dr. Gencay KARAKAYA \ud83d\udce7 gkarakaya@ticaret.edu.tr \u260e\ufe0f 444 0 413 \/ 4254 M\u00fcd\u00fcr Yard\u0131mc\u0131s\u0131 Do\u00e7. Dr. Yunus \u00d6ZCAN \ud83d\udce7 yozcan@ticaret.edu.tr \u260e\ufe0f 444 0 413 \/ 4394 Ara\u015ft\u0131rma G\u00f6revlisi Ar\u015f. G\u00f6r. Dr. \u015e\u00fcheda BARAN \ud83d\udce7 sbaran@ticaret.edu.tr \u260e\ufe0f 444 0 413 \/ 4273 Enstit\u00fc Sekreteri A\u015fk\u0131m BAYRAMO\u011eLU \ud83d\udce7 aemanet@ticaret.edu.tr \u260e\ufe0f 444 0 [&hellip;]","og_url":"https:\/\/ticaret.edu.tr\/ticaret-ve-finans-enstitusu\/iletisim\/","og_site_name":"Ticaret ve Finans Enstit\u00fcs\u00fc","article_publisher":"https:\/\/www.facebook.com\/ticaretedutr","article_modified_time":"2026-02-06T14:31:01+00:00","og_image":[{"width":1250,"height":833,"url":"http:\/\/ticaret.edu.tr\/ticaret-ve-finans-enstitusu\/wp-content\/uploads\/sites\/36\/2021\/11\/web_logo-01.jpg","type":"image\/jpeg"}],"twitter_card":"summary_large_image","twitter_site":"@ticaretedutr","twitter_misc":{"Tahmini okuma s\u00fcresi":"1 dakika"},"schema":{"@context":"https:\/\/schema.org","@graph":[{"@type":"WebPage","@id":"https:\/\/ticaret.edu.tr\/ticaret-ve-finans-enstitusu\/iletisim\/","url":"https:\/\/ticaret.edu.tr\/ticaret-ve-finans-enstitusu\/iletisim\/","name":"\u0130leti\u015fim - Ticaret ve Finans Enstit\u00fcs\u00fc","isPartOf":{"@id":"https:\/\/ticaret.edu.tr\/ticaret-ve-finans-enstitusu\/#website"},"datePublished":"2020-05-06T22:35:53+00:00","dateModified":"2026-02-06T14:31:01+00:00","breadcrumb":{"@id":"https:\/\/ticaret.edu.tr\/ticaret-ve-finans-enstitusu\/iletisim\/#breadcrumb"},"inLanguage":"tr","potentialAction":[{"@type":"ReadAction","target":["https:\/\/ticaret.edu.tr\/ticaret-ve-finans-enstitusu\/iletisim\/"]}]},{"@type":"BreadcrumbList","@id":"https:\/\/ticaret.edu.tr\/ticaret-ve-finans-enstitusu\/iletisim\/#breadcrumb","itemListElement":[{"@type":"ListItem","position":1,"name":"Ana sayfa","item":"https:\/\/ticaret.edu.tr\/ticaret-ve-finans-enstitusu\/"},{"@type":"ListItem","position":2,"name":"\u0130leti\u015fim"}]},{"@type":"WebSite","@id":"https:\/\/ticaret.edu.tr\/ticaret-ve-finans-enstitusu\/#website","url":"https:\/\/ticaret.edu.tr\/ticaret-ve-finans-enstitusu\/","name":"Ticaret ve Finans Enstit\u00fcs\u00fc","description":"","potentialAction":[{"@type":"SearchAction","target":{"@type":"EntryPoint","urlTemplate":"https:\/\/ticaret.edu.tr\/ticaret-ve-finans-enstitusu\/?s={search_term_string}"},"query-input":"required name=search_term_string"}],"inLanguage":"tr"}]}},"lang":"tr","translations":{"en":1344,"tr":7},"pll_sync_post":[],"_links":{"self":[{"href":"http:\/\/ticaret.edu.tr\/ticaret-ve-finans-enstitusu\/wp-json\/wp\/v2\/pages\/7"}],"collection":[{"href":"http:\/\/ticaret.edu.tr\/ticaret-ve-finans-enstitusu\/wp-json\/wp\/v2\/pages"}],"about":[{"href":"http:\/\/ticaret.edu.tr\/ticaret-ve-finans-enstitusu\/wp-json\/wp\/v2\/types\/page"}],"author":[{"embeddable":true,"href":"http:\/\/ticaret.edu.tr\/ticaret-ve-finans-enstitusu\/wp-json\/wp\/v2\/users\/1"}],"replies":[{"embeddable":true,"href":"http:\/\/ticaret.edu.tr\/ticaret-ve-finans-enstitusu\/wp-json\/wp\/v2\/comments?post=7"}],"version-history":[{"count":28,"href":"http:\/\/ticaret.edu.tr\/ticaret-ve-finans-enstitusu\/wp-json\/wp\/v2\/pages\/7\/revisions"}],"predecessor-version":[{"id":3245,"href":"http:\/\/ticaret.edu.tr\/ticaret-ve-finans-enstitusu\/wp-json\/wp\/v2\/pages\/7\/revisions\/3245"}],"wp:attachment":[{"href":"http:\/\/ticaret.edu.tr\/ticaret-ve-finans-enstitusu\/wp-json\/wp\/v2\/media?parent=7"}],"curies":[{"name":"wp","href":"https:\/\/api.w.org\/{rel}","templated":true}]}}