{"id":98,"date":"2020-05-11T14:35:08","date_gmt":"2020-05-11T11:35:08","guid":{"rendered":"http:\/\/ticaret.edu.tr\/finans\/?page_id=98"},"modified":"2026-02-10T18:52:42","modified_gmt":"2026-02-10T15:52:42","slug":"bankacilik-doktora-programi","status":"publish","type":"page","link":"http:\/\/ticaret.edu.tr\/ticaret-ve-finans-enstitusu\/doktora\/bankacilik-doktora-programi\/","title":{"rendered":"Bankac\u0131l\u0131k Doktora Program\u0131"},"content":{"rendered":"<p>&nbsp;<\/p>\n<table style=\"width: 100%;max-width: 1100px;margin: 0 auto;background-color: #ffffff;padding: 0;border-radius: 12px;border-collapse: collapse\" border=\"0\" cellspacing=\"0\" cellpadding=\"0\">\n<tbody>\n<tr><!-- SOL: KART --><\/p>\n<td style=\"width: 270px;vertical-align: top;text-align: center;padding-right: 20px;border: none\">\n<div style=\"background-color: #f9f9f9;border: 1px solid #ddd;border-left: 6px solid #ffc107;border-radius: 12px;padding: 15px\">\n<p><img loading=\"lazy\" decoding=\"async\" class=\"alignnone size-medium wp-image-2700\" style=\"border-radius: 12px\" src=\"http:\/\/ticaret.edu.tr\/ticaret-ve-finans-enstitusu\/wp-content\/uploads\/sites\/36\/2025\/07\/Ekran-Alintisi-275x300.jpg\" alt=\"\" width=\"275\" height=\"300\" srcset=\"http:\/\/ticaret.edu.tr\/ticaret-ve-finans-enstitusu\/wp-content\/uploads\/sites\/36\/2025\/07\/Ekran-Alintisi-275x300.jpg 275w, http:\/\/ticaret.edu.tr\/ticaret-ve-finans-enstitusu\/wp-content\/uploads\/sites\/36\/2025\/07\/Ekran-Alintisi.jpg 731w\" sizes=\"(max-width: 275px) 100vw, 275px\" \/><\/p>\n<p style=\"font-size: 14px;font-weight: bold;margin-bottom: 5px\">Prof. Dr.<br \/>\nHicabi ERSOY<\/p>\n<p><strong><a style=\"font-size: 13px;color: #f5a100\" href=\"mailto:hersoy@ticaret.edu.tr\">hersoy@ticaret.edu.tr<\/a><\/strong><\/p>\n<p>&nbsp;<\/p>\n<h5 style=\"margin-top: 12px\"><a style=\"margin: 5px 0;background-color: #ffc107;color: black;padding: 8px;border-radius: 6px;text-decoration: none\" href=\"https:\/\/istanbulticaretuniversitesi.edupage.org\/timetable\/view.php?num=87&amp;class=*54\">Ders Program\u0131<\/a><\/h5>\n<p>&nbsp;<\/p>\n<h5><\/h5>\n<h5><\/h5>\n<h5><\/h5>\n<h5><\/h5>\n<h5><\/h5>\n<h5><\/h5>\n<h5><\/h5>\n<h5 style=\"margin-top: 12px\"><a style=\"margin: 5px 0;background-color: #ffc107;color: black;padding: 8px;border-radius: 6px;text-decoration: none\" href=\"http:\/\/ticaret.edu.tr\/ticaret-ve-finans-enstitusu\/wp-content\/uploads\/sites\/36\/2025\/09\/Bankacilik-Doktora-Programi-2025-2026-Mufredat-1.pdf\">M\u00fcfredat<\/a><\/h5>\n<p>&nbsp;<\/p>\n<h5><\/h5>\n<h5><\/h5>\n<h5><\/h5>\n<h5><\/h5>\n<h5 style=\"margin-top: 12px\"><a style=\"margin: 5px 0;background-color: #ffc107;color: black;padding: 8px;border-radius: 6px;text-decoration: none\" href=\"https:\/\/obs.ticaret.edu.tr\/oibs\/bologna\/index.aspx?lang=tr&amp;curOp=showPac&amp;curUnit=FIE&amp;curSunit=349\">Bologna Bilgi Paketi<\/a><\/h5>\n<p>&nbsp;<\/p>\n<h5><\/h5>\n<h5><\/h5>\n<h5><\/h5>\n<h5><\/h5>\n<h5 style=\"margin-top: 12px\"><a style=\"margin: 5px 0;background-color: #ffc107;color: black;padding: 8px;border-radius: 6px;text-decoration: none\" href=\"https:\/\/lisansustuaday.ticaret.edu.tr\/burslar-ucretler\/\">Burslar ve \u00dccretler<\/a><\/h5>\n<p>&nbsp;<\/p>\n<h5><\/h5>\n<h5><\/h5>\n<h5><\/h5>\n<h5><\/h5>\n<h5 style=\"margin-top: 12px\"><a style=\"margin: 5px 0;background-color: #ffc107;color: black;padding: 8px;border-radius: 6px;text-decoration: none\" href=\"https:\/\/ticaret.edu.tr\/ticaret-ve-finans-enstitusu\/hemen-basvur\/kontenjanlar\/\">Kontenjanlar<\/a><\/h5>\n<div><\/div>\n<\/div>\n<\/td>\n<p><!-- SA\u011e: MET\u0130N --><\/p>\n<td style=\"vertical-align: top;font-family: Arial, sans-serif;font-size: 14px;line-height: 1.6;color: #333\">\n<div class=\"BABaslik\">\n<p>T\u00fcrkiye\u2019de 2000\u2019li y\u0131llar\u0131n ba\u015f\u0131nda ya\u015fanan finansal kriz sonras\u0131 bankac\u0131l\u0131k sekt\u00f6r\u00fcnde al\u0131nan tedbirler sonucu T\u00fcrk bankac\u0131l\u0131k sekt\u00f6r\u00fc h\u0131zla geli\u015ferek, 2000 y\u0131l\u0131nda 104,3 milyar TL olan aktif b\u00fcy\u00fckl\u00fc\u011f\u00fc 2012 son itibariyle 1421 Milyar TL b\u00fcy\u00fckl\u00fc\u011fe eri\u015fmi\u015ftir. An\u0131lan d\u00f6nemde 14 kat b\u00fcy\u00fcyen sekt\u00f6r\u00fcn ayn\u0131 d\u00f6nemde gayrisafi yurti\u00e7i has\u0131laya oran\u0131 da %45 civar\u0131ndan %100 seviyesini de a\u015farak tarihte ilk defa gayrisafi yurti\u00e7i has\u0131lay\u0131 ge\u00e7mi\u015ftir. B\u00fcy\u00fcyen ve geli\u015fen bankac\u0131l\u0131k sekt\u00f6r\u00fc sadece sekt\u00f6rde \u00e7al\u0131\u015facak insan kayna\u011f\u0131na de\u011fil, ayn\u0131 zamanda sekt\u00f6r\u00fc \u00e7al\u0131\u015facak ve analiz edecek akademik oryantasyona sahip insan kayna\u011f\u0131na olan ihtiyac\u0131 da ortaya \u00e7\u0131karm\u0131\u015ft\u0131r.<\/p>\n<\/div>\n<div class=\"BAIcerik\">\n<p>Bu kapsamda Bankac\u0131l\u0131k Doktora Program\u0131,\u00a0ba\u015fta bankac\u0131l\u0131k teorisi olmak \u00fczere, ekonomi, finans, muhasebe ve say\u0131sal teknikleri de kapsayarak, programa ba\u015fvuracak adaylar\u0131n analitik d\u00fc\u015f\u00fcnme becerisi elde etmelerini, ara\u015ft\u0131r\u0131c\u0131 ve sorgulay\u0131c\u0131 bir kimlik kazanarak T\u00fcrkiye\u2019de bilim ve e\u011fitim hayat\u0131 ile uluslararas\u0131 yay\u0131n ortam\u0131na katk\u0131 yapmas\u0131n\u0131 sa\u011flamay\u0131 ama\u00e7lamaktad\u0131r.<\/p>\n<p>Bankac\u0131l\u0131k Teorisine ili\u015fkin iktisadi teori ve modellerin ara\u015ft\u0131rmalarla irdelenmesi ve say\u0131sal tekniklerle test edilmesinin yan\u0131 s\u0131ra, bankalarda risk ve verimlilik konular\u0131n\u0131n i\u015flenmesine de \u00f6nem verilecektir.<\/p>\n<p>\u00dcniversitemiz bu \u00f6nemli bilim alan\u0131nda teori ve politikalar\u0131 \u00f6z\u00fcmsemi\u015f, k\u00fcresel ekonomik \u00e7evrede h\u0131zla geli\u015fen yap\u0131sal finansal de\u011fi\u015fmeleri makro d\u00fczeyde ve firma d\u00fczeyinde analiz ederek \u00fclkemiz bilimine katk\u0131 yapacak bilim insanlar\u0131ndan olu\u015fan bir \u00e7evreyi olu\u015fturma konusunda \u00f6nc\u00fc ve merkez olmay\u0131 tasarlamaktad\u0131r.<\/p>\n<\/div>\n<ul>\n<li style=\"list-style-type: none\">\n<ul>\n<li><strong><a href=\"http:\/\/ticaret.edu.tr\/finans-enstitusu\/wp-content\/uploads\/sites\/36\/2024\/04\/ban-DR-Basvuru-Kosullari-Guncel.pdf\">Ba\u015fvuru Ko\u015fullar\u0131<\/a><\/strong><\/li>\n<li><strong><a href=\"http:\/\/ticaret.edu.tr\/finans-enstitusu\/wp-content\/uploads\/sites\/36\/2024\/09\/2024-2025-Bankacilik-Doktora-Programi-Mufredati.pdf\">2024-2025 M\u00fcfredat<\/a><\/strong><\/li>\n<li><strong><a href=\"http:\/\/ticaret.edu.tr\/ticaret-ve-finans-enstitusu\/wp-content\/uploads\/sites\/36\/2025\/09\/Bankacilik-Doktora-Programi-2025-2026-Mufredat-1.pdf\">2025-2026 M\u00fcfredat<\/a><\/strong><\/li>\n<li><strong><a href=\"http:\/\/tubis.ticaret.edu.tr\/_Bologna\/Bolum\/DersListe.aspx\">Ders Tan\u0131t\u0131m Formu (Syllabus)<\/a><\/strong><\/li>\n<\/ul>\n<\/li>\n<\/ul>\n<p><strong>Misyon:<\/strong> Bankac\u0131l\u0131k alan\u0131nda ulusal ve uluslararas\u0131 \u00f6l\u00e7ekte geli\u015fen ihtiya\u00e7lara cevap verebilecek, etik de\u011ferlere ba\u011fl\u0131, sorumluluk sahibi, analitik d\u00fc\u015f\u00fcnebilen ve \u00e7a\u011f\u0131n teknolojik gereksinimlerine uyum sa\u011flayan mezunlar yeti\u015ftirmek. \u00d6\u011frencilere teorik bilgi birikimi ile uygulama becerisi kazand\u0131rmak, ara\u015ft\u0131rma k\u00fclt\u00fcr\u00fcn\u00fc te\u015fvik etmek ve sekt\u00f6rde g\u00fc\u00e7l\u00fc i\u015f birlikleri kurarak e\u011fitim-\u00f6\u011fretim faaliyetlerini s\u00fcrekli geli\u015ftirmek.<\/p>\n<p><strong>Vizyon:<\/strong> E\u011fitim kalitesi, akademik birikimi, teknolojik yeniliklere a\u00e7\u0131kl\u0131\u011f\u0131 ve bankac\u0131l\u0131k sekt\u00f6r\u00fcnde kurdu\u011fu g\u00fc\u00e7l\u00fc i\u015f birlikleriyle ulusal ve uluslararas\u0131 d\u00fczeyde tan\u0131nan, \u00f6nc\u00fc ve tercih edilen bir program olmak.<br \/>\nMezunlar\u0131n dinamik bankac\u0131l\u0131k sekt\u00f6r\u00fcnde fark yaratan profesyoneller olarak yer almalar\u0131n\u0131 sa\u011flayarak sekt\u00f6re y\u00f6n veren akademik bir merkez olmak.<\/p>\n<p><strong>Temel De\u011ferler:<\/strong><br \/>\nAkademik M\u00fckemmeliyet<br \/>\nEtik ve Sorumluluk<br \/>\nS\u00fcrekli Geli\u015fim<br \/>\nYenilik\u00e7ilik<br \/>\nTeknoloji Odakl\u0131l\u0131k<br \/>\nSekt\u00f6rle \u0130\u015f Birli\u011fi<br \/>\n\u00c7evresel ve Sosyal Duyarl\u0131l\u0131k<br \/>\nGiri\u015fimcilik ve Liderlik<\/p>\n<p><strong>\u0130leti\u015fim:<\/strong><br \/>\n<em>Ticaret ve Finans Enstit\u00fcs\u00fc \u00d6\u011frenci \u0130\u015fleri<\/em><br \/>\n<strong>Program Sorumlusu:<\/strong> Mihriban \u015eenol<br \/>\n<a href=\"mailto:tfe@ticaret.edu.tr\">tfe@ticaret.edu.tr<\/a> \u2013 444 0 413 \/ Dahili: 4762<\/td>\n<\/tr>\n<\/tbody>\n<\/table>\n","protected":false},"excerpt":{"rendered":"<p>&nbsp; Prof. Dr. Hicabi ERSOY hersoy@ticaret.edu.tr &nbsp; Ders Program\u0131 &nbsp; M\u00fcfredat &nbsp; Bologna Bilgi Paketi &nbsp; Burslar ve \u00dccretler &nbsp; Kontenjanlar T\u00fcrkiye\u2019de 2000\u2019li y\u0131llar\u0131n ba\u015f\u0131nda ya\u015fanan finansal kriz sonras\u0131 bankac\u0131l\u0131k sekt\u00f6r\u00fcnde al\u0131nan tedbirler sonucu T\u00fcrk bankac\u0131l\u0131k sekt\u00f6r\u00fc h\u0131zla geli\u015ferek, 2000 y\u0131l\u0131nda 104,3 milyar TL olan aktif b\u00fcy\u00fckl\u00fc\u011f\u00fc 2012 son itibariyle 1421 Milyar TL b\u00fcy\u00fckl\u00fc\u011fe eri\u015fmi\u015ftir. [&hellip;]<\/p>\n","protected":false},"author":92,"featured_media":0,"parent":6,"menu_order":0,"comment_status":"closed","ping_status":"closed","template":"genel_sayfa.php","meta":{"footnotes":""},"yoast_head":"<!-- This site is optimized with the Yoast SEO Premium plugin v22.1 (Yoast SEO v22.1) - https:\/\/yoast.com\/wordpress\/plugins\/seo\/ -->\n<title>Bankac\u0131l\u0131k Doktora Program\u0131 - Ticaret ve Finans Enstit\u00fcs\u00fc<\/title>\n<meta name=\"description\" content=\"Bankac\u0131l\u0131k Doktora Program\u0131 ba\u015fta bankac\u0131l\u0131k teorisi olmak \u00fczere, ekonomi, finans, muhasebe ve say\u0131sal teknikleri de kapsar.\" \/>\n<meta name=\"robots\" content=\"index, follow, max-snippet:-1, max-image-preview:large, max-video-preview:-1\" \/>\n<link rel=\"canonical\" href=\"https:\/\/ticaret.edu.tr\/ticaret-ve-finans-enstitusu\/doktora\/bankacilik-doktora-programi\/\" \/>\n<meta property=\"og:locale\" content=\"tr_TR\" \/>\n<meta property=\"og:type\" content=\"article\" \/>\n<meta property=\"og:title\" content=\"Bankac\u0131l\u0131k Doktora Program\u0131\" \/>\n<meta property=\"og:description\" content=\"Bankac\u0131l\u0131k Doktora Program\u0131 ba\u015fta bankac\u0131l\u0131k teorisi olmak \u00fczere, ekonomi, finans, muhasebe ve say\u0131sal teknikleri de kapsar.\" \/>\n<meta property=\"og:url\" content=\"https:\/\/ticaret.edu.tr\/ticaret-ve-finans-enstitusu\/doktora\/bankacilik-doktora-programi\/\" \/>\n<meta property=\"og:site_name\" content=\"Ticaret ve Finans Enstit\u00fcs\u00fc\" \/>\n<meta property=\"article:publisher\" content=\"https:\/\/www.facebook.com\/ticaretedutr\" \/>\n<meta property=\"article:modified_time\" content=\"2026-02-10T15:52:42+00:00\" \/>\n<meta property=\"og:image\" content=\"http:\/\/ticaret.edu.tr\/ticaret-ve-finans-enstitusu\/wp-content\/uploads\/sites\/36\/2025\/07\/Ekran-Alintisi-275x300.jpg\" \/>\n<meta name=\"twitter:card\" content=\"summary_large_image\" \/>\n<meta name=\"twitter:site\" content=\"@ticaretedutr\" \/>\n<meta name=\"twitter:label1\" content=\"Tahmini okuma s\u00fcresi\" \/>\n\t<meta name=\"twitter:data1\" content=\"3 dakika\" \/>\n<script type=\"application\/ld+json\" class=\"yoast-schema-graph\">{\"@context\":\"https:\/\/schema.org\",\"@graph\":[{\"@type\":\"WebPage\",\"@id\":\"https:\/\/ticaret.edu.tr\/ticaret-ve-finans-enstitusu\/doktora\/bankacilik-doktora-programi\/\",\"url\":\"https:\/\/ticaret.edu.tr\/ticaret-ve-finans-enstitusu\/doktora\/bankacilik-doktora-programi\/\",\"name\":\"Bankac\u0131l\u0131k Doktora Program\u0131 - Ticaret ve Finans Enstit\u00fcs\u00fc\",\"isPartOf\":{\"@id\":\"https:\/\/ticaret.edu.tr\/ticaret-ve-finans-enstitusu\/#website\"},\"datePublished\":\"2020-05-11T11:35:08+00:00\",\"dateModified\":\"2026-02-10T15:52:42+00:00\",\"description\":\"Bankac\u0131l\u0131k Doktora Program\u0131 ba\u015fta bankac\u0131l\u0131k teorisi olmak \u00fczere, ekonomi, finans, muhasebe ve say\u0131sal teknikleri de kapsar.\",\"breadcrumb\":{\"@id\":\"https:\/\/ticaret.edu.tr\/ticaret-ve-finans-enstitusu\/doktora\/bankacilik-doktora-programi\/#breadcrumb\"},\"inLanguage\":\"tr\",\"potentialAction\":[{\"@type\":\"ReadAction\",\"target\":[\"https:\/\/ticaret.edu.tr\/ticaret-ve-finans-enstitusu\/doktora\/bankacilik-doktora-programi\/\"]}]},{\"@type\":\"BreadcrumbList\",\"@id\":\"https:\/\/ticaret.edu.tr\/ticaret-ve-finans-enstitusu\/doktora\/bankacilik-doktora-programi\/#breadcrumb\",\"itemListElement\":[{\"@type\":\"ListItem\",\"position\":1,\"name\":\"Ana sayfa\",\"item\":\"https:\/\/ticaret.edu.tr\/ticaret-ve-finans-enstitusu\/\"},{\"@type\":\"ListItem\",\"position\":2,\"name\":\"Doktora Programlar\u0131\",\"item\":\"http:\/\/ticaret.edu.tr\/ticaret-ve-finans-enstitusu\/doktora\/\"},{\"@type\":\"ListItem\",\"position\":3,\"name\":\"Bankac\u0131l\u0131k Doktora Program\u0131\"}]},{\"@type\":\"WebSite\",\"@id\":\"https:\/\/ticaret.edu.tr\/ticaret-ve-finans-enstitusu\/#website\",\"url\":\"https:\/\/ticaret.edu.tr\/ticaret-ve-finans-enstitusu\/\",\"name\":\"Ticaret ve Finans Enstit\u00fcs\u00fc\",\"description\":\"\",\"potentialAction\":[{\"@type\":\"SearchAction\",\"target\":{\"@type\":\"EntryPoint\",\"urlTemplate\":\"https:\/\/ticaret.edu.tr\/ticaret-ve-finans-enstitusu\/?s={search_term_string}\"},\"query-input\":\"required name=search_term_string\"}],\"inLanguage\":\"tr\"}]}<\/script>\n<!-- \/ Yoast SEO Premium plugin. -->","yoast_head_json":{"title":"Bankac\u0131l\u0131k Doktora Program\u0131 - Ticaret ve Finans Enstit\u00fcs\u00fc","description":"Bankac\u0131l\u0131k Doktora Program\u0131 ba\u015fta bankac\u0131l\u0131k teorisi olmak \u00fczere, ekonomi, finans, muhasebe ve say\u0131sal teknikleri de kapsar.","robots":{"index":"index","follow":"follow","max-snippet":"max-snippet:-1","max-image-preview":"max-image-preview:large","max-video-preview":"max-video-preview:-1"},"canonical":"https:\/\/ticaret.edu.tr\/ticaret-ve-finans-enstitusu\/doktora\/bankacilik-doktora-programi\/","og_locale":"tr_TR","og_type":"article","og_title":"Bankac\u0131l\u0131k Doktora Program\u0131","og_description":"Bankac\u0131l\u0131k Doktora Program\u0131 ba\u015fta bankac\u0131l\u0131k teorisi olmak \u00fczere, ekonomi, finans, muhasebe ve say\u0131sal teknikleri de kapsar.","og_url":"https:\/\/ticaret.edu.tr\/ticaret-ve-finans-enstitusu\/doktora\/bankacilik-doktora-programi\/","og_site_name":"Ticaret ve Finans Enstit\u00fcs\u00fc","article_publisher":"https:\/\/www.facebook.com\/ticaretedutr","article_modified_time":"2026-02-10T15:52:42+00:00","og_image":[{"url":"http:\/\/ticaret.edu.tr\/ticaret-ve-finans-enstitusu\/wp-content\/uploads\/sites\/36\/2025\/07\/Ekran-Alintisi-275x300.jpg"}],"twitter_card":"summary_large_image","twitter_site":"@ticaretedutr","twitter_misc":{"Tahmini okuma s\u00fcresi":"3 dakika"},"schema":{"@context":"https:\/\/schema.org","@graph":[{"@type":"WebPage","@id":"https:\/\/ticaret.edu.tr\/ticaret-ve-finans-enstitusu\/doktora\/bankacilik-doktora-programi\/","url":"https:\/\/ticaret.edu.tr\/ticaret-ve-finans-enstitusu\/doktora\/bankacilik-doktora-programi\/","name":"Bankac\u0131l\u0131k Doktora Program\u0131 - Ticaret ve Finans Enstit\u00fcs\u00fc","isPartOf":{"@id":"https:\/\/ticaret.edu.tr\/ticaret-ve-finans-enstitusu\/#website"},"datePublished":"2020-05-11T11:35:08+00:00","dateModified":"2026-02-10T15:52:42+00:00","description":"Bankac\u0131l\u0131k Doktora Program\u0131 ba\u015fta bankac\u0131l\u0131k teorisi olmak \u00fczere, ekonomi, finans, muhasebe ve say\u0131sal teknikleri de kapsar.","breadcrumb":{"@id":"https:\/\/ticaret.edu.tr\/ticaret-ve-finans-enstitusu\/doktora\/bankacilik-doktora-programi\/#breadcrumb"},"inLanguage":"tr","potentialAction":[{"@type":"ReadAction","target":["https:\/\/ticaret.edu.tr\/ticaret-ve-finans-enstitusu\/doktora\/bankacilik-doktora-programi\/"]}]},{"@type":"BreadcrumbList","@id":"https:\/\/ticaret.edu.tr\/ticaret-ve-finans-enstitusu\/doktora\/bankacilik-doktora-programi\/#breadcrumb","itemListElement":[{"@type":"ListItem","position":1,"name":"Ana sayfa","item":"https:\/\/ticaret.edu.tr\/ticaret-ve-finans-enstitusu\/"},{"@type":"ListItem","position":2,"name":"Doktora Programlar\u0131","item":"http:\/\/ticaret.edu.tr\/ticaret-ve-finans-enstitusu\/doktora\/"},{"@type":"ListItem","position":3,"name":"Bankac\u0131l\u0131k Doktora Program\u0131"}]},{"@type":"WebSite","@id":"https:\/\/ticaret.edu.tr\/ticaret-ve-finans-enstitusu\/#website","url":"https:\/\/ticaret.edu.tr\/ticaret-ve-finans-enstitusu\/","name":"Ticaret ve Finans Enstit\u00fcs\u00fc","description":"","potentialAction":[{"@type":"SearchAction","target":{"@type":"EntryPoint","urlTemplate":"https:\/\/ticaret.edu.tr\/ticaret-ve-finans-enstitusu\/?s={search_term_string}"},"query-input":"required name=search_term_string"}],"inLanguage":"tr"}]}},"lang":"tr","translations":{"en":1337,"tr":98},"pll_sync_post":[],"_links":{"self":[{"href":"http:\/\/ticaret.edu.tr\/ticaret-ve-finans-enstitusu\/wp-json\/wp\/v2\/pages\/98"}],"collection":[{"href":"http:\/\/ticaret.edu.tr\/ticaret-ve-finans-enstitusu\/wp-json\/wp\/v2\/pages"}],"about":[{"href":"http:\/\/ticaret.edu.tr\/ticaret-ve-finans-enstitusu\/wp-json\/wp\/v2\/types\/page"}],"author":[{"embeddable":true,"href":"http:\/\/ticaret.edu.tr\/ticaret-ve-finans-enstitusu\/wp-json\/wp\/v2\/users\/92"}],"replies":[{"embeddable":true,"href":"http:\/\/ticaret.edu.tr\/ticaret-ve-finans-enstitusu\/wp-json\/wp\/v2\/comments?post=98"}],"version-history":[{"count":50,"href":"http:\/\/ticaret.edu.tr\/ticaret-ve-finans-enstitusu\/wp-json\/wp\/v2\/pages\/98\/revisions"}],"predecessor-version":[{"id":3318,"href":"http:\/\/ticaret.edu.tr\/ticaret-ve-finans-enstitusu\/wp-json\/wp\/v2\/pages\/98\/revisions\/3318"}],"up":[{"embeddable":true,"href":"http:\/\/ticaret.edu.tr\/ticaret-ve-finans-enstitusu\/wp-json\/wp\/v2\/pages\/6"}],"wp:attachment":[{"href":"http:\/\/ticaret.edu.tr\/ticaret-ve-finans-enstitusu\/wp-json\/wp\/v2\/media?parent=98"}],"curies":[{"name":"wp","href":"https:\/\/api.w.org\/{rel}","templated":true}]}}