{"id":1078,"date":"2025-09-25T19:05:38","date_gmt":"2025-09-25T16:05:38","guid":{"rendered":"https:\/\/ticaret.edu.tr\/turkce-ogretimi-uygulama-ve-arastirma-merkezi\/?page_id=1078"},"modified":"2026-01-19T16:18:02","modified_gmt":"2026-01-19T13:18:02","slug":"akademik-kadro","status":"publish","type":"page","link":"http:\/\/ticaret.edu.tr\/turkce-ogretimi-uygulama-ve-arastirma-merkezi\/akademik-kadro\/","title":{"rendered":"Akademik Kadro"},"content":{"rendered":"<div style=\"align-items: flex-start;gap: 15px;margin-bottom: 20px\">\n<div style=\"min-width: 120px\"><img decoding=\"async\" style=\"width: 200px;border-radius: 6px\" src=\"http:\/\/ticaret.edu.tr\/turkce-ogretimi-uygulama-ve-arastirma-merkezi\/wp-content\/uploads\/sites\/60\/2026\/01\/uakcay-.jpg\" \/><\/div>\n<div style=\"text-align: left\"><a href=\"https:\/\/avesis.ticaret.edu.tr\/uakcay\"><strong>Dr. \u00d6\u011fr. \u00dcyesi \u00dclk\u00fc AK\u00c7AY<\/strong><\/a><br \/>\nM\u00fcd\u00fcr<br \/>\nuakcay@ticaret.edu.tr<br \/>\nS\u00e2d\u00e2b\u00e2d Kamp\u00fcs\u00fc S\u00fctl\u00fcce, B111<\/div>\n<\/div>\n<div style=\"align-items: flex-start;gap: 15px;margin-bottom: 20px\">\n<div style=\"min-width: 120px\"><img decoding=\"async\" style=\"width: 200px;border-radius: 6px\" src=\"http:\/\/ticaret.edu.tr\/turkce-ogretimi-uygulama-ve-arastirma-merkezi\/wp-content\/uploads\/sites\/60\/2026\/01\/etbahar-.jpg\" \/><\/div>\n<div style=\"text-align: left\"><a href=\"https:\/\/avesis.ticaret.edu.tr\/etbahar\"><strong>\u00d6\u011fr. G\u00f6r. Ey\u00fcp Tugay BAHAR<\/strong><\/a><br \/>\n\u00d6\u011fretim G\u00f6revlisi<br \/>\netbahar@ticaret.edu.tr<br \/>\nAh\u00ee \u00c7elebi Kamp\u00fcs\u00fc Emin\u00f6n\u00fc, T\u00d6MER<\/div>\n<\/div>\n<div style=\"align-items: flex-start;gap: 15px;margin-bottom: 20px\">\n<div style=\"min-width: 120px\"><img decoding=\"async\" style=\"width: 200px;border-radius: 6px\" src=\"http:\/\/ticaret.edu.tr\/turkce-ogretimi-uygulama-ve-arastirma-merkezi\/wp-content\/uploads\/sites\/60\/2026\/01\/istockphoto-2060009001-612x612-1.jpg\" \/><\/div>\n<div style=\"text-align: left\"><a href=\"http:\/\/ticaret.edu.tr\/turkce-ogretimi-uygulama-ve-arastirma-merkezi\/wp-content\/uploads\/sites\/60\/2026\/01\/YOK-OZ-GECMIS.pdf\"><strong>\u00d6\u011fr. G\u00f6r. Elif DEL\u0130G\u00d6Z<\/strong><\/a><br \/>\n\u00d6\u011fretim G\u00f6revlisi<br \/>\nAh\u00ee \u00c7elebi Kamp\u00fcs\u00fc Emin\u00f6n\u00fc, T\u00d6MER<\/div>\n<\/div>\n","protected":false},"excerpt":{"rendered":"<p>Dr. \u00d6\u011fr. \u00dcyesi \u00dclk\u00fc AK\u00c7AY M\u00fcd\u00fcr uakcay@ticaret.edu.tr S\u00e2d\u00e2b\u00e2d Kamp\u00fcs\u00fc S\u00fctl\u00fcce, B111 \u00d6\u011fr. G\u00f6r. Ey\u00fcp Tugay BAHAR \u00d6\u011fretim G\u00f6revlisi etbahar@ticaret.edu.tr Ah\u00ee \u00c7elebi Kamp\u00fcs\u00fc Emin\u00f6n\u00fc, T\u00d6MER \u00d6\u011fr. G\u00f6r. Elif DEL\u0130G\u00d6Z \u00d6\u011fretim G\u00f6revlisi Ah\u00ee \u00c7elebi Kamp\u00fcs\u00fc Emin\u00f6n\u00fc, T\u00d6MER<\/p>\n","protected":false},"author":227,"featured_media":0,"parent":0,"menu_order":0,"comment_status":"closed","ping_status":"closed","template":"genel_sayfa.php","meta":{"footnotes":""},"yoast_head":"<!-- This site is optimized with the Yoast SEO Premium plugin v22.1 (Yoast SEO v22.1) - https:\/\/yoast.com\/wordpress\/plugins\/seo\/ -->\n<title>Akademik Kadro - T\u00fcrk\u00e7e \u00d6\u011fretimi Uygulama ve Ara\u015ft\u0131rma Merkezi<\/title>\n<meta name=\"description\" content=\"Dr. \u00d6\u011fr. \u00dcyesi \u00dclk\u00fc AK\u00c7AY M\u00fcd\u00fcr uakcay@ticaret.edu.tr S\u00e2d\u00e2b\u00e2d Kamp\u00fcs\u00fc S\u00fctl\u00fcce, B111 \u00d6\u011fr. G\u00f6r. Ey\u00fcp Tugay BAHAR \u00d6\u011fretim G\u00f6revlisi etbahar@ticaret.edu.tr Ah\u00ee \u00c7elebi Kamp\u00fcs\u00fc Emin\u00f6n\u00fc, T\u00d6MER \u00d6\u011fr. G\u00f6r. Elif DEL\u0130G\u00d6Z \u00d6\u011fretim G\u00f6revlisi Ah\u00ee \u00c7elebi Kamp\u00fcs\u00fc Emin\u00f6n\u00fc, T\u00d6MER\" \/>\n<meta name=\"robots\" content=\"index, follow, max-snippet:-1, max-image-preview:large, max-video-preview:-1\" \/>\n<link rel=\"canonical\" href=\"http:\/\/ticaret.edu.tr\/turkce-ogretimi-uygulama-ve-arastirma-merkezi\/akademik-kadro\/\" \/>\n<meta property=\"og:locale\" content=\"tr_TR\" \/>\n<meta property=\"og:type\" content=\"article\" \/>\n<meta property=\"og:title\" content=\"Akademik Kadro\" \/>\n<meta property=\"og:description\" content=\"Dr. \u00d6\u011fr. \u00dcyesi \u00dclk\u00fc AK\u00c7AY M\u00fcd\u00fcr uakcay@ticaret.edu.tr S\u00e2d\u00e2b\u00e2d Kamp\u00fcs\u00fc S\u00fctl\u00fcce, B111 \u00d6\u011fr. G\u00f6r. Ey\u00fcp Tugay BAHAR \u00d6\u011fretim G\u00f6revlisi etbahar@ticaret.edu.tr Ah\u00ee \u00c7elebi Kamp\u00fcs\u00fc Emin\u00f6n\u00fc, T\u00d6MER \u00d6\u011fr. G\u00f6r. Elif DEL\u0130G\u00d6Z \u00d6\u011fretim G\u00f6revlisi Ah\u00ee \u00c7elebi Kamp\u00fcs\u00fc Emin\u00f6n\u00fc, T\u00d6MER\" \/>\n<meta property=\"og:url\" content=\"http:\/\/ticaret.edu.tr\/turkce-ogretimi-uygulama-ve-arastirma-merkezi\/akademik-kadro\/\" \/>\n<meta property=\"og:site_name\" content=\"T\u00fcrk\u00e7e \u00d6\u011fretimi Uygulama ve Ara\u015ft\u0131rma Merkezi\" \/>\n<meta property=\"article:publisher\" content=\"https:\/\/www.facebook.com\/ticaretedutr\" \/>\n<meta property=\"article:modified_time\" content=\"2026-01-19T13:18:02+00:00\" \/>\n<meta property=\"og:image\" content=\"http:\/\/ticaret.edu.tr\/turkce-ogretimi-uygulama-ve-arastirma-merkezi\/wp-content\/uploads\/sites\/60\/2026\/01\/uakcay-.jpg\" \/>\n<meta name=\"twitter:card\" content=\"summary_large_image\" \/>\n<meta name=\"twitter:site\" content=\"@ticaretedutr\" \/>\n<meta name=\"twitter:label1\" content=\"Tahmini okuma s\u00fcresi\" \/>\n\t<meta name=\"twitter:data1\" content=\"1 dakika\" \/>\n<script type=\"application\/ld+json\" class=\"yoast-schema-graph\">{\"@context\":\"https:\/\/schema.org\",\"@graph\":[{\"@type\":\"WebPage\",\"@id\":\"http:\/\/ticaret.edu.tr\/turkce-ogretimi-uygulama-ve-arastirma-merkezi\/akademik-kadro\/\",\"url\":\"http:\/\/ticaret.edu.tr\/turkce-ogretimi-uygulama-ve-arastirma-merkezi\/akademik-kadro\/\",\"name\":\"Akademik Kadro - T\u00fcrk\u00e7e \u00d6\u011fretimi Uygulama ve Ara\u015ft\u0131rma Merkezi\",\"isPartOf\":{\"@id\":\"http:\/\/ticaret.edu.tr\/turkce-ogretimi-uygulama-ve-arastirma-merkezi\/#website\"},\"datePublished\":\"2025-09-25T16:05:38+00:00\",\"dateModified\":\"2026-01-19T13:18:02+00:00\",\"description\":\"Dr. \u00d6\u011fr. \u00dcyesi \u00dclk\u00fc AK\u00c7AY M\u00fcd\u00fcr uakcay@ticaret.edu.tr S\u00e2d\u00e2b\u00e2d Kamp\u00fcs\u00fc S\u00fctl\u00fcce, B111 \u00d6\u011fr. G\u00f6r. Ey\u00fcp Tugay BAHAR \u00d6\u011fretim G\u00f6revlisi etbahar@ticaret.edu.tr Ah\u00ee \u00c7elebi Kamp\u00fcs\u00fc Emin\u00f6n\u00fc, T\u00d6MER \u00d6\u011fr. G\u00f6r. Elif DEL\u0130G\u00d6Z \u00d6\u011fretim G\u00f6revlisi Ah\u00ee \u00c7elebi Kamp\u00fcs\u00fc Emin\u00f6n\u00fc, T\u00d6MER\",\"breadcrumb\":{\"@id\":\"http:\/\/ticaret.edu.tr\/turkce-ogretimi-uygulama-ve-arastirma-merkezi\/akademik-kadro\/#breadcrumb\"},\"inLanguage\":\"tr\",\"potentialAction\":[{\"@type\":\"ReadAction\",\"target\":[\"http:\/\/ticaret.edu.tr\/turkce-ogretimi-uygulama-ve-arastirma-merkezi\/akademik-kadro\/\"]}]},{\"@type\":\"BreadcrumbList\",\"@id\":\"http:\/\/ticaret.edu.tr\/turkce-ogretimi-uygulama-ve-arastirma-merkezi\/akademik-kadro\/#breadcrumb\",\"itemListElement\":[{\"@type\":\"ListItem\",\"position\":1,\"name\":\"Ana sayfa\",\"item\":\"http:\/\/ticaret.edu.tr\/turkce-ogretimi-uygulama-ve-arastirma-merkezi\/\"},{\"@type\":\"ListItem\",\"position\":2,\"name\":\"Akademik Kadro\"}]},{\"@type\":\"WebSite\",\"@id\":\"http:\/\/ticaret.edu.tr\/turkce-ogretimi-uygulama-ve-arastirma-merkezi\/#website\",\"url\":\"http:\/\/ticaret.edu.tr\/turkce-ogretimi-uygulama-ve-arastirma-merkezi\/\",\"name\":\"T\u00fcrk\u00e7e \u00d6\u011fretimi Uygulama ve Ara\u015ft\u0131rma Merkezi\",\"description\":\"Bir ba\u015fka \u0130stanbul Ticaret \u00dcniversitesi site sitesi\",\"potentialAction\":[{\"@type\":\"SearchAction\",\"target\":{\"@type\":\"EntryPoint\",\"urlTemplate\":\"http:\/\/ticaret.edu.tr\/turkce-ogretimi-uygulama-ve-arastirma-merkezi\/?s={search_term_string}\"},\"query-input\":\"required name=search_term_string\"}],\"inLanguage\":\"tr\"}]}<\/script>\n<!-- \/ Yoast SEO Premium plugin. -->","yoast_head_json":{"title":"Akademik Kadro - T\u00fcrk\u00e7e \u00d6\u011fretimi Uygulama ve Ara\u015ft\u0131rma Merkezi","description":"Dr. \u00d6\u011fr. \u00dcyesi \u00dclk\u00fc AK\u00c7AY M\u00fcd\u00fcr uakcay@ticaret.edu.tr S\u00e2d\u00e2b\u00e2d Kamp\u00fcs\u00fc S\u00fctl\u00fcce, B111 \u00d6\u011fr. G\u00f6r. Ey\u00fcp Tugay BAHAR \u00d6\u011fretim G\u00f6revlisi etbahar@ticaret.edu.tr Ah\u00ee \u00c7elebi Kamp\u00fcs\u00fc Emin\u00f6n\u00fc, T\u00d6MER \u00d6\u011fr. G\u00f6r. Elif DEL\u0130G\u00d6Z \u00d6\u011fretim G\u00f6revlisi Ah\u00ee \u00c7elebi Kamp\u00fcs\u00fc Emin\u00f6n\u00fc, T\u00d6MER","robots":{"index":"index","follow":"follow","max-snippet":"max-snippet:-1","max-image-preview":"max-image-preview:large","max-video-preview":"max-video-preview:-1"},"canonical":"http:\/\/ticaret.edu.tr\/turkce-ogretimi-uygulama-ve-arastirma-merkezi\/akademik-kadro\/","og_locale":"tr_TR","og_type":"article","og_title":"Akademik Kadro","og_description":"Dr. \u00d6\u011fr. \u00dcyesi \u00dclk\u00fc AK\u00c7AY M\u00fcd\u00fcr uakcay@ticaret.edu.tr S\u00e2d\u00e2b\u00e2d Kamp\u00fcs\u00fc S\u00fctl\u00fcce, B111 \u00d6\u011fr. G\u00f6r. Ey\u00fcp Tugay BAHAR \u00d6\u011fretim G\u00f6revlisi etbahar@ticaret.edu.tr Ah\u00ee \u00c7elebi Kamp\u00fcs\u00fc Emin\u00f6n\u00fc, T\u00d6MER \u00d6\u011fr. G\u00f6r. Elif DEL\u0130G\u00d6Z \u00d6\u011fretim G\u00f6revlisi Ah\u00ee \u00c7elebi Kamp\u00fcs\u00fc Emin\u00f6n\u00fc, T\u00d6MER","og_url":"http:\/\/ticaret.edu.tr\/turkce-ogretimi-uygulama-ve-arastirma-merkezi\/akademik-kadro\/","og_site_name":"T\u00fcrk\u00e7e \u00d6\u011fretimi Uygulama ve Ara\u015ft\u0131rma Merkezi","article_publisher":"https:\/\/www.facebook.com\/ticaretedutr","article_modified_time":"2026-01-19T13:18:02+00:00","og_image":[{"url":"http:\/\/ticaret.edu.tr\/turkce-ogretimi-uygulama-ve-arastirma-merkezi\/wp-content\/uploads\/sites\/60\/2026\/01\/uakcay-.jpg"}],"twitter_card":"summary_large_image","twitter_site":"@ticaretedutr","twitter_misc":{"Tahmini okuma s\u00fcresi":"1 dakika"},"schema":{"@context":"https:\/\/schema.org","@graph":[{"@type":"WebPage","@id":"http:\/\/ticaret.edu.tr\/turkce-ogretimi-uygulama-ve-arastirma-merkezi\/akademik-kadro\/","url":"http:\/\/ticaret.edu.tr\/turkce-ogretimi-uygulama-ve-arastirma-merkezi\/akademik-kadro\/","name":"Akademik Kadro - T\u00fcrk\u00e7e \u00d6\u011fretimi Uygulama ve Ara\u015ft\u0131rma Merkezi","isPartOf":{"@id":"http:\/\/ticaret.edu.tr\/turkce-ogretimi-uygulama-ve-arastirma-merkezi\/#website"},"datePublished":"2025-09-25T16:05:38+00:00","dateModified":"2026-01-19T13:18:02+00:00","description":"Dr. \u00d6\u011fr. \u00dcyesi \u00dclk\u00fc AK\u00c7AY M\u00fcd\u00fcr uakcay@ticaret.edu.tr S\u00e2d\u00e2b\u00e2d Kamp\u00fcs\u00fc S\u00fctl\u00fcce, B111 \u00d6\u011fr. G\u00f6r. Ey\u00fcp Tugay BAHAR \u00d6\u011fretim G\u00f6revlisi etbahar@ticaret.edu.tr Ah\u00ee \u00c7elebi Kamp\u00fcs\u00fc Emin\u00f6n\u00fc, T\u00d6MER \u00d6\u011fr. G\u00f6r. Elif DEL\u0130G\u00d6Z \u00d6\u011fretim G\u00f6revlisi Ah\u00ee \u00c7elebi Kamp\u00fcs\u00fc Emin\u00f6n\u00fc, T\u00d6MER","breadcrumb":{"@id":"http:\/\/ticaret.edu.tr\/turkce-ogretimi-uygulama-ve-arastirma-merkezi\/akademik-kadro\/#breadcrumb"},"inLanguage":"tr","potentialAction":[{"@type":"ReadAction","target":["http:\/\/ticaret.edu.tr\/turkce-ogretimi-uygulama-ve-arastirma-merkezi\/akademik-kadro\/"]}]},{"@type":"BreadcrumbList","@id":"http:\/\/ticaret.edu.tr\/turkce-ogretimi-uygulama-ve-arastirma-merkezi\/akademik-kadro\/#breadcrumb","itemListElement":[{"@type":"ListItem","position":1,"name":"Ana sayfa","item":"http:\/\/ticaret.edu.tr\/turkce-ogretimi-uygulama-ve-arastirma-merkezi\/"},{"@type":"ListItem","position":2,"name":"Akademik Kadro"}]},{"@type":"WebSite","@id":"http:\/\/ticaret.edu.tr\/turkce-ogretimi-uygulama-ve-arastirma-merkezi\/#website","url":"http:\/\/ticaret.edu.tr\/turkce-ogretimi-uygulama-ve-arastirma-merkezi\/","name":"T\u00fcrk\u00e7e \u00d6\u011fretimi Uygulama ve Ara\u015ft\u0131rma Merkezi","description":"Bir ba\u015fka \u0130stanbul Ticaret \u00dcniversitesi site sitesi","potentialAction":[{"@type":"SearchAction","target":{"@type":"EntryPoint","urlTemplate":"http:\/\/ticaret.edu.tr\/turkce-ogretimi-uygulama-ve-arastirma-merkezi\/?s={search_term_string}"},"query-input":"required name=search_term_string"}],"inLanguage":"tr"}]}},"lang":"tr","translations":{"tr":1078,"en":1131},"pll_sync_post":[],"_links":{"self":[{"href":"http:\/\/ticaret.edu.tr\/turkce-ogretimi-uygulama-ve-arastirma-merkezi\/wp-json\/wp\/v2\/pages\/1078"}],"collection":[{"href":"http:\/\/ticaret.edu.tr\/turkce-ogretimi-uygulama-ve-arastirma-merkezi\/wp-json\/wp\/v2\/pages"}],"about":[{"href":"http:\/\/ticaret.edu.tr\/turkce-ogretimi-uygulama-ve-arastirma-merkezi\/wp-json\/wp\/v2\/types\/page"}],"author":[{"embeddable":true,"href":"http:\/\/ticaret.edu.tr\/turkce-ogretimi-uygulama-ve-arastirma-merkezi\/wp-json\/wp\/v2\/users\/227"}],"replies":[{"embeddable":true,"href":"http:\/\/ticaret.edu.tr\/turkce-ogretimi-uygulama-ve-arastirma-merkezi\/wp-json\/wp\/v2\/comments?post=1078"}],"version-history":[{"count":17,"href":"http:\/\/ticaret.edu.tr\/turkce-ogretimi-uygulama-ve-arastirma-merkezi\/wp-json\/wp\/v2\/pages\/1078\/revisions"}],"predecessor-version":[{"id":1244,"href":"http:\/\/ticaret.edu.tr\/turkce-ogretimi-uygulama-ve-arastirma-merkezi\/wp-json\/wp\/v2\/pages\/1078\/revisions\/1244"}],"wp:attachment":[{"href":"http:\/\/ticaret.edu.tr\/turkce-ogretimi-uygulama-ve-arastirma-merkezi\/wp-json\/wp\/v2\/media?parent=1078"}],"curies":[{"name":"wp","href":"https:\/\/api.w.org\/{rel}","templated":true}]}}