{"id":1131,"date":"2025-12-08T13:40:49","date_gmt":"2025-12-08T10:40:49","guid":{"rendered":"https:\/\/ticaret.edu.tr\/turkce-ogretimi-uygulama-ve-arastirma-merkezi\/?page_id=1131"},"modified":"2026-01-19T16:18:11","modified_gmt":"2026-01-19T13:18:11","slug":"academic-staff","status":"publish","type":"page","link":"http:\/\/ticaret.edu.tr\/turkce-ogretimi-uygulama-ve-arastirma-merkezi\/en\/academic-staff\/","title":{"rendered":"Academic Staff"},"content":{"rendered":"<div style=\"align-items: flex-start;gap: 15px;margin-bottom: 20px\">\n<div style=\"min-width: 120px\"><img decoding=\"async\" style=\"width: 200px;border-radius: 6px\" src=\"http:\/\/ticaret.edu.tr\/turkce-ogretimi-uygulama-ve-arastirma-merkezi\/wp-content\/uploads\/sites\/60\/2026\/01\/uakcay-.jpg\" \/><\/div>\n<div style=\"text-align: left\"><a href=\"https:\/\/avesis.ticaret.edu.tr\/uakcay\"><strong>Asst. Prof. \u00dclk\u00fc AK\u00c7AY<\/strong><\/a><br \/>\nDirector<br \/>\nuakcay@ticaret.edu.tr<br \/>\nS\u00e2d\u00e2b\u00e2d Campus S\u00fctl\u00fcce, B111<\/div>\n<\/div>\n<div style=\"align-items: flex-start;gap: 15px;margin-bottom: 20px\">\n<div style=\"min-width: 120px\"><img decoding=\"async\" style=\"width: 200px;border-radius: 6px\" src=\"http:\/\/ticaret.edu.tr\/turkce-ogretimi-uygulama-ve-arastirma-merkezi\/wp-content\/uploads\/sites\/60\/2026\/01\/etbahar-.jpg\" \/><\/div>\n<div style=\"text-align: left\"><a href=\"https:\/\/avesis.ticaret.edu.tr\/etbahar\"><strong>Lect. Ey\u00fcp Tugay BAHAR<\/strong><\/a><br \/>\nLecturer<br \/>\netbahar@ticaret.edu.tr<br \/>\nAh\u00ee \u00c7elebi Campus Emin\u00f6n\u00fc, T\u00d6MER<\/div>\n<\/div>\n<div style=\"align-items: flex-start;gap: 15px;margin-bottom: 20px\">\n<div style=\"min-width: 120px\"><img decoding=\"async\" style=\"width: 200px;border-radius: 6px\" src=\"http:\/\/ticaret.edu.tr\/turkce-ogretimi-uygulama-ve-arastirma-merkezi\/wp-content\/uploads\/sites\/60\/2026\/01\/istockphoto-2060009001-612x612-2.jpg\" \/><\/div>\n<div style=\"text-align: left\"><a href=\"http:\/\/ticaret.edu.tr\/turkce-ogretimi-uygulama-ve-arastirma-merkezi\/wp-content\/uploads\/sites\/60\/2026\/01\/YOK-OZ-GECMIS.pdf\"><strong>Lect. Elif DEL\u0130G\u00d6Z<\/strong><\/a><br \/>\nLecturer<br \/>\nAh\u00ee \u00c7elebi Campus Emin\u00f6n\u00fc, T\u00d6MER<\/div>\n<\/div>\n","protected":false},"excerpt":{"rendered":"<p>Asst. Prof. \u00dclk\u00fc AK\u00c7AY Director uakcay@ticaret.edu.tr S\u00e2d\u00e2b\u00e2d Campus S\u00fctl\u00fcce, B111 Lect. Ey\u00fcp Tugay BAHAR Lecturer etbahar@ticaret.edu.tr Ah\u00ee \u00c7elebi Campus Emin\u00f6n\u00fc, T\u00d6MER Lect. Elif DEL\u0130G\u00d6Z Lecturer Ah\u00ee \u00c7elebi Campus Emin\u00f6n\u00fc, T\u00d6MER<\/p>\n","protected":false},"author":227,"featured_media":0,"parent":0,"menu_order":0,"comment_status":"closed","ping_status":"closed","template":"genel_sayfa.php","meta":{"footnotes":""},"yoast_head":"<!-- This site is optimized with the Yoast SEO Premium plugin v22.1 (Yoast SEO v22.1) - https:\/\/yoast.com\/wordpress\/plugins\/seo\/ -->\n<title>Academic Staff - T\u00fcrk\u00e7e \u00d6\u011fretimi Uygulama ve Ara\u015ft\u0131rma Merkezi<\/title>\n<meta name=\"description\" content=\"Asst. Prof. \u00dclk\u00fc AK\u00c7AY Director uakcay@ticaret.edu.tr S\u00e2d\u00e2b\u00e2d Campus S\u00fctl\u00fcce, B111 Lect. Ey\u00fcp Tugay BAHAR Lecturer etbahar@ticaret.edu.tr Ah\u00ee \u00c7elebi Campus Emin\u00f6n\u00fc, T\u00d6MER Lect. Elif DEL\u0130G\u00d6Z Lecturer Ah\u00ee \u00c7elebi Campus Emin\u00f6n\u00fc, T\u00d6MER\" \/>\n<meta name=\"robots\" content=\"index, follow, max-snippet:-1, max-image-preview:large, max-video-preview:-1\" \/>\n<link rel=\"canonical\" href=\"http:\/\/ticaret.edu.tr\/turkce-ogretimi-uygulama-ve-arastirma-merkezi\/en\/academic-staff\/\" \/>\n<meta property=\"og:locale\" content=\"tr_TR\" \/>\n<meta property=\"og:type\" content=\"article\" \/>\n<meta property=\"og:title\" content=\"Academic Staff\" \/>\n<meta property=\"og:description\" content=\"Asst. Prof. \u00dclk\u00fc AK\u00c7AY Director uakcay@ticaret.edu.tr S\u00e2d\u00e2b\u00e2d Campus S\u00fctl\u00fcce, B111 Lect. Ey\u00fcp Tugay BAHAR Lecturer etbahar@ticaret.edu.tr Ah\u00ee \u00c7elebi Campus Emin\u00f6n\u00fc, T\u00d6MER Lect. Elif DEL\u0130G\u00d6Z Lecturer Ah\u00ee \u00c7elebi Campus Emin\u00f6n\u00fc, T\u00d6MER\" \/>\n<meta property=\"og:url\" content=\"http:\/\/ticaret.edu.tr\/turkce-ogretimi-uygulama-ve-arastirma-merkezi\/en\/academic-staff\/\" \/>\n<meta property=\"og:site_name\" content=\"T\u00fcrk\u00e7e \u00d6\u011fretimi Uygulama ve Ara\u015ft\u0131rma Merkezi\" \/>\n<meta property=\"article:publisher\" content=\"https:\/\/www.facebook.com\/ticaretedutr\" \/>\n<meta property=\"article:modified_time\" content=\"2026-01-19T13:18:11+00:00\" \/>\n<meta property=\"og:image\" content=\"http:\/\/ticaret.edu.tr\/turkce-ogretimi-uygulama-ve-arastirma-merkezi\/wp-content\/uploads\/sites\/60\/2026\/01\/uakcay-.jpg\" \/>\n<meta name=\"twitter:card\" content=\"summary_large_image\" \/>\n<meta name=\"twitter:site\" content=\"@ticaretedutr\" \/>\n<meta name=\"twitter:label1\" content=\"Tahmini okuma s\u00fcresi\" \/>\n\t<meta name=\"twitter:data1\" content=\"1 dakika\" \/>\n<script type=\"application\/ld+json\" class=\"yoast-schema-graph\">{\"@context\":\"https:\/\/schema.org\",\"@graph\":[{\"@type\":\"WebPage\",\"@id\":\"http:\/\/ticaret.edu.tr\/turkce-ogretimi-uygulama-ve-arastirma-merkezi\/en\/academic-staff\/\",\"url\":\"http:\/\/ticaret.edu.tr\/turkce-ogretimi-uygulama-ve-arastirma-merkezi\/en\/academic-staff\/\",\"name\":\"Academic Staff - T\u00fcrk\u00e7e \u00d6\u011fretimi Uygulama ve Ara\u015ft\u0131rma Merkezi\",\"isPartOf\":{\"@id\":\"https:\/\/ticaret.edu.tr\/turkce-ogretimi-uygulama-ve-arastirma-merkezi\/en\/#website\"},\"datePublished\":\"2025-12-08T10:40:49+00:00\",\"dateModified\":\"2026-01-19T13:18:11+00:00\",\"description\":\"Asst. Prof. \u00dclk\u00fc AK\u00c7AY Director uakcay@ticaret.edu.tr S\u00e2d\u00e2b\u00e2d Campus S\u00fctl\u00fcce, B111 Lect. Ey\u00fcp Tugay BAHAR Lecturer etbahar@ticaret.edu.tr Ah\u00ee \u00c7elebi Campus Emin\u00f6n\u00fc, T\u00d6MER Lect. Elif DEL\u0130G\u00d6Z Lecturer Ah\u00ee \u00c7elebi Campus Emin\u00f6n\u00fc, T\u00d6MER\",\"breadcrumb\":{\"@id\":\"http:\/\/ticaret.edu.tr\/turkce-ogretimi-uygulama-ve-arastirma-merkezi\/en\/academic-staff\/#breadcrumb\"},\"inLanguage\":\"tr\",\"potentialAction\":[{\"@type\":\"ReadAction\",\"target\":[\"http:\/\/ticaret.edu.tr\/turkce-ogretimi-uygulama-ve-arastirma-merkezi\/en\/academic-staff\/\"]}]},{\"@type\":\"BreadcrumbList\",\"@id\":\"http:\/\/ticaret.edu.tr\/turkce-ogretimi-uygulama-ve-arastirma-merkezi\/en\/academic-staff\/#breadcrumb\",\"itemListElement\":[{\"@type\":\"ListItem\",\"position\":1,\"name\":\"Ana sayfa\",\"item\":\"http:\/\/ticaret.edu.tr\/turkce-ogretimi-uygulama-ve-arastirma-merkezi\/\"},{\"@type\":\"ListItem\",\"position\":2,\"name\":\"Academic Staff\"}]},{\"@type\":\"WebSite\",\"@id\":\"https:\/\/ticaret.edu.tr\/turkce-ogretimi-uygulama-ve-arastirma-merkezi\/en\/#website\",\"url\":\"https:\/\/ticaret.edu.tr\/turkce-ogretimi-uygulama-ve-arastirma-merkezi\/en\/\",\"name\":\"T\u00fcrk\u00e7e \u00d6\u011fretimi Uygulama ve Ara\u015ft\u0131rma Merkezi\",\"description\":\"Bir ba\u015fka \u0130stanbul Ticaret \u00dcniversitesi site sitesi\",\"potentialAction\":[{\"@type\":\"SearchAction\",\"target\":{\"@type\":\"EntryPoint\",\"urlTemplate\":\"https:\/\/ticaret.edu.tr\/turkce-ogretimi-uygulama-ve-arastirma-merkezi\/en\/?s={search_term_string}\"},\"query-input\":\"required name=search_term_string\"}],\"inLanguage\":\"tr\"}]}<\/script>\n<!-- \/ Yoast SEO Premium plugin. -->","yoast_head_json":{"title":"Academic Staff - T\u00fcrk\u00e7e \u00d6\u011fretimi Uygulama ve Ara\u015ft\u0131rma Merkezi","description":"Asst. Prof. \u00dclk\u00fc AK\u00c7AY Director uakcay@ticaret.edu.tr S\u00e2d\u00e2b\u00e2d Campus S\u00fctl\u00fcce, B111 Lect. Ey\u00fcp Tugay BAHAR Lecturer etbahar@ticaret.edu.tr Ah\u00ee \u00c7elebi Campus Emin\u00f6n\u00fc, T\u00d6MER Lect. Elif DEL\u0130G\u00d6Z Lecturer Ah\u00ee \u00c7elebi Campus Emin\u00f6n\u00fc, T\u00d6MER","robots":{"index":"index","follow":"follow","max-snippet":"max-snippet:-1","max-image-preview":"max-image-preview:large","max-video-preview":"max-video-preview:-1"},"canonical":"http:\/\/ticaret.edu.tr\/turkce-ogretimi-uygulama-ve-arastirma-merkezi\/en\/academic-staff\/","og_locale":"tr_TR","og_type":"article","og_title":"Academic Staff","og_description":"Asst. Prof. \u00dclk\u00fc AK\u00c7AY Director uakcay@ticaret.edu.tr S\u00e2d\u00e2b\u00e2d Campus S\u00fctl\u00fcce, B111 Lect. Ey\u00fcp Tugay BAHAR Lecturer etbahar@ticaret.edu.tr Ah\u00ee \u00c7elebi Campus Emin\u00f6n\u00fc, T\u00d6MER Lect. Elif DEL\u0130G\u00d6Z Lecturer Ah\u00ee \u00c7elebi Campus Emin\u00f6n\u00fc, T\u00d6MER","og_url":"http:\/\/ticaret.edu.tr\/turkce-ogretimi-uygulama-ve-arastirma-merkezi\/en\/academic-staff\/","og_site_name":"T\u00fcrk\u00e7e \u00d6\u011fretimi Uygulama ve Ara\u015ft\u0131rma Merkezi","article_publisher":"https:\/\/www.facebook.com\/ticaretedutr","article_modified_time":"2026-01-19T13:18:11+00:00","og_image":[{"url":"http:\/\/ticaret.edu.tr\/turkce-ogretimi-uygulama-ve-arastirma-merkezi\/wp-content\/uploads\/sites\/60\/2026\/01\/uakcay-.jpg"}],"twitter_card":"summary_large_image","twitter_site":"@ticaretedutr","twitter_misc":{"Tahmini okuma s\u00fcresi":"1 dakika"},"schema":{"@context":"https:\/\/schema.org","@graph":[{"@type":"WebPage","@id":"http:\/\/ticaret.edu.tr\/turkce-ogretimi-uygulama-ve-arastirma-merkezi\/en\/academic-staff\/","url":"http:\/\/ticaret.edu.tr\/turkce-ogretimi-uygulama-ve-arastirma-merkezi\/en\/academic-staff\/","name":"Academic Staff - T\u00fcrk\u00e7e \u00d6\u011fretimi Uygulama ve Ara\u015ft\u0131rma Merkezi","isPartOf":{"@id":"https:\/\/ticaret.edu.tr\/turkce-ogretimi-uygulama-ve-arastirma-merkezi\/en\/#website"},"datePublished":"2025-12-08T10:40:49+00:00","dateModified":"2026-01-19T13:18:11+00:00","description":"Asst. Prof. \u00dclk\u00fc AK\u00c7AY Director uakcay@ticaret.edu.tr S\u00e2d\u00e2b\u00e2d Campus S\u00fctl\u00fcce, B111 Lect. Ey\u00fcp Tugay BAHAR Lecturer etbahar@ticaret.edu.tr Ah\u00ee \u00c7elebi Campus Emin\u00f6n\u00fc, T\u00d6MER Lect. Elif DEL\u0130G\u00d6Z Lecturer Ah\u00ee \u00c7elebi Campus Emin\u00f6n\u00fc, T\u00d6MER","breadcrumb":{"@id":"http:\/\/ticaret.edu.tr\/turkce-ogretimi-uygulama-ve-arastirma-merkezi\/en\/academic-staff\/#breadcrumb"},"inLanguage":"tr","potentialAction":[{"@type":"ReadAction","target":["http:\/\/ticaret.edu.tr\/turkce-ogretimi-uygulama-ve-arastirma-merkezi\/en\/academic-staff\/"]}]},{"@type":"BreadcrumbList","@id":"http:\/\/ticaret.edu.tr\/turkce-ogretimi-uygulama-ve-arastirma-merkezi\/en\/academic-staff\/#breadcrumb","itemListElement":[{"@type":"ListItem","position":1,"name":"Ana sayfa","item":"http:\/\/ticaret.edu.tr\/turkce-ogretimi-uygulama-ve-arastirma-merkezi\/"},{"@type":"ListItem","position":2,"name":"Academic Staff"}]},{"@type":"WebSite","@id":"https:\/\/ticaret.edu.tr\/turkce-ogretimi-uygulama-ve-arastirma-merkezi\/en\/#website","url":"https:\/\/ticaret.edu.tr\/turkce-ogretimi-uygulama-ve-arastirma-merkezi\/en\/","name":"T\u00fcrk\u00e7e \u00d6\u011fretimi Uygulama ve Ara\u015ft\u0131rma Merkezi","description":"Bir ba\u015fka \u0130stanbul Ticaret \u00dcniversitesi site sitesi","potentialAction":[{"@type":"SearchAction","target":{"@type":"EntryPoint","urlTemplate":"https:\/\/ticaret.edu.tr\/turkce-ogretimi-uygulama-ve-arastirma-merkezi\/en\/?s={search_term_string}"},"query-input":"required name=search_term_string"}],"inLanguage":"tr"}]}},"lang":"en","translations":{"tr":1078,"en":1131},"pll_sync_post":[],"_links":{"self":[{"href":"http:\/\/ticaret.edu.tr\/turkce-ogretimi-uygulama-ve-arastirma-merkezi\/wp-json\/wp\/v2\/pages\/1131"}],"collection":[{"href":"http:\/\/ticaret.edu.tr\/turkce-ogretimi-uygulama-ve-arastirma-merkezi\/wp-json\/wp\/v2\/pages"}],"about":[{"href":"http:\/\/ticaret.edu.tr\/turkce-ogretimi-uygulama-ve-arastirma-merkezi\/wp-json\/wp\/v2\/types\/page"}],"author":[{"embeddable":true,"href":"http:\/\/ticaret.edu.tr\/turkce-ogretimi-uygulama-ve-arastirma-merkezi\/wp-json\/wp\/v2\/users\/227"}],"replies":[{"embeddable":true,"href":"http:\/\/ticaret.edu.tr\/turkce-ogretimi-uygulama-ve-arastirma-merkezi\/wp-json\/wp\/v2\/comments?post=1131"}],"version-history":[{"count":7,"href":"http:\/\/ticaret.edu.tr\/turkce-ogretimi-uygulama-ve-arastirma-merkezi\/wp-json\/wp\/v2\/pages\/1131\/revisions"}],"predecessor-version":[{"id":1245,"href":"http:\/\/ticaret.edu.tr\/turkce-ogretimi-uygulama-ve-arastirma-merkezi\/wp-json\/wp\/v2\/pages\/1131\/revisions\/1245"}],"wp:attachment":[{"href":"http:\/\/ticaret.edu.tr\/turkce-ogretimi-uygulama-ve-arastirma-merkezi\/wp-json\/wp\/v2\/media?parent=1131"}],"curies":[{"name":"wp","href":"https:\/\/api.w.org\/{rel}","templated":true}]}}