{"id":258,"date":"2021-09-17T14:16:20","date_gmt":"2021-09-17T11:16:20","guid":{"rendered":"https:\/\/ticaret.edu.tr\/tomer\/?page_id=258"},"modified":"2025-02-25T16:55:13","modified_gmt":"2025-02-25T13:55:13","slug":"homepage","status":"publish","type":"page","link":"http:\/\/ticaret.edu.tr\/turkce-ogretimi-uygulama-ve-arastirma-merkezi\/en\/","title":{"rendered":"Homepage"},"content":{"rendered":"<p><img loading=\"lazy\" decoding=\"async\" class=\"alignnone size-large wp-image-119\" src=\"http:\/\/ticaret.edu.tr\/tomer\/wp-content\/uploads\/sites\/60\/2021\/04\/TO\u2560\u00eaMER-LOGO-01-1-1024x635.jpg\" alt=\"\" width=\"1024\" height=\"635\" srcset=\"http:\/\/ticaret.edu.tr\/turkce-ogretimi-uygulama-ve-arastirma-merkezi\/wp-content\/uploads\/sites\/60\/2021\/04\/TO\u2560\u00eaMER-LOGO-01-1-1024x635.jpg 1024w, http:\/\/ticaret.edu.tr\/turkce-ogretimi-uygulama-ve-arastirma-merkezi\/wp-content\/uploads\/sites\/60\/2021\/04\/TO\u2560\u00eaMER-LOGO-01-1-300x186.jpg 300w, http:\/\/ticaret.edu.tr\/turkce-ogretimi-uygulama-ve-arastirma-merkezi\/wp-content\/uploads\/sites\/60\/2021\/04\/TO\u2560\u00eaMER-LOGO-01-1-768x476.jpg 768w, http:\/\/ticaret.edu.tr\/turkce-ogretimi-uygulama-ve-arastirma-merkezi\/wp-content\/uploads\/sites\/60\/2021\/04\/TO\u2560\u00eaMER-LOGO-01-1-1536x953.jpg 1536w, http:\/\/ticaret.edu.tr\/turkce-ogretimi-uygulama-ve-arastirma-merkezi\/wp-content\/uploads\/sites\/60\/2021\/04\/TO\u2560\u00eaMER-LOGO-01-1-2048x1270.jpg 2048w\" sizes=\"(max-width: 1024px) 100vw, 1024px\" \/><\/p>\n<p>Istanbul Ticaret University, Turkish Education Application and Research Center, in short, Ticaret T\u00d6MER, was established in accordance with Article 7\/d-2 of Law No. The Center has begun its operations after the establishment of the center was published in the Official Gazette dated 23 August 2020 and numbered 31222.<\/p>\n<p>The purposes of Ticaret T\u00d6MER includes to teach Turkish language to Turkish children living abroad and\/or returning to Turkiye and to foreigners living in Turkiye and abroad, to support and develop Turkish teaching studies and to share the knowledge gained through various activities in the national and international areas.<\/p>\n<p>Ticaret T\u00d6MER, besides providing the opportunity to learn Turkish both as a mother tongue and as a foreign language in the most accurate and effective way, aims to contribute to representing Turkey, Turkish culture and art in the international arena.<\/p>\n<p>In Ticaret T\u00d6MER, consultancy or expert witness services can be provided to public and private institutions. Examinations on measuring the language proficiency level at home and abroad is held. Further, the Center offers distance online language teaching and exam services beyond geographical boundaries.<\/p>\n","protected":false},"excerpt":{"rendered":"<p>Istanbul Ticaret University, Turkish Education Application and Research Center, in short, Ticaret T\u00d6MER, was established in accordance with Article 7\/d-2 of Law No. The Center has begun its operations after the establishment of the center was published in the Official Gazette dated 23 August 2020 and numbered 31222. The purposes of Ticaret T\u00d6MER includes to [&hellip;]<\/p>\n","protected":false},"author":149,"featured_media":116,"parent":0,"menu_order":0,"comment_status":"closed","ping_status":"closed","template":"pages\/homepage.php","meta":{"footnotes":""},"yoast_head":"<!-- This site is optimized with the Yoast SEO Premium plugin v22.1 (Yoast SEO v22.1) - https:\/\/yoast.com\/wordpress\/plugins\/seo\/ -->\n<title>Homepage - T\u00fcrk\u00e7e \u00d6\u011fretimi Uygulama ve Ara\u015ft\u0131rma Merkezi<\/title>\n<meta name=\"robots\" content=\"index, follow, max-snippet:-1, max-image-preview:large, max-video-preview:-1\" \/>\n<link rel=\"canonical\" href=\"https:\/\/ticaret.edu.tr\/turkce-ogretimi-uygulama-ve-arastirma-merkezi\/en\/\" \/>\n<meta property=\"og:locale\" content=\"tr_TR\" \/>\n<meta property=\"og:type\" content=\"article\" \/>\n<meta property=\"og:title\" content=\"Homepage\" \/>\n<meta property=\"og:description\" content=\"Istanbul Ticaret University, Turkish Education Application and Research Center, in short, Ticaret T\u00d6MER, was established in accordance with Article 7\/d-2 of Law No. The Center has begun its operations after the establishment of the center was published in the Official Gazette dated 23 August 2020 and numbered 31222. The purposes of Ticaret T\u00d6MER includes to [&hellip;]\" \/>\n<meta property=\"og:url\" content=\"https:\/\/ticaret.edu.tr\/turkce-ogretimi-uygulama-ve-arastirma-merkezi\/en\/\" \/>\n<meta property=\"og:site_name\" content=\"T\u00fcrk\u00e7e \u00d6\u011fretimi Uygulama ve Ara\u015ft\u0131rma Merkezi\" \/>\n<meta property=\"article:publisher\" content=\"https:\/\/www.facebook.com\/ticaretedutr\" \/>\n<meta property=\"article:modified_time\" content=\"2025-02-25T13:55:13+00:00\" \/>\n<meta property=\"og:image\" content=\"https:\/\/ticaret.edu.tr\/turkce-ogretimi-uygulama-ve-arastirma-merkezi\/wp-content\/uploads\/sites\/60\/2021\/04\/TO\u2560\u00eaMER-LOGO-01-scaled.jpg\" \/>\n\t<meta property=\"og:image:width\" content=\"2560\" \/>\n\t<meta property=\"og:image:height\" content=\"1588\" \/>\n\t<meta property=\"og:image:type\" content=\"image\/jpeg\" \/>\n<meta name=\"twitter:card\" content=\"summary_large_image\" \/>\n<meta name=\"twitter:site\" content=\"@ticaretedutr\" \/>\n<meta name=\"twitter:label1\" content=\"Tahmini okuma s\u00fcresi\" \/>\n\t<meta name=\"twitter:data1\" content=\"2 dakika\" \/>\n<script type=\"application\/ld+json\" class=\"yoast-schema-graph\">{\"@context\":\"https:\/\/schema.org\",\"@graph\":[{\"@type\":\"WebPage\",\"@id\":\"https:\/\/ticaret.edu.tr\/turkce-ogretimi-uygulama-ve-arastirma-merkezi\/en\/\",\"url\":\"https:\/\/ticaret.edu.tr\/turkce-ogretimi-uygulama-ve-arastirma-merkezi\/en\/\",\"name\":\"Homepage - T\u00fcrk\u00e7e \u00d6\u011fretimi Uygulama ve Ara\u015ft\u0131rma Merkezi\",\"isPartOf\":{\"@id\":\"http:\/\/ticaret.edu.tr\/turkce-ogretimi-uygulama-ve-arastirma-merkezi\/#website\"},\"datePublished\":\"2021-09-17T11:16:20+00:00\",\"dateModified\":\"2025-02-25T13:55:13+00:00\",\"breadcrumb\":{\"@id\":\"https:\/\/ticaret.edu.tr\/turkce-ogretimi-uygulama-ve-arastirma-merkezi\/en\/#breadcrumb\"},\"inLanguage\":\"tr\",\"potentialAction\":[{\"@type\":\"ReadAction\",\"target\":[\"https:\/\/ticaret.edu.tr\/turkce-ogretimi-uygulama-ve-arastirma-merkezi\/en\/\"]}]},{\"@type\":\"BreadcrumbList\",\"@id\":\"https:\/\/ticaret.edu.tr\/turkce-ogretimi-uygulama-ve-arastirma-merkezi\/en\/#breadcrumb\",\"itemListElement\":[{\"@type\":\"ListItem\",\"position\":1,\"name\":\"Ana sayfa\",\"item\":\"http:\/\/ticaret.edu.tr\/turkce-ogretimi-uygulama-ve-arastirma-merkezi\/\"},{\"@type\":\"ListItem\",\"position\":2,\"name\":\"Homepage\"}]},{\"@type\":\"WebSite\",\"@id\":\"http:\/\/ticaret.edu.tr\/turkce-ogretimi-uygulama-ve-arastirma-merkezi\/#website\",\"url\":\"http:\/\/ticaret.edu.tr\/turkce-ogretimi-uygulama-ve-arastirma-merkezi\/\",\"name\":\"T\u00fcrk\u00e7e \u00d6\u011fretimi Uygulama ve Ara\u015ft\u0131rma Merkezi\",\"description\":\"Bir ba\u015fka \u0130stanbul Ticaret \u00dcniversitesi site sitesi\",\"potentialAction\":[{\"@type\":\"SearchAction\",\"target\":{\"@type\":\"EntryPoint\",\"urlTemplate\":\"http:\/\/ticaret.edu.tr\/turkce-ogretimi-uygulama-ve-arastirma-merkezi\/?s={search_term_string}\"},\"query-input\":\"required name=search_term_string\"}],\"inLanguage\":\"tr\"}]}<\/script>\n<!-- \/ Yoast SEO Premium plugin. -->","yoast_head_json":{"title":"Homepage - T\u00fcrk\u00e7e \u00d6\u011fretimi Uygulama ve Ara\u015ft\u0131rma Merkezi","robots":{"index":"index","follow":"follow","max-snippet":"max-snippet:-1","max-image-preview":"max-image-preview:large","max-video-preview":"max-video-preview:-1"},"canonical":"https:\/\/ticaret.edu.tr\/turkce-ogretimi-uygulama-ve-arastirma-merkezi\/en\/","og_locale":"tr_TR","og_type":"article","og_title":"Homepage","og_description":"Istanbul Ticaret University, Turkish Education Application and Research Center, in short, Ticaret T\u00d6MER, was established in accordance with Article 7\/d-2 of Law No. The Center has begun its operations after the establishment of the center was published in the Official Gazette dated 23 August 2020 and numbered 31222. The purposes of Ticaret T\u00d6MER includes to [&hellip;]","og_url":"https:\/\/ticaret.edu.tr\/turkce-ogretimi-uygulama-ve-arastirma-merkezi\/en\/","og_site_name":"T\u00fcrk\u00e7e \u00d6\u011fretimi Uygulama ve Ara\u015ft\u0131rma Merkezi","article_publisher":"https:\/\/www.facebook.com\/ticaretedutr","article_modified_time":"2025-02-25T13:55:13+00:00","og_image":[{"width":2560,"height":1588,"url":"https:\/\/ticaret.edu.tr\/turkce-ogretimi-uygulama-ve-arastirma-merkezi\/wp-content\/uploads\/sites\/60\/2021\/04\/TO\u2560\u00eaMER-LOGO-01-scaled.jpg","type":"image\/jpeg"}],"twitter_card":"summary_large_image","twitter_site":"@ticaretedutr","twitter_misc":{"Tahmini okuma s\u00fcresi":"2 dakika"},"schema":{"@context":"https:\/\/schema.org","@graph":[{"@type":"WebPage","@id":"https:\/\/ticaret.edu.tr\/turkce-ogretimi-uygulama-ve-arastirma-merkezi\/en\/","url":"https:\/\/ticaret.edu.tr\/turkce-ogretimi-uygulama-ve-arastirma-merkezi\/en\/","name":"Homepage - T\u00fcrk\u00e7e \u00d6\u011fretimi Uygulama ve Ara\u015ft\u0131rma Merkezi","isPartOf":{"@id":"http:\/\/ticaret.edu.tr\/turkce-ogretimi-uygulama-ve-arastirma-merkezi\/#website"},"datePublished":"2021-09-17T11:16:20+00:00","dateModified":"2025-02-25T13:55:13+00:00","breadcrumb":{"@id":"https:\/\/ticaret.edu.tr\/turkce-ogretimi-uygulama-ve-arastirma-merkezi\/en\/#breadcrumb"},"inLanguage":"tr","potentialAction":[{"@type":"ReadAction","target":["https:\/\/ticaret.edu.tr\/turkce-ogretimi-uygulama-ve-arastirma-merkezi\/en\/"]}]},{"@type":"BreadcrumbList","@id":"https:\/\/ticaret.edu.tr\/turkce-ogretimi-uygulama-ve-arastirma-merkezi\/en\/#breadcrumb","itemListElement":[{"@type":"ListItem","position":1,"name":"Ana sayfa","item":"http:\/\/ticaret.edu.tr\/turkce-ogretimi-uygulama-ve-arastirma-merkezi\/"},{"@type":"ListItem","position":2,"name":"Homepage"}]},{"@type":"WebSite","@id":"http:\/\/ticaret.edu.tr\/turkce-ogretimi-uygulama-ve-arastirma-merkezi\/#website","url":"http:\/\/ticaret.edu.tr\/turkce-ogretimi-uygulama-ve-arastirma-merkezi\/","name":"T\u00fcrk\u00e7e \u00d6\u011fretimi Uygulama ve Ara\u015ft\u0131rma Merkezi","description":"Bir ba\u015fka \u0130stanbul Ticaret \u00dcniversitesi site sitesi","potentialAction":[{"@type":"SearchAction","target":{"@type":"EntryPoint","urlTemplate":"http:\/\/ticaret.edu.tr\/turkce-ogretimi-uygulama-ve-arastirma-merkezi\/?s={search_term_string}"},"query-input":"required name=search_term_string"}],"inLanguage":"tr"}]}},"lang":"en","translations":{"en":258,"tr":5},"pll_sync_post":[],"_links":{"self":[{"href":"http:\/\/ticaret.edu.tr\/turkce-ogretimi-uygulama-ve-arastirma-merkezi\/wp-json\/wp\/v2\/pages\/258"}],"collection":[{"href":"http:\/\/ticaret.edu.tr\/turkce-ogretimi-uygulama-ve-arastirma-merkezi\/wp-json\/wp\/v2\/pages"}],"about":[{"href":"http:\/\/ticaret.edu.tr\/turkce-ogretimi-uygulama-ve-arastirma-merkezi\/wp-json\/wp\/v2\/types\/page"}],"author":[{"embeddable":true,"href":"http:\/\/ticaret.edu.tr\/turkce-ogretimi-uygulama-ve-arastirma-merkezi\/wp-json\/wp\/v2\/users\/149"}],"replies":[{"embeddable":true,"href":"http:\/\/ticaret.edu.tr\/turkce-ogretimi-uygulama-ve-arastirma-merkezi\/wp-json\/wp\/v2\/comments?post=258"}],"version-history":[{"count":5,"href":"http:\/\/ticaret.edu.tr\/turkce-ogretimi-uygulama-ve-arastirma-merkezi\/wp-json\/wp\/v2\/pages\/258\/revisions"}],"predecessor-version":[{"id":916,"href":"http:\/\/ticaret.edu.tr\/turkce-ogretimi-uygulama-ve-arastirma-merkezi\/wp-json\/wp\/v2\/pages\/258\/revisions\/916"}],"wp:featuredmedia":[{"embeddable":true,"href":"http:\/\/ticaret.edu.tr\/turkce-ogretimi-uygulama-ve-arastirma-merkezi\/wp-json\/wp\/v2\/media\/116"}],"wp:attachment":[{"href":"http:\/\/ticaret.edu.tr\/turkce-ogretimi-uygulama-ve-arastirma-merkezi\/wp-json\/wp\/v2\/media?parent=258"}],"curies":[{"name":"wp","href":"https:\/\/api.w.org\/{rel}","templated":true}]}}