{"id":33,"date":"2021-01-14T08:50:36","date_gmt":"2021-01-14T05:50:36","guid":{"rendered":"http:\/\/ticaret.edu.tr\/tomer\/?page_id=33"},"modified":"2025-05-15T15:28:43","modified_gmt":"2025-05-15T12:28:43","slug":"mudur-mesaji","status":"publish","type":"page","link":"http:\/\/ticaret.edu.tr\/turkce-ogretimi-uygulama-ve-arastirma-merkezi\/mudur-mesaji\/","title":{"rendered":"M\u00dcD\u00dcR MESAJI"},"content":{"rendered":"<p data-start=\"0\" data-end=\"14\">Sevgili \u00d6\u011frencilerimiz,<\/p>\n<p data-start=\"16\" data-end=\"197\">\u0130stanbul Ticaret \u00dcniversitesi T\u00fcrk\u00e7e \u00d6\u011fretimi Uygulama ve Ara\u015ft\u0131rma Merkezimize (T\u00d6MER) ho\u015f geldiniz. Sizlerin T\u00fcrk\u00e7e \u00f6\u011frenme yolculu\u011funda yan\u0131n\u0131zda olmaktan b\u00fcy\u00fck bir mutluluk duyuyoruz.<\/p>\n<p data-start=\"199\" data-end=\"549\">Bildi\u011finiz gibi dil; sadece kelimelerden ibaret olmayan, k\u00fclt\u00fcr\u00fcn ve ya\u015fam tarz\u0131n\u0131n da ta\u015f\u0131y\u0131c\u0131s\u0131 olan bir sistemdir. Farkl\u0131l\u0131klar\u0131n bulu\u015ftu\u011fu, dostluklar\u0131n kuruldu\u011fu, \u00f6\u011frenmenin ya\u015famla i\u00e7 i\u00e7e ge\u00e7ti\u011fi bir ortamda T\u00fcrk\u00e7eyi \u00f6\u011frenirken sadece bir dili de\u011fil, ayn\u0131 zamanda zengin bir tarih\u00ee ve k\u00fclt\u00fcrel birikimi de ke\u015ffedeceksiniz.<\/p>\n<p data-start=\"551\" data-end=\"641\" data-is-last-node=\"\" data-is-only-node=\"\">T\u00fcrk\u00e7e yolculu\u011funuzda ba\u015far\u0131lar diliyor, her bir ad\u0131m\u0131n\u0131zdan keyif alman\u0131z\u0131 umuyorum.<\/p>\n<p>Dr. \u00d6\u011fr. \u00dcyesi \u00dclk\u00fc AK\u00c7AY<\/p>\n<p>M\u00fcd\u00fcr<\/p>\n","protected":false},"excerpt":{"rendered":"<p>Sevgili \u00d6\u011frencilerimiz, \u0130stanbul Ticaret \u00dcniversitesi T\u00fcrk\u00e7e \u00d6\u011fretimi Uygulama ve Ara\u015ft\u0131rma Merkezimize (T\u00d6MER) ho\u015f geldiniz. Sizlerin T\u00fcrk\u00e7e \u00f6\u011frenme yolculu\u011funda yan\u0131n\u0131zda olmaktan b\u00fcy\u00fck bir mutluluk duyuyoruz. Bildi\u011finiz gibi dil; sadece kelimelerden ibaret olmayan, k\u00fclt\u00fcr\u00fcn ve ya\u015fam tarz\u0131n\u0131n da ta\u015f\u0131y\u0131c\u0131s\u0131 olan bir sistemdir. Farkl\u0131l\u0131klar\u0131n bulu\u015ftu\u011fu, dostluklar\u0131n kuruldu\u011fu, \u00f6\u011frenmenin ya\u015famla i\u00e7 i\u00e7e ge\u00e7ti\u011fi bir ortamda T\u00fcrk\u00e7eyi \u00f6\u011frenirken sadece bir [&hellip;]<\/p>\n","protected":false},"author":138,"featured_media":0,"parent":0,"menu_order":0,"comment_status":"closed","ping_status":"closed","template":"genel_sayfa.php","meta":{"footnotes":""},"yoast_head":"<!-- This site is optimized with the Yoast SEO Premium plugin v22.1 (Yoast SEO v22.1) - https:\/\/yoast.com\/wordpress\/plugins\/seo\/ -->\n<title>M\u00dcD\u00dcR MESAJI - T\u00fcrk\u00e7e \u00d6\u011fretimi Uygulama ve Ara\u015ft\u0131rma Merkezi<\/title>\n<meta name=\"robots\" content=\"index, follow, max-snippet:-1, max-image-preview:large, max-video-preview:-1\" \/>\n<link rel=\"canonical\" href=\"http:\/\/ticaret.edu.tr\/turkce-ogretimi-uygulama-ve-arastirma-merkezi\/mudur-mesaji\/\" \/>\n<meta property=\"og:locale\" content=\"tr_TR\" \/>\n<meta property=\"og:type\" content=\"article\" \/>\n<meta property=\"og:title\" content=\"M\u00dcD\u00dcR MESAJI\" \/>\n<meta property=\"og:description\" content=\"Sevgili \u00d6\u011frencilerimiz, \u0130stanbul Ticaret \u00dcniversitesi T\u00fcrk\u00e7e \u00d6\u011fretimi Uygulama ve Ara\u015ft\u0131rma Merkezimize (T\u00d6MER) ho\u015f geldiniz. Sizlerin T\u00fcrk\u00e7e \u00f6\u011frenme yolculu\u011funda yan\u0131n\u0131zda olmaktan b\u00fcy\u00fck bir mutluluk duyuyoruz. Bildi\u011finiz gibi dil; sadece kelimelerden ibaret olmayan, k\u00fclt\u00fcr\u00fcn ve ya\u015fam tarz\u0131n\u0131n da ta\u015f\u0131y\u0131c\u0131s\u0131 olan bir sistemdir. Farkl\u0131l\u0131klar\u0131n bulu\u015ftu\u011fu, dostluklar\u0131n kuruldu\u011fu, \u00f6\u011frenmenin ya\u015famla i\u00e7 i\u00e7e ge\u00e7ti\u011fi bir ortamda T\u00fcrk\u00e7eyi \u00f6\u011frenirken sadece bir [&hellip;]\" \/>\n<meta property=\"og:url\" content=\"http:\/\/ticaret.edu.tr\/turkce-ogretimi-uygulama-ve-arastirma-merkezi\/mudur-mesaji\/\" \/>\n<meta property=\"og:site_name\" content=\"T\u00fcrk\u00e7e \u00d6\u011fretimi Uygulama ve Ara\u015ft\u0131rma Merkezi\" \/>\n<meta property=\"article:publisher\" content=\"https:\/\/www.facebook.com\/ticaretedutr\" \/>\n<meta property=\"article:modified_time\" content=\"2025-05-15T12:28:43+00:00\" \/>\n<meta property=\"og:image\" content=\"http:\/\/ticaret.edu.tr\/turkce-ogretimi-uygulama-ve-arastirma-merkezi\/wp-content\/uploads\/sites\/60\/2021\/11\/web_logo-01.jpg\" \/>\n\t<meta property=\"og:image:width\" content=\"1250\" \/>\n\t<meta property=\"og:image:height\" content=\"833\" \/>\n\t<meta property=\"og:image:type\" content=\"image\/jpeg\" \/>\n<meta name=\"twitter:card\" content=\"summary_large_image\" \/>\n<meta name=\"twitter:site\" content=\"@ticaretedutr\" \/>\n<meta name=\"twitter:label1\" content=\"Tahmini okuma s\u00fcresi\" \/>\n\t<meta name=\"twitter:data1\" content=\"1 dakika\" \/>\n<script type=\"application\/ld+json\" class=\"yoast-schema-graph\">{\"@context\":\"https:\/\/schema.org\",\"@graph\":[{\"@type\":\"WebPage\",\"@id\":\"http:\/\/ticaret.edu.tr\/turkce-ogretimi-uygulama-ve-arastirma-merkezi\/mudur-mesaji\/\",\"url\":\"http:\/\/ticaret.edu.tr\/turkce-ogretimi-uygulama-ve-arastirma-merkezi\/mudur-mesaji\/\",\"name\":\"M\u00dcD\u00dcR MESAJI - T\u00fcrk\u00e7e \u00d6\u011fretimi Uygulama ve Ara\u015ft\u0131rma Merkezi\",\"isPartOf\":{\"@id\":\"http:\/\/ticaret.edu.tr\/turkce-ogretimi-uygulama-ve-arastirma-merkezi\/#website\"},\"datePublished\":\"2021-01-14T05:50:36+00:00\",\"dateModified\":\"2025-05-15T12:28:43+00:00\",\"breadcrumb\":{\"@id\":\"http:\/\/ticaret.edu.tr\/turkce-ogretimi-uygulama-ve-arastirma-merkezi\/mudur-mesaji\/#breadcrumb\"},\"inLanguage\":\"tr\",\"potentialAction\":[{\"@type\":\"ReadAction\",\"target\":[\"http:\/\/ticaret.edu.tr\/turkce-ogretimi-uygulama-ve-arastirma-merkezi\/mudur-mesaji\/\"]}]},{\"@type\":\"BreadcrumbList\",\"@id\":\"http:\/\/ticaret.edu.tr\/turkce-ogretimi-uygulama-ve-arastirma-merkezi\/mudur-mesaji\/#breadcrumb\",\"itemListElement\":[{\"@type\":\"ListItem\",\"position\":1,\"name\":\"Ana sayfa\",\"item\":\"http:\/\/ticaret.edu.tr\/turkce-ogretimi-uygulama-ve-arastirma-merkezi\/\"},{\"@type\":\"ListItem\",\"position\":2,\"name\":\"M\u00dcD\u00dcR MESAJI\"}]},{\"@type\":\"WebSite\",\"@id\":\"http:\/\/ticaret.edu.tr\/turkce-ogretimi-uygulama-ve-arastirma-merkezi\/#website\",\"url\":\"http:\/\/ticaret.edu.tr\/turkce-ogretimi-uygulama-ve-arastirma-merkezi\/\",\"name\":\"T\u00fcrk\u00e7e \u00d6\u011fretimi Uygulama ve Ara\u015ft\u0131rma Merkezi\",\"description\":\"Bir ba\u015fka \u0130stanbul Ticaret \u00dcniversitesi site sitesi\",\"potentialAction\":[{\"@type\":\"SearchAction\",\"target\":{\"@type\":\"EntryPoint\",\"urlTemplate\":\"http:\/\/ticaret.edu.tr\/turkce-ogretimi-uygulama-ve-arastirma-merkezi\/?s={search_term_string}\"},\"query-input\":\"required name=search_term_string\"}],\"inLanguage\":\"tr\"}]}<\/script>\n<!-- \/ Yoast SEO Premium plugin. -->","yoast_head_json":{"title":"M\u00dcD\u00dcR MESAJI - T\u00fcrk\u00e7e \u00d6\u011fretimi Uygulama ve Ara\u015ft\u0131rma Merkezi","robots":{"index":"index","follow":"follow","max-snippet":"max-snippet:-1","max-image-preview":"max-image-preview:large","max-video-preview":"max-video-preview:-1"},"canonical":"http:\/\/ticaret.edu.tr\/turkce-ogretimi-uygulama-ve-arastirma-merkezi\/mudur-mesaji\/","og_locale":"tr_TR","og_type":"article","og_title":"M\u00dcD\u00dcR MESAJI","og_description":"Sevgili \u00d6\u011frencilerimiz, \u0130stanbul Ticaret \u00dcniversitesi T\u00fcrk\u00e7e \u00d6\u011fretimi Uygulama ve Ara\u015ft\u0131rma Merkezimize (T\u00d6MER) ho\u015f geldiniz. Sizlerin T\u00fcrk\u00e7e \u00f6\u011frenme yolculu\u011funda yan\u0131n\u0131zda olmaktan b\u00fcy\u00fck bir mutluluk duyuyoruz. Bildi\u011finiz gibi dil; sadece kelimelerden ibaret olmayan, k\u00fclt\u00fcr\u00fcn ve ya\u015fam tarz\u0131n\u0131n da ta\u015f\u0131y\u0131c\u0131s\u0131 olan bir sistemdir. Farkl\u0131l\u0131klar\u0131n bulu\u015ftu\u011fu, dostluklar\u0131n kuruldu\u011fu, \u00f6\u011frenmenin ya\u015famla i\u00e7 i\u00e7e ge\u00e7ti\u011fi bir ortamda T\u00fcrk\u00e7eyi \u00f6\u011frenirken sadece bir [&hellip;]","og_url":"http:\/\/ticaret.edu.tr\/turkce-ogretimi-uygulama-ve-arastirma-merkezi\/mudur-mesaji\/","og_site_name":"T\u00fcrk\u00e7e \u00d6\u011fretimi Uygulama ve Ara\u015ft\u0131rma Merkezi","article_publisher":"https:\/\/www.facebook.com\/ticaretedutr","article_modified_time":"2025-05-15T12:28:43+00:00","og_image":[{"width":1250,"height":833,"url":"http:\/\/ticaret.edu.tr\/turkce-ogretimi-uygulama-ve-arastirma-merkezi\/wp-content\/uploads\/sites\/60\/2021\/11\/web_logo-01.jpg","type":"image\/jpeg"}],"twitter_card":"summary_large_image","twitter_site":"@ticaretedutr","twitter_misc":{"Tahmini okuma s\u00fcresi":"1 dakika"},"schema":{"@context":"https:\/\/schema.org","@graph":[{"@type":"WebPage","@id":"http:\/\/ticaret.edu.tr\/turkce-ogretimi-uygulama-ve-arastirma-merkezi\/mudur-mesaji\/","url":"http:\/\/ticaret.edu.tr\/turkce-ogretimi-uygulama-ve-arastirma-merkezi\/mudur-mesaji\/","name":"M\u00dcD\u00dcR MESAJI - T\u00fcrk\u00e7e \u00d6\u011fretimi Uygulama ve Ara\u015ft\u0131rma Merkezi","isPartOf":{"@id":"http:\/\/ticaret.edu.tr\/turkce-ogretimi-uygulama-ve-arastirma-merkezi\/#website"},"datePublished":"2021-01-14T05:50:36+00:00","dateModified":"2025-05-15T12:28:43+00:00","breadcrumb":{"@id":"http:\/\/ticaret.edu.tr\/turkce-ogretimi-uygulama-ve-arastirma-merkezi\/mudur-mesaji\/#breadcrumb"},"inLanguage":"tr","potentialAction":[{"@type":"ReadAction","target":["http:\/\/ticaret.edu.tr\/turkce-ogretimi-uygulama-ve-arastirma-merkezi\/mudur-mesaji\/"]}]},{"@type":"BreadcrumbList","@id":"http:\/\/ticaret.edu.tr\/turkce-ogretimi-uygulama-ve-arastirma-merkezi\/mudur-mesaji\/#breadcrumb","itemListElement":[{"@type":"ListItem","position":1,"name":"Ana sayfa","item":"http:\/\/ticaret.edu.tr\/turkce-ogretimi-uygulama-ve-arastirma-merkezi\/"},{"@type":"ListItem","position":2,"name":"M\u00dcD\u00dcR MESAJI"}]},{"@type":"WebSite","@id":"http:\/\/ticaret.edu.tr\/turkce-ogretimi-uygulama-ve-arastirma-merkezi\/#website","url":"http:\/\/ticaret.edu.tr\/turkce-ogretimi-uygulama-ve-arastirma-merkezi\/","name":"T\u00fcrk\u00e7e \u00d6\u011fretimi Uygulama ve Ara\u015ft\u0131rma Merkezi","description":"Bir ba\u015fka \u0130stanbul Ticaret \u00dcniversitesi site sitesi","potentialAction":[{"@type":"SearchAction","target":{"@type":"EntryPoint","urlTemplate":"http:\/\/ticaret.edu.tr\/turkce-ogretimi-uygulama-ve-arastirma-merkezi\/?s={search_term_string}"},"query-input":"required name=search_term_string"}],"inLanguage":"tr"}]}},"lang":"tr","translations":{"en":354,"tr":33},"pll_sync_post":[],"_links":{"self":[{"href":"http:\/\/ticaret.edu.tr\/turkce-ogretimi-uygulama-ve-arastirma-merkezi\/wp-json\/wp\/v2\/pages\/33"}],"collection":[{"href":"http:\/\/ticaret.edu.tr\/turkce-ogretimi-uygulama-ve-arastirma-merkezi\/wp-json\/wp\/v2\/pages"}],"about":[{"href":"http:\/\/ticaret.edu.tr\/turkce-ogretimi-uygulama-ve-arastirma-merkezi\/wp-json\/wp\/v2\/types\/page"}],"author":[{"embeddable":true,"href":"http:\/\/ticaret.edu.tr\/turkce-ogretimi-uygulama-ve-arastirma-merkezi\/wp-json\/wp\/v2\/users\/138"}],"replies":[{"embeddable":true,"href":"http:\/\/ticaret.edu.tr\/turkce-ogretimi-uygulama-ve-arastirma-merkezi\/wp-json\/wp\/v2\/comments?post=33"}],"version-history":[{"count":10,"href":"http:\/\/ticaret.edu.tr\/turkce-ogretimi-uygulama-ve-arastirma-merkezi\/wp-json\/wp\/v2\/pages\/33\/revisions"}],"predecessor-version":[{"id":982,"href":"http:\/\/ticaret.edu.tr\/turkce-ogretimi-uygulama-ve-arastirma-merkezi\/wp-json\/wp\/v2\/pages\/33\/revisions\/982"}],"wp:attachment":[{"href":"http:\/\/ticaret.edu.tr\/turkce-ogretimi-uygulama-ve-arastirma-merkezi\/wp-json\/wp\/v2\/media?parent=33"}],"curies":[{"name":"wp","href":"https:\/\/api.w.org\/{rel}","templated":true}]}}