{"id":335,"date":"2021-10-21T13:55:22","date_gmt":"2021-10-21T10:55:22","guid":{"rendered":"https:\/\/ticaret.edu.tr\/tomer\/?page_id=335"},"modified":"2025-11-17T17:58:17","modified_gmt":"2025-11-17T14:58:17","slug":"registration","status":"publish","type":"page","link":"http:\/\/ticaret.edu.tr\/turkce-ogretimi-uygulama-ve-arastirma-merkezi\/en\/registration\/","title":{"rendered":"REGISTRATION"},"content":{"rendered":"<p><strong>TURKISH COURSES<\/strong><br \/>\n<strong>Required documents for registration:<\/strong><\/p>\n<ol>\n1- The photocopy of your passport<br \/>\n2- Bank receipt<br \/>\n3- Registration form (You can download it <a href=\"https:\/\/docs.google.com\/document\/d\/1dPd1dYx9WNoBZljwmC4heDsf4vTr5xRu\/edit?usp=sharing&amp;ouid=117225662127589411896&amp;rtpof=true&amp;sd=true\" target=\"_blank\" rel=\"noopener\"><strong>here<\/strong><\/a>.)\n<\/ol>\n<p>These documents should be sent to: <strong><a href=\"mailto:tomer@ticaret.edu.tr\">tomer@ticaret.edu.tr<\/a><\/strong><\/p>\n<p><strong>The fee for each level: <u>the Turkish lira equivalent<\/u> of 300 USD <u>(The fee must be paid as Turkish liras.)<\/u><\/strong><br \/>\n<strong>The total fee: <u>the Turkish lira equivalent<\/u> of 1350 USD <u>(The fee must be paid as Turkish liras.)<\/u><\/strong><\/p>\n<p><strong>Since USD\/TRY rates often change, in order to instantly check the equivalent Turkish lira for the USD, we take the \u201cD\u00f6viz Sat\u0131\u015f (Forex Selling)\u201d section on the website of the Central Bank of the Republic of Turkey as the basis. Please visit this website:<\/strong>\u00a0<a href=\"https:\/\/www.tcmb.gov.tr\/wps\/wcm\/connect\/tr\/tcmb+tr\/main+page+site+area\/bugun\">https:\/\/www.tcmb.gov.tr\/wps\/wcm\/connect\/tr\/tcmb+tr\/main+page+site+area\/bugun<\/a><\/p>\n<p><strong>BANK ACCOUNT INFO:<\/strong><br \/>\nRecipient name: \u0130stanbul Ticaret \u00dcniversitesi \u0130ktisadi \u0130\u015fletmesi<br \/>\nTitle: <strong><em>Student Name and Surname, Passport Number, Phone Number<\/em>, \u201cTurkish Course Fee for \u2026 Level(s)\u201d<\/strong><br \/>\nBank: T\u00fcrkiye Vak\u0131flar Bankas\u0131 T.A.O.<br \/>\nBranch: \u0130stanbul Mercan \u015eubesi (110)<br \/>\nAccount Number: 00158007302025879<br \/>\nIBAN: <strong>TR49 0001 5001 5800 7302 0258 79<\/strong><\/p>\n<p>&#8212; &#8212; &#8212; &#8212;<\/p>\n<p><strong>TURKISH LANGUAGE PROFICIENCY AND EXEMPTION EXAM<\/strong><br \/>\n<strong>Required documents for registration:<\/strong><\/p>\n<ol>\n1- The photocopy of your passport<br \/>\n2- Bank receipt\n<\/ol>\n<p>These documents should be sent to: <strong><a href=\"mailto:tomer@ticaret.edu.tr\">tomer@ticaret.edu.tr<\/a><\/strong><\/p>\n<p><strong>Exam fee:<\/strong> <strong><u>the Turkish lira equivalent<\/u> of 55 USD <u>(The fee must be paid as Turkish liras.)<\/u><\/strong><\/p>\n<p><strong>Since USD\/TRY rates often change, in order to instantly check the equivalent Turkish lira for the USD, we take the \u201cD\u00f6viz Sat\u0131\u015f (Forex Selling)\u201d section on the website of the Central Bank of the Republic of Turkey as the basis. Please visit this website:<\/strong>\u00a0<a href=\"https:\/\/www.tcmb.gov.tr\/wps\/wcm\/connect\/tr\/tcmb+tr\/main+page+site+area\/bugun\">https:\/\/www.tcmb.gov.tr\/wps\/wcm\/connect\/tr\/tcmb+tr\/main+page+site+area\/bugun<\/a><\/p>\n<p><b>The exam results will be announced within 2-3 workdays after the exam date.<\/b><\/p>\n<p><strong>BANK ACCOUNT INFO:<\/strong><br \/>\nRecipient name: \u0130stanbul Ticaret \u00dcniversitesi \u0130ktisadi \u0130\u015fletmesi<br \/>\nTitle: <strong><em>Participant Name and Surname, Passport Number, Phone Number<\/em>, Turkish Exam Fee<\/strong><br \/>\nBank: T\u00fcrkiye Vak\u0131flar Bankas\u0131 T.A.O.<br \/>\nBranch: \u0130stanbul Mercan \u015eubesi (110)<br \/>\nAccount Number: 00158007302025879<br \/>\nIBAN: <strong>TR49 0001 5001 5800 7302 0258 79<\/strong><\/p>\n","protected":false},"excerpt":{"rendered":"<p>TURKISH COURSES Required documents for registration: 1- The photocopy of your passport 2- Bank receipt 3- Registration form (You can download it here.) These documents should be sent to: tomer@ticaret.edu.tr The fee for each level: the Turkish lira equivalent of 300 USD (The fee must be paid as Turkish liras.) The total fee: the Turkish [&hellip;]<\/p>\n","protected":false},"author":55,"featured_media":0,"parent":0,"menu_order":0,"comment_status":"closed","ping_status":"closed","template":"genel_sayfa.php","meta":{"footnotes":""},"yoast_head":"<!-- This site is optimized with the Yoast SEO Premium plugin v22.1 (Yoast SEO v22.1) - https:\/\/yoast.com\/wordpress\/plugins\/seo\/ -->\n<title>REGISTRATION - T\u00fcrk\u00e7e \u00d6\u011fretimi Uygulama ve Ara\u015ft\u0131rma Merkezi<\/title>\n<meta name=\"robots\" content=\"index, follow, max-snippet:-1, max-image-preview:large, max-video-preview:-1\" \/>\n<link rel=\"canonical\" href=\"http:\/\/ticaret.edu.tr\/turkce-ogretimi-uygulama-ve-arastirma-merkezi\/en\/registration\/\" \/>\n<meta property=\"og:locale\" content=\"tr_TR\" \/>\n<meta property=\"og:type\" content=\"article\" \/>\n<meta property=\"og:title\" content=\"REGISTRATION\" \/>\n<meta property=\"og:description\" content=\"TURKISH COURSES Required documents for registration: 1- The photocopy of your passport 2- Bank receipt 3- Registration form (You can download it here.) These documents should be sent to: tomer@ticaret.edu.tr The fee for each level: the Turkish lira equivalent of 300 USD (The fee must be paid as Turkish liras.) The total fee: the Turkish [&hellip;]\" \/>\n<meta property=\"og:url\" content=\"http:\/\/ticaret.edu.tr\/turkce-ogretimi-uygulama-ve-arastirma-merkezi\/en\/registration\/\" \/>\n<meta property=\"og:site_name\" content=\"T\u00fcrk\u00e7e \u00d6\u011fretimi Uygulama ve Ara\u015ft\u0131rma Merkezi\" \/>\n<meta property=\"article:publisher\" content=\"https:\/\/www.facebook.com\/ticaretedutr\" \/>\n<meta property=\"article:modified_time\" content=\"2025-11-17T14:58:17+00:00\" \/>\n<meta property=\"og:image\" content=\"http:\/\/ticaret.edu.tr\/turkce-ogretimi-uygulama-ve-arastirma-merkezi\/wp-content\/uploads\/sites\/60\/2021\/11\/web_logo-01.jpg\" \/>\n\t<meta property=\"og:image:width\" content=\"1250\" \/>\n\t<meta property=\"og:image:height\" content=\"833\" \/>\n\t<meta property=\"og:image:type\" content=\"image\/jpeg\" \/>\n<meta name=\"twitter:card\" content=\"summary_large_image\" \/>\n<meta name=\"twitter:site\" content=\"@ticaretedutr\" \/>\n<meta name=\"twitter:label1\" content=\"Tahmini okuma s\u00fcresi\" \/>\n\t<meta name=\"twitter:data1\" content=\"2 dakika\" \/>\n<script type=\"application\/ld+json\" class=\"yoast-schema-graph\">{\"@context\":\"https:\/\/schema.org\",\"@graph\":[{\"@type\":\"WebPage\",\"@id\":\"http:\/\/ticaret.edu.tr\/turkce-ogretimi-uygulama-ve-arastirma-merkezi\/en\/registration\/\",\"url\":\"http:\/\/ticaret.edu.tr\/turkce-ogretimi-uygulama-ve-arastirma-merkezi\/en\/registration\/\",\"name\":\"REGISTRATION - T\u00fcrk\u00e7e \u00d6\u011fretimi Uygulama ve Ara\u015ft\u0131rma Merkezi\",\"isPartOf\":{\"@id\":\"https:\/\/ticaret.edu.tr\/turkce-ogretimi-uygulama-ve-arastirma-merkezi\/en\/#website\"},\"datePublished\":\"2021-10-21T10:55:22+00:00\",\"dateModified\":\"2025-11-17T14:58:17+00:00\",\"breadcrumb\":{\"@id\":\"http:\/\/ticaret.edu.tr\/turkce-ogretimi-uygulama-ve-arastirma-merkezi\/en\/registration\/#breadcrumb\"},\"inLanguage\":\"tr\",\"potentialAction\":[{\"@type\":\"ReadAction\",\"target\":[\"http:\/\/ticaret.edu.tr\/turkce-ogretimi-uygulama-ve-arastirma-merkezi\/en\/registration\/\"]}]},{\"@type\":\"BreadcrumbList\",\"@id\":\"http:\/\/ticaret.edu.tr\/turkce-ogretimi-uygulama-ve-arastirma-merkezi\/en\/registration\/#breadcrumb\",\"itemListElement\":[{\"@type\":\"ListItem\",\"position\":1,\"name\":\"Ana sayfa\",\"item\":\"http:\/\/ticaret.edu.tr\/turkce-ogretimi-uygulama-ve-arastirma-merkezi\/\"},{\"@type\":\"ListItem\",\"position\":2,\"name\":\"REGISTRATION\"}]},{\"@type\":\"WebSite\",\"@id\":\"https:\/\/ticaret.edu.tr\/turkce-ogretimi-uygulama-ve-arastirma-merkezi\/en\/#website\",\"url\":\"https:\/\/ticaret.edu.tr\/turkce-ogretimi-uygulama-ve-arastirma-merkezi\/en\/\",\"name\":\"T\u00fcrk\u00e7e \u00d6\u011fretimi Uygulama ve Ara\u015ft\u0131rma Merkezi\",\"description\":\"Bir ba\u015fka \u0130stanbul Ticaret \u00dcniversitesi site sitesi\",\"potentialAction\":[{\"@type\":\"SearchAction\",\"target\":{\"@type\":\"EntryPoint\",\"urlTemplate\":\"https:\/\/ticaret.edu.tr\/turkce-ogretimi-uygulama-ve-arastirma-merkezi\/en\/?s={search_term_string}\"},\"query-input\":\"required name=search_term_string\"}],\"inLanguage\":\"tr\"}]}<\/script>\n<!-- \/ Yoast SEO Premium plugin. -->","yoast_head_json":{"title":"REGISTRATION - T\u00fcrk\u00e7e \u00d6\u011fretimi Uygulama ve Ara\u015ft\u0131rma Merkezi","robots":{"index":"index","follow":"follow","max-snippet":"max-snippet:-1","max-image-preview":"max-image-preview:large","max-video-preview":"max-video-preview:-1"},"canonical":"http:\/\/ticaret.edu.tr\/turkce-ogretimi-uygulama-ve-arastirma-merkezi\/en\/registration\/","og_locale":"tr_TR","og_type":"article","og_title":"REGISTRATION","og_description":"TURKISH COURSES Required documents for registration: 1- The photocopy of your passport 2- Bank receipt 3- Registration form (You can download it here.) These documents should be sent to: tomer@ticaret.edu.tr The fee for each level: the Turkish lira equivalent of 300 USD (The fee must be paid as Turkish liras.) The total fee: the Turkish [&hellip;]","og_url":"http:\/\/ticaret.edu.tr\/turkce-ogretimi-uygulama-ve-arastirma-merkezi\/en\/registration\/","og_site_name":"T\u00fcrk\u00e7e \u00d6\u011fretimi Uygulama ve Ara\u015ft\u0131rma Merkezi","article_publisher":"https:\/\/www.facebook.com\/ticaretedutr","article_modified_time":"2025-11-17T14:58:17+00:00","og_image":[{"width":1250,"height":833,"url":"http:\/\/ticaret.edu.tr\/turkce-ogretimi-uygulama-ve-arastirma-merkezi\/wp-content\/uploads\/sites\/60\/2021\/11\/web_logo-01.jpg","type":"image\/jpeg"}],"twitter_card":"summary_large_image","twitter_site":"@ticaretedutr","twitter_misc":{"Tahmini okuma s\u00fcresi":"2 dakika"},"schema":{"@context":"https:\/\/schema.org","@graph":[{"@type":"WebPage","@id":"http:\/\/ticaret.edu.tr\/turkce-ogretimi-uygulama-ve-arastirma-merkezi\/en\/registration\/","url":"http:\/\/ticaret.edu.tr\/turkce-ogretimi-uygulama-ve-arastirma-merkezi\/en\/registration\/","name":"REGISTRATION - T\u00fcrk\u00e7e \u00d6\u011fretimi Uygulama ve Ara\u015ft\u0131rma Merkezi","isPartOf":{"@id":"https:\/\/ticaret.edu.tr\/turkce-ogretimi-uygulama-ve-arastirma-merkezi\/en\/#website"},"datePublished":"2021-10-21T10:55:22+00:00","dateModified":"2025-11-17T14:58:17+00:00","breadcrumb":{"@id":"http:\/\/ticaret.edu.tr\/turkce-ogretimi-uygulama-ve-arastirma-merkezi\/en\/registration\/#breadcrumb"},"inLanguage":"tr","potentialAction":[{"@type":"ReadAction","target":["http:\/\/ticaret.edu.tr\/turkce-ogretimi-uygulama-ve-arastirma-merkezi\/en\/registration\/"]}]},{"@type":"BreadcrumbList","@id":"http:\/\/ticaret.edu.tr\/turkce-ogretimi-uygulama-ve-arastirma-merkezi\/en\/registration\/#breadcrumb","itemListElement":[{"@type":"ListItem","position":1,"name":"Ana sayfa","item":"http:\/\/ticaret.edu.tr\/turkce-ogretimi-uygulama-ve-arastirma-merkezi\/"},{"@type":"ListItem","position":2,"name":"REGISTRATION"}]},{"@type":"WebSite","@id":"https:\/\/ticaret.edu.tr\/turkce-ogretimi-uygulama-ve-arastirma-merkezi\/en\/#website","url":"https:\/\/ticaret.edu.tr\/turkce-ogretimi-uygulama-ve-arastirma-merkezi\/en\/","name":"T\u00fcrk\u00e7e \u00d6\u011fretimi Uygulama ve Ara\u015ft\u0131rma Merkezi","description":"Bir ba\u015fka \u0130stanbul Ticaret \u00dcniversitesi site sitesi","potentialAction":[{"@type":"SearchAction","target":{"@type":"EntryPoint","urlTemplate":"https:\/\/ticaret.edu.tr\/turkce-ogretimi-uygulama-ve-arastirma-merkezi\/en\/?s={search_term_string}"},"query-input":"required name=search_term_string"}],"inLanguage":"tr"}]}},"lang":"en","translations":{"en":335,"tr":9},"pll_sync_post":[],"_links":{"self":[{"href":"http:\/\/ticaret.edu.tr\/turkce-ogretimi-uygulama-ve-arastirma-merkezi\/wp-json\/wp\/v2\/pages\/335"}],"collection":[{"href":"http:\/\/ticaret.edu.tr\/turkce-ogretimi-uygulama-ve-arastirma-merkezi\/wp-json\/wp\/v2\/pages"}],"about":[{"href":"http:\/\/ticaret.edu.tr\/turkce-ogretimi-uygulama-ve-arastirma-merkezi\/wp-json\/wp\/v2\/types\/page"}],"author":[{"embeddable":true,"href":"http:\/\/ticaret.edu.tr\/turkce-ogretimi-uygulama-ve-arastirma-merkezi\/wp-json\/wp\/v2\/users\/55"}],"replies":[{"embeddable":true,"href":"http:\/\/ticaret.edu.tr\/turkce-ogretimi-uygulama-ve-arastirma-merkezi\/wp-json\/wp\/v2\/comments?post=335"}],"version-history":[{"count":10,"href":"http:\/\/ticaret.edu.tr\/turkce-ogretimi-uygulama-ve-arastirma-merkezi\/wp-json\/wp\/v2\/pages\/335\/revisions"}],"predecessor-version":[{"id":1125,"href":"http:\/\/ticaret.edu.tr\/turkce-ogretimi-uygulama-ve-arastirma-merkezi\/wp-json\/wp\/v2\/pages\/335\/revisions\/1125"}],"wp:attachment":[{"href":"http:\/\/ticaret.edu.tr\/turkce-ogretimi-uygulama-ve-arastirma-merkezi\/wp-json\/wp\/v2\/media?parent=335"}],"curies":[{"name":"wp","href":"https:\/\/api.w.org\/{rel}","templated":true}]}}