{"id":340,"date":"2021-10-21T14:00:40","date_gmt":"2021-10-21T11:00:40","guid":{"rendered":"https:\/\/ticaret.edu.tr\/tomer\/?page_id=340"},"modified":"2026-02-04T14:13:22","modified_gmt":"2026-02-04T11:13:22","slug":"exams","status":"publish","type":"page","link":"http:\/\/ticaret.edu.tr\/turkce-ogretimi-uygulama-ve-arastirma-merkezi\/en\/exams\/","title":{"rendered":"EXAMS"},"content":{"rendered":"<p style=\"text-align: center\"><strong>ISTANBUL T\u0130CARET UNIVERSITY<\/strong><\/p>\n<p style=\"text-align: center\"><strong>TURKISH EDUCATION APPLICATION AND RESEARCH CENTER<\/strong><strong><br \/>\n(T\u0130CARET T\u00d6MER)<\/strong><\/p>\n<p style=\"text-align: center\"><strong>2025-2026 ACADEMIC YEAR<\/strong><\/p>\n<p style=\"text-align: center\"><strong>TURKISH LANGUAGE PROFICIENCY AND EXEMPTION EXAM CALENDAR<\/strong><\/p>\n<table>\n<tbody>\n<tr>\n<td colspan=\"2\" width=\"604\"><strong>\u00a0<\/strong><strong>FALL 2025<\/strong><\/td>\n<\/tr>\n<tr>\n<td width=\"302\"><strong>September 03, 2025<\/strong><\/td>\n<td width=\"302\"><strong>September 17, 2025<\/strong><\/td>\n<\/tr>\n<tr>\n<td width=\"302\"><strong>October 01, 2025<\/strong><\/td>\n<td width=\"302\"><strong>October 15, 2025<\/strong><\/td>\n<\/tr>\n<tr>\n<td width=\"302\"><strong>November 05, 2025<\/strong><\/td>\n<td width=\"302\"><strong>November 19, 2025<\/strong><\/td>\n<\/tr>\n<tr>\n<td width=\"302\"><strong>December 03, 2025<\/strong><\/td>\n<td width=\"302\"><strong>December 17, 2025<\/strong><\/td>\n<\/tr>\n<tr>\n<td width=\"302\"><strong>January 07, 2026<\/strong><\/td>\n<td width=\"302\"><strong>January 21, 2026<\/strong><\/td>\n<\/tr>\n<tr>\n<td colspan=\"2\" width=\"604\"><strong>\u00a0<\/strong><\/td>\n<\/tr>\n<tr>\n<td colspan=\"2\" width=\"604\"><strong>\u00a0<\/strong><strong>SPRING 2026<\/strong><\/td>\n<\/tr>\n<tr>\n<td width=\"302\"><strong>February 04, 2026<\/strong><\/td>\n<td width=\"302\"><strong>February 18, 2026<\/strong><\/td>\n<\/tr>\n<tr>\n<td width=\"302\"><strong>March 04, 2026<\/strong><\/td>\n<td width=\"302\"><strong>March 18, 2026<\/strong><\/td>\n<\/tr>\n<tr>\n<td width=\"302\"><strong>April 01, 2026<\/strong><\/td>\n<td width=\"302\"><strong>April 15, 2026<\/strong><\/td>\n<\/tr>\n<tr>\n<td width=\"302\"><strong>May 06, 2026<\/strong><\/td>\n<td width=\"302\"><strong>May 20, 2026<\/strong><\/td>\n<\/tr>\n<tr>\n<td width=\"302\"><strong>June 03, 2026<\/strong><\/td>\n<td width=\"302\"><strong>June 17, 2026<\/strong><\/td>\n<\/tr>\n<tr>\n<td colspan=\"2\" width=\"604\"><strong>\u00a0<\/strong><\/td>\n<\/tr>\n<tr>\n<td colspan=\"2\" width=\"604\"><strong>\u00a0<\/strong><strong>SUMMER 2026<\/strong><\/td>\n<\/tr>\n<tr>\n<td width=\"302\"><strong>July 08, 2026<\/strong><\/td>\n<td width=\"302\"><strong>July 22, 2026<\/strong><\/td>\n<\/tr>\n<tr>\n<td width=\"302\"><strong>August 07, 2026<\/strong><\/td>\n<td width=\"302\"><strong>August 21, 2026<\/strong><\/td>\n<\/tr>\n<\/tbody>\n<\/table>\n<p>&nbsp;<\/p>\n<p><strong>Place of exam:<\/strong> Ah\u00ee \u00c7elebi Campus Emin\u00f6n\u00fc, Sar\u0131demir Mahallesi, Rag\u0131p G\u00fcm\u00fc\u015fpala Caddesi, No: 14, Fatih\/\u0130STANBUL<br \/>\n(You can find the location here: <strong><a href=\"https:\/\/maps.app.goo.gl\/RygRNiwEtKkphBft9\">https:\/\/maps.app.goo.gl\/RygRNiwEtKkphBft9<\/a><\/strong>)<br \/>\n<strong>Classroom:<\/strong> 202 (second floor)<br \/>\n<strong>Time:<\/strong> 14.00<\/p>\n<p><strong>Required documents for registration:<\/strong><\/p>\n<ol>\n1- The photocopy of your passport<br \/>\n2- Bank receipt after the payment\n<\/ol>\n<p>These documents should be sent to: <strong><a href=\"mailto:tomer@ticaret.edu.tr\">tomer@ticaret.edu.tr<\/a><\/strong><\/p>\n<p><strong>Exam fee:<\/strong> <strong><u>the Turkish lira equivalent<\/u> of 55 USD <u>(The fee must be paid as Turkish liras.)<\/u><\/strong><\/p>\n<p><strong>Since USD\/TRY rates often change, in order to instantly check the equivalent Turkish lira for the USD, we take the \u201cD\u00f6viz Sat\u0131\u015f (Forex Selling)\u201d section on the website of the Central Bank of the Republic of Turkey as the basis. Please visit this website:<\/strong>\u00a0<a href=\"https:\/\/www.tcmb.gov.tr\/wps\/wcm\/connect\/tr\/tcmb+tr\/main+page+site+area\/bugun\">https:\/\/www.tcmb.gov.tr\/wps\/wcm\/connect\/tr\/tcmb+tr\/main+page+site+area\/bugun<\/a><\/p>\n<p><b>The exam results will be announced within 2-3 workdays after the exam date.<\/b><\/p>\n<p><strong>BANK ACCOUNT INFO:<\/strong><br \/>\nRecipient name: <strong>\u0130stanbul Ticaret \u00dcniversitesi \u0130ktisadi \u0130\u015fletmesi<\/strong><br \/>\nTitle: <strong><em>Participant Name and Surname, Passport Number, Phone Number<\/em>, Turkish Exam Fee<\/strong><br \/>\nBank: T\u00fcrkiye Vak\u0131flar Bankas\u0131 T.A.O. (Vak\u0131fbank)<br \/>\nBranch: \u0130stanbul Mercan \u015eubesi (110)<br \/>\nAccount Number: 00158007302025879<br \/>\nIBAN: <strong>TR49 0001 5001 5800 7302 0258 79<\/strong><\/p>\n<p><em>Last updated: January 29, 2026<\/em><\/p>\n","protected":false},"excerpt":{"rendered":"<p>ISTANBUL T\u0130CARET UNIVERSITY TURKISH EDUCATION APPLICATION AND RESEARCH CENTER (T\u0130CARET T\u00d6MER) 2025-2026 ACADEMIC YEAR TURKISH LANGUAGE PROFICIENCY AND EXEMPTION EXAM CALENDAR \u00a0FALL 2025 September 03, 2025 September 17, 2025 October 01, 2025 October 15, 2025 November 05, 2025 November 19, 2025 December 03, 2025 December 17, 2025 January 07, 2026 January 21, 2026 \u00a0 \u00a0SPRING [&hellip;]<\/p>\n","protected":false},"author":55,"featured_media":0,"parent":0,"menu_order":0,"comment_status":"closed","ping_status":"closed","template":"genel_sayfa.php","meta":{"footnotes":""},"yoast_head":"<!-- This site is optimized with the Yoast SEO Premium plugin v22.1 (Yoast SEO v22.1) - https:\/\/yoast.com\/wordpress\/plugins\/seo\/ -->\n<title>EXAMS - T\u00fcrk\u00e7e \u00d6\u011fretimi Uygulama ve Ara\u015ft\u0131rma Merkezi<\/title>\n<meta name=\"robots\" content=\"index, follow, max-snippet:-1, max-image-preview:large, max-video-preview:-1\" \/>\n<link rel=\"canonical\" href=\"https:\/\/ticaret.edu.tr\/turkce-ogretimi-uygulama-ve-arastirma-merkezi\/en\/exams\/\" \/>\n<meta property=\"og:locale\" content=\"tr_TR\" \/>\n<meta property=\"og:type\" content=\"article\" \/>\n<meta property=\"og:title\" content=\"EXAMS\" \/>\n<meta property=\"og:description\" content=\"ISTANBUL T\u0130CARET UNIVERSITY TURKISH EDUCATION APPLICATION AND RESEARCH CENTER (T\u0130CARET T\u00d6MER) 2025-2026 ACADEMIC YEAR TURKISH LANGUAGE PROFICIENCY AND EXEMPTION EXAM CALENDAR \u00a0FALL 2025 September 03, 2025 September 17, 2025 October 01, 2025 October 15, 2025 November 05, 2025 November 19, 2025 December 03, 2025 December 17, 2025 January 07, 2026 January 21, 2026 \u00a0 \u00a0SPRING [&hellip;]\" \/>\n<meta property=\"og:url\" content=\"https:\/\/ticaret.edu.tr\/turkce-ogretimi-uygulama-ve-arastirma-merkezi\/en\/exams\/\" \/>\n<meta property=\"og:site_name\" content=\"T\u00fcrk\u00e7e \u00d6\u011fretimi Uygulama ve Ara\u015ft\u0131rma Merkezi\" \/>\n<meta property=\"article:publisher\" content=\"https:\/\/www.facebook.com\/ticaretedutr\" \/>\n<meta property=\"article:modified_time\" content=\"2026-02-04T11:13:22+00:00\" \/>\n<meta property=\"og:image\" content=\"http:\/\/ticaret.edu.tr\/turkce-ogretimi-uygulama-ve-arastirma-merkezi\/wp-content\/uploads\/sites\/60\/2021\/11\/web_logo-01.jpg\" \/>\n\t<meta property=\"og:image:width\" content=\"1250\" \/>\n\t<meta property=\"og:image:height\" content=\"833\" \/>\n\t<meta property=\"og:image:type\" content=\"image\/jpeg\" \/>\n<meta name=\"twitter:card\" content=\"summary_large_image\" \/>\n<meta name=\"twitter:site\" content=\"@ticaretedutr\" \/>\n<meta name=\"twitter:label1\" content=\"Tahmini okuma s\u00fcresi\" \/>\n\t<meta name=\"twitter:data1\" content=\"2 dakika\" \/>\n<script type=\"application\/ld+json\" class=\"yoast-schema-graph\">{\"@context\":\"https:\/\/schema.org\",\"@graph\":[{\"@type\":\"WebPage\",\"@id\":\"https:\/\/ticaret.edu.tr\/turkce-ogretimi-uygulama-ve-arastirma-merkezi\/en\/exams\/\",\"url\":\"https:\/\/ticaret.edu.tr\/turkce-ogretimi-uygulama-ve-arastirma-merkezi\/en\/exams\/\",\"name\":\"EXAMS - T\u00fcrk\u00e7e \u00d6\u011fretimi Uygulama ve Ara\u015ft\u0131rma Merkezi\",\"isPartOf\":{\"@id\":\"https:\/\/ticaret.edu.tr\/turkce-ogretimi-uygulama-ve-arastirma-merkezi\/#website\"},\"datePublished\":\"2021-10-21T11:00:40+00:00\",\"dateModified\":\"2026-02-04T11:13:22+00:00\",\"breadcrumb\":{\"@id\":\"https:\/\/ticaret.edu.tr\/turkce-ogretimi-uygulama-ve-arastirma-merkezi\/en\/exams\/#breadcrumb\"},\"inLanguage\":\"tr\",\"potentialAction\":[{\"@type\":\"ReadAction\",\"target\":[\"https:\/\/ticaret.edu.tr\/turkce-ogretimi-uygulama-ve-arastirma-merkezi\/en\/exams\/\"]}]},{\"@type\":\"BreadcrumbList\",\"@id\":\"https:\/\/ticaret.edu.tr\/turkce-ogretimi-uygulama-ve-arastirma-merkezi\/en\/exams\/#breadcrumb\",\"itemListElement\":[{\"@type\":\"ListItem\",\"position\":1,\"name\":\"Ana sayfa\",\"item\":\"https:\/\/ticaret.edu.tr\/turkce-ogretimi-uygulama-ve-arastirma-merkezi\/\"},{\"@type\":\"ListItem\",\"position\":2,\"name\":\"EXAMS\"}]},{\"@type\":\"WebSite\",\"@id\":\"https:\/\/ticaret.edu.tr\/turkce-ogretimi-uygulama-ve-arastirma-merkezi\/#website\",\"url\":\"https:\/\/ticaret.edu.tr\/turkce-ogretimi-uygulama-ve-arastirma-merkezi\/\",\"name\":\"T\u00fcrk\u00e7e \u00d6\u011fretimi Uygulama ve Ara\u015ft\u0131rma Merkezi\",\"description\":\"Bir ba\u015fka \u0130stanbul Ticaret \u00dcniversitesi site sitesi\",\"potentialAction\":[{\"@type\":\"SearchAction\",\"target\":{\"@type\":\"EntryPoint\",\"urlTemplate\":\"https:\/\/ticaret.edu.tr\/turkce-ogretimi-uygulama-ve-arastirma-merkezi\/?s={search_term_string}\"},\"query-input\":\"required name=search_term_string\"}],\"inLanguage\":\"tr\"}]}<\/script>\n<!-- \/ Yoast SEO Premium plugin. -->","yoast_head_json":{"title":"EXAMS - T\u00fcrk\u00e7e \u00d6\u011fretimi Uygulama ve Ara\u015ft\u0131rma Merkezi","robots":{"index":"index","follow":"follow","max-snippet":"max-snippet:-1","max-image-preview":"max-image-preview:large","max-video-preview":"max-video-preview:-1"},"canonical":"https:\/\/ticaret.edu.tr\/turkce-ogretimi-uygulama-ve-arastirma-merkezi\/en\/exams\/","og_locale":"tr_TR","og_type":"article","og_title":"EXAMS","og_description":"ISTANBUL T\u0130CARET UNIVERSITY TURKISH EDUCATION APPLICATION AND RESEARCH CENTER (T\u0130CARET T\u00d6MER) 2025-2026 ACADEMIC YEAR TURKISH LANGUAGE PROFICIENCY AND EXEMPTION EXAM CALENDAR \u00a0FALL 2025 September 03, 2025 September 17, 2025 October 01, 2025 October 15, 2025 November 05, 2025 November 19, 2025 December 03, 2025 December 17, 2025 January 07, 2026 January 21, 2026 \u00a0 \u00a0SPRING [&hellip;]","og_url":"https:\/\/ticaret.edu.tr\/turkce-ogretimi-uygulama-ve-arastirma-merkezi\/en\/exams\/","og_site_name":"T\u00fcrk\u00e7e \u00d6\u011fretimi Uygulama ve Ara\u015ft\u0131rma Merkezi","article_publisher":"https:\/\/www.facebook.com\/ticaretedutr","article_modified_time":"2026-02-04T11:13:22+00:00","og_image":[{"width":1250,"height":833,"url":"http:\/\/ticaret.edu.tr\/turkce-ogretimi-uygulama-ve-arastirma-merkezi\/wp-content\/uploads\/sites\/60\/2021\/11\/web_logo-01.jpg","type":"image\/jpeg"}],"twitter_card":"summary_large_image","twitter_site":"@ticaretedutr","twitter_misc":{"Tahmini okuma s\u00fcresi":"2 dakika"},"schema":{"@context":"https:\/\/schema.org","@graph":[{"@type":"WebPage","@id":"https:\/\/ticaret.edu.tr\/turkce-ogretimi-uygulama-ve-arastirma-merkezi\/en\/exams\/","url":"https:\/\/ticaret.edu.tr\/turkce-ogretimi-uygulama-ve-arastirma-merkezi\/en\/exams\/","name":"EXAMS - T\u00fcrk\u00e7e \u00d6\u011fretimi Uygulama ve Ara\u015ft\u0131rma Merkezi","isPartOf":{"@id":"https:\/\/ticaret.edu.tr\/turkce-ogretimi-uygulama-ve-arastirma-merkezi\/#website"},"datePublished":"2021-10-21T11:00:40+00:00","dateModified":"2026-02-04T11:13:22+00:00","breadcrumb":{"@id":"https:\/\/ticaret.edu.tr\/turkce-ogretimi-uygulama-ve-arastirma-merkezi\/en\/exams\/#breadcrumb"},"inLanguage":"tr","potentialAction":[{"@type":"ReadAction","target":["https:\/\/ticaret.edu.tr\/turkce-ogretimi-uygulama-ve-arastirma-merkezi\/en\/exams\/"]}]},{"@type":"BreadcrumbList","@id":"https:\/\/ticaret.edu.tr\/turkce-ogretimi-uygulama-ve-arastirma-merkezi\/en\/exams\/#breadcrumb","itemListElement":[{"@type":"ListItem","position":1,"name":"Ana sayfa","item":"https:\/\/ticaret.edu.tr\/turkce-ogretimi-uygulama-ve-arastirma-merkezi\/"},{"@type":"ListItem","position":2,"name":"EXAMS"}]},{"@type":"WebSite","@id":"https:\/\/ticaret.edu.tr\/turkce-ogretimi-uygulama-ve-arastirma-merkezi\/#website","url":"https:\/\/ticaret.edu.tr\/turkce-ogretimi-uygulama-ve-arastirma-merkezi\/","name":"T\u00fcrk\u00e7e \u00d6\u011fretimi Uygulama ve Ara\u015ft\u0131rma Merkezi","description":"Bir ba\u015fka \u0130stanbul Ticaret \u00dcniversitesi site sitesi","potentialAction":[{"@type":"SearchAction","target":{"@type":"EntryPoint","urlTemplate":"https:\/\/ticaret.edu.tr\/turkce-ogretimi-uygulama-ve-arastirma-merkezi\/?s={search_term_string}"},"query-input":"required name=search_term_string"}],"inLanguage":"tr"}]}},"lang":"en","translations":{"en":340,"tr":8},"pll_sync_post":[],"_links":{"self":[{"href":"http:\/\/ticaret.edu.tr\/turkce-ogretimi-uygulama-ve-arastirma-merkezi\/wp-json\/wp\/v2\/pages\/340"}],"collection":[{"href":"http:\/\/ticaret.edu.tr\/turkce-ogretimi-uygulama-ve-arastirma-merkezi\/wp-json\/wp\/v2\/pages"}],"about":[{"href":"http:\/\/ticaret.edu.tr\/turkce-ogretimi-uygulama-ve-arastirma-merkezi\/wp-json\/wp\/v2\/types\/page"}],"author":[{"embeddable":true,"href":"http:\/\/ticaret.edu.tr\/turkce-ogretimi-uygulama-ve-arastirma-merkezi\/wp-json\/wp\/v2\/users\/55"}],"replies":[{"embeddable":true,"href":"http:\/\/ticaret.edu.tr\/turkce-ogretimi-uygulama-ve-arastirma-merkezi\/wp-json\/wp\/v2\/comments?post=340"}],"version-history":[{"count":57,"href":"http:\/\/ticaret.edu.tr\/turkce-ogretimi-uygulama-ve-arastirma-merkezi\/wp-json\/wp\/v2\/pages\/340\/revisions"}],"predecessor-version":[{"id":1256,"href":"http:\/\/ticaret.edu.tr\/turkce-ogretimi-uygulama-ve-arastirma-merkezi\/wp-json\/wp\/v2\/pages\/340\/revisions\/1256"}],"wp:attachment":[{"href":"http:\/\/ticaret.edu.tr\/turkce-ogretimi-uygulama-ve-arastirma-merkezi\/wp-json\/wp\/v2\/media?parent=340"}],"curies":[{"name":"wp","href":"https:\/\/api.w.org\/{rel}","templated":true}]}}