{"id":344,"date":"2021-10-21T14:03:10","date_gmt":"2021-10-21T11:03:10","guid":{"rendered":"https:\/\/ticaret.edu.tr\/tomer\/?page_id=344"},"modified":"2026-03-10T16:14:54","modified_gmt":"2026-03-10T13:14:54","slug":"courses","status":"publish","type":"page","link":"http:\/\/ticaret.edu.tr\/turkce-ogretimi-uygulama-ve-arastirma-merkezi\/en\/courses\/","title":{"rendered":"COURSES"},"content":{"rendered":"<p style=\"text-align: center\"><strong>ISTANBUL T\u0130CARET UNIVERSITY<\/strong><\/p>\n<p style=\"text-align: center\"><strong>TURKISH EDUCATION APPLICATION AND RESEARCH CENTER<br \/>\n(T\u0130CARET T\u00d6MER)<\/strong><\/p>\n<p style=\"text-align: center\"><strong>2025-2026 ACADEMIC YEAR<\/strong><\/p>\n<p style=\"text-align: center\"><strong>TURKISH COURSES TEACHING CALENDAR<\/strong><\/p>\n<table>\n<tbody>\n<tr>\n<td colspan=\"2\" width=\"624\"><strong>FALL 2025<\/strong><\/td>\n<\/tr>\n<tr>\n<td width=\"293\"><strong>September 22, 2025 \u2013 November 7, 2025<\/strong><\/td>\n<td width=\"331\"><strong>A1 (1st group)<\/strong><\/td>\n<\/tr>\n<tr>\n<td width=\"293\">November 10, 2025 \u2013 November 14, 2025<\/td>\n<td width=\"331\">Achievement exam week<\/td>\n<\/tr>\n<tr>\n<td width=\"293\"><strong>November 17, 2025 \u2013 January 2, 2026<\/strong><\/td>\n<td width=\"331\"><strong>A1 (2nd group) and A2 (1st group)<\/strong><\/td>\n<\/tr>\n<tr>\n<td width=\"293\">January 5, 2026 \u2013 January 9, 2026<\/td>\n<td width=\"331\">Achievement exam week<\/td>\n<\/tr>\n<tr>\n<td width=\"293\">January 12, 2026 \u2013 February 1, 2026<\/td>\n<td width=\"331\">Winter break<\/td>\n<\/tr>\n<tr>\n<td colspan=\"2\" width=\"624\"><strong>\u00a0<\/strong><\/td>\n<\/tr>\n<tr>\n<td colspan=\"2\" width=\"624\"><strong>SPRING 2026<\/strong><\/td>\n<\/tr>\n<tr>\n<td width=\"293\"><strong>February 2, 2026 \u2013 March 18, 2026<\/strong><\/td>\n<td width=\"331\"><strong>A1 (3rd group), A2 (2nd group) and B1 (1st group)<\/strong><\/td>\n<\/tr>\n<tr>\n<td width=\"293\">March 23, 2026 \u2013 March 27, 2026<\/td>\n<td width=\"331\">Achievement exam week<\/td>\n<\/tr>\n<tr>\n<td width=\"293\"><strong>March 30, 2026 \u2013 May 15, 2026<\/strong><\/td>\n<td width=\"331\"><strong>A2 (3rd group), B1 (2nd group) and B2 (1st group)<\/strong><\/td>\n<\/tr>\n<tr>\n<td width=\"293\">May 18, 2026 \u2013 May 22, 2026<\/td>\n<td width=\"331\">Achievement exam week<\/td>\n<\/tr>\n<tr>\n<td width=\"293\"><strong>June 1, 2026 \u2013 July 17, 2026<\/strong><\/td>\n<td width=\"331\"><strong>B1 (3rd group), B2 (2nd group) and C1 (1st group)<\/strong><\/td>\n<\/tr>\n<tr>\n<td width=\"293\">July 20, 2026 \u2013 July 24, 2026<\/td>\n<td width=\"331\">Achievement exam week<\/td>\n<\/tr>\n<tr>\n<td colspan=\"2\" width=\"624\"><strong>\u00a0<\/strong><\/td>\n<\/tr>\n<tr>\n<td colspan=\"2\" width=\"624\"><strong>SUMMER 2026<\/strong><\/td>\n<\/tr>\n<tr>\n<td width=\"293\"><strong>July 27, 2026 \u2013 September 11, 2026<\/strong><\/td>\n<td width=\"331\"><strong>B2 (3rd group) and C1 (2nd group)<\/strong><\/td>\n<\/tr>\n<tr>\n<td width=\"293\">September 14, 2026 \u2013 September 18, 2026<\/td>\n<td width=\"331\">Achievement exam week<\/td>\n<\/tr>\n<tr>\n<td colspan=\"2\" width=\"624\"><strong>\u00a0<\/strong><\/td>\n<\/tr>\n<tr>\n<td colspan=\"2\" width=\"624\"><strong>FALL 2026<\/strong><\/td>\n<\/tr>\n<tr>\n<td width=\"293\"><strong>September 21, 2026 \u2013 November 6, 2026<\/strong><\/td>\n<td width=\"331\"><strong>C1 (3rd group) and A1 (1st group)<\/strong><\/td>\n<\/tr>\n<\/tbody>\n<\/table>\n<p>&nbsp;<\/p>\n<p><strong>1st group: Ah\u00ee \u00c7elebi Campus, Emin\u00f6n\u00fc, Classroom 202, 09.00-13.00<\/strong> (Monday, Tuesday, Wednesday, Thursday)<br \/>\n<strong>2nd group: Ah\u00ee \u00c7elebi Campus, Emin\u00f6n\u00fc, Classroom 203, 10.00-14.00<\/strong> (Monday, Tuesday, Wednesday, Thursday)<br \/>\n<strong>3rd group: Ah\u00ee \u00c7elebi Campus, Emin\u00f6n\u00fc, Classroom 203, 14.30-18.30<\/strong> (Monday, Tuesday, Wednesday, Thursday)<\/p>\n<p><strong>The address of the Ah\u00ee \u00c7elebi Campus, Emin\u00f6n\u00fc:<\/strong> Sar\u0131demir Mahallesi, Rag\u0131p G\u00fcm\u00fc\u015fpala Caddesi, No: 14, Fatih\/\u0130STANBUL<br \/>\n(You can find the location here: <strong><a href=\"https:\/\/maps.app.goo.gl\/RygRNiwEtKkphBft9\">https:\/\/maps.app.goo.gl\/RygRNiwEtKkphBft9<\/a><\/strong>)<\/p>\n<p>Duration of each level: 7 weeks, 4 days a week, 4 hours a day<br \/>\n(The instructor will inform the class in advance regarding any changes.)<\/p>\n<p>People who plan to come to Istanbul only in order to learn Turkish at Ticaret T\u00d6MER should apply for not a student visa but a language course visa. Student visa is for people who intend to receive education in a degree program at a university in T\u00fcrkiye.<\/p>\n<p>After registration and payment processes, an official acceptance letter and a certificate of student status are prepared for visa and residence permit applications.<\/p>\n<p>A minimum number of students must register in order for a course to open. If the course does not open, the fees paid by the students will be refunded. If a refund is requested due to health problems, visa application rejection, failure to obtain a residence permit, or other reasons, you are required to write and sign a dated petition explaining your situation. In cases of health problems, a doctor\u2019s report must be attached. In cases of visa application rejection or failure to obtain a residence permit, an official document sent by the embassy\/consulate showing this situation must be attached. The petition and the other document(s) must be sent together with the receipt to the e-mail address <strong>tomer@ticaret.edu.tr<\/strong>. Refunds can only be made to the bank account stated on the receipt; payments cannot be made to a different account.<\/p>\n<p><strong>Required documents for registration:<\/strong><\/p>\n<ol>1- The photocopy of your passport<\/ol>\n<ol>2- Bank receipt after the payment<\/ol>\n<ol>3- Registration form (You can download it <a href=\"https:\/\/docs.google.com\/document\/d\/1dPd1dYx9WNoBZljwmC4heDsf4vTr5xRu\/edit?usp=sharing&amp;ouid=117225662127589411896&amp;rtpof=true&amp;sd=true\" target=\"_blank\" rel=\"noopener\"><strong>here<\/strong><\/a>.)<\/ol>\n<p>These documents should be sent to: <strong><a href=\"mailto:tomer@ticaret.edu.tr\">tomer@ticaret.edu.tr<\/a><\/strong><\/p>\n<p><strong>The fee for each level: <u>the Turkish lira equivalent<\/u> of 300 USD <u>(The fee must be paid as Turkish liras.)<\/u><\/strong><br \/>\n<strong>The total fee: <u>the Turkish lira equivalent<\/u> of 1350 USD <u>(The fee must be paid as Turkish liras.)<\/u><\/strong><\/p>\n<p><strong>Since USD\/TRY rates often change, in order to instantly check the equivalent Turkish lira for the USD, we take the \u201cD\u00f6viz Sat\u0131\u015f (Forex Selling)\u201d section on the website of the Central Bank of the Republic of Turkey as the basis. Please visit this website:<\/strong>\u00a0<a href=\"https:\/\/www.tcmb.gov.tr\/wps\/wcm\/connect\/tr\/tcmb+tr\/main+page+site+area\/bugun\">https:\/\/www.tcmb.gov.tr\/wps\/wcm\/connect\/tr\/tcmb+tr\/main+page+site+area\/bugun<\/a><\/p>\n<p><strong>BANK ACCOUNT INFO:<\/strong><br \/>\nRecipient name: <strong>\u0130stanbul Ticaret \u00dcniversitesi \u0130ktisadi \u0130\u015fletmesi<\/strong><br \/>\nTitle: <strong><em>Student Name and Surname, Passport Number, Phone Number<\/em>, \u201cTurkish Course Fee for \u2026 Level(s)\u201d<\/strong><br \/>\nBank: T\u00fcrkiye Vak\u0131flar Bankas\u0131 T.A.O. (Vak\u0131fbank)<br \/>\nBranch: \u0130stanbul Mercan \u015eubesi (110)<br \/>\nAccount Number: 00158007302025879<br \/>\nIBAN: <strong>TR49 0001 5001 5800 7302 0258 79<\/strong><\/p>\n<p>Two sets of books will be used for each level in the lessons. There is a separate fee for these book sets, and details regarding the account to which this fee should be paid will be provided separately.<\/p>\n<p><em>Last updated: January 17, 2026<\/em><\/p>\n","protected":false},"excerpt":{"rendered":"<p>ISTANBUL T\u0130CARET UNIVERSITY TURKISH EDUCATION APPLICATION AND RESEARCH CENTER (T\u0130CARET T\u00d6MER) 2025-2026 ACADEMIC YEAR TURKISH COURSES TEACHING CALENDAR FALL 2025 September 22, 2025 \u2013 November 7, 2025 A1 (1st group) November 10, 2025 \u2013 November 14, 2025 Achievement exam week November 17, 2025 \u2013 January 2, 2026 A1 (2nd group) and A2 (1st group) January [&hellip;]<\/p>\n","protected":false},"author":55,"featured_media":0,"parent":0,"menu_order":0,"comment_status":"closed","ping_status":"closed","template":"genel_sayfa.php","meta":{"footnotes":""},"yoast_head":"<!-- This site is optimized with the Yoast SEO Premium plugin v22.1 (Yoast SEO v22.1) - https:\/\/yoast.com\/wordpress\/plugins\/seo\/ -->\n<title>COURSES - T\u00fcrk\u00e7e \u00d6\u011fretimi Uygulama ve Ara\u015ft\u0131rma Merkezi<\/title>\n<meta name=\"robots\" content=\"index, follow, max-snippet:-1, max-image-preview:large, max-video-preview:-1\" \/>\n<link rel=\"canonical\" href=\"https:\/\/ticaret.edu.tr\/turkce-ogretimi-uygulama-ve-arastirma-merkezi\/en\/courses\/\" \/>\n<meta property=\"og:locale\" content=\"tr_TR\" \/>\n<meta property=\"og:type\" content=\"article\" \/>\n<meta property=\"og:title\" content=\"COURSES\" \/>\n<meta property=\"og:description\" content=\"ISTANBUL T\u0130CARET UNIVERSITY TURKISH EDUCATION APPLICATION AND RESEARCH CENTER (T\u0130CARET T\u00d6MER) 2025-2026 ACADEMIC YEAR TURKISH COURSES TEACHING CALENDAR FALL 2025 September 22, 2025 \u2013 November 7, 2025 A1 (1st group) November 10, 2025 \u2013 November 14, 2025 Achievement exam week November 17, 2025 \u2013 January 2, 2026 A1 (2nd group) and A2 (1st group) January [&hellip;]\" \/>\n<meta property=\"og:url\" content=\"https:\/\/ticaret.edu.tr\/turkce-ogretimi-uygulama-ve-arastirma-merkezi\/en\/courses\/\" \/>\n<meta property=\"og:site_name\" content=\"T\u00fcrk\u00e7e \u00d6\u011fretimi Uygulama ve Ara\u015ft\u0131rma Merkezi\" \/>\n<meta property=\"article:publisher\" content=\"https:\/\/www.facebook.com\/ticaretedutr\" \/>\n<meta property=\"article:modified_time\" content=\"2026-03-10T13:14:54+00:00\" \/>\n<meta property=\"og:image\" content=\"http:\/\/ticaret.edu.tr\/turkce-ogretimi-uygulama-ve-arastirma-merkezi\/wp-content\/uploads\/sites\/60\/2021\/11\/web_logo-01.jpg\" \/>\n\t<meta property=\"og:image:width\" content=\"1250\" \/>\n\t<meta property=\"og:image:height\" content=\"833\" \/>\n\t<meta property=\"og:image:type\" content=\"image\/jpeg\" \/>\n<meta name=\"twitter:card\" content=\"summary_large_image\" \/>\n<meta name=\"twitter:site\" content=\"@ticaretedutr\" \/>\n<meta name=\"twitter:label1\" content=\"Tahmini okuma s\u00fcresi\" \/>\n\t<meta name=\"twitter:data1\" content=\"5 dakika\" \/>\n<script type=\"application\/ld+json\" class=\"yoast-schema-graph\">{\"@context\":\"https:\/\/schema.org\",\"@graph\":[{\"@type\":\"WebPage\",\"@id\":\"https:\/\/ticaret.edu.tr\/turkce-ogretimi-uygulama-ve-arastirma-merkezi\/en\/courses\/\",\"url\":\"https:\/\/ticaret.edu.tr\/turkce-ogretimi-uygulama-ve-arastirma-merkezi\/en\/courses\/\",\"name\":\"COURSES - T\u00fcrk\u00e7e \u00d6\u011fretimi Uygulama ve Ara\u015ft\u0131rma Merkezi\",\"isPartOf\":{\"@id\":\"https:\/\/ticaret.edu.tr\/turkce-ogretimi-uygulama-ve-arastirma-merkezi\/en\/#website\"},\"datePublished\":\"2021-10-21T11:03:10+00:00\",\"dateModified\":\"2026-03-10T13:14:54+00:00\",\"breadcrumb\":{\"@id\":\"https:\/\/ticaret.edu.tr\/turkce-ogretimi-uygulama-ve-arastirma-merkezi\/en\/courses\/#breadcrumb\"},\"inLanguage\":\"tr\",\"potentialAction\":[{\"@type\":\"ReadAction\",\"target\":[\"https:\/\/ticaret.edu.tr\/turkce-ogretimi-uygulama-ve-arastirma-merkezi\/en\/courses\/\"]}]},{\"@type\":\"BreadcrumbList\",\"@id\":\"https:\/\/ticaret.edu.tr\/turkce-ogretimi-uygulama-ve-arastirma-merkezi\/en\/courses\/#breadcrumb\",\"itemListElement\":[{\"@type\":\"ListItem\",\"position\":1,\"name\":\"Ana sayfa\",\"item\":\"http:\/\/ticaret.edu.tr\/turkce-ogretimi-uygulama-ve-arastirma-merkezi\/\"},{\"@type\":\"ListItem\",\"position\":2,\"name\":\"COURSES\"}]},{\"@type\":\"WebSite\",\"@id\":\"https:\/\/ticaret.edu.tr\/turkce-ogretimi-uygulama-ve-arastirma-merkezi\/en\/#website\",\"url\":\"https:\/\/ticaret.edu.tr\/turkce-ogretimi-uygulama-ve-arastirma-merkezi\/en\/\",\"name\":\"T\u00fcrk\u00e7e \u00d6\u011fretimi Uygulama ve Ara\u015ft\u0131rma Merkezi\",\"description\":\"Bir ba\u015fka \u0130stanbul Ticaret \u00dcniversitesi site sitesi\",\"potentialAction\":[{\"@type\":\"SearchAction\",\"target\":{\"@type\":\"EntryPoint\",\"urlTemplate\":\"https:\/\/ticaret.edu.tr\/turkce-ogretimi-uygulama-ve-arastirma-merkezi\/en\/?s={search_term_string}\"},\"query-input\":\"required name=search_term_string\"}],\"inLanguage\":\"tr\"}]}<\/script>\n<!-- \/ Yoast SEO Premium plugin. -->","yoast_head_json":{"title":"COURSES - T\u00fcrk\u00e7e \u00d6\u011fretimi Uygulama ve Ara\u015ft\u0131rma Merkezi","robots":{"index":"index","follow":"follow","max-snippet":"max-snippet:-1","max-image-preview":"max-image-preview:large","max-video-preview":"max-video-preview:-1"},"canonical":"https:\/\/ticaret.edu.tr\/turkce-ogretimi-uygulama-ve-arastirma-merkezi\/en\/courses\/","og_locale":"tr_TR","og_type":"article","og_title":"COURSES","og_description":"ISTANBUL T\u0130CARET UNIVERSITY TURKISH EDUCATION APPLICATION AND RESEARCH CENTER (T\u0130CARET T\u00d6MER) 2025-2026 ACADEMIC YEAR TURKISH COURSES TEACHING CALENDAR FALL 2025 September 22, 2025 \u2013 November 7, 2025 A1 (1st group) November 10, 2025 \u2013 November 14, 2025 Achievement exam week November 17, 2025 \u2013 January 2, 2026 A1 (2nd group) and A2 (1st group) January [&hellip;]","og_url":"https:\/\/ticaret.edu.tr\/turkce-ogretimi-uygulama-ve-arastirma-merkezi\/en\/courses\/","og_site_name":"T\u00fcrk\u00e7e \u00d6\u011fretimi Uygulama ve Ara\u015ft\u0131rma Merkezi","article_publisher":"https:\/\/www.facebook.com\/ticaretedutr","article_modified_time":"2026-03-10T13:14:54+00:00","og_image":[{"width":1250,"height":833,"url":"http:\/\/ticaret.edu.tr\/turkce-ogretimi-uygulama-ve-arastirma-merkezi\/wp-content\/uploads\/sites\/60\/2021\/11\/web_logo-01.jpg","type":"image\/jpeg"}],"twitter_card":"summary_large_image","twitter_site":"@ticaretedutr","twitter_misc":{"Tahmini okuma s\u00fcresi":"5 dakika"},"schema":{"@context":"https:\/\/schema.org","@graph":[{"@type":"WebPage","@id":"https:\/\/ticaret.edu.tr\/turkce-ogretimi-uygulama-ve-arastirma-merkezi\/en\/courses\/","url":"https:\/\/ticaret.edu.tr\/turkce-ogretimi-uygulama-ve-arastirma-merkezi\/en\/courses\/","name":"COURSES - T\u00fcrk\u00e7e \u00d6\u011fretimi Uygulama ve Ara\u015ft\u0131rma Merkezi","isPartOf":{"@id":"https:\/\/ticaret.edu.tr\/turkce-ogretimi-uygulama-ve-arastirma-merkezi\/en\/#website"},"datePublished":"2021-10-21T11:03:10+00:00","dateModified":"2026-03-10T13:14:54+00:00","breadcrumb":{"@id":"https:\/\/ticaret.edu.tr\/turkce-ogretimi-uygulama-ve-arastirma-merkezi\/en\/courses\/#breadcrumb"},"inLanguage":"tr","potentialAction":[{"@type":"ReadAction","target":["https:\/\/ticaret.edu.tr\/turkce-ogretimi-uygulama-ve-arastirma-merkezi\/en\/courses\/"]}]},{"@type":"BreadcrumbList","@id":"https:\/\/ticaret.edu.tr\/turkce-ogretimi-uygulama-ve-arastirma-merkezi\/en\/courses\/#breadcrumb","itemListElement":[{"@type":"ListItem","position":1,"name":"Ana sayfa","item":"http:\/\/ticaret.edu.tr\/turkce-ogretimi-uygulama-ve-arastirma-merkezi\/"},{"@type":"ListItem","position":2,"name":"COURSES"}]},{"@type":"WebSite","@id":"https:\/\/ticaret.edu.tr\/turkce-ogretimi-uygulama-ve-arastirma-merkezi\/en\/#website","url":"https:\/\/ticaret.edu.tr\/turkce-ogretimi-uygulama-ve-arastirma-merkezi\/en\/","name":"T\u00fcrk\u00e7e \u00d6\u011fretimi Uygulama ve Ara\u015ft\u0131rma Merkezi","description":"Bir ba\u015fka \u0130stanbul Ticaret \u00dcniversitesi site sitesi","potentialAction":[{"@type":"SearchAction","target":{"@type":"EntryPoint","urlTemplate":"https:\/\/ticaret.edu.tr\/turkce-ogretimi-uygulama-ve-arastirma-merkezi\/en\/?s={search_term_string}"},"query-input":"required name=search_term_string"}],"inLanguage":"tr"}]}},"lang":"en","translations":{"en":344,"tr":7},"pll_sync_post":[],"_links":{"self":[{"href":"http:\/\/ticaret.edu.tr\/turkce-ogretimi-uygulama-ve-arastirma-merkezi\/wp-json\/wp\/v2\/pages\/344"}],"collection":[{"href":"http:\/\/ticaret.edu.tr\/turkce-ogretimi-uygulama-ve-arastirma-merkezi\/wp-json\/wp\/v2\/pages"}],"about":[{"href":"http:\/\/ticaret.edu.tr\/turkce-ogretimi-uygulama-ve-arastirma-merkezi\/wp-json\/wp\/v2\/types\/page"}],"author":[{"embeddable":true,"href":"http:\/\/ticaret.edu.tr\/turkce-ogretimi-uygulama-ve-arastirma-merkezi\/wp-json\/wp\/v2\/users\/55"}],"replies":[{"embeddable":true,"href":"http:\/\/ticaret.edu.tr\/turkce-ogretimi-uygulama-ve-arastirma-merkezi\/wp-json\/wp\/v2\/comments?post=344"}],"version-history":[{"count":96,"href":"http:\/\/ticaret.edu.tr\/turkce-ogretimi-uygulama-ve-arastirma-merkezi\/wp-json\/wp\/v2\/pages\/344\/revisions"}],"predecessor-version":[{"id":1295,"href":"http:\/\/ticaret.edu.tr\/turkce-ogretimi-uygulama-ve-arastirma-merkezi\/wp-json\/wp\/v2\/pages\/344\/revisions\/1295"}],"wp:attachment":[{"href":"http:\/\/ticaret.edu.tr\/turkce-ogretimi-uygulama-ve-arastirma-merkezi\/wp-json\/wp\/v2\/media?parent=344"}],"curies":[{"name":"wp","href":"https:\/\/api.w.org\/{rel}","templated":true}]}}