{"id":37,"date":"2021-01-14T08:52:11","date_gmt":"2021-01-14T05:52:11","guid":{"rendered":"http:\/\/ticaret.edu.tr\/tomer\/?page_id=37"},"modified":"2025-05-30T17:40:38","modified_gmt":"2025-05-30T14:40:38","slug":"neden-turkiye","status":"publish","type":"page","link":"http:\/\/ticaret.edu.tr\/turkce-ogretimi-uygulama-ve-arastirma-merkezi\/neden-turkiye\/","title":{"rendered":"NEDEN T\u00dcRK\u0130YE?"},"content":{"rendered":"<p><img loading=\"lazy\" decoding=\"async\" class=\"aligncenter size-full wp-image-213\" src=\"http:\/\/ticaret.edu.tr\/tomer\/wp-content\/uploads\/sites\/60\/2021\/07\/TO\u2560e\u0302MER-LOGO-02-1024x635-1.jpg\" alt=\"\" width=\"1024\" height=\"635\" srcset=\"http:\/\/ticaret.edu.tr\/turkce-ogretimi-uygulama-ve-arastirma-merkezi\/wp-content\/uploads\/sites\/60\/2021\/07\/TO\u2560e\u0302MER-LOGO-02-1024x635-1.jpg 1024w, http:\/\/ticaret.edu.tr\/turkce-ogretimi-uygulama-ve-arastirma-merkezi\/wp-content\/uploads\/sites\/60\/2021\/07\/TO\u2560e\u0302MER-LOGO-02-1024x635-1-300x186.jpg 300w, http:\/\/ticaret.edu.tr\/turkce-ogretimi-uygulama-ve-arastirma-merkezi\/wp-content\/uploads\/sites\/60\/2021\/07\/TO\u2560e\u0302MER-LOGO-02-1024x635-1-768x476.jpg 768w\" sizes=\"(max-width: 1024px) 100vw, 1024px\" \/>T\u00fcrkiye y\u00fcksek\u00f6\u011fretimde uluslararas\u0131 \u00f6\u011frenciler i\u00e7in bir \u00e7ekim merkezi olma yolundad\u0131r. Birle\u015fmi\u015f Milletler E\u011fitim, Bilim ve K\u00fclt\u00fcr \u00d6rg\u00fct\u00fcnce (UNESCO) yay\u0131mlanan 2018 y\u0131l\u0131 verilerine g\u00f6re, T\u00fcrkiye 125 bin 138 uluslararas\u0131 \u00f6\u011frenci taraf\u0131ndan tercih edilerek d\u00fcnyada en \u00e7ok \u00f6\u011frenciye sahip 10. \u00fclke olmu\u015ftur. Tabii ki bu tercihin \u00e7e\u015fitli sebepleri vard\u0131r:<\/p>\n<p>Tarih boyunca topraklar\u0131nda bir\u00e7ok medeniyeti a\u011f\u0131rlam\u0131\u015f olan T\u00fcrkiye; do\u011fusundan bat\u0131s\u0131na, kuzeyinden g\u00fcneyine, zengin bir k\u00fclt\u00fcrel varl\u0131\u011fa sahiptir. \u00dcstelik bu k\u00fclt\u00fcr de\u011ferlerini g\u00f6rebilmeniz i\u00e7in \u00e7ok \u00e7aba ve zaman harcaman\u0131za hi\u00e7 gerek yoktur; \u00e7\u00fcnk\u00fc g\u00fcnl\u00fck ya\u015fam\u0131n rutininde bile bir tarih\u00ee mek\u00e2na veya yap\u0131ya denk gelme \u015fans\u0131n\u0131z y\u00fcksektir. UNESCO D\u00fcnya Miras Listesi\u2019ne kay\u0131tl\u0131 869 k\u00fclt\u00fcrel varl\u0131ktan 16 tanesine ev sahipli\u011fi yapmas\u0131, T\u00fcrkiye\u2019nin nas\u0131l bir k\u00fclt\u00fcr zenginli\u011fine sahip oldu\u011funun somut bir g\u00f6stergedir.<\/p>\n<p>Tarih\u00ee de\u011ferlerinin yan\u0131 s\u0131ra d\u00f6rt mevsimin ya\u015fand\u0131\u011f\u0131 T\u00fcrkiye, bulundu\u011fu co\u011frafi b\u00f6lgenin getirisi olan g\u00fczelliklerle de d\u00fcnyadaki say\u0131l\u0131 \u00fclkelerdendir. Bir yandan T\u00fcrk\u00e7e \u00f6\u011frenirken bir yandan da her mevsimin kendine \u00f6zg\u00fc do\u011fal zenginliklerinin tad\u0131n\u0131 \u00e7\u0131karabilirsiniz. \u00dclkenin \u00fc\u00e7 taraf\u0131n\u0131 \u00e7evreleyen denizlerinde y\u00fczebilir, doyas\u0131ya g\u00fcne\u015flenebilir; nehirlerinde rafting yapabilir ve da\u011flar\u0131nda k\u0131\u015f sporlar\u0131yla e\u011flenceli g\u00fcnler ge\u00e7irebilirsiniz. \u00dclkemizin e\u015fsiz manzaralar\u0131nda bol bol foto\u011fraf \u00e7ekerek ne\u015fe dolu anlar\u0131n\u0131z\u0131 sevdiklerinizle payla\u015fabilirsiniz.<\/p>\n<p>Gen\u00e7 n\u00fcfusun a\u011f\u0131rl\u0131kta oldu\u011fu T\u00fcrkiye&#8217;de kendinizi evinizde gibi hissedeceksiniz; \u00e7\u00fcnk\u00fc misafirperverli\u011fi ile tan\u0131nan T\u00fcrk insan\u0131, yard\u0131ma ihtiyac\u0131n\u0131z oldu\u011funda elinden geleni samimiyetle yapacakt\u0131r. Ayr\u0131ca T\u00fcrkiye; ho\u015fg\u00f6r\u00fcl\u00fc, g\u00fcvenli ve huzurlu ortam\u0131 ile \u00f6\u011frenciler i\u00e7in olduk\u00e7a ideal bir ya\u015fama alan\u0131 sunar.<\/p>\n<p>Son olarak T\u00fcrkiye&#8217;de ya\u015famak, bir\u00e7ok \u00fclkeye g\u00f6re daha ucuzdur. Konaklama, yeme-i\u00e7me, e\u011flence gibi ihtiya\u00e7lar\u0131n\u0131z\u0131 uygun fiyatlarla kar\u015f\u0131layabilirsiniz. Ayr\u0131ca T\u00fcrkiye\u2019de ula\u015f\u0131m, sinema ve tiyatro vb. bir\u00e7ok yerde \u00f6\u011frenci oldu\u011funuz i\u00e7in \u00e7e\u015fitli indirimlerden faydalanacaks\u0131n\u0131z.<\/p>\n<p>Sizi, Asya ve Avrupa\u2019y\u0131 birbirine ba\u011flayan cennet \u00fclke T\u00fcrkiye\u2019de, g\u00fczel an\u0131lar biriktirmeye davet ediyoruz.<\/p>\n<p>&nbsp;<\/p>\n<p>&nbsp;<\/p>\n","protected":false},"excerpt":{"rendered":"<p>T\u00fcrkiye y\u00fcksek\u00f6\u011fretimde uluslararas\u0131 \u00f6\u011frenciler i\u00e7in bir \u00e7ekim merkezi olma yolundad\u0131r. Birle\u015fmi\u015f Milletler E\u011fitim, Bilim ve K\u00fclt\u00fcr \u00d6rg\u00fct\u00fcnce (UNESCO) yay\u0131mlanan 2018 y\u0131l\u0131 verilerine g\u00f6re, T\u00fcrkiye 125 bin 138 uluslararas\u0131 \u00f6\u011frenci taraf\u0131ndan tercih edilerek d\u00fcnyada en \u00e7ok \u00f6\u011frenciye sahip 10. \u00fclke olmu\u015ftur. Tabii ki bu tercihin \u00e7e\u015fitli sebepleri vard\u0131r: Tarih boyunca topraklar\u0131nda bir\u00e7ok medeniyeti a\u011f\u0131rlam\u0131\u015f olan T\u00fcrkiye; [&hellip;]<\/p>\n","protected":false},"author":138,"featured_media":0,"parent":0,"menu_order":0,"comment_status":"closed","ping_status":"closed","template":"genel_sayfa.php","meta":{"footnotes":""},"yoast_head":"<!-- This site is optimized with the Yoast SEO Premium plugin v22.1 (Yoast SEO v22.1) - https:\/\/yoast.com\/wordpress\/plugins\/seo\/ -->\n<title>NEDEN T\u00dcRK\u0130YE? - T\u00fcrk\u00e7e \u00d6\u011fretimi Uygulama ve Ara\u015ft\u0131rma Merkezi<\/title>\n<meta name=\"robots\" content=\"index, follow, max-snippet:-1, max-image-preview:large, max-video-preview:-1\" \/>\n<link rel=\"canonical\" href=\"https:\/\/ticaret.edu.tr\/turkce-ogretimi-uygulama-ve-arastirma-merkezi\/neden-turkiye\/\" \/>\n<meta property=\"og:locale\" content=\"tr_TR\" \/>\n<meta property=\"og:type\" content=\"article\" \/>\n<meta property=\"og:title\" content=\"NEDEN T\u00dcRK\u0130YE?\" \/>\n<meta property=\"og:description\" content=\"T\u00fcrkiye y\u00fcksek\u00f6\u011fretimde uluslararas\u0131 \u00f6\u011frenciler i\u00e7in bir \u00e7ekim merkezi olma yolundad\u0131r. Birle\u015fmi\u015f Milletler E\u011fitim, Bilim ve K\u00fclt\u00fcr \u00d6rg\u00fct\u00fcnce (UNESCO) yay\u0131mlanan 2018 y\u0131l\u0131 verilerine g\u00f6re, T\u00fcrkiye 125 bin 138 uluslararas\u0131 \u00f6\u011frenci taraf\u0131ndan tercih edilerek d\u00fcnyada en \u00e7ok \u00f6\u011frenciye sahip 10. \u00fclke olmu\u015ftur. Tabii ki bu tercihin \u00e7e\u015fitli sebepleri vard\u0131r: Tarih boyunca topraklar\u0131nda bir\u00e7ok medeniyeti a\u011f\u0131rlam\u0131\u015f olan T\u00fcrkiye; [&hellip;]\" \/>\n<meta property=\"og:url\" content=\"https:\/\/ticaret.edu.tr\/turkce-ogretimi-uygulama-ve-arastirma-merkezi\/neden-turkiye\/\" \/>\n<meta property=\"og:site_name\" content=\"T\u00fcrk\u00e7e \u00d6\u011fretimi Uygulama ve Ara\u015ft\u0131rma Merkezi\" \/>\n<meta property=\"article:publisher\" content=\"https:\/\/www.facebook.com\/ticaretedutr\" \/>\n<meta property=\"article:modified_time\" content=\"2025-05-30T14:40:38+00:00\" \/>\n<meta property=\"og:image\" content=\"http:\/\/ticaret.edu.tr\/turkce-ogretimi-uygulama-ve-arastirma-merkezi\/wp-content\/uploads\/sites\/60\/2021\/11\/web_logo-01.jpg\" \/>\n\t<meta property=\"og:image:width\" content=\"1250\" \/>\n\t<meta property=\"og:image:height\" content=\"833\" \/>\n\t<meta property=\"og:image:type\" content=\"image\/jpeg\" \/>\n<meta name=\"twitter:card\" content=\"summary_large_image\" \/>\n<meta name=\"twitter:site\" content=\"@ticaretedutr\" \/>\n<meta name=\"twitter:label1\" content=\"Tahmini okuma s\u00fcresi\" \/>\n\t<meta name=\"twitter:data1\" content=\"2 dakika\" \/>\n<script type=\"application\/ld+json\" class=\"yoast-schema-graph\">{\"@context\":\"https:\/\/schema.org\",\"@graph\":[{\"@type\":\"WebPage\",\"@id\":\"https:\/\/ticaret.edu.tr\/turkce-ogretimi-uygulama-ve-arastirma-merkezi\/neden-turkiye\/\",\"url\":\"https:\/\/ticaret.edu.tr\/turkce-ogretimi-uygulama-ve-arastirma-merkezi\/neden-turkiye\/\",\"name\":\"NEDEN T\u00dcRK\u0130YE? - T\u00fcrk\u00e7e \u00d6\u011fretimi Uygulama ve Ara\u015ft\u0131rma Merkezi\",\"isPartOf\":{\"@id\":\"http:\/\/ticaret.edu.tr\/turkce-ogretimi-uygulama-ve-arastirma-merkezi\/#website\"},\"datePublished\":\"2021-01-14T05:52:11+00:00\",\"dateModified\":\"2025-05-30T14:40:38+00:00\",\"breadcrumb\":{\"@id\":\"https:\/\/ticaret.edu.tr\/turkce-ogretimi-uygulama-ve-arastirma-merkezi\/neden-turkiye\/#breadcrumb\"},\"inLanguage\":\"tr\",\"potentialAction\":[{\"@type\":\"ReadAction\",\"target\":[\"https:\/\/ticaret.edu.tr\/turkce-ogretimi-uygulama-ve-arastirma-merkezi\/neden-turkiye\/\"]}]},{\"@type\":\"BreadcrumbList\",\"@id\":\"https:\/\/ticaret.edu.tr\/turkce-ogretimi-uygulama-ve-arastirma-merkezi\/neden-turkiye\/#breadcrumb\",\"itemListElement\":[{\"@type\":\"ListItem\",\"position\":1,\"name\":\"Ana sayfa\",\"item\":\"http:\/\/ticaret.edu.tr\/turkce-ogretimi-uygulama-ve-arastirma-merkezi\/\"},{\"@type\":\"ListItem\",\"position\":2,\"name\":\"NEDEN T\u00dcRK\u0130YE?\"}]},{\"@type\":\"WebSite\",\"@id\":\"http:\/\/ticaret.edu.tr\/turkce-ogretimi-uygulama-ve-arastirma-merkezi\/#website\",\"url\":\"http:\/\/ticaret.edu.tr\/turkce-ogretimi-uygulama-ve-arastirma-merkezi\/\",\"name\":\"T\u00fcrk\u00e7e \u00d6\u011fretimi Uygulama ve Ara\u015ft\u0131rma Merkezi\",\"description\":\"Bir ba\u015fka \u0130stanbul Ticaret \u00dcniversitesi site sitesi\",\"potentialAction\":[{\"@type\":\"SearchAction\",\"target\":{\"@type\":\"EntryPoint\",\"urlTemplate\":\"http:\/\/ticaret.edu.tr\/turkce-ogretimi-uygulama-ve-arastirma-merkezi\/?s={search_term_string}\"},\"query-input\":\"required name=search_term_string\"}],\"inLanguage\":\"tr\"}]}<\/script>\n<!-- \/ Yoast SEO Premium plugin. -->","yoast_head_json":{"title":"NEDEN T\u00dcRK\u0130YE? - T\u00fcrk\u00e7e \u00d6\u011fretimi Uygulama ve Ara\u015ft\u0131rma Merkezi","robots":{"index":"index","follow":"follow","max-snippet":"max-snippet:-1","max-image-preview":"max-image-preview:large","max-video-preview":"max-video-preview:-1"},"canonical":"https:\/\/ticaret.edu.tr\/turkce-ogretimi-uygulama-ve-arastirma-merkezi\/neden-turkiye\/","og_locale":"tr_TR","og_type":"article","og_title":"NEDEN T\u00dcRK\u0130YE?","og_description":"T\u00fcrkiye y\u00fcksek\u00f6\u011fretimde uluslararas\u0131 \u00f6\u011frenciler i\u00e7in bir \u00e7ekim merkezi olma yolundad\u0131r. Birle\u015fmi\u015f Milletler E\u011fitim, Bilim ve K\u00fclt\u00fcr \u00d6rg\u00fct\u00fcnce (UNESCO) yay\u0131mlanan 2018 y\u0131l\u0131 verilerine g\u00f6re, T\u00fcrkiye 125 bin 138 uluslararas\u0131 \u00f6\u011frenci taraf\u0131ndan tercih edilerek d\u00fcnyada en \u00e7ok \u00f6\u011frenciye sahip 10. \u00fclke olmu\u015ftur. Tabii ki bu tercihin \u00e7e\u015fitli sebepleri vard\u0131r: Tarih boyunca topraklar\u0131nda bir\u00e7ok medeniyeti a\u011f\u0131rlam\u0131\u015f olan T\u00fcrkiye; [&hellip;]","og_url":"https:\/\/ticaret.edu.tr\/turkce-ogretimi-uygulama-ve-arastirma-merkezi\/neden-turkiye\/","og_site_name":"T\u00fcrk\u00e7e \u00d6\u011fretimi Uygulama ve Ara\u015ft\u0131rma Merkezi","article_publisher":"https:\/\/www.facebook.com\/ticaretedutr","article_modified_time":"2025-05-30T14:40:38+00:00","og_image":[{"width":1250,"height":833,"url":"http:\/\/ticaret.edu.tr\/turkce-ogretimi-uygulama-ve-arastirma-merkezi\/wp-content\/uploads\/sites\/60\/2021\/11\/web_logo-01.jpg","type":"image\/jpeg"}],"twitter_card":"summary_large_image","twitter_site":"@ticaretedutr","twitter_misc":{"Tahmini okuma s\u00fcresi":"2 dakika"},"schema":{"@context":"https:\/\/schema.org","@graph":[{"@type":"WebPage","@id":"https:\/\/ticaret.edu.tr\/turkce-ogretimi-uygulama-ve-arastirma-merkezi\/neden-turkiye\/","url":"https:\/\/ticaret.edu.tr\/turkce-ogretimi-uygulama-ve-arastirma-merkezi\/neden-turkiye\/","name":"NEDEN T\u00dcRK\u0130YE? - T\u00fcrk\u00e7e \u00d6\u011fretimi Uygulama ve Ara\u015ft\u0131rma Merkezi","isPartOf":{"@id":"http:\/\/ticaret.edu.tr\/turkce-ogretimi-uygulama-ve-arastirma-merkezi\/#website"},"datePublished":"2021-01-14T05:52:11+00:00","dateModified":"2025-05-30T14:40:38+00:00","breadcrumb":{"@id":"https:\/\/ticaret.edu.tr\/turkce-ogretimi-uygulama-ve-arastirma-merkezi\/neden-turkiye\/#breadcrumb"},"inLanguage":"tr","potentialAction":[{"@type":"ReadAction","target":["https:\/\/ticaret.edu.tr\/turkce-ogretimi-uygulama-ve-arastirma-merkezi\/neden-turkiye\/"]}]},{"@type":"BreadcrumbList","@id":"https:\/\/ticaret.edu.tr\/turkce-ogretimi-uygulama-ve-arastirma-merkezi\/neden-turkiye\/#breadcrumb","itemListElement":[{"@type":"ListItem","position":1,"name":"Ana sayfa","item":"http:\/\/ticaret.edu.tr\/turkce-ogretimi-uygulama-ve-arastirma-merkezi\/"},{"@type":"ListItem","position":2,"name":"NEDEN T\u00dcRK\u0130YE?"}]},{"@type":"WebSite","@id":"http:\/\/ticaret.edu.tr\/turkce-ogretimi-uygulama-ve-arastirma-merkezi\/#website","url":"http:\/\/ticaret.edu.tr\/turkce-ogretimi-uygulama-ve-arastirma-merkezi\/","name":"T\u00fcrk\u00e7e \u00d6\u011fretimi Uygulama ve Ara\u015ft\u0131rma Merkezi","description":"Bir ba\u015fka \u0130stanbul Ticaret \u00dcniversitesi site sitesi","potentialAction":[{"@type":"SearchAction","target":{"@type":"EntryPoint","urlTemplate":"http:\/\/ticaret.edu.tr\/turkce-ogretimi-uygulama-ve-arastirma-merkezi\/?s={search_term_string}"},"query-input":"required name=search_term_string"}],"inLanguage":"tr"}]}},"lang":"tr","translations":{"en":349,"tr":37},"pll_sync_post":[],"_links":{"self":[{"href":"http:\/\/ticaret.edu.tr\/turkce-ogretimi-uygulama-ve-arastirma-merkezi\/wp-json\/wp\/v2\/pages\/37"}],"collection":[{"href":"http:\/\/ticaret.edu.tr\/turkce-ogretimi-uygulama-ve-arastirma-merkezi\/wp-json\/wp\/v2\/pages"}],"about":[{"href":"http:\/\/ticaret.edu.tr\/turkce-ogretimi-uygulama-ve-arastirma-merkezi\/wp-json\/wp\/v2\/types\/page"}],"author":[{"embeddable":true,"href":"http:\/\/ticaret.edu.tr\/turkce-ogretimi-uygulama-ve-arastirma-merkezi\/wp-json\/wp\/v2\/users\/138"}],"replies":[{"embeddable":true,"href":"http:\/\/ticaret.edu.tr\/turkce-ogretimi-uygulama-ve-arastirma-merkezi\/wp-json\/wp\/v2\/comments?post=37"}],"version-history":[{"count":6,"href":"http:\/\/ticaret.edu.tr\/turkce-ogretimi-uygulama-ve-arastirma-merkezi\/wp-json\/wp\/v2\/pages\/37\/revisions"}],"predecessor-version":[{"id":1000,"href":"http:\/\/ticaret.edu.tr\/turkce-ogretimi-uygulama-ve-arastirma-merkezi\/wp-json\/wp\/v2\/pages\/37\/revisions\/1000"}],"wp:attachment":[{"href":"http:\/\/ticaret.edu.tr\/turkce-ogretimi-uygulama-ve-arastirma-merkezi\/wp-json\/wp\/v2\/media?parent=37"}],"curies":[{"name":"wp","href":"https:\/\/api.w.org\/{rel}","templated":true}]}}