{"id":6,"date":"2020-12-02T19:16:05","date_gmt":"2020-12-02T16:16:05","guid":{"rendered":"http:\/\/ticaret.edu.tr\/tomer\/?page_id=6"},"modified":"2025-05-30T17:52:01","modified_gmt":"2025-05-30T14:52:01","slug":"hakkimizda","status":"publish","type":"page","link":"http:\/\/ticaret.edu.tr\/turkce-ogretimi-uygulama-ve-arastirma-merkezi\/hakkimizda\/","title":{"rendered":"HAKKIMIZDA"},"content":{"rendered":"<p><img loading=\"lazy\" decoding=\"async\" class=\"aligncenter size-full wp-image-134\" src=\"http:\/\/ticaret.edu.tr\/tomer\/wp-content\/uploads\/sites\/60\/2021\/04\/TO\u2560\u00eaMER-LOGO-04-scaled.jpg\" alt=\"\" width=\"2560\" height=\"1588\" srcset=\"http:\/\/ticaret.edu.tr\/turkce-ogretimi-uygulama-ve-arastirma-merkezi\/wp-content\/uploads\/sites\/60\/2021\/04\/TO\u2560\u00eaMER-LOGO-04-scaled.jpg 2560w, http:\/\/ticaret.edu.tr\/turkce-ogretimi-uygulama-ve-arastirma-merkezi\/wp-content\/uploads\/sites\/60\/2021\/04\/TO\u2560\u00eaMER-LOGO-04-300x186.jpg 300w, http:\/\/ticaret.edu.tr\/turkce-ogretimi-uygulama-ve-arastirma-merkezi\/wp-content\/uploads\/sites\/60\/2021\/04\/TO\u2560\u00eaMER-LOGO-04-1024x635.jpg 1024w, http:\/\/ticaret.edu.tr\/turkce-ogretimi-uygulama-ve-arastirma-merkezi\/wp-content\/uploads\/sites\/60\/2021\/04\/TO\u2560\u00eaMER-LOGO-04-768x476.jpg 768w, http:\/\/ticaret.edu.tr\/turkce-ogretimi-uygulama-ve-arastirma-merkezi\/wp-content\/uploads\/sites\/60\/2021\/04\/TO\u2560\u00eaMER-LOGO-04-1536x953.jpg 1536w, http:\/\/ticaret.edu.tr\/turkce-ogretimi-uygulama-ve-arastirma-merkezi\/wp-content\/uploads\/sites\/60\/2021\/04\/TO\u2560\u00eaMER-LOGO-04-2048x1270.jpg 2048w\" sizes=\"(max-width: 2560px) 100vw, 2560px\" \/><\/p>\n<p>Sevgili \u00d6\u011frenciler,<\/p>\n<p>Sizleri hem T\u00fcrk\u00e7e \u00f6\u011frenmek hem de g\u00fczel an\u0131lar biriktirmek i\u00e7in Avrupa ile Asya aras\u0131nda k\u00f6pr\u00fc olan \u0130stanbul Ticaret \u00dcniversitesine davet ediyoruz.<\/p>\n<p>\u00dcniversitemizde \u00f6\u011frenci olmak istiyorsan\u0131z sizi \u00f6ncelikle T\u00fcrk\u00e7e \u00d6\u011fretimi Uygulama ve Ara\u015ft\u0131rma Merkezinde (Ticaret T\u00d6MER) a\u011f\u0131rlayaca\u011f\u0131z; \u00e7\u00fcnk\u00fc \u00f6\u011fretim dili T\u00fcrk\u00e7e olan bir akademik programa kabul edilen \u00f6\u011frencilerin \u00fcniversiteye kay\u0131t s\u0131ras\u0131nda T\u00fcrk\u00e7e seviyesinin B2 veya \u00fczeri oldu\u011funu g\u00f6steren bir sertifika sunmalar\u0131 gerekir.<\/p>\n<p><strong>Ticaret T\u00d6MER Kurslar\u0131<\/strong><\/p>\n<p>Ticaret T\u00d6MER, Avrupa Dil Portf\u00f6y\u00fc taraf\u0131ndan modern y\u00f6ntem ve tekniklerle T\u00fcrk\u00e7enin bir d\u00fcnya dili olarak \u00f6\u011fretilmesi konusunda e\u011fitim vermektedir. Ticaret T\u00d6MER&#8217;de T\u00fcrk\u00e7e \u00f6\u011fretimi, Avrupa Dil Referans Portfolyosu\u2019na (CEFR) uygun olarak, be\u015f uluslararas\u0131 dil yeterlilik seviyesinden olu\u015fur: A1, A2 (Temel), B1, B2 (Orta) ve C1 (\u0130leri). Her seviye i\u00e7in sunulan bir kursun tamamlanmas\u0131, 7 hafta s\u00fcrer.<\/p>\n<p><strong>Ticaret T\u00d6MER S\u0131navlar\u0131<\/strong><\/p>\n<p>1) T\u00fcrk\u00e7e Seviye Belirleme S\u0131nav\u0131, yabanc\u0131 kursiyer ve \u00f6\u011frencilerin T\u00fcrk\u00e7e d\u00fczeylerini \u00f6l\u00e7er. \u00dcniversitede \u00f6\u011fretim dili T\u00fcrk\u00e7e olan bir b\u00f6l\u00fcme\/programa kay\u0131t yapt\u0131ran ancak T\u00fcrk\u00e7esi yetersiz olan veya T\u00fcrk\u00e7e yeterlik belgesi bulunmayan \u00f6\u011frencilerin Merkez taraf\u0131ndan d\u00fczenlenen \u201cT\u00fcrk\u00e7e D\u00fczey Belirleme S\u0131nav\u0131\u201dna girmeleri gerekmektedir. \u201cT\u00fcrk\u00e7e Seviye Belirleme S\u0131nav\u0131\u201dnda asgari dil yeterlilik seviyesini g\u00f6steremeyen \u00f6\u011frenciler, Merkez taraf\u0131ndan uygun dil s\u0131n\u0131f\u0131na yerle\u015ftirilir.<\/p>\n<p>2) Kur S\u0131nav\u0131, her kurun sonunda yap\u0131l\u0131r. \u00d6\u011frenciler bu s\u0131navda bir dersi ge\u00e7mek i\u00e7in d\u00f6rt temel beceride (okuma, dinleme, konu\u015fma ve yazma) ba\u015far\u0131l\u0131 olmal\u0131d\u0131r. S\u0131navda ba\u015far\u0131l\u0131 olamayan \u00f6\u011frenciler dersi tekrar etmek zorundad\u0131r.<\/p>\n<p>3) T\u00fcrk\u00e7e Seviye Tespit ve Muafiyet S\u0131nav\u0131, T\u00fcrk\u00e7eyi Merkezde, ba\u015fka kurumlarda veya ki\u015fisel \u00e7abalar\u0131yla \u00f6\u011frenen bireylerin T\u00fcrk\u00e7e d\u00fczeylerini de\u011ferlendirir. Ba\u015far\u0131l\u0131 olanlara seviyelerini g\u00f6steren bir sertifika verilir.<\/p>\n","protected":false},"excerpt":{"rendered":"<p>Sevgili \u00d6\u011frenciler, Sizleri hem T\u00fcrk\u00e7e \u00f6\u011frenmek hem de g\u00fczel an\u0131lar biriktirmek i\u00e7in Avrupa ile Asya aras\u0131nda k\u00f6pr\u00fc olan \u0130stanbul Ticaret \u00dcniversitesine davet ediyoruz. \u00dcniversitemizde \u00f6\u011frenci olmak istiyorsan\u0131z sizi \u00f6ncelikle T\u00fcrk\u00e7e \u00d6\u011fretimi Uygulama ve Ara\u015ft\u0131rma Merkezinde (Ticaret T\u00d6MER) a\u011f\u0131rlayaca\u011f\u0131z; \u00e7\u00fcnk\u00fc \u00f6\u011fretim dili T\u00fcrk\u00e7e olan bir akademik programa kabul edilen \u00f6\u011frencilerin \u00fcniversiteye kay\u0131t s\u0131ras\u0131nda T\u00fcrk\u00e7e seviyesinin B2 [&hellip;]<\/p>\n","protected":false},"author":138,"featured_media":0,"parent":0,"menu_order":0,"comment_status":"closed","ping_status":"closed","template":"genel_sayfa.php","meta":{"footnotes":""},"yoast_head":"<!-- This site is optimized with the Yoast SEO Premium plugin v22.1 (Yoast SEO v22.1) - https:\/\/yoast.com\/wordpress\/plugins\/seo\/ -->\n<title>HAKKIMIZDA - T\u00fcrk\u00e7e \u00d6\u011fretimi Uygulama ve Ara\u015ft\u0131rma Merkezi<\/title>\n<meta name=\"robots\" content=\"index, follow, max-snippet:-1, max-image-preview:large, max-video-preview:-1\" \/>\n<link rel=\"canonical\" href=\"http:\/\/ticaret.edu.tr\/turkce-ogretimi-uygulama-ve-arastirma-merkezi\/hakkimizda\/\" \/>\n<meta property=\"og:locale\" content=\"tr_TR\" \/>\n<meta property=\"og:type\" content=\"article\" \/>\n<meta property=\"og:title\" content=\"HAKKIMIZDA\" \/>\n<meta property=\"og:description\" content=\"Sevgili \u00d6\u011frenciler, Sizleri hem T\u00fcrk\u00e7e \u00f6\u011frenmek hem de g\u00fczel an\u0131lar biriktirmek i\u00e7in Avrupa ile Asya aras\u0131nda k\u00f6pr\u00fc olan \u0130stanbul Ticaret \u00dcniversitesine davet ediyoruz. \u00dcniversitemizde \u00f6\u011frenci olmak istiyorsan\u0131z sizi \u00f6ncelikle T\u00fcrk\u00e7e \u00d6\u011fretimi Uygulama ve Ara\u015ft\u0131rma Merkezinde (Ticaret T\u00d6MER) a\u011f\u0131rlayaca\u011f\u0131z; \u00e7\u00fcnk\u00fc \u00f6\u011fretim dili T\u00fcrk\u00e7e olan bir akademik programa kabul edilen \u00f6\u011frencilerin \u00fcniversiteye kay\u0131t s\u0131ras\u0131nda T\u00fcrk\u00e7e seviyesinin B2 [&hellip;]\" \/>\n<meta property=\"og:url\" content=\"http:\/\/ticaret.edu.tr\/turkce-ogretimi-uygulama-ve-arastirma-merkezi\/hakkimizda\/\" \/>\n<meta property=\"og:site_name\" content=\"T\u00fcrk\u00e7e \u00d6\u011fretimi Uygulama ve Ara\u015ft\u0131rma Merkezi\" \/>\n<meta property=\"article:publisher\" content=\"https:\/\/www.facebook.com\/ticaretedutr\" \/>\n<meta property=\"article:modified_time\" content=\"2025-05-30T14:52:01+00:00\" \/>\n<meta property=\"og:image\" content=\"http:\/\/ticaret.edu.tr\/turkce-ogretimi-uygulama-ve-arastirma-merkezi\/wp-content\/uploads\/sites\/60\/2021\/11\/web_logo-01.jpg\" \/>\n\t<meta property=\"og:image:width\" content=\"1250\" \/>\n\t<meta property=\"og:image:height\" content=\"833\" \/>\n\t<meta property=\"og:image:type\" content=\"image\/jpeg\" \/>\n<meta name=\"twitter:card\" content=\"summary_large_image\" \/>\n<meta name=\"twitter:site\" content=\"@ticaretedutr\" \/>\n<meta name=\"twitter:label1\" content=\"Tahmini okuma s\u00fcresi\" \/>\n\t<meta name=\"twitter:data1\" content=\"2 dakika\" \/>\n<script type=\"application\/ld+json\" class=\"yoast-schema-graph\">{\"@context\":\"https:\/\/schema.org\",\"@graph\":[{\"@type\":\"WebPage\",\"@id\":\"http:\/\/ticaret.edu.tr\/turkce-ogretimi-uygulama-ve-arastirma-merkezi\/hakkimizda\/\",\"url\":\"http:\/\/ticaret.edu.tr\/turkce-ogretimi-uygulama-ve-arastirma-merkezi\/hakkimizda\/\",\"name\":\"HAKKIMIZDA - T\u00fcrk\u00e7e \u00d6\u011fretimi Uygulama ve Ara\u015ft\u0131rma Merkezi\",\"isPartOf\":{\"@id\":\"http:\/\/ticaret.edu.tr\/turkce-ogretimi-uygulama-ve-arastirma-merkezi\/#website\"},\"datePublished\":\"2020-12-02T16:16:05+00:00\",\"dateModified\":\"2025-05-30T14:52:01+00:00\",\"breadcrumb\":{\"@id\":\"http:\/\/ticaret.edu.tr\/turkce-ogretimi-uygulama-ve-arastirma-merkezi\/hakkimizda\/#breadcrumb\"},\"inLanguage\":\"tr\",\"potentialAction\":[{\"@type\":\"ReadAction\",\"target\":[\"http:\/\/ticaret.edu.tr\/turkce-ogretimi-uygulama-ve-arastirma-merkezi\/hakkimizda\/\"]}]},{\"@type\":\"BreadcrumbList\",\"@id\":\"http:\/\/ticaret.edu.tr\/turkce-ogretimi-uygulama-ve-arastirma-merkezi\/hakkimizda\/#breadcrumb\",\"itemListElement\":[{\"@type\":\"ListItem\",\"position\":1,\"name\":\"Ana sayfa\",\"item\":\"http:\/\/ticaret.edu.tr\/turkce-ogretimi-uygulama-ve-arastirma-merkezi\/\"},{\"@type\":\"ListItem\",\"position\":2,\"name\":\"HAKKIMIZDA\"}]},{\"@type\":\"WebSite\",\"@id\":\"http:\/\/ticaret.edu.tr\/turkce-ogretimi-uygulama-ve-arastirma-merkezi\/#website\",\"url\":\"http:\/\/ticaret.edu.tr\/turkce-ogretimi-uygulama-ve-arastirma-merkezi\/\",\"name\":\"T\u00fcrk\u00e7e \u00d6\u011fretimi Uygulama ve Ara\u015ft\u0131rma Merkezi\",\"description\":\"Bir ba\u015fka \u0130stanbul Ticaret \u00dcniversitesi site sitesi\",\"potentialAction\":[{\"@type\":\"SearchAction\",\"target\":{\"@type\":\"EntryPoint\",\"urlTemplate\":\"http:\/\/ticaret.edu.tr\/turkce-ogretimi-uygulama-ve-arastirma-merkezi\/?s={search_term_string}\"},\"query-input\":\"required name=search_term_string\"}],\"inLanguage\":\"tr\"}]}<\/script>\n<!-- \/ Yoast SEO Premium plugin. -->","yoast_head_json":{"title":"HAKKIMIZDA - T\u00fcrk\u00e7e \u00d6\u011fretimi Uygulama ve Ara\u015ft\u0131rma Merkezi","robots":{"index":"index","follow":"follow","max-snippet":"max-snippet:-1","max-image-preview":"max-image-preview:large","max-video-preview":"max-video-preview:-1"},"canonical":"http:\/\/ticaret.edu.tr\/turkce-ogretimi-uygulama-ve-arastirma-merkezi\/hakkimizda\/","og_locale":"tr_TR","og_type":"article","og_title":"HAKKIMIZDA","og_description":"Sevgili \u00d6\u011frenciler, Sizleri hem T\u00fcrk\u00e7e \u00f6\u011frenmek hem de g\u00fczel an\u0131lar biriktirmek i\u00e7in Avrupa ile Asya aras\u0131nda k\u00f6pr\u00fc olan \u0130stanbul Ticaret \u00dcniversitesine davet ediyoruz. \u00dcniversitemizde \u00f6\u011frenci olmak istiyorsan\u0131z sizi \u00f6ncelikle T\u00fcrk\u00e7e \u00d6\u011fretimi Uygulama ve Ara\u015ft\u0131rma Merkezinde (Ticaret T\u00d6MER) a\u011f\u0131rlayaca\u011f\u0131z; \u00e7\u00fcnk\u00fc \u00f6\u011fretim dili T\u00fcrk\u00e7e olan bir akademik programa kabul edilen \u00f6\u011frencilerin \u00fcniversiteye kay\u0131t s\u0131ras\u0131nda T\u00fcrk\u00e7e seviyesinin B2 [&hellip;]","og_url":"http:\/\/ticaret.edu.tr\/turkce-ogretimi-uygulama-ve-arastirma-merkezi\/hakkimizda\/","og_site_name":"T\u00fcrk\u00e7e \u00d6\u011fretimi Uygulama ve Ara\u015ft\u0131rma Merkezi","article_publisher":"https:\/\/www.facebook.com\/ticaretedutr","article_modified_time":"2025-05-30T14:52:01+00:00","og_image":[{"width":1250,"height":833,"url":"http:\/\/ticaret.edu.tr\/turkce-ogretimi-uygulama-ve-arastirma-merkezi\/wp-content\/uploads\/sites\/60\/2021\/11\/web_logo-01.jpg","type":"image\/jpeg"}],"twitter_card":"summary_large_image","twitter_site":"@ticaretedutr","twitter_misc":{"Tahmini okuma s\u00fcresi":"2 dakika"},"schema":{"@context":"https:\/\/schema.org","@graph":[{"@type":"WebPage","@id":"http:\/\/ticaret.edu.tr\/turkce-ogretimi-uygulama-ve-arastirma-merkezi\/hakkimizda\/","url":"http:\/\/ticaret.edu.tr\/turkce-ogretimi-uygulama-ve-arastirma-merkezi\/hakkimizda\/","name":"HAKKIMIZDA - T\u00fcrk\u00e7e \u00d6\u011fretimi Uygulama ve Ara\u015ft\u0131rma Merkezi","isPartOf":{"@id":"http:\/\/ticaret.edu.tr\/turkce-ogretimi-uygulama-ve-arastirma-merkezi\/#website"},"datePublished":"2020-12-02T16:16:05+00:00","dateModified":"2025-05-30T14:52:01+00:00","breadcrumb":{"@id":"http:\/\/ticaret.edu.tr\/turkce-ogretimi-uygulama-ve-arastirma-merkezi\/hakkimizda\/#breadcrumb"},"inLanguage":"tr","potentialAction":[{"@type":"ReadAction","target":["http:\/\/ticaret.edu.tr\/turkce-ogretimi-uygulama-ve-arastirma-merkezi\/hakkimizda\/"]}]},{"@type":"BreadcrumbList","@id":"http:\/\/ticaret.edu.tr\/turkce-ogretimi-uygulama-ve-arastirma-merkezi\/hakkimizda\/#breadcrumb","itemListElement":[{"@type":"ListItem","position":1,"name":"Ana sayfa","item":"http:\/\/ticaret.edu.tr\/turkce-ogretimi-uygulama-ve-arastirma-merkezi\/"},{"@type":"ListItem","position":2,"name":"HAKKIMIZDA"}]},{"@type":"WebSite","@id":"http:\/\/ticaret.edu.tr\/turkce-ogretimi-uygulama-ve-arastirma-merkezi\/#website","url":"http:\/\/ticaret.edu.tr\/turkce-ogretimi-uygulama-ve-arastirma-merkezi\/","name":"T\u00fcrk\u00e7e \u00d6\u011fretimi Uygulama ve Ara\u015ft\u0131rma Merkezi","description":"Bir ba\u015fka \u0130stanbul Ticaret \u00dcniversitesi site sitesi","potentialAction":[{"@type":"SearchAction","target":{"@type":"EntryPoint","urlTemplate":"http:\/\/ticaret.edu.tr\/turkce-ogretimi-uygulama-ve-arastirma-merkezi\/?s={search_term_string}"},"query-input":"required name=search_term_string"}],"inLanguage":"tr"}]}},"lang":"tr","translations":{"en":352,"tr":6},"pll_sync_post":[],"_links":{"self":[{"href":"http:\/\/ticaret.edu.tr\/turkce-ogretimi-uygulama-ve-arastirma-merkezi\/wp-json\/wp\/v2\/pages\/6"}],"collection":[{"href":"http:\/\/ticaret.edu.tr\/turkce-ogretimi-uygulama-ve-arastirma-merkezi\/wp-json\/wp\/v2\/pages"}],"about":[{"href":"http:\/\/ticaret.edu.tr\/turkce-ogretimi-uygulama-ve-arastirma-merkezi\/wp-json\/wp\/v2\/types\/page"}],"author":[{"embeddable":true,"href":"http:\/\/ticaret.edu.tr\/turkce-ogretimi-uygulama-ve-arastirma-merkezi\/wp-json\/wp\/v2\/users\/138"}],"replies":[{"embeddable":true,"href":"http:\/\/ticaret.edu.tr\/turkce-ogretimi-uygulama-ve-arastirma-merkezi\/wp-json\/wp\/v2\/comments?post=6"}],"version-history":[{"count":7,"href":"http:\/\/ticaret.edu.tr\/turkce-ogretimi-uygulama-ve-arastirma-merkezi\/wp-json\/wp\/v2\/pages\/6\/revisions"}],"predecessor-version":[{"id":1006,"href":"http:\/\/ticaret.edu.tr\/turkce-ogretimi-uygulama-ve-arastirma-merkezi\/wp-json\/wp\/v2\/pages\/6\/revisions\/1006"}],"wp:attachment":[{"href":"http:\/\/ticaret.edu.tr\/turkce-ogretimi-uygulama-ve-arastirma-merkezi\/wp-json\/wp\/v2\/media?parent=6"}],"curies":[{"name":"wp","href":"https:\/\/api.w.org\/{rel}","templated":true}]}}