{"id":7,"date":"2020-12-02T19:16:22","date_gmt":"2020-12-02T16:16:22","guid":{"rendered":"http:\/\/ticaret.edu.tr\/tomer\/?page_id=7"},"modified":"2026-05-14T14:48:40","modified_gmt":"2026-05-14T11:48:40","slug":"kurslarimiz","status":"publish","type":"page","link":"http:\/\/ticaret.edu.tr\/turkce-ogretimi-uygulama-ve-arastirma-merkezi\/kurslarimiz\/","title":{"rendered":"KURSLARIMIZ"},"content":{"rendered":"<p style=\"text-align: center\"><strong>\u0130STANBUL T\u0130CARET \u00dcN\u0130VERS\u0130TES\u0130<\/strong><\/p>\n<p style=\"text-align: center\"><strong>T\u00dcRK\u00c7E \u00d6\u011eRET\u0130M\u0130 UYGULAMA VE ARA\u015eTIRMA MERKEZ\u0130<br \/>\n(T\u0130CARET T\u00d6MER)<\/strong><\/p>\n<p style=\"text-align: center\"><strong>2025-2026 AKADEM\u0130K YILI<\/strong><\/p>\n<p style=\"text-align: center\"><strong>T\u00dcRK\u00c7E KURSLARI \u00d6\u011eRET\u0130M TAKV\u0130M\u0130<\/strong><\/p>\n<table>\n<tbody>\n<tr>\n<td colspan=\"2\" width=\"624\"><strong>G\u00dcZ 2025<\/strong><\/td>\n<\/tr>\n<tr>\n<td width=\"293\"><strong>22 Eyl\u00fcl 2025 \u2013 7 Kas\u0131m 2025<\/strong><\/td>\n<td width=\"331\"><strong>A1 (1. grup)<\/strong><\/td>\n<\/tr>\n<tr>\n<td width=\"293\">10 Kas\u0131m 2025 \u2013 14 Kas\u0131m 2025<\/td>\n<td width=\"331\">Kur s\u0131nav\u0131 haftas\u0131<\/td>\n<\/tr>\n<tr>\n<td width=\"293\"><strong>17 Kas\u0131m 2025 \u2013 2 Ocak 2026<\/strong><\/td>\n<td width=\"331\"><strong>A1 (2. grup) ve A2 (1. grup)<\/strong><\/td>\n<\/tr>\n<tr>\n<td width=\"293\">5 Ocak 2026 \u2013 9 Ocak 2026<\/td>\n<td width=\"331\">Kur s\u0131nav\u0131 haftas\u0131<\/td>\n<\/tr>\n<tr>\n<td width=\"293\">12 Ocak 2026 \u2013 1 \u015eubat 2026<\/td>\n<td width=\"331\">K\u0131\u015f tatili<\/td>\n<\/tr>\n<tr>\n<td colspan=\"2\" width=\"624\"><strong>\u00a0<\/strong><\/td>\n<\/tr>\n<tr>\n<td colspan=\"2\" width=\"624\"><strong>BAHAR 2026<\/strong><\/td>\n<\/tr>\n<tr>\n<td width=\"293\"><strong>2 \u015eubat 2026 \u2013 18 Mart 2026<\/strong><\/td>\n<td width=\"331\"><strong>A1 (3. grup), A2 (2. grup) ve B1 (1. grup)<\/strong><\/td>\n<\/tr>\n<tr>\n<td width=\"293\">23 Mart 2026 \u2013 27 Mart 2026<\/td>\n<td width=\"331\">Kur s\u0131nav\u0131 haftas\u0131<\/td>\n<\/tr>\n<tr>\n<td width=\"293\"><strong>30 Mart 2026 \u2013 15 May\u0131s 2026<\/strong><\/td>\n<td width=\"331\"><strong>A2 (3. grup), B1 (2. grup) ve B2 (1. grup)<\/strong><\/td>\n<\/tr>\n<tr>\n<td width=\"293\">18 May\u0131s 2026 \u2013 22 May\u0131s 2026<\/td>\n<td width=\"331\">Kur s\u0131nav\u0131 haftas\u0131<\/td>\n<\/tr>\n<tr>\n<td width=\"293\"><strong>1 Haziran 2026 \u2013 17 Temmuz 2026<\/strong><\/td>\n<td width=\"331\"><strong>B1 (3. grup), B2 (2. grup) ve C1 (1. grup)<\/strong><\/td>\n<\/tr>\n<tr>\n<td width=\"293\">20 Temmuz 2026 \u2013 24 Temmuz 2026<\/td>\n<td width=\"331\">Kur s\u0131nav\u0131 haftas\u0131<\/td>\n<\/tr>\n<tr>\n<td colspan=\"2\" width=\"624\"><strong>\u00a0<\/strong><\/td>\n<\/tr>\n<tr>\n<td colspan=\"2\" width=\"624\"><strong>YAZ 2026<\/strong><\/td>\n<\/tr>\n<tr>\n<td width=\"293\"><strong>27 Temmuz 2026 \u2013 11 Eyl\u00fcl 2026<\/strong><\/td>\n<td width=\"331\"><strong>B2 (3. grup) ve C1 (2. grup)<\/strong><\/td>\n<\/tr>\n<tr>\n<td width=\"293\">14 Eyl\u00fcl 2026 \u2013 18 Eyl\u00fcl 2026<\/td>\n<td width=\"331\">Kur s\u0131nav\u0131 haftas\u0131<\/td>\n<\/tr>\n<tr>\n<td colspan=\"2\" width=\"624\"><strong>\u00a0<\/strong><\/td>\n<\/tr>\n<tr>\n<td colspan=\"2\" width=\"624\"><strong>G\u00dcZ 2026<\/strong><\/td>\n<\/tr>\n<tr>\n<td width=\"293\"><strong>21 Eyl\u00fcl 2026 \u2013 6 Kas\u0131m 2026<\/strong><\/td>\n<td width=\"331\"><strong>C1 (3. grup)<\/strong><\/td>\n<\/tr>\n<\/tbody>\n<\/table>\n<p>&nbsp;<\/p>\n<p style=\"text-align: center\"><strong>\u0130STANBUL T\u0130CARET \u00dcN\u0130VERS\u0130TES\u0130<\/strong><\/p>\n<p style=\"text-align: center\"><strong>T\u00dcRK\u00c7E \u00d6\u011eRET\u0130M\u0130 UYGULAMA VE ARA\u015eTIRMA MERKEZ\u0130<br \/>\n(T\u0130CARET T\u00d6MER)<\/strong><\/p>\n<p style=\"text-align: center\"><strong>2026-2027 AKADEM\u0130K YILI<\/strong><\/p>\n<p style=\"text-align: center\"><strong>T\u00dcRK\u00c7E KURSLARI \u00d6\u011eRET\u0130M TAKV\u0130M\u0130<\/strong><\/p>\n<table>\n<tbody>\n<tr>\n<td colspan=\"2\" width=\"624\"><strong>G\u00dcZ 2026<\/strong><\/td>\n<\/tr>\n<tr>\n<td width=\"293\"><strong>14 Eyl\u00fcl 2026 \u2013 30 Ekim 2026<\/strong><\/td>\n<td width=\"331\"><strong>A1 (1. grup)<\/strong><\/td>\n<\/tr>\n<tr>\n<td width=\"293\">2 Kas\u0131m 2026 \u2013 6 Kas\u0131m 2026<\/td>\n<td width=\"331\">Kur s\u0131nav\u0131 haftas\u0131<\/td>\n<\/tr>\n<tr>\n<td width=\"293\"><strong>9 Kas\u0131m 2026 \u2013 25 Aral\u0131k 2026<\/strong><\/td>\n<td width=\"331\"><strong>A1 (2. grup) ve A2 (1. grup)<\/strong><\/td>\n<\/tr>\n<tr>\n<td width=\"293\">28 Aral\u0131k 2026 \u2013 31 Aral\u0131k 2026<\/td>\n<td width=\"331\">Kur s\u0131nav\u0131 haftas\u0131<\/td>\n<\/tr>\n<tr>\n<td width=\"293\">4 Ocak 2027 \u2013 24 Ocak 2027<\/td>\n<td width=\"331\">K\u0131\u015f tatili<\/td>\n<\/tr>\n<tr>\n<td colspan=\"2\" width=\"624\"><strong>\u00a0<\/strong><\/td>\n<\/tr>\n<tr>\n<td colspan=\"2\" width=\"624\"><strong>BAHAR 2027<\/strong><\/td>\n<\/tr>\n<tr>\n<td width=\"293\"><strong>25 Ocak 2027 \u2013 19 Mart 2027<\/strong><\/td>\n<td width=\"331\"><strong>A1 (3. grup), A2 (2. grup) ve B1 (1. grup)<\/strong><\/td>\n<\/tr>\n<tr>\n<td width=\"293\">22 Mart 2027 \u2013 26 Mart 2027<\/td>\n<td width=\"331\">Kur s\u0131nav\u0131 haftas\u0131<\/td>\n<\/tr>\n<tr>\n<td width=\"293\"><strong>29 Mart 2027 \u2013 14 May\u0131s 2027<\/strong><\/td>\n<td width=\"331\"><strong>A2 (3. grup), B1 (2. grup) ve B2 (1. grup)<\/strong><\/td>\n<\/tr>\n<tr>\n<td width=\"293\">24 May\u0131s 2027 \u2013 28 May\u0131s 2027<\/td>\n<td width=\"331\">Kur s\u0131nav\u0131 haftas\u0131<\/td>\n<\/tr>\n<tr>\n<td colspan=\"2\" width=\"624\"><strong>\u00a0<\/strong><\/td>\n<\/tr>\n<tr>\n<td colspan=\"2\" width=\"624\"><strong>YAZ 2027<\/strong><\/td>\n<\/tr>\n<tr>\n<td width=\"293\"><strong>31 May\u0131s 2027 \u2013 16 Temmuz 2027<\/strong><\/td>\n<td width=\"331\"><strong>B1 (3. grup), B2 (2. grup) ve C1 (1. grup)<\/strong><\/td>\n<\/tr>\n<tr>\n<td width=\"293\">19 Temmuz 2027 \u2013 23 Temmuz 2027<\/td>\n<td width=\"331\">Kur s\u0131nav\u0131 haftas\u0131<\/td>\n<\/tr>\n<tr>\n<td width=\"293\"><strong>26 Temmuz 2027 \u2013 10 Eyl\u00fcl 2027<\/strong><\/td>\n<td width=\"331\"><strong>B2 (3. grup) ve C1 (2. grup)<\/strong><\/td>\n<\/tr>\n<tr>\n<td width=\"293\">13 Eyl\u00fcl 2027 \u2013 17 Eyl\u00fcl 2027<\/td>\n<td width=\"331\">Kur s\u0131nav\u0131 haftas\u0131<\/td>\n<\/tr>\n<tr>\n<td colspan=\"2\" width=\"624\"><strong>\u00a0<\/strong><\/td>\n<\/tr>\n<tr>\n<td colspan=\"2\" width=\"624\"><strong>G\u00dcZ 2027<\/strong><\/td>\n<\/tr>\n<tr>\n<td width=\"293\"><strong>20 Eyl\u00fcl 2027 \u2013 5 Kas\u0131m 2027<\/strong><\/td>\n<td width=\"331\"><strong>C1 (3. grup)<\/strong><\/td>\n<\/tr>\n<\/tbody>\n<\/table>\n<p>&nbsp;<\/p>\n<p><strong>1. grup: Ah\u00ee \u00c7elebi Kamp\u00fcs\u00fc, Emin\u00f6n\u00fc, Derslik 202, 09.00-13.00<\/strong> (pazartesi, sal\u0131, \u00e7ar\u015famba, per\u015fembe)<br \/>\n<strong>2. grup: Ah\u00ee \u00c7elebi Kamp\u00fcs\u00fc, Emin\u00f6n\u00fc, Derslik 203, 10.00-14.00<\/strong> (pazartesi, sal\u0131, \u00e7ar\u015famba, per\u015fembe)<br \/>\n<strong>3. grup: Ah\u00ee \u00c7elebi Kamp\u00fcs\u00fc, Emin\u00f6n\u00fc, Derslik 203, 14.30-18.30<\/strong> (pazartesi, sal\u0131, \u00e7ar\u015famba, per\u015fembe)<\/p>\n<p><strong>Ah\u00ee \u00c7elebi Kamp\u00fcs\u00fcn\u00fcn adresi:<\/strong> Sar\u0131demir Mahallesi, Rag\u0131p G\u00fcm\u00fc\u015fpala Caddesi, No: 14, Fatih\/\u0130STANBUL<br \/>\n(Konumu \u015furada bulabilirsiniz: <strong><a href=\"https:\/\/maps.app.goo.gl\/RygRNiwEtKkphBft9\">https:\/\/maps.app.goo.gl\/RygRNiwEtKkphBft9<\/a><\/strong>)<\/p>\n<p>Her seviyenin s\u00fcresi: 7 hafta, haftada 4 g\u00fcn, g\u00fcnde 4 saat<br \/>\n(\u00d6\u011fretmen, de\u011fi\u015fiklikler hakk\u0131nda s\u0131n\u0131f\u0131 \u00f6nceden bilgilendirir.)<\/p>\n<p>\u0130stanbul&#8217;a yaln\u0131zca Ticaret T\u00d6MER&#8217;de T\u00fcrk\u00e7e \u00f6\u011frenmek i\u00e7in gelmeyi planlayan ki\u015filer, \u00f6\u011frenci vizesi i\u00e7in de\u011fil dil kursu vizesi i\u00e7in ba\u015fvuru yapmal\u0131d\u0131r. \u00d6\u011frenci vizesi, T\u00fcrkiye&#8217;de bir \u00fcniversitede e\u011fitim almak isteyen ki\u015filer i\u00e7indir.<\/p>\n<p>Kay\u0131t ve \u00f6deme i\u015flemlerinden sonra, vize ve ikamet izni ba\u015fvurular\u0131 i\u00e7in resm\u00ee bir kabul mektubu ve kursiyer belgesi haz\u0131rlanmaktad\u0131r.<\/p>\n<p>Kurlar\u0131n a\u00e7\u0131lmas\u0131 i\u00e7in belli bir say\u0131da \u00f6\u011frenci kay\u0131t yapt\u0131rmal\u0131d\u0131r. Kur a\u00e7\u0131lmad\u0131\u011f\u0131 takdirde, \u00f6\u011frencilerin yat\u0131rd\u0131klar\u0131 \u00fccretler kendilerine iade edilir. Sa\u011fl\u0131k sorunlar\u0131, vize ba\u015fvurusunun reddi, ikamet izninin al\u0131nmamas\u0131 vesaire ba\u015fka sebeplerle \u00fccret iadesi istendi\u011fi takdirde durumunuzu anlatan, tarihli bir dilek\u00e7e yaz\u0131p imzalaman\u0131z gerekmektedir. Sa\u011fl\u0131k sorunlar\u0131 i\u00e7in doktor raporu eklenmelidir. Vize ba\u015fvurusunun reddi ya da ikamet izninin al\u0131nmamas\u0131 durumunda ise bu durumu g\u00f6steren ve b\u00fcy\u00fckel\u00e7ilikten\/konsolosluktan g\u00f6nderilen resm\u00ee bir belge eklenmelidir. Dilek\u00e7e ve di\u011fer belge(ler), dekont ile birlikte <strong>tomer@ticaret.edu.tr<\/strong> e-posta adresine g\u00f6nderilmelidir. Geri \u00f6deme sadece dekontun \u00fczerinde yaz\u0131l\u0131 olan banka hesab\u0131na yap\u0131labilmektedir, ba\u015fka bir hesaba \u00f6deme yap\u0131lamamaktad\u0131r.<\/p>\n<p><strong>Kursa kay\u0131t i\u00e7in gerekli belgeler:<\/strong><\/p>\n<ol>\n1- Pasaport fotokopisi<br \/>\n2- Kurs \u00fccretinin \u00f6dendi\u011fini g\u00f6steren belge (dekont)<br \/>\n3- Kay\u0131t formu (<a href=\"https:\/\/docs.google.com\/document\/d\/1dPd1dYx9WNoBZljwmC4heDsf4vTr5xRu\/edit?usp=sharing&amp;ouid=117225662127589411896&amp;rtpof=true&amp;sd=true\" target=\"_blank\" rel=\"noopener\"><strong>Buradan<\/strong><\/a> indirebilirsiniz.)\n<\/ol>\n<p>Bu belgeler <strong><a id=\"OWA59f56ae8-6747-d56d-9cc0-2a0d2719e788\" href=\"mailto:tomer@ticaret.edu.tr\" data-linkindex=\"0\" data-loopstyle=\"linkonly\">tomer@ticaret.edu.tr<\/a><\/strong> adresine e-posta ile g\u00f6nderilmelidir.<\/p>\n<p><strong>Bir seviye \u00fccreti: 300 dolar kar\u015f\u0131l\u0131\u011f\u0131 <u>T\u00fcrk liras\u0131 (\u00dccret, muhakkak T\u00fcrk liras\u0131 olarak \u00f6denmelidir.)<\/u><\/strong><br \/>\n<strong>Toplam \u00fccret (A1-C1): 1350 dolar kar\u015f\u0131l\u0131\u011f\u0131 <u>T\u00fcrk liras\u0131<\/u> <u>(\u00dccret, muhakkak T\u00fcrk liras\u0131 olarak \u00f6denmelidir.)<\/u><\/strong><\/p>\n<p><strong>USD\/TRY kuru s\u0131k s\u0131k de\u011fi\u015fti\u011fi i\u00e7in, dolar kar\u015f\u0131l\u0131\u011f\u0131 T\u00fcrk liras\u0131n\u0131 anl\u0131k olarak \u00f6\u011frenmek i\u00e7in T\u00fcrkiye Cumhuriyet Merkez Bankas\u0131n\u0131n web sitesindeki \u201cD\u00f6viz Sat\u0131\u015f (Forex Selling)&#8221; sekmesi esas al\u0131nmaktad\u0131r. L\u00fctfen \u015fu web sitesini ziyaret edin:<\/strong>\u00a0<a href=\"https:\/\/www.tcmb.gov.tr\/wps\/wcm\/connect\/tr\/tcmb+tr\/main+page+site+area\/bugun\">https:\/\/www.tcmb.gov.tr\/wps\/wcm\/connect\/tr\/tcmb+tr\/main+page+site+area\/bugun<\/a><\/p>\n<p><strong>BANKA HESAP B\u0130LG\u0130LER\u0130:<\/strong><br \/>\nAl\u0131c\u0131 Ad\u0131: <strong>\u0130stanbul Ticaret \u00dcniversitesi \u0130ktisadi \u0130\u015fletmesi<\/strong><br \/>\nA\u00e7\u0131klama: <strong><em>\u00d6\u011frenci Ad\u0131 ve Soyad\u0131, Pasaport Numaras\u0131, Telefon Numaras\u0131<\/em>, \u201c \u2026 Seviyesi T\u00fcrk\u00e7e Kurs \u00dccreti\u201d<\/strong><br \/>\nBanka: T\u00fcrkiye Vak\u0131flar Bankas\u0131 T.A.O. (Vak\u0131fbank)<br \/>\n\u015eube: \u0130stanbul Mercan \u015eubesi (110)<br \/>\nHesap Numaras\u0131: 00158007302025879<br \/>\nIBAN: <strong>TR49 0001 5001 5800 7302 0258 79<\/strong><\/p>\n<p>Derslerde kullan\u0131lmak \u00fczere her seviye i\u00e7in iki kitapl\u0131k setler kullan\u0131lacakt\u0131r. Bu kitap setleri i\u00e7in ayr\u0131 bir \u00fccret mevcut olmakla birlikte bu \u00fccretin \u00f6denece\u011fi hesap konusunda ayr\u0131ca bilgi verilecektir.<\/p>\n<p><em>En Son G\u00fcncelleme Tarihi: 14 May\u0131s 2026<\/em><\/p>\n","protected":false},"excerpt":{"rendered":"<p>\u0130STANBUL T\u0130CARET \u00dcN\u0130VERS\u0130TES\u0130 T\u00dcRK\u00c7E \u00d6\u011eRET\u0130M\u0130 UYGULAMA VE ARA\u015eTIRMA MERKEZ\u0130 (T\u0130CARET T\u00d6MER) 2025-2026 AKADEM\u0130K YILI T\u00dcRK\u00c7E KURSLARI \u00d6\u011eRET\u0130M TAKV\u0130M\u0130 G\u00dcZ 2025 22 Eyl\u00fcl 2025 \u2013 7 Kas\u0131m 2025 A1 (1. grup) 10 Kas\u0131m 2025 \u2013 14 Kas\u0131m 2025 Kur s\u0131nav\u0131 haftas\u0131 17 Kas\u0131m 2025 \u2013 2 Ocak 2026 A1 (2. grup) ve A2 (1. grup) 5 [&hellip;]<\/p>\n","protected":false},"author":138,"featured_media":0,"parent":0,"menu_order":0,"comment_status":"closed","ping_status":"closed","template":"genel_sayfa.php","meta":{"footnotes":""},"yoast_head":"<!-- This site is optimized with the Yoast SEO Premium plugin v22.1 (Yoast SEO v22.1) - https:\/\/yoast.com\/wordpress\/plugins\/seo\/ -->\n<title>KURSLARIMIZ - T\u00fcrk\u00e7e \u00d6\u011fretimi Uygulama ve Ara\u015ft\u0131rma Merkezi<\/title>\n<meta name=\"robots\" content=\"index, follow, max-snippet:-1, max-image-preview:large, max-video-preview:-1\" \/>\n<link rel=\"canonical\" href=\"https:\/\/ticaret.edu.tr\/turkce-ogretimi-uygulama-ve-arastirma-merkezi\/kurslarimiz\/\" \/>\n<meta property=\"og:locale\" content=\"tr_TR\" \/>\n<meta property=\"og:type\" content=\"article\" \/>\n<meta property=\"og:title\" content=\"KURSLARIMIZ\" \/>\n<meta property=\"og:description\" content=\"\u0130STANBUL T\u0130CARET \u00dcN\u0130VERS\u0130TES\u0130 T\u00dcRK\u00c7E \u00d6\u011eRET\u0130M\u0130 UYGULAMA VE ARA\u015eTIRMA MERKEZ\u0130 (T\u0130CARET T\u00d6MER) 2025-2026 AKADEM\u0130K YILI T\u00dcRK\u00c7E KURSLARI \u00d6\u011eRET\u0130M TAKV\u0130M\u0130 G\u00dcZ 2025 22 Eyl\u00fcl 2025 \u2013 7 Kas\u0131m 2025 A1 (1. grup) 10 Kas\u0131m 2025 \u2013 14 Kas\u0131m 2025 Kur s\u0131nav\u0131 haftas\u0131 17 Kas\u0131m 2025 \u2013 2 Ocak 2026 A1 (2. grup) ve A2 (1. grup) 5 [&hellip;]\" \/>\n<meta property=\"og:url\" content=\"https:\/\/ticaret.edu.tr\/turkce-ogretimi-uygulama-ve-arastirma-merkezi\/kurslarimiz\/\" \/>\n<meta property=\"og:site_name\" content=\"T\u00fcrk\u00e7e \u00d6\u011fretimi Uygulama ve Ara\u015ft\u0131rma Merkezi\" \/>\n<meta property=\"article:publisher\" content=\"https:\/\/www.facebook.com\/ticaretedutr\" \/>\n<meta property=\"article:modified_time\" content=\"2026-05-14T11:48:40+00:00\" \/>\n<meta property=\"og:image\" content=\"http:\/\/ticaret.edu.tr\/turkce-ogretimi-uygulama-ve-arastirma-merkezi\/wp-content\/uploads\/sites\/60\/2021\/11\/web_logo-01.jpg\" \/>\n\t<meta property=\"og:image:width\" content=\"1250\" \/>\n\t<meta property=\"og:image:height\" content=\"833\" \/>\n\t<meta property=\"og:image:type\" content=\"image\/jpeg\" \/>\n<meta name=\"twitter:card\" content=\"summary_large_image\" \/>\n<meta name=\"twitter:site\" content=\"@ticaretedutr\" \/>\n<meta name=\"twitter:label1\" content=\"Tahmini okuma s\u00fcresi\" \/>\n\t<meta name=\"twitter:data1\" content=\"5 dakika\" \/>\n<script type=\"application\/ld+json\" class=\"yoast-schema-graph\">{\"@context\":\"https:\/\/schema.org\",\"@graph\":[{\"@type\":\"WebPage\",\"@id\":\"https:\/\/ticaret.edu.tr\/turkce-ogretimi-uygulama-ve-arastirma-merkezi\/kurslarimiz\/\",\"url\":\"https:\/\/ticaret.edu.tr\/turkce-ogretimi-uygulama-ve-arastirma-merkezi\/kurslarimiz\/\",\"name\":\"KURSLARIMIZ - T\u00fcrk\u00e7e \u00d6\u011fretimi Uygulama ve Ara\u015ft\u0131rma Merkezi\",\"isPartOf\":{\"@id\":\"http:\/\/ticaret.edu.tr\/turkce-ogretimi-uygulama-ve-arastirma-merkezi\/#website\"},\"datePublished\":\"2020-12-02T16:16:22+00:00\",\"dateModified\":\"2026-05-14T11:48:40+00:00\",\"breadcrumb\":{\"@id\":\"https:\/\/ticaret.edu.tr\/turkce-ogretimi-uygulama-ve-arastirma-merkezi\/kurslarimiz\/#breadcrumb\"},\"inLanguage\":\"tr\",\"potentialAction\":[{\"@type\":\"ReadAction\",\"target\":[\"https:\/\/ticaret.edu.tr\/turkce-ogretimi-uygulama-ve-arastirma-merkezi\/kurslarimiz\/\"]}]},{\"@type\":\"BreadcrumbList\",\"@id\":\"https:\/\/ticaret.edu.tr\/turkce-ogretimi-uygulama-ve-arastirma-merkezi\/kurslarimiz\/#breadcrumb\",\"itemListElement\":[{\"@type\":\"ListItem\",\"position\":1,\"name\":\"Ana sayfa\",\"item\":\"http:\/\/ticaret.edu.tr\/turkce-ogretimi-uygulama-ve-arastirma-merkezi\/\"},{\"@type\":\"ListItem\",\"position\":2,\"name\":\"KURSLARIMIZ\"}]},{\"@type\":\"WebSite\",\"@id\":\"http:\/\/ticaret.edu.tr\/turkce-ogretimi-uygulama-ve-arastirma-merkezi\/#website\",\"url\":\"http:\/\/ticaret.edu.tr\/turkce-ogretimi-uygulama-ve-arastirma-merkezi\/\",\"name\":\"T\u00fcrk\u00e7e \u00d6\u011fretimi Uygulama ve Ara\u015ft\u0131rma Merkezi\",\"description\":\"Bir ba\u015fka \u0130stanbul Ticaret \u00dcniversitesi site sitesi\",\"potentialAction\":[{\"@type\":\"SearchAction\",\"target\":{\"@type\":\"EntryPoint\",\"urlTemplate\":\"http:\/\/ticaret.edu.tr\/turkce-ogretimi-uygulama-ve-arastirma-merkezi\/?s={search_term_string}\"},\"query-input\":\"required name=search_term_string\"}],\"inLanguage\":\"tr\"}]}<\/script>\n<!-- \/ Yoast SEO Premium plugin. -->","yoast_head_json":{"title":"KURSLARIMIZ - T\u00fcrk\u00e7e \u00d6\u011fretimi Uygulama ve Ara\u015ft\u0131rma Merkezi","robots":{"index":"index","follow":"follow","max-snippet":"max-snippet:-1","max-image-preview":"max-image-preview:large","max-video-preview":"max-video-preview:-1"},"canonical":"https:\/\/ticaret.edu.tr\/turkce-ogretimi-uygulama-ve-arastirma-merkezi\/kurslarimiz\/","og_locale":"tr_TR","og_type":"article","og_title":"KURSLARIMIZ","og_description":"\u0130STANBUL T\u0130CARET \u00dcN\u0130VERS\u0130TES\u0130 T\u00dcRK\u00c7E \u00d6\u011eRET\u0130M\u0130 UYGULAMA VE ARA\u015eTIRMA MERKEZ\u0130 (T\u0130CARET T\u00d6MER) 2025-2026 AKADEM\u0130K YILI T\u00dcRK\u00c7E KURSLARI \u00d6\u011eRET\u0130M TAKV\u0130M\u0130 G\u00dcZ 2025 22 Eyl\u00fcl 2025 \u2013 7 Kas\u0131m 2025 A1 (1. grup) 10 Kas\u0131m 2025 \u2013 14 Kas\u0131m 2025 Kur s\u0131nav\u0131 haftas\u0131 17 Kas\u0131m 2025 \u2013 2 Ocak 2026 A1 (2. grup) ve A2 (1. grup) 5 [&hellip;]","og_url":"https:\/\/ticaret.edu.tr\/turkce-ogretimi-uygulama-ve-arastirma-merkezi\/kurslarimiz\/","og_site_name":"T\u00fcrk\u00e7e \u00d6\u011fretimi Uygulama ve Ara\u015ft\u0131rma Merkezi","article_publisher":"https:\/\/www.facebook.com\/ticaretedutr","article_modified_time":"2026-05-14T11:48:40+00:00","og_image":[{"width":1250,"height":833,"url":"http:\/\/ticaret.edu.tr\/turkce-ogretimi-uygulama-ve-arastirma-merkezi\/wp-content\/uploads\/sites\/60\/2021\/11\/web_logo-01.jpg","type":"image\/jpeg"}],"twitter_card":"summary_large_image","twitter_site":"@ticaretedutr","twitter_misc":{"Tahmini okuma s\u00fcresi":"5 dakika"},"schema":{"@context":"https:\/\/schema.org","@graph":[{"@type":"WebPage","@id":"https:\/\/ticaret.edu.tr\/turkce-ogretimi-uygulama-ve-arastirma-merkezi\/kurslarimiz\/","url":"https:\/\/ticaret.edu.tr\/turkce-ogretimi-uygulama-ve-arastirma-merkezi\/kurslarimiz\/","name":"KURSLARIMIZ - T\u00fcrk\u00e7e \u00d6\u011fretimi Uygulama ve Ara\u015ft\u0131rma Merkezi","isPartOf":{"@id":"http:\/\/ticaret.edu.tr\/turkce-ogretimi-uygulama-ve-arastirma-merkezi\/#website"},"datePublished":"2020-12-02T16:16:22+00:00","dateModified":"2026-05-14T11:48:40+00:00","breadcrumb":{"@id":"https:\/\/ticaret.edu.tr\/turkce-ogretimi-uygulama-ve-arastirma-merkezi\/kurslarimiz\/#breadcrumb"},"inLanguage":"tr","potentialAction":[{"@type":"ReadAction","target":["https:\/\/ticaret.edu.tr\/turkce-ogretimi-uygulama-ve-arastirma-merkezi\/kurslarimiz\/"]}]},{"@type":"BreadcrumbList","@id":"https:\/\/ticaret.edu.tr\/turkce-ogretimi-uygulama-ve-arastirma-merkezi\/kurslarimiz\/#breadcrumb","itemListElement":[{"@type":"ListItem","position":1,"name":"Ana sayfa","item":"http:\/\/ticaret.edu.tr\/turkce-ogretimi-uygulama-ve-arastirma-merkezi\/"},{"@type":"ListItem","position":2,"name":"KURSLARIMIZ"}]},{"@type":"WebSite","@id":"http:\/\/ticaret.edu.tr\/turkce-ogretimi-uygulama-ve-arastirma-merkezi\/#website","url":"http:\/\/ticaret.edu.tr\/turkce-ogretimi-uygulama-ve-arastirma-merkezi\/","name":"T\u00fcrk\u00e7e \u00d6\u011fretimi Uygulama ve Ara\u015ft\u0131rma Merkezi","description":"Bir ba\u015fka \u0130stanbul Ticaret \u00dcniversitesi site sitesi","potentialAction":[{"@type":"SearchAction","target":{"@type":"EntryPoint","urlTemplate":"http:\/\/ticaret.edu.tr\/turkce-ogretimi-uygulama-ve-arastirma-merkezi\/?s={search_term_string}"},"query-input":"required name=search_term_string"}],"inLanguage":"tr"}]}},"lang":"tr","translations":{"en":344,"tr":7},"pll_sync_post":[],"_links":{"self":[{"href":"http:\/\/ticaret.edu.tr\/turkce-ogretimi-uygulama-ve-arastirma-merkezi\/wp-json\/wp\/v2\/pages\/7"}],"collection":[{"href":"http:\/\/ticaret.edu.tr\/turkce-ogretimi-uygulama-ve-arastirma-merkezi\/wp-json\/wp\/v2\/pages"}],"about":[{"href":"http:\/\/ticaret.edu.tr\/turkce-ogretimi-uygulama-ve-arastirma-merkezi\/wp-json\/wp\/v2\/types\/page"}],"author":[{"embeddable":true,"href":"http:\/\/ticaret.edu.tr\/turkce-ogretimi-uygulama-ve-arastirma-merkezi\/wp-json\/wp\/v2\/users\/138"}],"replies":[{"embeddable":true,"href":"http:\/\/ticaret.edu.tr\/turkce-ogretimi-uygulama-ve-arastirma-merkezi\/wp-json\/wp\/v2\/comments?post=7"}],"version-history":[{"count":99,"href":"http:\/\/ticaret.edu.tr\/turkce-ogretimi-uygulama-ve-arastirma-merkezi\/wp-json\/wp\/v2\/pages\/7\/revisions"}],"predecessor-version":[{"id":1368,"href":"http:\/\/ticaret.edu.tr\/turkce-ogretimi-uygulama-ve-arastirma-merkezi\/wp-json\/wp\/v2\/pages\/7\/revisions\/1368"}],"wp:attachment":[{"href":"http:\/\/ticaret.edu.tr\/turkce-ogretimi-uygulama-ve-arastirma-merkezi\/wp-json\/wp\/v2\/media?parent=7"}],"curies":[{"name":"wp","href":"https:\/\/api.w.org\/{rel}","templated":true}]}}