{"id":9,"date":"2020-12-02T19:17:02","date_gmt":"2020-12-02T16:17:02","guid":{"rendered":"http:\/\/ticaret.edu.tr\/tomer\/?page_id=9"},"modified":"2026-02-04T14:13:58","modified_gmt":"2026-02-04T11:13:58","slug":"kayit","status":"publish","type":"page","link":"http:\/\/ticaret.edu.tr\/turkce-ogretimi-uygulama-ve-arastirma-merkezi\/kayit\/","title":{"rendered":"KAYIT"},"content":{"rendered":"<p><strong>T\u00dcRK\u00c7E KURSLARI<\/strong><br \/>\n<strong>Kursa kay\u0131t i\u00e7in gerekli belgeler:<\/strong><\/p>\n<ol>\n1- Pasaport fotokopisi<br \/>\n2- Kurs \u00fccretinin \u00f6dendi\u011fini g\u00f6steren belge (dekont)<br \/>\n3- Kay\u0131t formu (<a href=\"https:\/\/docs.google.com\/document\/d\/1dPd1dYx9WNoBZljwmC4heDsf4vTr5xRu\/edit?usp=sharing&amp;ouid=117225662127589411896&amp;rtpof=true&amp;sd=true\" target=\"_blank\" rel=\"noopener\"><strong>Buradan<\/strong><\/a> indirebilirsiniz.)\n<\/ol>\n<p>Bu belgeler <strong><a id=\"OWA59f56ae8-6747-d56d-9cc0-2a0d2719e788\" href=\"mailto:tomer@ticaret.edu.tr\" data-linkindex=\"0\" data-loopstyle=\"linkonly\">tomer@ticaret.edu.tr<\/a><\/strong> adresine e-posta ile g\u00f6nderilmelidir.<\/p>\n<p><strong>Bir seviye \u00fccreti: 300 dolar kar\u015f\u0131l\u0131\u011f\u0131 <u>T\u00fcrk liras\u0131 (\u00dccret, T\u00fcrk liras\u0131 olarak \u00f6denmelidir.)<\/u><\/strong><br \/>\n<strong>Toplam \u00fccret: 1350 dolar kar\u015f\u0131l\u0131\u011f\u0131 <u>T\u00fcrk liras\u0131<\/u> <u>(\u00dccret, T\u00fcrk liras\u0131 olarak \u00f6denmelidir.)<\/u><\/strong><\/p>\n<p><strong>USD\/TRY kuru s\u0131k s\u0131k de\u011fi\u015fti\u011fi i\u00e7in, dolar kar\u015f\u0131l\u0131\u011f\u0131 T\u00fcrk liras\u0131n\u0131 anl\u0131k olarak \u00f6\u011frenmek i\u00e7in T\u00fcrkiye Cumhuriyet Merkez Bankas\u0131n\u0131n web sitesindeki \u201cD\u00f6viz Sat\u0131\u015f (Forex Selling)&#8221; sekmesi esas al\u0131nmaktad\u0131r. L\u00fctfen \u015fu web sitesini ziyaret edin:<\/strong>\u00a0<a href=\"https:\/\/www.tcmb.gov.tr\/wps\/wcm\/connect\/tr\/tcmb+tr\/main+page+site+area\/bugun\">https:\/\/www.tcmb.gov.tr\/wps\/wcm\/connect\/tr\/tcmb+tr\/main+page+site+area\/bugun<\/a><\/p>\n<p><strong>BANKA HESAP B\u0130LG\u0130LER\u0130:<\/strong><br \/>\nAl\u0131c\u0131 Ad\u0131: \u0130stanbul Ticaret \u00dcniversitesi \u0130ktisadi \u0130\u015fletmesi<br \/>\nA\u00e7\u0131klama: <strong><em>\u00d6\u011frenci Ad\u0131 ve Soyad\u0131, Pasaport Numaras\u0131, Telefon Numaras\u0131<\/em>, \u201c \u2026 Seviyesi T\u00fcrk\u00e7e Kurs \u00dccreti\u201d<\/strong><br \/>\nBanka: T\u00fcrkiye Vak\u0131flar Bankas\u0131 T.A.O. (Vak\u0131fbank)<br \/>\n\u015eube: \u0130stanbul Mercan \u015eubesi (110)<br \/>\nHesap Numaras\u0131: 00158007302025879<br \/>\nIBAN: <strong>TR49 0001 5001 5800 7302 0258 79<\/strong><\/p>\n<p>&#8212; &#8212; &#8212; &#8212;<\/p>\n<p><strong>T\u00dcRK\u00c7E SEV\u0130YE TESP\u0130T VE MUAF\u0130YET SINAVI<\/strong><br \/>\n<strong>S\u0131nava kay\u0131t i\u00e7in gerekli belgeler:<\/strong><\/p>\n<ol>\n1- Pasaport fotokopisi<br \/>\n2- S\u0131nav \u00fccretinin \u00f6dendi\u011fini g\u00f6steren belge (dekont)\n<\/ol>\n<p>Bu belgeler <strong><a id=\"OWA59f56ae8-6747-d56d-9cc0-2a0d2719e788\" href=\"mailto:tomer@ticaret.edu.tr\" data-linkindex=\"0\" data-loopstyle=\"linkonly\">tomer@ticaret.edu.tr<\/a><\/strong> adresine e-posta ile g\u00f6nderilmelidir.<\/p>\n<p><strong>S\u0131nav \u00fccreti: 55 dolar kar\u015f\u0131l\u0131\u011f\u0131 <u>T\u00fcrk liras\u0131 (\u00dccret, T\u00fcrk liras\u0131 olarak \u00f6denmelidir.)<\/u><\/strong><\/p>\n<p><strong>USD\/TRY kuru s\u0131k s\u0131k de\u011fi\u015fti\u011fi i\u00e7in, dolar kar\u015f\u0131l\u0131\u011f\u0131 T\u00fcrk liras\u0131n\u0131 anl\u0131k olarak \u00f6\u011frenmek i\u00e7in T\u00fcrkiye Cumhuriyet Merkez Bankas\u0131n\u0131n web sitesindeki \u201cD\u00f6viz Sat\u0131\u015f (Forex Selling)&#8221; sekmesi esas al\u0131nmaktad\u0131r. L\u00fctfen \u015fu web sitesini ziyaret edin:<\/strong>\u00a0<a href=\"https:\/\/www.tcmb.gov.tr\/wps\/wcm\/connect\/tr\/tcmb+tr\/main+page+site+area\/bugun\">https:\/\/www.tcmb.gov.tr\/wps\/wcm\/connect\/tr\/tcmb+tr\/main+page+site+area\/bugun<\/a><\/p>\n<p><b>S\u0131nav sonu\u00e7lar\u0131 s\u0131nav tarihinden sonra 2-3 i\u015f g\u00fcn\u00fc i\u00e7inde duyurulacakt\u0131r.<\/b><\/p>\n<p><strong>BANKA HESAP B\u0130LG\u0130LER\u0130:<\/strong><br \/>\nAl\u0131c\u0131 Ad\u0131: \u0130stanbul Ticaret \u00dcniversitesi \u0130ktisadi \u0130\u015fletmesi<br \/>\nA\u00e7\u0131klama: <strong><em>Kat\u0131l\u0131mc\u0131 Ad\u0131 ve Soyad\u0131, Pasaport Numaras\u0131, Telefon Numaras\u0131<\/em>, T\u00fcrk\u00e7e S\u0131nav \u00dccreti<\/strong><br \/>\nBanka: T\u00fcrkiye Vak\u0131flar Bankas\u0131 T.A.O. (Vak\u0131fbank)<br \/>\n\u015eube: \u0130stanbul Mercan \u015eubesi (110)<br \/>\nHesap Numaras\u0131: 00158007302025879<br \/>\nIBAN: <strong>TR49 0001 5001 5800 7302 0258 79<\/strong><\/p>\n","protected":false},"excerpt":{"rendered":"<p>T\u00dcRK\u00c7E KURSLARI Kursa kay\u0131t i\u00e7in gerekli belgeler: 1- Pasaport fotokopisi 2- Kurs \u00fccretinin \u00f6dendi\u011fini g\u00f6steren belge (dekont) 3- Kay\u0131t formu (Buradan indirebilirsiniz.) Bu belgeler tomer@ticaret.edu.tr adresine e-posta ile g\u00f6nderilmelidir. Bir seviye \u00fccreti: 300 dolar kar\u015f\u0131l\u0131\u011f\u0131 T\u00fcrk liras\u0131 (\u00dccret, T\u00fcrk liras\u0131 olarak \u00f6denmelidir.) Toplam \u00fccret: 1350 dolar kar\u015f\u0131l\u0131\u011f\u0131 T\u00fcrk liras\u0131 (\u00dccret, T\u00fcrk liras\u0131 olarak \u00f6denmelidir.) USD\/TRY [&hellip;]<\/p>\n","protected":false},"author":138,"featured_media":0,"parent":0,"menu_order":0,"comment_status":"closed","ping_status":"closed","template":"genel_sayfa.php","meta":{"footnotes":""},"yoast_head":"<!-- This site is optimized with the Yoast SEO Premium plugin v22.1 (Yoast SEO v22.1) - https:\/\/yoast.com\/wordpress\/plugins\/seo\/ -->\n<title>KAYIT - T\u00fcrk\u00e7e \u00d6\u011fretimi Uygulama ve Ara\u015ft\u0131rma Merkezi<\/title>\n<meta name=\"robots\" content=\"index, follow, max-snippet:-1, max-image-preview:large, max-video-preview:-1\" \/>\n<link rel=\"canonical\" href=\"https:\/\/ticaret.edu.tr\/turkce-ogretimi-uygulama-ve-arastirma-merkezi\/kayit\/\" \/>\n<meta property=\"og:locale\" content=\"tr_TR\" \/>\n<meta property=\"og:type\" content=\"article\" \/>\n<meta property=\"og:title\" content=\"KAYIT\" \/>\n<meta property=\"og:description\" content=\"T\u00dcRK\u00c7E KURSLARI Kursa kay\u0131t i\u00e7in gerekli belgeler: 1- Pasaport fotokopisi 2- Kurs \u00fccretinin \u00f6dendi\u011fini g\u00f6steren belge (dekont) 3- Kay\u0131t formu (Buradan indirebilirsiniz.) Bu belgeler tomer@ticaret.edu.tr adresine e-posta ile g\u00f6nderilmelidir. Bir seviye \u00fccreti: 300 dolar kar\u015f\u0131l\u0131\u011f\u0131 T\u00fcrk liras\u0131 (\u00dccret, T\u00fcrk liras\u0131 olarak \u00f6denmelidir.) Toplam \u00fccret: 1350 dolar kar\u015f\u0131l\u0131\u011f\u0131 T\u00fcrk liras\u0131 (\u00dccret, T\u00fcrk liras\u0131 olarak \u00f6denmelidir.) USD\/TRY [&hellip;]\" \/>\n<meta property=\"og:url\" content=\"https:\/\/ticaret.edu.tr\/turkce-ogretimi-uygulama-ve-arastirma-merkezi\/kayit\/\" \/>\n<meta property=\"og:site_name\" content=\"T\u00fcrk\u00e7e \u00d6\u011fretimi Uygulama ve Ara\u015ft\u0131rma Merkezi\" \/>\n<meta property=\"article:publisher\" content=\"https:\/\/www.facebook.com\/ticaretedutr\" \/>\n<meta property=\"article:modified_time\" content=\"2026-02-04T11:13:58+00:00\" \/>\n<meta property=\"og:image\" content=\"http:\/\/ticaret.edu.tr\/turkce-ogretimi-uygulama-ve-arastirma-merkezi\/wp-content\/uploads\/sites\/60\/2021\/11\/web_logo-01.jpg\" \/>\n\t<meta property=\"og:image:width\" content=\"1250\" \/>\n\t<meta property=\"og:image:height\" content=\"833\" \/>\n\t<meta property=\"og:image:type\" content=\"image\/jpeg\" \/>\n<meta name=\"twitter:card\" content=\"summary_large_image\" \/>\n<meta name=\"twitter:site\" content=\"@ticaretedutr\" \/>\n<meta name=\"twitter:label1\" content=\"Tahmini okuma s\u00fcresi\" \/>\n\t<meta name=\"twitter:data1\" content=\"2 dakika\" \/>\n<script type=\"application\/ld+json\" class=\"yoast-schema-graph\">{\"@context\":\"https:\/\/schema.org\",\"@graph\":[{\"@type\":\"WebPage\",\"@id\":\"https:\/\/ticaret.edu.tr\/turkce-ogretimi-uygulama-ve-arastirma-merkezi\/kayit\/\",\"url\":\"https:\/\/ticaret.edu.tr\/turkce-ogretimi-uygulama-ve-arastirma-merkezi\/kayit\/\",\"name\":\"KAYIT - T\u00fcrk\u00e7e \u00d6\u011fretimi Uygulama ve Ara\u015ft\u0131rma Merkezi\",\"isPartOf\":{\"@id\":\"http:\/\/ticaret.edu.tr\/turkce-ogretimi-uygulama-ve-arastirma-merkezi\/#website\"},\"datePublished\":\"2020-12-02T16:17:02+00:00\",\"dateModified\":\"2026-02-04T11:13:58+00:00\",\"breadcrumb\":{\"@id\":\"https:\/\/ticaret.edu.tr\/turkce-ogretimi-uygulama-ve-arastirma-merkezi\/kayit\/#breadcrumb\"},\"inLanguage\":\"tr\",\"potentialAction\":[{\"@type\":\"ReadAction\",\"target\":[\"https:\/\/ticaret.edu.tr\/turkce-ogretimi-uygulama-ve-arastirma-merkezi\/kayit\/\"]}]},{\"@type\":\"BreadcrumbList\",\"@id\":\"https:\/\/ticaret.edu.tr\/turkce-ogretimi-uygulama-ve-arastirma-merkezi\/kayit\/#breadcrumb\",\"itemListElement\":[{\"@type\":\"ListItem\",\"position\":1,\"name\":\"Ana sayfa\",\"item\":\"http:\/\/ticaret.edu.tr\/turkce-ogretimi-uygulama-ve-arastirma-merkezi\/\"},{\"@type\":\"ListItem\",\"position\":2,\"name\":\"KAYIT\"}]},{\"@type\":\"WebSite\",\"@id\":\"http:\/\/ticaret.edu.tr\/turkce-ogretimi-uygulama-ve-arastirma-merkezi\/#website\",\"url\":\"http:\/\/ticaret.edu.tr\/turkce-ogretimi-uygulama-ve-arastirma-merkezi\/\",\"name\":\"T\u00fcrk\u00e7e \u00d6\u011fretimi Uygulama ve Ara\u015ft\u0131rma Merkezi\",\"description\":\"Bir ba\u015fka \u0130stanbul Ticaret \u00dcniversitesi site sitesi\",\"potentialAction\":[{\"@type\":\"SearchAction\",\"target\":{\"@type\":\"EntryPoint\",\"urlTemplate\":\"http:\/\/ticaret.edu.tr\/turkce-ogretimi-uygulama-ve-arastirma-merkezi\/?s={search_term_string}\"},\"query-input\":\"required name=search_term_string\"}],\"inLanguage\":\"tr\"}]}<\/script>\n<!-- \/ Yoast SEO Premium plugin. -->","yoast_head_json":{"title":"KAYIT - T\u00fcrk\u00e7e \u00d6\u011fretimi Uygulama ve Ara\u015ft\u0131rma Merkezi","robots":{"index":"index","follow":"follow","max-snippet":"max-snippet:-1","max-image-preview":"max-image-preview:large","max-video-preview":"max-video-preview:-1"},"canonical":"https:\/\/ticaret.edu.tr\/turkce-ogretimi-uygulama-ve-arastirma-merkezi\/kayit\/","og_locale":"tr_TR","og_type":"article","og_title":"KAYIT","og_description":"T\u00dcRK\u00c7E KURSLARI Kursa kay\u0131t i\u00e7in gerekli belgeler: 1- Pasaport fotokopisi 2- Kurs \u00fccretinin \u00f6dendi\u011fini g\u00f6steren belge (dekont) 3- Kay\u0131t formu (Buradan indirebilirsiniz.) Bu belgeler tomer@ticaret.edu.tr adresine e-posta ile g\u00f6nderilmelidir. Bir seviye \u00fccreti: 300 dolar kar\u015f\u0131l\u0131\u011f\u0131 T\u00fcrk liras\u0131 (\u00dccret, T\u00fcrk liras\u0131 olarak \u00f6denmelidir.) Toplam \u00fccret: 1350 dolar kar\u015f\u0131l\u0131\u011f\u0131 T\u00fcrk liras\u0131 (\u00dccret, T\u00fcrk liras\u0131 olarak \u00f6denmelidir.) USD\/TRY [&hellip;]","og_url":"https:\/\/ticaret.edu.tr\/turkce-ogretimi-uygulama-ve-arastirma-merkezi\/kayit\/","og_site_name":"T\u00fcrk\u00e7e \u00d6\u011fretimi Uygulama ve Ara\u015ft\u0131rma Merkezi","article_publisher":"https:\/\/www.facebook.com\/ticaretedutr","article_modified_time":"2026-02-04T11:13:58+00:00","og_image":[{"width":1250,"height":833,"url":"http:\/\/ticaret.edu.tr\/turkce-ogretimi-uygulama-ve-arastirma-merkezi\/wp-content\/uploads\/sites\/60\/2021\/11\/web_logo-01.jpg","type":"image\/jpeg"}],"twitter_card":"summary_large_image","twitter_site":"@ticaretedutr","twitter_misc":{"Tahmini okuma s\u00fcresi":"2 dakika"},"schema":{"@context":"https:\/\/schema.org","@graph":[{"@type":"WebPage","@id":"https:\/\/ticaret.edu.tr\/turkce-ogretimi-uygulama-ve-arastirma-merkezi\/kayit\/","url":"https:\/\/ticaret.edu.tr\/turkce-ogretimi-uygulama-ve-arastirma-merkezi\/kayit\/","name":"KAYIT - T\u00fcrk\u00e7e \u00d6\u011fretimi Uygulama ve Ara\u015ft\u0131rma Merkezi","isPartOf":{"@id":"http:\/\/ticaret.edu.tr\/turkce-ogretimi-uygulama-ve-arastirma-merkezi\/#website"},"datePublished":"2020-12-02T16:17:02+00:00","dateModified":"2026-02-04T11:13:58+00:00","breadcrumb":{"@id":"https:\/\/ticaret.edu.tr\/turkce-ogretimi-uygulama-ve-arastirma-merkezi\/kayit\/#breadcrumb"},"inLanguage":"tr","potentialAction":[{"@type":"ReadAction","target":["https:\/\/ticaret.edu.tr\/turkce-ogretimi-uygulama-ve-arastirma-merkezi\/kayit\/"]}]},{"@type":"BreadcrumbList","@id":"https:\/\/ticaret.edu.tr\/turkce-ogretimi-uygulama-ve-arastirma-merkezi\/kayit\/#breadcrumb","itemListElement":[{"@type":"ListItem","position":1,"name":"Ana sayfa","item":"http:\/\/ticaret.edu.tr\/turkce-ogretimi-uygulama-ve-arastirma-merkezi\/"},{"@type":"ListItem","position":2,"name":"KAYIT"}]},{"@type":"WebSite","@id":"http:\/\/ticaret.edu.tr\/turkce-ogretimi-uygulama-ve-arastirma-merkezi\/#website","url":"http:\/\/ticaret.edu.tr\/turkce-ogretimi-uygulama-ve-arastirma-merkezi\/","name":"T\u00fcrk\u00e7e \u00d6\u011fretimi Uygulama ve Ara\u015ft\u0131rma Merkezi","description":"Bir ba\u015fka \u0130stanbul Ticaret \u00dcniversitesi site sitesi","potentialAction":[{"@type":"SearchAction","target":{"@type":"EntryPoint","urlTemplate":"http:\/\/ticaret.edu.tr\/turkce-ogretimi-uygulama-ve-arastirma-merkezi\/?s={search_term_string}"},"query-input":"required name=search_term_string"}],"inLanguage":"tr"}]}},"lang":"tr","translations":{"en":335,"tr":9},"pll_sync_post":[],"_links":{"self":[{"href":"http:\/\/ticaret.edu.tr\/turkce-ogretimi-uygulama-ve-arastirma-merkezi\/wp-json\/wp\/v2\/pages\/9"}],"collection":[{"href":"http:\/\/ticaret.edu.tr\/turkce-ogretimi-uygulama-ve-arastirma-merkezi\/wp-json\/wp\/v2\/pages"}],"about":[{"href":"http:\/\/ticaret.edu.tr\/turkce-ogretimi-uygulama-ve-arastirma-merkezi\/wp-json\/wp\/v2\/types\/page"}],"author":[{"embeddable":true,"href":"http:\/\/ticaret.edu.tr\/turkce-ogretimi-uygulama-ve-arastirma-merkezi\/wp-json\/wp\/v2\/users\/138"}],"replies":[{"embeddable":true,"href":"http:\/\/ticaret.edu.tr\/turkce-ogretimi-uygulama-ve-arastirma-merkezi\/wp-json\/wp\/v2\/comments?post=9"}],"version-history":[{"count":18,"href":"http:\/\/ticaret.edu.tr\/turkce-ogretimi-uygulama-ve-arastirma-merkezi\/wp-json\/wp\/v2\/pages\/9\/revisions"}],"predecessor-version":[{"id":1257,"href":"http:\/\/ticaret.edu.tr\/turkce-ogretimi-uygulama-ve-arastirma-merkezi\/wp-json\/wp\/v2\/pages\/9\/revisions\/1257"}],"wp:attachment":[{"href":"http:\/\/ticaret.edu.tr\/turkce-ogretimi-uygulama-ve-arastirma-merkezi\/wp-json\/wp\/v2\/media?parent=9"}],"curies":[{"name":"wp","href":"https:\/\/api.w.org\/{rel}","templated":true}]}}