{"id":178,"date":"2021-10-27T09:37:29","date_gmt":"2021-10-27T06:37:29","guid":{"rendered":"https:\/\/ticaret.edu.tr\/usuam\/?page_id=178"},"modified":"2025-02-26T14:19:13","modified_gmt":"2025-02-26T11:19:13","slug":"contact","status":"publish","type":"page","link":"http:\/\/ticaret.edu.tr\/ulastirma-sistemleri-uygulama-ve-arastirma-merkezi\/en\/contact\/","title":{"rendered":"CONTACT"},"content":{"rendered":"<p><strong>Address:<\/strong> Istanbul Commerce University Sutluce Campus<br \/>\nOrnektepe Mah. Imrahor Cad. No: 88\/2, Beyoglu 34445 \/ Istanbul, TURKEY<\/p>\n<p><strong>Telefon:<\/strong> 444 0 413 \/ 4216<\/p>\n<p><strong>Mail:<\/strong> ulastirmasistemleri@ticaret.edu.tr<\/p>\n","protected":false},"excerpt":{"rendered":"<p>Address: Istanbul Commerce University Sutluce Campus Ornektepe Mah. Imrahor Cad. No: 88\/2, Beyoglu 34445 \/ Istanbul, TURKEY Telefon: 444 0 413 \/ 4216 Mail: ulastirmasistemleri@ticaret.edu.tr<\/p>\n","protected":false},"author":149,"featured_media":0,"parent":0,"menu_order":0,"comment_status":"closed","ping_status":"closed","template":"genel_sayfa.php","meta":{"footnotes":""},"yoast_head":"<!-- This site is optimized with the Yoast SEO Premium plugin v22.1 (Yoast SEO v22.1) - https:\/\/yoast.com\/wordpress\/plugins\/seo\/ -->\n<title>CONTACT - Ula\u015ft\u0131rma Sistemleri Uygulama ve Ara\u015ft\u0131rma Merkezi<\/title>\n<meta name=\"robots\" content=\"index, follow, max-snippet:-1, max-image-preview:large, max-video-preview:-1\" \/>\n<link rel=\"canonical\" href=\"https:\/\/ticaret.edu.tr\/ulastirma-sistemleri-uygulama-ve-arastirma-merkezi\/en\/contact\/\" \/>\n<meta property=\"og:locale\" content=\"tr_TR\" \/>\n<meta property=\"og:type\" content=\"article\" \/>\n<meta property=\"og:title\" content=\"CONTACT\" \/>\n<meta property=\"og:description\" content=\"Address: Istanbul Commerce University Sutluce Campus Ornektepe Mah. Imrahor Cad. No: 88\/2, Beyoglu 34445 \/ Istanbul, TURKEY Telefon: 444 0 413 \/ 4216 Mail: ulastirmasistemleri@ticaret.edu.tr\" \/>\n<meta property=\"og:url\" content=\"https:\/\/ticaret.edu.tr\/ulastirma-sistemleri-uygulama-ve-arastirma-merkezi\/en\/contact\/\" \/>\n<meta property=\"og:site_name\" content=\"Ula\u015ft\u0131rma Sistemleri Uygulama ve Ara\u015ft\u0131rma Merkezi\" \/>\n<meta property=\"article:publisher\" content=\"https:\/\/www.facebook.com\/ticaretedutr\" \/>\n<meta property=\"article:modified_time\" content=\"2025-02-26T11:19:13+00:00\" \/>\n<meta property=\"og:image\" content=\"http:\/\/ticaret.edu.tr\/ulastirma-sistemleri-uygulama-ve-arastirma-merkezi\/wp-content\/uploads\/sites\/53\/2021\/11\/web_logo-01.jpg\" \/>\n\t<meta property=\"og:image:width\" content=\"1250\" \/>\n\t<meta property=\"og:image:height\" content=\"833\" \/>\n\t<meta property=\"og:image:type\" content=\"image\/jpeg\" \/>\n<meta name=\"twitter:card\" content=\"summary_large_image\" \/>\n<meta name=\"twitter:site\" content=\"@ticaretedutr\" \/>\n<script type=\"application\/ld+json\" class=\"yoast-schema-graph\">{\"@context\":\"https:\/\/schema.org\",\"@graph\":[{\"@type\":\"WebPage\",\"@id\":\"https:\/\/ticaret.edu.tr\/ulastirma-sistemleri-uygulama-ve-arastirma-merkezi\/en\/contact\/\",\"url\":\"https:\/\/ticaret.edu.tr\/ulastirma-sistemleri-uygulama-ve-arastirma-merkezi\/en\/contact\/\",\"name\":\"CONTACT - Ula\u015ft\u0131rma Sistemleri Uygulama ve Ara\u015ft\u0131rma Merkezi\",\"isPartOf\":{\"@id\":\"https:\/\/ticaret.edu.tr\/ulastirma-sistemleri-uygulama-ve-arastirma-merkezi\/#website\"},\"datePublished\":\"2021-10-27T06:37:29+00:00\",\"dateModified\":\"2025-02-26T11:19:13+00:00\",\"breadcrumb\":{\"@id\":\"https:\/\/ticaret.edu.tr\/ulastirma-sistemleri-uygulama-ve-arastirma-merkezi\/en\/contact\/#breadcrumb\"},\"inLanguage\":\"tr\",\"potentialAction\":[{\"@type\":\"ReadAction\",\"target\":[\"https:\/\/ticaret.edu.tr\/ulastirma-sistemleri-uygulama-ve-arastirma-merkezi\/en\/contact\/\"]}]},{\"@type\":\"BreadcrumbList\",\"@id\":\"https:\/\/ticaret.edu.tr\/ulastirma-sistemleri-uygulama-ve-arastirma-merkezi\/en\/contact\/#breadcrumb\",\"itemListElement\":[{\"@type\":\"ListItem\",\"position\":1,\"name\":\"Ana sayfa\",\"item\":\"https:\/\/ticaret.edu.tr\/ulastirma-sistemleri-uygulama-ve-arastirma-merkezi\/\"},{\"@type\":\"ListItem\",\"position\":2,\"name\":\"CONTACT\"}]},{\"@type\":\"WebSite\",\"@id\":\"https:\/\/ticaret.edu.tr\/ulastirma-sistemleri-uygulama-ve-arastirma-merkezi\/#website\",\"url\":\"https:\/\/ticaret.edu.tr\/ulastirma-sistemleri-uygulama-ve-arastirma-merkezi\/\",\"name\":\"Ula\u015ft\u0131rma Sistemleri Uygulama ve Ara\u015ft\u0131rma Merkezi\",\"description\":\"Bir ba\u015fka \u0130stanbul Ticaret \u00dcniversitesi site sitesi\",\"potentialAction\":[{\"@type\":\"SearchAction\",\"target\":{\"@type\":\"EntryPoint\",\"urlTemplate\":\"https:\/\/ticaret.edu.tr\/ulastirma-sistemleri-uygulama-ve-arastirma-merkezi\/?s={search_term_string}\"},\"query-input\":\"required name=search_term_string\"}],\"inLanguage\":\"tr\"}]}<\/script>\n<!-- \/ Yoast SEO Premium plugin. -->","yoast_head_json":{"title":"CONTACT - Ula\u015ft\u0131rma Sistemleri Uygulama ve Ara\u015ft\u0131rma Merkezi","robots":{"index":"index","follow":"follow","max-snippet":"max-snippet:-1","max-image-preview":"max-image-preview:large","max-video-preview":"max-video-preview:-1"},"canonical":"https:\/\/ticaret.edu.tr\/ulastirma-sistemleri-uygulama-ve-arastirma-merkezi\/en\/contact\/","og_locale":"tr_TR","og_type":"article","og_title":"CONTACT","og_description":"Address: Istanbul Commerce University Sutluce Campus Ornektepe Mah. Imrahor Cad. No: 88\/2, Beyoglu 34445 \/ Istanbul, TURKEY Telefon: 444 0 413 \/ 4216 Mail: ulastirmasistemleri@ticaret.edu.tr","og_url":"https:\/\/ticaret.edu.tr\/ulastirma-sistemleri-uygulama-ve-arastirma-merkezi\/en\/contact\/","og_site_name":"Ula\u015ft\u0131rma Sistemleri Uygulama ve Ara\u015ft\u0131rma Merkezi","article_publisher":"https:\/\/www.facebook.com\/ticaretedutr","article_modified_time":"2025-02-26T11:19:13+00:00","og_image":[{"width":1250,"height":833,"url":"http:\/\/ticaret.edu.tr\/ulastirma-sistemleri-uygulama-ve-arastirma-merkezi\/wp-content\/uploads\/sites\/53\/2021\/11\/web_logo-01.jpg","type":"image\/jpeg"}],"twitter_card":"summary_large_image","twitter_site":"@ticaretedutr","schema":{"@context":"https:\/\/schema.org","@graph":[{"@type":"WebPage","@id":"https:\/\/ticaret.edu.tr\/ulastirma-sistemleri-uygulama-ve-arastirma-merkezi\/en\/contact\/","url":"https:\/\/ticaret.edu.tr\/ulastirma-sistemleri-uygulama-ve-arastirma-merkezi\/en\/contact\/","name":"CONTACT - Ula\u015ft\u0131rma Sistemleri Uygulama ve Ara\u015ft\u0131rma Merkezi","isPartOf":{"@id":"https:\/\/ticaret.edu.tr\/ulastirma-sistemleri-uygulama-ve-arastirma-merkezi\/#website"},"datePublished":"2021-10-27T06:37:29+00:00","dateModified":"2025-02-26T11:19:13+00:00","breadcrumb":{"@id":"https:\/\/ticaret.edu.tr\/ulastirma-sistemleri-uygulama-ve-arastirma-merkezi\/en\/contact\/#breadcrumb"},"inLanguage":"tr","potentialAction":[{"@type":"ReadAction","target":["https:\/\/ticaret.edu.tr\/ulastirma-sistemleri-uygulama-ve-arastirma-merkezi\/en\/contact\/"]}]},{"@type":"BreadcrumbList","@id":"https:\/\/ticaret.edu.tr\/ulastirma-sistemleri-uygulama-ve-arastirma-merkezi\/en\/contact\/#breadcrumb","itemListElement":[{"@type":"ListItem","position":1,"name":"Ana sayfa","item":"https:\/\/ticaret.edu.tr\/ulastirma-sistemleri-uygulama-ve-arastirma-merkezi\/"},{"@type":"ListItem","position":2,"name":"CONTACT"}]},{"@type":"WebSite","@id":"https:\/\/ticaret.edu.tr\/ulastirma-sistemleri-uygulama-ve-arastirma-merkezi\/#website","url":"https:\/\/ticaret.edu.tr\/ulastirma-sistemleri-uygulama-ve-arastirma-merkezi\/","name":"Ula\u015ft\u0131rma Sistemleri Uygulama ve Ara\u015ft\u0131rma Merkezi","description":"Bir ba\u015fka \u0130stanbul Ticaret \u00dcniversitesi site sitesi","potentialAction":[{"@type":"SearchAction","target":{"@type":"EntryPoint","urlTemplate":"https:\/\/ticaret.edu.tr\/ulastirma-sistemleri-uygulama-ve-arastirma-merkezi\/?s={search_term_string}"},"query-input":"required name=search_term_string"}],"inLanguage":"tr"}]}},"lang":"en","translations":{"en":178,"tr":42},"pll_sync_post":[],"_links":{"self":[{"href":"http:\/\/ticaret.edu.tr\/ulastirma-sistemleri-uygulama-ve-arastirma-merkezi\/wp-json\/wp\/v2\/pages\/178"}],"collection":[{"href":"http:\/\/ticaret.edu.tr\/ulastirma-sistemleri-uygulama-ve-arastirma-merkezi\/wp-json\/wp\/v2\/pages"}],"about":[{"href":"http:\/\/ticaret.edu.tr\/ulastirma-sistemleri-uygulama-ve-arastirma-merkezi\/wp-json\/wp\/v2\/types\/page"}],"author":[{"embeddable":true,"href":"http:\/\/ticaret.edu.tr\/ulastirma-sistemleri-uygulama-ve-arastirma-merkezi\/wp-json\/wp\/v2\/users\/149"}],"replies":[{"embeddable":true,"href":"http:\/\/ticaret.edu.tr\/ulastirma-sistemleri-uygulama-ve-arastirma-merkezi\/wp-json\/wp\/v2\/comments?post=178"}],"version-history":[{"count":4,"href":"http:\/\/ticaret.edu.tr\/ulastirma-sistemleri-uygulama-ve-arastirma-merkezi\/wp-json\/wp\/v2\/pages\/178\/revisions"}],"predecessor-version":[{"id":197,"href":"http:\/\/ticaret.edu.tr\/ulastirma-sistemleri-uygulama-ve-arastirma-merkezi\/wp-json\/wp\/v2\/pages\/178\/revisions\/197"}],"wp:attachment":[{"href":"http:\/\/ticaret.edu.tr\/ulastirma-sistemleri-uygulama-ve-arastirma-merkezi\/wp-json\/wp\/v2\/media?parent=178"}],"curies":[{"name":"wp","href":"https:\/\/api.w.org\/{rel}","templated":true}]}}