{"id":1349,"date":"2025-01-26T16:39:26","date_gmt":"2025-01-26T13:39:26","guid":{"rendered":"https:\/\/ticaret.edu.tr\/uluslararasi-ticaret\/?page_id=1349"},"modified":"2025-02-11T16:16:53","modified_gmt":"2025-02-11T13:16:53","slug":"tarihce","status":"publish","type":"page","link":"http:\/\/ticaret.edu.tr\/uluslararasi-ticaret\/tarihce\/","title":{"rendered":"Tarih\u00e7e"},"content":{"rendered":"<p>\u00dcniversitemizde ilk a\u00e7\u0131lan \u0130\u015fletme Fak\u00fcltesi b\u00f6l\u00fcmlerinden olan ve daha \u00f6nce \u0130ngilizce Destekli olarak m\u00fcfredat\u0131 olu\u015fturulmu\u015f b\u00f6l\u00fcm\u00fcm\u00fcz, 2022 y\u0131l\u0131 itibariyle %100 \u0130ngilizce m\u00fcfredatla e\u011fitim vermeye ba\u015flam\u0131\u015ft\u0131r. Kurulu\u015fundan bu yana s\u00fcrekli geli\u015fim ve yenilik\u00e7i e\u011fitim anlay\u0131\u015f\u0131n\u0131 benimseyen b\u00f6l\u00fcm\u00fcm\u00fcz, \u00f6\u011frencilere \u00e7a\u011fda\u015f bir \u00f6\u011frenim ortam\u0131 sunmaktad\u0131r.<\/p>\n","protected":false},"excerpt":{"rendered":"<p>\u00dcniversitemizde ilk a\u00e7\u0131lan \u0130\u015fletme Fak\u00fcltesi b\u00f6l\u00fcmlerinden olan ve daha \u00f6nce \u0130ngilizce Destekli olarak m\u00fcfredat\u0131 olu\u015fturulmu\u015f b\u00f6l\u00fcm\u00fcm\u00fcz, 2022 y\u0131l\u0131 itibariyle %100 \u0130ngilizce m\u00fcfredatla e\u011fitim vermeye ba\u015flam\u0131\u015ft\u0131r. Kurulu\u015fundan bu yana s\u00fcrekli geli\u015fim ve yenilik\u00e7i e\u011fitim anlay\u0131\u015f\u0131n\u0131 benimseyen b\u00f6l\u00fcm\u00fcm\u00fcz, \u00f6\u011frencilere \u00e7a\u011fda\u015f bir \u00f6\u011frenim ortam\u0131 sunmaktad\u0131r.<\/p>\n","protected":false},"author":215,"featured_media":0,"parent":0,"menu_order":0,"comment_status":"closed","ping_status":"closed","template":"genel_sayfa.php","meta":{"footnotes":""},"yoast_head":"<!-- This site is optimized with the Yoast SEO Premium plugin v22.1 (Yoast SEO v22.1) - https:\/\/yoast.com\/wordpress\/plugins\/seo\/ -->\n<title>Tarih\u00e7e - Uluslararas\u0131 Ticaret<\/title>\n<meta name=\"robots\" content=\"index, follow, max-snippet:-1, max-image-preview:large, max-video-preview:-1\" \/>\n<link rel=\"canonical\" href=\"https:\/\/ticaret.edu.tr\/uluslararasi-ticaret\/tarihce\/\" \/>\n<meta property=\"og:locale\" content=\"tr_TR\" \/>\n<meta property=\"og:type\" content=\"article\" \/>\n<meta property=\"og:title\" content=\"Tarih\u00e7e\" \/>\n<meta property=\"og:description\" content=\"\u00dcniversitemizde ilk a\u00e7\u0131lan \u0130\u015fletme Fak\u00fcltesi b\u00f6l\u00fcmlerinden olan ve daha \u00f6nce \u0130ngilizce Destekli olarak m\u00fcfredat\u0131 olu\u015fturulmu\u015f b\u00f6l\u00fcm\u00fcm\u00fcz, 2022 y\u0131l\u0131 itibariyle %100 \u0130ngilizce m\u00fcfredatla e\u011fitim vermeye ba\u015flam\u0131\u015ft\u0131r. Kurulu\u015fundan bu yana s\u00fcrekli geli\u015fim ve yenilik\u00e7i e\u011fitim anlay\u0131\u015f\u0131n\u0131 benimseyen b\u00f6l\u00fcm\u00fcm\u00fcz, \u00f6\u011frencilere \u00e7a\u011fda\u015f bir \u00f6\u011frenim ortam\u0131 sunmaktad\u0131r.\" \/>\n<meta property=\"og:url\" content=\"https:\/\/ticaret.edu.tr\/uluslararasi-ticaret\/tarihce\/\" \/>\n<meta property=\"og:site_name\" content=\"Uluslararas\u0131 Ticaret\" \/>\n<meta property=\"article:publisher\" content=\"https:\/\/www.facebook.com\/ticaretedutr\" \/>\n<meta property=\"article:modified_time\" content=\"2025-02-11T13:16:53+00:00\" \/>\n<meta property=\"og:image\" content=\"http:\/\/ticaret.edu.tr\/uluslararasi-ticaret\/wp-content\/uploads\/sites\/18\/2021\/11\/web_logo-01.jpg\" \/>\n\t<meta property=\"og:image:width\" content=\"1250\" \/>\n\t<meta property=\"og:image:height\" content=\"833\" \/>\n\t<meta property=\"og:image:type\" content=\"image\/jpeg\" \/>\n<meta name=\"twitter:card\" content=\"summary_large_image\" \/>\n<meta name=\"twitter:site\" content=\"@ticaretedutr\" \/>\n<script type=\"application\/ld+json\" class=\"yoast-schema-graph\">{\"@context\":\"https:\/\/schema.org\",\"@graph\":[{\"@type\":\"WebPage\",\"@id\":\"https:\/\/ticaret.edu.tr\/uluslararasi-ticaret\/tarihce\/\",\"url\":\"https:\/\/ticaret.edu.tr\/uluslararasi-ticaret\/tarihce\/\",\"name\":\"Tarih\u00e7e - Uluslararas\u0131 Ticaret\",\"isPartOf\":{\"@id\":\"https:\/\/ticaret.edu.tr\/uluslararasi-ticaret\/#website\"},\"datePublished\":\"2025-01-26T13:39:26+00:00\",\"dateModified\":\"2025-02-11T13:16:53+00:00\",\"breadcrumb\":{\"@id\":\"https:\/\/ticaret.edu.tr\/uluslararasi-ticaret\/tarihce\/#breadcrumb\"},\"inLanguage\":\"tr\",\"potentialAction\":[{\"@type\":\"ReadAction\",\"target\":[\"https:\/\/ticaret.edu.tr\/uluslararasi-ticaret\/tarihce\/\"]}]},{\"@type\":\"BreadcrumbList\",\"@id\":\"https:\/\/ticaret.edu.tr\/uluslararasi-ticaret\/tarihce\/#breadcrumb\",\"itemListElement\":[{\"@type\":\"ListItem\",\"position\":1,\"name\":\"Ana sayfa\",\"item\":\"https:\/\/ticaret.edu.tr\/uluslararasi-ticaret\/\"},{\"@type\":\"ListItem\",\"position\":2,\"name\":\"Tarih\u00e7e\"}]},{\"@type\":\"WebSite\",\"@id\":\"https:\/\/ticaret.edu.tr\/uluslararasi-ticaret\/#website\",\"url\":\"https:\/\/ticaret.edu.tr\/uluslararasi-ticaret\/\",\"name\":\"Uluslararas\u0131 Ticaret\",\"description\":\"\",\"potentialAction\":[{\"@type\":\"SearchAction\",\"target\":{\"@type\":\"EntryPoint\",\"urlTemplate\":\"https:\/\/ticaret.edu.tr\/uluslararasi-ticaret\/?s={search_term_string}\"},\"query-input\":\"required name=search_term_string\"}],\"inLanguage\":\"tr\"}]}<\/script>\n<!-- \/ Yoast SEO Premium plugin. -->","yoast_head_json":{"title":"Tarih\u00e7e - Uluslararas\u0131 Ticaret","robots":{"index":"index","follow":"follow","max-snippet":"max-snippet:-1","max-image-preview":"max-image-preview:large","max-video-preview":"max-video-preview:-1"},"canonical":"https:\/\/ticaret.edu.tr\/uluslararasi-ticaret\/tarihce\/","og_locale":"tr_TR","og_type":"article","og_title":"Tarih\u00e7e","og_description":"\u00dcniversitemizde ilk a\u00e7\u0131lan \u0130\u015fletme Fak\u00fcltesi b\u00f6l\u00fcmlerinden olan ve daha \u00f6nce \u0130ngilizce Destekli olarak m\u00fcfredat\u0131 olu\u015fturulmu\u015f b\u00f6l\u00fcm\u00fcm\u00fcz, 2022 y\u0131l\u0131 itibariyle %100 \u0130ngilizce m\u00fcfredatla e\u011fitim vermeye ba\u015flam\u0131\u015ft\u0131r. Kurulu\u015fundan bu yana s\u00fcrekli geli\u015fim ve yenilik\u00e7i e\u011fitim anlay\u0131\u015f\u0131n\u0131 benimseyen b\u00f6l\u00fcm\u00fcm\u00fcz, \u00f6\u011frencilere \u00e7a\u011fda\u015f bir \u00f6\u011frenim ortam\u0131 sunmaktad\u0131r.","og_url":"https:\/\/ticaret.edu.tr\/uluslararasi-ticaret\/tarihce\/","og_site_name":"Uluslararas\u0131 Ticaret","article_publisher":"https:\/\/www.facebook.com\/ticaretedutr","article_modified_time":"2025-02-11T13:16:53+00:00","og_image":[{"width":1250,"height":833,"url":"http:\/\/ticaret.edu.tr\/uluslararasi-ticaret\/wp-content\/uploads\/sites\/18\/2021\/11\/web_logo-01.jpg","type":"image\/jpeg"}],"twitter_card":"summary_large_image","twitter_site":"@ticaretedutr","schema":{"@context":"https:\/\/schema.org","@graph":[{"@type":"WebPage","@id":"https:\/\/ticaret.edu.tr\/uluslararasi-ticaret\/tarihce\/","url":"https:\/\/ticaret.edu.tr\/uluslararasi-ticaret\/tarihce\/","name":"Tarih\u00e7e - Uluslararas\u0131 Ticaret","isPartOf":{"@id":"https:\/\/ticaret.edu.tr\/uluslararasi-ticaret\/#website"},"datePublished":"2025-01-26T13:39:26+00:00","dateModified":"2025-02-11T13:16:53+00:00","breadcrumb":{"@id":"https:\/\/ticaret.edu.tr\/uluslararasi-ticaret\/tarihce\/#breadcrumb"},"inLanguage":"tr","potentialAction":[{"@type":"ReadAction","target":["https:\/\/ticaret.edu.tr\/uluslararasi-ticaret\/tarihce\/"]}]},{"@type":"BreadcrumbList","@id":"https:\/\/ticaret.edu.tr\/uluslararasi-ticaret\/tarihce\/#breadcrumb","itemListElement":[{"@type":"ListItem","position":1,"name":"Ana sayfa","item":"https:\/\/ticaret.edu.tr\/uluslararasi-ticaret\/"},{"@type":"ListItem","position":2,"name":"Tarih\u00e7e"}]},{"@type":"WebSite","@id":"https:\/\/ticaret.edu.tr\/uluslararasi-ticaret\/#website","url":"https:\/\/ticaret.edu.tr\/uluslararasi-ticaret\/","name":"Uluslararas\u0131 Ticaret","description":"","potentialAction":[{"@type":"SearchAction","target":{"@type":"EntryPoint","urlTemplate":"https:\/\/ticaret.edu.tr\/uluslararasi-ticaret\/?s={search_term_string}"},"query-input":"required name=search_term_string"}],"inLanguage":"tr"}]}},"lang":"tr","translations":{"en":1351,"tr":1349},"pll_sync_post":[],"_links":{"self":[{"href":"http:\/\/ticaret.edu.tr\/uluslararasi-ticaret\/wp-json\/wp\/v2\/pages\/1349"}],"collection":[{"href":"http:\/\/ticaret.edu.tr\/uluslararasi-ticaret\/wp-json\/wp\/v2\/pages"}],"about":[{"href":"http:\/\/ticaret.edu.tr\/uluslararasi-ticaret\/wp-json\/wp\/v2\/types\/page"}],"author":[{"embeddable":true,"href":"http:\/\/ticaret.edu.tr\/uluslararasi-ticaret\/wp-json\/wp\/v2\/users\/215"}],"replies":[{"embeddable":true,"href":"http:\/\/ticaret.edu.tr\/uluslararasi-ticaret\/wp-json\/wp\/v2\/comments?post=1349"}],"version-history":[{"count":2,"href":"http:\/\/ticaret.edu.tr\/uluslararasi-ticaret\/wp-json\/wp\/v2\/pages\/1349\/revisions"}],"predecessor-version":[{"id":1772,"href":"http:\/\/ticaret.edu.tr\/uluslararasi-ticaret\/wp-json\/wp\/v2\/pages\/1349\/revisions\/1772"}],"wp:attachment":[{"href":"http:\/\/ticaret.edu.tr\/uluslararasi-ticaret\/wp-json\/wp\/v2\/media?parent=1349"}],"curies":[{"name":"wp","href":"https:\/\/api.w.org\/{rel}","templated":true}]}}