{"id":1353,"date":"2025-01-26T16:57:18","date_gmt":"2025-01-26T13:57:18","guid":{"rendered":"https:\/\/ticaret.edu.tr\/uluslararasi-ticaret\/?page_id=1353"},"modified":"2025-02-11T16:16:59","modified_gmt":"2025-02-11T13:16:59","slug":"vizyon-misyon","status":"publish","type":"page","link":"http:\/\/ticaret.edu.tr\/uluslararasi-ticaret\/vizyon-misyon\/","title":{"rendered":"Vizyon-Misyon"},"content":{"rendered":"<p><b>M\u0130SYON<\/b><\/p>\n<p>Disiplinler aras\u0131 bir e\u011fitimle bu alanda bilgi birikimini art\u0131rmak ve \u00f6\u011frencilere g\u00fc\u00e7l\u00fc teorik ve pratik bilgiler kazand\u0131rmakt\u0131r.<\/p>\n<p><strong>V\u0130ZYON<\/strong><\/p>\n<p>K\u00fcresel i\u015f d\u00fcnyas\u0131nda ba\u015far\u0131l\u0131 olabilecek, stratejik d\u00fc\u015f\u00fcnme yetisine sahip ve d\u00fcnya ile T\u00fcrkiye&#8217;yi etkin bir \u015fekilde analiz edebilen nitelikli bireyler yeti\u015ftirmektir.<\/p>\n","protected":false},"excerpt":{"rendered":"<p>M\u0130SYON Disiplinler aras\u0131 bir e\u011fitimle bu alanda bilgi birikimini art\u0131rmak ve \u00f6\u011frencilere g\u00fc\u00e7l\u00fc teorik ve pratik bilgiler kazand\u0131rmakt\u0131r. V\u0130ZYON K\u00fcresel i\u015f d\u00fcnyas\u0131nda ba\u015far\u0131l\u0131 olabilecek, stratejik d\u00fc\u015f\u00fcnme yetisine sahip ve d\u00fcnya ile T\u00fcrkiye&#8217;yi etkin bir \u015fekilde analiz edebilen nitelikli bireyler yeti\u015ftirmektir.<\/p>\n","protected":false},"author":215,"featured_media":0,"parent":0,"menu_order":0,"comment_status":"closed","ping_status":"closed","template":"genel_sayfa.php","meta":{"footnotes":""},"yoast_head":"<!-- This site is optimized with the Yoast SEO Premium plugin v22.1 (Yoast SEO v22.1) - https:\/\/yoast.com\/wordpress\/plugins\/seo\/ -->\n<title>Vizyon-Misyon - Uluslararas\u0131 Ticaret<\/title>\n<meta name=\"robots\" content=\"index, follow, max-snippet:-1, max-image-preview:large, max-video-preview:-1\" \/>\n<link rel=\"canonical\" href=\"https:\/\/ticaret.edu.tr\/uluslararasi-ticaret\/vizyon-misyon\/\" \/>\n<meta property=\"og:locale\" content=\"tr_TR\" \/>\n<meta property=\"og:type\" content=\"article\" \/>\n<meta property=\"og:title\" content=\"Vizyon-Misyon\" \/>\n<meta property=\"og:description\" content=\"M\u0130SYON Disiplinler aras\u0131 bir e\u011fitimle bu alanda bilgi birikimini art\u0131rmak ve \u00f6\u011frencilere g\u00fc\u00e7l\u00fc teorik ve pratik bilgiler kazand\u0131rmakt\u0131r. V\u0130ZYON K\u00fcresel i\u015f d\u00fcnyas\u0131nda ba\u015far\u0131l\u0131 olabilecek, stratejik d\u00fc\u015f\u00fcnme yetisine sahip ve d\u00fcnya ile T\u00fcrkiye&#8217;yi etkin bir \u015fekilde analiz edebilen nitelikli bireyler yeti\u015ftirmektir.\" \/>\n<meta property=\"og:url\" content=\"https:\/\/ticaret.edu.tr\/uluslararasi-ticaret\/vizyon-misyon\/\" \/>\n<meta property=\"og:site_name\" content=\"Uluslararas\u0131 Ticaret\" \/>\n<meta property=\"article:publisher\" content=\"https:\/\/www.facebook.com\/ticaretedutr\" \/>\n<meta property=\"article:modified_time\" content=\"2025-02-11T13:16:59+00:00\" \/>\n<meta property=\"og:image\" content=\"http:\/\/ticaret.edu.tr\/uluslararasi-ticaret\/wp-content\/uploads\/sites\/18\/2021\/11\/web_logo-01.jpg\" \/>\n\t<meta property=\"og:image:width\" content=\"1250\" \/>\n\t<meta property=\"og:image:height\" content=\"833\" \/>\n\t<meta property=\"og:image:type\" content=\"image\/jpeg\" \/>\n<meta name=\"twitter:card\" content=\"summary_large_image\" \/>\n<meta name=\"twitter:site\" content=\"@ticaretedutr\" \/>\n<meta name=\"twitter:label1\" content=\"Tahmini okuma s\u00fcresi\" \/>\n\t<meta name=\"twitter:data1\" content=\"1 dakika\" \/>\n<script type=\"application\/ld+json\" class=\"yoast-schema-graph\">{\"@context\":\"https:\/\/schema.org\",\"@graph\":[{\"@type\":\"WebPage\",\"@id\":\"https:\/\/ticaret.edu.tr\/uluslararasi-ticaret\/vizyon-misyon\/\",\"url\":\"https:\/\/ticaret.edu.tr\/uluslararasi-ticaret\/vizyon-misyon\/\",\"name\":\"Vizyon-Misyon - Uluslararas\u0131 Ticaret\",\"isPartOf\":{\"@id\":\"https:\/\/ticaret.edu.tr\/uluslararasi-ticaret\/#website\"},\"datePublished\":\"2025-01-26T13:57:18+00:00\",\"dateModified\":\"2025-02-11T13:16:59+00:00\",\"breadcrumb\":{\"@id\":\"https:\/\/ticaret.edu.tr\/uluslararasi-ticaret\/vizyon-misyon\/#breadcrumb\"},\"inLanguage\":\"tr\",\"potentialAction\":[{\"@type\":\"ReadAction\",\"target\":[\"https:\/\/ticaret.edu.tr\/uluslararasi-ticaret\/vizyon-misyon\/\"]}]},{\"@type\":\"BreadcrumbList\",\"@id\":\"https:\/\/ticaret.edu.tr\/uluslararasi-ticaret\/vizyon-misyon\/#breadcrumb\",\"itemListElement\":[{\"@type\":\"ListItem\",\"position\":1,\"name\":\"Ana sayfa\",\"item\":\"https:\/\/ticaret.edu.tr\/uluslararasi-ticaret\/\"},{\"@type\":\"ListItem\",\"position\":2,\"name\":\"Vizyon-Misyon\"}]},{\"@type\":\"WebSite\",\"@id\":\"https:\/\/ticaret.edu.tr\/uluslararasi-ticaret\/#website\",\"url\":\"https:\/\/ticaret.edu.tr\/uluslararasi-ticaret\/\",\"name\":\"Uluslararas\u0131 Ticaret\",\"description\":\"\",\"potentialAction\":[{\"@type\":\"SearchAction\",\"target\":{\"@type\":\"EntryPoint\",\"urlTemplate\":\"https:\/\/ticaret.edu.tr\/uluslararasi-ticaret\/?s={search_term_string}\"},\"query-input\":\"required name=search_term_string\"}],\"inLanguage\":\"tr\"}]}<\/script>\n<!-- \/ Yoast SEO Premium plugin. -->","yoast_head_json":{"title":"Vizyon-Misyon - Uluslararas\u0131 Ticaret","robots":{"index":"index","follow":"follow","max-snippet":"max-snippet:-1","max-image-preview":"max-image-preview:large","max-video-preview":"max-video-preview:-1"},"canonical":"https:\/\/ticaret.edu.tr\/uluslararasi-ticaret\/vizyon-misyon\/","og_locale":"tr_TR","og_type":"article","og_title":"Vizyon-Misyon","og_description":"M\u0130SYON Disiplinler aras\u0131 bir e\u011fitimle bu alanda bilgi birikimini art\u0131rmak ve \u00f6\u011frencilere g\u00fc\u00e7l\u00fc teorik ve pratik bilgiler kazand\u0131rmakt\u0131r. V\u0130ZYON K\u00fcresel i\u015f d\u00fcnyas\u0131nda ba\u015far\u0131l\u0131 olabilecek, stratejik d\u00fc\u015f\u00fcnme yetisine sahip ve d\u00fcnya ile T\u00fcrkiye&#8217;yi etkin bir \u015fekilde analiz edebilen nitelikli bireyler yeti\u015ftirmektir.","og_url":"https:\/\/ticaret.edu.tr\/uluslararasi-ticaret\/vizyon-misyon\/","og_site_name":"Uluslararas\u0131 Ticaret","article_publisher":"https:\/\/www.facebook.com\/ticaretedutr","article_modified_time":"2025-02-11T13:16:59+00:00","og_image":[{"width":1250,"height":833,"url":"http:\/\/ticaret.edu.tr\/uluslararasi-ticaret\/wp-content\/uploads\/sites\/18\/2021\/11\/web_logo-01.jpg","type":"image\/jpeg"}],"twitter_card":"summary_large_image","twitter_site":"@ticaretedutr","twitter_misc":{"Tahmini okuma s\u00fcresi":"1 dakika"},"schema":{"@context":"https:\/\/schema.org","@graph":[{"@type":"WebPage","@id":"https:\/\/ticaret.edu.tr\/uluslararasi-ticaret\/vizyon-misyon\/","url":"https:\/\/ticaret.edu.tr\/uluslararasi-ticaret\/vizyon-misyon\/","name":"Vizyon-Misyon - Uluslararas\u0131 Ticaret","isPartOf":{"@id":"https:\/\/ticaret.edu.tr\/uluslararasi-ticaret\/#website"},"datePublished":"2025-01-26T13:57:18+00:00","dateModified":"2025-02-11T13:16:59+00:00","breadcrumb":{"@id":"https:\/\/ticaret.edu.tr\/uluslararasi-ticaret\/vizyon-misyon\/#breadcrumb"},"inLanguage":"tr","potentialAction":[{"@type":"ReadAction","target":["https:\/\/ticaret.edu.tr\/uluslararasi-ticaret\/vizyon-misyon\/"]}]},{"@type":"BreadcrumbList","@id":"https:\/\/ticaret.edu.tr\/uluslararasi-ticaret\/vizyon-misyon\/#breadcrumb","itemListElement":[{"@type":"ListItem","position":1,"name":"Ana sayfa","item":"https:\/\/ticaret.edu.tr\/uluslararasi-ticaret\/"},{"@type":"ListItem","position":2,"name":"Vizyon-Misyon"}]},{"@type":"WebSite","@id":"https:\/\/ticaret.edu.tr\/uluslararasi-ticaret\/#website","url":"https:\/\/ticaret.edu.tr\/uluslararasi-ticaret\/","name":"Uluslararas\u0131 Ticaret","description":"","potentialAction":[{"@type":"SearchAction","target":{"@type":"EntryPoint","urlTemplate":"https:\/\/ticaret.edu.tr\/uluslararasi-ticaret\/?s={search_term_string}"},"query-input":"required name=search_term_string"}],"inLanguage":"tr"}]}},"lang":"tr","translations":{"en":1355,"tr":1353},"pll_sync_post":[],"_links":{"self":[{"href":"http:\/\/ticaret.edu.tr\/uluslararasi-ticaret\/wp-json\/wp\/v2\/pages\/1353"}],"collection":[{"href":"http:\/\/ticaret.edu.tr\/uluslararasi-ticaret\/wp-json\/wp\/v2\/pages"}],"about":[{"href":"http:\/\/ticaret.edu.tr\/uluslararasi-ticaret\/wp-json\/wp\/v2\/types\/page"}],"author":[{"embeddable":true,"href":"http:\/\/ticaret.edu.tr\/uluslararasi-ticaret\/wp-json\/wp\/v2\/users\/215"}],"replies":[{"embeddable":true,"href":"http:\/\/ticaret.edu.tr\/uluslararasi-ticaret\/wp-json\/wp\/v2\/comments?post=1353"}],"version-history":[{"count":3,"href":"http:\/\/ticaret.edu.tr\/uluslararasi-ticaret\/wp-json\/wp\/v2\/pages\/1353\/revisions"}],"predecessor-version":[{"id":1714,"href":"http:\/\/ticaret.edu.tr\/uluslararasi-ticaret\/wp-json\/wp\/v2\/pages\/1353\/revisions\/1714"}],"wp:attachment":[{"href":"http:\/\/ticaret.edu.tr\/uluslararasi-ticaret\/wp-json\/wp\/v2\/media?parent=1353"}],"curies":[{"name":"wp","href":"https:\/\/api.w.org\/{rel}","templated":true}]}}