{"id":1361,"date":"2025-01-26T17:01:32","date_gmt":"2025-01-26T14:01:32","guid":{"rendered":"https:\/\/ticaret.edu.tr\/uluslararasi-ticaret\/?page_id=1361"},"modified":"2026-02-11T15:29:18","modified_gmt":"2026-02-11T12:29:18","slug":"ogrenci-danismanlari","status":"publish","type":"page","link":"http:\/\/ticaret.edu.tr\/uluslararasi-ticaret\/ogrenci-danismanlari\/","title":{"rendered":"\u00d6\u011frenci Dan\u0131\u015fmanlar\u0131"},"content":{"rendered":"<p>2025-2026 Bahar D\u00f6nemi &#8211; \u00d6\u011frenci Dan\u0131\u015fmanl\u0131klar\u0131<\/p>\n<table>\n<thead>\n<tr>\n<td><strong>S\u0131n\u0131f<\/strong><\/td>\n<td><strong>Akademik Unvan<\/strong><\/td>\n<td><strong>Ad Soyad<\/strong><\/td>\n<\/tr>\n<\/thead>\n<tbody>\n<tr>\n<td>1. S\u0131n\u0131f<\/td>\n<td>Do\u00e7. Dr.<\/td>\n<td>Cihat K\u00d6KSAL<\/td>\n<\/tr>\n<tr>\n<td>2. S\u0131n\u0131f<\/td>\n<td>Do\u00e7. Dr.<\/td>\n<td>Sezin A\u00c7IK TA\u015eAR<\/td>\n<\/tr>\n<tr>\n<td>3. S\u0131n\u0131f<\/td>\n<td>Ar\u015f. G\u00f6r.<\/td>\n<td>DO\u011eAN MERT AKDEM\u0130R<\/td>\n<\/tr>\n<tr>\n<td>4. S\u0131n\u0131f<\/td>\n<td>Ar\u015f. G\u00f6r.<\/td>\n<td>DO\u011eAN MERT AKDEM\u0130R<\/td>\n<\/tr>\n<\/tbody>\n<\/table>\n","protected":false},"excerpt":{"rendered":"<p>2025-2026 Bahar D\u00f6nemi &#8211; \u00d6\u011frenci Dan\u0131\u015fmanl\u0131klar\u0131 S\u0131n\u0131f Akademik Unvan Ad Soyad 1. S\u0131n\u0131f Do\u00e7. Dr. Cihat K\u00d6KSAL 2. S\u0131n\u0131f Do\u00e7. Dr. Sezin A\u00c7IK TA\u015eAR 3. S\u0131n\u0131f Ar\u015f. G\u00f6r. DO\u011eAN MERT AKDEM\u0130R 4. S\u0131n\u0131f Ar\u015f. G\u00f6r. DO\u011eAN MERT AKDEM\u0130R<\/p>\n","protected":false},"author":215,"featured_media":0,"parent":0,"menu_order":0,"comment_status":"closed","ping_status":"closed","template":"genel_sayfa.php","meta":{"footnotes":""},"yoast_head":"<!-- This site is optimized with the Yoast SEO Premium plugin v22.1 (Yoast SEO v22.1) - https:\/\/yoast.com\/wordpress\/plugins\/seo\/ -->\n<title>\u00d6\u011frenci Dan\u0131\u015fmanlar\u0131 - Uluslararas\u0131 Ticaret<\/title>\n<meta name=\"robots\" content=\"index, follow, max-snippet:-1, max-image-preview:large, max-video-preview:-1\" \/>\n<link rel=\"canonical\" href=\"http:\/\/ticaret.edu.tr\/uluslararasi-ticaret\/ogrenci-danismanlari\/\" \/>\n<meta property=\"og:locale\" content=\"tr_TR\" \/>\n<meta property=\"og:type\" content=\"article\" \/>\n<meta property=\"og:title\" content=\"\u00d6\u011frenci Dan\u0131\u015fmanlar\u0131\" \/>\n<meta property=\"og:description\" content=\"2025-2026 Bahar D\u00f6nemi &#8211; \u00d6\u011frenci Dan\u0131\u015fmanl\u0131klar\u0131 S\u0131n\u0131f Akademik Unvan Ad Soyad 1. S\u0131n\u0131f Do\u00e7. Dr. Cihat K\u00d6KSAL 2. S\u0131n\u0131f Do\u00e7. Dr. Sezin A\u00c7IK TA\u015eAR 3. S\u0131n\u0131f Ar\u015f. G\u00f6r. DO\u011eAN MERT AKDEM\u0130R 4. S\u0131n\u0131f Ar\u015f. G\u00f6r. DO\u011eAN MERT AKDEM\u0130R\" \/>\n<meta property=\"og:url\" content=\"http:\/\/ticaret.edu.tr\/uluslararasi-ticaret\/ogrenci-danismanlari\/\" \/>\n<meta property=\"og:site_name\" content=\"Uluslararas\u0131 Ticaret\" \/>\n<meta property=\"article:publisher\" content=\"https:\/\/www.facebook.com\/ticaretedutr\" \/>\n<meta property=\"article:modified_time\" content=\"2026-02-11T12:29:18+00:00\" \/>\n<meta property=\"og:image\" content=\"http:\/\/ticaret.edu.tr\/uluslararasi-ticaret\/wp-content\/uploads\/sites\/18\/2021\/11\/web_logo-01.jpg\" \/>\n\t<meta property=\"og:image:width\" content=\"1250\" \/>\n\t<meta property=\"og:image:height\" content=\"833\" \/>\n\t<meta property=\"og:image:type\" content=\"image\/jpeg\" \/>\n<meta name=\"twitter:card\" content=\"summary_large_image\" \/>\n<meta name=\"twitter:site\" content=\"@ticaretedutr\" \/>\n<meta name=\"twitter:label1\" content=\"Tahmini okuma s\u00fcresi\" \/>\n\t<meta name=\"twitter:data1\" content=\"1 dakika\" \/>\n<script type=\"application\/ld+json\" class=\"yoast-schema-graph\">{\"@context\":\"https:\/\/schema.org\",\"@graph\":[{\"@type\":\"WebPage\",\"@id\":\"http:\/\/ticaret.edu.tr\/uluslararasi-ticaret\/ogrenci-danismanlari\/\",\"url\":\"http:\/\/ticaret.edu.tr\/uluslararasi-ticaret\/ogrenci-danismanlari\/\",\"name\":\"\u00d6\u011frenci Dan\u0131\u015fmanlar\u0131 - Uluslararas\u0131 Ticaret\",\"isPartOf\":{\"@id\":\"https:\/\/ticaret.edu.tr\/uluslararasi-ticaret\/#website\"},\"datePublished\":\"2025-01-26T14:01:32+00:00\",\"dateModified\":\"2026-02-11T12:29:18+00:00\",\"breadcrumb\":{\"@id\":\"http:\/\/ticaret.edu.tr\/uluslararasi-ticaret\/ogrenci-danismanlari\/#breadcrumb\"},\"inLanguage\":\"tr\",\"potentialAction\":[{\"@type\":\"ReadAction\",\"target\":[\"http:\/\/ticaret.edu.tr\/uluslararasi-ticaret\/ogrenci-danismanlari\/\"]}]},{\"@type\":\"BreadcrumbList\",\"@id\":\"http:\/\/ticaret.edu.tr\/uluslararasi-ticaret\/ogrenci-danismanlari\/#breadcrumb\",\"itemListElement\":[{\"@type\":\"ListItem\",\"position\":1,\"name\":\"Ana sayfa\",\"item\":\"https:\/\/ticaret.edu.tr\/uluslararasi-ticaret\/\"},{\"@type\":\"ListItem\",\"position\":2,\"name\":\"\u00d6\u011frenci Dan\u0131\u015fmanlar\u0131\"}]},{\"@type\":\"WebSite\",\"@id\":\"https:\/\/ticaret.edu.tr\/uluslararasi-ticaret\/#website\",\"url\":\"https:\/\/ticaret.edu.tr\/uluslararasi-ticaret\/\",\"name\":\"Uluslararas\u0131 Ticaret\",\"description\":\"\",\"potentialAction\":[{\"@type\":\"SearchAction\",\"target\":{\"@type\":\"EntryPoint\",\"urlTemplate\":\"https:\/\/ticaret.edu.tr\/uluslararasi-ticaret\/?s={search_term_string}\"},\"query-input\":\"required name=search_term_string\"}],\"inLanguage\":\"tr\"}]}<\/script>\n<!-- \/ Yoast SEO Premium plugin. -->","yoast_head_json":{"title":"\u00d6\u011frenci Dan\u0131\u015fmanlar\u0131 - Uluslararas\u0131 Ticaret","robots":{"index":"index","follow":"follow","max-snippet":"max-snippet:-1","max-image-preview":"max-image-preview:large","max-video-preview":"max-video-preview:-1"},"canonical":"http:\/\/ticaret.edu.tr\/uluslararasi-ticaret\/ogrenci-danismanlari\/","og_locale":"tr_TR","og_type":"article","og_title":"\u00d6\u011frenci Dan\u0131\u015fmanlar\u0131","og_description":"2025-2026 Bahar D\u00f6nemi &#8211; \u00d6\u011frenci Dan\u0131\u015fmanl\u0131klar\u0131 S\u0131n\u0131f Akademik Unvan Ad Soyad 1. S\u0131n\u0131f Do\u00e7. Dr. Cihat K\u00d6KSAL 2. S\u0131n\u0131f Do\u00e7. Dr. Sezin A\u00c7IK TA\u015eAR 3. S\u0131n\u0131f Ar\u015f. G\u00f6r. DO\u011eAN MERT AKDEM\u0130R 4. S\u0131n\u0131f Ar\u015f. G\u00f6r. DO\u011eAN MERT AKDEM\u0130R","og_url":"http:\/\/ticaret.edu.tr\/uluslararasi-ticaret\/ogrenci-danismanlari\/","og_site_name":"Uluslararas\u0131 Ticaret","article_publisher":"https:\/\/www.facebook.com\/ticaretedutr","article_modified_time":"2026-02-11T12:29:18+00:00","og_image":[{"width":1250,"height":833,"url":"http:\/\/ticaret.edu.tr\/uluslararasi-ticaret\/wp-content\/uploads\/sites\/18\/2021\/11\/web_logo-01.jpg","type":"image\/jpeg"}],"twitter_card":"summary_large_image","twitter_site":"@ticaretedutr","twitter_misc":{"Tahmini okuma s\u00fcresi":"1 dakika"},"schema":{"@context":"https:\/\/schema.org","@graph":[{"@type":"WebPage","@id":"http:\/\/ticaret.edu.tr\/uluslararasi-ticaret\/ogrenci-danismanlari\/","url":"http:\/\/ticaret.edu.tr\/uluslararasi-ticaret\/ogrenci-danismanlari\/","name":"\u00d6\u011frenci Dan\u0131\u015fmanlar\u0131 - Uluslararas\u0131 Ticaret","isPartOf":{"@id":"https:\/\/ticaret.edu.tr\/uluslararasi-ticaret\/#website"},"datePublished":"2025-01-26T14:01:32+00:00","dateModified":"2026-02-11T12:29:18+00:00","breadcrumb":{"@id":"http:\/\/ticaret.edu.tr\/uluslararasi-ticaret\/ogrenci-danismanlari\/#breadcrumb"},"inLanguage":"tr","potentialAction":[{"@type":"ReadAction","target":["http:\/\/ticaret.edu.tr\/uluslararasi-ticaret\/ogrenci-danismanlari\/"]}]},{"@type":"BreadcrumbList","@id":"http:\/\/ticaret.edu.tr\/uluslararasi-ticaret\/ogrenci-danismanlari\/#breadcrumb","itemListElement":[{"@type":"ListItem","position":1,"name":"Ana sayfa","item":"https:\/\/ticaret.edu.tr\/uluslararasi-ticaret\/"},{"@type":"ListItem","position":2,"name":"\u00d6\u011frenci Dan\u0131\u015fmanlar\u0131"}]},{"@type":"WebSite","@id":"https:\/\/ticaret.edu.tr\/uluslararasi-ticaret\/#website","url":"https:\/\/ticaret.edu.tr\/uluslararasi-ticaret\/","name":"Uluslararas\u0131 Ticaret","description":"","potentialAction":[{"@type":"SearchAction","target":{"@type":"EntryPoint","urlTemplate":"https:\/\/ticaret.edu.tr\/uluslararasi-ticaret\/?s={search_term_string}"},"query-input":"required name=search_term_string"}],"inLanguage":"tr"}]}},"lang":"tr","translations":{"en":1363,"tr":1361},"pll_sync_post":[],"_links":{"self":[{"href":"http:\/\/ticaret.edu.tr\/uluslararasi-ticaret\/wp-json\/wp\/v2\/pages\/1361"}],"collection":[{"href":"http:\/\/ticaret.edu.tr\/uluslararasi-ticaret\/wp-json\/wp\/v2\/pages"}],"about":[{"href":"http:\/\/ticaret.edu.tr\/uluslararasi-ticaret\/wp-json\/wp\/v2\/types\/page"}],"author":[{"embeddable":true,"href":"http:\/\/ticaret.edu.tr\/uluslararasi-ticaret\/wp-json\/wp\/v2\/users\/215"}],"replies":[{"embeddable":true,"href":"http:\/\/ticaret.edu.tr\/uluslararasi-ticaret\/wp-json\/wp\/v2\/comments?post=1361"}],"version-history":[{"count":4,"href":"http:\/\/ticaret.edu.tr\/uluslararasi-ticaret\/wp-json\/wp\/v2\/pages\/1361\/revisions"}],"predecessor-version":[{"id":2200,"href":"http:\/\/ticaret.edu.tr\/uluslararasi-ticaret\/wp-json\/wp\/v2\/pages\/1361\/revisions\/2200"}],"wp:attachment":[{"href":"http:\/\/ticaret.edu.tr\/uluslararasi-ticaret\/wp-json\/wp\/v2\/media?parent=1361"}],"curies":[{"name":"wp","href":"https:\/\/api.w.org\/{rel}","templated":true}]}}