{"id":1428,"date":"2025-01-26T18:28:25","date_gmt":"2025-01-26T15:28:25","guid":{"rendered":"https:\/\/ticaret.edu.tr\/uluslararasi-ticaret\/?page_id=1428"},"modified":"2025-03-10T11:19:48","modified_gmt":"2025-03-10T08:19:48","slug":"cap-yandal-yatay-gecis","status":"publish","type":"page","link":"http:\/\/ticaret.edu.tr\/uluslararasi-ticaret\/cap-yandal-yatay-gecis\/","title":{"rendered":"\u00c7ap-Yandal \/ Yatay Ge\u00e7i\u015f"},"content":{"rendered":"<p>B\u00f6l\u00fcm\u00fcm\u00fcz \u00e7ift anadal ve yan dal programlar\u0131n\u0131n uygulanmas\u0131\u00a0<b><i>\u201c\u0130stanbul Ticaret \u00dcniversitesi \u00c7ift Anadal ve Yan Dal Programlar\u0131 Y\u00f6netmeli\u011fi\u201d<\/i><\/b>\u00a0kapsam\u0131nda y\u00fcr\u00fct\u00fcl\u00fcr (Bkz.\u00a0<a href=\"https:\/\/www.mevzuat.gov.tr\/mevzuat?MevzuatNo=7266&amp;MevzuatTur=8&amp;MevzuatTertip=5\">https:\/\/www.mevzuat.gov.tr\/mevzuat?MevzuatNo=7266&amp;MevzuatTur=8&amp;MevzuatTertip=5<\/a>). \u00c7ap ve Yan Dal Ba\u015fvuru ve Kay\u0131t i\u015flemlerine y\u00f6nelik ak\u0131\u015f \u015femas\u0131 i\u00e7in\u00a0<a href=\"http:\/\/ticaret.edu.tr\/endustri-muhendisligi\/wp-content\/uploads\/sites\/21\/2022\/10\/EK-1.-Cap-ve-Yan-Dal-Basvuru-ve-Kayit-Is-Akis-Semasi.pdf\">t\u0131klay\u0131n\u0131z.<\/a><\/p>\n<p style=\"font-weight: 400\"><em><strong><a href=\"https:\/\/www.mevzuat.gov.tr\/mevzuat?MevzuatNo=13948&amp;MevzuatTur=7&amp;MevzuatTertip=5\">Y\u00dcKSEK\u00d6\u011eRET\u0130M KURUMLARINDA \u00d6NL\u0130SANS VE L\u0130SANS D\u00dcZEY\u0130NDEK\u0130 PROGRAMLAR ARASINDA GE\u00c7\u0130\u015e, \u00c7\u0130FT ANADAL, YAN DAL \u0130LE KURUMLAR ARASI KRED\u0130 TRANSFER\u0130 YAPILMASI ESASLARINA \u0130L\u0130\u015eK\u0130N Y\u00d6NETMEL\u0130K<\/a>\u00a0<\/strong><\/em>i\u00e7in t\u0131klay\u0131n\u0131z.<\/p>\n","protected":false},"excerpt":{"rendered":"<p>B\u00f6l\u00fcm\u00fcm\u00fcz \u00e7ift anadal ve yan dal programlar\u0131n\u0131n uygulanmas\u0131\u00a0\u201c\u0130stanbul Ticaret \u00dcniversitesi \u00c7ift Anadal ve Yan Dal Programlar\u0131 Y\u00f6netmeli\u011fi\u201d\u00a0kapsam\u0131nda y\u00fcr\u00fct\u00fcl\u00fcr (Bkz.\u00a0https:\/\/www.mevzuat.gov.tr\/mevzuat?MevzuatNo=7266&amp;MevzuatTur=8&amp;MevzuatTertip=5). \u00c7ap ve Yan Dal Ba\u015fvuru ve Kay\u0131t i\u015flemlerine y\u00f6nelik ak\u0131\u015f \u015femas\u0131 i\u00e7in\u00a0t\u0131klay\u0131n\u0131z. Y\u00dcKSEK\u00d6\u011eRET\u0130M KURUMLARINDA \u00d6NL\u0130SANS VE L\u0130SANS D\u00dcZEY\u0130NDEK\u0130 PROGRAMLAR ARASINDA GE\u00c7\u0130\u015e, \u00c7\u0130FT ANADAL, YAN DAL \u0130LE KURUMLAR ARASI KRED\u0130 TRANSFER\u0130 YAPILMASI ESASLARINA \u0130L\u0130\u015eK\u0130N Y\u00d6NETMEL\u0130K\u00a0i\u00e7in t\u0131klay\u0131n\u0131z.<\/p>\n","protected":false},"author":215,"featured_media":0,"parent":0,"menu_order":0,"comment_status":"closed","ping_status":"closed","template":"genel_sayfa.php","meta":{"footnotes":""},"yoast_head":"<!-- This site is optimized with the Yoast SEO Premium plugin v22.1 (Yoast SEO v22.1) - https:\/\/yoast.com\/wordpress\/plugins\/seo\/ -->\n<title>\u00c7ap-Yandal \/ Yatay Ge\u00e7i\u015f - Uluslararas\u0131 Ticaret<\/title>\n<meta name=\"robots\" content=\"index, follow, max-snippet:-1, max-image-preview:large, max-video-preview:-1\" \/>\n<link rel=\"canonical\" href=\"http:\/\/ticaret.edu.tr\/uluslararasi-ticaret\/cap-yandal-yatay-gecis\/\" \/>\n<meta property=\"og:locale\" content=\"tr_TR\" \/>\n<meta property=\"og:type\" content=\"article\" \/>\n<meta property=\"og:title\" content=\"\u00c7ap-Yandal \/ Yatay Ge\u00e7i\u015f\" \/>\n<meta property=\"og:description\" content=\"B\u00f6l\u00fcm\u00fcm\u00fcz \u00e7ift anadal ve yan dal programlar\u0131n\u0131n uygulanmas\u0131\u00a0\u201c\u0130stanbul Ticaret \u00dcniversitesi \u00c7ift Anadal ve Yan Dal Programlar\u0131 Y\u00f6netmeli\u011fi\u201d\u00a0kapsam\u0131nda y\u00fcr\u00fct\u00fcl\u00fcr (Bkz.\u00a0https:\/\/www.mevzuat.gov.tr\/mevzuat?MevzuatNo=7266&amp;MevzuatTur=8&amp;MevzuatTertip=5). \u00c7ap ve Yan Dal Ba\u015fvuru ve Kay\u0131t i\u015flemlerine y\u00f6nelik ak\u0131\u015f \u015femas\u0131 i\u00e7in\u00a0t\u0131klay\u0131n\u0131z. Y\u00dcKSEK\u00d6\u011eRET\u0130M KURUMLARINDA \u00d6NL\u0130SANS VE L\u0130SANS D\u00dcZEY\u0130NDEK\u0130 PROGRAMLAR ARASINDA GE\u00c7\u0130\u015e, \u00c7\u0130FT ANADAL, YAN DAL \u0130LE KURUMLAR ARASI KRED\u0130 TRANSFER\u0130 YAPILMASI ESASLARINA \u0130L\u0130\u015eK\u0130N Y\u00d6NETMEL\u0130K\u00a0i\u00e7in t\u0131klay\u0131n\u0131z.\" \/>\n<meta property=\"og:url\" content=\"http:\/\/ticaret.edu.tr\/uluslararasi-ticaret\/cap-yandal-yatay-gecis\/\" \/>\n<meta property=\"og:site_name\" content=\"Uluslararas\u0131 Ticaret\" \/>\n<meta property=\"article:publisher\" content=\"https:\/\/www.facebook.com\/ticaretedutr\" \/>\n<meta property=\"article:modified_time\" content=\"2025-03-10T08:19:48+00:00\" \/>\n<meta property=\"og:image\" content=\"http:\/\/ticaret.edu.tr\/uluslararasi-ticaret\/wp-content\/uploads\/sites\/18\/2021\/11\/web_logo-01.jpg\" \/>\n\t<meta property=\"og:image:width\" content=\"1250\" \/>\n\t<meta property=\"og:image:height\" content=\"833\" \/>\n\t<meta property=\"og:image:type\" content=\"image\/jpeg\" \/>\n<meta name=\"twitter:card\" content=\"summary_large_image\" \/>\n<meta name=\"twitter:site\" content=\"@ticaretedutr\" \/>\n<meta name=\"twitter:label1\" content=\"Tahmini okuma s\u00fcresi\" \/>\n\t<meta name=\"twitter:data1\" content=\"1 dakika\" \/>\n<script type=\"application\/ld+json\" class=\"yoast-schema-graph\">{\"@context\":\"https:\/\/schema.org\",\"@graph\":[{\"@type\":\"WebPage\",\"@id\":\"http:\/\/ticaret.edu.tr\/uluslararasi-ticaret\/cap-yandal-yatay-gecis\/\",\"url\":\"http:\/\/ticaret.edu.tr\/uluslararasi-ticaret\/cap-yandal-yatay-gecis\/\",\"name\":\"\u00c7ap-Yandal \/ Yatay Ge\u00e7i\u015f - Uluslararas\u0131 Ticaret\",\"isPartOf\":{\"@id\":\"https:\/\/ticaret.edu.tr\/uluslararasi-ticaret\/#website\"},\"datePublished\":\"2025-01-26T15:28:25+00:00\",\"dateModified\":\"2025-03-10T08:19:48+00:00\",\"breadcrumb\":{\"@id\":\"http:\/\/ticaret.edu.tr\/uluslararasi-ticaret\/cap-yandal-yatay-gecis\/#breadcrumb\"},\"inLanguage\":\"tr\",\"potentialAction\":[{\"@type\":\"ReadAction\",\"target\":[\"http:\/\/ticaret.edu.tr\/uluslararasi-ticaret\/cap-yandal-yatay-gecis\/\"]}]},{\"@type\":\"BreadcrumbList\",\"@id\":\"http:\/\/ticaret.edu.tr\/uluslararasi-ticaret\/cap-yandal-yatay-gecis\/#breadcrumb\",\"itemListElement\":[{\"@type\":\"ListItem\",\"position\":1,\"name\":\"Ana sayfa\",\"item\":\"https:\/\/ticaret.edu.tr\/uluslararasi-ticaret\/\"},{\"@type\":\"ListItem\",\"position\":2,\"name\":\"\u00c7ap-Yandal \/ Yatay Ge\u00e7i\u015f\"}]},{\"@type\":\"WebSite\",\"@id\":\"https:\/\/ticaret.edu.tr\/uluslararasi-ticaret\/#website\",\"url\":\"https:\/\/ticaret.edu.tr\/uluslararasi-ticaret\/\",\"name\":\"Uluslararas\u0131 Ticaret\",\"description\":\"\",\"potentialAction\":[{\"@type\":\"SearchAction\",\"target\":{\"@type\":\"EntryPoint\",\"urlTemplate\":\"https:\/\/ticaret.edu.tr\/uluslararasi-ticaret\/?s={search_term_string}\"},\"query-input\":\"required name=search_term_string\"}],\"inLanguage\":\"tr\"}]}<\/script>\n<!-- \/ Yoast SEO Premium plugin. -->","yoast_head_json":{"title":"\u00c7ap-Yandal \/ Yatay Ge\u00e7i\u015f - Uluslararas\u0131 Ticaret","robots":{"index":"index","follow":"follow","max-snippet":"max-snippet:-1","max-image-preview":"max-image-preview:large","max-video-preview":"max-video-preview:-1"},"canonical":"http:\/\/ticaret.edu.tr\/uluslararasi-ticaret\/cap-yandal-yatay-gecis\/","og_locale":"tr_TR","og_type":"article","og_title":"\u00c7ap-Yandal \/ Yatay Ge\u00e7i\u015f","og_description":"B\u00f6l\u00fcm\u00fcm\u00fcz \u00e7ift anadal ve yan dal programlar\u0131n\u0131n uygulanmas\u0131\u00a0\u201c\u0130stanbul Ticaret \u00dcniversitesi \u00c7ift Anadal ve Yan Dal Programlar\u0131 Y\u00f6netmeli\u011fi\u201d\u00a0kapsam\u0131nda y\u00fcr\u00fct\u00fcl\u00fcr (Bkz.\u00a0https:\/\/www.mevzuat.gov.tr\/mevzuat?MevzuatNo=7266&amp;MevzuatTur=8&amp;MevzuatTertip=5). \u00c7ap ve Yan Dal Ba\u015fvuru ve Kay\u0131t i\u015flemlerine y\u00f6nelik ak\u0131\u015f \u015femas\u0131 i\u00e7in\u00a0t\u0131klay\u0131n\u0131z. Y\u00dcKSEK\u00d6\u011eRET\u0130M KURUMLARINDA \u00d6NL\u0130SANS VE L\u0130SANS D\u00dcZEY\u0130NDEK\u0130 PROGRAMLAR ARASINDA GE\u00c7\u0130\u015e, \u00c7\u0130FT ANADAL, YAN DAL \u0130LE KURUMLAR ARASI KRED\u0130 TRANSFER\u0130 YAPILMASI ESASLARINA \u0130L\u0130\u015eK\u0130N Y\u00d6NETMEL\u0130K\u00a0i\u00e7in t\u0131klay\u0131n\u0131z.","og_url":"http:\/\/ticaret.edu.tr\/uluslararasi-ticaret\/cap-yandal-yatay-gecis\/","og_site_name":"Uluslararas\u0131 Ticaret","article_publisher":"https:\/\/www.facebook.com\/ticaretedutr","article_modified_time":"2025-03-10T08:19:48+00:00","og_image":[{"width":1250,"height":833,"url":"http:\/\/ticaret.edu.tr\/uluslararasi-ticaret\/wp-content\/uploads\/sites\/18\/2021\/11\/web_logo-01.jpg","type":"image\/jpeg"}],"twitter_card":"summary_large_image","twitter_site":"@ticaretedutr","twitter_misc":{"Tahmini okuma s\u00fcresi":"1 dakika"},"schema":{"@context":"https:\/\/schema.org","@graph":[{"@type":"WebPage","@id":"http:\/\/ticaret.edu.tr\/uluslararasi-ticaret\/cap-yandal-yatay-gecis\/","url":"http:\/\/ticaret.edu.tr\/uluslararasi-ticaret\/cap-yandal-yatay-gecis\/","name":"\u00c7ap-Yandal \/ Yatay Ge\u00e7i\u015f - Uluslararas\u0131 Ticaret","isPartOf":{"@id":"https:\/\/ticaret.edu.tr\/uluslararasi-ticaret\/#website"},"datePublished":"2025-01-26T15:28:25+00:00","dateModified":"2025-03-10T08:19:48+00:00","breadcrumb":{"@id":"http:\/\/ticaret.edu.tr\/uluslararasi-ticaret\/cap-yandal-yatay-gecis\/#breadcrumb"},"inLanguage":"tr","potentialAction":[{"@type":"ReadAction","target":["http:\/\/ticaret.edu.tr\/uluslararasi-ticaret\/cap-yandal-yatay-gecis\/"]}]},{"@type":"BreadcrumbList","@id":"http:\/\/ticaret.edu.tr\/uluslararasi-ticaret\/cap-yandal-yatay-gecis\/#breadcrumb","itemListElement":[{"@type":"ListItem","position":1,"name":"Ana sayfa","item":"https:\/\/ticaret.edu.tr\/uluslararasi-ticaret\/"},{"@type":"ListItem","position":2,"name":"\u00c7ap-Yandal \/ Yatay Ge\u00e7i\u015f"}]},{"@type":"WebSite","@id":"https:\/\/ticaret.edu.tr\/uluslararasi-ticaret\/#website","url":"https:\/\/ticaret.edu.tr\/uluslararasi-ticaret\/","name":"Uluslararas\u0131 Ticaret","description":"","potentialAction":[{"@type":"SearchAction","target":{"@type":"EntryPoint","urlTemplate":"https:\/\/ticaret.edu.tr\/uluslararasi-ticaret\/?s={search_term_string}"},"query-input":"required name=search_term_string"}],"inLanguage":"tr"}]}},"lang":"tr","translations":{"en":1430,"tr":1428},"pll_sync_post":[],"_links":{"self":[{"href":"http:\/\/ticaret.edu.tr\/uluslararasi-ticaret\/wp-json\/wp\/v2\/pages\/1428"}],"collection":[{"href":"http:\/\/ticaret.edu.tr\/uluslararasi-ticaret\/wp-json\/wp\/v2\/pages"}],"about":[{"href":"http:\/\/ticaret.edu.tr\/uluslararasi-ticaret\/wp-json\/wp\/v2\/types\/page"}],"author":[{"embeddable":true,"href":"http:\/\/ticaret.edu.tr\/uluslararasi-ticaret\/wp-json\/wp\/v2\/users\/215"}],"replies":[{"embeddable":true,"href":"http:\/\/ticaret.edu.tr\/uluslararasi-ticaret\/wp-json\/wp\/v2\/comments?post=1428"}],"version-history":[{"count":5,"href":"http:\/\/ticaret.edu.tr\/uluslararasi-ticaret\/wp-json\/wp\/v2\/pages\/1428\/revisions"}],"predecessor-version":[{"id":1842,"href":"http:\/\/ticaret.edu.tr\/uluslararasi-ticaret\/wp-json\/wp\/v2\/pages\/1428\/revisions\/1842"}],"wp:attachment":[{"href":"http:\/\/ticaret.edu.tr\/uluslararasi-ticaret\/wp-json\/wp\/v2\/media?parent=1428"}],"curies":[{"name":"wp","href":"https:\/\/api.w.org\/{rel}","templated":true}]}}