{"id":1432,"date":"2025-01-26T18:29:49","date_gmt":"2025-01-26T15:29:49","guid":{"rendered":"https:\/\/ticaret.edu.tr\/uluslararasi-ticaret\/?page_id=1432"},"modified":"2025-03-10T11:20:06","modified_gmt":"2025-03-10T08:20:06","slug":"ogrenci-degisim-programlari-erasmus","status":"publish","type":"page","link":"http:\/\/ticaret.edu.tr\/uluslararasi-ticaret\/ogrenci-degisim-programlari-erasmus\/","title":{"rendered":"\u00d6\u011frenci De\u011fi\u015fim Programlar\u0131 \/ Erasmus"},"content":{"rendered":"<p><strong>Erasmus+ Kapsam\u0131nda \u00d6\u011frenci De\u011fi\u015fimi Yap\u0131lan \u00dcniversiteler<\/strong><\/p>\n<p>Karel de Grote Hogeschool Antwerpen (Bel\u00e7ika)<br \/>\nHochschule Bochum (Almanya)<br \/>\nUniversit\u00e4t Bremen (Almanya)<br \/>\nUniversidad de Granada (\u0130spanya)<br \/>\nUniversit\u00e0 degli Studi di Parma (\u0130talya)<br \/>\nAlytaus Kolegija (Litvanya)<br \/>\nStichting Fontys (Hollanda)<br \/>\nStichting Hogeschool Utrecht (Hollanda)<br \/>\nUniwersytet \u0141\u00f3dzki (Polonya)<br \/>\nWy\u017csza Szko\u0142a Handlu i Us\u0142ug w Poznaniu (Polonya)<br \/>\nAkademia Ekonomiczno-Humanistycznaw Warszawie (Polonya)<\/p>\n<p><strong>Erasmus+ Staj Hareketlili\u011fi<\/strong><\/p>\n<p>Erasmus+ staj hareketlili\u011fi, \u00f6\u011frencilere yurtd\u0131\u015f\u0131nda 2 ila 12 ay boyunca staj yapma f\u0131rsat\u0131 sunar. \u00d6\u011frenciler, her e\u011fitim kademesinde (lisans, y\u00fcksek lisans, doktora) toplamda 12 aya kadar hibeyle yurtd\u0131\u015f\u0131nda e\u011fitim veya staj yapabilirler.<\/p>\n<p><em>Ko\u015fullar<\/em>:<\/p>\n<p>\u00d6\u011frencilerin, tan\u0131nm\u0131\u015f bir y\u00fcksek\u00f6\u011fretim kurumuna kay\u0131tl\u0131 olmas\u0131 ve tan\u0131nan bir diploma program\u0131na devam ediyor olmas\u0131 gereklidir.<br \/>\nStaj yap\u0131lacak kurulu\u015flar, kamu veya \u00f6zel sekt\u00f6rde faaliyet g\u00f6steren kurulu\u015flar olabilir.<\/p>\n<p>Her y\u0131l Mart ay\u0131nda ba\u015fvurular ba\u015flar, duyurular ise \u015eubat sonunda yap\u0131l\u0131r.<\/p>\n<p>&#8212;<\/p>\n<p><strong>Erasmus B\u00f6l\u00fcm Koordinat\u00f6r\u00fc<\/strong>: Do\u00e7. Dr. Cihat K\u00d6KSAL<\/p>\n","protected":false},"excerpt":{"rendered":"<p>Erasmus+ Kapsam\u0131nda \u00d6\u011frenci De\u011fi\u015fimi Yap\u0131lan \u00dcniversiteler Karel de Grote Hogeschool Antwerpen (Bel\u00e7ika) Hochschule Bochum (Almanya) Universit\u00e4t Bremen (Almanya) Universidad de Granada (\u0130spanya) Universit\u00e0 degli Studi di Parma (\u0130talya) Alytaus Kolegija (Litvanya) Stichting Fontys (Hollanda) Stichting Hogeschool Utrecht (Hollanda) Uniwersytet \u0141\u00f3dzki (Polonya) Wy\u017csza Szko\u0142a Handlu i Us\u0142ug w Poznaniu (Polonya) Akademia Ekonomiczno-Humanistycznaw Warszawie (Polonya) Erasmus+ Staj [&hellip;]<\/p>\n","protected":false},"author":215,"featured_media":0,"parent":0,"menu_order":0,"comment_status":"closed","ping_status":"closed","template":"genel_sayfa.php","meta":{"footnotes":""},"yoast_head":"<!-- This site is optimized with the Yoast SEO Premium plugin v22.1 (Yoast SEO v22.1) - https:\/\/yoast.com\/wordpress\/plugins\/seo\/ -->\n<title>\u00d6\u011frenci De\u011fi\u015fim Programlar\u0131 \/ Erasmus - Uluslararas\u0131 Ticaret<\/title>\n<meta name=\"robots\" content=\"index, follow, max-snippet:-1, max-image-preview:large, max-video-preview:-1\" \/>\n<link rel=\"canonical\" href=\"https:\/\/ticaret.edu.tr\/uluslararasi-ticaret\/ogrenci-degisim-programlari-erasmus\/\" \/>\n<meta property=\"og:locale\" content=\"tr_TR\" \/>\n<meta property=\"og:type\" content=\"article\" \/>\n<meta property=\"og:title\" content=\"\u00d6\u011frenci De\u011fi\u015fim Programlar\u0131 \/ Erasmus\" \/>\n<meta property=\"og:description\" content=\"Erasmus+ Kapsam\u0131nda \u00d6\u011frenci De\u011fi\u015fimi Yap\u0131lan \u00dcniversiteler Karel de Grote Hogeschool Antwerpen (Bel\u00e7ika) Hochschule Bochum (Almanya) Universit\u00e4t Bremen (Almanya) Universidad de Granada (\u0130spanya) Universit\u00e0 degli Studi di Parma (\u0130talya) Alytaus Kolegija (Litvanya) Stichting Fontys (Hollanda) Stichting Hogeschool Utrecht (Hollanda) Uniwersytet \u0141\u00f3dzki (Polonya) Wy\u017csza Szko\u0142a Handlu i Us\u0142ug w Poznaniu (Polonya) Akademia Ekonomiczno-Humanistycznaw Warszawie (Polonya) Erasmus+ Staj [&hellip;]\" \/>\n<meta property=\"og:url\" content=\"https:\/\/ticaret.edu.tr\/uluslararasi-ticaret\/ogrenci-degisim-programlari-erasmus\/\" \/>\n<meta property=\"og:site_name\" content=\"Uluslararas\u0131 Ticaret\" \/>\n<meta property=\"article:publisher\" content=\"https:\/\/www.facebook.com\/ticaretedutr\" \/>\n<meta property=\"article:modified_time\" content=\"2025-03-10T08:20:06+00:00\" \/>\n<meta property=\"og:image\" content=\"http:\/\/ticaret.edu.tr\/uluslararasi-ticaret\/wp-content\/uploads\/sites\/18\/2021\/11\/web_logo-01.jpg\" \/>\n\t<meta property=\"og:image:width\" content=\"1250\" \/>\n\t<meta property=\"og:image:height\" content=\"833\" \/>\n\t<meta property=\"og:image:type\" content=\"image\/jpeg\" \/>\n<meta name=\"twitter:card\" content=\"summary_large_image\" \/>\n<meta name=\"twitter:site\" content=\"@ticaretedutr\" \/>\n<meta name=\"twitter:label1\" content=\"Tahmini okuma s\u00fcresi\" \/>\n\t<meta name=\"twitter:data1\" content=\"1 dakika\" \/>\n<script type=\"application\/ld+json\" class=\"yoast-schema-graph\">{\"@context\":\"https:\/\/schema.org\",\"@graph\":[{\"@type\":\"WebPage\",\"@id\":\"https:\/\/ticaret.edu.tr\/uluslararasi-ticaret\/ogrenci-degisim-programlari-erasmus\/\",\"url\":\"https:\/\/ticaret.edu.tr\/uluslararasi-ticaret\/ogrenci-degisim-programlari-erasmus\/\",\"name\":\"\u00d6\u011frenci De\u011fi\u015fim Programlar\u0131 \/ Erasmus - Uluslararas\u0131 Ticaret\",\"isPartOf\":{\"@id\":\"https:\/\/ticaret.edu.tr\/uluslararasi-ticaret\/#website\"},\"datePublished\":\"2025-01-26T15:29:49+00:00\",\"dateModified\":\"2025-03-10T08:20:06+00:00\",\"breadcrumb\":{\"@id\":\"https:\/\/ticaret.edu.tr\/uluslararasi-ticaret\/ogrenci-degisim-programlari-erasmus\/#breadcrumb\"},\"inLanguage\":\"tr\",\"potentialAction\":[{\"@type\":\"ReadAction\",\"target\":[\"https:\/\/ticaret.edu.tr\/uluslararasi-ticaret\/ogrenci-degisim-programlari-erasmus\/\"]}]},{\"@type\":\"BreadcrumbList\",\"@id\":\"https:\/\/ticaret.edu.tr\/uluslararasi-ticaret\/ogrenci-degisim-programlari-erasmus\/#breadcrumb\",\"itemListElement\":[{\"@type\":\"ListItem\",\"position\":1,\"name\":\"Ana sayfa\",\"item\":\"https:\/\/ticaret.edu.tr\/uluslararasi-ticaret\/\"},{\"@type\":\"ListItem\",\"position\":2,\"name\":\"\u00d6\u011frenci De\u011fi\u015fim Programlar\u0131 \/ Erasmus\"}]},{\"@type\":\"WebSite\",\"@id\":\"https:\/\/ticaret.edu.tr\/uluslararasi-ticaret\/#website\",\"url\":\"https:\/\/ticaret.edu.tr\/uluslararasi-ticaret\/\",\"name\":\"Uluslararas\u0131 Ticaret\",\"description\":\"\",\"potentialAction\":[{\"@type\":\"SearchAction\",\"target\":{\"@type\":\"EntryPoint\",\"urlTemplate\":\"https:\/\/ticaret.edu.tr\/uluslararasi-ticaret\/?s={search_term_string}\"},\"query-input\":\"required name=search_term_string\"}],\"inLanguage\":\"tr\"}]}<\/script>\n<!-- \/ Yoast SEO Premium plugin. -->","yoast_head_json":{"title":"\u00d6\u011frenci De\u011fi\u015fim Programlar\u0131 \/ Erasmus - Uluslararas\u0131 Ticaret","robots":{"index":"index","follow":"follow","max-snippet":"max-snippet:-1","max-image-preview":"max-image-preview:large","max-video-preview":"max-video-preview:-1"},"canonical":"https:\/\/ticaret.edu.tr\/uluslararasi-ticaret\/ogrenci-degisim-programlari-erasmus\/","og_locale":"tr_TR","og_type":"article","og_title":"\u00d6\u011frenci De\u011fi\u015fim Programlar\u0131 \/ Erasmus","og_description":"Erasmus+ Kapsam\u0131nda \u00d6\u011frenci De\u011fi\u015fimi Yap\u0131lan \u00dcniversiteler Karel de Grote Hogeschool Antwerpen (Bel\u00e7ika) Hochschule Bochum (Almanya) Universit\u00e4t Bremen (Almanya) Universidad de Granada (\u0130spanya) Universit\u00e0 degli Studi di Parma (\u0130talya) Alytaus Kolegija (Litvanya) Stichting Fontys (Hollanda) Stichting Hogeschool Utrecht (Hollanda) Uniwersytet \u0141\u00f3dzki (Polonya) Wy\u017csza Szko\u0142a Handlu i Us\u0142ug w Poznaniu (Polonya) Akademia Ekonomiczno-Humanistycznaw Warszawie (Polonya) Erasmus+ Staj [&hellip;]","og_url":"https:\/\/ticaret.edu.tr\/uluslararasi-ticaret\/ogrenci-degisim-programlari-erasmus\/","og_site_name":"Uluslararas\u0131 Ticaret","article_publisher":"https:\/\/www.facebook.com\/ticaretedutr","article_modified_time":"2025-03-10T08:20:06+00:00","og_image":[{"width":1250,"height":833,"url":"http:\/\/ticaret.edu.tr\/uluslararasi-ticaret\/wp-content\/uploads\/sites\/18\/2021\/11\/web_logo-01.jpg","type":"image\/jpeg"}],"twitter_card":"summary_large_image","twitter_site":"@ticaretedutr","twitter_misc":{"Tahmini okuma s\u00fcresi":"1 dakika"},"schema":{"@context":"https:\/\/schema.org","@graph":[{"@type":"WebPage","@id":"https:\/\/ticaret.edu.tr\/uluslararasi-ticaret\/ogrenci-degisim-programlari-erasmus\/","url":"https:\/\/ticaret.edu.tr\/uluslararasi-ticaret\/ogrenci-degisim-programlari-erasmus\/","name":"\u00d6\u011frenci De\u011fi\u015fim Programlar\u0131 \/ Erasmus - Uluslararas\u0131 Ticaret","isPartOf":{"@id":"https:\/\/ticaret.edu.tr\/uluslararasi-ticaret\/#website"},"datePublished":"2025-01-26T15:29:49+00:00","dateModified":"2025-03-10T08:20:06+00:00","breadcrumb":{"@id":"https:\/\/ticaret.edu.tr\/uluslararasi-ticaret\/ogrenci-degisim-programlari-erasmus\/#breadcrumb"},"inLanguage":"tr","potentialAction":[{"@type":"ReadAction","target":["https:\/\/ticaret.edu.tr\/uluslararasi-ticaret\/ogrenci-degisim-programlari-erasmus\/"]}]},{"@type":"BreadcrumbList","@id":"https:\/\/ticaret.edu.tr\/uluslararasi-ticaret\/ogrenci-degisim-programlari-erasmus\/#breadcrumb","itemListElement":[{"@type":"ListItem","position":1,"name":"Ana sayfa","item":"https:\/\/ticaret.edu.tr\/uluslararasi-ticaret\/"},{"@type":"ListItem","position":2,"name":"\u00d6\u011frenci De\u011fi\u015fim Programlar\u0131 \/ Erasmus"}]},{"@type":"WebSite","@id":"https:\/\/ticaret.edu.tr\/uluslararasi-ticaret\/#website","url":"https:\/\/ticaret.edu.tr\/uluslararasi-ticaret\/","name":"Uluslararas\u0131 Ticaret","description":"","potentialAction":[{"@type":"SearchAction","target":{"@type":"EntryPoint","urlTemplate":"https:\/\/ticaret.edu.tr\/uluslararasi-ticaret\/?s={search_term_string}"},"query-input":"required name=search_term_string"}],"inLanguage":"tr"}]}},"lang":"tr","translations":{"en":1434,"tr":1432},"pll_sync_post":[],"_links":{"self":[{"href":"http:\/\/ticaret.edu.tr\/uluslararasi-ticaret\/wp-json\/wp\/v2\/pages\/1432"}],"collection":[{"href":"http:\/\/ticaret.edu.tr\/uluslararasi-ticaret\/wp-json\/wp\/v2\/pages"}],"about":[{"href":"http:\/\/ticaret.edu.tr\/uluslararasi-ticaret\/wp-json\/wp\/v2\/types\/page"}],"author":[{"embeddable":true,"href":"http:\/\/ticaret.edu.tr\/uluslararasi-ticaret\/wp-json\/wp\/v2\/users\/215"}],"replies":[{"embeddable":true,"href":"http:\/\/ticaret.edu.tr\/uluslararasi-ticaret\/wp-json\/wp\/v2\/comments?post=1432"}],"version-history":[{"count":5,"href":"http:\/\/ticaret.edu.tr\/uluslararasi-ticaret\/wp-json\/wp\/v2\/pages\/1432\/revisions"}],"predecessor-version":[{"id":1843,"href":"http:\/\/ticaret.edu.tr\/uluslararasi-ticaret\/wp-json\/wp\/v2\/pages\/1432\/revisions\/1843"}],"wp:attachment":[{"href":"http:\/\/ticaret.edu.tr\/uluslararasi-ticaret\/wp-json\/wp\/v2\/media?parent=1432"}],"curies":[{"name":"wp","href":"https:\/\/api.w.org\/{rel}","templated":true}]}}