{"id":1434,"date":"2025-01-26T18:30:12","date_gmt":"2025-01-26T15:30:12","guid":{"rendered":"https:\/\/ticaret.edu.tr\/uluslararasi-ticaret\/?page_id=1434"},"modified":"2025-03-10T11:25:18","modified_gmt":"2025-03-10T08:25:18","slug":"student-exchange-programs-erasmus","status":"publish","type":"page","link":"http:\/\/ticaret.edu.tr\/uluslararasi-ticaret\/en\/student-exchange-programs-erasmus\/","title":{"rendered":"Student Exchange Programs \/ Erasmus"},"content":{"rendered":"<p><strong>Universities Participating in Student Exchange under Erasmus+<\/strong><\/p>\n<p>Karel de Grote Hogeschool Antwerpen (Belgium)<br \/>\nHochschule Bochum (Germany)<br \/>\nUniversit\u00e4t Bremen (Germany)<br \/>\nUniversidad de Granada (Spain)<br \/>\nUniversit\u00e0 degli Studi di Parma (Italy)<br \/>\nAlytaus Kolegija (Lithuania)<br \/>\nStichting Fontys (Netherlands)<br \/>\nStichting Hogeschool Utrecht (Netherlands)<br \/>\nUniwersytet \u0141\u00f3dzki (Poland)<br \/>\nWy\u017csza Szko\u0142a Handlu i Us\u0142ug w Poznaniu (Poland)<br \/>\nAkademia Ekonomiczno-Humanistyczna w Warszawie (Poland)<br \/>\nInternational University of Sarajevo (Bosnia and Herzegovina)<\/p>\n<p><strong>Erasmus+ Traineeship Mobility<\/strong><\/p>\n<p>Erasmus+ traineeship mobility offers students the opportunity to undertake an internship abroad for a period of 2 to 12 months. Students can study or complete an internship abroad with a grant for up to a total of 12 months at each level of education (bachelor&#8217;s, master&#8217;s, and doctoral).<\/p>\n<p><em>Conditions<\/em>:<\/p>\n<p>Students must be enrolled in a recognized higher education institution and be pursuing a recognized diploma program.<\/p>\n<p>Internship organizations can be organizations operating in the public or private sector.<\/p>\n<p>Applications start in March each year, and announcements are made at the end of February.<\/p>\n<p>&#8212;<\/p>\n<p><strong>Erasmus Department Coordinator<\/strong>: Assoc. Prof. Dr. Cihat K\u00d6KSAL<\/p>\n","protected":false},"excerpt":{"rendered":"<p>Universities Participating in Student Exchange under Erasmus+ Karel de Grote Hogeschool Antwerpen (Belgium) Hochschule Bochum (Germany) Universit\u00e4t Bremen (Germany) Universidad de Granada (Spain) Universit\u00e0 degli Studi di Parma (Italy) Alytaus Kolegija (Lithuania) Stichting Fontys (Netherlands) Stichting Hogeschool Utrecht (Netherlands) Uniwersytet \u0141\u00f3dzki (Poland) Wy\u017csza Szko\u0142a Handlu i Us\u0142ug w Poznaniu (Poland) Akademia Ekonomiczno-Humanistyczna w Warszawie (Poland) [&hellip;]<\/p>\n","protected":false},"author":215,"featured_media":0,"parent":0,"menu_order":0,"comment_status":"closed","ping_status":"closed","template":"genel_sayfa.php","meta":{"footnotes":""},"yoast_head":"<!-- This site is optimized with the Yoast SEO Premium plugin v22.1 (Yoast SEO v22.1) - https:\/\/yoast.com\/wordpress\/plugins\/seo\/ -->\n<title>Student Exchange Programs \/ Erasmus - Uluslararas\u0131 Ticaret<\/title>\n<meta name=\"robots\" content=\"index, follow, max-snippet:-1, max-image-preview:large, max-video-preview:-1\" \/>\n<link rel=\"canonical\" href=\"https:\/\/ticaret.edu.tr\/uluslararasi-ticaret\/en\/student-exchange-programs-erasmus\/\" \/>\n<meta property=\"og:locale\" content=\"tr_TR\" \/>\n<meta property=\"og:type\" content=\"article\" \/>\n<meta property=\"og:title\" content=\"Student Exchange Programs \/ Erasmus\" \/>\n<meta property=\"og:description\" content=\"Universities Participating in Student Exchange under Erasmus+ Karel de Grote Hogeschool Antwerpen (Belgium) Hochschule Bochum (Germany) Universit\u00e4t Bremen (Germany) Universidad de Granada (Spain) Universit\u00e0 degli Studi di Parma (Italy) Alytaus Kolegija (Lithuania) Stichting Fontys (Netherlands) Stichting Hogeschool Utrecht (Netherlands) Uniwersytet \u0141\u00f3dzki (Poland) Wy\u017csza Szko\u0142a Handlu i Us\u0142ug w Poznaniu (Poland) Akademia Ekonomiczno-Humanistyczna w Warszawie (Poland) [&hellip;]\" \/>\n<meta property=\"og:url\" content=\"https:\/\/ticaret.edu.tr\/uluslararasi-ticaret\/en\/student-exchange-programs-erasmus\/\" \/>\n<meta property=\"og:site_name\" content=\"Uluslararas\u0131 Ticaret\" \/>\n<meta property=\"article:publisher\" content=\"https:\/\/www.facebook.com\/ticaretedutr\" \/>\n<meta property=\"article:modified_time\" content=\"2025-03-10T08:25:18+00:00\" \/>\n<meta property=\"og:image\" content=\"http:\/\/ticaret.edu.tr\/uluslararasi-ticaret\/wp-content\/uploads\/sites\/18\/2021\/11\/web_logo-01.jpg\" \/>\n\t<meta property=\"og:image:width\" content=\"1250\" \/>\n\t<meta property=\"og:image:height\" content=\"833\" \/>\n\t<meta property=\"og:image:type\" content=\"image\/jpeg\" \/>\n<meta name=\"twitter:card\" content=\"summary_large_image\" \/>\n<meta name=\"twitter:site\" content=\"@ticaretedutr\" \/>\n<meta name=\"twitter:label1\" content=\"Tahmini okuma s\u00fcresi\" \/>\n\t<meta name=\"twitter:data1\" content=\"1 dakika\" \/>\n<script type=\"application\/ld+json\" class=\"yoast-schema-graph\">{\"@context\":\"https:\/\/schema.org\",\"@graph\":[{\"@type\":\"WebPage\",\"@id\":\"https:\/\/ticaret.edu.tr\/uluslararasi-ticaret\/en\/student-exchange-programs-erasmus\/\",\"url\":\"https:\/\/ticaret.edu.tr\/uluslararasi-ticaret\/en\/student-exchange-programs-erasmus\/\",\"name\":\"Student Exchange Programs \/ Erasmus - Uluslararas\u0131 Ticaret\",\"isPartOf\":{\"@id\":\"https:\/\/ticaret.edu.tr\/uluslararasi-ticaret\/#website\"},\"datePublished\":\"2025-01-26T15:30:12+00:00\",\"dateModified\":\"2025-03-10T08:25:18+00:00\",\"breadcrumb\":{\"@id\":\"https:\/\/ticaret.edu.tr\/uluslararasi-ticaret\/en\/student-exchange-programs-erasmus\/#breadcrumb\"},\"inLanguage\":\"tr\",\"potentialAction\":[{\"@type\":\"ReadAction\",\"target\":[\"https:\/\/ticaret.edu.tr\/uluslararasi-ticaret\/en\/student-exchange-programs-erasmus\/\"]}]},{\"@type\":\"BreadcrumbList\",\"@id\":\"https:\/\/ticaret.edu.tr\/uluslararasi-ticaret\/en\/student-exchange-programs-erasmus\/#breadcrumb\",\"itemListElement\":[{\"@type\":\"ListItem\",\"position\":1,\"name\":\"Ana sayfa\",\"item\":\"https:\/\/ticaret.edu.tr\/uluslararasi-ticaret\/\"},{\"@type\":\"ListItem\",\"position\":2,\"name\":\"Student Exchange Programs \/ Erasmus\"}]},{\"@type\":\"WebSite\",\"@id\":\"https:\/\/ticaret.edu.tr\/uluslararasi-ticaret\/#website\",\"url\":\"https:\/\/ticaret.edu.tr\/uluslararasi-ticaret\/\",\"name\":\"Uluslararas\u0131 Ticaret\",\"description\":\"\",\"potentialAction\":[{\"@type\":\"SearchAction\",\"target\":{\"@type\":\"EntryPoint\",\"urlTemplate\":\"https:\/\/ticaret.edu.tr\/uluslararasi-ticaret\/?s={search_term_string}\"},\"query-input\":\"required name=search_term_string\"}],\"inLanguage\":\"tr\"}]}<\/script>\n<!-- \/ Yoast SEO Premium plugin. -->","yoast_head_json":{"title":"Student Exchange Programs \/ Erasmus - Uluslararas\u0131 Ticaret","robots":{"index":"index","follow":"follow","max-snippet":"max-snippet:-1","max-image-preview":"max-image-preview:large","max-video-preview":"max-video-preview:-1"},"canonical":"https:\/\/ticaret.edu.tr\/uluslararasi-ticaret\/en\/student-exchange-programs-erasmus\/","og_locale":"tr_TR","og_type":"article","og_title":"Student Exchange Programs \/ Erasmus","og_description":"Universities Participating in Student Exchange under Erasmus+ Karel de Grote Hogeschool Antwerpen (Belgium) Hochschule Bochum (Germany) Universit\u00e4t Bremen (Germany) Universidad de Granada (Spain) Universit\u00e0 degli Studi di Parma (Italy) Alytaus Kolegija (Lithuania) Stichting Fontys (Netherlands) Stichting Hogeschool Utrecht (Netherlands) Uniwersytet \u0141\u00f3dzki (Poland) Wy\u017csza Szko\u0142a Handlu i Us\u0142ug w Poznaniu (Poland) Akademia Ekonomiczno-Humanistyczna w Warszawie (Poland) [&hellip;]","og_url":"https:\/\/ticaret.edu.tr\/uluslararasi-ticaret\/en\/student-exchange-programs-erasmus\/","og_site_name":"Uluslararas\u0131 Ticaret","article_publisher":"https:\/\/www.facebook.com\/ticaretedutr","article_modified_time":"2025-03-10T08:25:18+00:00","og_image":[{"width":1250,"height":833,"url":"http:\/\/ticaret.edu.tr\/uluslararasi-ticaret\/wp-content\/uploads\/sites\/18\/2021\/11\/web_logo-01.jpg","type":"image\/jpeg"}],"twitter_card":"summary_large_image","twitter_site":"@ticaretedutr","twitter_misc":{"Tahmini okuma s\u00fcresi":"1 dakika"},"schema":{"@context":"https:\/\/schema.org","@graph":[{"@type":"WebPage","@id":"https:\/\/ticaret.edu.tr\/uluslararasi-ticaret\/en\/student-exchange-programs-erasmus\/","url":"https:\/\/ticaret.edu.tr\/uluslararasi-ticaret\/en\/student-exchange-programs-erasmus\/","name":"Student Exchange Programs \/ Erasmus - Uluslararas\u0131 Ticaret","isPartOf":{"@id":"https:\/\/ticaret.edu.tr\/uluslararasi-ticaret\/#website"},"datePublished":"2025-01-26T15:30:12+00:00","dateModified":"2025-03-10T08:25:18+00:00","breadcrumb":{"@id":"https:\/\/ticaret.edu.tr\/uluslararasi-ticaret\/en\/student-exchange-programs-erasmus\/#breadcrumb"},"inLanguage":"tr","potentialAction":[{"@type":"ReadAction","target":["https:\/\/ticaret.edu.tr\/uluslararasi-ticaret\/en\/student-exchange-programs-erasmus\/"]}]},{"@type":"BreadcrumbList","@id":"https:\/\/ticaret.edu.tr\/uluslararasi-ticaret\/en\/student-exchange-programs-erasmus\/#breadcrumb","itemListElement":[{"@type":"ListItem","position":1,"name":"Ana sayfa","item":"https:\/\/ticaret.edu.tr\/uluslararasi-ticaret\/"},{"@type":"ListItem","position":2,"name":"Student Exchange Programs \/ Erasmus"}]},{"@type":"WebSite","@id":"https:\/\/ticaret.edu.tr\/uluslararasi-ticaret\/#website","url":"https:\/\/ticaret.edu.tr\/uluslararasi-ticaret\/","name":"Uluslararas\u0131 Ticaret","description":"","potentialAction":[{"@type":"SearchAction","target":{"@type":"EntryPoint","urlTemplate":"https:\/\/ticaret.edu.tr\/uluslararasi-ticaret\/?s={search_term_string}"},"query-input":"required name=search_term_string"}],"inLanguage":"tr"}]}},"lang":"en","translations":{"en":1434,"tr":1432},"pll_sync_post":[],"_links":{"self":[{"href":"http:\/\/ticaret.edu.tr\/uluslararasi-ticaret\/wp-json\/wp\/v2\/pages\/1434"}],"collection":[{"href":"http:\/\/ticaret.edu.tr\/uluslararasi-ticaret\/wp-json\/wp\/v2\/pages"}],"about":[{"href":"http:\/\/ticaret.edu.tr\/uluslararasi-ticaret\/wp-json\/wp\/v2\/types\/page"}],"author":[{"embeddable":true,"href":"http:\/\/ticaret.edu.tr\/uluslararasi-ticaret\/wp-json\/wp\/v2\/users\/215"}],"replies":[{"embeddable":true,"href":"http:\/\/ticaret.edu.tr\/uluslararasi-ticaret\/wp-json\/wp\/v2\/comments?post=1434"}],"version-history":[{"count":3,"href":"http:\/\/ticaret.edu.tr\/uluslararasi-ticaret\/wp-json\/wp\/v2\/pages\/1434\/revisions"}],"predecessor-version":[{"id":1851,"href":"http:\/\/ticaret.edu.tr\/uluslararasi-ticaret\/wp-json\/wp\/v2\/pages\/1434\/revisions\/1851"}],"wp:attachment":[{"href":"http:\/\/ticaret.edu.tr\/uluslararasi-ticaret\/wp-json\/wp\/v2\/media?parent=1434"}],"curies":[{"name":"wp","href":"https:\/\/api.w.org\/{rel}","templated":true}]}}