{"id":1444,"date":"2025-01-26T18:32:53","date_gmt":"2025-01-26T15:32:53","guid":{"rendered":"https:\/\/ticaret.edu.tr\/uluslararasi-ticaret\/?page_id=1444"},"modified":"2025-02-11T16:16:26","modified_gmt":"2025-02-11T13:16:26","slug":"mezunlar","status":"publish","type":"page","link":"http:\/\/ticaret.edu.tr\/uluslararasi-ticaret\/mezunlar\/","title":{"rendered":"Mezunlar"},"content":{"rendered":"<p><strong>Do\u011fukan Hodanc\u0131<\/strong><br \/>\n<strong>Uluslararas\u0131 Ticaret Lisans Program\u0131 (2020) \u2013 DHL Supply Chain, Uluslararas\u0131 Nakliye Uzman\u0131<\/strong><\/p>\n<p>\u0130stanbul Ticaret \u00dcniversitesi, \u0130stanbul Ticaret Odas\u0131 gibi b\u00fcy\u00fck bir kurumun deste\u011fiyle i\u015f d\u00fcnyas\u0131yla i\u00e7 i\u00e7e ge\u00e7mi\u015f ve \u00f6\u011frencileri kariyer hayat\u0131na haz\u0131rlamada \u00f6nc\u00fc vak\u0131f \u00fcniversitelerinden biridir. \u00dcniversitemizde alan\u0131nda uzman, tecr\u00fcbeli akademisyenlerin bulunmas\u0131 ve bu akademisyenlerin i\u015f d\u00fcnyas\u0131yla g\u00fc\u00e7l\u00fc ba\u011flara sahip olmas\u0131, ald\u0131\u011f\u0131m\u0131z teorik e\u011fitimi ger\u00e7ek vakalar ve ki\u015fisel deneyimleriyle harmanlamalar\u0131na olanak tan\u0131maktad\u0131r. Bu durum, \u00f6\u011frencilik hayat\u0131m boyunca kendimi \u015fansl\u0131 hissetmemi sa\u011flayan en \u00f6nemli etkenlerden biri oldu.<\/p>\n<p>Mezuniyet sonras\u0131nda dahi de\u011ferli hocalar\u0131m\u0131z\u0131n bilgi ve deneyimlerinden faydalanmaya devam ettim. \u00d6zellikle Prof. Dr. Beliz \u00dclgen, Do\u00e7. Dr. O\u011fuz Demir, Prof. Dr. \u00d6yk\u00fc \u0130yig\u00fcn ve Prof. Dr. Figen Y\u0131ld\u0131r\u0131m gibi akademisyenlerimizin destekleri sayesinde, uluslararas\u0131 projelerde ve prestijli yar\u0131\u015fmalarda yer alma, seyahat etme ve profesyonel \u00e7evremi geni\u015fletme f\u0131rsat\u0131 yakalad\u0131m. Bu deneyimler, i\u015f d\u00fcnyas\u0131nda beni bir ad\u0131m \u00f6ne ta\u015f\u0131d\u0131.<\/p>\n<p>\u00dcniversite hayat\u0131m, yaln\u0131zca derslere girip \u00e7\u0131kmaktan ibaret olmad\u0131. \u0130stanbul Ticaret \u00dcniversitesi&#8217;nin sundu\u011fu olanaklardan faydalanarak bir\u00e7ok \u00f6\u011frenci kul\u00fcb\u00fcnde aktif g\u00f6rev ald\u0131m, sosyal sorumluluk projelerine kat\u0131ld\u0131m ve organizasyonlar d\u00fczenledim. Bu t\u00fcr faaliyetler, hem bireysel geli\u015fimime katk\u0131 sa\u011flad\u0131 hem de i\u015f hayat\u0131na daha donan\u0131ml\u0131 \u015fekilde at\u0131lmam\u0131 sa\u011flad\u0131.<\/p>\n<p>Mezun olur olmaz, alan\u0131nda \u00f6nc\u00fc bir uluslararas\u0131 firmada \u00e7al\u0131\u015fma f\u0131rsat\u0131 yakalad\u0131m. Bu ba\u015far\u0131da, \u00fcniversitede ald\u0131\u011f\u0131m e\u011fitimin ve verdi\u011fim emeklerin b\u00fcy\u00fck bir etkisi oldu. Yeni mezun olacak veya kariyerine y\u00f6n vermekte zorlanan \u00f6\u011frencilere tavsiyem; ara\u015ft\u0131rmaktan ve emek vermekten \u00e7ekinmemeleri, \u00fcniversite e\u011fitimini yaln\u0131zca ders ge\u00e7mek i\u00e7in de\u011fil, ger\u00e7ekten anlayarak ve i\u00e7selle\u015ftirerek de\u011ferlendirmeleridir.<\/p>\n<p>Ayr\u0131ca, birden fazla staj deneyimi edinmeleri, dernek \u00e7al\u0131\u015fmalar\u0131na kat\u0131lmalar\u0131 ve Kariyer Merkezi\u2019nin sundu\u011fu olanaklardan yararlanmalar\u0131 b\u00fcy\u00fck \u00f6nem ta\u015f\u0131maktad\u0131r. Fark\u0131ndal\u0131k olu\u015fturmadan ve \u00e7aba sarf etmeden, \u00fcniversitenin sa\u011flad\u0131\u011f\u0131 bu de\u011ferli imkanlar\u0131 g\u00f6zden ka\u00e7\u0131rmak m\u00fcmk\u00fcn olabilir. T\u00fcm zorluklara ra\u011fmen, emek verilen yerde hi\u00e7bir \u015fey umutsuz veya imk\u00e2ns\u0131z de\u011fildir.<\/p>\n<p>&#8212;<\/p>\n<p><strong>Ali Eren Y\u0131lmaz<\/strong><br \/>\n<strong>Uluslararas\u0131 Ticaret Lisans Program\u0131 (2021) \u2013 Levent Ofis, Kategori Y\u00f6netimi<\/strong><\/p>\n<p>2021 y\u0131l\u0131nda \u0130stanbul Ticaret \u00dcniversitesi Uluslararas\u0131 Ticaret B\u00f6l\u00fcm\u00fc\u2019nden mezun oldum. \u00dcniversite se\u00e7imimi yaparken tamamen gelece\u011fe odaklanm\u0131\u015ft\u0131m. Hayalim, i\u015f d\u00fcnyas\u0131nda aktif rol almak, \u00fcretmek ve \u00fcrettirmekti. Bu nedenle, i\u015f d\u00fcnyas\u0131 ile do\u011frudan ba\u011flant\u0131l\u0131 bir e\u011fitim anlay\u0131\u015f\u0131na sahip olan \u0130stanbul Ticaret \u00dcniversitesi\u2019ni tercih ettim.<\/p>\n<p>\u00dcniversiteyi se\u00e7me s\u00fcrecinde tercih dan\u0131\u015fmanlar\u0131yla yapt\u0131\u011f\u0131m g\u00f6r\u00fc\u015fmeler ve akademisyenlerin b\u00f6l\u00fcm hakk\u0131nda verdi\u011fi detayl\u0131 bilgiler, kafamdaki t\u00fcm soru i\u015faretlerini giderdi. Haz\u0131rl\u0131k e\u011fitiminden itibaren etkinlikler, seminerler ve \u00e7e\u015fitli kurslarla dolu dolu bir \u00fcniversite hayat\u0131 ya\u015fad\u0131m. Yaz\u0131l\u0131m, yabanc\u0131 dil, Office programlar\u0131, m\u00fclakat teknikleri ve i\u015faret dili gibi bir\u00e7ok alanda e\u011fitim alarak sertifikalar kazand\u0131m.<\/p>\n<p>\u00d6\u011frenci kul\u00fcplerinde aktif rol alarak sosyal \u00e7evremi geni\u015flettim ve bir kul\u00fcb\u00fcn ba\u015fkanl\u0131\u011f\u0131n\u0131 yaparak y\u00f6netimdeki arkada\u015flar\u0131mla bir\u00e7ok etkinlik d\u00fczenledik. Ayn\u0131 zamanda Kariyer Merkezi ile ileti\u015fime ge\u00e7erek g\u00f6n\u00fcll\u00fc staj\u0131m\u0131 alan\u0131nda \u00f6nc\u00fc bir firmada tamamlad\u0131m ve \u0130stanbul Ticaret Odas\u0131\u2019n\u0131n \u00e7e\u015fitli etkinliklerine kat\u0131lma f\u0131rsat\u0131 yakalad\u0131m.<\/p>\n<p>Mevcut \u00f6\u011frencilere en b\u00fcy\u00fck tavsiyem, \u00fcniversitenin sundu\u011fu imkanlardan sonuna kadar faydalanmalar\u0131 ve sosyal \u00e7evrelerini geni\u015fletmeleridir. \u0130stanbul Ticaret \u00dcniversitesi, \u00f6\u011frencilerinin ve mezunlar\u0131n\u0131n her zaman yan\u0131nda olan bir kurumdur. Bu f\u0131rsatlar\u0131 de\u011ferlendirmek, hem akademik hem de profesyonel geli\u015fim a\u00e7\u0131s\u0131ndan b\u00fcy\u00fck avantaj sa\u011flayacakt\u0131r.<\/p>\n","protected":false},"excerpt":{"rendered":"<p>Do\u011fukan Hodanc\u0131 Uluslararas\u0131 Ticaret Lisans Program\u0131 (2020) \u2013 DHL Supply Chain, Uluslararas\u0131 Nakliye Uzman\u0131 \u0130stanbul Ticaret \u00dcniversitesi, \u0130stanbul Ticaret Odas\u0131 gibi b\u00fcy\u00fck bir kurumun deste\u011fiyle i\u015f d\u00fcnyas\u0131yla i\u00e7 i\u00e7e ge\u00e7mi\u015f ve \u00f6\u011frencileri kariyer hayat\u0131na haz\u0131rlamada \u00f6nc\u00fc vak\u0131f \u00fcniversitelerinden biridir. \u00dcniversitemizde alan\u0131nda uzman, tecr\u00fcbeli akademisyenlerin bulunmas\u0131 ve bu akademisyenlerin i\u015f d\u00fcnyas\u0131yla g\u00fc\u00e7l\u00fc ba\u011flara sahip olmas\u0131, ald\u0131\u011f\u0131m\u0131z [&hellip;]<\/p>\n","protected":false},"author":215,"featured_media":0,"parent":0,"menu_order":0,"comment_status":"closed","ping_status":"closed","template":"genel_sayfa.php","meta":{"footnotes":""},"yoast_head":"<!-- This site is optimized with the Yoast SEO Premium plugin v22.1 (Yoast SEO v22.1) - https:\/\/yoast.com\/wordpress\/plugins\/seo\/ -->\n<title>Mezunlar - Uluslararas\u0131 Ticaret<\/title>\n<meta name=\"robots\" content=\"index, follow, max-snippet:-1, max-image-preview:large, max-video-preview:-1\" \/>\n<link rel=\"canonical\" href=\"http:\/\/ticaret.edu.tr\/uluslararasi-ticaret\/mezunlar\/\" \/>\n<meta property=\"og:locale\" content=\"tr_TR\" \/>\n<meta property=\"og:type\" content=\"article\" \/>\n<meta property=\"og:title\" content=\"Mezunlar\" \/>\n<meta property=\"og:description\" content=\"Do\u011fukan Hodanc\u0131 Uluslararas\u0131 Ticaret Lisans Program\u0131 (2020) \u2013 DHL Supply Chain, Uluslararas\u0131 Nakliye Uzman\u0131 \u0130stanbul Ticaret \u00dcniversitesi, \u0130stanbul Ticaret Odas\u0131 gibi b\u00fcy\u00fck bir kurumun deste\u011fiyle i\u015f d\u00fcnyas\u0131yla i\u00e7 i\u00e7e ge\u00e7mi\u015f ve \u00f6\u011frencileri kariyer hayat\u0131na haz\u0131rlamada \u00f6nc\u00fc vak\u0131f \u00fcniversitelerinden biridir. \u00dcniversitemizde alan\u0131nda uzman, tecr\u00fcbeli akademisyenlerin bulunmas\u0131 ve bu akademisyenlerin i\u015f d\u00fcnyas\u0131yla g\u00fc\u00e7l\u00fc ba\u011flara sahip olmas\u0131, ald\u0131\u011f\u0131m\u0131z [&hellip;]\" \/>\n<meta property=\"og:url\" content=\"http:\/\/ticaret.edu.tr\/uluslararasi-ticaret\/mezunlar\/\" \/>\n<meta property=\"og:site_name\" content=\"Uluslararas\u0131 Ticaret\" \/>\n<meta property=\"article:publisher\" content=\"https:\/\/www.facebook.com\/ticaretedutr\" \/>\n<meta property=\"article:modified_time\" content=\"2025-02-11T13:16:26+00:00\" \/>\n<meta property=\"og:image\" content=\"http:\/\/ticaret.edu.tr\/uluslararasi-ticaret\/wp-content\/uploads\/sites\/18\/2021\/11\/web_logo-01.jpg\" \/>\n\t<meta property=\"og:image:width\" content=\"1250\" \/>\n\t<meta property=\"og:image:height\" content=\"833\" \/>\n\t<meta property=\"og:image:type\" content=\"image\/jpeg\" \/>\n<meta name=\"twitter:card\" content=\"summary_large_image\" \/>\n<meta name=\"twitter:site\" content=\"@ticaretedutr\" \/>\n<meta name=\"twitter:label1\" content=\"Tahmini okuma s\u00fcresi\" \/>\n\t<meta name=\"twitter:data1\" content=\"3 dakika\" \/>\n<script type=\"application\/ld+json\" class=\"yoast-schema-graph\">{\"@context\":\"https:\/\/schema.org\",\"@graph\":[{\"@type\":\"WebPage\",\"@id\":\"http:\/\/ticaret.edu.tr\/uluslararasi-ticaret\/mezunlar\/\",\"url\":\"http:\/\/ticaret.edu.tr\/uluslararasi-ticaret\/mezunlar\/\",\"name\":\"Mezunlar - Uluslararas\u0131 Ticaret\",\"isPartOf\":{\"@id\":\"https:\/\/ticaret.edu.tr\/uluslararasi-ticaret\/#website\"},\"datePublished\":\"2025-01-26T15:32:53+00:00\",\"dateModified\":\"2025-02-11T13:16:26+00:00\",\"breadcrumb\":{\"@id\":\"http:\/\/ticaret.edu.tr\/uluslararasi-ticaret\/mezunlar\/#breadcrumb\"},\"inLanguage\":\"tr\",\"potentialAction\":[{\"@type\":\"ReadAction\",\"target\":[\"http:\/\/ticaret.edu.tr\/uluslararasi-ticaret\/mezunlar\/\"]}]},{\"@type\":\"BreadcrumbList\",\"@id\":\"http:\/\/ticaret.edu.tr\/uluslararasi-ticaret\/mezunlar\/#breadcrumb\",\"itemListElement\":[{\"@type\":\"ListItem\",\"position\":1,\"name\":\"Ana sayfa\",\"item\":\"https:\/\/ticaret.edu.tr\/uluslararasi-ticaret\/\"},{\"@type\":\"ListItem\",\"position\":2,\"name\":\"Mezunlar\"}]},{\"@type\":\"WebSite\",\"@id\":\"https:\/\/ticaret.edu.tr\/uluslararasi-ticaret\/#website\",\"url\":\"https:\/\/ticaret.edu.tr\/uluslararasi-ticaret\/\",\"name\":\"Uluslararas\u0131 Ticaret\",\"description\":\"\",\"potentialAction\":[{\"@type\":\"SearchAction\",\"target\":{\"@type\":\"EntryPoint\",\"urlTemplate\":\"https:\/\/ticaret.edu.tr\/uluslararasi-ticaret\/?s={search_term_string}\"},\"query-input\":\"required name=search_term_string\"}],\"inLanguage\":\"tr\"}]}<\/script>\n<!-- \/ Yoast SEO Premium plugin. -->","yoast_head_json":{"title":"Mezunlar - Uluslararas\u0131 Ticaret","robots":{"index":"index","follow":"follow","max-snippet":"max-snippet:-1","max-image-preview":"max-image-preview:large","max-video-preview":"max-video-preview:-1"},"canonical":"http:\/\/ticaret.edu.tr\/uluslararasi-ticaret\/mezunlar\/","og_locale":"tr_TR","og_type":"article","og_title":"Mezunlar","og_description":"Do\u011fukan Hodanc\u0131 Uluslararas\u0131 Ticaret Lisans Program\u0131 (2020) \u2013 DHL Supply Chain, Uluslararas\u0131 Nakliye Uzman\u0131 \u0130stanbul Ticaret \u00dcniversitesi, \u0130stanbul Ticaret Odas\u0131 gibi b\u00fcy\u00fck bir kurumun deste\u011fiyle i\u015f d\u00fcnyas\u0131yla i\u00e7 i\u00e7e ge\u00e7mi\u015f ve \u00f6\u011frencileri kariyer hayat\u0131na haz\u0131rlamada \u00f6nc\u00fc vak\u0131f \u00fcniversitelerinden biridir. \u00dcniversitemizde alan\u0131nda uzman, tecr\u00fcbeli akademisyenlerin bulunmas\u0131 ve bu akademisyenlerin i\u015f d\u00fcnyas\u0131yla g\u00fc\u00e7l\u00fc ba\u011flara sahip olmas\u0131, ald\u0131\u011f\u0131m\u0131z [&hellip;]","og_url":"http:\/\/ticaret.edu.tr\/uluslararasi-ticaret\/mezunlar\/","og_site_name":"Uluslararas\u0131 Ticaret","article_publisher":"https:\/\/www.facebook.com\/ticaretedutr","article_modified_time":"2025-02-11T13:16:26+00:00","og_image":[{"width":1250,"height":833,"url":"http:\/\/ticaret.edu.tr\/uluslararasi-ticaret\/wp-content\/uploads\/sites\/18\/2021\/11\/web_logo-01.jpg","type":"image\/jpeg"}],"twitter_card":"summary_large_image","twitter_site":"@ticaretedutr","twitter_misc":{"Tahmini okuma s\u00fcresi":"3 dakika"},"schema":{"@context":"https:\/\/schema.org","@graph":[{"@type":"WebPage","@id":"http:\/\/ticaret.edu.tr\/uluslararasi-ticaret\/mezunlar\/","url":"http:\/\/ticaret.edu.tr\/uluslararasi-ticaret\/mezunlar\/","name":"Mezunlar - Uluslararas\u0131 Ticaret","isPartOf":{"@id":"https:\/\/ticaret.edu.tr\/uluslararasi-ticaret\/#website"},"datePublished":"2025-01-26T15:32:53+00:00","dateModified":"2025-02-11T13:16:26+00:00","breadcrumb":{"@id":"http:\/\/ticaret.edu.tr\/uluslararasi-ticaret\/mezunlar\/#breadcrumb"},"inLanguage":"tr","potentialAction":[{"@type":"ReadAction","target":["http:\/\/ticaret.edu.tr\/uluslararasi-ticaret\/mezunlar\/"]}]},{"@type":"BreadcrumbList","@id":"http:\/\/ticaret.edu.tr\/uluslararasi-ticaret\/mezunlar\/#breadcrumb","itemListElement":[{"@type":"ListItem","position":1,"name":"Ana sayfa","item":"https:\/\/ticaret.edu.tr\/uluslararasi-ticaret\/"},{"@type":"ListItem","position":2,"name":"Mezunlar"}]},{"@type":"WebSite","@id":"https:\/\/ticaret.edu.tr\/uluslararasi-ticaret\/#website","url":"https:\/\/ticaret.edu.tr\/uluslararasi-ticaret\/","name":"Uluslararas\u0131 Ticaret","description":"","potentialAction":[{"@type":"SearchAction","target":{"@type":"EntryPoint","urlTemplate":"https:\/\/ticaret.edu.tr\/uluslararasi-ticaret\/?s={search_term_string}"},"query-input":"required name=search_term_string"}],"inLanguage":"tr"}]}},"lang":"tr","translations":{"en":1446,"tr":1444},"pll_sync_post":[],"_links":{"self":[{"href":"http:\/\/ticaret.edu.tr\/uluslararasi-ticaret\/wp-json\/wp\/v2\/pages\/1444"}],"collection":[{"href":"http:\/\/ticaret.edu.tr\/uluslararasi-ticaret\/wp-json\/wp\/v2\/pages"}],"about":[{"href":"http:\/\/ticaret.edu.tr\/uluslararasi-ticaret\/wp-json\/wp\/v2\/types\/page"}],"author":[{"embeddable":true,"href":"http:\/\/ticaret.edu.tr\/uluslararasi-ticaret\/wp-json\/wp\/v2\/users\/215"}],"replies":[{"embeddable":true,"href":"http:\/\/ticaret.edu.tr\/uluslararasi-ticaret\/wp-json\/wp\/v2\/comments?post=1444"}],"version-history":[{"count":7,"href":"http:\/\/ticaret.edu.tr\/uluslararasi-ticaret\/wp-json\/wp\/v2\/pages\/1444\/revisions"}],"predecessor-version":[{"id":1737,"href":"http:\/\/ticaret.edu.tr\/uluslararasi-ticaret\/wp-json\/wp\/v2\/pages\/1444\/revisions\/1737"}],"wp:attachment":[{"href":"http:\/\/ticaret.edu.tr\/uluslararasi-ticaret\/wp-json\/wp\/v2\/media?parent=1444"}],"curies":[{"name":"wp","href":"https:\/\/api.w.org\/{rel}","templated":true}]}}